{"id":6718,"date":"2024-01-26T10:21:31","date_gmt":"2024-01-26T10:21:31","guid":{"rendered":"https:\/\/www.gero.lu\/fr\/produit\/die-spirituelle-dimension-des-yoga"},"modified":"2024-04-10T08:24:41","modified_gmt":"2024-04-10T08:24:41","slug":"die-spirituelle-dimension-des-yoga","status":"publish","type":"product","link":"https:\/\/www.gero.lu\/de\/produit\/die-spirituelle-dimension-des-yoga","title":{"rendered":"Die spirituelle Dimension des Yoga"},"content":{"rendered":"<p>W\u00e4hrend im Westen vorrangig Hatha Yoga, sprich Yoga der K\u00f6rper\u00fcbungen, bekannt ist, \u00f6ffnet diese Kursreihe die T\u00fcren zu weiteren vielf\u00e4ltigen Facetten. Yoga ist n\u00e4mlich weitaus mehr als nur k\u00f6rperliche Praxis! Entdecken Sie unter Leitung von Nora Schlesser die verschiedenen Yogawege (Hatha Yoga, Raja Yoga, Bhakti Yoga, Karma Yoga&#8230;) sowie die faszinierende Welt indischer Gottheiten. Lernen Sie Meditationstechniken und Mantras kennen, um Ihre spirituelle Reise zu bereichern. Erfahren Sie dabei auch die transformative Wirkung von Pranayama, den Atem\u00fcbungen. Der Kurs ist abwechslungsreich gestaltet mit kurzen Vortr\u00e4gen und praktischen \u00dcbungen.<\/p>\n","protected":false},"excerpt":{"rendered":"<p>W\u00e4hrend im Westen vorrangig Hatha Yoga, sprich Yoga der K\u00f6rper\u00fcbungen, bekannt ist, \u00f6ffnet diese Kursreihe die T\u00fcren zu weiteren vielf\u00e4ltigen Facetten. Yoga ist n\u00e4mlich weitaus mehr als nur k\u00f6rperliche Praxis! Entdecken Sie unter Leitung von Nora Schlesser die verschiedenen Yogawege (Hatha Yoga, Raja Yoga, Bhakti Yoga, Karma Yoga&#8230;) sowie die faszinierende Welt indischer Gottheiten. Lernen [&hellip;]<\/p>\n","protected":false},"featured_media":0,"comment_status":"closed","ping_status":"closed","template":"","meta":{"_acf_changed":false,"inline_featured_image":false},"product_brand":[],"product_cat":[227],"product_tag":[200],"class_list":{"0":"post-6718","1":"product","2":"type-product","3":"status-publish","5":"product_cat-cours","6":"product_tag-sante-senior","8":"first","9":"instock","10":"virtual","11":"purchasable","12":"product-type-simple"},"acf":[],"yoast_head":"<!-- This site is optimized with the Yoast SEO Premium plugin v26.5 (Yoast SEO v27.4) - https:\/\/yoast.com\/product\/yoast-seo-premium-wordpress\/ -->\n<title>Die spirituelle Dimension des Yoga - GERO<\/title>\n<meta name=\"robots\" content=\"index, follow, max-snippet:-1, max-image-preview:large, max-video-preview:-1\" \/>\n<link rel=\"canonical\" href=\"https:\/\/www.gero.lu\/de\/produit\/die-spirituelle-dimension-des-yoga\" \/>\n<meta property=\"og:locale\" content=\"de_DE\" \/>\n<meta property=\"og:type\" content=\"article\" \/>\n<meta property=\"og:title\" content=\"Die spirituelle Dimension des Yoga\" \/>\n<meta property=\"og:description\" content=\"W\u00e4hrend im Westen vorrangig Hatha Yoga, sprich Yoga der K\u00f6rper\u00fcbungen, bekannt ist, \u00f6ffnet diese Kursreihe die T\u00fcren zu weiteren vielf\u00e4ltigen Facetten. Yoga ist n\u00e4mlich weitaus mehr als nur k\u00f6rperliche Praxis! Entdecken Sie unter Leitung von Nora Schlesser die verschiedenen Yogawege (Hatha Yoga, Raja Yoga, Bhakti Yoga, Karma Yoga&#8230;) sowie die faszinierende Welt indischer Gottheiten. Lernen [&hellip;]\" \/>\n<meta property=\"og:url\" content=\"https:\/\/www.gero.lu\/de\/produit\/die-spirituelle-dimension-des-yoga\" \/>\n<meta property=\"og:site_name\" content=\"GERO\" \/>\n<meta property=\"article:publisher\" content=\"https:\/\/www.facebook.com\/Kompetenzzenter\/\" \/>\n<meta property=\"article:modified_time\" content=\"2024-04-10T08:24:41+00:00\" \/>\n<meta property=\"og:image\" content=\"https:\/\/www.gero.lu\/wp-content\/uploads\/2021\/08\/gettyimages-1135289130-2048x2048_RET-1.jpg\" \/>\n\t<meta property=\"og:image:width\" content=\"1227\" \/>\n\t<meta property=\"og:image:height\" content=\"802\" \/>\n\t<meta property=\"og:image:type\" content=\"image\/jpeg\" \/>\n<meta name=\"twitter:card\" content=\"summary_large_image\" \/>\n<script type=\"application\/ld+json\" class=\"yoast-schema-graph\">{\"@context\":\"https:\\\/\\\/schema.org\",\"@graph\":[{\"@type\":\"WebPage\",\"@id\":\"https:\\\/\\\/www.gero.lu\\\/de\\\/produit\\\/die-spirituelle-dimension-des-yoga\",\"url\":\"https:\\\/\\\/www.gero.lu\\\/de\\\/produit\\\/die-spirituelle-dimension-des-yoga\",\"name\":\"Die spirituelle Dimension des Yoga - GERO\",\"isPartOf\":{\"@id\":\"https:\\\/\\\/www.gero.lu\\\/de\\\/#website\"},\"datePublished\":\"2024-01-26T10:21:31+00:00\",\"dateModified\":\"2024-04-10T08:24:41+00:00\",\"breadcrumb\":{\"@id\":\"https:\\\/\\\/www.gero.lu\\\/de\\\/produit\\\/die-spirituelle-dimension-des-yoga#breadcrumb\"},\"inLanguage\":\"de\",\"potentialAction\":[{\"@type\":\"ReadAction\",\"target\":[[\"https:\\\/\\\/www.gero.lu\\\/de\\\/produit\\\/die-spirituelle-dimension-des-yoga\"]]}]},{\"@type\":\"BreadcrumbList\",\"@id\":\"https:\\\/\\\/www.gero.lu\\\/de\\\/produit\\\/die-spirituelle-dimension-des-yoga#breadcrumb\",\"itemListElement\":[{\"@type\":\"ListItem\",\"position\":1,\"name\":\"Accueil\",\"item\":\"https:\\\/\\\/www.gero.lu\\\/de\\\/\"},{\"@type\":\"ListItem\",\"position\":2,\"name\":\"Shop\",\"item\":\"https:\\\/\\\/www.gero.lu\\\/de\\\/shop\"},{\"@type\":\"ListItem\",\"position\":3,\"name\":\"Die spirituelle Dimension des Yoga\"}]},{\"@type\":\"WebSite\",\"@id\":\"https:\\\/\\\/www.gero.lu\\\/de\\\/#website\",\"url\":\"https:\\\/\\\/www.gero.lu\\\/de\\\/\",\"name\":\"Gero\",\"description\":\"Kompetenzzenter fir den Alter\",\"publisher\":{\"@id\":\"https:\\\/\\\/www.gero.lu\\\/de\\\/#organization\"},\"potentialAction\":[{\"@type\":\"SearchAction\",\"target\":{\"@type\":\"EntryPoint\",\"urlTemplate\":\"https:\\\/\\\/www.gero.lu\\\/de\\\/?s={search_term_string}\"},\"query-input\":{\"@type\":\"PropertyValueSpecification\",\"valueRequired\":true,\"valueName\":\"search_term_string\"}}],\"inLanguage\":\"de\"},{\"@type\":\"Organization\",\"@id\":\"https:\\\/\\\/www.gero.lu\\\/de\\\/#organization\",\"name\":\"Gero\",\"url\":\"https:\\\/\\\/www.gero.lu\\\/de\\\/\",\"logo\":{\"@type\":\"ImageObject\",\"inLanguage\":\"de\",\"@id\":\"https:\\\/\\\/www.gero.lu\\\/de\\\/#\\\/schema\\\/logo\\\/image\\\/\",\"url\":\"https:\\\/\\\/www.gero.lu\\\/wp-content\\\/uploads\\\/2024\\\/04\\\/logo.svg\",\"contentUrl\":\"https:\\\/\\\/www.gero.lu\\\/wp-content\\\/uploads\\\/2024\\\/04\\\/logo.svg\",\"width\":76,\"height\":30,\"caption\":\"Gero\"},\"image\":{\"@id\":\"https:\\\/\\\/www.gero.lu\\\/de\\\/#\\\/schema\\\/logo\\\/image\\\/\"},\"sameAs\":[\"https:\\\/\\\/www.facebook.com\\\/Kompetenzzenter\\\/\",\"https:\\\/\\\/www.instagram.com\\\/gero.kompetenzzenter\\\/\",\"https:\\\/\\\/linkedin.com\\\/company\\\/gero-kompetenzzenter-fir-den-alter\",\"https:\\\/\\\/www.youtube.com\\\/channel\\\/UCJvmJYSeHh3dYQsLHZupj-Q\"]}]}<\/script>\n<!-- \/ Yoast SEO Premium plugin. -->","yoast_head_json":{"title":"Die spirituelle Dimension des Yoga - GERO","robots":{"index":"index","follow":"follow","max-snippet":"max-snippet:-1","max-image-preview":"max-image-preview:large","max-video-preview":"max-video-preview:-1"},"canonical":"https:\/\/www.gero.lu\/de\/produit\/die-spirituelle-dimension-des-yoga","og_locale":"de_DE","og_type":"article","og_title":"Die spirituelle Dimension des Yoga","og_description":"W\u00e4hrend im Westen vorrangig Hatha Yoga, sprich Yoga der K\u00f6rper\u00fcbungen, bekannt ist, \u00f6ffnet diese Kursreihe die T\u00fcren zu weiteren vielf\u00e4ltigen Facetten. Yoga ist n\u00e4mlich weitaus mehr als nur k\u00f6rperliche Praxis! Entdecken Sie unter Leitung von Nora Schlesser die verschiedenen Yogawege (Hatha Yoga, Raja Yoga, Bhakti Yoga, Karma Yoga&#8230;) sowie die faszinierende Welt indischer Gottheiten. Lernen [&hellip;]","og_url":"https:\/\/www.gero.lu\/de\/produit\/die-spirituelle-dimension-des-yoga","og_site_name":"GERO","article_publisher":"https:\/\/www.facebook.com\/Kompetenzzenter\/","article_modified_time":"2024-04-10T08:24:41+00:00","og_image":[{"width":1227,"height":802,"url":"https:\/\/www.gero.lu\/wp-content\/uploads\/2021\/08\/gettyimages-1135289130-2048x2048_RET-1.jpg","type":"image\/jpeg"}],"twitter_card":"summary_large_image","schema":{"@context":"https:\/\/schema.org","@graph":[{"@type":"WebPage","@id":"https:\/\/www.gero.lu\/de\/produit\/die-spirituelle-dimension-des-yoga","url":"https:\/\/www.gero.lu\/de\/produit\/die-spirituelle-dimension-des-yoga","name":"Die spirituelle Dimension des Yoga - GERO","isPartOf":{"@id":"https:\/\/www.gero.lu\/de\/#website"},"datePublished":"2024-01-26T10:21:31+00:00","dateModified":"2024-04-10T08:24:41+00:00","breadcrumb":{"@id":"https:\/\/www.gero.lu\/de\/produit\/die-spirituelle-dimension-des-yoga#breadcrumb"},"inLanguage":"de","potentialAction":[{"@type":"ReadAction","target":[["https:\/\/www.gero.lu\/de\/produit\/die-spirituelle-dimension-des-yoga"]]}]},{"@type":"BreadcrumbList","@id":"https:\/\/www.gero.lu\/de\/produit\/die-spirituelle-dimension-des-yoga#breadcrumb","itemListElement":[{"@type":"ListItem","position":1,"name":"Accueil","item":"https:\/\/www.gero.lu\/de\/"},{"@type":"ListItem","position":2,"name":"Shop","item":"https:\/\/www.gero.lu\/de\/shop"},{"@type":"ListItem","position":3,"name":"Die spirituelle Dimension des Yoga"}]},{"@type":"WebSite","@id":"https:\/\/www.gero.lu\/de\/#website","url":"https:\/\/www.gero.lu\/de\/","name":"Gero","description":"Kompetenzzenter fir den Alter","publisher":{"@id":"https:\/\/www.gero.lu\/de\/#organization"},"potentialAction":[{"@type":"SearchAction","target":{"@type":"EntryPoint","urlTemplate":"https:\/\/www.gero.lu\/de\/?s={search_term_string}"},"query-input":{"@type":"PropertyValueSpecification","valueRequired":true,"valueName":"search_term_string"}}],"inLanguage":"de"},{"@type":"Organization","@id":"https:\/\/www.gero.lu\/de\/#organization","name":"Gero","url":"https:\/\/www.gero.lu\/de\/","logo":{"@type":"ImageObject","inLanguage":"de","@id":"https:\/\/www.gero.lu\/de\/#\/schema\/logo\/image\/","url":"https:\/\/www.gero.lu\/wp-content\/uploads\/2024\/04\/logo.svg","contentUrl":"https:\/\/www.gero.lu\/wp-content\/uploads\/2024\/04\/logo.svg","width":76,"height":30,"caption":"Gero"},"image":{"@id":"https:\/\/www.gero.lu\/de\/#\/schema\/logo\/image\/"},"sameAs":["https:\/\/www.facebook.com\/Kompetenzzenter\/","https:\/\/www.instagram.com\/gero.kompetenzzenter\/","https:\/\/linkedin.com\/company\/gero-kompetenzzenter-fir-den-alter","https:\/\/www.youtube.com\/channel\/UCJvmJYSeHh3dYQsLHZupj-Q"]}]}},"_links":{"self":[{"href":"https:\/\/www.gero.lu\/de\/wp-json\/wp\/v2\/product\/6718","targetHints":{"allow":["GET"]}}],"collection":[{"href":"https:\/\/www.gero.lu\/de\/wp-json\/wp\/v2\/product"}],"about":[{"href":"https:\/\/www.gero.lu\/de\/wp-json\/wp\/v2\/types\/product"}],"replies":[{"embeddable":true,"href":"https:\/\/www.gero.lu\/de\/wp-json\/wp\/v2\/comments?post=6718"}],"wp:attachment":[{"href":"https:\/\/www.gero.lu\/de\/wp-json\/wp\/v2\/media?parent=6718"}],"wp:term":[{"taxonomy":"product_brand","embeddable":true,"href":"https:\/\/www.gero.lu\/de\/wp-json\/wp\/v2\/product_brand?post=6718"},{"taxonomy":"product_cat","embeddable":true,"href":"https:\/\/www.gero.lu\/de\/wp-json\/wp\/v2\/product_cat?post=6718"},{"taxonomy":"product_tag","embeddable":true,"href":"https:\/\/www.gero.lu\/de\/wp-json\/wp\/v2\/product_tag?post=6718"}],"curies":[{"name":"wp","href":"https:\/\/api.w.org\/{rel}","templated":true}]}}