{"id":6590,"date":"2023-12-18T14:22:47","date_gmt":"2023-12-18T14:22:47","guid":{"rendered":"https:\/\/www.gero.lu\/fr\/produit\/wikipedia-praktesch-erklaert-2"},"modified":"2024-02-13T09:21:49","modified_gmt":"2024-02-13T09:21:49","slug":"wikipedia-praktesch-erklaert-2","status":"publish","type":"product","link":"https:\/\/www.gero.lu\/de\/produit\/wikipedia-praktesch-erklaert-2","title":{"rendered":"Wikipedia praktesch erkl\u00e4ert"},"content":{"rendered":"<p>Wikipedia, d\u00e9i online Enzyklopedie, g\u00ebtt et zanter Januar 2001. Si ass fir jidderee fr\u00e4i zoug\u00e4nglech, gratis, et brauch een sech net unzemellen fir se ze notzen an et g\u00ebtt keng Reklammen. Wikipedia g\u00ebtt et aktuell an 318 Sproochen mat insgesamt ronn 60 Milliounen Artikelen. Wikipedia a L\u00ebtzebuerger Sprooch, besteet zanter Juli 2004, mat \u00ebm d\u00e9i 62 000 Artikelen. Um Ufank vu Wikipedia stoung d\u2019Visioun vum Jimmy Wales: \u201eStell der eng Welt vir, an d\u00e4r all eenzel Persoun op dem Plan\u00e9it fr\u00e4ien Zougank huet op d\u2019Zomm vun allem m\u00ebnschleche W\u00ebssen.\u201d<\/p>\n<p>An Zesummenarbecht mat der Wikimedia L\u00ebtzebuerg asbl ginn an d\u00ebsem Virtrag d\u00ebs Froe behandelt:<\/p>\n<p>Wat ass Wikipedia eigentlech a w\u00e9i funktion\u00e9iert et? <\/p>\n<p>Wien d\u00e4erf eppes op Wikipedia schreiwen a wie kontroll\u00e9iert a verbessert all d\u00e9i Artikelen?<\/p>\n<p>Wat ass Wikimedia, Wikidata, Wikimedia-Commons, asw?<\/p>\n<p>Unhand vun engem prakteschem Beispill g\u00ebtt gewisen, w\u00e9i en Artikel fir Wikipedia geschriwwen a publiz\u00e9iert ka ginn.<\/p>\n","protected":false},"excerpt":{"rendered":"<p>Wikipedia, d\u00e9i online Enzyklopedie, g\u00ebtt et zanter Januar 2001. Si ass fir jidderee fr\u00e4i zoug\u00e4nglech, gratis, et brauch een sech net unzemellen fir se ze notzen an et g\u00ebtt keng Reklammen. Wikipedia g\u00ebtt et aktuell an 318 Sproochen mat insgesamt ronn 60 Milliounen Artikelen. Wikipedia a L\u00ebtzebuerger Sprooch, besteet zanter Juli 2004, mat \u00ebm d\u00e9i [&hellip;]<\/p>\n","protected":false},"featured_media":0,"comment_status":"closed","ping_status":"closed","template":"","meta":{"_acf_changed":false,"inline_featured_image":false},"product_brand":[],"product_cat":[228],"product_tag":[202],"class_list":{"0":"post-6590","1":"product","2":"type-product","3":"status-publish","5":"product_cat-conference","6":"product_tag-monde-digital-senior","8":"first","9":"instock","10":"virtual","11":"purchasable","12":"product-type-simple"},"acf":[],"yoast_head":"<!-- This site is optimized with the Yoast SEO Premium plugin v27.4 (Yoast SEO v27.5) - https:\/\/yoast.com\/product\/yoast-seo-premium-wordpress\/ -->\n<title>Wikipedia praktesch erkl\u00e4ert - GERO<\/title>\n<meta name=\"robots\" content=\"index, follow, max-snippet:-1, max-image-preview:large, max-video-preview:-1\" \/>\n<link rel=\"canonical\" href=\"https:\/\/www.gero.lu\/de\/produit\/wikipedia-praktesch-erklaert-2\" \/>\n<meta property=\"og:locale\" content=\"de_DE\" \/>\n<meta property=\"og:type\" content=\"article\" \/>\n<meta property=\"og:title\" content=\"Wikipedia praktesch erkl\u00e4ert\" \/>\n<meta property=\"og:description\" content=\"Wikipedia, d\u00e9i online Enzyklopedie, g\u00ebtt et zanter Januar 2001. Si ass fir jidderee fr\u00e4i zoug\u00e4nglech, gratis, et brauch een sech net unzemellen fir se ze notzen an et g\u00ebtt keng Reklammen. Wikipedia g\u00ebtt et aktuell an 318 Sproochen mat insgesamt ronn 60 Milliounen Artikelen. Wikipedia a L\u00ebtzebuerger Sprooch, besteet zanter Juli 2004, mat \u00ebm d\u00e9i [&hellip;]\" \/>\n<meta property=\"og:url\" content=\"https:\/\/www.gero.lu\/de\/produit\/wikipedia-praktesch-erklaert-2\" \/>\n<meta property=\"og:site_name\" content=\"GERO\" \/>\n<meta property=\"article:publisher\" content=\"https:\/\/www.facebook.com\/Kompetenzzenter\/\" \/>\n<meta property=\"article:modified_time\" content=\"2024-02-13T09:21:49+00:00\" \/>\n<meta property=\"og:image\" content=\"https:\/\/www.gero.lu\/wp-content\/uploads\/2021\/08\/gettyimages-1135289130-2048x2048_RET-1.jpg\" \/>\n\t<meta property=\"og:image:width\" content=\"1227\" \/>\n\t<meta property=\"og:image:height\" content=\"802\" \/>\n\t<meta property=\"og:image:type\" content=\"image\/jpeg\" \/>\n<meta name=\"twitter:card\" content=\"summary_large_image\" \/>\n<meta name=\"twitter:label1\" content=\"Gesch\u00e4tzte Lesezeit\" \/>\n\t<meta name=\"twitter:data1\" content=\"1\u00a0Minute\" \/>\n<script type=\"application\/ld+json\" class=\"yoast-schema-graph\">{\"@context\":\"https:\\\/\\\/schema.org\",\"@graph\":[{\"@type\":\"WebPage\",\"@id\":\"https:\\\/\\\/www.gero.lu\\\/de\\\/produit\\\/wikipedia-praktesch-erklaert-2\",\"url\":\"https:\\\/\\\/www.gero.lu\\\/de\\\/produit\\\/wikipedia-praktesch-erklaert-2\",\"name\":\"Wikipedia praktesch erkl\u00e4ert - GERO\",\"isPartOf\":{\"@id\":\"https:\\\/\\\/www.gero.lu\\\/de\\\/#website\"},\"datePublished\":\"2023-12-18T14:22:47+00:00\",\"dateModified\":\"2024-02-13T09:21:49+00:00\",\"breadcrumb\":{\"@id\":\"https:\\\/\\\/www.gero.lu\\\/de\\\/produit\\\/wikipedia-praktesch-erklaert-2#breadcrumb\"},\"inLanguage\":\"de\",\"potentialAction\":[{\"@type\":\"ReadAction\",\"target\":[[\"https:\\\/\\\/www.gero.lu\\\/de\\\/produit\\\/wikipedia-praktesch-erklaert-2\"]]}]},{\"@type\":\"BreadcrumbList\",\"@id\":\"https:\\\/\\\/www.gero.lu\\\/de\\\/produit\\\/wikipedia-praktesch-erklaert-2#breadcrumb\",\"itemListElement\":[{\"@type\":\"ListItem\",\"position\":1,\"name\":\"Accueil\",\"item\":\"https:\\\/\\\/www.gero.lu\\\/de\\\/\"},{\"@type\":\"ListItem\",\"position\":2,\"name\":\"Shop\",\"item\":\"https:\\\/\\\/www.gero.lu\\\/de\\\/shop\"},{\"@type\":\"ListItem\",\"position\":3,\"name\":\"Wikipedia praktesch erkl\u00e4ert\"}]},{\"@type\":\"WebSite\",\"@id\":\"https:\\\/\\\/www.gero.lu\\\/de\\\/#website\",\"url\":\"https:\\\/\\\/www.gero.lu\\\/de\\\/\",\"name\":\"Gero\",\"description\":\"Kompetenzzenter fir den Alter\",\"publisher\":{\"@id\":\"https:\\\/\\\/www.gero.lu\\\/de\\\/#organization\"},\"potentialAction\":[{\"@type\":\"SearchAction\",\"target\":{\"@type\":\"EntryPoint\",\"urlTemplate\":\"https:\\\/\\\/www.gero.lu\\\/de\\\/?s={search_term_string}\"},\"query-input\":{\"@type\":\"PropertyValueSpecification\",\"valueRequired\":true,\"valueName\":\"search_term_string\"}}],\"inLanguage\":\"de\"},{\"@type\":\"Organization\",\"@id\":\"https:\\\/\\\/www.gero.lu\\\/de\\\/#organization\",\"name\":\"Gero\",\"url\":\"https:\\\/\\\/www.gero.lu\\\/de\\\/\",\"logo\":{\"@type\":\"ImageObject\",\"inLanguage\":\"de\",\"@id\":\"https:\\\/\\\/www.gero.lu\\\/de\\\/#\\\/schema\\\/logo\\\/image\\\/\",\"url\":\"https:\\\/\\\/www.gero.lu\\\/wp-content\\\/uploads\\\/2024\\\/04\\\/logo.svg\",\"contentUrl\":\"https:\\\/\\\/www.gero.lu\\\/wp-content\\\/uploads\\\/2024\\\/04\\\/logo.svg\",\"width\":76,\"height\":30,\"caption\":\"Gero\"},\"image\":{\"@id\":\"https:\\\/\\\/www.gero.lu\\\/de\\\/#\\\/schema\\\/logo\\\/image\\\/\"},\"sameAs\":[\"https:\\\/\\\/www.facebook.com\\\/Kompetenzzenter\\\/\",\"https:\\\/\\\/www.instagram.com\\\/gero.kompetenzzenter\\\/\",\"https:\\\/\\\/linkedin.com\\\/company\\\/gero-kompetenzzenter-fir-den-alter\",\"https:\\\/\\\/www.youtube.com\\\/channel\\\/UCJvmJYSeHh3dYQsLHZupj-Q\"]}]}<\/script>\n<!-- \/ Yoast SEO Premium plugin. -->","yoast_head_json":{"title":"Wikipedia praktesch erkl\u00e4ert - GERO","robots":{"index":"index","follow":"follow","max-snippet":"max-snippet:-1","max-image-preview":"max-image-preview:large","max-video-preview":"max-video-preview:-1"},"canonical":"https:\/\/www.gero.lu\/de\/produit\/wikipedia-praktesch-erklaert-2","og_locale":"de_DE","og_type":"article","og_title":"Wikipedia praktesch erkl\u00e4ert","og_description":"Wikipedia, d\u00e9i online Enzyklopedie, g\u00ebtt et zanter Januar 2001. Si ass fir jidderee fr\u00e4i zoug\u00e4nglech, gratis, et brauch een sech net unzemellen fir se ze notzen an et g\u00ebtt keng Reklammen. Wikipedia g\u00ebtt et aktuell an 318 Sproochen mat insgesamt ronn 60 Milliounen Artikelen. Wikipedia a L\u00ebtzebuerger Sprooch, besteet zanter Juli 2004, mat \u00ebm d\u00e9i [&hellip;]","og_url":"https:\/\/www.gero.lu\/de\/produit\/wikipedia-praktesch-erklaert-2","og_site_name":"GERO","article_publisher":"https:\/\/www.facebook.com\/Kompetenzzenter\/","article_modified_time":"2024-02-13T09:21:49+00:00","og_image":[{"width":1227,"height":802,"url":"https:\/\/www.gero.lu\/wp-content\/uploads\/2021\/08\/gettyimages-1135289130-2048x2048_RET-1.jpg","type":"image\/jpeg"}],"twitter_card":"summary_large_image","twitter_misc":{"Gesch\u00e4tzte Lesezeit":"1\u00a0Minute"},"schema":{"@context":"https:\/\/schema.org","@graph":[{"@type":"WebPage","@id":"https:\/\/www.gero.lu\/de\/produit\/wikipedia-praktesch-erklaert-2","url":"https:\/\/www.gero.lu\/de\/produit\/wikipedia-praktesch-erklaert-2","name":"Wikipedia praktesch erkl\u00e4ert - GERO","isPartOf":{"@id":"https:\/\/www.gero.lu\/de\/#website"},"datePublished":"2023-12-18T14:22:47+00:00","dateModified":"2024-02-13T09:21:49+00:00","breadcrumb":{"@id":"https:\/\/www.gero.lu\/de\/produit\/wikipedia-praktesch-erklaert-2#breadcrumb"},"inLanguage":"de","potentialAction":[{"@type":"ReadAction","target":[["https:\/\/www.gero.lu\/de\/produit\/wikipedia-praktesch-erklaert-2"]]}]},{"@type":"BreadcrumbList","@id":"https:\/\/www.gero.lu\/de\/produit\/wikipedia-praktesch-erklaert-2#breadcrumb","itemListElement":[{"@type":"ListItem","position":1,"name":"Accueil","item":"https:\/\/www.gero.lu\/de\/"},{"@type":"ListItem","position":2,"name":"Shop","item":"https:\/\/www.gero.lu\/de\/shop"},{"@type":"ListItem","position":3,"name":"Wikipedia praktesch erkl\u00e4ert"}]},{"@type":"WebSite","@id":"https:\/\/www.gero.lu\/de\/#website","url":"https:\/\/www.gero.lu\/de\/","name":"Gero","description":"Kompetenzzenter fir den Alter","publisher":{"@id":"https:\/\/www.gero.lu\/de\/#organization"},"potentialAction":[{"@type":"SearchAction","target":{"@type":"EntryPoint","urlTemplate":"https:\/\/www.gero.lu\/de\/?s={search_term_string}"},"query-input":{"@type":"PropertyValueSpecification","valueRequired":true,"valueName":"search_term_string"}}],"inLanguage":"de"},{"@type":"Organization","@id":"https:\/\/www.gero.lu\/de\/#organization","name":"Gero","url":"https:\/\/www.gero.lu\/de\/","logo":{"@type":"ImageObject","inLanguage":"de","@id":"https:\/\/www.gero.lu\/de\/#\/schema\/logo\/image\/","url":"https:\/\/www.gero.lu\/wp-content\/uploads\/2024\/04\/logo.svg","contentUrl":"https:\/\/www.gero.lu\/wp-content\/uploads\/2024\/04\/logo.svg","width":76,"height":30,"caption":"Gero"},"image":{"@id":"https:\/\/www.gero.lu\/de\/#\/schema\/logo\/image\/"},"sameAs":["https:\/\/www.facebook.com\/Kompetenzzenter\/","https:\/\/www.instagram.com\/gero.kompetenzzenter\/","https:\/\/linkedin.com\/company\/gero-kompetenzzenter-fir-den-alter","https:\/\/www.youtube.com\/channel\/UCJvmJYSeHh3dYQsLHZupj-Q"]}]}},"_links":{"self":[{"href":"https:\/\/www.gero.lu\/de\/wp-json\/wp\/v2\/product\/6590","targetHints":{"allow":["GET"]}}],"collection":[{"href":"https:\/\/www.gero.lu\/de\/wp-json\/wp\/v2\/product"}],"about":[{"href":"https:\/\/www.gero.lu\/de\/wp-json\/wp\/v2\/types\/product"}],"replies":[{"embeddable":true,"href":"https:\/\/www.gero.lu\/de\/wp-json\/wp\/v2\/comments?post=6590"}],"wp:attachment":[{"href":"https:\/\/www.gero.lu\/de\/wp-json\/wp\/v2\/media?parent=6590"}],"wp:term":[{"taxonomy":"product_brand","embeddable":true,"href":"https:\/\/www.gero.lu\/de\/wp-json\/wp\/v2\/product_brand?post=6590"},{"taxonomy":"product_cat","embeddable":true,"href":"https:\/\/www.gero.lu\/de\/wp-json\/wp\/v2\/product_cat?post=6590"},{"taxonomy":"product_tag","embeddable":true,"href":"https:\/\/www.gero.lu\/de\/wp-json\/wp\/v2\/product_tag?post=6590"}],"curies":[{"name":"wp","href":"https:\/\/api.w.org\/{rel}","templated":true}]}}