{"id":6523,"date":"2023-12-07T15:21:22","date_gmt":"2023-12-07T15:21:22","guid":{"rendered":"https:\/\/www.gero.lu\/fr\/produit\/referente-en-matiere-de-prevention-et-de-lutte-contre-les-infections-3"},"modified":"2024-06-27T07:26:40","modified_gmt":"2024-06-27T07:26:40","slug":"referente-en-matiere-de-prevention-et-de-lutte-contre-les-infections-3","status":"publish","type":"product","link":"https:\/\/www.gero.lu\/de\/produit\/referente-en-matiere-de-prevention-et-de-lutte-contre-les-infections-3","title":{"rendered":"R\u00e9f\u00e9rent*e en mati\u00e8re de pr\u00e9vention et de lutte contre les infections"},"content":{"rendered":"<p>et de respect des r\u00e8gles d\u2019hygi\u00e8ne et sanitaires<\/p>\n<p>Cette formation permet d\u2019acqu\u00e9rir des connaissances de bases en mati\u00e8re de lutte et de pr\u00e9vention des infections, de savoir identifier et agir face \u00e0 une situation \u00e0 risque infectieux, de connaitre les bases l\u00e9gales au Luxembourg et dans les pays voisins, d\u2019\u00e9laborer des plans de pr\u00e9vention et de savoir se positionner en tant que r\u00e9f\u00e9rent en pr\u00e9vention et contr\u00f4le des infections au sein d\u2019une \u00e9quipe.<\/p>\n<p>\u2022 Module 1 : Introduction \u00e0 la formation de r\u00e9f\u00e9rent en mati\u00e8re de pr\u00e9vention et de lutte contre les infections<br \/>\nCe module introduit les notions de sant\u00e9 publique, d\u2019\u00e9pid\u00e9miologie, de microbiologie et d\u2019immunologie avec les diff\u00e9rents microorganismes responsables d\u2019infection associ\u00e9es aux soins, les m\u00e9canismes d\u2019infection et les modes de transmission.<\/p>\n<p>\u2022 Module 2 : Pr\u00e9cautions standards et additionnelles<br \/>\nCe module introduit les notions de pr\u00e9cautions standards avec l\u2019hygi\u00e8ne des mains, les diff\u00e9rents \u00e9quipements de protection individuelle, les accidents d\u2019expositions aux liquides biologiques et la gestion de l\u2019environnement. Puis, il \u00e9voquera les pr\u00e9cautions additionnelles et les moyens de lutte contre les infections associ\u00e9es aux soins.<\/p>\n<p>\u2022 Module 3 : L\u00e9gislation et r\u00f4le du r\u00e9f\u00e9rent<br \/>\nCe module permet de regrouper les r\u00e9f\u00e9rences l\u00e9gislatives et bibliographiques nationales et internationales. Il aidera le\u00b7la r\u00e9f\u00e9rent\u00b7e \u00e0 se positionner dans son r\u00f4le et avec ses missions en pr\u00e9vention et contr\u00f4le des infections et il permettra d\u2019aider ces r\u00e9f\u00e9rent\u00b7e\u00b7s \u00e0 \u00e9laborer un plan de pr\u00e9vention et de lutte contre les infections.<\/p>\n<p>Public cible : Personnel d\u2019encadrement qui assume ou assumera la fonction de \u00ab r\u00e9f\u00e9rent\u00b7e hygi\u00e8ne \u00bb conform\u00e9ment aux articles 6,21 et 36 de la loi du 23 ao\u00fbt portant sur la qualit\u00e9 des services pour les personnes \u00e2g\u00e9es<\/p>\n","protected":false},"excerpt":{"rendered":"<p>et de respect des r\u00e8gles d\u2019hygi\u00e8ne et sanitaires Cette formation permet d\u2019acqu\u00e9rir des connaissances de bases en mati\u00e8re de lutte et de pr\u00e9vention des infections, de savoir identifier et agir face \u00e0 une situation \u00e0 risque infectieux, de connaitre les bases l\u00e9gales au Luxembourg et dans les pays voisins, d\u2019\u00e9laborer des plans de pr\u00e9vention et [&hellip;]<\/p>\n","protected":false},"featured_media":0,"comment_status":"closed","ping_status":"closed","template":"","meta":{"_acf_changed":false,"inline_featured_image":false},"product_brand":[],"product_cat":[239],"product_tag":[236],"class_list":{"0":"post-6523","1":"product","2":"type-product","3":"status-publish","5":"product_cat-cours-pro","6":"product_tag-sante-et-securite-au-travail-pro","8":"first","9":"instock","10":"virtual","11":"purchasable","12":"product-type-simple"},"acf":[],"yoast_head":"<!-- This site is optimized with the Yoast SEO Premium plugin v27.4 (Yoast SEO v27.4) - https:\/\/yoast.com\/product\/yoast-seo-premium-wordpress\/ -->\n<title>R\u00e9f\u00e9rent*e en mati\u00e8re de pr\u00e9vention et de lutte contre les infections - GERO<\/title>\n<meta name=\"robots\" content=\"index, follow, max-snippet:-1, max-image-preview:large, max-video-preview:-1\" \/>\n<link rel=\"canonical\" href=\"https:\/\/www.gero.lu\/de\/produit\/referente-en-matiere-de-prevention-et-de-lutte-contre-les-infections-3\" \/>\n<meta property=\"og:locale\" content=\"de_DE\" \/>\n<meta property=\"og:type\" content=\"article\" \/>\n<meta property=\"og:title\" content=\"R\u00e9f\u00e9rent*e en mati\u00e8re de pr\u00e9vention et de lutte contre les infections\" \/>\n<meta property=\"og:description\" content=\"et de respect des r\u00e8gles d\u2019hygi\u00e8ne et sanitaires Cette formation permet d\u2019acqu\u00e9rir des connaissances de bases en mati\u00e8re de lutte et de pr\u00e9vention des infections, de savoir identifier et agir face \u00e0 une situation \u00e0 risque infectieux, de connaitre les bases l\u00e9gales au Luxembourg et dans les pays voisins, d\u2019\u00e9laborer des plans de pr\u00e9vention et [&hellip;]\" \/>\n<meta property=\"og:url\" content=\"https:\/\/www.gero.lu\/de\/produit\/referente-en-matiere-de-prevention-et-de-lutte-contre-les-infections-3\" \/>\n<meta property=\"og:site_name\" content=\"GERO\" \/>\n<meta property=\"article:publisher\" content=\"https:\/\/www.facebook.com\/Kompetenzzenter\/\" \/>\n<meta property=\"article:modified_time\" content=\"2024-06-27T07:26:40+00:00\" \/>\n<meta property=\"og:image\" content=\"https:\/\/www.gero.lu\/wp-content\/uploads\/2021\/08\/gettyimages-1135289130-2048x2048_RET-1.jpg\" \/>\n\t<meta property=\"og:image:width\" content=\"1227\" \/>\n\t<meta property=\"og:image:height\" content=\"802\" \/>\n\t<meta property=\"og:image:type\" content=\"image\/jpeg\" \/>\n<meta name=\"twitter:card\" content=\"summary_large_image\" \/>\n<meta name=\"twitter:label1\" content=\"Gesch\u00e4tzte Lesezeit\" \/>\n\t<meta name=\"twitter:data1\" content=\"2\u00a0Minuten\" \/>\n<script type=\"application\/ld+json\" class=\"yoast-schema-graph\">{\"@context\":\"https:\\\/\\\/schema.org\",\"@graph\":[{\"@type\":\"WebPage\",\"@id\":\"https:\\\/\\\/www.gero.lu\\\/de\\\/produit\\\/referente-en-matiere-de-prevention-et-de-lutte-contre-les-infections-3\",\"url\":\"https:\\\/\\\/www.gero.lu\\\/de\\\/produit\\\/referente-en-matiere-de-prevention-et-de-lutte-contre-les-infections-3\",\"name\":\"R\u00e9f\u00e9rent*e en mati\u00e8re de pr\u00e9vention et de lutte contre les infections - GERO\",\"isPartOf\":{\"@id\":\"https:\\\/\\\/www.gero.lu\\\/de\\\/#website\"},\"datePublished\":\"2023-12-07T15:21:22+00:00\",\"dateModified\":\"2024-06-27T07:26:40+00:00\",\"breadcrumb\":{\"@id\":\"https:\\\/\\\/www.gero.lu\\\/de\\\/produit\\\/referente-en-matiere-de-prevention-et-de-lutte-contre-les-infections-3#breadcrumb\"},\"inLanguage\":\"de\",\"potentialAction\":[{\"@type\":\"ReadAction\",\"target\":[[\"https:\\\/\\\/www.gero.lu\\\/de\\\/produit\\\/referente-en-matiere-de-prevention-et-de-lutte-contre-les-infections-3\"]]}]},{\"@type\":\"BreadcrumbList\",\"@id\":\"https:\\\/\\\/www.gero.lu\\\/de\\\/produit\\\/referente-en-matiere-de-prevention-et-de-lutte-contre-les-infections-3#breadcrumb\",\"itemListElement\":[{\"@type\":\"ListItem\",\"position\":1,\"name\":\"Accueil\",\"item\":\"https:\\\/\\\/www.gero.lu\\\/de\\\/\"},{\"@type\":\"ListItem\",\"position\":2,\"name\":\"Shop\",\"item\":\"https:\\\/\\\/www.gero.lu\\\/de\\\/shop\"},{\"@type\":\"ListItem\",\"position\":3,\"name\":\"R\u00e9f\u00e9rent*e en mati\u00e8re de pr\u00e9vention et de lutte contre les infections\"}]},{\"@type\":\"WebSite\",\"@id\":\"https:\\\/\\\/www.gero.lu\\\/de\\\/#website\",\"url\":\"https:\\\/\\\/www.gero.lu\\\/de\\\/\",\"name\":\"Gero\",\"description\":\"Kompetenzzenter fir den Alter\",\"publisher\":{\"@id\":\"https:\\\/\\\/www.gero.lu\\\/de\\\/#organization\"},\"potentialAction\":[{\"@type\":\"SearchAction\",\"target\":{\"@type\":\"EntryPoint\",\"urlTemplate\":\"https:\\\/\\\/www.gero.lu\\\/de\\\/?s={search_term_string}\"},\"query-input\":{\"@type\":\"PropertyValueSpecification\",\"valueRequired\":true,\"valueName\":\"search_term_string\"}}],\"inLanguage\":\"de\"},{\"@type\":\"Organization\",\"@id\":\"https:\\\/\\\/www.gero.lu\\\/de\\\/#organization\",\"name\":\"Gero\",\"url\":\"https:\\\/\\\/www.gero.lu\\\/de\\\/\",\"logo\":{\"@type\":\"ImageObject\",\"inLanguage\":\"de\",\"@id\":\"https:\\\/\\\/www.gero.lu\\\/de\\\/#\\\/schema\\\/logo\\\/image\\\/\",\"url\":\"https:\\\/\\\/www.gero.lu\\\/wp-content\\\/uploads\\\/2024\\\/04\\\/logo.svg\",\"contentUrl\":\"https:\\\/\\\/www.gero.lu\\\/wp-content\\\/uploads\\\/2024\\\/04\\\/logo.svg\",\"width\":76,\"height\":30,\"caption\":\"Gero\"},\"image\":{\"@id\":\"https:\\\/\\\/www.gero.lu\\\/de\\\/#\\\/schema\\\/logo\\\/image\\\/\"},\"sameAs\":[\"https:\\\/\\\/www.facebook.com\\\/Kompetenzzenter\\\/\",\"https:\\\/\\\/www.instagram.com\\\/gero.kompetenzzenter\\\/\",\"https:\\\/\\\/linkedin.com\\\/company\\\/gero-kompetenzzenter-fir-den-alter\",\"https:\\\/\\\/www.youtube.com\\\/channel\\\/UCJvmJYSeHh3dYQsLHZupj-Q\"]}]}<\/script>\n<!-- \/ Yoast SEO Premium plugin. -->","yoast_head_json":{"title":"R\u00e9f\u00e9rent*e en mati\u00e8re de pr\u00e9vention et de lutte contre les infections - GERO","robots":{"index":"index","follow":"follow","max-snippet":"max-snippet:-1","max-image-preview":"max-image-preview:large","max-video-preview":"max-video-preview:-1"},"canonical":"https:\/\/www.gero.lu\/de\/produit\/referente-en-matiere-de-prevention-et-de-lutte-contre-les-infections-3","og_locale":"de_DE","og_type":"article","og_title":"R\u00e9f\u00e9rent*e en mati\u00e8re de pr\u00e9vention et de lutte contre les infections","og_description":"et de respect des r\u00e8gles d\u2019hygi\u00e8ne et sanitaires Cette formation permet d\u2019acqu\u00e9rir des connaissances de bases en mati\u00e8re de lutte et de pr\u00e9vention des infections, de savoir identifier et agir face \u00e0 une situation \u00e0 risque infectieux, de connaitre les bases l\u00e9gales au Luxembourg et dans les pays voisins, d\u2019\u00e9laborer des plans de pr\u00e9vention et [&hellip;]","og_url":"https:\/\/www.gero.lu\/de\/produit\/referente-en-matiere-de-prevention-et-de-lutte-contre-les-infections-3","og_site_name":"GERO","article_publisher":"https:\/\/www.facebook.com\/Kompetenzzenter\/","article_modified_time":"2024-06-27T07:26:40+00:00","og_image":[{"width":1227,"height":802,"url":"https:\/\/www.gero.lu\/wp-content\/uploads\/2021\/08\/gettyimages-1135289130-2048x2048_RET-1.jpg","type":"image\/jpeg"}],"twitter_card":"summary_large_image","twitter_misc":{"Gesch\u00e4tzte Lesezeit":"2\u00a0Minuten"},"schema":{"@context":"https:\/\/schema.org","@graph":[{"@type":"WebPage","@id":"https:\/\/www.gero.lu\/de\/produit\/referente-en-matiere-de-prevention-et-de-lutte-contre-les-infections-3","url":"https:\/\/www.gero.lu\/de\/produit\/referente-en-matiere-de-prevention-et-de-lutte-contre-les-infections-3","name":"R\u00e9f\u00e9rent*e en mati\u00e8re de pr\u00e9vention et de lutte contre les infections - GERO","isPartOf":{"@id":"https:\/\/www.gero.lu\/de\/#website"},"datePublished":"2023-12-07T15:21:22+00:00","dateModified":"2024-06-27T07:26:40+00:00","breadcrumb":{"@id":"https:\/\/www.gero.lu\/de\/produit\/referente-en-matiere-de-prevention-et-de-lutte-contre-les-infections-3#breadcrumb"},"inLanguage":"de","potentialAction":[{"@type":"ReadAction","target":[["https:\/\/www.gero.lu\/de\/produit\/referente-en-matiere-de-prevention-et-de-lutte-contre-les-infections-3"]]}]},{"@type":"BreadcrumbList","@id":"https:\/\/www.gero.lu\/de\/produit\/referente-en-matiere-de-prevention-et-de-lutte-contre-les-infections-3#breadcrumb","itemListElement":[{"@type":"ListItem","position":1,"name":"Accueil","item":"https:\/\/www.gero.lu\/de\/"},{"@type":"ListItem","position":2,"name":"Shop","item":"https:\/\/www.gero.lu\/de\/shop"},{"@type":"ListItem","position":3,"name":"R\u00e9f\u00e9rent*e en mati\u00e8re de pr\u00e9vention et de lutte contre les infections"}]},{"@type":"WebSite","@id":"https:\/\/www.gero.lu\/de\/#website","url":"https:\/\/www.gero.lu\/de\/","name":"Gero","description":"Kompetenzzenter fir den Alter","publisher":{"@id":"https:\/\/www.gero.lu\/de\/#organization"},"potentialAction":[{"@type":"SearchAction","target":{"@type":"EntryPoint","urlTemplate":"https:\/\/www.gero.lu\/de\/?s={search_term_string}"},"query-input":{"@type":"PropertyValueSpecification","valueRequired":true,"valueName":"search_term_string"}}],"inLanguage":"de"},{"@type":"Organization","@id":"https:\/\/www.gero.lu\/de\/#organization","name":"Gero","url":"https:\/\/www.gero.lu\/de\/","logo":{"@type":"ImageObject","inLanguage":"de","@id":"https:\/\/www.gero.lu\/de\/#\/schema\/logo\/image\/","url":"https:\/\/www.gero.lu\/wp-content\/uploads\/2024\/04\/logo.svg","contentUrl":"https:\/\/www.gero.lu\/wp-content\/uploads\/2024\/04\/logo.svg","width":76,"height":30,"caption":"Gero"},"image":{"@id":"https:\/\/www.gero.lu\/de\/#\/schema\/logo\/image\/"},"sameAs":["https:\/\/www.facebook.com\/Kompetenzzenter\/","https:\/\/www.instagram.com\/gero.kompetenzzenter\/","https:\/\/linkedin.com\/company\/gero-kompetenzzenter-fir-den-alter","https:\/\/www.youtube.com\/channel\/UCJvmJYSeHh3dYQsLHZupj-Q"]}]}},"_links":{"self":[{"href":"https:\/\/www.gero.lu\/de\/wp-json\/wp\/v2\/product\/6523","targetHints":{"allow":["GET"]}}],"collection":[{"href":"https:\/\/www.gero.lu\/de\/wp-json\/wp\/v2\/product"}],"about":[{"href":"https:\/\/www.gero.lu\/de\/wp-json\/wp\/v2\/types\/product"}],"replies":[{"embeddable":true,"href":"https:\/\/www.gero.lu\/de\/wp-json\/wp\/v2\/comments?post=6523"}],"wp:attachment":[{"href":"https:\/\/www.gero.lu\/de\/wp-json\/wp\/v2\/media?parent=6523"}],"wp:term":[{"taxonomy":"product_brand","embeddable":true,"href":"https:\/\/www.gero.lu\/de\/wp-json\/wp\/v2\/product_brand?post=6523"},{"taxonomy":"product_cat","embeddable":true,"href":"https:\/\/www.gero.lu\/de\/wp-json\/wp\/v2\/product_cat?post=6523"},{"taxonomy":"product_tag","embeddable":true,"href":"https:\/\/www.gero.lu\/de\/wp-json\/wp\/v2\/product_tag?post=6523"}],"curies":[{"name":"wp","href":"https:\/\/api.w.org\/{rel}","templated":true}]}}