{"id":6378,"date":"2023-11-15T11:21:26","date_gmt":"2023-11-15T11:21:26","guid":{"rendered":"https:\/\/www.gero.lu\/fr\/produit\/medikamente-im-alter-bewusster-umgang"},"modified":"2024-03-04T09:21:42","modified_gmt":"2024-03-04T09:21:42","slug":"medikamente-im-alter-bewusster-umgang","status":"publish","type":"product","link":"https:\/\/www.gero.lu\/de\/produit\/medikamente-im-alter-bewusster-umgang","title":{"rendered":"Medikamente im Alter &#8211; Bewusster Umgang"},"content":{"rendered":"<p>Die Einnahme von Medikamenten geh\u00f6rt oft zum Alltag vieler Senior*innen und hilft ihnen dabei, diesen m\u00f6glichst beschwerde- und schmerzfrei zu bew\u00e4ltigen. Die Frage ist jedoch, zu welchen Neben- und Wechselwirkungen es unter Umst\u00e4nden kommen kann und was bei der Einnahme z. B. insbesondere \u00fcber einen l\u00e4ngeren Zeitraum zu beachten ist. Der Luxemburger Geriater Dr. Ren\u00e9 Dondelinger erkl\u00e4rt aus seiner langj\u00e4hrigen Praxis, bei welchen Mitteln besondere Vorsicht geboten ist, auf welche man ruhig verzichten sollte und warum weniger oft mehr ist.<\/p>\n","protected":false},"excerpt":{"rendered":"<p>Die Einnahme von Medikamenten geh\u00f6rt oft zum Alltag vieler Senior*innen und hilft ihnen dabei, diesen m\u00f6glichst beschwerde- und schmerzfrei zu bew\u00e4ltigen. Die Frage ist jedoch, zu welchen Neben- und Wechselwirkungen es unter Umst\u00e4nden kommen kann und was bei der Einnahme z. B. insbesondere \u00fcber einen l\u00e4ngeren Zeitraum zu beachten ist. Der Luxemburger Geriater Dr. Ren\u00e9 [&hellip;]<\/p>\n","protected":false},"featured_media":0,"comment_status":"closed","ping_status":"closed","template":"","meta":{"_acf_changed":false,"inline_featured_image":false},"product_brand":[],"product_cat":[228],"product_tag":[200],"class_list":{"0":"post-6378","1":"product","2":"type-product","3":"status-publish","5":"product_cat-conference","6":"product_tag-sante-senior","8":"first","9":"outofstock","10":"virtual","11":"purchasable","12":"product-type-simple"},"acf":[],"yoast_head":"<!-- This site is optimized with the Yoast SEO Premium plugin v26.5 (Yoast SEO v26.5) - https:\/\/yoast.com\/wordpress\/plugins\/seo\/ -->\n<title>Medikamente im Alter - Bewusster Umgang - GERO<\/title>\n<meta name=\"robots\" content=\"index, follow, max-snippet:-1, max-image-preview:large, max-video-preview:-1\" \/>\n<link rel=\"canonical\" href=\"https:\/\/www.gero.lu\/de\/produit\/medikamente-im-alter-bewusster-umgang\" \/>\n<meta property=\"og:locale\" content=\"de_DE\" \/>\n<meta property=\"og:type\" content=\"article\" \/>\n<meta property=\"og:title\" content=\"Medikamente im Alter - Bewusster Umgang\" \/>\n<meta property=\"og:description\" content=\"Die Einnahme von Medikamenten geh\u00f6rt oft zum Alltag vieler Senior*innen und hilft ihnen dabei, diesen m\u00f6glichst beschwerde- und schmerzfrei zu bew\u00e4ltigen. Die Frage ist jedoch, zu welchen Neben- und Wechselwirkungen es unter Umst\u00e4nden kommen kann und was bei der Einnahme z. B. insbesondere \u00fcber einen l\u00e4ngeren Zeitraum zu beachten ist. Der Luxemburger Geriater Dr. Ren\u00e9 [&hellip;]\" \/>\n<meta property=\"og:url\" content=\"https:\/\/www.gero.lu\/de\/produit\/medikamente-im-alter-bewusster-umgang\" \/>\n<meta property=\"og:site_name\" content=\"GERO\" \/>\n<meta property=\"article:publisher\" content=\"https:\/\/www.facebook.com\/Kompetenzzenter\/\" \/>\n<meta property=\"article:modified_time\" content=\"2024-03-04T09:21:42+00:00\" \/>\n<meta property=\"og:image\" content=\"https:\/\/www.gero.lu\/wp-content\/uploads\/2021\/08\/gettyimages-1135289130-2048x2048_RET-1.jpg\" \/>\n\t<meta property=\"og:image:width\" content=\"1227\" \/>\n\t<meta property=\"og:image:height\" content=\"802\" \/>\n\t<meta property=\"og:image:type\" content=\"image\/jpeg\" \/>\n<meta name=\"twitter:card\" content=\"summary_large_image\" \/>\n<script type=\"application\/ld+json\" class=\"yoast-schema-graph\">{\"@context\":\"https:\/\/schema.org\",\"@graph\":[{\"@type\":\"WebPage\",\"@id\":\"https:\/\/www.gero.lu\/de\/produit\/medikamente-im-alter-bewusster-umgang\",\"url\":\"https:\/\/www.gero.lu\/de\/produit\/medikamente-im-alter-bewusster-umgang\",\"name\":\"Medikamente im Alter - Bewusster Umgang - GERO\",\"isPartOf\":{\"@id\":\"https:\/\/www.gero.lu\/de\/#website\"},\"datePublished\":\"2023-11-15T11:21:26+00:00\",\"dateModified\":\"2024-03-04T09:21:42+00:00\",\"breadcrumb\":{\"@id\":\"https:\/\/www.gero.lu\/de\/produit\/medikamente-im-alter-bewusster-umgang#breadcrumb\"},\"inLanguage\":\"de\",\"potentialAction\":[{\"@type\":\"ReadAction\",\"target\":[[\"https:\/\/www.gero.lu\/de\/produit\/medikamente-im-alter-bewusster-umgang\"]]}]},{\"@type\":\"BreadcrumbList\",\"@id\":\"https:\/\/www.gero.lu\/de\/produit\/medikamente-im-alter-bewusster-umgang#breadcrumb\",\"itemListElement\":[{\"@type\":\"ListItem\",\"position\":1,\"name\":\"Accueil\",\"item\":\"https:\/\/www.gero.lu\/de\/\"},{\"@type\":\"ListItem\",\"position\":2,\"name\":\"Shop\",\"item\":\"https:\/\/www.gero.lu\/de\/shop\"},{\"@type\":\"ListItem\",\"position\":3,\"name\":\"Medikamente im Alter &#8211; Bewusster Umgang\"}]},{\"@type\":\"WebSite\",\"@id\":\"https:\/\/www.gero.lu\/de\/#website\",\"url\":\"https:\/\/www.gero.lu\/de\/\",\"name\":\"Gero\",\"description\":\"Kompetenzzenter fir den Alter\",\"publisher\":{\"@id\":\"https:\/\/www.gero.lu\/de\/#organization\"},\"potentialAction\":[{\"@type\":\"SearchAction\",\"target\":{\"@type\":\"EntryPoint\",\"urlTemplate\":\"https:\/\/www.gero.lu\/de\/?s={search_term_string}\"},\"query-input\":{\"@type\":\"PropertyValueSpecification\",\"valueRequired\":true,\"valueName\":\"search_term_string\"}}],\"inLanguage\":\"de\"},{\"@type\":\"Organization\",\"@id\":\"https:\/\/www.gero.lu\/de\/#organization\",\"name\":\"Gero\",\"url\":\"https:\/\/www.gero.lu\/de\/\",\"logo\":{\"@type\":\"ImageObject\",\"inLanguage\":\"de\",\"@id\":\"https:\/\/www.gero.lu\/de\/#\/schema\/logo\/image\/\",\"url\":\"https:\/\/www.gero.lu\/wp-content\/uploads\/2024\/04\/logo.svg\",\"contentUrl\":\"https:\/\/www.gero.lu\/wp-content\/uploads\/2024\/04\/logo.svg\",\"width\":76,\"height\":30,\"caption\":\"Gero\"},\"image\":{\"@id\":\"https:\/\/www.gero.lu\/de\/#\/schema\/logo\/image\/\"},\"sameAs\":[\"https:\/\/www.facebook.com\/Kompetenzzenter\/\",\"https:\/\/www.instagram.com\/gero.kompetenzzenter\/\",\"https:\/\/linkedin.com\/company\/gero-kompetenzzenter-fir-den-alter\",\"https:\/\/www.youtube.com\/channel\/UCJvmJYSeHh3dYQsLHZupj-Q\"]}]}<\/script>\n<!-- \/ Yoast SEO Premium plugin. -->","yoast_head_json":{"title":"Medikamente im Alter - Bewusster Umgang - GERO","robots":{"index":"index","follow":"follow","max-snippet":"max-snippet:-1","max-image-preview":"max-image-preview:large","max-video-preview":"max-video-preview:-1"},"canonical":"https:\/\/www.gero.lu\/de\/produit\/medikamente-im-alter-bewusster-umgang","og_locale":"de_DE","og_type":"article","og_title":"Medikamente im Alter - Bewusster Umgang","og_description":"Die Einnahme von Medikamenten geh\u00f6rt oft zum Alltag vieler Senior*innen und hilft ihnen dabei, diesen m\u00f6glichst beschwerde- und schmerzfrei zu bew\u00e4ltigen. Die Frage ist jedoch, zu welchen Neben- und Wechselwirkungen es unter Umst\u00e4nden kommen kann und was bei der Einnahme z. B. insbesondere \u00fcber einen l\u00e4ngeren Zeitraum zu beachten ist. Der Luxemburger Geriater Dr. Ren\u00e9 [&hellip;]","og_url":"https:\/\/www.gero.lu\/de\/produit\/medikamente-im-alter-bewusster-umgang","og_site_name":"GERO","article_publisher":"https:\/\/www.facebook.com\/Kompetenzzenter\/","article_modified_time":"2024-03-04T09:21:42+00:00","og_image":[{"width":1227,"height":802,"url":"https:\/\/www.gero.lu\/wp-content\/uploads\/2021\/08\/gettyimages-1135289130-2048x2048_RET-1.jpg","type":"image\/jpeg"}],"twitter_card":"summary_large_image","schema":{"@context":"https:\/\/schema.org","@graph":[{"@type":"WebPage","@id":"https:\/\/www.gero.lu\/de\/produit\/medikamente-im-alter-bewusster-umgang","url":"https:\/\/www.gero.lu\/de\/produit\/medikamente-im-alter-bewusster-umgang","name":"Medikamente im Alter - Bewusster Umgang - GERO","isPartOf":{"@id":"https:\/\/www.gero.lu\/de\/#website"},"datePublished":"2023-11-15T11:21:26+00:00","dateModified":"2024-03-04T09:21:42+00:00","breadcrumb":{"@id":"https:\/\/www.gero.lu\/de\/produit\/medikamente-im-alter-bewusster-umgang#breadcrumb"},"inLanguage":"de","potentialAction":[{"@type":"ReadAction","target":[["https:\/\/www.gero.lu\/de\/produit\/medikamente-im-alter-bewusster-umgang"]]}]},{"@type":"BreadcrumbList","@id":"https:\/\/www.gero.lu\/de\/produit\/medikamente-im-alter-bewusster-umgang#breadcrumb","itemListElement":[{"@type":"ListItem","position":1,"name":"Accueil","item":"https:\/\/www.gero.lu\/de\/"},{"@type":"ListItem","position":2,"name":"Shop","item":"https:\/\/www.gero.lu\/de\/shop"},{"@type":"ListItem","position":3,"name":"Medikamente im Alter &#8211; Bewusster Umgang"}]},{"@type":"WebSite","@id":"https:\/\/www.gero.lu\/de\/#website","url":"https:\/\/www.gero.lu\/de\/","name":"Gero","description":"Kompetenzzenter fir den Alter","publisher":{"@id":"https:\/\/www.gero.lu\/de\/#organization"},"potentialAction":[{"@type":"SearchAction","target":{"@type":"EntryPoint","urlTemplate":"https:\/\/www.gero.lu\/de\/?s={search_term_string}"},"query-input":{"@type":"PropertyValueSpecification","valueRequired":true,"valueName":"search_term_string"}}],"inLanguage":"de"},{"@type":"Organization","@id":"https:\/\/www.gero.lu\/de\/#organization","name":"Gero","url":"https:\/\/www.gero.lu\/de\/","logo":{"@type":"ImageObject","inLanguage":"de","@id":"https:\/\/www.gero.lu\/de\/#\/schema\/logo\/image\/","url":"https:\/\/www.gero.lu\/wp-content\/uploads\/2024\/04\/logo.svg","contentUrl":"https:\/\/www.gero.lu\/wp-content\/uploads\/2024\/04\/logo.svg","width":76,"height":30,"caption":"Gero"},"image":{"@id":"https:\/\/www.gero.lu\/de\/#\/schema\/logo\/image\/"},"sameAs":["https:\/\/www.facebook.com\/Kompetenzzenter\/","https:\/\/www.instagram.com\/gero.kompetenzzenter\/","https:\/\/linkedin.com\/company\/gero-kompetenzzenter-fir-den-alter","https:\/\/www.youtube.com\/channel\/UCJvmJYSeHh3dYQsLHZupj-Q"]}]}},"_links":{"self":[{"href":"https:\/\/www.gero.lu\/de\/wp-json\/wp\/v2\/product\/6378","targetHints":{"allow":["GET"]}}],"collection":[{"href":"https:\/\/www.gero.lu\/de\/wp-json\/wp\/v2\/product"}],"about":[{"href":"https:\/\/www.gero.lu\/de\/wp-json\/wp\/v2\/types\/product"}],"replies":[{"embeddable":true,"href":"https:\/\/www.gero.lu\/de\/wp-json\/wp\/v2\/comments?post=6378"}],"wp:attachment":[{"href":"https:\/\/www.gero.lu\/de\/wp-json\/wp\/v2\/media?parent=6378"}],"wp:term":[{"taxonomy":"product_brand","embeddable":true,"href":"https:\/\/www.gero.lu\/de\/wp-json\/wp\/v2\/product_brand?post=6378"},{"taxonomy":"product_cat","embeddable":true,"href":"https:\/\/www.gero.lu\/de\/wp-json\/wp\/v2\/product_cat?post=6378"},{"taxonomy":"product_tag","embeddable":true,"href":"https:\/\/www.gero.lu\/de\/wp-json\/wp\/v2\/product_tag?post=6378"}],"curies":[{"name":"wp","href":"https:\/\/api.w.org\/{rel}","templated":true}]}}