{"id":5978,"date":"2023-08-28T08:21:21","date_gmt":"2023-08-28T08:21:21","guid":{"rendered":"https:\/\/www.gero.lu\/fr\/produit\/eischt-hellef-cours"},"modified":"2024-06-05T15:23:29","modified_gmt":"2024-06-05T15:23:29","slug":"eischt-hellef-cours","status":"publish","type":"product","link":"https:\/\/www.gero.lu\/de\/produit\/eischt-hellef-cours","title":{"rendered":"Premiers secours"},"content":{"rendered":"<p>Agir correctement en cas d&#8217;urgence<\/p>\n<p>Dans le travail quotidien du personnel de soins et d&#8217;assistance dans les maisons de retraite et de soins, dans les centres de jour, dans le service de soins mobiles ou m\u00eame au Club Senior, il peut toujours y avoir des accidents qui exigent une action rapide et r\u00e9fl\u00e9chie. Dans de telles situations, il est n\u00e9cessaire d&#8217;avoir sur place des collaborateur-rice-s bien form\u00e9-e-s. Pour cela, GERO propose un cours de premiers secours en coop\u00e9ration avec la Croix-Rouge luxembourgeoise.<br \/>\nCette formation de 16 heures repr\u00e9sente un m\u00e9lange de th\u00e9orie et de pratique, la partie th\u00e9orique \u00e9tant r\u00e9duite au minimum n\u00e9cessaire. Le cours s&#8217;inspire ainsi du mod\u00e8le du cours europ\u00e9en de premiers secours. Les techniques de base des premiers secours sont trait\u00e9es : <\/p>\n<p>\u2022\tIntroduction aux premiers secours et techniques de survie<br \/>\n\u2022\tPerte de connaissance et position lat\u00e9rale de s\u00e9curit\u00e9<br \/>\n\u2022\tRespiration, risque d&#8217;\u00e9touffement et comportement en cas d&#8217;\u00e9touffement possible<br \/>\n\u2022\tPremiers secours lors de la pose de pansements<br \/>\n\u2022\tPremiers secours en cas de fractures<br \/>\n\u2022\tBr\u00fblures et premiers secours<br \/>\n\u2022\tC\u0153ur, infarctus du myocarde et premiers secours<br \/>\n\u2022\tR\u00e9animation cardio-pulmonaire et r\u00e9animation p\u00e9diatrique<br \/>\n\u2022\tR\u00e9animation avec d\u00e9fibrillation<\/p>\n<p>Si n\u00e9cessaire, les besoins particuliers li\u00e9s \u00e0 l&#8217;interaction avec les personnes \u00e2g\u00e9es peuvent \u00eatre abord\u00e9s.<\/p>\n<p>A l&#8217;issue de la formation, les participant-e-s re\u00e7oivent un dipl\u00f4me d\u00e9livr\u00e9 par la Croix-Rouge.<\/p>\n","protected":false},"excerpt":{"rendered":"<p>Agir correctement en cas d&#8217;urgence Dans le travail quotidien du personnel de soins et d&#8217;assistance dans les maisons de retraite et de soins, dans les centres de jour, dans le service de soins mobiles ou m\u00eame au Club Senior, il peut toujours y avoir des accidents qui exigent une action rapide et r\u00e9fl\u00e9chie. Dans de [&hellip;]<\/p>\n","protected":false},"featured_media":0,"comment_status":"closed","ping_status":"closed","template":"","meta":{"_acf_changed":false,"inline_featured_image":false},"product_brand":[],"product_cat":[241],"product_tag":[236],"class_list":{"0":"post-5978","1":"product","2":"type-product","3":"status-publish","5":"product_cat-workshop-pro","6":"product_tag-sante-et-securite-au-travail-pro","8":"first","9":"instock","10":"virtual","11":"purchasable","12":"product-type-simple"},"acf":[],"yoast_head":"<!-- This site is optimized with the Yoast SEO Premium plugin v27.4 (Yoast SEO v27.4) - https:\/\/yoast.com\/product\/yoast-seo-premium-wordpress\/ -->\n<title>Premiers secours - GERO<\/title>\n<meta name=\"robots\" content=\"index, follow, max-snippet:-1, max-image-preview:large, max-video-preview:-1\" \/>\n<link rel=\"canonical\" href=\"https:\/\/www.gero.lu\/de\/produit\/eischt-hellef-cours\" \/>\n<meta property=\"og:locale\" content=\"de_DE\" \/>\n<meta property=\"og:type\" content=\"article\" \/>\n<meta property=\"og:title\" content=\"Premiers secours\" \/>\n<meta property=\"og:description\" content=\"Agir correctement en cas d&#8217;urgence Dans le travail quotidien du personnel de soins et d&#8217;assistance dans les maisons de retraite et de soins, dans les centres de jour, dans le service de soins mobiles ou m\u00eame au Club Senior, il peut toujours y avoir des accidents qui exigent une action rapide et r\u00e9fl\u00e9chie. Dans de [&hellip;]\" \/>\n<meta property=\"og:url\" content=\"https:\/\/www.gero.lu\/de\/produit\/eischt-hellef-cours\" \/>\n<meta property=\"og:site_name\" content=\"GERO\" \/>\n<meta property=\"article:publisher\" content=\"https:\/\/www.facebook.com\/Kompetenzzenter\/\" \/>\n<meta property=\"article:modified_time\" content=\"2024-06-05T15:23:29+00:00\" \/>\n<meta property=\"og:image\" content=\"https:\/\/www.gero.lu\/wp-content\/uploads\/2021\/08\/gettyimages-1135289130-2048x2048_RET-1.jpg\" \/>\n\t<meta property=\"og:image:width\" content=\"1227\" \/>\n\t<meta property=\"og:image:height\" content=\"802\" \/>\n\t<meta property=\"og:image:type\" content=\"image\/jpeg\" \/>\n<meta name=\"twitter:card\" content=\"summary_large_image\" \/>\n<meta name=\"twitter:label1\" content=\"Gesch\u00e4tzte Lesezeit\" \/>\n\t<meta name=\"twitter:data1\" content=\"1\u00a0Minute\" \/>\n<script type=\"application\/ld+json\" class=\"yoast-schema-graph\">{\"@context\":\"https:\\\/\\\/schema.org\",\"@graph\":[{\"@type\":\"WebPage\",\"@id\":\"https:\\\/\\\/www.gero.lu\\\/de\\\/produit\\\/eischt-hellef-cours\",\"url\":\"https:\\\/\\\/www.gero.lu\\\/de\\\/produit\\\/eischt-hellef-cours\",\"name\":\"Premiers secours - GERO\",\"isPartOf\":{\"@id\":\"https:\\\/\\\/www.gero.lu\\\/de\\\/#website\"},\"datePublished\":\"2023-08-28T08:21:21+00:00\",\"dateModified\":\"2024-06-05T15:23:29+00:00\",\"breadcrumb\":{\"@id\":\"https:\\\/\\\/www.gero.lu\\\/de\\\/produit\\\/eischt-hellef-cours#breadcrumb\"},\"inLanguage\":\"de\",\"potentialAction\":[{\"@type\":\"ReadAction\",\"target\":[[\"https:\\\/\\\/www.gero.lu\\\/de\\\/produit\\\/eischt-hellef-cours\"]]}]},{\"@type\":\"BreadcrumbList\",\"@id\":\"https:\\\/\\\/www.gero.lu\\\/de\\\/produit\\\/eischt-hellef-cours#breadcrumb\",\"itemListElement\":[{\"@type\":\"ListItem\",\"position\":1,\"name\":\"Accueil\",\"item\":\"https:\\\/\\\/www.gero.lu\\\/de\\\/\"},{\"@type\":\"ListItem\",\"position\":2,\"name\":\"Shop\",\"item\":\"https:\\\/\\\/www.gero.lu\\\/de\\\/shop\"},{\"@type\":\"ListItem\",\"position\":3,\"name\":\"Premiers secours\"}]},{\"@type\":\"WebSite\",\"@id\":\"https:\\\/\\\/www.gero.lu\\\/de\\\/#website\",\"url\":\"https:\\\/\\\/www.gero.lu\\\/de\\\/\",\"name\":\"Gero\",\"description\":\"Kompetenzzenter fir den Alter\",\"publisher\":{\"@id\":\"https:\\\/\\\/www.gero.lu\\\/de\\\/#organization\"},\"potentialAction\":[{\"@type\":\"SearchAction\",\"target\":{\"@type\":\"EntryPoint\",\"urlTemplate\":\"https:\\\/\\\/www.gero.lu\\\/de\\\/?s={search_term_string}\"},\"query-input\":{\"@type\":\"PropertyValueSpecification\",\"valueRequired\":true,\"valueName\":\"search_term_string\"}}],\"inLanguage\":\"de\"},{\"@type\":\"Organization\",\"@id\":\"https:\\\/\\\/www.gero.lu\\\/de\\\/#organization\",\"name\":\"Gero\",\"url\":\"https:\\\/\\\/www.gero.lu\\\/de\\\/\",\"logo\":{\"@type\":\"ImageObject\",\"inLanguage\":\"de\",\"@id\":\"https:\\\/\\\/www.gero.lu\\\/de\\\/#\\\/schema\\\/logo\\\/image\\\/\",\"url\":\"https:\\\/\\\/www.gero.lu\\\/wp-content\\\/uploads\\\/2024\\\/04\\\/logo.svg\",\"contentUrl\":\"https:\\\/\\\/www.gero.lu\\\/wp-content\\\/uploads\\\/2024\\\/04\\\/logo.svg\",\"width\":76,\"height\":30,\"caption\":\"Gero\"},\"image\":{\"@id\":\"https:\\\/\\\/www.gero.lu\\\/de\\\/#\\\/schema\\\/logo\\\/image\\\/\"},\"sameAs\":[\"https:\\\/\\\/www.facebook.com\\\/Kompetenzzenter\\\/\",\"https:\\\/\\\/www.instagram.com\\\/gero.kompetenzzenter\\\/\",\"https:\\\/\\\/linkedin.com\\\/company\\\/gero-kompetenzzenter-fir-den-alter\",\"https:\\\/\\\/www.youtube.com\\\/channel\\\/UCJvmJYSeHh3dYQsLHZupj-Q\"]}]}<\/script>\n<!-- \/ Yoast SEO Premium plugin. -->","yoast_head_json":{"title":"Premiers secours - GERO","robots":{"index":"index","follow":"follow","max-snippet":"max-snippet:-1","max-image-preview":"max-image-preview:large","max-video-preview":"max-video-preview:-1"},"canonical":"https:\/\/www.gero.lu\/de\/produit\/eischt-hellef-cours","og_locale":"de_DE","og_type":"article","og_title":"Premiers secours","og_description":"Agir correctement en cas d&#8217;urgence Dans le travail quotidien du personnel de soins et d&#8217;assistance dans les maisons de retraite et de soins, dans les centres de jour, dans le service de soins mobiles ou m\u00eame au Club Senior, il peut toujours y avoir des accidents qui exigent une action rapide et r\u00e9fl\u00e9chie. Dans de [&hellip;]","og_url":"https:\/\/www.gero.lu\/de\/produit\/eischt-hellef-cours","og_site_name":"GERO","article_publisher":"https:\/\/www.facebook.com\/Kompetenzzenter\/","article_modified_time":"2024-06-05T15:23:29+00:00","og_image":[{"width":1227,"height":802,"url":"https:\/\/www.gero.lu\/wp-content\/uploads\/2021\/08\/gettyimages-1135289130-2048x2048_RET-1.jpg","type":"image\/jpeg"}],"twitter_card":"summary_large_image","twitter_misc":{"Gesch\u00e4tzte Lesezeit":"1\u00a0Minute"},"schema":{"@context":"https:\/\/schema.org","@graph":[{"@type":"WebPage","@id":"https:\/\/www.gero.lu\/de\/produit\/eischt-hellef-cours","url":"https:\/\/www.gero.lu\/de\/produit\/eischt-hellef-cours","name":"Premiers secours - GERO","isPartOf":{"@id":"https:\/\/www.gero.lu\/de\/#website"},"datePublished":"2023-08-28T08:21:21+00:00","dateModified":"2024-06-05T15:23:29+00:00","breadcrumb":{"@id":"https:\/\/www.gero.lu\/de\/produit\/eischt-hellef-cours#breadcrumb"},"inLanguage":"de","potentialAction":[{"@type":"ReadAction","target":[["https:\/\/www.gero.lu\/de\/produit\/eischt-hellef-cours"]]}]},{"@type":"BreadcrumbList","@id":"https:\/\/www.gero.lu\/de\/produit\/eischt-hellef-cours#breadcrumb","itemListElement":[{"@type":"ListItem","position":1,"name":"Accueil","item":"https:\/\/www.gero.lu\/de\/"},{"@type":"ListItem","position":2,"name":"Shop","item":"https:\/\/www.gero.lu\/de\/shop"},{"@type":"ListItem","position":3,"name":"Premiers secours"}]},{"@type":"WebSite","@id":"https:\/\/www.gero.lu\/de\/#website","url":"https:\/\/www.gero.lu\/de\/","name":"Gero","description":"Kompetenzzenter fir den Alter","publisher":{"@id":"https:\/\/www.gero.lu\/de\/#organization"},"potentialAction":[{"@type":"SearchAction","target":{"@type":"EntryPoint","urlTemplate":"https:\/\/www.gero.lu\/de\/?s={search_term_string}"},"query-input":{"@type":"PropertyValueSpecification","valueRequired":true,"valueName":"search_term_string"}}],"inLanguage":"de"},{"@type":"Organization","@id":"https:\/\/www.gero.lu\/de\/#organization","name":"Gero","url":"https:\/\/www.gero.lu\/de\/","logo":{"@type":"ImageObject","inLanguage":"de","@id":"https:\/\/www.gero.lu\/de\/#\/schema\/logo\/image\/","url":"https:\/\/www.gero.lu\/wp-content\/uploads\/2024\/04\/logo.svg","contentUrl":"https:\/\/www.gero.lu\/wp-content\/uploads\/2024\/04\/logo.svg","width":76,"height":30,"caption":"Gero"},"image":{"@id":"https:\/\/www.gero.lu\/de\/#\/schema\/logo\/image\/"},"sameAs":["https:\/\/www.facebook.com\/Kompetenzzenter\/","https:\/\/www.instagram.com\/gero.kompetenzzenter\/","https:\/\/linkedin.com\/company\/gero-kompetenzzenter-fir-den-alter","https:\/\/www.youtube.com\/channel\/UCJvmJYSeHh3dYQsLHZupj-Q"]}]}},"_links":{"self":[{"href":"https:\/\/www.gero.lu\/de\/wp-json\/wp\/v2\/product\/5978","targetHints":{"allow":["GET"]}}],"collection":[{"href":"https:\/\/www.gero.lu\/de\/wp-json\/wp\/v2\/product"}],"about":[{"href":"https:\/\/www.gero.lu\/de\/wp-json\/wp\/v2\/types\/product"}],"replies":[{"embeddable":true,"href":"https:\/\/www.gero.lu\/de\/wp-json\/wp\/v2\/comments?post=5978"}],"wp:attachment":[{"href":"https:\/\/www.gero.lu\/de\/wp-json\/wp\/v2\/media?parent=5978"}],"wp:term":[{"taxonomy":"product_brand","embeddable":true,"href":"https:\/\/www.gero.lu\/de\/wp-json\/wp\/v2\/product_brand?post=5978"},{"taxonomy":"product_cat","embeddable":true,"href":"https:\/\/www.gero.lu\/de\/wp-json\/wp\/v2\/product_cat?post=5978"},{"taxonomy":"product_tag","embeddable":true,"href":"https:\/\/www.gero.lu\/de\/wp-json\/wp\/v2\/product_tag?post=5978"}],"curies":[{"name":"wp","href":"https:\/\/api.w.org\/{rel}","templated":true}]}}