{"id":5822,"date":"2023-07-21T15:22:20","date_gmt":"2023-07-21T15:22:20","guid":{"rendered":"https:\/\/www.gero.lu\/fr\/produit\/internationaler-tag-der-alteren-menschen-journee-internationale-des-personnes-agees"},"modified":"2023-10-02T15:24:33","modified_gmt":"2023-10-02T15:24:33","slug":"internationaler-tag-der-alteren-menschen-journee-internationale-des-personnes-agees","status":"publish","type":"product","link":"https:\/\/www.gero.lu\/de\/produit\/internationaler-tag-der-alteren-menschen-journee-internationale-des-personnes-agees","title":{"rendered":"Internationaler Tag der \u00e4lteren Menschen \/ Journ\u00e9e internationale des personnes \u00e2g\u00e9es"},"content":{"rendered":"<p>ALTERSBlLDER IM FOKUS<\/p>\n<p>17:00 Uhr<br \/>\nFilmvorf\u00fchrung &#8222;La r\u00e9volte de vieux&#8220; von Laure Adler und J\u00e9r\u00e9my Frey, produziert von Nova Production<\/p>\n<p>18:00 Uhr<br \/>\nVernissage der Foto-Ausstellung &#8222;Das Alter in Licht und Schatten&#8220;<\/p>\n<p>\u2022\tBegr\u00fc\u00dfung und Preisverleihung<br \/>\n\u2022\tMusikalische Begleitung &#8211; Andr\u00e9 Mergenthaler<br \/>\n\u2022\tUmtrunk und Austausch<\/p>\n<p>FREIER EINTRITT<\/p>\n<p>&#8212;&#8212;&#8212;&#8212;&#8212;&#8212;&#8212;&#8212;&#8212;&#8212;&#8212;&#8212;&#8212;&#8212;&#8212;&#8212;&#8212;&#8212;&#8212;&#8212;&#8212;&#8212;&#8212;&#8212;&#8212;&#8212;&#8212;-<\/p>\n<p>PERCEPTIONS DE L\u2019\u00c2GE<\/p>\n<p>17h00<br \/>\nProjection du film &#8222;La r\u00e9volte de vieux&#8220; de Laure Adler et J\u00e9r\u00e9my Frey, produit par Nova Production<\/p>\n<p>18h00<br \/>\nVernissage de l\u2019exposition photo &#8222;Lumi\u00e8re de la vieillesse, ombre de l\u2019\u00e2ge&#8220;<\/p>\n<p>\u2022\tMot d\u2019allocution et remise des prix<br \/>\n\u2022\tPerformance musicale &#8211; Andr\u00e9 Mergenthaler<br \/>\n\u2022\tVerre de l\u2019amiti\u00e9 et \u00e9change<\/p>\n<p>ENTR\u00c9E LIBRE<\/p>\n","protected":false},"excerpt":{"rendered":"<p>ALTERSBlLDER IM FOKUS 17:00 Uhr Filmvorf\u00fchrung &#8222;La r\u00e9volte de vieux&#8220; von Laure Adler und J\u00e9r\u00e9my Frey, produziert von Nova Production 18:00 Uhr Vernissage der Foto-Ausstellung &#8222;Das Alter in Licht und Schatten&#8220; \u2022 Begr\u00fc\u00dfung und Preisverleihung \u2022 Musikalische Begleitung &#8211; Andr\u00e9 Mergenthaler \u2022 Umtrunk und Austausch FREIER EINTRITT &#8212;&#8212;&#8212;&#8212;&#8212;&#8212;&#8212;&#8212;&#8212;&#8212;&#8212;&#8212;&#8212;&#8212;&#8212;&#8212;&#8212;&#8212;&#8212;&#8212;&#8212;&#8212;&#8212;&#8212;&#8212;&#8212;&#8212;- PERCEPTIONS DE L\u2019\u00c2GE 17h00 Projection du film [&hellip;]<\/p>\n","protected":false},"featured_media":5952,"comment_status":"closed","ping_status":"closed","template":"","meta":{"_acf_changed":false,"inline_featured_image":false},"product_brand":[],"product_cat":[228],"product_tag":[259],"class_list":{"0":"post-5822","1":"product","2":"type-product","3":"status-publish","4":"has-post-thumbnail","6":"product_cat-conference","7":"product_tag-divers-senior","9":"first","10":"outofstock","11":"virtual","12":"purchasable","13":"product-type-simple"},"acf":[],"yoast_head":"<!-- This site is optimized with the Yoast SEO Premium plugin v27.4 (Yoast SEO v27.5) - https:\/\/yoast.com\/product\/yoast-seo-premium-wordpress\/ -->\n<title>Internationaler Tag der \u00e4lteren Menschen \/ Journ\u00e9e internationale des personnes \u00e2g\u00e9es - GERO<\/title>\n<meta name=\"robots\" content=\"index, follow, max-snippet:-1, max-image-preview:large, max-video-preview:-1\" \/>\n<link rel=\"canonical\" href=\"https:\/\/www.gero.lu\/de\/produit\/internationaler-tag-der-alteren-menschen-journee-internationale-des-personnes-agees\" \/>\n<meta property=\"og:locale\" content=\"de_DE\" \/>\n<meta property=\"og:type\" content=\"article\" \/>\n<meta property=\"og:title\" content=\"Internationaler Tag der \u00e4lteren Menschen \/ Journ\u00e9e internationale des personnes \u00e2g\u00e9es\" \/>\n<meta property=\"og:description\" content=\"ALTERSBlLDER IM FOKUS 17:00 Uhr Filmvorf\u00fchrung &#8222;La r\u00e9volte de vieux&#8220; von Laure Adler und J\u00e9r\u00e9my Frey, produziert von Nova Production 18:00 Uhr Vernissage der Foto-Ausstellung &#8222;Das Alter in Licht und Schatten&#8220; \u2022 Begr\u00fc\u00dfung und Preisverleihung \u2022 Musikalische Begleitung &#8211; Andr\u00e9 Mergenthaler \u2022 Umtrunk und Austausch FREIER EINTRITT &#8212;&#8212;&#8212;&#8212;&#8212;&#8212;&#8212;&#8212;&#8212;&#8212;&#8212;&#8212;&#8212;&#8212;&#8212;&#8212;&#8212;&#8212;&#8212;&#8212;&#8212;&#8212;&#8212;&#8212;&#8212;&#8212;&#8212;- PERCEPTIONS DE L\u2019\u00c2GE 17h00 Projection du film [&hellip;]\" \/>\n<meta property=\"og:url\" content=\"https:\/\/www.gero.lu\/de\/produit\/internationaler-tag-der-alteren-menschen-journee-internationale-des-personnes-agees\" \/>\n<meta property=\"og:site_name\" content=\"GERO\" \/>\n<meta property=\"article:publisher\" content=\"https:\/\/www.facebook.com\/Kompetenzzenter\/\" \/>\n<meta property=\"article:modified_time\" content=\"2023-10-02T15:24:33+00:00\" \/>\n<meta property=\"og:image\" content=\"https:\/\/www.gero.lu\/wp-content\/uploads\/2023\/07\/Design-sans-titre.png\" \/>\n\t<meta property=\"og:image:width\" content=\"1000\" \/>\n\t<meta property=\"og:image:height\" content=\"620\" \/>\n\t<meta property=\"og:image:type\" content=\"image\/png\" \/>\n<meta name=\"twitter:card\" content=\"summary_large_image\" \/>\n<meta name=\"twitter:image\" content=\"https:\/\/www.gero.lu\/wp-content\/uploads\/2023\/07\/Design-sans-titre.png\" \/>\n<meta name=\"twitter:label1\" content=\"Gesch\u00e4tzte Lesezeit\" \/>\n\t<meta name=\"twitter:data1\" content=\"1\u00a0Minute\" \/>\n<script type=\"application\/ld+json\" class=\"yoast-schema-graph\">{\"@context\":\"https:\\\/\\\/schema.org\",\"@graph\":[{\"@type\":\"WebPage\",\"@id\":\"https:\\\/\\\/www.gero.lu\\\/de\\\/produit\\\/internationaler-tag-der-alteren-menschen-journee-internationale-des-personnes-agees\",\"url\":\"https:\\\/\\\/www.gero.lu\\\/de\\\/produit\\\/internationaler-tag-der-alteren-menschen-journee-internationale-des-personnes-agees\",\"name\":\"Internationaler Tag der \u00e4lteren Menschen \\\/ Journ\u00e9e internationale des personnes \u00e2g\u00e9es - GERO\",\"isPartOf\":{\"@id\":\"https:\\\/\\\/www.gero.lu\\\/de\\\/#website\"},\"primaryImageOfPage\":{\"@id\":\"https:\\\/\\\/www.gero.lu\\\/de\\\/produit\\\/internationaler-tag-der-alteren-menschen-journee-internationale-des-personnes-agees#primaryimage\"},\"image\":{\"@id\":\"https:\\\/\\\/www.gero.lu\\\/produit\\\/internationaler-tag-der-alteren-menschen-journee-internationale-des-personnes-agees#primaryimage\"},\"thumbnailUrl\":\"https:\\\/\\\/www.gero.lu\\\/wp-content\\\/uploads\\\/2023\\\/04\\\/DE.png\",\"datePublished\":\"2023-07-21T15:22:20+00:00\",\"dateModified\":\"2023-10-02T15:24:33+00:00\",\"breadcrumb\":{\"@id\":\"https:\\\/\\\/www.gero.lu\\\/de\\\/produit\\\/internationaler-tag-der-alteren-menschen-journee-internationale-des-personnes-agees#breadcrumb\"},\"inLanguage\":\"de\",\"potentialAction\":[{\"@type\":\"ReadAction\",\"target\":[[\"https:\\\/\\\/www.gero.lu\\\/de\\\/produit\\\/internationaler-tag-der-alteren-menschen-journee-internationale-des-personnes-agees\"]]}]},{\"@type\":\"ImageObject\",\"inLanguage\":\"de\",\"@id\":\"https:\\\/\\\/www.gero.lu\\\/de\\\/produit\\\/internationaler-tag-der-alteren-menschen-journee-internationale-des-personnes-agees#primaryimage\",\"url\":\"https:\\\/\\\/www.gero.lu\\\/wp-content\\\/uploads\\\/2023\\\/04\\\/DE.png\",\"contentUrl\":\"https:\\\/\\\/www.gero.lu\\\/wp-content\\\/uploads\\\/2023\\\/04\\\/DE.png\",\"width\":1414,\"height\":2000},{\"@type\":\"BreadcrumbList\",\"@id\":\"https:\\\/\\\/www.gero.lu\\\/de\\\/produit\\\/internationaler-tag-der-alteren-menschen-journee-internationale-des-personnes-agees#breadcrumb\",\"itemListElement\":[{\"@type\":\"ListItem\",\"position\":1,\"name\":\"Accueil\",\"item\":\"https:\\\/\\\/www.gero.lu\\\/de\\\/\"},{\"@type\":\"ListItem\",\"position\":2,\"name\":\"Shop\",\"item\":\"https:\\\/\\\/www.gero.lu\\\/de\\\/shop\"},{\"@type\":\"ListItem\",\"position\":3,\"name\":\"Internationaler Tag der \u00e4lteren Menschen \\\/ Journ\u00e9e internationale des personnes \u00e2g\u00e9es\"}]},{\"@type\":\"WebSite\",\"@id\":\"https:\\\/\\\/www.gero.lu\\\/de\\\/#website\",\"url\":\"https:\\\/\\\/www.gero.lu\\\/de\\\/\",\"name\":\"Gero\",\"description\":\"Kompetenzzenter fir den Alter\",\"publisher\":{\"@id\":\"https:\\\/\\\/www.gero.lu\\\/de\\\/#organization\"},\"potentialAction\":[{\"@type\":\"SearchAction\",\"target\":{\"@type\":\"EntryPoint\",\"urlTemplate\":\"https:\\\/\\\/www.gero.lu\\\/de\\\/?s={search_term_string}\"},\"query-input\":{\"@type\":\"PropertyValueSpecification\",\"valueRequired\":true,\"valueName\":\"search_term_string\"}}],\"inLanguage\":\"de\"},{\"@type\":\"Organization\",\"@id\":\"https:\\\/\\\/www.gero.lu\\\/de\\\/#organization\",\"name\":\"Gero\",\"url\":\"https:\\\/\\\/www.gero.lu\\\/de\\\/\",\"logo\":{\"@type\":\"ImageObject\",\"inLanguage\":\"de\",\"@id\":\"https:\\\/\\\/www.gero.lu\\\/de\\\/#\\\/schema\\\/logo\\\/image\\\/\",\"url\":\"https:\\\/\\\/www.gero.lu\\\/wp-content\\\/uploads\\\/2024\\\/04\\\/logo.svg\",\"contentUrl\":\"https:\\\/\\\/www.gero.lu\\\/wp-content\\\/uploads\\\/2024\\\/04\\\/logo.svg\",\"width\":76,\"height\":30,\"caption\":\"Gero\"},\"image\":{\"@id\":\"https:\\\/\\\/www.gero.lu\\\/de\\\/#\\\/schema\\\/logo\\\/image\\\/\"},\"sameAs\":[\"https:\\\/\\\/www.facebook.com\\\/Kompetenzzenter\\\/\",\"https:\\\/\\\/www.instagram.com\\\/gero.kompetenzzenter\\\/\",\"https:\\\/\\\/linkedin.com\\\/company\\\/gero-kompetenzzenter-fir-den-alter\",\"https:\\\/\\\/www.youtube.com\\\/channel\\\/UCJvmJYSeHh3dYQsLHZupj-Q\"]}]}<\/script>\n<!-- \/ Yoast SEO Premium plugin. -->","yoast_head_json":{"title":"Internationaler Tag der \u00e4lteren Menschen \/ Journ\u00e9e internationale des personnes \u00e2g\u00e9es - GERO","robots":{"index":"index","follow":"follow","max-snippet":"max-snippet:-1","max-image-preview":"max-image-preview:large","max-video-preview":"max-video-preview:-1"},"canonical":"https:\/\/www.gero.lu\/de\/produit\/internationaler-tag-der-alteren-menschen-journee-internationale-des-personnes-agees","og_locale":"de_DE","og_type":"article","og_title":"Internationaler Tag der \u00e4lteren Menschen \/ Journ\u00e9e internationale des personnes \u00e2g\u00e9es","og_description":"ALTERSBlLDER IM FOKUS 17:00 Uhr Filmvorf\u00fchrung &#8222;La r\u00e9volte de vieux&#8220; von Laure Adler und J\u00e9r\u00e9my Frey, produziert von Nova Production 18:00 Uhr Vernissage der Foto-Ausstellung &#8222;Das Alter in Licht und Schatten&#8220; \u2022 Begr\u00fc\u00dfung und Preisverleihung \u2022 Musikalische Begleitung &#8211; Andr\u00e9 Mergenthaler \u2022 Umtrunk und Austausch FREIER EINTRITT &#8212;&#8212;&#8212;&#8212;&#8212;&#8212;&#8212;&#8212;&#8212;&#8212;&#8212;&#8212;&#8212;&#8212;&#8212;&#8212;&#8212;&#8212;&#8212;&#8212;&#8212;&#8212;&#8212;&#8212;&#8212;&#8212;&#8212;- PERCEPTIONS DE L\u2019\u00c2GE 17h00 Projection du film [&hellip;]","og_url":"https:\/\/www.gero.lu\/de\/produit\/internationaler-tag-der-alteren-menschen-journee-internationale-des-personnes-agees","og_site_name":"GERO","article_publisher":"https:\/\/www.facebook.com\/Kompetenzzenter\/","article_modified_time":"2023-10-02T15:24:33+00:00","og_image":[{"width":1000,"height":620,"url":"https:\/\/www.gero.lu\/wp-content\/uploads\/2023\/07\/Design-sans-titre.png","type":"image\/png"}],"twitter_card":"summary_large_image","twitter_image":"https:\/\/www.gero.lu\/wp-content\/uploads\/2023\/07\/Design-sans-titre.png","twitter_misc":{"Gesch\u00e4tzte Lesezeit":"1\u00a0Minute"},"schema":{"@context":"https:\/\/schema.org","@graph":[{"@type":"WebPage","@id":"https:\/\/www.gero.lu\/de\/produit\/internationaler-tag-der-alteren-menschen-journee-internationale-des-personnes-agees","url":"https:\/\/www.gero.lu\/de\/produit\/internationaler-tag-der-alteren-menschen-journee-internationale-des-personnes-agees","name":"Internationaler Tag der \u00e4lteren Menschen \/ Journ\u00e9e internationale des personnes \u00e2g\u00e9es - GERO","isPartOf":{"@id":"https:\/\/www.gero.lu\/de\/#website"},"primaryImageOfPage":{"@id":"https:\/\/www.gero.lu\/de\/produit\/internationaler-tag-der-alteren-menschen-journee-internationale-des-personnes-agees#primaryimage"},"image":{"@id":"https:\/\/www.gero.lu\/produit\/internationaler-tag-der-alteren-menschen-journee-internationale-des-personnes-agees#primaryimage"},"thumbnailUrl":"https:\/\/www.gero.lu\/wp-content\/uploads\/2023\/04\/DE.png","datePublished":"2023-07-21T15:22:20+00:00","dateModified":"2023-10-02T15:24:33+00:00","breadcrumb":{"@id":"https:\/\/www.gero.lu\/de\/produit\/internationaler-tag-der-alteren-menschen-journee-internationale-des-personnes-agees#breadcrumb"},"inLanguage":"de","potentialAction":[{"@type":"ReadAction","target":[["https:\/\/www.gero.lu\/de\/produit\/internationaler-tag-der-alteren-menschen-journee-internationale-des-personnes-agees"]]}]},{"@type":"ImageObject","inLanguage":"de","@id":"https:\/\/www.gero.lu\/de\/produit\/internationaler-tag-der-alteren-menschen-journee-internationale-des-personnes-agees#primaryimage","url":"https:\/\/www.gero.lu\/wp-content\/uploads\/2023\/04\/DE.png","contentUrl":"https:\/\/www.gero.lu\/wp-content\/uploads\/2023\/04\/DE.png","width":1414,"height":2000},{"@type":"BreadcrumbList","@id":"https:\/\/www.gero.lu\/de\/produit\/internationaler-tag-der-alteren-menschen-journee-internationale-des-personnes-agees#breadcrumb","itemListElement":[{"@type":"ListItem","position":1,"name":"Accueil","item":"https:\/\/www.gero.lu\/de\/"},{"@type":"ListItem","position":2,"name":"Shop","item":"https:\/\/www.gero.lu\/de\/shop"},{"@type":"ListItem","position":3,"name":"Internationaler Tag der \u00e4lteren Menschen \/ Journ\u00e9e internationale des personnes \u00e2g\u00e9es"}]},{"@type":"WebSite","@id":"https:\/\/www.gero.lu\/de\/#website","url":"https:\/\/www.gero.lu\/de\/","name":"Gero","description":"Kompetenzzenter fir den Alter","publisher":{"@id":"https:\/\/www.gero.lu\/de\/#organization"},"potentialAction":[{"@type":"SearchAction","target":{"@type":"EntryPoint","urlTemplate":"https:\/\/www.gero.lu\/de\/?s={search_term_string}"},"query-input":{"@type":"PropertyValueSpecification","valueRequired":true,"valueName":"search_term_string"}}],"inLanguage":"de"},{"@type":"Organization","@id":"https:\/\/www.gero.lu\/de\/#organization","name":"Gero","url":"https:\/\/www.gero.lu\/de\/","logo":{"@type":"ImageObject","inLanguage":"de","@id":"https:\/\/www.gero.lu\/de\/#\/schema\/logo\/image\/","url":"https:\/\/www.gero.lu\/wp-content\/uploads\/2024\/04\/logo.svg","contentUrl":"https:\/\/www.gero.lu\/wp-content\/uploads\/2024\/04\/logo.svg","width":76,"height":30,"caption":"Gero"},"image":{"@id":"https:\/\/www.gero.lu\/de\/#\/schema\/logo\/image\/"},"sameAs":["https:\/\/www.facebook.com\/Kompetenzzenter\/","https:\/\/www.instagram.com\/gero.kompetenzzenter\/","https:\/\/linkedin.com\/company\/gero-kompetenzzenter-fir-den-alter","https:\/\/www.youtube.com\/channel\/UCJvmJYSeHh3dYQsLHZupj-Q"]}]}},"_links":{"self":[{"href":"https:\/\/www.gero.lu\/de\/wp-json\/wp\/v2\/product\/5822","targetHints":{"allow":["GET"]}}],"collection":[{"href":"https:\/\/www.gero.lu\/de\/wp-json\/wp\/v2\/product"}],"about":[{"href":"https:\/\/www.gero.lu\/de\/wp-json\/wp\/v2\/types\/product"}],"replies":[{"embeddable":true,"href":"https:\/\/www.gero.lu\/de\/wp-json\/wp\/v2\/comments?post=5822"}],"wp:featuredmedia":[{"embeddable":true,"href":"https:\/\/www.gero.lu\/de\/wp-json\/wp\/v2\/media\/5952"}],"wp:attachment":[{"href":"https:\/\/www.gero.lu\/de\/wp-json\/wp\/v2\/media?parent=5822"}],"wp:term":[{"taxonomy":"product_brand","embeddable":true,"href":"https:\/\/www.gero.lu\/de\/wp-json\/wp\/v2\/product_brand?post=5822"},{"taxonomy":"product_cat","embeddable":true,"href":"https:\/\/www.gero.lu\/de\/wp-json\/wp\/v2\/product_cat?post=5822"},{"taxonomy":"product_tag","embeddable":true,"href":"https:\/\/www.gero.lu\/de\/wp-json\/wp\/v2\/product_tag?post=5822"}],"curies":[{"name":"wp","href":"https:\/\/api.w.org\/{rel}","templated":true}]}}