{"id":5382,"date":"2023-05-11T08:27:19","date_gmt":"2023-05-11T08:27:19","guid":{"rendered":"https:\/\/www.gero.lu\/fr\/produit\/der-einsatz-von-musik-in-der-altenpflege"},"modified":"2023-12-11T15:23:08","modified_gmt":"2023-12-11T15:23:08","slug":"der-einsatz-von-musik-in-der-altenpflege","status":"publish","type":"product","link":"https:\/\/www.gero.lu\/de\/produit\/der-einsatz-von-musik-in-der-altenpflege","title":{"rendered":"Der Einsatz von Musik in der Altenpflege (FCPG V)"},"content":{"rendered":"<p>Modul V der \u201eWeiterbildung Psychogeriatrie\u201c <\/p>\n<p>Musik setzt auf subtile Weise Emotionen und Erinnerungen frei. Gerade bei Personen mit eingeschr\u00e4nkter sprachlicher Kommunikation, wie z.B. demenziell ver\u00e4nderten Menschen ist sie ein hochwirksames Medium, um Vergessenes wieder aufleben zu lassen und neue Wege der Kommunikation und Ansprache zu finden. Auf diese Weise entsteht f\u00fcr den alten Menschen \u2013 aber nicht nur f\u00fcr sie oder ihn \u2013 ein Mehr an Lebensqualit\u00e4t. Auch in der palliativen Betreuung kann durch Musik eine Atmosph\u00e4re geschaffen werden, um die spezifischen Bed\u00fcrfnisse von Menschen an ihrem Lebensende angemessen zu erf\u00fcllen.<\/p>\n<p>In diesem Seminar, welches anerkannt ist als Modul 5 im Rahmen der Weiterbildung Psychogeriatrie, werden wir uns mit folgenden Fragen besch\u00e4ftigen:<\/p>\n<p>&#8211; Musik: Wie wirkt sie und wie kann ich sie bewusst und zielgerichtet einsetzen?<br \/>\n&#8211; Musik: Ein Teil meiner und deiner Identit\u00e4t?<br \/>\n&#8211; Musikinstrumente: Welche und wie kann ich sie nutzen?<br \/>\n&#8211; Stimme: Wie setze ich sie bewusst ein?<br \/>\n&#8211; Musik: Wie integriere ich sie in meinen beruflichen Alltag?<\/p>\n","protected":false},"excerpt":{"rendered":"<p>Modul V der \u201eWeiterbildung Psychogeriatrie\u201c Musik setzt auf subtile Weise Emotionen und Erinnerungen frei. Gerade bei Personen mit eingeschr\u00e4nkter sprachlicher Kommunikation, wie z.B. demenziell ver\u00e4nderten Menschen ist sie ein hochwirksames Medium, um Vergessenes wieder aufleben zu lassen und neue Wege der Kommunikation und Ansprache zu finden. Auf diese Weise entsteht f\u00fcr den alten Menschen \u2013 [&hellip;]<\/p>\n","protected":false},"featured_media":0,"comment_status":"closed","ping_status":"closed","template":"","meta":{"_acf_changed":false,"inline_featured_image":false},"product_brand":[],"product_cat":[241],"product_tag":[237],"class_list":{"0":"post-5382","1":"product","2":"type-product","3":"status-publish","5":"product_cat-workshop-pro","6":"product_tag-soins-encadrement-therapie-pro","8":"first","9":"instock","10":"virtual","11":"purchasable","12":"product-type-simple"},"acf":[],"yoast_head":"<!-- This site is optimized with the Yoast SEO Premium plugin v27.4 (Yoast SEO v27.4) - https:\/\/yoast.com\/product\/yoast-seo-premium-wordpress\/ -->\n<title>Der Einsatz von Musik in der Altenpflege (FCPG V) - GERO<\/title>\n<meta name=\"robots\" content=\"index, follow, max-snippet:-1, max-image-preview:large, max-video-preview:-1\" \/>\n<link rel=\"canonical\" href=\"https:\/\/www.gero.lu\/de\/produit\/der-einsatz-von-musik-in-der-altenpflege\" \/>\n<meta property=\"og:locale\" content=\"de_DE\" \/>\n<meta property=\"og:type\" content=\"article\" \/>\n<meta property=\"og:title\" content=\"Der Einsatz von Musik in der Altenpflege (FCPG V)\" \/>\n<meta property=\"og:description\" content=\"Modul V der \u201eWeiterbildung Psychogeriatrie\u201c Musik setzt auf subtile Weise Emotionen und Erinnerungen frei. Gerade bei Personen mit eingeschr\u00e4nkter sprachlicher Kommunikation, wie z.B. demenziell ver\u00e4nderten Menschen ist sie ein hochwirksames Medium, um Vergessenes wieder aufleben zu lassen und neue Wege der Kommunikation und Ansprache zu finden. Auf diese Weise entsteht f\u00fcr den alten Menschen \u2013 [&hellip;]\" \/>\n<meta property=\"og:url\" content=\"https:\/\/www.gero.lu\/de\/produit\/der-einsatz-von-musik-in-der-altenpflege\" \/>\n<meta property=\"og:site_name\" content=\"GERO\" \/>\n<meta property=\"article:publisher\" content=\"https:\/\/www.facebook.com\/Kompetenzzenter\/\" \/>\n<meta property=\"article:modified_time\" content=\"2023-12-11T15:23:08+00:00\" \/>\n<meta property=\"og:image\" content=\"https:\/\/www.gero.lu\/wp-content\/uploads\/2021\/08\/gettyimages-1135289130-2048x2048_RET-1.jpg\" \/>\n\t<meta property=\"og:image:width\" content=\"1227\" \/>\n\t<meta property=\"og:image:height\" content=\"802\" \/>\n\t<meta property=\"og:image:type\" content=\"image\/jpeg\" \/>\n<meta name=\"twitter:card\" content=\"summary_large_image\" \/>\n<meta name=\"twitter:label1\" content=\"Gesch\u00e4tzte Lesezeit\" \/>\n\t<meta name=\"twitter:data1\" content=\"1\u00a0Minute\" \/>\n<script type=\"application\/ld+json\" class=\"yoast-schema-graph\">{\"@context\":\"https:\\\/\\\/schema.org\",\"@graph\":[{\"@type\":\"WebPage\",\"@id\":\"https:\\\/\\\/www.gero.lu\\\/de\\\/produit\\\/der-einsatz-von-musik-in-der-altenpflege\",\"url\":\"https:\\\/\\\/www.gero.lu\\\/de\\\/produit\\\/der-einsatz-von-musik-in-der-altenpflege\",\"name\":\"Der Einsatz von Musik in der Altenpflege (FCPG V) - GERO\",\"isPartOf\":{\"@id\":\"https:\\\/\\\/www.gero.lu\\\/de\\\/#website\"},\"datePublished\":\"2023-05-11T08:27:19+00:00\",\"dateModified\":\"2023-12-11T15:23:08+00:00\",\"breadcrumb\":{\"@id\":\"https:\\\/\\\/www.gero.lu\\\/de\\\/produit\\\/der-einsatz-von-musik-in-der-altenpflege#breadcrumb\"},\"inLanguage\":\"de\",\"potentialAction\":[{\"@type\":\"ReadAction\",\"target\":[[\"https:\\\/\\\/www.gero.lu\\\/de\\\/produit\\\/der-einsatz-von-musik-in-der-altenpflege\"]]}]},{\"@type\":\"BreadcrumbList\",\"@id\":\"https:\\\/\\\/www.gero.lu\\\/de\\\/produit\\\/der-einsatz-von-musik-in-der-altenpflege#breadcrumb\",\"itemListElement\":[{\"@type\":\"ListItem\",\"position\":1,\"name\":\"Accueil\",\"item\":\"https:\\\/\\\/www.gero.lu\\\/de\\\/\"},{\"@type\":\"ListItem\",\"position\":2,\"name\":\"Shop\",\"item\":\"https:\\\/\\\/www.gero.lu\\\/de\\\/shop\"},{\"@type\":\"ListItem\",\"position\":3,\"name\":\"Der Einsatz von Musik in der Altenpflege (FCPG V)\"}]},{\"@type\":\"WebSite\",\"@id\":\"https:\\\/\\\/www.gero.lu\\\/de\\\/#website\",\"url\":\"https:\\\/\\\/www.gero.lu\\\/de\\\/\",\"name\":\"Gero\",\"description\":\"Kompetenzzenter fir den Alter\",\"publisher\":{\"@id\":\"https:\\\/\\\/www.gero.lu\\\/de\\\/#organization\"},\"potentialAction\":[{\"@type\":\"SearchAction\",\"target\":{\"@type\":\"EntryPoint\",\"urlTemplate\":\"https:\\\/\\\/www.gero.lu\\\/de\\\/?s={search_term_string}\"},\"query-input\":{\"@type\":\"PropertyValueSpecification\",\"valueRequired\":true,\"valueName\":\"search_term_string\"}}],\"inLanguage\":\"de\"},{\"@type\":\"Organization\",\"@id\":\"https:\\\/\\\/www.gero.lu\\\/de\\\/#organization\",\"name\":\"Gero\",\"url\":\"https:\\\/\\\/www.gero.lu\\\/de\\\/\",\"logo\":{\"@type\":\"ImageObject\",\"inLanguage\":\"de\",\"@id\":\"https:\\\/\\\/www.gero.lu\\\/de\\\/#\\\/schema\\\/logo\\\/image\\\/\",\"url\":\"https:\\\/\\\/www.gero.lu\\\/wp-content\\\/uploads\\\/2024\\\/04\\\/logo.svg\",\"contentUrl\":\"https:\\\/\\\/www.gero.lu\\\/wp-content\\\/uploads\\\/2024\\\/04\\\/logo.svg\",\"width\":76,\"height\":30,\"caption\":\"Gero\"},\"image\":{\"@id\":\"https:\\\/\\\/www.gero.lu\\\/de\\\/#\\\/schema\\\/logo\\\/image\\\/\"},\"sameAs\":[\"https:\\\/\\\/www.facebook.com\\\/Kompetenzzenter\\\/\",\"https:\\\/\\\/www.instagram.com\\\/gero.kompetenzzenter\\\/\",\"https:\\\/\\\/linkedin.com\\\/company\\\/gero-kompetenzzenter-fir-den-alter\",\"https:\\\/\\\/www.youtube.com\\\/channel\\\/UCJvmJYSeHh3dYQsLHZupj-Q\"]}]}<\/script>\n<!-- \/ Yoast SEO Premium plugin. -->","yoast_head_json":{"title":"Der Einsatz von Musik in der Altenpflege (FCPG V) - GERO","robots":{"index":"index","follow":"follow","max-snippet":"max-snippet:-1","max-image-preview":"max-image-preview:large","max-video-preview":"max-video-preview:-1"},"canonical":"https:\/\/www.gero.lu\/de\/produit\/der-einsatz-von-musik-in-der-altenpflege","og_locale":"de_DE","og_type":"article","og_title":"Der Einsatz von Musik in der Altenpflege (FCPG V)","og_description":"Modul V der \u201eWeiterbildung Psychogeriatrie\u201c Musik setzt auf subtile Weise Emotionen und Erinnerungen frei. Gerade bei Personen mit eingeschr\u00e4nkter sprachlicher Kommunikation, wie z.B. demenziell ver\u00e4nderten Menschen ist sie ein hochwirksames Medium, um Vergessenes wieder aufleben zu lassen und neue Wege der Kommunikation und Ansprache zu finden. Auf diese Weise entsteht f\u00fcr den alten Menschen \u2013 [&hellip;]","og_url":"https:\/\/www.gero.lu\/de\/produit\/der-einsatz-von-musik-in-der-altenpflege","og_site_name":"GERO","article_publisher":"https:\/\/www.facebook.com\/Kompetenzzenter\/","article_modified_time":"2023-12-11T15:23:08+00:00","og_image":[{"width":1227,"height":802,"url":"https:\/\/www.gero.lu\/wp-content\/uploads\/2021\/08\/gettyimages-1135289130-2048x2048_RET-1.jpg","type":"image\/jpeg"}],"twitter_card":"summary_large_image","twitter_misc":{"Gesch\u00e4tzte Lesezeit":"1\u00a0Minute"},"schema":{"@context":"https:\/\/schema.org","@graph":[{"@type":"WebPage","@id":"https:\/\/www.gero.lu\/de\/produit\/der-einsatz-von-musik-in-der-altenpflege","url":"https:\/\/www.gero.lu\/de\/produit\/der-einsatz-von-musik-in-der-altenpflege","name":"Der Einsatz von Musik in der Altenpflege (FCPG V) - GERO","isPartOf":{"@id":"https:\/\/www.gero.lu\/de\/#website"},"datePublished":"2023-05-11T08:27:19+00:00","dateModified":"2023-12-11T15:23:08+00:00","breadcrumb":{"@id":"https:\/\/www.gero.lu\/de\/produit\/der-einsatz-von-musik-in-der-altenpflege#breadcrumb"},"inLanguage":"de","potentialAction":[{"@type":"ReadAction","target":[["https:\/\/www.gero.lu\/de\/produit\/der-einsatz-von-musik-in-der-altenpflege"]]}]},{"@type":"BreadcrumbList","@id":"https:\/\/www.gero.lu\/de\/produit\/der-einsatz-von-musik-in-der-altenpflege#breadcrumb","itemListElement":[{"@type":"ListItem","position":1,"name":"Accueil","item":"https:\/\/www.gero.lu\/de\/"},{"@type":"ListItem","position":2,"name":"Shop","item":"https:\/\/www.gero.lu\/de\/shop"},{"@type":"ListItem","position":3,"name":"Der Einsatz von Musik in der Altenpflege (FCPG V)"}]},{"@type":"WebSite","@id":"https:\/\/www.gero.lu\/de\/#website","url":"https:\/\/www.gero.lu\/de\/","name":"Gero","description":"Kompetenzzenter fir den Alter","publisher":{"@id":"https:\/\/www.gero.lu\/de\/#organization"},"potentialAction":[{"@type":"SearchAction","target":{"@type":"EntryPoint","urlTemplate":"https:\/\/www.gero.lu\/de\/?s={search_term_string}"},"query-input":{"@type":"PropertyValueSpecification","valueRequired":true,"valueName":"search_term_string"}}],"inLanguage":"de"},{"@type":"Organization","@id":"https:\/\/www.gero.lu\/de\/#organization","name":"Gero","url":"https:\/\/www.gero.lu\/de\/","logo":{"@type":"ImageObject","inLanguage":"de","@id":"https:\/\/www.gero.lu\/de\/#\/schema\/logo\/image\/","url":"https:\/\/www.gero.lu\/wp-content\/uploads\/2024\/04\/logo.svg","contentUrl":"https:\/\/www.gero.lu\/wp-content\/uploads\/2024\/04\/logo.svg","width":76,"height":30,"caption":"Gero"},"image":{"@id":"https:\/\/www.gero.lu\/de\/#\/schema\/logo\/image\/"},"sameAs":["https:\/\/www.facebook.com\/Kompetenzzenter\/","https:\/\/www.instagram.com\/gero.kompetenzzenter\/","https:\/\/linkedin.com\/company\/gero-kompetenzzenter-fir-den-alter","https:\/\/www.youtube.com\/channel\/UCJvmJYSeHh3dYQsLHZupj-Q"]}]}},"_links":{"self":[{"href":"https:\/\/www.gero.lu\/de\/wp-json\/wp\/v2\/product\/5382","targetHints":{"allow":["GET"]}}],"collection":[{"href":"https:\/\/www.gero.lu\/de\/wp-json\/wp\/v2\/product"}],"about":[{"href":"https:\/\/www.gero.lu\/de\/wp-json\/wp\/v2\/types\/product"}],"replies":[{"embeddable":true,"href":"https:\/\/www.gero.lu\/de\/wp-json\/wp\/v2\/comments?post=5382"}],"wp:attachment":[{"href":"https:\/\/www.gero.lu\/de\/wp-json\/wp\/v2\/media?parent=5382"}],"wp:term":[{"taxonomy":"product_brand","embeddable":true,"href":"https:\/\/www.gero.lu\/de\/wp-json\/wp\/v2\/product_brand?post=5382"},{"taxonomy":"product_cat","embeddable":true,"href":"https:\/\/www.gero.lu\/de\/wp-json\/wp\/v2\/product_cat?post=5382"},{"taxonomy":"product_tag","embeddable":true,"href":"https:\/\/www.gero.lu\/de\/wp-json\/wp\/v2\/product_tag?post=5382"}],"curies":[{"name":"wp","href":"https:\/\/api.w.org\/{rel}","templated":true}]}}