{"id":5253,"date":"2023-04-20T08:22:46","date_gmt":"2023-04-20T08:22:46","guid":{"rendered":"https:\/\/www.gero.lu\/fr\/produit\/digital-x-perience-day"},"modified":"2023-07-03T14:21:27","modified_gmt":"2023-07-03T14:21:27","slug":"digital-x-perience-day","status":"publish","type":"product","link":"https:\/\/www.gero.lu\/de\/produit\/digital-x-perience-day","title":{"rendered":"DIGITAL-X-PERIENCE DAY"},"content":{"rendered":"<p>DE<\/p>\n<p>Technik trifft Gesundheit<\/p>\n<p>Mittagsprogramm von 13:00 bis 17:00 Uhr &#8211; exklusiv f\u00fcr Seniorinnen und Senioren \u2013 eine digitale Spielwiese zum Ausprobieren.<\/p>\n<p>&#8211; Tauchen Sie ein in v\u00f6llig neuartige Erlebens- und Entspannungswelten<br \/>\n&#8211; Reisen Sie virtuell durch St\u00e4dte, genie\u00dfen Sie Berglandschaften oder flanieren Sie am Strand<br \/>\n&#8211; Bewegen Sie K\u00f6rper und Geist und lassen dabei die Seele baumeln<\/p>\n<p>Nutzen Sie die Gelegenheit, um v\u00f6llig neue Erfahrungen zu machen und moderne Technik hautnah zu erleben.<\/p>\n<p>Abendprogramm von 18:00 bis 20:00 Uhr &#8211; Gastvortrag zum Thema \u201eWie moderne Technologien unser (Er)Leben und Altern revolutionieren\u201c von Prof. Matthias Pfaff. Der Vortrag richtet sich an alle, die sich f\u00fcr die Zukunft der Technologie im Gesundheitswesen und der Altenhilfe interessieren, sowie an Fachkr\u00e4fte und Studierende, die ihre Kenntnisse auf den letzten Stand bringen m\u00f6chten. Anschlie\u00dfend besteht die M\u00f6glichkeit zum Networking und Austausch mit dem Referenten und den Ausstellern.<\/p>\n<p>Vortragssprache: Deutsch<\/p>\n<p>In Anschluss an den Vortrag l\u00e4dt GERO alle Teilnehmenden zu einem entspannten Austausch bei Umtrunk und Schnittchen ein.<\/p>\n","protected":false},"excerpt":{"rendered":"<p>DE Technik trifft Gesundheit Mittagsprogramm von 13:00 bis 17:00 Uhr &#8211; exklusiv f\u00fcr Seniorinnen und Senioren \u2013 eine digitale Spielwiese zum Ausprobieren. &#8211; Tauchen Sie ein in v\u00f6llig neuartige Erlebens- und Entspannungswelten &#8211; Reisen Sie virtuell durch St\u00e4dte, genie\u00dfen Sie Berglandschaften oder flanieren Sie am Strand &#8211; Bewegen Sie K\u00f6rper und Geist und lassen dabei [&hellip;]<\/p>\n","protected":false},"featured_media":0,"comment_status":"closed","ping_status":"closed","template":"","meta":{"_acf_changed":false,"inline_featured_image":false},"product_brand":[],"product_cat":[228],"product_tag":[202],"class_list":{"0":"post-5253","1":"product","2":"type-product","3":"status-publish","5":"product_cat-conference","6":"product_tag-monde-digital-senior","8":"first","9":"outofstock","10":"virtual","11":"purchasable","12":"product-type-simple"},"acf":[],"yoast_head":"<!-- This site is optimized with the Yoast SEO Premium plugin v27.4 (Yoast SEO v27.4) - https:\/\/yoast.com\/product\/yoast-seo-premium-wordpress\/ -->\n<title>DIGITAL-X-PERIENCE DAY - GERO<\/title>\n<meta name=\"robots\" content=\"index, follow, max-snippet:-1, max-image-preview:large, max-video-preview:-1\" \/>\n<link rel=\"canonical\" href=\"https:\/\/www.gero.lu\/de\/produit\/digital-x-perience-day\" \/>\n<meta property=\"og:locale\" content=\"de_DE\" \/>\n<meta property=\"og:type\" content=\"article\" \/>\n<meta property=\"og:title\" content=\"DIGITAL-X-PERIENCE DAY\" \/>\n<meta property=\"og:description\" content=\"DE Technik trifft Gesundheit Mittagsprogramm von 13:00 bis 17:00 Uhr &#8211; exklusiv f\u00fcr Seniorinnen und Senioren \u2013 eine digitale Spielwiese zum Ausprobieren. &#8211; Tauchen Sie ein in v\u00f6llig neuartige Erlebens- und Entspannungswelten &#8211; Reisen Sie virtuell durch St\u00e4dte, genie\u00dfen Sie Berglandschaften oder flanieren Sie am Strand &#8211; Bewegen Sie K\u00f6rper und Geist und lassen dabei [&hellip;]\" \/>\n<meta property=\"og:url\" content=\"https:\/\/www.gero.lu\/de\/produit\/digital-x-perience-day\" \/>\n<meta property=\"og:site_name\" content=\"GERO\" \/>\n<meta property=\"article:publisher\" content=\"https:\/\/www.facebook.com\/Kompetenzzenter\/\" \/>\n<meta property=\"article:modified_time\" content=\"2023-07-03T14:21:27+00:00\" \/>\n<meta property=\"og:image\" content=\"https:\/\/www.gero.lu\/wp-content\/uploads\/2021\/08\/gettyimages-1135289130-2048x2048_RET-1.jpg\" \/>\n\t<meta property=\"og:image:width\" content=\"1227\" \/>\n\t<meta property=\"og:image:height\" content=\"802\" \/>\n\t<meta property=\"og:image:type\" content=\"image\/jpeg\" \/>\n<meta name=\"twitter:card\" content=\"summary_large_image\" \/>\n<meta name=\"twitter:label1\" content=\"Gesch\u00e4tzte Lesezeit\" \/>\n\t<meta name=\"twitter:data1\" content=\"1\u00a0Minute\" \/>\n<script type=\"application\/ld+json\" class=\"yoast-schema-graph\">{\"@context\":\"https:\\\/\\\/schema.org\",\"@graph\":[{\"@type\":\"WebPage\",\"@id\":\"https:\\\/\\\/www.gero.lu\\\/de\\\/produit\\\/digital-x-perience-day\",\"url\":\"https:\\\/\\\/www.gero.lu\\\/de\\\/produit\\\/digital-x-perience-day\",\"name\":\"DIGITAL-X-PERIENCE DAY - GERO\",\"isPartOf\":{\"@id\":\"https:\\\/\\\/www.gero.lu\\\/de\\\/#website\"},\"datePublished\":\"2023-04-20T08:22:46+00:00\",\"dateModified\":\"2023-07-03T14:21:27+00:00\",\"breadcrumb\":{\"@id\":\"https:\\\/\\\/www.gero.lu\\\/de\\\/produit\\\/digital-x-perience-day#breadcrumb\"},\"inLanguage\":\"de\",\"potentialAction\":[{\"@type\":\"ReadAction\",\"target\":[[\"https:\\\/\\\/www.gero.lu\\\/de\\\/produit\\\/digital-x-perience-day\"]]}]},{\"@type\":\"BreadcrumbList\",\"@id\":\"https:\\\/\\\/www.gero.lu\\\/de\\\/produit\\\/digital-x-perience-day#breadcrumb\",\"itemListElement\":[{\"@type\":\"ListItem\",\"position\":1,\"name\":\"Accueil\",\"item\":\"https:\\\/\\\/www.gero.lu\\\/de\\\/\"},{\"@type\":\"ListItem\",\"position\":2,\"name\":\"Shop\",\"item\":\"https:\\\/\\\/www.gero.lu\\\/de\\\/shop\"},{\"@type\":\"ListItem\",\"position\":3,\"name\":\"DIGITAL-X-PERIENCE DAY\"}]},{\"@type\":\"WebSite\",\"@id\":\"https:\\\/\\\/www.gero.lu\\\/de\\\/#website\",\"url\":\"https:\\\/\\\/www.gero.lu\\\/de\\\/\",\"name\":\"Gero\",\"description\":\"Kompetenzzenter fir den Alter\",\"publisher\":{\"@id\":\"https:\\\/\\\/www.gero.lu\\\/de\\\/#organization\"},\"potentialAction\":[{\"@type\":\"SearchAction\",\"target\":{\"@type\":\"EntryPoint\",\"urlTemplate\":\"https:\\\/\\\/www.gero.lu\\\/de\\\/?s={search_term_string}\"},\"query-input\":{\"@type\":\"PropertyValueSpecification\",\"valueRequired\":true,\"valueName\":\"search_term_string\"}}],\"inLanguage\":\"de\"},{\"@type\":\"Organization\",\"@id\":\"https:\\\/\\\/www.gero.lu\\\/de\\\/#organization\",\"name\":\"Gero\",\"url\":\"https:\\\/\\\/www.gero.lu\\\/de\\\/\",\"logo\":{\"@type\":\"ImageObject\",\"inLanguage\":\"de\",\"@id\":\"https:\\\/\\\/www.gero.lu\\\/de\\\/#\\\/schema\\\/logo\\\/image\\\/\",\"url\":\"https:\\\/\\\/www.gero.lu\\\/wp-content\\\/uploads\\\/2024\\\/04\\\/logo.svg\",\"contentUrl\":\"https:\\\/\\\/www.gero.lu\\\/wp-content\\\/uploads\\\/2024\\\/04\\\/logo.svg\",\"width\":76,\"height\":30,\"caption\":\"Gero\"},\"image\":{\"@id\":\"https:\\\/\\\/www.gero.lu\\\/de\\\/#\\\/schema\\\/logo\\\/image\\\/\"},\"sameAs\":[\"https:\\\/\\\/www.facebook.com\\\/Kompetenzzenter\\\/\",\"https:\\\/\\\/www.instagram.com\\\/gero.kompetenzzenter\\\/\",\"https:\\\/\\\/linkedin.com\\\/company\\\/gero-kompetenzzenter-fir-den-alter\",\"https:\\\/\\\/www.youtube.com\\\/channel\\\/UCJvmJYSeHh3dYQsLHZupj-Q\"]}]}<\/script>\n<!-- \/ Yoast SEO Premium plugin. -->","yoast_head_json":{"title":"DIGITAL-X-PERIENCE DAY - GERO","robots":{"index":"index","follow":"follow","max-snippet":"max-snippet:-1","max-image-preview":"max-image-preview:large","max-video-preview":"max-video-preview:-1"},"canonical":"https:\/\/www.gero.lu\/de\/produit\/digital-x-perience-day","og_locale":"de_DE","og_type":"article","og_title":"DIGITAL-X-PERIENCE DAY","og_description":"DE Technik trifft Gesundheit Mittagsprogramm von 13:00 bis 17:00 Uhr &#8211; exklusiv f\u00fcr Seniorinnen und Senioren \u2013 eine digitale Spielwiese zum Ausprobieren. &#8211; Tauchen Sie ein in v\u00f6llig neuartige Erlebens- und Entspannungswelten &#8211; Reisen Sie virtuell durch St\u00e4dte, genie\u00dfen Sie Berglandschaften oder flanieren Sie am Strand &#8211; Bewegen Sie K\u00f6rper und Geist und lassen dabei [&hellip;]","og_url":"https:\/\/www.gero.lu\/de\/produit\/digital-x-perience-day","og_site_name":"GERO","article_publisher":"https:\/\/www.facebook.com\/Kompetenzzenter\/","article_modified_time":"2023-07-03T14:21:27+00:00","og_image":[{"width":1227,"height":802,"url":"https:\/\/www.gero.lu\/wp-content\/uploads\/2021\/08\/gettyimages-1135289130-2048x2048_RET-1.jpg","type":"image\/jpeg"}],"twitter_card":"summary_large_image","twitter_misc":{"Gesch\u00e4tzte Lesezeit":"1\u00a0Minute"},"schema":{"@context":"https:\/\/schema.org","@graph":[{"@type":"WebPage","@id":"https:\/\/www.gero.lu\/de\/produit\/digital-x-perience-day","url":"https:\/\/www.gero.lu\/de\/produit\/digital-x-perience-day","name":"DIGITAL-X-PERIENCE DAY - GERO","isPartOf":{"@id":"https:\/\/www.gero.lu\/de\/#website"},"datePublished":"2023-04-20T08:22:46+00:00","dateModified":"2023-07-03T14:21:27+00:00","breadcrumb":{"@id":"https:\/\/www.gero.lu\/de\/produit\/digital-x-perience-day#breadcrumb"},"inLanguage":"de","potentialAction":[{"@type":"ReadAction","target":[["https:\/\/www.gero.lu\/de\/produit\/digital-x-perience-day"]]}]},{"@type":"BreadcrumbList","@id":"https:\/\/www.gero.lu\/de\/produit\/digital-x-perience-day#breadcrumb","itemListElement":[{"@type":"ListItem","position":1,"name":"Accueil","item":"https:\/\/www.gero.lu\/de\/"},{"@type":"ListItem","position":2,"name":"Shop","item":"https:\/\/www.gero.lu\/de\/shop"},{"@type":"ListItem","position":3,"name":"DIGITAL-X-PERIENCE DAY"}]},{"@type":"WebSite","@id":"https:\/\/www.gero.lu\/de\/#website","url":"https:\/\/www.gero.lu\/de\/","name":"Gero","description":"Kompetenzzenter fir den Alter","publisher":{"@id":"https:\/\/www.gero.lu\/de\/#organization"},"potentialAction":[{"@type":"SearchAction","target":{"@type":"EntryPoint","urlTemplate":"https:\/\/www.gero.lu\/de\/?s={search_term_string}"},"query-input":{"@type":"PropertyValueSpecification","valueRequired":true,"valueName":"search_term_string"}}],"inLanguage":"de"},{"@type":"Organization","@id":"https:\/\/www.gero.lu\/de\/#organization","name":"Gero","url":"https:\/\/www.gero.lu\/de\/","logo":{"@type":"ImageObject","inLanguage":"de","@id":"https:\/\/www.gero.lu\/de\/#\/schema\/logo\/image\/","url":"https:\/\/www.gero.lu\/wp-content\/uploads\/2024\/04\/logo.svg","contentUrl":"https:\/\/www.gero.lu\/wp-content\/uploads\/2024\/04\/logo.svg","width":76,"height":30,"caption":"Gero"},"image":{"@id":"https:\/\/www.gero.lu\/de\/#\/schema\/logo\/image\/"},"sameAs":["https:\/\/www.facebook.com\/Kompetenzzenter\/","https:\/\/www.instagram.com\/gero.kompetenzzenter\/","https:\/\/linkedin.com\/company\/gero-kompetenzzenter-fir-den-alter","https:\/\/www.youtube.com\/channel\/UCJvmJYSeHh3dYQsLHZupj-Q"]}]}},"_links":{"self":[{"href":"https:\/\/www.gero.lu\/de\/wp-json\/wp\/v2\/product\/5253","targetHints":{"allow":["GET"]}}],"collection":[{"href":"https:\/\/www.gero.lu\/de\/wp-json\/wp\/v2\/product"}],"about":[{"href":"https:\/\/www.gero.lu\/de\/wp-json\/wp\/v2\/types\/product"}],"replies":[{"embeddable":true,"href":"https:\/\/www.gero.lu\/de\/wp-json\/wp\/v2\/comments?post=5253"}],"wp:attachment":[{"href":"https:\/\/www.gero.lu\/de\/wp-json\/wp\/v2\/media?parent=5253"}],"wp:term":[{"taxonomy":"product_brand","embeddable":true,"href":"https:\/\/www.gero.lu\/de\/wp-json\/wp\/v2\/product_brand?post=5253"},{"taxonomy":"product_cat","embeddable":true,"href":"https:\/\/www.gero.lu\/de\/wp-json\/wp\/v2\/product_cat?post=5253"},{"taxonomy":"product_tag","embeddable":true,"href":"https:\/\/www.gero.lu\/de\/wp-json\/wp\/v2\/product_tag?post=5253"}],"curies":[{"name":"wp","href":"https:\/\/api.w.org\/{rel}","templated":true}]}}