{"id":5020,"date":"2023-03-01T14:22:40","date_gmt":"2023-03-01T14:22:40","guid":{"rendered":"https:\/\/www.gero.lu\/fr\/produit\/testgruppe-fur-posttv-gesucht"},"modified":"2023-03-10T14:21:36","modified_gmt":"2023-03-10T14:21:36","slug":"testgruppe-fur-posttv-gesucht","status":"publish","type":"product","link":"https:\/\/www.gero.lu\/de\/produit\/testgruppe-fur-posttv-gesucht","title":{"rendered":"Testgruppe f\u00fcr PostTV gesucht!"},"content":{"rendered":"<p>F\u00fcr die neue digitale Plattform PostTV werden noch interessierte Testpersonen gesucht, die am 13. M\u00e4rz von 10 bis 12 Uhr verschiedene Testaufgaben, wie z. B. Auswahl eines Films oder Suche nach einer vergangenen Sendung, durchf\u00fchren sollen.<br \/>\nEs w\u00e4re unbedingt von Vorteil, wenn Sie das Angebot PostTV bereits kennen und nutzen.<br \/>\nDie Veranstaltung findet auf luxemburgisch statt und wird von GERO sowie der Post begleitet, um dazu beizutragen, die Plattform anwenderfreundlicher zu gestalten.<br \/>\nF\u00fcr Kaffee und eine kleine St\u00e4rkung ist gesorgt.<\/p>\n<p>Bitte melden Sie sich unter info@gero.lu an. Veranstaltungsort ist : POST Technologies 2, rue Emile Bian L-1235 Luxembourg (Cloche d\u2019Or)<\/p>\n","protected":false},"excerpt":{"rendered":"<p>F\u00fcr die neue digitale Plattform PostTV werden noch interessierte Testpersonen gesucht, die am 13. M\u00e4rz von 10 bis 12 Uhr verschiedene Testaufgaben, wie z. B. Auswahl eines Films oder Suche nach einer vergangenen Sendung, durchf\u00fchren sollen. Es w\u00e4re unbedingt von Vorteil, wenn Sie das Angebot PostTV bereits kennen und nutzen. Die Veranstaltung findet auf luxemburgisch [&hellip;]<\/p>\n","protected":false},"featured_media":0,"comment_status":"closed","ping_status":"closed","template":"","meta":{"_acf_changed":false,"inline_featured_image":false},"product_brand":[],"product_cat":[229],"product_tag":[202],"class_list":{"0":"post-5020","1":"product","2":"type-product","3":"status-publish","5":"product_cat-workshop","6":"product_tag-monde-digital-senior","8":"first","9":"instock","10":"virtual","11":"purchasable","12":"product-type-simple"},"acf":[],"yoast_head":"<!-- This site is optimized with the Yoast SEO Premium plugin v26.5 (Yoast SEO v26.5) - https:\/\/yoast.com\/wordpress\/plugins\/seo\/ -->\n<title>Testgruppe f\u00fcr PostTV gesucht! - GERO<\/title>\n<meta name=\"robots\" content=\"index, follow, max-snippet:-1, max-image-preview:large, max-video-preview:-1\" \/>\n<link rel=\"canonical\" href=\"https:\/\/www.gero.lu\/de\/produit\/testgruppe-fur-posttv-gesucht\" \/>\n<meta property=\"og:locale\" content=\"de_DE\" \/>\n<meta property=\"og:type\" content=\"article\" \/>\n<meta property=\"og:title\" content=\"Testgruppe f\u00fcr PostTV gesucht!\" \/>\n<meta property=\"og:description\" content=\"F\u00fcr die neue digitale Plattform PostTV werden noch interessierte Testpersonen gesucht, die am 13. M\u00e4rz von 10 bis 12 Uhr verschiedene Testaufgaben, wie z. B. Auswahl eines Films oder Suche nach einer vergangenen Sendung, durchf\u00fchren sollen. Es w\u00e4re unbedingt von Vorteil, wenn Sie das Angebot PostTV bereits kennen und nutzen. Die Veranstaltung findet auf luxemburgisch [&hellip;]\" \/>\n<meta property=\"og:url\" content=\"https:\/\/www.gero.lu\/de\/produit\/testgruppe-fur-posttv-gesucht\" \/>\n<meta property=\"og:site_name\" content=\"GERO\" \/>\n<meta property=\"article:publisher\" content=\"https:\/\/www.facebook.com\/Kompetenzzenter\/\" \/>\n<meta property=\"article:modified_time\" content=\"2023-03-10T14:21:36+00:00\" \/>\n<meta property=\"og:image\" content=\"https:\/\/www.gero.lu\/wp-content\/uploads\/2021\/08\/gettyimages-1135289130-2048x2048_RET-1.jpg\" \/>\n\t<meta property=\"og:image:width\" content=\"1227\" \/>\n\t<meta property=\"og:image:height\" content=\"802\" \/>\n\t<meta property=\"og:image:type\" content=\"image\/jpeg\" \/>\n<meta name=\"twitter:card\" content=\"summary_large_image\" \/>\n<meta name=\"twitter:label1\" content=\"Gesch\u00e4tzte Lesezeit\" \/>\n\t<meta name=\"twitter:data1\" content=\"1\u00a0Minute\" \/>\n<script type=\"application\/ld+json\" class=\"yoast-schema-graph\">{\"@context\":\"https:\/\/schema.org\",\"@graph\":[{\"@type\":\"WebPage\",\"@id\":\"https:\/\/www.gero.lu\/de\/produit\/testgruppe-fur-posttv-gesucht\",\"url\":\"https:\/\/www.gero.lu\/de\/produit\/testgruppe-fur-posttv-gesucht\",\"name\":\"Testgruppe f\u00fcr PostTV gesucht! - GERO\",\"isPartOf\":{\"@id\":\"https:\/\/www.gero.lu\/de\/#website\"},\"datePublished\":\"2023-03-01T14:22:40+00:00\",\"dateModified\":\"2023-03-10T14:21:36+00:00\",\"breadcrumb\":{\"@id\":\"https:\/\/www.gero.lu\/de\/produit\/testgruppe-fur-posttv-gesucht#breadcrumb\"},\"inLanguage\":\"de\",\"potentialAction\":[{\"@type\":\"ReadAction\",\"target\":[[\"https:\/\/www.gero.lu\/de\/produit\/testgruppe-fur-posttv-gesucht\"]]}]},{\"@type\":\"BreadcrumbList\",\"@id\":\"https:\/\/www.gero.lu\/de\/produit\/testgruppe-fur-posttv-gesucht#breadcrumb\",\"itemListElement\":[{\"@type\":\"ListItem\",\"position\":1,\"name\":\"Accueil\",\"item\":\"https:\/\/www.gero.lu\/de\/\"},{\"@type\":\"ListItem\",\"position\":2,\"name\":\"Shop\",\"item\":\"https:\/\/www.gero.lu\/de\/shop\"},{\"@type\":\"ListItem\",\"position\":3,\"name\":\"Testgruppe f\u00fcr PostTV gesucht!\"}]},{\"@type\":\"WebSite\",\"@id\":\"https:\/\/www.gero.lu\/de\/#website\",\"url\":\"https:\/\/www.gero.lu\/de\/\",\"name\":\"Gero\",\"description\":\"Kompetenzzenter fir den Alter\",\"publisher\":{\"@id\":\"https:\/\/www.gero.lu\/de\/#organization\"},\"potentialAction\":[{\"@type\":\"SearchAction\",\"target\":{\"@type\":\"EntryPoint\",\"urlTemplate\":\"https:\/\/www.gero.lu\/de\/?s={search_term_string}\"},\"query-input\":{\"@type\":\"PropertyValueSpecification\",\"valueRequired\":true,\"valueName\":\"search_term_string\"}}],\"inLanguage\":\"de\"},{\"@type\":\"Organization\",\"@id\":\"https:\/\/www.gero.lu\/de\/#organization\",\"name\":\"Gero\",\"url\":\"https:\/\/www.gero.lu\/de\/\",\"logo\":{\"@type\":\"ImageObject\",\"inLanguage\":\"de\",\"@id\":\"https:\/\/www.gero.lu\/de\/#\/schema\/logo\/image\/\",\"url\":\"https:\/\/www.gero.lu\/wp-content\/uploads\/2024\/04\/logo.svg\",\"contentUrl\":\"https:\/\/www.gero.lu\/wp-content\/uploads\/2024\/04\/logo.svg\",\"width\":76,\"height\":30,\"caption\":\"Gero\"},\"image\":{\"@id\":\"https:\/\/www.gero.lu\/de\/#\/schema\/logo\/image\/\"},\"sameAs\":[\"https:\/\/www.facebook.com\/Kompetenzzenter\/\",\"https:\/\/www.instagram.com\/gero.kompetenzzenter\/\",\"https:\/\/linkedin.com\/company\/gero-kompetenzzenter-fir-den-alter\",\"https:\/\/www.youtube.com\/channel\/UCJvmJYSeHh3dYQsLHZupj-Q\"]}]}<\/script>\n<!-- \/ Yoast SEO Premium plugin. -->","yoast_head_json":{"title":"Testgruppe f\u00fcr PostTV gesucht! - GERO","robots":{"index":"index","follow":"follow","max-snippet":"max-snippet:-1","max-image-preview":"max-image-preview:large","max-video-preview":"max-video-preview:-1"},"canonical":"https:\/\/www.gero.lu\/de\/produit\/testgruppe-fur-posttv-gesucht","og_locale":"de_DE","og_type":"article","og_title":"Testgruppe f\u00fcr PostTV gesucht!","og_description":"F\u00fcr die neue digitale Plattform PostTV werden noch interessierte Testpersonen gesucht, die am 13. M\u00e4rz von 10 bis 12 Uhr verschiedene Testaufgaben, wie z. B. Auswahl eines Films oder Suche nach einer vergangenen Sendung, durchf\u00fchren sollen. Es w\u00e4re unbedingt von Vorteil, wenn Sie das Angebot PostTV bereits kennen und nutzen. Die Veranstaltung findet auf luxemburgisch [&hellip;]","og_url":"https:\/\/www.gero.lu\/de\/produit\/testgruppe-fur-posttv-gesucht","og_site_name":"GERO","article_publisher":"https:\/\/www.facebook.com\/Kompetenzzenter\/","article_modified_time":"2023-03-10T14:21:36+00:00","og_image":[{"width":1227,"height":802,"url":"https:\/\/www.gero.lu\/wp-content\/uploads\/2021\/08\/gettyimages-1135289130-2048x2048_RET-1.jpg","type":"image\/jpeg"}],"twitter_card":"summary_large_image","twitter_misc":{"Gesch\u00e4tzte Lesezeit":"1\u00a0Minute"},"schema":{"@context":"https:\/\/schema.org","@graph":[{"@type":"WebPage","@id":"https:\/\/www.gero.lu\/de\/produit\/testgruppe-fur-posttv-gesucht","url":"https:\/\/www.gero.lu\/de\/produit\/testgruppe-fur-posttv-gesucht","name":"Testgruppe f\u00fcr PostTV gesucht! - GERO","isPartOf":{"@id":"https:\/\/www.gero.lu\/de\/#website"},"datePublished":"2023-03-01T14:22:40+00:00","dateModified":"2023-03-10T14:21:36+00:00","breadcrumb":{"@id":"https:\/\/www.gero.lu\/de\/produit\/testgruppe-fur-posttv-gesucht#breadcrumb"},"inLanguage":"de","potentialAction":[{"@type":"ReadAction","target":[["https:\/\/www.gero.lu\/de\/produit\/testgruppe-fur-posttv-gesucht"]]}]},{"@type":"BreadcrumbList","@id":"https:\/\/www.gero.lu\/de\/produit\/testgruppe-fur-posttv-gesucht#breadcrumb","itemListElement":[{"@type":"ListItem","position":1,"name":"Accueil","item":"https:\/\/www.gero.lu\/de\/"},{"@type":"ListItem","position":2,"name":"Shop","item":"https:\/\/www.gero.lu\/de\/shop"},{"@type":"ListItem","position":3,"name":"Testgruppe f\u00fcr PostTV gesucht!"}]},{"@type":"WebSite","@id":"https:\/\/www.gero.lu\/de\/#website","url":"https:\/\/www.gero.lu\/de\/","name":"Gero","description":"Kompetenzzenter fir den Alter","publisher":{"@id":"https:\/\/www.gero.lu\/de\/#organization"},"potentialAction":[{"@type":"SearchAction","target":{"@type":"EntryPoint","urlTemplate":"https:\/\/www.gero.lu\/de\/?s={search_term_string}"},"query-input":{"@type":"PropertyValueSpecification","valueRequired":true,"valueName":"search_term_string"}}],"inLanguage":"de"},{"@type":"Organization","@id":"https:\/\/www.gero.lu\/de\/#organization","name":"Gero","url":"https:\/\/www.gero.lu\/de\/","logo":{"@type":"ImageObject","inLanguage":"de","@id":"https:\/\/www.gero.lu\/de\/#\/schema\/logo\/image\/","url":"https:\/\/www.gero.lu\/wp-content\/uploads\/2024\/04\/logo.svg","contentUrl":"https:\/\/www.gero.lu\/wp-content\/uploads\/2024\/04\/logo.svg","width":76,"height":30,"caption":"Gero"},"image":{"@id":"https:\/\/www.gero.lu\/de\/#\/schema\/logo\/image\/"},"sameAs":["https:\/\/www.facebook.com\/Kompetenzzenter\/","https:\/\/www.instagram.com\/gero.kompetenzzenter\/","https:\/\/linkedin.com\/company\/gero-kompetenzzenter-fir-den-alter","https:\/\/www.youtube.com\/channel\/UCJvmJYSeHh3dYQsLHZupj-Q"]}]}},"_links":{"self":[{"href":"https:\/\/www.gero.lu\/de\/wp-json\/wp\/v2\/product\/5020","targetHints":{"allow":["GET"]}}],"collection":[{"href":"https:\/\/www.gero.lu\/de\/wp-json\/wp\/v2\/product"}],"about":[{"href":"https:\/\/www.gero.lu\/de\/wp-json\/wp\/v2\/types\/product"}],"replies":[{"embeddable":true,"href":"https:\/\/www.gero.lu\/de\/wp-json\/wp\/v2\/comments?post=5020"}],"wp:attachment":[{"href":"https:\/\/www.gero.lu\/de\/wp-json\/wp\/v2\/media?parent=5020"}],"wp:term":[{"taxonomy":"product_brand","embeddable":true,"href":"https:\/\/www.gero.lu\/de\/wp-json\/wp\/v2\/product_brand?post=5020"},{"taxonomy":"product_cat","embeddable":true,"href":"https:\/\/www.gero.lu\/de\/wp-json\/wp\/v2\/product_cat?post=5020"},{"taxonomy":"product_tag","embeddable":true,"href":"https:\/\/www.gero.lu\/de\/wp-json\/wp\/v2\/product_tag?post=5020"}],"curies":[{"name":"wp","href":"https:\/\/api.w.org\/{rel}","templated":true}]}}