{"id":4997,"date":"2023-03-01T08:29:10","date_gmt":"2023-03-01T08:29:10","guid":{"rendered":"https:\/\/www.gero.lu\/?post_type=product&#038;p=4997"},"modified":"2023-03-01T08:35:19","modified_gmt":"2023-03-01T08:35:19","slug":"erennerungen-aus-engem-beweegte-jorhonnert-a-telecharger","status":"publish","type":"product","link":"https:\/\/www.gero.lu\/de\/produit\/erennerungen-aus-engem-beweegte-jorhonnert-a-telecharger","title":{"rendered":"Er\u00ebnnerungen aus engem beweegte Jorhonnert \u2013 zum Herunterladen"},"content":{"rendered":"","protected":false},"excerpt":{"rendered":"<p><strong>Er\u00ebnnerungen aus engem beweegte Jorhonnert <\/strong><\/p>\n<p><strong>Julie Muller-Barth\u00e9lemy<\/strong><\/p>\n<p>D\u2019Julie Muller-Barth\u00e9lemy ass 1921 zu Miersch gebuer, nodeems hir Elteren aus Amerika zer\u00e9ck op L\u00ebtzebuerg komm waren. Mat vill Detail a Begeeschterung erzielt si an d\u00ebsem Buch iwwer hiert erf\u00ebllten an engag\u00e9iert Liewen.<\/p>\n<p>Well d\u2018Print-Versioun vergraff ass, kann d\u00ebst Buch am GERO-Shop als pdf erofgeluede ginn. Dir k\u00ebnnt et dann um Ecran liesen an\/oder erausdr\u00e9cken, entweeder ganz oder s\u00e4iteweis. D\u2019Schr\u00ebftgr\u00e9isst kann um Ecran ugepasst ginn an och d\u2019Biller kann ee sch\u00e9i grouss kucken.<\/p>\n","protected":false},"featured_media":4999,"comment_status":"closed","ping_status":"closed","template":"","meta":{"_acf_changed":false,"inline_featured_image":false},"product_brand":[],"product_cat":[54,53],"product_tag":[],"class_list":{"0":"post-4997","1":"product","2":"type-product","3":"status-publish","4":"has-post-thumbnail","6":"product_cat-livres","7":"product_cat-produits","9":"first","10":"instock","11":"downloadable","12":"virtual","13":"purchasable","14":"product-type-simple"},"acf":[],"yoast_head":"<!-- This site is optimized with the Yoast SEO Premium plugin v27.4 (Yoast SEO v27.4) - https:\/\/yoast.com\/product\/yoast-seo-premium-wordpress\/ -->\n<title>Er\u00ebnnerungen aus engem beweegte Jorhonnert \u2013 zum Herunterladen - GERO<\/title>\n<meta name=\"robots\" content=\"index, follow, max-snippet:-1, max-image-preview:large, max-video-preview:-1\" \/>\n<link rel=\"canonical\" href=\"https:\/\/www.gero.lu\/de\/produit\/erennerungen-aus-engem-beweegte-jorhonnert-a-telecharger\" \/>\n<meta property=\"og:locale\" content=\"de_DE\" \/>\n<meta property=\"og:type\" content=\"article\" \/>\n<meta property=\"og:title\" content=\"Er\u00ebnnerungen aus engem beweegte Jorhonnert \u2013 zum Herunterladen\" \/>\n<meta property=\"og:description\" content=\"Er\u00ebnnerungen aus engem beweegte Jorhonnert   Julie Muller-Barth\u00e9lemy  D\u2019Julie Muller-Barth\u00e9lemy ass 1921 zu Miersch gebuer, nodeems hir Elteren aus Amerika zer\u00e9ck op L\u00ebtzebuerg komm waren. Mat vill Detail a Begeeschterung erzielt si an d\u00ebsem Buch iwwer hiert erf\u00ebllten an engag\u00e9iert Liewen.  Well d\u2018Print-Versioun vergraff ass, kann d\u00ebst Buch am GERO-Shop als pdf erofgeluede ginn. Dir k\u00ebnnt et dann um Ecran liesen an\/oder erausdr\u00e9cken, entweeder ganz oder s\u00e4iteweis. D\u2019Schr\u00ebftgr\u00e9isst kann um Ecran ugepasst ginn an och d\u2019Biller kann ee sch\u00e9i grouss kucken.\" \/>\n<meta property=\"og:url\" content=\"https:\/\/www.gero.lu\/de\/produit\/erennerungen-aus-engem-beweegte-jorhonnert-a-telecharger\" \/>\n<meta property=\"og:site_name\" content=\"GERO\" \/>\n<meta property=\"article:publisher\" content=\"https:\/\/www.facebook.com\/Kompetenzzenter\/\" \/>\n<meta property=\"article:modified_time\" content=\"2023-03-01T08:35:19+00:00\" \/>\n<meta property=\"og:image\" content=\"https:\/\/www.gero.lu\/wp-content\/uploads\/2021\/08\/gettyimages-1135289130-2048x2048_RET-1.jpg\" \/>\n\t<meta property=\"og:image:width\" content=\"1227\" \/>\n\t<meta property=\"og:image:height\" content=\"802\" \/>\n\t<meta property=\"og:image:type\" content=\"image\/jpeg\" \/>\n<meta name=\"twitter:card\" content=\"summary_large_image\" \/>\n<script type=\"application\/ld+json\" class=\"yoast-schema-graph\">{\"@context\":\"https:\\\/\\\/schema.org\",\"@graph\":[{\"@type\":\"WebPage\",\"@id\":\"https:\\\/\\\/www.gero.lu\\\/de\\\/produit\\\/erennerungen-aus-engem-beweegte-jorhonnert-a-telecharger\",\"url\":\"https:\\\/\\\/www.gero.lu\\\/de\\\/produit\\\/erennerungen-aus-engem-beweegte-jorhonnert-a-telecharger\",\"name\":\"Er\u00ebnnerungen aus engem beweegte Jorhonnert \u2013 zum Herunterladen - GERO\",\"isPartOf\":{\"@id\":\"https:\\\/\\\/www.gero.lu\\\/de\\\/#website\"},\"primaryImageOfPage\":{\"@id\":\"https:\\\/\\\/www.gero.lu\\\/de\\\/produit\\\/erennerungen-aus-engem-beweegte-jorhonnert-a-telecharger#primaryimage\"},\"image\":{\"@id\":\"https:\\\/\\\/www.gero.lu\\\/produit\\\/erennerungen-aus-engem-beweegte-jorhonnert-a-telecharger#primaryimage\"},\"thumbnailUrl\":\"https:\\\/\\\/www.gero.lu\\\/wp-content\\\/uploads\\\/2023\\\/03\\\/Erennerungen-aus-engem-beweegte-Jorhonnert-COVER-pdf.jpg\",\"datePublished\":\"2023-03-01T08:29:10+00:00\",\"dateModified\":\"2023-03-01T08:35:19+00:00\",\"breadcrumb\":{\"@id\":\"https:\\\/\\\/www.gero.lu\\\/de\\\/produit\\\/erennerungen-aus-engem-beweegte-jorhonnert-a-telecharger#breadcrumb\"},\"inLanguage\":\"de\",\"potentialAction\":[{\"@type\":\"ReadAction\",\"target\":[[\"https:\\\/\\\/www.gero.lu\\\/de\\\/produit\\\/erennerungen-aus-engem-beweegte-jorhonnert-a-telecharger\"]]}]},{\"@type\":\"ImageObject\",\"inLanguage\":\"de\",\"@id\":\"https:\\\/\\\/www.gero.lu\\\/de\\\/produit\\\/erennerungen-aus-engem-beweegte-jorhonnert-a-telecharger#primaryimage\",\"url\":\"https:\\\/\\\/www.gero.lu\\\/wp-content\\\/uploads\\\/2023\\\/03\\\/Erennerungen-aus-engem-beweegte-Jorhonnert-COVER-pdf.jpg\",\"contentUrl\":\"https:\\\/\\\/www.gero.lu\\\/wp-content\\\/uploads\\\/2023\\\/03\\\/Erennerungen-aus-engem-beweegte-Jorhonnert-COVER-pdf.jpg\"},{\"@type\":\"BreadcrumbList\",\"@id\":\"https:\\\/\\\/www.gero.lu\\\/de\\\/produit\\\/erennerungen-aus-engem-beweegte-jorhonnert-a-telecharger#breadcrumb\",\"itemListElement\":[{\"@type\":\"ListItem\",\"position\":1,\"name\":\"Accueil\",\"item\":\"https:\\\/\\\/www.gero.lu\\\/de\\\/\"},{\"@type\":\"ListItem\",\"position\":2,\"name\":\"Shop\",\"item\":\"https:\\\/\\\/www.gero.lu\\\/de\\\/shop\"},{\"@type\":\"ListItem\",\"position\":3,\"name\":\"Er\u00ebnnerungen aus engem beweegte Jorhonnert \u2013 \u00e0 t\u00e9l\u00e9charger\"}]},{\"@type\":\"WebSite\",\"@id\":\"https:\\\/\\\/www.gero.lu\\\/de\\\/#website\",\"url\":\"https:\\\/\\\/www.gero.lu\\\/de\\\/\",\"name\":\"Gero\",\"description\":\"Kompetenzzenter fir den Alter\",\"publisher\":{\"@id\":\"https:\\\/\\\/www.gero.lu\\\/de\\\/#organization\"},\"potentialAction\":[{\"@type\":\"SearchAction\",\"target\":{\"@type\":\"EntryPoint\",\"urlTemplate\":\"https:\\\/\\\/www.gero.lu\\\/de\\\/?s={search_term_string}\"},\"query-input\":{\"@type\":\"PropertyValueSpecification\",\"valueRequired\":true,\"valueName\":\"search_term_string\"}}],\"inLanguage\":\"de\"},{\"@type\":\"Organization\",\"@id\":\"https:\\\/\\\/www.gero.lu\\\/de\\\/#organization\",\"name\":\"Gero\",\"url\":\"https:\\\/\\\/www.gero.lu\\\/de\\\/\",\"logo\":{\"@type\":\"ImageObject\",\"inLanguage\":\"de\",\"@id\":\"https:\\\/\\\/www.gero.lu\\\/de\\\/#\\\/schema\\\/logo\\\/image\\\/\",\"url\":\"https:\\\/\\\/www.gero.lu\\\/wp-content\\\/uploads\\\/2024\\\/04\\\/logo.svg\",\"contentUrl\":\"https:\\\/\\\/www.gero.lu\\\/wp-content\\\/uploads\\\/2024\\\/04\\\/logo.svg\",\"width\":76,\"height\":30,\"caption\":\"Gero\"},\"image\":{\"@id\":\"https:\\\/\\\/www.gero.lu\\\/de\\\/#\\\/schema\\\/logo\\\/image\\\/\"},\"sameAs\":[\"https:\\\/\\\/www.facebook.com\\\/Kompetenzzenter\\\/\",\"https:\\\/\\\/www.instagram.com\\\/gero.kompetenzzenter\\\/\",\"https:\\\/\\\/linkedin.com\\\/company\\\/gero-kompetenzzenter-fir-den-alter\",\"https:\\\/\\\/www.youtube.com\\\/channel\\\/UCJvmJYSeHh3dYQsLHZupj-Q\"]}]}<\/script>\n<!-- \/ Yoast SEO Premium plugin. -->","yoast_head_json":{"title":"Er\u00ebnnerungen aus engem beweegte Jorhonnert \u2013 zum Herunterladen - GERO","robots":{"index":"index","follow":"follow","max-snippet":"max-snippet:-1","max-image-preview":"max-image-preview:large","max-video-preview":"max-video-preview:-1"},"canonical":"https:\/\/www.gero.lu\/de\/produit\/erennerungen-aus-engem-beweegte-jorhonnert-a-telecharger","og_locale":"de_DE","og_type":"article","og_title":"Er\u00ebnnerungen aus engem beweegte Jorhonnert \u2013 zum Herunterladen","og_description":"Er\u00ebnnerungen aus engem beweegte Jorhonnert   Julie Muller-Barth\u00e9lemy  D\u2019Julie Muller-Barth\u00e9lemy ass 1921 zu Miersch gebuer, nodeems hir Elteren aus Amerika zer\u00e9ck op L\u00ebtzebuerg komm waren. Mat vill Detail a Begeeschterung erzielt si an d\u00ebsem Buch iwwer hiert erf\u00ebllten an engag\u00e9iert Liewen.  Well d\u2018Print-Versioun vergraff ass, kann d\u00ebst Buch am GERO-Shop als pdf erofgeluede ginn. Dir k\u00ebnnt et dann um Ecran liesen an\/oder erausdr\u00e9cken, entweeder ganz oder s\u00e4iteweis. D\u2019Schr\u00ebftgr\u00e9isst kann um Ecran ugepasst ginn an och d\u2019Biller kann ee sch\u00e9i grouss kucken.","og_url":"https:\/\/www.gero.lu\/de\/produit\/erennerungen-aus-engem-beweegte-jorhonnert-a-telecharger","og_site_name":"GERO","article_publisher":"https:\/\/www.facebook.com\/Kompetenzzenter\/","article_modified_time":"2023-03-01T08:35:19+00:00","og_image":[{"width":1227,"height":802,"url":"https:\/\/www.gero.lu\/wp-content\/uploads\/2021\/08\/gettyimages-1135289130-2048x2048_RET-1.jpg","type":"image\/jpeg"}],"twitter_card":"summary_large_image","schema":{"@context":"https:\/\/schema.org","@graph":[{"@type":"WebPage","@id":"https:\/\/www.gero.lu\/de\/produit\/erennerungen-aus-engem-beweegte-jorhonnert-a-telecharger","url":"https:\/\/www.gero.lu\/de\/produit\/erennerungen-aus-engem-beweegte-jorhonnert-a-telecharger","name":"Er\u00ebnnerungen aus engem beweegte Jorhonnert \u2013 zum Herunterladen - GERO","isPartOf":{"@id":"https:\/\/www.gero.lu\/de\/#website"},"primaryImageOfPage":{"@id":"https:\/\/www.gero.lu\/de\/produit\/erennerungen-aus-engem-beweegte-jorhonnert-a-telecharger#primaryimage"},"image":{"@id":"https:\/\/www.gero.lu\/produit\/erennerungen-aus-engem-beweegte-jorhonnert-a-telecharger#primaryimage"},"thumbnailUrl":"https:\/\/www.gero.lu\/wp-content\/uploads\/2023\/03\/Erennerungen-aus-engem-beweegte-Jorhonnert-COVER-pdf.jpg","datePublished":"2023-03-01T08:29:10+00:00","dateModified":"2023-03-01T08:35:19+00:00","breadcrumb":{"@id":"https:\/\/www.gero.lu\/de\/produit\/erennerungen-aus-engem-beweegte-jorhonnert-a-telecharger#breadcrumb"},"inLanguage":"de","potentialAction":[{"@type":"ReadAction","target":[["https:\/\/www.gero.lu\/de\/produit\/erennerungen-aus-engem-beweegte-jorhonnert-a-telecharger"]]}]},{"@type":"ImageObject","inLanguage":"de","@id":"https:\/\/www.gero.lu\/de\/produit\/erennerungen-aus-engem-beweegte-jorhonnert-a-telecharger#primaryimage","url":"https:\/\/www.gero.lu\/wp-content\/uploads\/2023\/03\/Erennerungen-aus-engem-beweegte-Jorhonnert-COVER-pdf.jpg","contentUrl":"https:\/\/www.gero.lu\/wp-content\/uploads\/2023\/03\/Erennerungen-aus-engem-beweegte-Jorhonnert-COVER-pdf.jpg"},{"@type":"BreadcrumbList","@id":"https:\/\/www.gero.lu\/de\/produit\/erennerungen-aus-engem-beweegte-jorhonnert-a-telecharger#breadcrumb","itemListElement":[{"@type":"ListItem","position":1,"name":"Accueil","item":"https:\/\/www.gero.lu\/de\/"},{"@type":"ListItem","position":2,"name":"Shop","item":"https:\/\/www.gero.lu\/de\/shop"},{"@type":"ListItem","position":3,"name":"Er\u00ebnnerungen aus engem beweegte Jorhonnert \u2013 \u00e0 t\u00e9l\u00e9charger"}]},{"@type":"WebSite","@id":"https:\/\/www.gero.lu\/de\/#website","url":"https:\/\/www.gero.lu\/de\/","name":"Gero","description":"Kompetenzzenter fir den Alter","publisher":{"@id":"https:\/\/www.gero.lu\/de\/#organization"},"potentialAction":[{"@type":"SearchAction","target":{"@type":"EntryPoint","urlTemplate":"https:\/\/www.gero.lu\/de\/?s={search_term_string}"},"query-input":{"@type":"PropertyValueSpecification","valueRequired":true,"valueName":"search_term_string"}}],"inLanguage":"de"},{"@type":"Organization","@id":"https:\/\/www.gero.lu\/de\/#organization","name":"Gero","url":"https:\/\/www.gero.lu\/de\/","logo":{"@type":"ImageObject","inLanguage":"de","@id":"https:\/\/www.gero.lu\/de\/#\/schema\/logo\/image\/","url":"https:\/\/www.gero.lu\/wp-content\/uploads\/2024\/04\/logo.svg","contentUrl":"https:\/\/www.gero.lu\/wp-content\/uploads\/2024\/04\/logo.svg","width":76,"height":30,"caption":"Gero"},"image":{"@id":"https:\/\/www.gero.lu\/de\/#\/schema\/logo\/image\/"},"sameAs":["https:\/\/www.facebook.com\/Kompetenzzenter\/","https:\/\/www.instagram.com\/gero.kompetenzzenter\/","https:\/\/linkedin.com\/company\/gero-kompetenzzenter-fir-den-alter","https:\/\/www.youtube.com\/channel\/UCJvmJYSeHh3dYQsLHZupj-Q"]}]}},"_links":{"self":[{"href":"https:\/\/www.gero.lu\/de\/wp-json\/wp\/v2\/product\/4997","targetHints":{"allow":["GET"]}}],"collection":[{"href":"https:\/\/www.gero.lu\/de\/wp-json\/wp\/v2\/product"}],"about":[{"href":"https:\/\/www.gero.lu\/de\/wp-json\/wp\/v2\/types\/product"}],"replies":[{"embeddable":true,"href":"https:\/\/www.gero.lu\/de\/wp-json\/wp\/v2\/comments?post=4997"}],"wp:featuredmedia":[{"embeddable":true,"href":"https:\/\/www.gero.lu\/de\/wp-json\/wp\/v2\/media\/4999"}],"wp:attachment":[{"href":"https:\/\/www.gero.lu\/de\/wp-json\/wp\/v2\/media?parent=4997"}],"wp:term":[{"taxonomy":"product_brand","embeddable":true,"href":"https:\/\/www.gero.lu\/de\/wp-json\/wp\/v2\/product_brand?post=4997"},{"taxonomy":"product_cat","embeddable":true,"href":"https:\/\/www.gero.lu\/de\/wp-json\/wp\/v2\/product_cat?post=4997"},{"taxonomy":"product_tag","embeddable":true,"href":"https:\/\/www.gero.lu\/de\/wp-json\/wp\/v2\/product_tag?post=4997"}],"curies":[{"name":"wp","href":"https:\/\/api.w.org\/{rel}","templated":true}]}}