{"id":4971,"date":"2023-02-23T08:07:11","date_gmt":"2023-02-23T08:07:11","guid":{"rendered":"https:\/\/www.gero.lu\/fr\/produit\/nettoyage-et-desinfection-pour-les-maisons-de-soins-cipa"},"modified":"2023-09-14T12:21:33","modified_gmt":"2023-09-14T12:21:33","slug":"nettoyage-et-desinfection-pour-les-maisons-de-soins-cipa","status":"publish","type":"product","link":"https:\/\/www.gero.lu\/de\/produit\/nettoyage-et-desinfection-pour-les-maisons-de-soins-cipa","title":{"rendered":"Nettoyage et d\u00e9sinfection pour les maisons de soins + CIPA"},"content":{"rendered":"<p>Acqu\u00e9rir les connaissances n\u00e9cessaires au nettoyage et \u00e0 la d\u00e9sinfection des<br \/>\nmaison de soins et des CIPA.<\/p>\n<p>Public cible<br \/>\nToute personne int\u00e9ress\u00e9e par le sujet<\/p>\n<p>Programme<br \/>\nLe mat\u00e9riel de nettoyage<br \/>\nLes surfaces \u00e0 nettoyer<br \/>\nLes fr\u00e9quences de nettoyage<br \/>\nLes produits de nettoyage (utilisation, stockage)<br \/>\nLe plan de nettoyage<\/p>\n<p>P\u00e9dagogie<br \/>\nExpos\u00e9s th\u00e9oriques et exercices pratiques<\/p>\n","protected":false},"excerpt":{"rendered":"<p>Acqu\u00e9rir les connaissances n\u00e9cessaires au nettoyage et \u00e0 la d\u00e9sinfection des maison de soins et des CIPA. Public cible Toute personne int\u00e9ress\u00e9e par le sujet Programme Le mat\u00e9riel de nettoyage Les surfaces \u00e0 nettoyer Les fr\u00e9quences de nettoyage Les produits de nettoyage (utilisation, stockage) Le plan de nettoyage P\u00e9dagogie Expos\u00e9s th\u00e9oriques et exercices pratiques<\/p>\n","protected":false},"featured_media":0,"comment_status":"closed","ping_status":"closed","template":"","meta":{"_acf_changed":false,"inline_featured_image":false},"product_brand":[],"product_cat":[239],"product_tag":[235],"class_list":{"0":"post-4971","1":"product","2":"type-product","3":"status-publish","5":"product_cat-cours-pro","6":"product_tag-economie-domestique-pro","8":"first","9":"instock","10":"virtual","11":"purchasable","12":"product-type-simple"},"acf":[],"yoast_head":"<!-- This site is optimized with the Yoast SEO Premium plugin v27.4 (Yoast SEO v27.4) - https:\/\/yoast.com\/product\/yoast-seo-premium-wordpress\/ -->\n<title>Nettoyage et d\u00e9sinfection pour les maisons de soins + CIPA - GERO<\/title>\n<meta name=\"robots\" content=\"index, follow, max-snippet:-1, max-image-preview:large, max-video-preview:-1\" \/>\n<link rel=\"canonical\" href=\"https:\/\/www.gero.lu\/de\/produit\/nettoyage-et-desinfection-pour-les-maisons-de-soins-cipa\" \/>\n<meta property=\"og:locale\" content=\"de_DE\" \/>\n<meta property=\"og:type\" content=\"article\" \/>\n<meta property=\"og:title\" content=\"Nettoyage et d\u00e9sinfection pour les maisons de soins + CIPA\" \/>\n<meta property=\"og:description\" content=\"Acqu\u00e9rir les connaissances n\u00e9cessaires au nettoyage et \u00e0 la d\u00e9sinfection des maison de soins et des CIPA. Public cible Toute personne int\u00e9ress\u00e9e par le sujet Programme Le mat\u00e9riel de nettoyage Les surfaces \u00e0 nettoyer Les fr\u00e9quences de nettoyage Les produits de nettoyage (utilisation, stockage) Le plan de nettoyage P\u00e9dagogie Expos\u00e9s th\u00e9oriques et exercices pratiques\" \/>\n<meta property=\"og:url\" content=\"https:\/\/www.gero.lu\/de\/produit\/nettoyage-et-desinfection-pour-les-maisons-de-soins-cipa\" \/>\n<meta property=\"og:site_name\" content=\"GERO\" \/>\n<meta property=\"article:publisher\" content=\"https:\/\/www.facebook.com\/Kompetenzzenter\/\" \/>\n<meta property=\"article:modified_time\" content=\"2023-09-14T12:21:33+00:00\" \/>\n<meta property=\"og:image\" content=\"https:\/\/www.gero.lu\/wp-content\/uploads\/2021\/08\/gettyimages-1135289130-2048x2048_RET-1.jpg\" \/>\n\t<meta property=\"og:image:width\" content=\"1227\" \/>\n\t<meta property=\"og:image:height\" content=\"802\" \/>\n\t<meta property=\"og:image:type\" content=\"image\/jpeg\" \/>\n<meta name=\"twitter:card\" content=\"summary_large_image\" \/>\n<script type=\"application\/ld+json\" class=\"yoast-schema-graph\">{\"@context\":\"https:\\\/\\\/schema.org\",\"@graph\":[{\"@type\":\"WebPage\",\"@id\":\"https:\\\/\\\/www.gero.lu\\\/de\\\/produit\\\/nettoyage-et-desinfection-pour-les-maisons-de-soins-cipa\",\"url\":\"https:\\\/\\\/www.gero.lu\\\/de\\\/produit\\\/nettoyage-et-desinfection-pour-les-maisons-de-soins-cipa\",\"name\":\"Nettoyage et d\u00e9sinfection pour les maisons de soins + CIPA - GERO\",\"isPartOf\":{\"@id\":\"https:\\\/\\\/www.gero.lu\\\/de\\\/#website\"},\"datePublished\":\"2023-02-23T08:07:11+00:00\",\"dateModified\":\"2023-09-14T12:21:33+00:00\",\"breadcrumb\":{\"@id\":\"https:\\\/\\\/www.gero.lu\\\/de\\\/produit\\\/nettoyage-et-desinfection-pour-les-maisons-de-soins-cipa#breadcrumb\"},\"inLanguage\":\"de\",\"potentialAction\":[{\"@type\":\"ReadAction\",\"target\":[[\"https:\\\/\\\/www.gero.lu\\\/de\\\/produit\\\/nettoyage-et-desinfection-pour-les-maisons-de-soins-cipa\"]]}]},{\"@type\":\"BreadcrumbList\",\"@id\":\"https:\\\/\\\/www.gero.lu\\\/de\\\/produit\\\/nettoyage-et-desinfection-pour-les-maisons-de-soins-cipa#breadcrumb\",\"itemListElement\":[{\"@type\":\"ListItem\",\"position\":1,\"name\":\"Accueil\",\"item\":\"https:\\\/\\\/www.gero.lu\\\/de\\\/\"},{\"@type\":\"ListItem\",\"position\":2,\"name\":\"Shop\",\"item\":\"https:\\\/\\\/www.gero.lu\\\/de\\\/shop\"},{\"@type\":\"ListItem\",\"position\":3,\"name\":\"Nettoyage et d\u00e9sinfection pour les maisons de soins + CIPA\"}]},{\"@type\":\"WebSite\",\"@id\":\"https:\\\/\\\/www.gero.lu\\\/de\\\/#website\",\"url\":\"https:\\\/\\\/www.gero.lu\\\/de\\\/\",\"name\":\"Gero\",\"description\":\"Kompetenzzenter fir den Alter\",\"publisher\":{\"@id\":\"https:\\\/\\\/www.gero.lu\\\/de\\\/#organization\"},\"potentialAction\":[{\"@type\":\"SearchAction\",\"target\":{\"@type\":\"EntryPoint\",\"urlTemplate\":\"https:\\\/\\\/www.gero.lu\\\/de\\\/?s={search_term_string}\"},\"query-input\":{\"@type\":\"PropertyValueSpecification\",\"valueRequired\":true,\"valueName\":\"search_term_string\"}}],\"inLanguage\":\"de\"},{\"@type\":\"Organization\",\"@id\":\"https:\\\/\\\/www.gero.lu\\\/de\\\/#organization\",\"name\":\"Gero\",\"url\":\"https:\\\/\\\/www.gero.lu\\\/de\\\/\",\"logo\":{\"@type\":\"ImageObject\",\"inLanguage\":\"de\",\"@id\":\"https:\\\/\\\/www.gero.lu\\\/de\\\/#\\\/schema\\\/logo\\\/image\\\/\",\"url\":\"https:\\\/\\\/www.gero.lu\\\/wp-content\\\/uploads\\\/2024\\\/04\\\/logo.svg\",\"contentUrl\":\"https:\\\/\\\/www.gero.lu\\\/wp-content\\\/uploads\\\/2024\\\/04\\\/logo.svg\",\"width\":76,\"height\":30,\"caption\":\"Gero\"},\"image\":{\"@id\":\"https:\\\/\\\/www.gero.lu\\\/de\\\/#\\\/schema\\\/logo\\\/image\\\/\"},\"sameAs\":[\"https:\\\/\\\/www.facebook.com\\\/Kompetenzzenter\\\/\",\"https:\\\/\\\/www.instagram.com\\\/gero.kompetenzzenter\\\/\",\"https:\\\/\\\/linkedin.com\\\/company\\\/gero-kompetenzzenter-fir-den-alter\",\"https:\\\/\\\/www.youtube.com\\\/channel\\\/UCJvmJYSeHh3dYQsLHZupj-Q\"]}]}<\/script>\n<!-- \/ Yoast SEO Premium plugin. -->","yoast_head_json":{"title":"Nettoyage et d\u00e9sinfection pour les maisons de soins + CIPA - GERO","robots":{"index":"index","follow":"follow","max-snippet":"max-snippet:-1","max-image-preview":"max-image-preview:large","max-video-preview":"max-video-preview:-1"},"canonical":"https:\/\/www.gero.lu\/de\/produit\/nettoyage-et-desinfection-pour-les-maisons-de-soins-cipa","og_locale":"de_DE","og_type":"article","og_title":"Nettoyage et d\u00e9sinfection pour les maisons de soins + CIPA","og_description":"Acqu\u00e9rir les connaissances n\u00e9cessaires au nettoyage et \u00e0 la d\u00e9sinfection des maison de soins et des CIPA. Public cible Toute personne int\u00e9ress\u00e9e par le sujet Programme Le mat\u00e9riel de nettoyage Les surfaces \u00e0 nettoyer Les fr\u00e9quences de nettoyage Les produits de nettoyage (utilisation, stockage) Le plan de nettoyage P\u00e9dagogie Expos\u00e9s th\u00e9oriques et exercices pratiques","og_url":"https:\/\/www.gero.lu\/de\/produit\/nettoyage-et-desinfection-pour-les-maisons-de-soins-cipa","og_site_name":"GERO","article_publisher":"https:\/\/www.facebook.com\/Kompetenzzenter\/","article_modified_time":"2023-09-14T12:21:33+00:00","og_image":[{"width":1227,"height":802,"url":"https:\/\/www.gero.lu\/wp-content\/uploads\/2021\/08\/gettyimages-1135289130-2048x2048_RET-1.jpg","type":"image\/jpeg"}],"twitter_card":"summary_large_image","schema":{"@context":"https:\/\/schema.org","@graph":[{"@type":"WebPage","@id":"https:\/\/www.gero.lu\/de\/produit\/nettoyage-et-desinfection-pour-les-maisons-de-soins-cipa","url":"https:\/\/www.gero.lu\/de\/produit\/nettoyage-et-desinfection-pour-les-maisons-de-soins-cipa","name":"Nettoyage et d\u00e9sinfection pour les maisons de soins + CIPA - GERO","isPartOf":{"@id":"https:\/\/www.gero.lu\/de\/#website"},"datePublished":"2023-02-23T08:07:11+00:00","dateModified":"2023-09-14T12:21:33+00:00","breadcrumb":{"@id":"https:\/\/www.gero.lu\/de\/produit\/nettoyage-et-desinfection-pour-les-maisons-de-soins-cipa#breadcrumb"},"inLanguage":"de","potentialAction":[{"@type":"ReadAction","target":[["https:\/\/www.gero.lu\/de\/produit\/nettoyage-et-desinfection-pour-les-maisons-de-soins-cipa"]]}]},{"@type":"BreadcrumbList","@id":"https:\/\/www.gero.lu\/de\/produit\/nettoyage-et-desinfection-pour-les-maisons-de-soins-cipa#breadcrumb","itemListElement":[{"@type":"ListItem","position":1,"name":"Accueil","item":"https:\/\/www.gero.lu\/de\/"},{"@type":"ListItem","position":2,"name":"Shop","item":"https:\/\/www.gero.lu\/de\/shop"},{"@type":"ListItem","position":3,"name":"Nettoyage et d\u00e9sinfection pour les maisons de soins + CIPA"}]},{"@type":"WebSite","@id":"https:\/\/www.gero.lu\/de\/#website","url":"https:\/\/www.gero.lu\/de\/","name":"Gero","description":"Kompetenzzenter fir den Alter","publisher":{"@id":"https:\/\/www.gero.lu\/de\/#organization"},"potentialAction":[{"@type":"SearchAction","target":{"@type":"EntryPoint","urlTemplate":"https:\/\/www.gero.lu\/de\/?s={search_term_string}"},"query-input":{"@type":"PropertyValueSpecification","valueRequired":true,"valueName":"search_term_string"}}],"inLanguage":"de"},{"@type":"Organization","@id":"https:\/\/www.gero.lu\/de\/#organization","name":"Gero","url":"https:\/\/www.gero.lu\/de\/","logo":{"@type":"ImageObject","inLanguage":"de","@id":"https:\/\/www.gero.lu\/de\/#\/schema\/logo\/image\/","url":"https:\/\/www.gero.lu\/wp-content\/uploads\/2024\/04\/logo.svg","contentUrl":"https:\/\/www.gero.lu\/wp-content\/uploads\/2024\/04\/logo.svg","width":76,"height":30,"caption":"Gero"},"image":{"@id":"https:\/\/www.gero.lu\/de\/#\/schema\/logo\/image\/"},"sameAs":["https:\/\/www.facebook.com\/Kompetenzzenter\/","https:\/\/www.instagram.com\/gero.kompetenzzenter\/","https:\/\/linkedin.com\/company\/gero-kompetenzzenter-fir-den-alter","https:\/\/www.youtube.com\/channel\/UCJvmJYSeHh3dYQsLHZupj-Q"]}]}},"_links":{"self":[{"href":"https:\/\/www.gero.lu\/de\/wp-json\/wp\/v2\/product\/4971","targetHints":{"allow":["GET"]}}],"collection":[{"href":"https:\/\/www.gero.lu\/de\/wp-json\/wp\/v2\/product"}],"about":[{"href":"https:\/\/www.gero.lu\/de\/wp-json\/wp\/v2\/types\/product"}],"replies":[{"embeddable":true,"href":"https:\/\/www.gero.lu\/de\/wp-json\/wp\/v2\/comments?post=4971"}],"wp:attachment":[{"href":"https:\/\/www.gero.lu\/de\/wp-json\/wp\/v2\/media?parent=4971"}],"wp:term":[{"taxonomy":"product_brand","embeddable":true,"href":"https:\/\/www.gero.lu\/de\/wp-json\/wp\/v2\/product_brand?post=4971"},{"taxonomy":"product_cat","embeddable":true,"href":"https:\/\/www.gero.lu\/de\/wp-json\/wp\/v2\/product_cat?post=4971"},{"taxonomy":"product_tag","embeddable":true,"href":"https:\/\/www.gero.lu\/de\/wp-json\/wp\/v2\/product_tag?post=4971"}],"curies":[{"name":"wp","href":"https:\/\/api.w.org\/{rel}","templated":true}]}}