{"id":4947,"date":"2023-02-16T15:21:34","date_gmt":"2023-02-16T15:21:34","guid":{"rendered":"https:\/\/www.gero.lu\/fr\/produit\/heilkrauter-auf-dem-kirchberg"},"modified":"2023-04-27T08:23:12","modified_gmt":"2023-04-27T08:23:12","slug":"heilkrauter-auf-dem-kirchberg","status":"publish","type":"product","link":"https:\/\/www.gero.lu\/de\/produit\/heilkrauter-auf-dem-kirchberg","title":{"rendered":"Heilkr\u00e4uter auf dem Kirchberg"},"content":{"rendered":"<p>Entdecken Sie bei diesem Rundgang mit der Heilkr\u00e4uter-Expertin Vivian Craig Wildpflanzen, die ohne menschliches Zutun auf dem Kirchberg wachsen. Sie erfahren mehr \u00fcber diese besonderen Pflanzen und ihre interessanten traditionellen Anwendungsm\u00f6glichkeiten, wie sie in der westlichen Pflanzenheilkunde nach wie vor eingesetzt werden.<\/p>\n<p>Die zweist\u00fcndige Wanderung f\u00fchrt \u00fcber gut begehbare Wege. Trotzdem sollten Sie festes und trittsicheres Schuhwerk tragen und sich der Witterung entsprechend anziehen.<\/p>\n","protected":false},"excerpt":{"rendered":"<p>Entdecken Sie bei diesem Rundgang mit der Heilkr\u00e4uter-Expertin Vivian Craig Wildpflanzen, die ohne menschliches Zutun auf dem Kirchberg wachsen. Sie erfahren mehr \u00fcber diese besonderen Pflanzen und ihre interessanten traditionellen Anwendungsm\u00f6glichkeiten, wie sie in der westlichen Pflanzenheilkunde nach wie vor eingesetzt werden. Die zweist\u00fcndige Wanderung f\u00fchrt \u00fcber gut begehbare Wege. Trotzdem sollten Sie festes und [&hellip;]<\/p>\n","protected":false},"featured_media":0,"comment_status":"closed","ping_status":"closed","template":"","meta":{"_acf_changed":false,"inline_featured_image":false},"product_brand":[],"product_cat":[230],"product_tag":[200],"class_list":{"0":"post-4947","1":"product","2":"type-product","3":"status-publish","5":"product_cat-visite","6":"product_tag-sante-senior","8":"first","9":"instock","10":"virtual","11":"purchasable","12":"product-type-simple"},"acf":[],"yoast_head":"<!-- This site is optimized with the Yoast SEO Premium plugin v27.4 (Yoast SEO v27.5) - https:\/\/yoast.com\/product\/yoast-seo-premium-wordpress\/ -->\n<title>Heilkr\u00e4uter auf dem Kirchberg - GERO<\/title>\n<meta name=\"robots\" content=\"index, follow, max-snippet:-1, max-image-preview:large, max-video-preview:-1\" \/>\n<link rel=\"canonical\" href=\"https:\/\/www.gero.lu\/de\/produit\/heilkrauter-auf-dem-kirchberg\" \/>\n<meta property=\"og:locale\" content=\"de_DE\" \/>\n<meta property=\"og:type\" content=\"article\" \/>\n<meta property=\"og:title\" content=\"Heilkr\u00e4uter auf dem Kirchberg\" \/>\n<meta property=\"og:description\" content=\"Entdecken Sie bei diesem Rundgang mit der Heilkr\u00e4uter-Expertin Vivian Craig Wildpflanzen, die ohne menschliches Zutun auf dem Kirchberg wachsen. Sie erfahren mehr \u00fcber diese besonderen Pflanzen und ihre interessanten traditionellen Anwendungsm\u00f6glichkeiten, wie sie in der westlichen Pflanzenheilkunde nach wie vor eingesetzt werden. Die zweist\u00fcndige Wanderung f\u00fchrt \u00fcber gut begehbare Wege. Trotzdem sollten Sie festes und [&hellip;]\" \/>\n<meta property=\"og:url\" content=\"https:\/\/www.gero.lu\/de\/produit\/heilkrauter-auf-dem-kirchberg\" \/>\n<meta property=\"og:site_name\" content=\"GERO\" \/>\n<meta property=\"article:publisher\" content=\"https:\/\/www.facebook.com\/Kompetenzzenter\/\" \/>\n<meta property=\"article:modified_time\" content=\"2023-04-27T08:23:12+00:00\" \/>\n<meta property=\"og:image\" content=\"https:\/\/www.gero.lu\/wp-content\/uploads\/2021\/08\/gettyimages-1135289130-2048x2048_RET-1.jpg\" \/>\n\t<meta property=\"og:image:width\" content=\"1227\" \/>\n\t<meta property=\"og:image:height\" content=\"802\" \/>\n\t<meta property=\"og:image:type\" content=\"image\/jpeg\" \/>\n<meta name=\"twitter:card\" content=\"summary_large_image\" \/>\n<script type=\"application\/ld+json\" class=\"yoast-schema-graph\">{\"@context\":\"https:\\\/\\\/schema.org\",\"@graph\":[{\"@type\":\"WebPage\",\"@id\":\"https:\\\/\\\/www.gero.lu\\\/de\\\/produit\\\/heilkrauter-auf-dem-kirchberg\",\"url\":\"https:\\\/\\\/www.gero.lu\\\/de\\\/produit\\\/heilkrauter-auf-dem-kirchberg\",\"name\":\"Heilkr\u00e4uter auf dem Kirchberg - GERO\",\"isPartOf\":{\"@id\":\"https:\\\/\\\/www.gero.lu\\\/de\\\/#website\"},\"datePublished\":\"2023-02-16T15:21:34+00:00\",\"dateModified\":\"2023-04-27T08:23:12+00:00\",\"breadcrumb\":{\"@id\":\"https:\\\/\\\/www.gero.lu\\\/de\\\/produit\\\/heilkrauter-auf-dem-kirchberg#breadcrumb\"},\"inLanguage\":\"de\",\"potentialAction\":[{\"@type\":\"ReadAction\",\"target\":[[\"https:\\\/\\\/www.gero.lu\\\/de\\\/produit\\\/heilkrauter-auf-dem-kirchberg\"]]}]},{\"@type\":\"BreadcrumbList\",\"@id\":\"https:\\\/\\\/www.gero.lu\\\/de\\\/produit\\\/heilkrauter-auf-dem-kirchberg#breadcrumb\",\"itemListElement\":[{\"@type\":\"ListItem\",\"position\":1,\"name\":\"Accueil\",\"item\":\"https:\\\/\\\/www.gero.lu\\\/de\\\/\"},{\"@type\":\"ListItem\",\"position\":2,\"name\":\"Shop\",\"item\":\"https:\\\/\\\/www.gero.lu\\\/de\\\/shop\"},{\"@type\":\"ListItem\",\"position\":3,\"name\":\"Heilkr\u00e4uter auf dem Kirchberg\"}]},{\"@type\":\"WebSite\",\"@id\":\"https:\\\/\\\/www.gero.lu\\\/de\\\/#website\",\"url\":\"https:\\\/\\\/www.gero.lu\\\/de\\\/\",\"name\":\"Gero\",\"description\":\"Kompetenzzenter fir den Alter\",\"publisher\":{\"@id\":\"https:\\\/\\\/www.gero.lu\\\/de\\\/#organization\"},\"potentialAction\":[{\"@type\":\"SearchAction\",\"target\":{\"@type\":\"EntryPoint\",\"urlTemplate\":\"https:\\\/\\\/www.gero.lu\\\/de\\\/?s={search_term_string}\"},\"query-input\":{\"@type\":\"PropertyValueSpecification\",\"valueRequired\":true,\"valueName\":\"search_term_string\"}}],\"inLanguage\":\"de\"},{\"@type\":\"Organization\",\"@id\":\"https:\\\/\\\/www.gero.lu\\\/de\\\/#organization\",\"name\":\"Gero\",\"url\":\"https:\\\/\\\/www.gero.lu\\\/de\\\/\",\"logo\":{\"@type\":\"ImageObject\",\"inLanguage\":\"de\",\"@id\":\"https:\\\/\\\/www.gero.lu\\\/de\\\/#\\\/schema\\\/logo\\\/image\\\/\",\"url\":\"https:\\\/\\\/www.gero.lu\\\/wp-content\\\/uploads\\\/2024\\\/04\\\/logo.svg\",\"contentUrl\":\"https:\\\/\\\/www.gero.lu\\\/wp-content\\\/uploads\\\/2024\\\/04\\\/logo.svg\",\"width\":76,\"height\":30,\"caption\":\"Gero\"},\"image\":{\"@id\":\"https:\\\/\\\/www.gero.lu\\\/de\\\/#\\\/schema\\\/logo\\\/image\\\/\"},\"sameAs\":[\"https:\\\/\\\/www.facebook.com\\\/Kompetenzzenter\\\/\",\"https:\\\/\\\/www.instagram.com\\\/gero.kompetenzzenter\\\/\",\"https:\\\/\\\/linkedin.com\\\/company\\\/gero-kompetenzzenter-fir-den-alter\",\"https:\\\/\\\/www.youtube.com\\\/channel\\\/UCJvmJYSeHh3dYQsLHZupj-Q\"]}]}<\/script>\n<!-- \/ Yoast SEO Premium plugin. -->","yoast_head_json":{"title":"Heilkr\u00e4uter auf dem Kirchberg - GERO","robots":{"index":"index","follow":"follow","max-snippet":"max-snippet:-1","max-image-preview":"max-image-preview:large","max-video-preview":"max-video-preview:-1"},"canonical":"https:\/\/www.gero.lu\/de\/produit\/heilkrauter-auf-dem-kirchberg","og_locale":"de_DE","og_type":"article","og_title":"Heilkr\u00e4uter auf dem Kirchberg","og_description":"Entdecken Sie bei diesem Rundgang mit der Heilkr\u00e4uter-Expertin Vivian Craig Wildpflanzen, die ohne menschliches Zutun auf dem Kirchberg wachsen. Sie erfahren mehr \u00fcber diese besonderen Pflanzen und ihre interessanten traditionellen Anwendungsm\u00f6glichkeiten, wie sie in der westlichen Pflanzenheilkunde nach wie vor eingesetzt werden. Die zweist\u00fcndige Wanderung f\u00fchrt \u00fcber gut begehbare Wege. Trotzdem sollten Sie festes und [&hellip;]","og_url":"https:\/\/www.gero.lu\/de\/produit\/heilkrauter-auf-dem-kirchberg","og_site_name":"GERO","article_publisher":"https:\/\/www.facebook.com\/Kompetenzzenter\/","article_modified_time":"2023-04-27T08:23:12+00:00","og_image":[{"width":1227,"height":802,"url":"https:\/\/www.gero.lu\/wp-content\/uploads\/2021\/08\/gettyimages-1135289130-2048x2048_RET-1.jpg","type":"image\/jpeg"}],"twitter_card":"summary_large_image","schema":{"@context":"https:\/\/schema.org","@graph":[{"@type":"WebPage","@id":"https:\/\/www.gero.lu\/de\/produit\/heilkrauter-auf-dem-kirchberg","url":"https:\/\/www.gero.lu\/de\/produit\/heilkrauter-auf-dem-kirchberg","name":"Heilkr\u00e4uter auf dem Kirchberg - GERO","isPartOf":{"@id":"https:\/\/www.gero.lu\/de\/#website"},"datePublished":"2023-02-16T15:21:34+00:00","dateModified":"2023-04-27T08:23:12+00:00","breadcrumb":{"@id":"https:\/\/www.gero.lu\/de\/produit\/heilkrauter-auf-dem-kirchberg#breadcrumb"},"inLanguage":"de","potentialAction":[{"@type":"ReadAction","target":[["https:\/\/www.gero.lu\/de\/produit\/heilkrauter-auf-dem-kirchberg"]]}]},{"@type":"BreadcrumbList","@id":"https:\/\/www.gero.lu\/de\/produit\/heilkrauter-auf-dem-kirchberg#breadcrumb","itemListElement":[{"@type":"ListItem","position":1,"name":"Accueil","item":"https:\/\/www.gero.lu\/de\/"},{"@type":"ListItem","position":2,"name":"Shop","item":"https:\/\/www.gero.lu\/de\/shop"},{"@type":"ListItem","position":3,"name":"Heilkr\u00e4uter auf dem Kirchberg"}]},{"@type":"WebSite","@id":"https:\/\/www.gero.lu\/de\/#website","url":"https:\/\/www.gero.lu\/de\/","name":"Gero","description":"Kompetenzzenter fir den Alter","publisher":{"@id":"https:\/\/www.gero.lu\/de\/#organization"},"potentialAction":[{"@type":"SearchAction","target":{"@type":"EntryPoint","urlTemplate":"https:\/\/www.gero.lu\/de\/?s={search_term_string}"},"query-input":{"@type":"PropertyValueSpecification","valueRequired":true,"valueName":"search_term_string"}}],"inLanguage":"de"},{"@type":"Organization","@id":"https:\/\/www.gero.lu\/de\/#organization","name":"Gero","url":"https:\/\/www.gero.lu\/de\/","logo":{"@type":"ImageObject","inLanguage":"de","@id":"https:\/\/www.gero.lu\/de\/#\/schema\/logo\/image\/","url":"https:\/\/www.gero.lu\/wp-content\/uploads\/2024\/04\/logo.svg","contentUrl":"https:\/\/www.gero.lu\/wp-content\/uploads\/2024\/04\/logo.svg","width":76,"height":30,"caption":"Gero"},"image":{"@id":"https:\/\/www.gero.lu\/de\/#\/schema\/logo\/image\/"},"sameAs":["https:\/\/www.facebook.com\/Kompetenzzenter\/","https:\/\/www.instagram.com\/gero.kompetenzzenter\/","https:\/\/linkedin.com\/company\/gero-kompetenzzenter-fir-den-alter","https:\/\/www.youtube.com\/channel\/UCJvmJYSeHh3dYQsLHZupj-Q"]}]}},"_links":{"self":[{"href":"https:\/\/www.gero.lu\/de\/wp-json\/wp\/v2\/product\/4947","targetHints":{"allow":["GET"]}}],"collection":[{"href":"https:\/\/www.gero.lu\/de\/wp-json\/wp\/v2\/product"}],"about":[{"href":"https:\/\/www.gero.lu\/de\/wp-json\/wp\/v2\/types\/product"}],"replies":[{"embeddable":true,"href":"https:\/\/www.gero.lu\/de\/wp-json\/wp\/v2\/comments?post=4947"}],"wp:attachment":[{"href":"https:\/\/www.gero.lu\/de\/wp-json\/wp\/v2\/media?parent=4947"}],"wp:term":[{"taxonomy":"product_brand","embeddable":true,"href":"https:\/\/www.gero.lu\/de\/wp-json\/wp\/v2\/product_brand?post=4947"},{"taxonomy":"product_cat","embeddable":true,"href":"https:\/\/www.gero.lu\/de\/wp-json\/wp\/v2\/product_cat?post=4947"},{"taxonomy":"product_tag","embeddable":true,"href":"https:\/\/www.gero.lu\/de\/wp-json\/wp\/v2\/product_tag?post=4947"}],"curies":[{"name":"wp","href":"https:\/\/api.w.org\/{rel}","templated":true}]}}