{"id":4945,"date":"2023-02-16T15:21:33","date_gmt":"2023-02-16T15:21:33","guid":{"rendered":"https:\/\/www.gero.lu\/fr\/produit\/beschkierfecht-olm"},"modified":"2023-05-08T10:21:43","modified_gmt":"2023-05-08T10:21:43","slug":"beschkierfecht-olm","status":"publish","type":"product","link":"https:\/\/www.gero.lu\/de\/produit\/beschkierfecht-olm","title":{"rendered":"B\u00ebschkierfecht Olm"},"content":{"rendered":"<p>Waldfriedh\u00f6fe erfreuen sich immer gr\u00f6\u00dferer<br \/>\nBeliebtheit. Bei diesem Rundgang erkl\u00e4rt<br \/>\nDani\u00e8le Murat, Verantwortliche bei der \u201eAdministration de la Nature et des For\u00eats\u201d, das<br \/>\nPrinzip dieser naturnahen Friedh\u00f6fe.<\/p>\n<p>Jo\u00ebl Kieffer und Fabrice Reuland erl\u00e4utern am Beispiel der Gemeinde Kehlen, wie solch<br \/>\nein Friedhof angelegt ist und was es u.a. in<br \/>\npunkto Bestattung und Grabpflege zu beachten<br \/>\ngilt.<\/p>\n<p>Une traduction en fran\u00e7ais est pr\u00e9vue. Il y aura des explications par rapport au fonctionnement<br \/>\ndes cimeti\u00e8res forestiers.<\/p>\n","protected":false},"excerpt":{"rendered":"<p>Waldfriedh\u00f6fe erfreuen sich immer gr\u00f6\u00dferer Beliebtheit. Bei diesem Rundgang erkl\u00e4rt Dani\u00e8le Murat, Verantwortliche bei der \u201eAdministration de la Nature et des For\u00eats\u201d, das Prinzip dieser naturnahen Friedh\u00f6fe. Jo\u00ebl Kieffer und Fabrice Reuland erl\u00e4utern am Beispiel der Gemeinde Kehlen, wie solch ein Friedhof angelegt ist und was es u.a. in punkto Bestattung und Grabpflege zu beachten [&hellip;]<\/p>\n","protected":false},"featured_media":0,"comment_status":"closed","ping_status":"closed","template":"","meta":{"_acf_changed":false,"inline_featured_image":false},"product_brand":[],"product_cat":[230],"product_tag":[203],"class_list":{"0":"post-4945","1":"product","2":"type-product","3":"status-publish","5":"product_cat-visite","6":"product_tag-connaissance-de-vie-senior","8":"first","9":"instock","10":"virtual","11":"purchasable","12":"product-type-simple"},"acf":[],"yoast_head":"<!-- This site is optimized with the Yoast SEO Premium plugin v27.4 (Yoast SEO v27.5) - https:\/\/yoast.com\/product\/yoast-seo-premium-wordpress\/ -->\n<title>B\u00ebschkierfecht Olm - GERO<\/title>\n<meta name=\"robots\" content=\"index, follow, max-snippet:-1, max-image-preview:large, max-video-preview:-1\" \/>\n<link rel=\"canonical\" href=\"https:\/\/www.gero.lu\/de\/produit\/beschkierfecht-olm\" \/>\n<meta property=\"og:locale\" content=\"de_DE\" \/>\n<meta property=\"og:type\" content=\"article\" \/>\n<meta property=\"og:title\" content=\"B\u00ebschkierfecht Olm\" \/>\n<meta property=\"og:description\" content=\"Waldfriedh\u00f6fe erfreuen sich immer gr\u00f6\u00dferer Beliebtheit. Bei diesem Rundgang erkl\u00e4rt Dani\u00e8le Murat, Verantwortliche bei der \u201eAdministration de la Nature et des For\u00eats\u201d, das Prinzip dieser naturnahen Friedh\u00f6fe. Jo\u00ebl Kieffer und Fabrice Reuland erl\u00e4utern am Beispiel der Gemeinde Kehlen, wie solch ein Friedhof angelegt ist und was es u.a. in punkto Bestattung und Grabpflege zu beachten [&hellip;]\" \/>\n<meta property=\"og:url\" content=\"https:\/\/www.gero.lu\/de\/produit\/beschkierfecht-olm\" \/>\n<meta property=\"og:site_name\" content=\"GERO\" \/>\n<meta property=\"article:publisher\" content=\"https:\/\/www.facebook.com\/Kompetenzzenter\/\" \/>\n<meta property=\"article:modified_time\" content=\"2023-05-08T10:21:43+00:00\" \/>\n<meta property=\"og:image\" content=\"https:\/\/www.gero.lu\/wp-content\/uploads\/2021\/08\/gettyimages-1135289130-2048x2048_RET-1.jpg\" \/>\n\t<meta property=\"og:image:width\" content=\"1227\" \/>\n\t<meta property=\"og:image:height\" content=\"802\" \/>\n\t<meta property=\"og:image:type\" content=\"image\/jpeg\" \/>\n<meta name=\"twitter:card\" content=\"summary_large_image\" \/>\n<script type=\"application\/ld+json\" class=\"yoast-schema-graph\">{\"@context\":\"https:\\\/\\\/schema.org\",\"@graph\":[{\"@type\":\"WebPage\",\"@id\":\"https:\\\/\\\/www.gero.lu\\\/de\\\/produit\\\/beschkierfecht-olm\",\"url\":\"https:\\\/\\\/www.gero.lu\\\/de\\\/produit\\\/beschkierfecht-olm\",\"name\":\"B\u00ebschkierfecht Olm - GERO\",\"isPartOf\":{\"@id\":\"https:\\\/\\\/www.gero.lu\\\/de\\\/#website\"},\"datePublished\":\"2023-02-16T15:21:33+00:00\",\"dateModified\":\"2023-05-08T10:21:43+00:00\",\"breadcrumb\":{\"@id\":\"https:\\\/\\\/www.gero.lu\\\/de\\\/produit\\\/beschkierfecht-olm#breadcrumb\"},\"inLanguage\":\"de\",\"potentialAction\":[{\"@type\":\"ReadAction\",\"target\":[[\"https:\\\/\\\/www.gero.lu\\\/de\\\/produit\\\/beschkierfecht-olm\"]]}]},{\"@type\":\"BreadcrumbList\",\"@id\":\"https:\\\/\\\/www.gero.lu\\\/de\\\/produit\\\/beschkierfecht-olm#breadcrumb\",\"itemListElement\":[{\"@type\":\"ListItem\",\"position\":1,\"name\":\"Accueil\",\"item\":\"https:\\\/\\\/www.gero.lu\\\/de\\\/\"},{\"@type\":\"ListItem\",\"position\":2,\"name\":\"Shop\",\"item\":\"https:\\\/\\\/www.gero.lu\\\/de\\\/shop\"},{\"@type\":\"ListItem\",\"position\":3,\"name\":\"B\u00ebschkierfecht Olm\"}]},{\"@type\":\"WebSite\",\"@id\":\"https:\\\/\\\/www.gero.lu\\\/de\\\/#website\",\"url\":\"https:\\\/\\\/www.gero.lu\\\/de\\\/\",\"name\":\"Gero\",\"description\":\"Kompetenzzenter fir den Alter\",\"publisher\":{\"@id\":\"https:\\\/\\\/www.gero.lu\\\/de\\\/#organization\"},\"potentialAction\":[{\"@type\":\"SearchAction\",\"target\":{\"@type\":\"EntryPoint\",\"urlTemplate\":\"https:\\\/\\\/www.gero.lu\\\/de\\\/?s={search_term_string}\"},\"query-input\":{\"@type\":\"PropertyValueSpecification\",\"valueRequired\":true,\"valueName\":\"search_term_string\"}}],\"inLanguage\":\"de\"},{\"@type\":\"Organization\",\"@id\":\"https:\\\/\\\/www.gero.lu\\\/de\\\/#organization\",\"name\":\"Gero\",\"url\":\"https:\\\/\\\/www.gero.lu\\\/de\\\/\",\"logo\":{\"@type\":\"ImageObject\",\"inLanguage\":\"de\",\"@id\":\"https:\\\/\\\/www.gero.lu\\\/de\\\/#\\\/schema\\\/logo\\\/image\\\/\",\"url\":\"https:\\\/\\\/www.gero.lu\\\/wp-content\\\/uploads\\\/2024\\\/04\\\/logo.svg\",\"contentUrl\":\"https:\\\/\\\/www.gero.lu\\\/wp-content\\\/uploads\\\/2024\\\/04\\\/logo.svg\",\"width\":76,\"height\":30,\"caption\":\"Gero\"},\"image\":{\"@id\":\"https:\\\/\\\/www.gero.lu\\\/de\\\/#\\\/schema\\\/logo\\\/image\\\/\"},\"sameAs\":[\"https:\\\/\\\/www.facebook.com\\\/Kompetenzzenter\\\/\",\"https:\\\/\\\/www.instagram.com\\\/gero.kompetenzzenter\\\/\",\"https:\\\/\\\/linkedin.com\\\/company\\\/gero-kompetenzzenter-fir-den-alter\",\"https:\\\/\\\/www.youtube.com\\\/channel\\\/UCJvmJYSeHh3dYQsLHZupj-Q\"]}]}<\/script>\n<!-- \/ Yoast SEO Premium plugin. -->","yoast_head_json":{"title":"B\u00ebschkierfecht Olm - GERO","robots":{"index":"index","follow":"follow","max-snippet":"max-snippet:-1","max-image-preview":"max-image-preview:large","max-video-preview":"max-video-preview:-1"},"canonical":"https:\/\/www.gero.lu\/de\/produit\/beschkierfecht-olm","og_locale":"de_DE","og_type":"article","og_title":"B\u00ebschkierfecht Olm","og_description":"Waldfriedh\u00f6fe erfreuen sich immer gr\u00f6\u00dferer Beliebtheit. Bei diesem Rundgang erkl\u00e4rt Dani\u00e8le Murat, Verantwortliche bei der \u201eAdministration de la Nature et des For\u00eats\u201d, das Prinzip dieser naturnahen Friedh\u00f6fe. Jo\u00ebl Kieffer und Fabrice Reuland erl\u00e4utern am Beispiel der Gemeinde Kehlen, wie solch ein Friedhof angelegt ist und was es u.a. in punkto Bestattung und Grabpflege zu beachten [&hellip;]","og_url":"https:\/\/www.gero.lu\/de\/produit\/beschkierfecht-olm","og_site_name":"GERO","article_publisher":"https:\/\/www.facebook.com\/Kompetenzzenter\/","article_modified_time":"2023-05-08T10:21:43+00:00","og_image":[{"width":1227,"height":802,"url":"https:\/\/www.gero.lu\/wp-content\/uploads\/2021\/08\/gettyimages-1135289130-2048x2048_RET-1.jpg","type":"image\/jpeg"}],"twitter_card":"summary_large_image","schema":{"@context":"https:\/\/schema.org","@graph":[{"@type":"WebPage","@id":"https:\/\/www.gero.lu\/de\/produit\/beschkierfecht-olm","url":"https:\/\/www.gero.lu\/de\/produit\/beschkierfecht-olm","name":"B\u00ebschkierfecht Olm - GERO","isPartOf":{"@id":"https:\/\/www.gero.lu\/de\/#website"},"datePublished":"2023-02-16T15:21:33+00:00","dateModified":"2023-05-08T10:21:43+00:00","breadcrumb":{"@id":"https:\/\/www.gero.lu\/de\/produit\/beschkierfecht-olm#breadcrumb"},"inLanguage":"de","potentialAction":[{"@type":"ReadAction","target":[["https:\/\/www.gero.lu\/de\/produit\/beschkierfecht-olm"]]}]},{"@type":"BreadcrumbList","@id":"https:\/\/www.gero.lu\/de\/produit\/beschkierfecht-olm#breadcrumb","itemListElement":[{"@type":"ListItem","position":1,"name":"Accueil","item":"https:\/\/www.gero.lu\/de\/"},{"@type":"ListItem","position":2,"name":"Shop","item":"https:\/\/www.gero.lu\/de\/shop"},{"@type":"ListItem","position":3,"name":"B\u00ebschkierfecht Olm"}]},{"@type":"WebSite","@id":"https:\/\/www.gero.lu\/de\/#website","url":"https:\/\/www.gero.lu\/de\/","name":"Gero","description":"Kompetenzzenter fir den Alter","publisher":{"@id":"https:\/\/www.gero.lu\/de\/#organization"},"potentialAction":[{"@type":"SearchAction","target":{"@type":"EntryPoint","urlTemplate":"https:\/\/www.gero.lu\/de\/?s={search_term_string}"},"query-input":{"@type":"PropertyValueSpecification","valueRequired":true,"valueName":"search_term_string"}}],"inLanguage":"de"},{"@type":"Organization","@id":"https:\/\/www.gero.lu\/de\/#organization","name":"Gero","url":"https:\/\/www.gero.lu\/de\/","logo":{"@type":"ImageObject","inLanguage":"de","@id":"https:\/\/www.gero.lu\/de\/#\/schema\/logo\/image\/","url":"https:\/\/www.gero.lu\/wp-content\/uploads\/2024\/04\/logo.svg","contentUrl":"https:\/\/www.gero.lu\/wp-content\/uploads\/2024\/04\/logo.svg","width":76,"height":30,"caption":"Gero"},"image":{"@id":"https:\/\/www.gero.lu\/de\/#\/schema\/logo\/image\/"},"sameAs":["https:\/\/www.facebook.com\/Kompetenzzenter\/","https:\/\/www.instagram.com\/gero.kompetenzzenter\/","https:\/\/linkedin.com\/company\/gero-kompetenzzenter-fir-den-alter","https:\/\/www.youtube.com\/channel\/UCJvmJYSeHh3dYQsLHZupj-Q"]}]}},"_links":{"self":[{"href":"https:\/\/www.gero.lu\/de\/wp-json\/wp\/v2\/product\/4945","targetHints":{"allow":["GET"]}}],"collection":[{"href":"https:\/\/www.gero.lu\/de\/wp-json\/wp\/v2\/product"}],"about":[{"href":"https:\/\/www.gero.lu\/de\/wp-json\/wp\/v2\/types\/product"}],"replies":[{"embeddable":true,"href":"https:\/\/www.gero.lu\/de\/wp-json\/wp\/v2\/comments?post=4945"}],"wp:attachment":[{"href":"https:\/\/www.gero.lu\/de\/wp-json\/wp\/v2\/media?parent=4945"}],"wp:term":[{"taxonomy":"product_brand","embeddable":true,"href":"https:\/\/www.gero.lu\/de\/wp-json\/wp\/v2\/product_brand?post=4945"},{"taxonomy":"product_cat","embeddable":true,"href":"https:\/\/www.gero.lu\/de\/wp-json\/wp\/v2\/product_cat?post=4945"},{"taxonomy":"product_tag","embeddable":true,"href":"https:\/\/www.gero.lu\/de\/wp-json\/wp\/v2\/product_tag?post=4945"}],"curies":[{"name":"wp","href":"https:\/\/api.w.org\/{rel}","templated":true}]}}