{"id":4944,"date":"2023-02-16T15:21:32","date_gmt":"2023-02-16T15:21:32","guid":{"rendered":"https:\/\/www.gero.lu\/fr\/produit\/repair-cafe"},"modified":"2023-06-13T07:22:31","modified_gmt":"2023-06-13T07:22:31","slug":"repair-cafe","status":"publish","type":"product","link":"https:\/\/www.gero.lu\/de\/produit\/repair-cafe","title":{"rendered":"Repair-Caf\u00e9"},"content":{"rendered":"<p>Im Repair-Caf\u00e9 besteht die M\u00f6glichkeit, Elektroger\u00e4te mitzubringen und vor Ort reparieren<br \/>\nzu lassen. Der Luxemburger Repair-Caf\u00e9-Pionier Michel Heftrich wird mit seinem E-Velomobil im Rahmen seiner \u201eRepairs-for future on Tour 2023\u201c Station machen, das Konzept der Repair-Caf\u00e9s vorstellen und von seiner spannenden Reise berichten.<\/p>\n<p>Vous pouvez amener vos propres appareils<br \/>\n\u00e9lectriques et les faire r\u00e9parer sur place au Repair-Caf\u00e9. Michel Heftrich s\u2019arr\u00eatera avec son E-V\u00e9lo-mobile dans le cadre de son \u00ab Repairs-for-future on Tour 2023 \u00bb et parlera de son voyage passionnant \u00e0 travers diff\u00e9rents pays.<\/p>\n","protected":false},"excerpt":{"rendered":"<p>Im Repair-Caf\u00e9 besteht die M\u00f6glichkeit, Elektroger\u00e4te mitzubringen und vor Ort reparieren zu lassen. Der Luxemburger Repair-Caf\u00e9-Pionier Michel Heftrich wird mit seinem E-Velomobil im Rahmen seiner \u201eRepairs-for future on Tour 2023\u201c Station machen, das Konzept der Repair-Caf\u00e9s vorstellen und von seiner spannenden Reise berichten. Vous pouvez amener vos propres appareils \u00e9lectriques et les faire r\u00e9parer sur [&hellip;]<\/p>\n","protected":false},"featured_media":0,"comment_status":"closed","ping_status":"closed","template":"","meta":{"_acf_changed":false,"inline_featured_image":false},"product_brand":[],"product_cat":[232],"product_tag":[203],"class_list":{"0":"post-4944","1":"product","2":"type-product","3":"status-publish","5":"product_cat-divers","6":"product_tag-connaissance-de-vie-senior","8":"first","9":"instock","10":"virtual","11":"purchasable","12":"product-type-simple"},"acf":[],"yoast_head":"<!-- This site is optimized with the Yoast SEO Premium plugin v26.5 (Yoast SEO v26.5) - https:\/\/yoast.com\/wordpress\/plugins\/seo\/ -->\n<title>Repair-Caf\u00e9 - GERO<\/title>\n<meta name=\"robots\" content=\"index, follow, max-snippet:-1, max-image-preview:large, max-video-preview:-1\" \/>\n<link rel=\"canonical\" href=\"https:\/\/www.gero.lu\/de\/produit\/repair-cafe\" \/>\n<meta property=\"og:locale\" content=\"de_DE\" \/>\n<meta property=\"og:type\" content=\"article\" \/>\n<meta property=\"og:title\" content=\"Repair-Caf\u00e9\" \/>\n<meta property=\"og:description\" content=\"Im Repair-Caf\u00e9 besteht die M\u00f6glichkeit, Elektroger\u00e4te mitzubringen und vor Ort reparieren zu lassen. Der Luxemburger Repair-Caf\u00e9-Pionier Michel Heftrich wird mit seinem E-Velomobil im Rahmen seiner \u201eRepairs-for future on Tour 2023\u201c Station machen, das Konzept der Repair-Caf\u00e9s vorstellen und von seiner spannenden Reise berichten. Vous pouvez amener vos propres appareils \u00e9lectriques et les faire r\u00e9parer sur [&hellip;]\" \/>\n<meta property=\"og:url\" content=\"https:\/\/www.gero.lu\/de\/produit\/repair-cafe\" \/>\n<meta property=\"og:site_name\" content=\"GERO\" \/>\n<meta property=\"article:publisher\" content=\"https:\/\/www.facebook.com\/Kompetenzzenter\/\" \/>\n<meta property=\"article:modified_time\" content=\"2023-06-13T07:22:31+00:00\" \/>\n<meta property=\"og:image\" content=\"https:\/\/www.gero.lu\/wp-content\/uploads\/2021\/08\/gettyimages-1135289130-2048x2048_RET-1.jpg\" \/>\n\t<meta property=\"og:image:width\" content=\"1227\" \/>\n\t<meta property=\"og:image:height\" content=\"802\" \/>\n\t<meta property=\"og:image:type\" content=\"image\/jpeg\" \/>\n<meta name=\"twitter:card\" content=\"summary_large_image\" \/>\n<script type=\"application\/ld+json\" class=\"yoast-schema-graph\">{\"@context\":\"https:\/\/schema.org\",\"@graph\":[{\"@type\":\"WebPage\",\"@id\":\"https:\/\/www.gero.lu\/de\/produit\/repair-cafe\",\"url\":\"https:\/\/www.gero.lu\/de\/produit\/repair-cafe\",\"name\":\"Repair-Caf\u00e9 - GERO\",\"isPartOf\":{\"@id\":\"https:\/\/www.gero.lu\/de\/#website\"},\"datePublished\":\"2023-02-16T15:21:32+00:00\",\"dateModified\":\"2023-06-13T07:22:31+00:00\",\"breadcrumb\":{\"@id\":\"https:\/\/www.gero.lu\/de\/produit\/repair-cafe#breadcrumb\"},\"inLanguage\":\"de\",\"potentialAction\":[{\"@type\":\"ReadAction\",\"target\":[[\"https:\/\/www.gero.lu\/de\/produit\/repair-cafe\"]]}]},{\"@type\":\"BreadcrumbList\",\"@id\":\"https:\/\/www.gero.lu\/de\/produit\/repair-cafe#breadcrumb\",\"itemListElement\":[{\"@type\":\"ListItem\",\"position\":1,\"name\":\"Accueil\",\"item\":\"https:\/\/www.gero.lu\/de\/\"},{\"@type\":\"ListItem\",\"position\":2,\"name\":\"Shop\",\"item\":\"https:\/\/www.gero.lu\/de\/shop\"},{\"@type\":\"ListItem\",\"position\":3,\"name\":\"Repair-Caf\u00e9\"}]},{\"@type\":\"WebSite\",\"@id\":\"https:\/\/www.gero.lu\/de\/#website\",\"url\":\"https:\/\/www.gero.lu\/de\/\",\"name\":\"Gero\",\"description\":\"Kompetenzzenter fir den Alter\",\"publisher\":{\"@id\":\"https:\/\/www.gero.lu\/de\/#organization\"},\"potentialAction\":[{\"@type\":\"SearchAction\",\"target\":{\"@type\":\"EntryPoint\",\"urlTemplate\":\"https:\/\/www.gero.lu\/de\/?s={search_term_string}\"},\"query-input\":{\"@type\":\"PropertyValueSpecification\",\"valueRequired\":true,\"valueName\":\"search_term_string\"}}],\"inLanguage\":\"de\"},{\"@type\":\"Organization\",\"@id\":\"https:\/\/www.gero.lu\/de\/#organization\",\"name\":\"Gero\",\"url\":\"https:\/\/www.gero.lu\/de\/\",\"logo\":{\"@type\":\"ImageObject\",\"inLanguage\":\"de\",\"@id\":\"https:\/\/www.gero.lu\/de\/#\/schema\/logo\/image\/\",\"url\":\"https:\/\/www.gero.lu\/wp-content\/uploads\/2024\/04\/logo.svg\",\"contentUrl\":\"https:\/\/www.gero.lu\/wp-content\/uploads\/2024\/04\/logo.svg\",\"width\":76,\"height\":30,\"caption\":\"Gero\"},\"image\":{\"@id\":\"https:\/\/www.gero.lu\/de\/#\/schema\/logo\/image\/\"},\"sameAs\":[\"https:\/\/www.facebook.com\/Kompetenzzenter\/\",\"https:\/\/www.instagram.com\/gero.kompetenzzenter\/\",\"https:\/\/linkedin.com\/company\/gero-kompetenzzenter-fir-den-alter\",\"https:\/\/www.youtube.com\/channel\/UCJvmJYSeHh3dYQsLHZupj-Q\"]}]}<\/script>\n<!-- \/ Yoast SEO Premium plugin. -->","yoast_head_json":{"title":"Repair-Caf\u00e9 - GERO","robots":{"index":"index","follow":"follow","max-snippet":"max-snippet:-1","max-image-preview":"max-image-preview:large","max-video-preview":"max-video-preview:-1"},"canonical":"https:\/\/www.gero.lu\/de\/produit\/repair-cafe","og_locale":"de_DE","og_type":"article","og_title":"Repair-Caf\u00e9","og_description":"Im Repair-Caf\u00e9 besteht die M\u00f6glichkeit, Elektroger\u00e4te mitzubringen und vor Ort reparieren zu lassen. Der Luxemburger Repair-Caf\u00e9-Pionier Michel Heftrich wird mit seinem E-Velomobil im Rahmen seiner \u201eRepairs-for future on Tour 2023\u201c Station machen, das Konzept der Repair-Caf\u00e9s vorstellen und von seiner spannenden Reise berichten. Vous pouvez amener vos propres appareils \u00e9lectriques et les faire r\u00e9parer sur [&hellip;]","og_url":"https:\/\/www.gero.lu\/de\/produit\/repair-cafe","og_site_name":"GERO","article_publisher":"https:\/\/www.facebook.com\/Kompetenzzenter\/","article_modified_time":"2023-06-13T07:22:31+00:00","og_image":[{"width":1227,"height":802,"url":"https:\/\/www.gero.lu\/wp-content\/uploads\/2021\/08\/gettyimages-1135289130-2048x2048_RET-1.jpg","type":"image\/jpeg"}],"twitter_card":"summary_large_image","schema":{"@context":"https:\/\/schema.org","@graph":[{"@type":"WebPage","@id":"https:\/\/www.gero.lu\/de\/produit\/repair-cafe","url":"https:\/\/www.gero.lu\/de\/produit\/repair-cafe","name":"Repair-Caf\u00e9 - GERO","isPartOf":{"@id":"https:\/\/www.gero.lu\/de\/#website"},"datePublished":"2023-02-16T15:21:32+00:00","dateModified":"2023-06-13T07:22:31+00:00","breadcrumb":{"@id":"https:\/\/www.gero.lu\/de\/produit\/repair-cafe#breadcrumb"},"inLanguage":"de","potentialAction":[{"@type":"ReadAction","target":[["https:\/\/www.gero.lu\/de\/produit\/repair-cafe"]]}]},{"@type":"BreadcrumbList","@id":"https:\/\/www.gero.lu\/de\/produit\/repair-cafe#breadcrumb","itemListElement":[{"@type":"ListItem","position":1,"name":"Accueil","item":"https:\/\/www.gero.lu\/de\/"},{"@type":"ListItem","position":2,"name":"Shop","item":"https:\/\/www.gero.lu\/de\/shop"},{"@type":"ListItem","position":3,"name":"Repair-Caf\u00e9"}]},{"@type":"WebSite","@id":"https:\/\/www.gero.lu\/de\/#website","url":"https:\/\/www.gero.lu\/de\/","name":"Gero","description":"Kompetenzzenter fir den Alter","publisher":{"@id":"https:\/\/www.gero.lu\/de\/#organization"},"potentialAction":[{"@type":"SearchAction","target":{"@type":"EntryPoint","urlTemplate":"https:\/\/www.gero.lu\/de\/?s={search_term_string}"},"query-input":{"@type":"PropertyValueSpecification","valueRequired":true,"valueName":"search_term_string"}}],"inLanguage":"de"},{"@type":"Organization","@id":"https:\/\/www.gero.lu\/de\/#organization","name":"Gero","url":"https:\/\/www.gero.lu\/de\/","logo":{"@type":"ImageObject","inLanguage":"de","@id":"https:\/\/www.gero.lu\/de\/#\/schema\/logo\/image\/","url":"https:\/\/www.gero.lu\/wp-content\/uploads\/2024\/04\/logo.svg","contentUrl":"https:\/\/www.gero.lu\/wp-content\/uploads\/2024\/04\/logo.svg","width":76,"height":30,"caption":"Gero"},"image":{"@id":"https:\/\/www.gero.lu\/de\/#\/schema\/logo\/image\/"},"sameAs":["https:\/\/www.facebook.com\/Kompetenzzenter\/","https:\/\/www.instagram.com\/gero.kompetenzzenter\/","https:\/\/linkedin.com\/company\/gero-kompetenzzenter-fir-den-alter","https:\/\/www.youtube.com\/channel\/UCJvmJYSeHh3dYQsLHZupj-Q"]}]}},"_links":{"self":[{"href":"https:\/\/www.gero.lu\/de\/wp-json\/wp\/v2\/product\/4944","targetHints":{"allow":["GET"]}}],"collection":[{"href":"https:\/\/www.gero.lu\/de\/wp-json\/wp\/v2\/product"}],"about":[{"href":"https:\/\/www.gero.lu\/de\/wp-json\/wp\/v2\/types\/product"}],"replies":[{"embeddable":true,"href":"https:\/\/www.gero.lu\/de\/wp-json\/wp\/v2\/comments?post=4944"}],"wp:attachment":[{"href":"https:\/\/www.gero.lu\/de\/wp-json\/wp\/v2\/media?parent=4944"}],"wp:term":[{"taxonomy":"product_brand","embeddable":true,"href":"https:\/\/www.gero.lu\/de\/wp-json\/wp\/v2\/product_brand?post=4944"},{"taxonomy":"product_cat","embeddable":true,"href":"https:\/\/www.gero.lu\/de\/wp-json\/wp\/v2\/product_cat?post=4944"},{"taxonomy":"product_tag","embeddable":true,"href":"https:\/\/www.gero.lu\/de\/wp-json\/wp\/v2\/product_tag?post=4944"}],"curies":[{"name":"wp","href":"https:\/\/api.w.org\/{rel}","templated":true}]}}