{"id":4943,"date":"2023-02-16T14:21:39","date_gmt":"2023-02-16T14:21:39","guid":{"rendered":"https:\/\/www.gero.lu\/fr\/produit\/centre-boudhiste-zen-soto"},"modified":"2023-04-20T11:22:20","modified_gmt":"2023-04-20T11:22:20","slug":"centre-boudhiste-zen-soto","status":"publish","type":"product","link":"https:\/\/www.gero.lu\/de\/produit\/centre-boudhiste-zen-soto","title":{"rendered":"Centre boudhiste zen s\u00f4t\u00f4"},"content":{"rendered":"<p>Actuellement install\u00e9 au centre Convict, le Centre de M\u00e9ditation Zen du Luxembourg a \u00e9t\u00e9 cr\u00e9\u00e9 \u00e0 l\u2019initiative des pratiquant-e-s fr\u00e9quentant r\u00e9guli\u00e8rement le monast\u00e8re zen Ryumonji, en Alsace. Dans ce centre, ils et elles suivent les enseignements et pratiques du bouddhisme zen<br \/>\ns\u00f4t\u00f4.<\/p>\n<p>Lors d\u2019une rencontre sp\u00e9cialement con\u00e7ue pour GERO, nous vous invitions \u00e0 pratiquer une s\u00e9ance de m\u00e9ditation guid\u00e9e (possible \u00e9galement sur chaise). Celle-ci sera accompagn\u00e9e d\u2019une pr\u00e9sentation g\u00e9n\u00e9rale du bouddhisme, et de l\u2019\u00e9cole zen s\u00f4t\u00f4. Un temps de questions\/<br \/>\nr\u00e9ponses est \u00e9galement pr\u00e9vu pour les plus curieux.<\/p>\n<p>Aucune connaissance ou pratique pr\u00e9alable du bouddhisme ou de la m\u00e9ditation est n\u00e9cessaire. La visite est ouverte \u00e0 toutes et tous.<\/p>\n","protected":false},"excerpt":{"rendered":"<p>Actuellement install\u00e9 au centre Convict, le Centre de M\u00e9ditation Zen du Luxembourg a \u00e9t\u00e9 cr\u00e9\u00e9 \u00e0 l\u2019initiative des pratiquant-e-s fr\u00e9quentant r\u00e9guli\u00e8rement le monast\u00e8re zen Ryumonji, en Alsace. Dans ce centre, ils et elles suivent les enseignements et pratiques du bouddhisme zen s\u00f4t\u00f4. Lors d\u2019une rencontre sp\u00e9cialement con\u00e7ue pour GERO, nous vous invitions \u00e0 pratiquer une [&hellip;]<\/p>\n","protected":false},"featured_media":0,"comment_status":"closed","ping_status":"closed","template":"","meta":{"_acf_changed":false,"inline_featured_image":false},"product_brand":[],"product_cat":[230],"product_tag":[199],"class_list":{"0":"post-4943","1":"product","2":"type-product","3":"status-publish","5":"product_cat-visite","6":"product_tag-culture-senior","8":"first","9":"instock","10":"virtual","11":"purchasable","12":"product-type-simple"},"acf":[],"yoast_head":"<!-- This site is optimized with the Yoast SEO Premium plugin v27.4 (Yoast SEO v27.6) - https:\/\/yoast.com\/product\/yoast-seo-premium-wordpress\/ -->\n<title>Centre boudhiste zen s\u00f4t\u00f4 - GERO<\/title>\n<meta name=\"robots\" content=\"index, follow, max-snippet:-1, max-image-preview:large, max-video-preview:-1\" \/>\n<link rel=\"canonical\" href=\"https:\/\/www.gero.lu\/de\/produit\/centre-boudhiste-zen-soto\" \/>\n<meta property=\"og:locale\" content=\"de_DE\" \/>\n<meta property=\"og:type\" content=\"article\" \/>\n<meta property=\"og:title\" content=\"Centre boudhiste zen s\u00f4t\u00f4\" \/>\n<meta property=\"og:description\" content=\"Actuellement install\u00e9 au centre Convict, le Centre de M\u00e9ditation Zen du Luxembourg a \u00e9t\u00e9 cr\u00e9\u00e9 \u00e0 l\u2019initiative des pratiquant-e-s fr\u00e9quentant r\u00e9guli\u00e8rement le monast\u00e8re zen Ryumonji, en Alsace. Dans ce centre, ils et elles suivent les enseignements et pratiques du bouddhisme zen s\u00f4t\u00f4. Lors d\u2019une rencontre sp\u00e9cialement con\u00e7ue pour GERO, nous vous invitions \u00e0 pratiquer une [&hellip;]\" \/>\n<meta property=\"og:url\" content=\"https:\/\/www.gero.lu\/de\/produit\/centre-boudhiste-zen-soto\" \/>\n<meta property=\"og:site_name\" content=\"GERO\" \/>\n<meta property=\"article:publisher\" content=\"https:\/\/www.facebook.com\/Kompetenzzenter\/\" \/>\n<meta property=\"article:modified_time\" content=\"2023-04-20T11:22:20+00:00\" \/>\n<meta property=\"og:image\" content=\"https:\/\/www.gero.lu\/wp-content\/uploads\/2021\/08\/gettyimages-1135289130-2048x2048_RET-1.jpg\" \/>\n\t<meta property=\"og:image:width\" content=\"1227\" \/>\n\t<meta property=\"og:image:height\" content=\"802\" \/>\n\t<meta property=\"og:image:type\" content=\"image\/jpeg\" \/>\n<meta name=\"twitter:card\" content=\"summary_large_image\" \/>\n<meta name=\"twitter:label1\" content=\"Gesch\u00e4tzte Lesezeit\" \/>\n\t<meta name=\"twitter:data1\" content=\"1\u00a0Minute\" \/>\n<script type=\"application\/ld+json\" class=\"yoast-schema-graph\">{\"@context\":\"https:\\\/\\\/schema.org\",\"@graph\":[{\"@type\":\"WebPage\",\"@id\":\"https:\\\/\\\/www.gero.lu\\\/de\\\/produit\\\/centre-boudhiste-zen-soto\",\"url\":\"https:\\\/\\\/www.gero.lu\\\/de\\\/produit\\\/centre-boudhiste-zen-soto\",\"name\":\"Centre boudhiste zen s\u00f4t\u00f4 - GERO\",\"isPartOf\":{\"@id\":\"https:\\\/\\\/www.gero.lu\\\/de\\\/#website\"},\"datePublished\":\"2023-02-16T14:21:39+00:00\",\"dateModified\":\"2023-04-20T11:22:20+00:00\",\"breadcrumb\":{\"@id\":\"https:\\\/\\\/www.gero.lu\\\/de\\\/produit\\\/centre-boudhiste-zen-soto#breadcrumb\"},\"inLanguage\":\"de\",\"potentialAction\":[{\"@type\":\"ReadAction\",\"target\":[[\"https:\\\/\\\/www.gero.lu\\\/de\\\/produit\\\/centre-boudhiste-zen-soto\"]]}]},{\"@type\":\"BreadcrumbList\",\"@id\":\"https:\\\/\\\/www.gero.lu\\\/de\\\/produit\\\/centre-boudhiste-zen-soto#breadcrumb\",\"itemListElement\":[{\"@type\":\"ListItem\",\"position\":1,\"name\":\"Accueil\",\"item\":\"https:\\\/\\\/www.gero.lu\\\/de\\\/\"},{\"@type\":\"ListItem\",\"position\":2,\"name\":\"Shop\",\"item\":\"https:\\\/\\\/www.gero.lu\\\/de\\\/shop\"},{\"@type\":\"ListItem\",\"position\":3,\"name\":\"Centre boudhiste zen s\u00f4t\u00f4\"}]},{\"@type\":\"WebSite\",\"@id\":\"https:\\\/\\\/www.gero.lu\\\/de\\\/#website\",\"url\":\"https:\\\/\\\/www.gero.lu\\\/de\\\/\",\"name\":\"Gero\",\"description\":\"Kompetenzzenter fir den Alter\",\"publisher\":{\"@id\":\"https:\\\/\\\/www.gero.lu\\\/de\\\/#organization\"},\"potentialAction\":[{\"@type\":\"SearchAction\",\"target\":{\"@type\":\"EntryPoint\",\"urlTemplate\":\"https:\\\/\\\/www.gero.lu\\\/de\\\/?s={search_term_string}\"},\"query-input\":{\"@type\":\"PropertyValueSpecification\",\"valueRequired\":true,\"valueName\":\"search_term_string\"}}],\"inLanguage\":\"de\"},{\"@type\":\"Organization\",\"@id\":\"https:\\\/\\\/www.gero.lu\\\/de\\\/#organization\",\"name\":\"Gero\",\"url\":\"https:\\\/\\\/www.gero.lu\\\/de\\\/\",\"logo\":{\"@type\":\"ImageObject\",\"inLanguage\":\"de\",\"@id\":\"https:\\\/\\\/www.gero.lu\\\/de\\\/#\\\/schema\\\/logo\\\/image\\\/\",\"url\":\"https:\\\/\\\/www.gero.lu\\\/wp-content\\\/uploads\\\/2024\\\/04\\\/logo.svg\",\"contentUrl\":\"https:\\\/\\\/www.gero.lu\\\/wp-content\\\/uploads\\\/2024\\\/04\\\/logo.svg\",\"width\":76,\"height\":30,\"caption\":\"Gero\"},\"image\":{\"@id\":\"https:\\\/\\\/www.gero.lu\\\/de\\\/#\\\/schema\\\/logo\\\/image\\\/\"},\"sameAs\":[\"https:\\\/\\\/www.facebook.com\\\/Kompetenzzenter\\\/\",\"https:\\\/\\\/www.instagram.com\\\/gero.kompetenzzenter\\\/\",\"https:\\\/\\\/linkedin.com\\\/company\\\/gero-kompetenzzenter-fir-den-alter\",\"https:\\\/\\\/www.youtube.com\\\/channel\\\/UCJvmJYSeHh3dYQsLHZupj-Q\"]}]}<\/script>\n<!-- \/ Yoast SEO Premium plugin. -->","yoast_head_json":{"title":"Centre boudhiste zen s\u00f4t\u00f4 - GERO","robots":{"index":"index","follow":"follow","max-snippet":"max-snippet:-1","max-image-preview":"max-image-preview:large","max-video-preview":"max-video-preview:-1"},"canonical":"https:\/\/www.gero.lu\/de\/produit\/centre-boudhiste-zen-soto","og_locale":"de_DE","og_type":"article","og_title":"Centre boudhiste zen s\u00f4t\u00f4","og_description":"Actuellement install\u00e9 au centre Convict, le Centre de M\u00e9ditation Zen du Luxembourg a \u00e9t\u00e9 cr\u00e9\u00e9 \u00e0 l\u2019initiative des pratiquant-e-s fr\u00e9quentant r\u00e9guli\u00e8rement le monast\u00e8re zen Ryumonji, en Alsace. Dans ce centre, ils et elles suivent les enseignements et pratiques du bouddhisme zen s\u00f4t\u00f4. Lors d\u2019une rencontre sp\u00e9cialement con\u00e7ue pour GERO, nous vous invitions \u00e0 pratiquer une [&hellip;]","og_url":"https:\/\/www.gero.lu\/de\/produit\/centre-boudhiste-zen-soto","og_site_name":"GERO","article_publisher":"https:\/\/www.facebook.com\/Kompetenzzenter\/","article_modified_time":"2023-04-20T11:22:20+00:00","og_image":[{"width":1227,"height":802,"url":"https:\/\/www.gero.lu\/wp-content\/uploads\/2021\/08\/gettyimages-1135289130-2048x2048_RET-1.jpg","type":"image\/jpeg"}],"twitter_card":"summary_large_image","twitter_misc":{"Gesch\u00e4tzte Lesezeit":"1\u00a0Minute"},"schema":{"@context":"https:\/\/schema.org","@graph":[{"@type":"WebPage","@id":"https:\/\/www.gero.lu\/de\/produit\/centre-boudhiste-zen-soto","url":"https:\/\/www.gero.lu\/de\/produit\/centre-boudhiste-zen-soto","name":"Centre boudhiste zen s\u00f4t\u00f4 - GERO","isPartOf":{"@id":"https:\/\/www.gero.lu\/de\/#website"},"datePublished":"2023-02-16T14:21:39+00:00","dateModified":"2023-04-20T11:22:20+00:00","breadcrumb":{"@id":"https:\/\/www.gero.lu\/de\/produit\/centre-boudhiste-zen-soto#breadcrumb"},"inLanguage":"de","potentialAction":[{"@type":"ReadAction","target":[["https:\/\/www.gero.lu\/de\/produit\/centre-boudhiste-zen-soto"]]}]},{"@type":"BreadcrumbList","@id":"https:\/\/www.gero.lu\/de\/produit\/centre-boudhiste-zen-soto#breadcrumb","itemListElement":[{"@type":"ListItem","position":1,"name":"Accueil","item":"https:\/\/www.gero.lu\/de\/"},{"@type":"ListItem","position":2,"name":"Shop","item":"https:\/\/www.gero.lu\/de\/shop"},{"@type":"ListItem","position":3,"name":"Centre boudhiste zen s\u00f4t\u00f4"}]},{"@type":"WebSite","@id":"https:\/\/www.gero.lu\/de\/#website","url":"https:\/\/www.gero.lu\/de\/","name":"Gero","description":"Kompetenzzenter fir den Alter","publisher":{"@id":"https:\/\/www.gero.lu\/de\/#organization"},"potentialAction":[{"@type":"SearchAction","target":{"@type":"EntryPoint","urlTemplate":"https:\/\/www.gero.lu\/de\/?s={search_term_string}"},"query-input":{"@type":"PropertyValueSpecification","valueRequired":true,"valueName":"search_term_string"}}],"inLanguage":"de"},{"@type":"Organization","@id":"https:\/\/www.gero.lu\/de\/#organization","name":"Gero","url":"https:\/\/www.gero.lu\/de\/","logo":{"@type":"ImageObject","inLanguage":"de","@id":"https:\/\/www.gero.lu\/de\/#\/schema\/logo\/image\/","url":"https:\/\/www.gero.lu\/wp-content\/uploads\/2024\/04\/logo.svg","contentUrl":"https:\/\/www.gero.lu\/wp-content\/uploads\/2024\/04\/logo.svg","width":76,"height":30,"caption":"Gero"},"image":{"@id":"https:\/\/www.gero.lu\/de\/#\/schema\/logo\/image\/"},"sameAs":["https:\/\/www.facebook.com\/Kompetenzzenter\/","https:\/\/www.instagram.com\/gero.kompetenzzenter\/","https:\/\/linkedin.com\/company\/gero-kompetenzzenter-fir-den-alter","https:\/\/www.youtube.com\/channel\/UCJvmJYSeHh3dYQsLHZupj-Q"]}]}},"_links":{"self":[{"href":"https:\/\/www.gero.lu\/de\/wp-json\/wp\/v2\/product\/4943","targetHints":{"allow":["GET"]}}],"collection":[{"href":"https:\/\/www.gero.lu\/de\/wp-json\/wp\/v2\/product"}],"about":[{"href":"https:\/\/www.gero.lu\/de\/wp-json\/wp\/v2\/types\/product"}],"replies":[{"embeddable":true,"href":"https:\/\/www.gero.lu\/de\/wp-json\/wp\/v2\/comments?post=4943"}],"wp:attachment":[{"href":"https:\/\/www.gero.lu\/de\/wp-json\/wp\/v2\/media?parent=4943"}],"wp:term":[{"taxonomy":"product_brand","embeddable":true,"href":"https:\/\/www.gero.lu\/de\/wp-json\/wp\/v2\/product_brand?post=4943"},{"taxonomy":"product_cat","embeddable":true,"href":"https:\/\/www.gero.lu\/de\/wp-json\/wp\/v2\/product_cat?post=4943"},{"taxonomy":"product_tag","embeddable":true,"href":"https:\/\/www.gero.lu\/de\/wp-json\/wp\/v2\/product_tag?post=4943"}],"curies":[{"name":"wp","href":"https:\/\/api.w.org\/{rel}","templated":true}]}}