{"id":4933,"date":"2023-02-16T12:21:34","date_gmt":"2023-02-16T12:21:34","guid":{"rendered":"https:\/\/www.gero.lu\/fr\/produit\/cafes-philo-de-gero-les-robotiques-dans-les-milieux-de-soins-et-hospitaliers"},"modified":"2023-05-30T09:23:42","modified_gmt":"2023-05-30T09:23:42","slug":"cafes-philo-de-gero-les-robotiques-dans-les-milieux-de-soins-et-hospitaliers","status":"publish","type":"product","link":"https:\/\/www.gero.lu\/de\/produit\/cafes-philo-de-gero-les-robotiques-dans-les-milieux-de-soins-et-hospitaliers","title":{"rendered":"Caf\u00e9 philo de GERO: &#8222;Les robotiques dans les milieux de soins et hospitaliers&#8220;"},"content":{"rendered":"<p>Discussion et \u00e9change dans un cadre convivial en fran\u00e7ais et\/ou en allemand, des connaissances pr\u00e9alables ne sont pas n\u00e9cessaires. <\/p>\n<p>Notre troisi\u00e8me s\u00e9ance est consacr\u00e9e \u00e0 la robotique dans les milieux hospitaliers et les milieux de soins. Les robots existent dans de nombreux domaines et peuvent \u00eatre d\u2019une aide pr\u00e9cieuse. Un robot peut faire \u00e9norm\u00e9ment de choses. La question est de savoir en quoi la pr\u00e9sence d\u2019un robot peut impacter les rapports humains, notamment dans le secteur de l\u2019aide et des soins.<\/p>\n<p>Un caf\u00e9 et une part de g\u00e2teau fait maison sont offerts par GERO. Le reste des consommations est \u00e0 charge des participant-e-s. Acc\u00e8s possible pour les personnes \u00e0 mobilit\u00e9 r\u00e9duite, \u00e0 proximit\u00e9<br \/>\nde l\u2019ascenseur panoramique et \u00e0 une dizaine de minutes \u00e0 pied du funiculaire et de la gare du<br \/>\nPfaffenthal.<\/p>\n","protected":false},"excerpt":{"rendered":"<p>Discussion et \u00e9change dans un cadre convivial en fran\u00e7ais et\/ou en allemand, des connaissances pr\u00e9alables ne sont pas n\u00e9cessaires. Notre troisi\u00e8me s\u00e9ance est consacr\u00e9e \u00e0 la robotique dans les milieux hospitaliers et les milieux de soins. Les robots existent dans de nombreux domaines et peuvent \u00eatre d\u2019une aide pr\u00e9cieuse. Un robot peut faire \u00e9norm\u00e9ment de [&hellip;]<\/p>\n","protected":false},"featured_media":0,"comment_status":"closed","ping_status":"closed","template":"","meta":{"_acf_changed":false,"inline_featured_image":false},"product_brand":[],"product_cat":[232],"product_tag":[199],"class_list":{"0":"post-4933","1":"product","2":"type-product","3":"status-publish","5":"product_cat-divers","6":"product_tag-culture-senior","8":"first","9":"instock","10":"virtual","11":"purchasable","12":"product-type-simple"},"acf":[],"yoast_head":"<!-- This site is optimized with the Yoast SEO Premium plugin v27.4 (Yoast SEO v27.4) - https:\/\/yoast.com\/product\/yoast-seo-premium-wordpress\/ -->\n<title>Caf\u00e9 philo de GERO: &quot;Les robotiques dans les milieux de soins et hospitaliers&quot; - GERO<\/title>\n<meta name=\"robots\" content=\"index, follow, max-snippet:-1, max-image-preview:large, max-video-preview:-1\" \/>\n<link rel=\"canonical\" href=\"https:\/\/www.gero.lu\/de\/produit\/cafes-philo-de-gero-les-robotiques-dans-les-milieux-de-soins-et-hospitaliers\" \/>\n<meta property=\"og:locale\" content=\"de_DE\" \/>\n<meta property=\"og:type\" content=\"article\" \/>\n<meta property=\"og:title\" content=\"Caf\u00e9 philo de GERO: &quot;Les robotiques dans les milieux de soins et hospitaliers&quot;\" \/>\n<meta property=\"og:description\" content=\"Discussion et \u00e9change dans un cadre convivial en fran\u00e7ais et\/ou en allemand, des connaissances pr\u00e9alables ne sont pas n\u00e9cessaires. Notre troisi\u00e8me s\u00e9ance est consacr\u00e9e \u00e0 la robotique dans les milieux hospitaliers et les milieux de soins. Les robots existent dans de nombreux domaines et peuvent \u00eatre d\u2019une aide pr\u00e9cieuse. Un robot peut faire \u00e9norm\u00e9ment de [&hellip;]\" \/>\n<meta property=\"og:url\" content=\"https:\/\/www.gero.lu\/de\/produit\/cafes-philo-de-gero-les-robotiques-dans-les-milieux-de-soins-et-hospitaliers\" \/>\n<meta property=\"og:site_name\" content=\"GERO\" \/>\n<meta property=\"article:publisher\" content=\"https:\/\/www.facebook.com\/Kompetenzzenter\/\" \/>\n<meta property=\"article:modified_time\" content=\"2023-05-30T09:23:42+00:00\" \/>\n<meta property=\"og:image\" content=\"https:\/\/www.gero.lu\/wp-content\/uploads\/2021\/08\/gettyimages-1135289130-2048x2048_RET-1.jpg\" \/>\n\t<meta property=\"og:image:width\" content=\"1227\" \/>\n\t<meta property=\"og:image:height\" content=\"802\" \/>\n\t<meta property=\"og:image:type\" content=\"image\/jpeg\" \/>\n<meta name=\"twitter:card\" content=\"summary_large_image\" \/>\n<meta name=\"twitter:label1\" content=\"Gesch\u00e4tzte Lesezeit\" \/>\n\t<meta name=\"twitter:data1\" content=\"1\u00a0Minute\" \/>\n<script type=\"application\/ld+json\" class=\"yoast-schema-graph\">{\"@context\":\"https:\\\/\\\/schema.org\",\"@graph\":[{\"@type\":\"WebPage\",\"@id\":\"https:\\\/\\\/www.gero.lu\\\/de\\\/produit\\\/cafes-philo-de-gero-les-robotiques-dans-les-milieux-de-soins-et-hospitaliers\",\"url\":\"https:\\\/\\\/www.gero.lu\\\/de\\\/produit\\\/cafes-philo-de-gero-les-robotiques-dans-les-milieux-de-soins-et-hospitaliers\",\"name\":\"Caf\u00e9 philo de GERO: \\\"Les robotiques dans les milieux de soins et hospitaliers\\\" - GERO\",\"isPartOf\":{\"@id\":\"https:\\\/\\\/www.gero.lu\\\/de\\\/#website\"},\"datePublished\":\"2023-02-16T12:21:34+00:00\",\"dateModified\":\"2023-05-30T09:23:42+00:00\",\"breadcrumb\":{\"@id\":\"https:\\\/\\\/www.gero.lu\\\/de\\\/produit\\\/cafes-philo-de-gero-les-robotiques-dans-les-milieux-de-soins-et-hospitaliers#breadcrumb\"},\"inLanguage\":\"de\",\"potentialAction\":[{\"@type\":\"ReadAction\",\"target\":[[\"https:\\\/\\\/www.gero.lu\\\/de\\\/produit\\\/cafes-philo-de-gero-les-robotiques-dans-les-milieux-de-soins-et-hospitaliers\"]]}]},{\"@type\":\"BreadcrumbList\",\"@id\":\"https:\\\/\\\/www.gero.lu\\\/de\\\/produit\\\/cafes-philo-de-gero-les-robotiques-dans-les-milieux-de-soins-et-hospitaliers#breadcrumb\",\"itemListElement\":[{\"@type\":\"ListItem\",\"position\":1,\"name\":\"Accueil\",\"item\":\"https:\\\/\\\/www.gero.lu\\\/de\\\/\"},{\"@type\":\"ListItem\",\"position\":2,\"name\":\"Shop\",\"item\":\"https:\\\/\\\/www.gero.lu\\\/de\\\/shop\"},{\"@type\":\"ListItem\",\"position\":3,\"name\":\"Caf\u00e9 philo de GERO: \u00ab\u00a0Les robotiques dans les milieux de soins et hospitaliers\u00a0\u00bb\"}]},{\"@type\":\"WebSite\",\"@id\":\"https:\\\/\\\/www.gero.lu\\\/de\\\/#website\",\"url\":\"https:\\\/\\\/www.gero.lu\\\/de\\\/\",\"name\":\"Gero\",\"description\":\"Kompetenzzenter fir den Alter\",\"publisher\":{\"@id\":\"https:\\\/\\\/www.gero.lu\\\/de\\\/#organization\"},\"potentialAction\":[{\"@type\":\"SearchAction\",\"target\":{\"@type\":\"EntryPoint\",\"urlTemplate\":\"https:\\\/\\\/www.gero.lu\\\/de\\\/?s={search_term_string}\"},\"query-input\":{\"@type\":\"PropertyValueSpecification\",\"valueRequired\":true,\"valueName\":\"search_term_string\"}}],\"inLanguage\":\"de\"},{\"@type\":\"Organization\",\"@id\":\"https:\\\/\\\/www.gero.lu\\\/de\\\/#organization\",\"name\":\"Gero\",\"url\":\"https:\\\/\\\/www.gero.lu\\\/de\\\/\",\"logo\":{\"@type\":\"ImageObject\",\"inLanguage\":\"de\",\"@id\":\"https:\\\/\\\/www.gero.lu\\\/de\\\/#\\\/schema\\\/logo\\\/image\\\/\",\"url\":\"https:\\\/\\\/www.gero.lu\\\/wp-content\\\/uploads\\\/2024\\\/04\\\/logo.svg\",\"contentUrl\":\"https:\\\/\\\/www.gero.lu\\\/wp-content\\\/uploads\\\/2024\\\/04\\\/logo.svg\",\"width\":76,\"height\":30,\"caption\":\"Gero\"},\"image\":{\"@id\":\"https:\\\/\\\/www.gero.lu\\\/de\\\/#\\\/schema\\\/logo\\\/image\\\/\"},\"sameAs\":[\"https:\\\/\\\/www.facebook.com\\\/Kompetenzzenter\\\/\",\"https:\\\/\\\/www.instagram.com\\\/gero.kompetenzzenter\\\/\",\"https:\\\/\\\/linkedin.com\\\/company\\\/gero-kompetenzzenter-fir-den-alter\",\"https:\\\/\\\/www.youtube.com\\\/channel\\\/UCJvmJYSeHh3dYQsLHZupj-Q\"]}]}<\/script>\n<!-- \/ Yoast SEO Premium plugin. -->","yoast_head_json":{"title":"Caf\u00e9 philo de GERO: \"Les robotiques dans les milieux de soins et hospitaliers\" - GERO","robots":{"index":"index","follow":"follow","max-snippet":"max-snippet:-1","max-image-preview":"max-image-preview:large","max-video-preview":"max-video-preview:-1"},"canonical":"https:\/\/www.gero.lu\/de\/produit\/cafes-philo-de-gero-les-robotiques-dans-les-milieux-de-soins-et-hospitaliers","og_locale":"de_DE","og_type":"article","og_title":"Caf\u00e9 philo de GERO: \"Les robotiques dans les milieux de soins et hospitaliers\"","og_description":"Discussion et \u00e9change dans un cadre convivial en fran\u00e7ais et\/ou en allemand, des connaissances pr\u00e9alables ne sont pas n\u00e9cessaires. Notre troisi\u00e8me s\u00e9ance est consacr\u00e9e \u00e0 la robotique dans les milieux hospitaliers et les milieux de soins. Les robots existent dans de nombreux domaines et peuvent \u00eatre d\u2019une aide pr\u00e9cieuse. Un robot peut faire \u00e9norm\u00e9ment de [&hellip;]","og_url":"https:\/\/www.gero.lu\/de\/produit\/cafes-philo-de-gero-les-robotiques-dans-les-milieux-de-soins-et-hospitaliers","og_site_name":"GERO","article_publisher":"https:\/\/www.facebook.com\/Kompetenzzenter\/","article_modified_time":"2023-05-30T09:23:42+00:00","og_image":[{"width":1227,"height":802,"url":"https:\/\/www.gero.lu\/wp-content\/uploads\/2021\/08\/gettyimages-1135289130-2048x2048_RET-1.jpg","type":"image\/jpeg"}],"twitter_card":"summary_large_image","twitter_misc":{"Gesch\u00e4tzte Lesezeit":"1\u00a0Minute"},"schema":{"@context":"https:\/\/schema.org","@graph":[{"@type":"WebPage","@id":"https:\/\/www.gero.lu\/de\/produit\/cafes-philo-de-gero-les-robotiques-dans-les-milieux-de-soins-et-hospitaliers","url":"https:\/\/www.gero.lu\/de\/produit\/cafes-philo-de-gero-les-robotiques-dans-les-milieux-de-soins-et-hospitaliers","name":"Caf\u00e9 philo de GERO: \"Les robotiques dans les milieux de soins et hospitaliers\" - GERO","isPartOf":{"@id":"https:\/\/www.gero.lu\/de\/#website"},"datePublished":"2023-02-16T12:21:34+00:00","dateModified":"2023-05-30T09:23:42+00:00","breadcrumb":{"@id":"https:\/\/www.gero.lu\/de\/produit\/cafes-philo-de-gero-les-robotiques-dans-les-milieux-de-soins-et-hospitaliers#breadcrumb"},"inLanguage":"de","potentialAction":[{"@type":"ReadAction","target":[["https:\/\/www.gero.lu\/de\/produit\/cafes-philo-de-gero-les-robotiques-dans-les-milieux-de-soins-et-hospitaliers"]]}]},{"@type":"BreadcrumbList","@id":"https:\/\/www.gero.lu\/de\/produit\/cafes-philo-de-gero-les-robotiques-dans-les-milieux-de-soins-et-hospitaliers#breadcrumb","itemListElement":[{"@type":"ListItem","position":1,"name":"Accueil","item":"https:\/\/www.gero.lu\/de\/"},{"@type":"ListItem","position":2,"name":"Shop","item":"https:\/\/www.gero.lu\/de\/shop"},{"@type":"ListItem","position":3,"name":"Caf\u00e9 philo de GERO: \u00ab\u00a0Les robotiques dans les milieux de soins et hospitaliers\u00a0\u00bb"}]},{"@type":"WebSite","@id":"https:\/\/www.gero.lu\/de\/#website","url":"https:\/\/www.gero.lu\/de\/","name":"Gero","description":"Kompetenzzenter fir den Alter","publisher":{"@id":"https:\/\/www.gero.lu\/de\/#organization"},"potentialAction":[{"@type":"SearchAction","target":{"@type":"EntryPoint","urlTemplate":"https:\/\/www.gero.lu\/de\/?s={search_term_string}"},"query-input":{"@type":"PropertyValueSpecification","valueRequired":true,"valueName":"search_term_string"}}],"inLanguage":"de"},{"@type":"Organization","@id":"https:\/\/www.gero.lu\/de\/#organization","name":"Gero","url":"https:\/\/www.gero.lu\/de\/","logo":{"@type":"ImageObject","inLanguage":"de","@id":"https:\/\/www.gero.lu\/de\/#\/schema\/logo\/image\/","url":"https:\/\/www.gero.lu\/wp-content\/uploads\/2024\/04\/logo.svg","contentUrl":"https:\/\/www.gero.lu\/wp-content\/uploads\/2024\/04\/logo.svg","width":76,"height":30,"caption":"Gero"},"image":{"@id":"https:\/\/www.gero.lu\/de\/#\/schema\/logo\/image\/"},"sameAs":["https:\/\/www.facebook.com\/Kompetenzzenter\/","https:\/\/www.instagram.com\/gero.kompetenzzenter\/","https:\/\/linkedin.com\/company\/gero-kompetenzzenter-fir-den-alter","https:\/\/www.youtube.com\/channel\/UCJvmJYSeHh3dYQsLHZupj-Q"]}]}},"_links":{"self":[{"href":"https:\/\/www.gero.lu\/de\/wp-json\/wp\/v2\/product\/4933","targetHints":{"allow":["GET"]}}],"collection":[{"href":"https:\/\/www.gero.lu\/de\/wp-json\/wp\/v2\/product"}],"about":[{"href":"https:\/\/www.gero.lu\/de\/wp-json\/wp\/v2\/types\/product"}],"replies":[{"embeddable":true,"href":"https:\/\/www.gero.lu\/de\/wp-json\/wp\/v2\/comments?post=4933"}],"wp:attachment":[{"href":"https:\/\/www.gero.lu\/de\/wp-json\/wp\/v2\/media?parent=4933"}],"wp:term":[{"taxonomy":"product_brand","embeddable":true,"href":"https:\/\/www.gero.lu\/de\/wp-json\/wp\/v2\/product_brand?post=4933"},{"taxonomy":"product_cat","embeddable":true,"href":"https:\/\/www.gero.lu\/de\/wp-json\/wp\/v2\/product_cat?post=4933"},{"taxonomy":"product_tag","embeddable":true,"href":"https:\/\/www.gero.lu\/de\/wp-json\/wp\/v2\/product_tag?post=4933"}],"curies":[{"name":"wp","href":"https:\/\/api.w.org\/{rel}","templated":true}]}}