{"id":4932,"date":"2023-02-16T12:21:32","date_gmt":"2023-02-16T12:21:32","guid":{"rendered":"https:\/\/www.gero.lu\/fr\/produit\/achtsamkeits-treffen-entschleunigung-und-selbstfursorge-im-alltag"},"modified":"2023-04-17T08:32:44","modified_gmt":"2023-04-17T08:32:44","slug":"achtsamkeits-treffen-entschleunigung-und-selbstfursorge-im-alltag","status":"publish","type":"product","link":"https:\/\/www.gero.lu\/de\/produit\/achtsamkeits-treffen-entschleunigung-und-selbstfursorge-im-alltag","title":{"rendered":"Achtsamkeits-Treffen: Entschleunigung und Selbstf\u00fcrsorge im Alltag"},"content":{"rendered":"<p>M\u00f6chten Sie Ihr Bed\u00fcrfnis nach mehr Gelassenheit erf\u00fcllen, dann kommen Sie zu unserem monatlichen Achtsamkeitstreffen unter Leitung von Dr. Marie-Paule Theisen (zertifizierte MBSRLehrerin), um gemeinsam die Heilkraft der Meditation und Achtsamkeit zu entdecken und zu<br \/>\nvertiefen. Einstieg ist jeweils ein kurzer Vortrag,<br \/>\ngefolgt von gemeinsamen Reflexionen.<\/p>\n<p>Die \u00dcbungen basieren auf dem wissenschaftlichen MBSR-Programm (Mindfulness-Based- Stress Reduction Program) nach Dr. Jon Kabat-Zinn. Jeder und jede kann erfahren, wie durch die bewusste und wohlwollende Aufmerksamkeitslenkung des Geistes auf den Atem, den K\u00f6rper, die Sinne, die Gedanken und Emotionen, sowohl Meditation als auch Achtsamkeit ge\u00fcbt und praktiziert werden k\u00f6nnen.<\/p>\n<p>Themen sind: Die sieben Grundpfeiler der<br \/>\nAchtsamkeitspraxis, Was macht krank, was h\u00e4lt<br \/>\ngesund? Achtsamkeit, eine starke Medizin sowie<br \/>\nAchtsamkeit als Lebensweise.<\/p>\n","protected":false},"excerpt":{"rendered":"<p>M\u00f6chten Sie Ihr Bed\u00fcrfnis nach mehr Gelassenheit erf\u00fcllen, dann kommen Sie zu unserem monatlichen Achtsamkeitstreffen unter Leitung von Dr. Marie-Paule Theisen (zertifizierte MBSRLehrerin), um gemeinsam die Heilkraft der Meditation und Achtsamkeit zu entdecken und zu vertiefen. Einstieg ist jeweils ein kurzer Vortrag, gefolgt von gemeinsamen Reflexionen. Die \u00dcbungen basieren auf dem wissenschaftlichen MBSR-Programm (Mindfulness-Based- Stress [&hellip;]<\/p>\n","protected":false},"featured_media":0,"comment_status":"closed","ping_status":"closed","template":"","meta":{"_acf_changed":false,"inline_featured_image":false},"product_brand":[],"product_cat":[228],"product_tag":[200],"class_list":{"0":"post-4932","1":"product","2":"type-product","3":"status-publish","5":"product_cat-conference","6":"product_tag-sante-senior","8":"first","9":"instock","10":"virtual","11":"purchasable","12":"product-type-simple"},"acf":[],"yoast_head":"<!-- This site is optimized with the Yoast SEO Premium plugin v27.4 (Yoast SEO v27.6) - https:\/\/yoast.com\/product\/yoast-seo-premium-wordpress\/ -->\n<title>Achtsamkeits-Treffen: Entschleunigung und Selbstf\u00fcrsorge im Alltag - GERO<\/title>\n<meta name=\"robots\" content=\"index, follow, max-snippet:-1, max-image-preview:large, max-video-preview:-1\" \/>\n<link rel=\"canonical\" href=\"https:\/\/www.gero.lu\/de\/produit\/achtsamkeits-treffen-entschleunigung-und-selbstfursorge-im-alltag\" \/>\n<meta property=\"og:locale\" content=\"de_DE\" \/>\n<meta property=\"og:type\" content=\"article\" \/>\n<meta property=\"og:title\" content=\"Achtsamkeits-Treffen: Entschleunigung und Selbstf\u00fcrsorge im Alltag\" \/>\n<meta property=\"og:description\" content=\"M\u00f6chten Sie Ihr Bed\u00fcrfnis nach mehr Gelassenheit erf\u00fcllen, dann kommen Sie zu unserem monatlichen Achtsamkeitstreffen unter Leitung von Dr. Marie-Paule Theisen (zertifizierte MBSRLehrerin), um gemeinsam die Heilkraft der Meditation und Achtsamkeit zu entdecken und zu vertiefen. Einstieg ist jeweils ein kurzer Vortrag, gefolgt von gemeinsamen Reflexionen. Die \u00dcbungen basieren auf dem wissenschaftlichen MBSR-Programm (Mindfulness-Based- Stress [&hellip;]\" \/>\n<meta property=\"og:url\" content=\"https:\/\/www.gero.lu\/de\/produit\/achtsamkeits-treffen-entschleunigung-und-selbstfursorge-im-alltag\" \/>\n<meta property=\"og:site_name\" content=\"GERO\" \/>\n<meta property=\"article:publisher\" content=\"https:\/\/www.facebook.com\/Kompetenzzenter\/\" \/>\n<meta property=\"article:modified_time\" content=\"2023-04-17T08:32:44+00:00\" \/>\n<meta property=\"og:image\" content=\"https:\/\/www.gero.lu\/wp-content\/uploads\/2021\/08\/gettyimages-1135289130-2048x2048_RET-1.jpg\" \/>\n\t<meta property=\"og:image:width\" content=\"1227\" \/>\n\t<meta property=\"og:image:height\" content=\"802\" \/>\n\t<meta property=\"og:image:type\" content=\"image\/jpeg\" \/>\n<meta name=\"twitter:card\" content=\"summary_large_image\" \/>\n<meta name=\"twitter:label1\" content=\"Gesch\u00e4tzte Lesezeit\" \/>\n\t<meta name=\"twitter:data1\" content=\"1\u00a0Minute\" \/>\n<script type=\"application\/ld+json\" class=\"yoast-schema-graph\">{\"@context\":\"https:\\\/\\\/schema.org\",\"@graph\":[{\"@type\":\"WebPage\",\"@id\":\"https:\\\/\\\/www.gero.lu\\\/de\\\/produit\\\/achtsamkeits-treffen-entschleunigung-und-selbstfursorge-im-alltag\",\"url\":\"https:\\\/\\\/www.gero.lu\\\/de\\\/produit\\\/achtsamkeits-treffen-entschleunigung-und-selbstfursorge-im-alltag\",\"name\":\"Achtsamkeits-Treffen: Entschleunigung und Selbstf\u00fcrsorge im Alltag - GERO\",\"isPartOf\":{\"@id\":\"https:\\\/\\\/www.gero.lu\\\/de\\\/#website\"},\"datePublished\":\"2023-02-16T12:21:32+00:00\",\"dateModified\":\"2023-04-17T08:32:44+00:00\",\"breadcrumb\":{\"@id\":\"https:\\\/\\\/www.gero.lu\\\/de\\\/produit\\\/achtsamkeits-treffen-entschleunigung-und-selbstfursorge-im-alltag#breadcrumb\"},\"inLanguage\":\"de\",\"potentialAction\":[{\"@type\":\"ReadAction\",\"target\":[[\"https:\\\/\\\/www.gero.lu\\\/de\\\/produit\\\/achtsamkeits-treffen-entschleunigung-und-selbstfursorge-im-alltag\"]]}]},{\"@type\":\"BreadcrumbList\",\"@id\":\"https:\\\/\\\/www.gero.lu\\\/de\\\/produit\\\/achtsamkeits-treffen-entschleunigung-und-selbstfursorge-im-alltag#breadcrumb\",\"itemListElement\":[{\"@type\":\"ListItem\",\"position\":1,\"name\":\"Accueil\",\"item\":\"https:\\\/\\\/www.gero.lu\\\/de\\\/\"},{\"@type\":\"ListItem\",\"position\":2,\"name\":\"Shop\",\"item\":\"https:\\\/\\\/www.gero.lu\\\/de\\\/shop\"},{\"@type\":\"ListItem\",\"position\":3,\"name\":\"Achtsamkeits-Treffen: Entschleunigung und Selbstf\u00fcrsorge im Alltag\"}]},{\"@type\":\"WebSite\",\"@id\":\"https:\\\/\\\/www.gero.lu\\\/de\\\/#website\",\"url\":\"https:\\\/\\\/www.gero.lu\\\/de\\\/\",\"name\":\"Gero\",\"description\":\"Kompetenzzenter fir den Alter\",\"publisher\":{\"@id\":\"https:\\\/\\\/www.gero.lu\\\/de\\\/#organization\"},\"potentialAction\":[{\"@type\":\"SearchAction\",\"target\":{\"@type\":\"EntryPoint\",\"urlTemplate\":\"https:\\\/\\\/www.gero.lu\\\/de\\\/?s={search_term_string}\"},\"query-input\":{\"@type\":\"PropertyValueSpecification\",\"valueRequired\":true,\"valueName\":\"search_term_string\"}}],\"inLanguage\":\"de\"},{\"@type\":\"Organization\",\"@id\":\"https:\\\/\\\/www.gero.lu\\\/de\\\/#organization\",\"name\":\"Gero\",\"url\":\"https:\\\/\\\/www.gero.lu\\\/de\\\/\",\"logo\":{\"@type\":\"ImageObject\",\"inLanguage\":\"de\",\"@id\":\"https:\\\/\\\/www.gero.lu\\\/de\\\/#\\\/schema\\\/logo\\\/image\\\/\",\"url\":\"https:\\\/\\\/www.gero.lu\\\/wp-content\\\/uploads\\\/2024\\\/04\\\/logo.svg\",\"contentUrl\":\"https:\\\/\\\/www.gero.lu\\\/wp-content\\\/uploads\\\/2024\\\/04\\\/logo.svg\",\"width\":76,\"height\":30,\"caption\":\"Gero\"},\"image\":{\"@id\":\"https:\\\/\\\/www.gero.lu\\\/de\\\/#\\\/schema\\\/logo\\\/image\\\/\"},\"sameAs\":[\"https:\\\/\\\/www.facebook.com\\\/Kompetenzzenter\\\/\",\"https:\\\/\\\/www.instagram.com\\\/gero.kompetenzzenter\\\/\",\"https:\\\/\\\/linkedin.com\\\/company\\\/gero-kompetenzzenter-fir-den-alter\",\"https:\\\/\\\/www.youtube.com\\\/channel\\\/UCJvmJYSeHh3dYQsLHZupj-Q\"]}]}<\/script>\n<!-- \/ Yoast SEO Premium plugin. -->","yoast_head_json":{"title":"Achtsamkeits-Treffen: Entschleunigung und Selbstf\u00fcrsorge im Alltag - GERO","robots":{"index":"index","follow":"follow","max-snippet":"max-snippet:-1","max-image-preview":"max-image-preview:large","max-video-preview":"max-video-preview:-1"},"canonical":"https:\/\/www.gero.lu\/de\/produit\/achtsamkeits-treffen-entschleunigung-und-selbstfursorge-im-alltag","og_locale":"de_DE","og_type":"article","og_title":"Achtsamkeits-Treffen: Entschleunigung und Selbstf\u00fcrsorge im Alltag","og_description":"M\u00f6chten Sie Ihr Bed\u00fcrfnis nach mehr Gelassenheit erf\u00fcllen, dann kommen Sie zu unserem monatlichen Achtsamkeitstreffen unter Leitung von Dr. Marie-Paule Theisen (zertifizierte MBSRLehrerin), um gemeinsam die Heilkraft der Meditation und Achtsamkeit zu entdecken und zu vertiefen. Einstieg ist jeweils ein kurzer Vortrag, gefolgt von gemeinsamen Reflexionen. Die \u00dcbungen basieren auf dem wissenschaftlichen MBSR-Programm (Mindfulness-Based- Stress [&hellip;]","og_url":"https:\/\/www.gero.lu\/de\/produit\/achtsamkeits-treffen-entschleunigung-und-selbstfursorge-im-alltag","og_site_name":"GERO","article_publisher":"https:\/\/www.facebook.com\/Kompetenzzenter\/","article_modified_time":"2023-04-17T08:32:44+00:00","og_image":[{"width":1227,"height":802,"url":"https:\/\/www.gero.lu\/wp-content\/uploads\/2021\/08\/gettyimages-1135289130-2048x2048_RET-1.jpg","type":"image\/jpeg"}],"twitter_card":"summary_large_image","twitter_misc":{"Gesch\u00e4tzte Lesezeit":"1\u00a0Minute"},"schema":{"@context":"https:\/\/schema.org","@graph":[{"@type":"WebPage","@id":"https:\/\/www.gero.lu\/de\/produit\/achtsamkeits-treffen-entschleunigung-und-selbstfursorge-im-alltag","url":"https:\/\/www.gero.lu\/de\/produit\/achtsamkeits-treffen-entschleunigung-und-selbstfursorge-im-alltag","name":"Achtsamkeits-Treffen: Entschleunigung und Selbstf\u00fcrsorge im Alltag - GERO","isPartOf":{"@id":"https:\/\/www.gero.lu\/de\/#website"},"datePublished":"2023-02-16T12:21:32+00:00","dateModified":"2023-04-17T08:32:44+00:00","breadcrumb":{"@id":"https:\/\/www.gero.lu\/de\/produit\/achtsamkeits-treffen-entschleunigung-und-selbstfursorge-im-alltag#breadcrumb"},"inLanguage":"de","potentialAction":[{"@type":"ReadAction","target":[["https:\/\/www.gero.lu\/de\/produit\/achtsamkeits-treffen-entschleunigung-und-selbstfursorge-im-alltag"]]}]},{"@type":"BreadcrumbList","@id":"https:\/\/www.gero.lu\/de\/produit\/achtsamkeits-treffen-entschleunigung-und-selbstfursorge-im-alltag#breadcrumb","itemListElement":[{"@type":"ListItem","position":1,"name":"Accueil","item":"https:\/\/www.gero.lu\/de\/"},{"@type":"ListItem","position":2,"name":"Shop","item":"https:\/\/www.gero.lu\/de\/shop"},{"@type":"ListItem","position":3,"name":"Achtsamkeits-Treffen: Entschleunigung und Selbstf\u00fcrsorge im Alltag"}]},{"@type":"WebSite","@id":"https:\/\/www.gero.lu\/de\/#website","url":"https:\/\/www.gero.lu\/de\/","name":"Gero","description":"Kompetenzzenter fir den Alter","publisher":{"@id":"https:\/\/www.gero.lu\/de\/#organization"},"potentialAction":[{"@type":"SearchAction","target":{"@type":"EntryPoint","urlTemplate":"https:\/\/www.gero.lu\/de\/?s={search_term_string}"},"query-input":{"@type":"PropertyValueSpecification","valueRequired":true,"valueName":"search_term_string"}}],"inLanguage":"de"},{"@type":"Organization","@id":"https:\/\/www.gero.lu\/de\/#organization","name":"Gero","url":"https:\/\/www.gero.lu\/de\/","logo":{"@type":"ImageObject","inLanguage":"de","@id":"https:\/\/www.gero.lu\/de\/#\/schema\/logo\/image\/","url":"https:\/\/www.gero.lu\/wp-content\/uploads\/2024\/04\/logo.svg","contentUrl":"https:\/\/www.gero.lu\/wp-content\/uploads\/2024\/04\/logo.svg","width":76,"height":30,"caption":"Gero"},"image":{"@id":"https:\/\/www.gero.lu\/de\/#\/schema\/logo\/image\/"},"sameAs":["https:\/\/www.facebook.com\/Kompetenzzenter\/","https:\/\/www.instagram.com\/gero.kompetenzzenter\/","https:\/\/linkedin.com\/company\/gero-kompetenzzenter-fir-den-alter","https:\/\/www.youtube.com\/channel\/UCJvmJYSeHh3dYQsLHZupj-Q"]}]}},"_links":{"self":[{"href":"https:\/\/www.gero.lu\/de\/wp-json\/wp\/v2\/product\/4932","targetHints":{"allow":["GET"]}}],"collection":[{"href":"https:\/\/www.gero.lu\/de\/wp-json\/wp\/v2\/product"}],"about":[{"href":"https:\/\/www.gero.lu\/de\/wp-json\/wp\/v2\/types\/product"}],"replies":[{"embeddable":true,"href":"https:\/\/www.gero.lu\/de\/wp-json\/wp\/v2\/comments?post=4932"}],"wp:attachment":[{"href":"https:\/\/www.gero.lu\/de\/wp-json\/wp\/v2\/media?parent=4932"}],"wp:term":[{"taxonomy":"product_brand","embeddable":true,"href":"https:\/\/www.gero.lu\/de\/wp-json\/wp\/v2\/product_brand?post=4932"},{"taxonomy":"product_cat","embeddable":true,"href":"https:\/\/www.gero.lu\/de\/wp-json\/wp\/v2\/product_cat?post=4932"},{"taxonomy":"product_tag","embeddable":true,"href":"https:\/\/www.gero.lu\/de\/wp-json\/wp\/v2\/product_tag?post=4932"}],"curies":[{"name":"wp","href":"https:\/\/api.w.org\/{rel}","templated":true}]}}