{"id":4807,"date":"2023-01-16T15:09:50","date_gmt":"2023-01-16T15:09:50","guid":{"rendered":"https:\/\/www.gero.lu\/fr\/produit\/basiswissen-demenz"},"modified":"2023-01-16T16:24:59","modified_gmt":"2023-01-16T16:24:59","slug":"basiswissen-demenz","status":"publish","type":"product","link":"https:\/\/www.gero.lu\/de\/produit\/basiswissen-demenz","title":{"rendered":"Basiswissen Demenz"},"content":{"rendered":"<p>Der Mensch im Mittelpunkt<\/p>\n<p>Modul II der \u201eWeiterbildung Psychogeriatrie\u201c <\/p>\n<p>Ein zentrales Modul der insgesamt f\u00fcnft\u00e4gigen Weiterbildung Psychogeriatrie ist auf das \u201eBasiswissen Demenz\u201d ausgerichtet. Hierbei stehen die Sensibilisierung bzw. Heranf\u00fchrung an vier gro\u00dfe Themenfelder im Vordergrund: Demenz, Haltung, Schutzma\u00dfnahmen und Ern\u00e4hrung. Ein vom Luxemburger Familienministerium in Zusammenarbeit mit verschiedenen Akteuren der Luxemburger Altenhilfe konzipiertes Plakat dient dabei als Leitfaden, um konkrete Basiskompetenzen im Umgang mit Menschen mit Demenz zu entwickeln. <\/p>\n<p>Wichtig ist, dass bei Begleitung und Pflege stets die Person und nicht die Krankheit im Mittelpunkt steht. <\/p>\n<p>Die Teilnehmer erhalten unterst\u00fctzende Infos sowie Unterlagen zum Einsatz im Pflege- und Betreuungsalltag. <\/p>\n<p>In diesem Seminar werden wir uns mit folgenden Fragen besch\u00e4ftigen:<\/p>\n<p>&#8211;\tWas verstehen wir unter einem ganzheitlichen Ansatz in Bezug auf Demenz?<br \/>\n&#8211;\tWie erm\u00f6glichen wir eine wertsch\u00e4tzende und ressourcenorientierte Begegnung und Begleitung?<br \/>\n&#8211;\tWelche Rolle spielt unsere eigene Haltung?<br \/>\n&#8211;\tWie gew\u00e4hren wir gleichzeitig Schutz und Freiheit?<br \/>\n&#8211;\tWas ist bei ver\u00e4ndertem Ess- und Trinkverhalten zu beachten?<\/p>\n","protected":false},"excerpt":{"rendered":"<p>Der Mensch im Mittelpunkt Modul II der \u201eWeiterbildung Psychogeriatrie\u201c Ein zentrales Modul der insgesamt f\u00fcnft\u00e4gigen Weiterbildung Psychogeriatrie ist auf das \u201eBasiswissen Demenz\u201d ausgerichtet. Hierbei stehen die Sensibilisierung bzw. Heranf\u00fchrung an vier gro\u00dfe Themenfelder im Vordergrund: Demenz, Haltung, Schutzma\u00dfnahmen und Ern\u00e4hrung. Ein vom Luxemburger Familienministerium in Zusammenarbeit mit verschiedenen Akteuren der Luxemburger Altenhilfe konzipiertes Plakat dient [&hellip;]<\/p>\n","protected":false},"featured_media":0,"comment_status":"closed","ping_status":"closed","template":"","meta":{"_acf_changed":false,"inline_featured_image":false},"product_brand":[],"product_cat":[239],"product_tag":[237],"class_list":{"0":"post-4807","1":"product","2":"type-product","3":"status-publish","5":"product_cat-cours-pro","6":"product_tag-soins-encadrement-therapie-pro","8":"first","9":"instock","10":"virtual","11":"purchasable","12":"product-type-simple"},"acf":[],"yoast_head":"<!-- This site is optimized with the Yoast SEO Premium plugin v27.4 (Yoast SEO v27.4) - https:\/\/yoast.com\/product\/yoast-seo-premium-wordpress\/ -->\n<title>Basiswissen Demenz - GERO<\/title>\n<meta name=\"robots\" content=\"index, follow, max-snippet:-1, max-image-preview:large, max-video-preview:-1\" \/>\n<link rel=\"canonical\" href=\"https:\/\/www.gero.lu\/de\/produit\/basiswissen-demenz\" \/>\n<meta property=\"og:locale\" content=\"de_DE\" \/>\n<meta property=\"og:type\" content=\"article\" \/>\n<meta property=\"og:title\" content=\"Basiswissen Demenz\" \/>\n<meta property=\"og:description\" content=\"Der Mensch im Mittelpunkt Modul II der \u201eWeiterbildung Psychogeriatrie\u201c Ein zentrales Modul der insgesamt f\u00fcnft\u00e4gigen Weiterbildung Psychogeriatrie ist auf das \u201eBasiswissen Demenz\u201d ausgerichtet. Hierbei stehen die Sensibilisierung bzw. Heranf\u00fchrung an vier gro\u00dfe Themenfelder im Vordergrund: Demenz, Haltung, Schutzma\u00dfnahmen und Ern\u00e4hrung. Ein vom Luxemburger Familienministerium in Zusammenarbeit mit verschiedenen Akteuren der Luxemburger Altenhilfe konzipiertes Plakat dient [&hellip;]\" \/>\n<meta property=\"og:url\" content=\"https:\/\/www.gero.lu\/de\/produit\/basiswissen-demenz\" \/>\n<meta property=\"og:site_name\" content=\"GERO\" \/>\n<meta property=\"article:publisher\" content=\"https:\/\/www.facebook.com\/Kompetenzzenter\/\" \/>\n<meta property=\"article:modified_time\" content=\"2023-01-16T16:24:59+00:00\" \/>\n<meta property=\"og:image\" content=\"https:\/\/www.gero.lu\/wp-content\/uploads\/2021\/08\/gettyimages-1135289130-2048x2048_RET-1.jpg\" \/>\n\t<meta property=\"og:image:width\" content=\"1227\" \/>\n\t<meta property=\"og:image:height\" content=\"802\" \/>\n\t<meta property=\"og:image:type\" content=\"image\/jpeg\" \/>\n<meta name=\"twitter:card\" content=\"summary_large_image\" \/>\n<meta name=\"twitter:label1\" content=\"Gesch\u00e4tzte Lesezeit\" \/>\n\t<meta name=\"twitter:data1\" content=\"1\u00a0Minute\" \/>\n<script type=\"application\/ld+json\" class=\"yoast-schema-graph\">{\"@context\":\"https:\\\/\\\/schema.org\",\"@graph\":[{\"@type\":\"WebPage\",\"@id\":\"https:\\\/\\\/www.gero.lu\\\/de\\\/produit\\\/basiswissen-demenz\",\"url\":\"https:\\\/\\\/www.gero.lu\\\/de\\\/produit\\\/basiswissen-demenz\",\"name\":\"Basiswissen Demenz - GERO\",\"isPartOf\":{\"@id\":\"https:\\\/\\\/www.gero.lu\\\/de\\\/#website\"},\"datePublished\":\"2023-01-16T15:09:50+00:00\",\"dateModified\":\"2023-01-16T16:24:59+00:00\",\"breadcrumb\":{\"@id\":\"https:\\\/\\\/www.gero.lu\\\/de\\\/produit\\\/basiswissen-demenz#breadcrumb\"},\"inLanguage\":\"de\",\"potentialAction\":[{\"@type\":\"ReadAction\",\"target\":[[\"https:\\\/\\\/www.gero.lu\\\/de\\\/produit\\\/basiswissen-demenz\"]]}]},{\"@type\":\"BreadcrumbList\",\"@id\":\"https:\\\/\\\/www.gero.lu\\\/de\\\/produit\\\/basiswissen-demenz#breadcrumb\",\"itemListElement\":[{\"@type\":\"ListItem\",\"position\":1,\"name\":\"Accueil\",\"item\":\"https:\\\/\\\/www.gero.lu\\\/de\\\/\"},{\"@type\":\"ListItem\",\"position\":2,\"name\":\"Shop\",\"item\":\"https:\\\/\\\/www.gero.lu\\\/de\\\/shop\"},{\"@type\":\"ListItem\",\"position\":3,\"name\":\"Basiswissen Demenz\"}]},{\"@type\":\"WebSite\",\"@id\":\"https:\\\/\\\/www.gero.lu\\\/de\\\/#website\",\"url\":\"https:\\\/\\\/www.gero.lu\\\/de\\\/\",\"name\":\"Gero\",\"description\":\"Kompetenzzenter fir den Alter\",\"publisher\":{\"@id\":\"https:\\\/\\\/www.gero.lu\\\/de\\\/#organization\"},\"potentialAction\":[{\"@type\":\"SearchAction\",\"target\":{\"@type\":\"EntryPoint\",\"urlTemplate\":\"https:\\\/\\\/www.gero.lu\\\/de\\\/?s={search_term_string}\"},\"query-input\":{\"@type\":\"PropertyValueSpecification\",\"valueRequired\":true,\"valueName\":\"search_term_string\"}}],\"inLanguage\":\"de\"},{\"@type\":\"Organization\",\"@id\":\"https:\\\/\\\/www.gero.lu\\\/de\\\/#organization\",\"name\":\"Gero\",\"url\":\"https:\\\/\\\/www.gero.lu\\\/de\\\/\",\"logo\":{\"@type\":\"ImageObject\",\"inLanguage\":\"de\",\"@id\":\"https:\\\/\\\/www.gero.lu\\\/de\\\/#\\\/schema\\\/logo\\\/image\\\/\",\"url\":\"https:\\\/\\\/www.gero.lu\\\/wp-content\\\/uploads\\\/2024\\\/04\\\/logo.svg\",\"contentUrl\":\"https:\\\/\\\/www.gero.lu\\\/wp-content\\\/uploads\\\/2024\\\/04\\\/logo.svg\",\"width\":76,\"height\":30,\"caption\":\"Gero\"},\"image\":{\"@id\":\"https:\\\/\\\/www.gero.lu\\\/de\\\/#\\\/schema\\\/logo\\\/image\\\/\"},\"sameAs\":[\"https:\\\/\\\/www.facebook.com\\\/Kompetenzzenter\\\/\",\"https:\\\/\\\/www.instagram.com\\\/gero.kompetenzzenter\\\/\",\"https:\\\/\\\/linkedin.com\\\/company\\\/gero-kompetenzzenter-fir-den-alter\",\"https:\\\/\\\/www.youtube.com\\\/channel\\\/UCJvmJYSeHh3dYQsLHZupj-Q\"]}]}<\/script>\n<!-- \/ Yoast SEO Premium plugin. -->","yoast_head_json":{"title":"Basiswissen Demenz - GERO","robots":{"index":"index","follow":"follow","max-snippet":"max-snippet:-1","max-image-preview":"max-image-preview:large","max-video-preview":"max-video-preview:-1"},"canonical":"https:\/\/www.gero.lu\/de\/produit\/basiswissen-demenz","og_locale":"de_DE","og_type":"article","og_title":"Basiswissen Demenz","og_description":"Der Mensch im Mittelpunkt Modul II der \u201eWeiterbildung Psychogeriatrie\u201c Ein zentrales Modul der insgesamt f\u00fcnft\u00e4gigen Weiterbildung Psychogeriatrie ist auf das \u201eBasiswissen Demenz\u201d ausgerichtet. Hierbei stehen die Sensibilisierung bzw. Heranf\u00fchrung an vier gro\u00dfe Themenfelder im Vordergrund: Demenz, Haltung, Schutzma\u00dfnahmen und Ern\u00e4hrung. Ein vom Luxemburger Familienministerium in Zusammenarbeit mit verschiedenen Akteuren der Luxemburger Altenhilfe konzipiertes Plakat dient [&hellip;]","og_url":"https:\/\/www.gero.lu\/de\/produit\/basiswissen-demenz","og_site_name":"GERO","article_publisher":"https:\/\/www.facebook.com\/Kompetenzzenter\/","article_modified_time":"2023-01-16T16:24:59+00:00","og_image":[{"width":1227,"height":802,"url":"https:\/\/www.gero.lu\/wp-content\/uploads\/2021\/08\/gettyimages-1135289130-2048x2048_RET-1.jpg","type":"image\/jpeg"}],"twitter_card":"summary_large_image","twitter_misc":{"Gesch\u00e4tzte Lesezeit":"1\u00a0Minute"},"schema":{"@context":"https:\/\/schema.org","@graph":[{"@type":"WebPage","@id":"https:\/\/www.gero.lu\/de\/produit\/basiswissen-demenz","url":"https:\/\/www.gero.lu\/de\/produit\/basiswissen-demenz","name":"Basiswissen Demenz - GERO","isPartOf":{"@id":"https:\/\/www.gero.lu\/de\/#website"},"datePublished":"2023-01-16T15:09:50+00:00","dateModified":"2023-01-16T16:24:59+00:00","breadcrumb":{"@id":"https:\/\/www.gero.lu\/de\/produit\/basiswissen-demenz#breadcrumb"},"inLanguage":"de","potentialAction":[{"@type":"ReadAction","target":[["https:\/\/www.gero.lu\/de\/produit\/basiswissen-demenz"]]}]},{"@type":"BreadcrumbList","@id":"https:\/\/www.gero.lu\/de\/produit\/basiswissen-demenz#breadcrumb","itemListElement":[{"@type":"ListItem","position":1,"name":"Accueil","item":"https:\/\/www.gero.lu\/de\/"},{"@type":"ListItem","position":2,"name":"Shop","item":"https:\/\/www.gero.lu\/de\/shop"},{"@type":"ListItem","position":3,"name":"Basiswissen Demenz"}]},{"@type":"WebSite","@id":"https:\/\/www.gero.lu\/de\/#website","url":"https:\/\/www.gero.lu\/de\/","name":"Gero","description":"Kompetenzzenter fir den Alter","publisher":{"@id":"https:\/\/www.gero.lu\/de\/#organization"},"potentialAction":[{"@type":"SearchAction","target":{"@type":"EntryPoint","urlTemplate":"https:\/\/www.gero.lu\/de\/?s={search_term_string}"},"query-input":{"@type":"PropertyValueSpecification","valueRequired":true,"valueName":"search_term_string"}}],"inLanguage":"de"},{"@type":"Organization","@id":"https:\/\/www.gero.lu\/de\/#organization","name":"Gero","url":"https:\/\/www.gero.lu\/de\/","logo":{"@type":"ImageObject","inLanguage":"de","@id":"https:\/\/www.gero.lu\/de\/#\/schema\/logo\/image\/","url":"https:\/\/www.gero.lu\/wp-content\/uploads\/2024\/04\/logo.svg","contentUrl":"https:\/\/www.gero.lu\/wp-content\/uploads\/2024\/04\/logo.svg","width":76,"height":30,"caption":"Gero"},"image":{"@id":"https:\/\/www.gero.lu\/de\/#\/schema\/logo\/image\/"},"sameAs":["https:\/\/www.facebook.com\/Kompetenzzenter\/","https:\/\/www.instagram.com\/gero.kompetenzzenter\/","https:\/\/linkedin.com\/company\/gero-kompetenzzenter-fir-den-alter","https:\/\/www.youtube.com\/channel\/UCJvmJYSeHh3dYQsLHZupj-Q"]}]}},"_links":{"self":[{"href":"https:\/\/www.gero.lu\/de\/wp-json\/wp\/v2\/product\/4807","targetHints":{"allow":["GET"]}}],"collection":[{"href":"https:\/\/www.gero.lu\/de\/wp-json\/wp\/v2\/product"}],"about":[{"href":"https:\/\/www.gero.lu\/de\/wp-json\/wp\/v2\/types\/product"}],"replies":[{"embeddable":true,"href":"https:\/\/www.gero.lu\/de\/wp-json\/wp\/v2\/comments?post=4807"}],"wp:attachment":[{"href":"https:\/\/www.gero.lu\/de\/wp-json\/wp\/v2\/media?parent=4807"}],"wp:term":[{"taxonomy":"product_brand","embeddable":true,"href":"https:\/\/www.gero.lu\/de\/wp-json\/wp\/v2\/product_brand?post=4807"},{"taxonomy":"product_cat","embeddable":true,"href":"https:\/\/www.gero.lu\/de\/wp-json\/wp\/v2\/product_cat?post=4807"},{"taxonomy":"product_tag","embeddable":true,"href":"https:\/\/www.gero.lu\/de\/wp-json\/wp\/v2\/product_tag?post=4807"}],"curies":[{"name":"wp","href":"https:\/\/api.w.org\/{rel}","templated":true}]}}