{"id":4627,"date":"2022-11-22T15:29:40","date_gmt":"2022-11-22T15:29:40","guid":{"rendered":"https:\/\/www.gero.lu\/fr\/produit\/ebooks-und-audiobooks-ausleihen-leicht-gemacht"},"modified":"2023-01-23T09:22:59","modified_gmt":"2023-01-23T09:22:59","slug":"ebooks-und-audiobooks-ausleihen-leicht-gemacht","status":"publish","type":"product","link":"https:\/\/www.gero.lu\/de\/produit\/ebooks-und-audiobooks-ausleihen-leicht-gemacht","title":{"rendered":"Ebooks und Audiobooks &#8211; Ausleihen leicht gemacht"},"content":{"rendered":"<p>Wussten Sie, dass Sie mit der Leserkarte aus<br \/>\nvielen \u00f6ffentlichen Bibliotheken jederzeit gratis<br \/>\nZugriff auf tausende E-Books und Audiobooks<br \/>\nhaben? Der gr\u00f6\u00dfte Vorteil ist ihre sofortige Verf\u00fcgbarkeit. Praktisch ist au\u00dferdem, dass Gr\u00f6\u00dfe der Schrift und Kontrast angepasst werden k\u00f6nnen, um das Lesen zu erleichtern.<\/p>\n<p>Juliane Schulze und Marie-Sophie Werz, Mitarbeiterinnen der Nationalbibliothek, erkl\u00e4ren in diesem Workshop die einzelnen Schritte von der E-Book-Suche \u00fcber die Installation der ben\u00f6tigten Software\/Apps bis zur Ausleihe. Bringen Sie bitte Ihr eigenes Tablet, Smartphone oder eReader (kein Amazon Kindle) mit, damit Sie das E-Book Ihrer Wahl direkt herunterladen k\u00f6nnen.<\/p>\n<p>Teilnahmevoraussetzung ist eine g\u00fcltige Leserkarte der Nationalbibliothek oder einer der 12 ebooks.lu-Partnerbibliotheken. Bei Fragen dazu wenden Sie sich bitte an GERO.<\/p>\n","protected":false},"excerpt":{"rendered":"<p>Wussten Sie, dass Sie mit der Leserkarte aus vielen \u00f6ffentlichen Bibliotheken jederzeit gratis Zugriff auf tausende E-Books und Audiobooks haben? Der gr\u00f6\u00dfte Vorteil ist ihre sofortige Verf\u00fcgbarkeit. Praktisch ist au\u00dferdem, dass Gr\u00f6\u00dfe der Schrift und Kontrast angepasst werden k\u00f6nnen, um das Lesen zu erleichtern. Juliane Schulze und Marie-Sophie Werz, Mitarbeiterinnen der Nationalbibliothek, erkl\u00e4ren in diesem [&hellip;]<\/p>\n","protected":false},"featured_media":0,"comment_status":"closed","ping_status":"closed","template":"","meta":{"_acf_changed":false,"inline_featured_image":false},"product_brand":[],"product_cat":[229],"product_tag":[202],"class_list":{"0":"post-4627","1":"product","2":"type-product","3":"status-publish","5":"product_cat-workshop","6":"product_tag-monde-digital-senior","8":"first","9":"instock","10":"virtual","11":"purchasable","12":"product-type-simple"},"acf":[],"yoast_head":"<!-- This site is optimized with the Yoast SEO Premium plugin v26.5 (Yoast SEO v27.4) - https:\/\/yoast.com\/product\/yoast-seo-premium-wordpress\/ -->\n<title>Ebooks und Audiobooks - Ausleihen leicht gemacht - GERO<\/title>\n<meta name=\"robots\" content=\"index, follow, max-snippet:-1, max-image-preview:large, max-video-preview:-1\" \/>\n<link rel=\"canonical\" href=\"https:\/\/www.gero.lu\/de\/produit\/ebooks-und-audiobooks-ausleihen-leicht-gemacht\" \/>\n<meta property=\"og:locale\" content=\"de_DE\" \/>\n<meta property=\"og:type\" content=\"article\" \/>\n<meta property=\"og:title\" content=\"Ebooks und Audiobooks - Ausleihen leicht gemacht\" \/>\n<meta property=\"og:description\" content=\"Wussten Sie, dass Sie mit der Leserkarte aus vielen \u00f6ffentlichen Bibliotheken jederzeit gratis Zugriff auf tausende E-Books und Audiobooks haben? Der gr\u00f6\u00dfte Vorteil ist ihre sofortige Verf\u00fcgbarkeit. Praktisch ist au\u00dferdem, dass Gr\u00f6\u00dfe der Schrift und Kontrast angepasst werden k\u00f6nnen, um das Lesen zu erleichtern. Juliane Schulze und Marie-Sophie Werz, Mitarbeiterinnen der Nationalbibliothek, erkl\u00e4ren in diesem [&hellip;]\" \/>\n<meta property=\"og:url\" content=\"https:\/\/www.gero.lu\/de\/produit\/ebooks-und-audiobooks-ausleihen-leicht-gemacht\" \/>\n<meta property=\"og:site_name\" content=\"GERO\" \/>\n<meta property=\"article:publisher\" content=\"https:\/\/www.facebook.com\/Kompetenzzenter\/\" \/>\n<meta property=\"article:modified_time\" content=\"2023-01-23T09:22:59+00:00\" \/>\n<meta property=\"og:image\" content=\"https:\/\/www.gero.lu\/wp-content\/uploads\/2021\/08\/gettyimages-1135289130-2048x2048_RET-1.jpg\" \/>\n\t<meta property=\"og:image:width\" content=\"1227\" \/>\n\t<meta property=\"og:image:height\" content=\"802\" \/>\n\t<meta property=\"og:image:type\" content=\"image\/jpeg\" \/>\n<meta name=\"twitter:card\" content=\"summary_large_image\" \/>\n<meta name=\"twitter:label1\" content=\"Gesch\u00e4tzte Lesezeit\" \/>\n\t<meta name=\"twitter:data1\" content=\"1\u00a0Minute\" \/>\n<script type=\"application\/ld+json\" class=\"yoast-schema-graph\">{\"@context\":\"https:\\\/\\\/schema.org\",\"@graph\":[{\"@type\":\"WebPage\",\"@id\":\"https:\\\/\\\/www.gero.lu\\\/de\\\/produit\\\/ebooks-und-audiobooks-ausleihen-leicht-gemacht\",\"url\":\"https:\\\/\\\/www.gero.lu\\\/de\\\/produit\\\/ebooks-und-audiobooks-ausleihen-leicht-gemacht\",\"name\":\"Ebooks und Audiobooks - Ausleihen leicht gemacht - GERO\",\"isPartOf\":{\"@id\":\"https:\\\/\\\/www.gero.lu\\\/de\\\/#website\"},\"datePublished\":\"2022-11-22T15:29:40+00:00\",\"dateModified\":\"2023-01-23T09:22:59+00:00\",\"breadcrumb\":{\"@id\":\"https:\\\/\\\/www.gero.lu\\\/de\\\/produit\\\/ebooks-und-audiobooks-ausleihen-leicht-gemacht#breadcrumb\"},\"inLanguage\":\"de\",\"potentialAction\":[{\"@type\":\"ReadAction\",\"target\":[[\"https:\\\/\\\/www.gero.lu\\\/de\\\/produit\\\/ebooks-und-audiobooks-ausleihen-leicht-gemacht\"]]}]},{\"@type\":\"BreadcrumbList\",\"@id\":\"https:\\\/\\\/www.gero.lu\\\/de\\\/produit\\\/ebooks-und-audiobooks-ausleihen-leicht-gemacht#breadcrumb\",\"itemListElement\":[{\"@type\":\"ListItem\",\"position\":1,\"name\":\"Accueil\",\"item\":\"https:\\\/\\\/www.gero.lu\\\/de\\\/\"},{\"@type\":\"ListItem\",\"position\":2,\"name\":\"Shop\",\"item\":\"https:\\\/\\\/www.gero.lu\\\/de\\\/shop\"},{\"@type\":\"ListItem\",\"position\":3,\"name\":\"Ebooks und Audiobooks &#8211; Ausleihen leicht gemacht\"}]},{\"@type\":\"WebSite\",\"@id\":\"https:\\\/\\\/www.gero.lu\\\/de\\\/#website\",\"url\":\"https:\\\/\\\/www.gero.lu\\\/de\\\/\",\"name\":\"Gero\",\"description\":\"Kompetenzzenter fir den Alter\",\"publisher\":{\"@id\":\"https:\\\/\\\/www.gero.lu\\\/de\\\/#organization\"},\"potentialAction\":[{\"@type\":\"SearchAction\",\"target\":{\"@type\":\"EntryPoint\",\"urlTemplate\":\"https:\\\/\\\/www.gero.lu\\\/de\\\/?s={search_term_string}\"},\"query-input\":{\"@type\":\"PropertyValueSpecification\",\"valueRequired\":true,\"valueName\":\"search_term_string\"}}],\"inLanguage\":\"de\"},{\"@type\":\"Organization\",\"@id\":\"https:\\\/\\\/www.gero.lu\\\/de\\\/#organization\",\"name\":\"Gero\",\"url\":\"https:\\\/\\\/www.gero.lu\\\/de\\\/\",\"logo\":{\"@type\":\"ImageObject\",\"inLanguage\":\"de\",\"@id\":\"https:\\\/\\\/www.gero.lu\\\/de\\\/#\\\/schema\\\/logo\\\/image\\\/\",\"url\":\"https:\\\/\\\/www.gero.lu\\\/wp-content\\\/uploads\\\/2024\\\/04\\\/logo.svg\",\"contentUrl\":\"https:\\\/\\\/www.gero.lu\\\/wp-content\\\/uploads\\\/2024\\\/04\\\/logo.svg\",\"width\":76,\"height\":30,\"caption\":\"Gero\"},\"image\":{\"@id\":\"https:\\\/\\\/www.gero.lu\\\/de\\\/#\\\/schema\\\/logo\\\/image\\\/\"},\"sameAs\":[\"https:\\\/\\\/www.facebook.com\\\/Kompetenzzenter\\\/\",\"https:\\\/\\\/www.instagram.com\\\/gero.kompetenzzenter\\\/\",\"https:\\\/\\\/linkedin.com\\\/company\\\/gero-kompetenzzenter-fir-den-alter\",\"https:\\\/\\\/www.youtube.com\\\/channel\\\/UCJvmJYSeHh3dYQsLHZupj-Q\"]}]}<\/script>\n<!-- \/ Yoast SEO Premium plugin. -->","yoast_head_json":{"title":"Ebooks und Audiobooks - Ausleihen leicht gemacht - GERO","robots":{"index":"index","follow":"follow","max-snippet":"max-snippet:-1","max-image-preview":"max-image-preview:large","max-video-preview":"max-video-preview:-1"},"canonical":"https:\/\/www.gero.lu\/de\/produit\/ebooks-und-audiobooks-ausleihen-leicht-gemacht","og_locale":"de_DE","og_type":"article","og_title":"Ebooks und Audiobooks - Ausleihen leicht gemacht","og_description":"Wussten Sie, dass Sie mit der Leserkarte aus vielen \u00f6ffentlichen Bibliotheken jederzeit gratis Zugriff auf tausende E-Books und Audiobooks haben? Der gr\u00f6\u00dfte Vorteil ist ihre sofortige Verf\u00fcgbarkeit. Praktisch ist au\u00dferdem, dass Gr\u00f6\u00dfe der Schrift und Kontrast angepasst werden k\u00f6nnen, um das Lesen zu erleichtern. Juliane Schulze und Marie-Sophie Werz, Mitarbeiterinnen der Nationalbibliothek, erkl\u00e4ren in diesem [&hellip;]","og_url":"https:\/\/www.gero.lu\/de\/produit\/ebooks-und-audiobooks-ausleihen-leicht-gemacht","og_site_name":"GERO","article_publisher":"https:\/\/www.facebook.com\/Kompetenzzenter\/","article_modified_time":"2023-01-23T09:22:59+00:00","og_image":[{"width":1227,"height":802,"url":"https:\/\/www.gero.lu\/wp-content\/uploads\/2021\/08\/gettyimages-1135289130-2048x2048_RET-1.jpg","type":"image\/jpeg"}],"twitter_card":"summary_large_image","twitter_misc":{"Gesch\u00e4tzte Lesezeit":"1\u00a0Minute"},"schema":{"@context":"https:\/\/schema.org","@graph":[{"@type":"WebPage","@id":"https:\/\/www.gero.lu\/de\/produit\/ebooks-und-audiobooks-ausleihen-leicht-gemacht","url":"https:\/\/www.gero.lu\/de\/produit\/ebooks-und-audiobooks-ausleihen-leicht-gemacht","name":"Ebooks und Audiobooks - Ausleihen leicht gemacht - GERO","isPartOf":{"@id":"https:\/\/www.gero.lu\/de\/#website"},"datePublished":"2022-11-22T15:29:40+00:00","dateModified":"2023-01-23T09:22:59+00:00","breadcrumb":{"@id":"https:\/\/www.gero.lu\/de\/produit\/ebooks-und-audiobooks-ausleihen-leicht-gemacht#breadcrumb"},"inLanguage":"de","potentialAction":[{"@type":"ReadAction","target":[["https:\/\/www.gero.lu\/de\/produit\/ebooks-und-audiobooks-ausleihen-leicht-gemacht"]]}]},{"@type":"BreadcrumbList","@id":"https:\/\/www.gero.lu\/de\/produit\/ebooks-und-audiobooks-ausleihen-leicht-gemacht#breadcrumb","itemListElement":[{"@type":"ListItem","position":1,"name":"Accueil","item":"https:\/\/www.gero.lu\/de\/"},{"@type":"ListItem","position":2,"name":"Shop","item":"https:\/\/www.gero.lu\/de\/shop"},{"@type":"ListItem","position":3,"name":"Ebooks und Audiobooks &#8211; Ausleihen leicht gemacht"}]},{"@type":"WebSite","@id":"https:\/\/www.gero.lu\/de\/#website","url":"https:\/\/www.gero.lu\/de\/","name":"Gero","description":"Kompetenzzenter fir den Alter","publisher":{"@id":"https:\/\/www.gero.lu\/de\/#organization"},"potentialAction":[{"@type":"SearchAction","target":{"@type":"EntryPoint","urlTemplate":"https:\/\/www.gero.lu\/de\/?s={search_term_string}"},"query-input":{"@type":"PropertyValueSpecification","valueRequired":true,"valueName":"search_term_string"}}],"inLanguage":"de"},{"@type":"Organization","@id":"https:\/\/www.gero.lu\/de\/#organization","name":"Gero","url":"https:\/\/www.gero.lu\/de\/","logo":{"@type":"ImageObject","inLanguage":"de","@id":"https:\/\/www.gero.lu\/de\/#\/schema\/logo\/image\/","url":"https:\/\/www.gero.lu\/wp-content\/uploads\/2024\/04\/logo.svg","contentUrl":"https:\/\/www.gero.lu\/wp-content\/uploads\/2024\/04\/logo.svg","width":76,"height":30,"caption":"Gero"},"image":{"@id":"https:\/\/www.gero.lu\/de\/#\/schema\/logo\/image\/"},"sameAs":["https:\/\/www.facebook.com\/Kompetenzzenter\/","https:\/\/www.instagram.com\/gero.kompetenzzenter\/","https:\/\/linkedin.com\/company\/gero-kompetenzzenter-fir-den-alter","https:\/\/www.youtube.com\/channel\/UCJvmJYSeHh3dYQsLHZupj-Q"]}]}},"_links":{"self":[{"href":"https:\/\/www.gero.lu\/de\/wp-json\/wp\/v2\/product\/4627","targetHints":{"allow":["GET"]}}],"collection":[{"href":"https:\/\/www.gero.lu\/de\/wp-json\/wp\/v2\/product"}],"about":[{"href":"https:\/\/www.gero.lu\/de\/wp-json\/wp\/v2\/types\/product"}],"replies":[{"embeddable":true,"href":"https:\/\/www.gero.lu\/de\/wp-json\/wp\/v2\/comments?post=4627"}],"wp:attachment":[{"href":"https:\/\/www.gero.lu\/de\/wp-json\/wp\/v2\/media?parent=4627"}],"wp:term":[{"taxonomy":"product_brand","embeddable":true,"href":"https:\/\/www.gero.lu\/de\/wp-json\/wp\/v2\/product_brand?post=4627"},{"taxonomy":"product_cat","embeddable":true,"href":"https:\/\/www.gero.lu\/de\/wp-json\/wp\/v2\/product_cat?post=4627"},{"taxonomy":"product_tag","embeddable":true,"href":"https:\/\/www.gero.lu\/de\/wp-json\/wp\/v2\/product_tag?post=4627"}],"curies":[{"name":"wp","href":"https:\/\/api.w.org\/{rel}","templated":true}]}}