{"id":4579,"date":"2022-11-09T09:57:30","date_gmt":"2022-11-09T09:57:30","guid":{"rendered":"https:\/\/www.gero.lu\/?post_type=product&#038;p=4579"},"modified":"2022-12-07T11:21:32","modified_gmt":"2022-12-07T11:21:32","slug":"fiedem-verbannen-a-telecharger","status":"publish","type":"product","link":"https:\/\/www.gero.lu\/de\/produit\/fiedem-verbannen-a-telecharger","title":{"rendered":"Fiedem verbannen &#8211; zum Herunterladen"},"content":{"rendered":"<h2><strong>Fiedem verbannen<\/strong><\/h2>\n<p><strong><em>Handaarbecht am Schoulalldag<\/em><\/strong><\/p>\n<p>Sticken, Stricken, H\u00e4keln und andere Formen der Handarbeit geh\u00f6rten fr\u00fcher zum Schulprogramm aller M\u00e4dchen und viele entdeckten hier eine Leidenschaft, die sie ein Leben lang begleitete. Au\u00dferdem gibt es immer viele Anekdoten \u00fcber diese Schulstunden zu erz\u00e4hlen.<\/p>\n<p>Weil die Print-Version vergriffen ist, kann die Ausgabe jetzt im GERO-Shop als pdf heruntergeladen werden, um entweder am Bildschirm gelesen oder ausgedruckt zu werden. Die Ansicht auf PC oder Tablet eignet sich sehr gut, um sowohl die Schrift als auch die zahlreichen Illustrationen zu vergr\u00f6\u00dfern, damit die sch\u00f6nen Details dieser N\u00e4hsch\u00e4tze noch besser zu erkennen sind.<\/p>\n","protected":false},"excerpt":{"rendered":"<p>Fiedem verbannen Handaarbecht am Schoulalldag Sticken, Stricken, H\u00e4keln und andere Formen der Handarbeit geh\u00f6rten fr\u00fcher zum Schulprogramm aller M\u00e4dchen und viele entdeckten hier eine Leidenschaft, die sie ein Leben lang begleitete. Au\u00dferdem gibt es immer viele Anekdoten \u00fcber diese Schulstunden zu erz\u00e4hlen. Weil die Print-Version vergriffen ist, kann die Ausgabe jetzt im GERO-Shop als pdf [&hellip;]<\/p>\n","protected":false},"featured_media":4580,"comment_status":"closed","ping_status":"closed","template":"","meta":{"_acf_changed":false,"inline_featured_image":false},"product_brand":[],"product_cat":[54,53],"product_tag":[],"class_list":{"0":"post-4579","1":"product","2":"type-product","3":"status-publish","4":"has-post-thumbnail","6":"product_cat-livres","7":"product_cat-produits","9":"first","10":"instock","11":"downloadable","12":"virtual","13":"purchasable","14":"product-type-simple"},"acf":[],"yoast_head":"<!-- This site is optimized with the Yoast SEO Premium plugin v27.4 (Yoast SEO v27.5) - https:\/\/yoast.com\/product\/yoast-seo-premium-wordpress\/ -->\n<title>Fiedem verbannen - zum Herunterladen - GERO<\/title>\n<meta name=\"robots\" content=\"index, follow, max-snippet:-1, max-image-preview:large, max-video-preview:-1\" \/>\n<link rel=\"canonical\" href=\"https:\/\/www.gero.lu\/de\/produit\/fiedem-verbannen-a-telecharger\" \/>\n<meta property=\"og:locale\" content=\"de_DE\" \/>\n<meta property=\"og:type\" content=\"article\" \/>\n<meta property=\"og:title\" content=\"Fiedem verbannen - zum Herunterladen\" \/>\n<meta property=\"og:description\" content=\"Fiedem verbannen Handaarbecht am Schoulalldag Sticken, Stricken, H\u00e4keln und andere Formen der Handarbeit geh\u00f6rten fr\u00fcher zum Schulprogramm aller M\u00e4dchen und viele entdeckten hier eine Leidenschaft, die sie ein Leben lang begleitete. Au\u00dferdem gibt es immer viele Anekdoten \u00fcber diese Schulstunden zu erz\u00e4hlen. Weil die Print-Version vergriffen ist, kann die Ausgabe jetzt im GERO-Shop als pdf [&hellip;]\" \/>\n<meta property=\"og:url\" content=\"https:\/\/www.gero.lu\/de\/produit\/fiedem-verbannen-a-telecharger\" \/>\n<meta property=\"og:site_name\" content=\"GERO\" \/>\n<meta property=\"article:publisher\" content=\"https:\/\/www.facebook.com\/Kompetenzzenter\/\" \/>\n<meta property=\"article:modified_time\" content=\"2022-12-07T11:21:32+00:00\" \/>\n<meta property=\"og:image\" content=\"https:\/\/www.gero.lu\/wp-content\/uploads\/2021\/08\/gettyimages-1135289130-2048x2048_RET-1.jpg\" \/>\n\t<meta property=\"og:image:width\" content=\"1227\" \/>\n\t<meta property=\"og:image:height\" content=\"802\" \/>\n\t<meta property=\"og:image:type\" content=\"image\/jpeg\" \/>\n<meta name=\"twitter:card\" content=\"summary_large_image\" \/>\n<meta name=\"twitter:label1\" content=\"Gesch\u00e4tzte Lesezeit\" \/>\n\t<meta name=\"twitter:data1\" content=\"1\u00a0Minute\" \/>\n<script type=\"application\/ld+json\" class=\"yoast-schema-graph\">{\"@context\":\"https:\\\/\\\/schema.org\",\"@graph\":[{\"@type\":\"WebPage\",\"@id\":\"https:\\\/\\\/www.gero.lu\\\/de\\\/produit\\\/fiedem-verbannen-a-telecharger\",\"url\":\"https:\\\/\\\/www.gero.lu\\\/de\\\/produit\\\/fiedem-verbannen-a-telecharger\",\"name\":\"Fiedem verbannen - zum Herunterladen - GERO\",\"isPartOf\":{\"@id\":\"https:\\\/\\\/www.gero.lu\\\/de\\\/#website\"},\"primaryImageOfPage\":{\"@id\":\"https:\\\/\\\/www.gero.lu\\\/de\\\/produit\\\/fiedem-verbannen-a-telecharger#primaryimage\"},\"image\":{\"@id\":\"https:\\\/\\\/www.gero.lu\\\/produit\\\/fiedem-verbannen-a-telecharger#primaryimage\"},\"thumbnailUrl\":\"https:\\\/\\\/www.gero.lu\\\/wp-content\\\/uploads\\\/2022\\\/11\\\/titel_fiedem_cover-pdf.jpg\",\"datePublished\":\"2022-11-09T09:57:30+00:00\",\"dateModified\":\"2022-12-07T11:21:32+00:00\",\"breadcrumb\":{\"@id\":\"https:\\\/\\\/www.gero.lu\\\/de\\\/produit\\\/fiedem-verbannen-a-telecharger#breadcrumb\"},\"inLanguage\":\"de\",\"potentialAction\":[{\"@type\":\"ReadAction\",\"target\":[[\"https:\\\/\\\/www.gero.lu\\\/de\\\/produit\\\/fiedem-verbannen-a-telecharger\"]]}]},{\"@type\":\"ImageObject\",\"inLanguage\":\"de\",\"@id\":\"https:\\\/\\\/www.gero.lu\\\/de\\\/produit\\\/fiedem-verbannen-a-telecharger#primaryimage\",\"url\":\"https:\\\/\\\/www.gero.lu\\\/wp-content\\\/uploads\\\/2022\\\/11\\\/titel_fiedem_cover-pdf.jpg\",\"contentUrl\":\"https:\\\/\\\/www.gero.lu\\\/wp-content\\\/uploads\\\/2022\\\/11\\\/titel_fiedem_cover-pdf.jpg\"},{\"@type\":\"BreadcrumbList\",\"@id\":\"https:\\\/\\\/www.gero.lu\\\/de\\\/produit\\\/fiedem-verbannen-a-telecharger#breadcrumb\",\"itemListElement\":[{\"@type\":\"ListItem\",\"position\":1,\"name\":\"Accueil\",\"item\":\"https:\\\/\\\/www.gero.lu\\\/de\\\/\"},{\"@type\":\"ListItem\",\"position\":2,\"name\":\"Shop\",\"item\":\"https:\\\/\\\/www.gero.lu\\\/de\\\/shop\"},{\"@type\":\"ListItem\",\"position\":3,\"name\":\"Fiedem verbannen &#8211; \u00e0 t\u00e9l\u00e9charger\"}]},{\"@type\":\"WebSite\",\"@id\":\"https:\\\/\\\/www.gero.lu\\\/de\\\/#website\",\"url\":\"https:\\\/\\\/www.gero.lu\\\/de\\\/\",\"name\":\"Gero\",\"description\":\"Kompetenzzenter fir den Alter\",\"publisher\":{\"@id\":\"https:\\\/\\\/www.gero.lu\\\/de\\\/#organization\"},\"potentialAction\":[{\"@type\":\"SearchAction\",\"target\":{\"@type\":\"EntryPoint\",\"urlTemplate\":\"https:\\\/\\\/www.gero.lu\\\/de\\\/?s={search_term_string}\"},\"query-input\":{\"@type\":\"PropertyValueSpecification\",\"valueRequired\":true,\"valueName\":\"search_term_string\"}}],\"inLanguage\":\"de\"},{\"@type\":\"Organization\",\"@id\":\"https:\\\/\\\/www.gero.lu\\\/de\\\/#organization\",\"name\":\"Gero\",\"url\":\"https:\\\/\\\/www.gero.lu\\\/de\\\/\",\"logo\":{\"@type\":\"ImageObject\",\"inLanguage\":\"de\",\"@id\":\"https:\\\/\\\/www.gero.lu\\\/de\\\/#\\\/schema\\\/logo\\\/image\\\/\",\"url\":\"https:\\\/\\\/www.gero.lu\\\/wp-content\\\/uploads\\\/2024\\\/04\\\/logo.svg\",\"contentUrl\":\"https:\\\/\\\/www.gero.lu\\\/wp-content\\\/uploads\\\/2024\\\/04\\\/logo.svg\",\"width\":76,\"height\":30,\"caption\":\"Gero\"},\"image\":{\"@id\":\"https:\\\/\\\/www.gero.lu\\\/de\\\/#\\\/schema\\\/logo\\\/image\\\/\"},\"sameAs\":[\"https:\\\/\\\/www.facebook.com\\\/Kompetenzzenter\\\/\",\"https:\\\/\\\/www.instagram.com\\\/gero.kompetenzzenter\\\/\",\"https:\\\/\\\/linkedin.com\\\/company\\\/gero-kompetenzzenter-fir-den-alter\",\"https:\\\/\\\/www.youtube.com\\\/channel\\\/UCJvmJYSeHh3dYQsLHZupj-Q\"]}]}<\/script>\n<!-- \/ Yoast SEO Premium plugin. -->","yoast_head_json":{"title":"Fiedem verbannen - zum Herunterladen - GERO","robots":{"index":"index","follow":"follow","max-snippet":"max-snippet:-1","max-image-preview":"max-image-preview:large","max-video-preview":"max-video-preview:-1"},"canonical":"https:\/\/www.gero.lu\/de\/produit\/fiedem-verbannen-a-telecharger","og_locale":"de_DE","og_type":"article","og_title":"Fiedem verbannen - zum Herunterladen","og_description":"Fiedem verbannen Handaarbecht am Schoulalldag Sticken, Stricken, H\u00e4keln und andere Formen der Handarbeit geh\u00f6rten fr\u00fcher zum Schulprogramm aller M\u00e4dchen und viele entdeckten hier eine Leidenschaft, die sie ein Leben lang begleitete. Au\u00dferdem gibt es immer viele Anekdoten \u00fcber diese Schulstunden zu erz\u00e4hlen. Weil die Print-Version vergriffen ist, kann die Ausgabe jetzt im GERO-Shop als pdf [&hellip;]","og_url":"https:\/\/www.gero.lu\/de\/produit\/fiedem-verbannen-a-telecharger","og_site_name":"GERO","article_publisher":"https:\/\/www.facebook.com\/Kompetenzzenter\/","article_modified_time":"2022-12-07T11:21:32+00:00","og_image":[{"width":1227,"height":802,"url":"https:\/\/www.gero.lu\/wp-content\/uploads\/2021\/08\/gettyimages-1135289130-2048x2048_RET-1.jpg","type":"image\/jpeg"}],"twitter_card":"summary_large_image","twitter_misc":{"Gesch\u00e4tzte Lesezeit":"1\u00a0Minute"},"schema":{"@context":"https:\/\/schema.org","@graph":[{"@type":"WebPage","@id":"https:\/\/www.gero.lu\/de\/produit\/fiedem-verbannen-a-telecharger","url":"https:\/\/www.gero.lu\/de\/produit\/fiedem-verbannen-a-telecharger","name":"Fiedem verbannen - zum Herunterladen - GERO","isPartOf":{"@id":"https:\/\/www.gero.lu\/de\/#website"},"primaryImageOfPage":{"@id":"https:\/\/www.gero.lu\/de\/produit\/fiedem-verbannen-a-telecharger#primaryimage"},"image":{"@id":"https:\/\/www.gero.lu\/produit\/fiedem-verbannen-a-telecharger#primaryimage"},"thumbnailUrl":"https:\/\/www.gero.lu\/wp-content\/uploads\/2022\/11\/titel_fiedem_cover-pdf.jpg","datePublished":"2022-11-09T09:57:30+00:00","dateModified":"2022-12-07T11:21:32+00:00","breadcrumb":{"@id":"https:\/\/www.gero.lu\/de\/produit\/fiedem-verbannen-a-telecharger#breadcrumb"},"inLanguage":"de","potentialAction":[{"@type":"ReadAction","target":[["https:\/\/www.gero.lu\/de\/produit\/fiedem-verbannen-a-telecharger"]]}]},{"@type":"ImageObject","inLanguage":"de","@id":"https:\/\/www.gero.lu\/de\/produit\/fiedem-verbannen-a-telecharger#primaryimage","url":"https:\/\/www.gero.lu\/wp-content\/uploads\/2022\/11\/titel_fiedem_cover-pdf.jpg","contentUrl":"https:\/\/www.gero.lu\/wp-content\/uploads\/2022\/11\/titel_fiedem_cover-pdf.jpg"},{"@type":"BreadcrumbList","@id":"https:\/\/www.gero.lu\/de\/produit\/fiedem-verbannen-a-telecharger#breadcrumb","itemListElement":[{"@type":"ListItem","position":1,"name":"Accueil","item":"https:\/\/www.gero.lu\/de\/"},{"@type":"ListItem","position":2,"name":"Shop","item":"https:\/\/www.gero.lu\/de\/shop"},{"@type":"ListItem","position":3,"name":"Fiedem verbannen &#8211; \u00e0 t\u00e9l\u00e9charger"}]},{"@type":"WebSite","@id":"https:\/\/www.gero.lu\/de\/#website","url":"https:\/\/www.gero.lu\/de\/","name":"Gero","description":"Kompetenzzenter fir den Alter","publisher":{"@id":"https:\/\/www.gero.lu\/de\/#organization"},"potentialAction":[{"@type":"SearchAction","target":{"@type":"EntryPoint","urlTemplate":"https:\/\/www.gero.lu\/de\/?s={search_term_string}"},"query-input":{"@type":"PropertyValueSpecification","valueRequired":true,"valueName":"search_term_string"}}],"inLanguage":"de"},{"@type":"Organization","@id":"https:\/\/www.gero.lu\/de\/#organization","name":"Gero","url":"https:\/\/www.gero.lu\/de\/","logo":{"@type":"ImageObject","inLanguage":"de","@id":"https:\/\/www.gero.lu\/de\/#\/schema\/logo\/image\/","url":"https:\/\/www.gero.lu\/wp-content\/uploads\/2024\/04\/logo.svg","contentUrl":"https:\/\/www.gero.lu\/wp-content\/uploads\/2024\/04\/logo.svg","width":76,"height":30,"caption":"Gero"},"image":{"@id":"https:\/\/www.gero.lu\/de\/#\/schema\/logo\/image\/"},"sameAs":["https:\/\/www.facebook.com\/Kompetenzzenter\/","https:\/\/www.instagram.com\/gero.kompetenzzenter\/","https:\/\/linkedin.com\/company\/gero-kompetenzzenter-fir-den-alter","https:\/\/www.youtube.com\/channel\/UCJvmJYSeHh3dYQsLHZupj-Q"]}]}},"_links":{"self":[{"href":"https:\/\/www.gero.lu\/de\/wp-json\/wp\/v2\/product\/4579","targetHints":{"allow":["GET"]}}],"collection":[{"href":"https:\/\/www.gero.lu\/de\/wp-json\/wp\/v2\/product"}],"about":[{"href":"https:\/\/www.gero.lu\/de\/wp-json\/wp\/v2\/types\/product"}],"replies":[{"embeddable":true,"href":"https:\/\/www.gero.lu\/de\/wp-json\/wp\/v2\/comments?post=4579"}],"wp:featuredmedia":[{"embeddable":true,"href":"https:\/\/www.gero.lu\/de\/wp-json\/wp\/v2\/media\/4580"}],"wp:attachment":[{"href":"https:\/\/www.gero.lu\/de\/wp-json\/wp\/v2\/media?parent=4579"}],"wp:term":[{"taxonomy":"product_brand","embeddable":true,"href":"https:\/\/www.gero.lu\/de\/wp-json\/wp\/v2\/product_brand?post=4579"},{"taxonomy":"product_cat","embeddable":true,"href":"https:\/\/www.gero.lu\/de\/wp-json\/wp\/v2\/product_cat?post=4579"},{"taxonomy":"product_tag","embeddable":true,"href":"https:\/\/www.gero.lu\/de\/wp-json\/wp\/v2\/product_tag?post=4579"}],"curies":[{"name":"wp","href":"https:\/\/api.w.org\/{rel}","templated":true}]}}