{"id":4477,"date":"2022-10-13T09:21:33","date_gmt":"2022-10-13T09:21:33","guid":{"rendered":"https:\/\/www.gero.lu\/fr\/produit\/atherische-ole-bei-demenz"},"modified":"2023-05-24T09:21:24","modified_gmt":"2023-05-24T09:21:24","slug":"atherische-ole-bei-demenz","status":"publish","type":"product","link":"https:\/\/www.gero.lu\/de\/produit\/atherische-ole-bei-demenz","title":{"rendered":"\u00c4therische \u00d6le bei Demenz"},"content":{"rendered":"<p>Aromatherapie f\u00fcr Fortgeschrittene<\/p>\n<p>Alte Menschen ben\u00f6tigen eine ganzheitliche Begleitung und Pflege, vor allem dann, wenn sie von einer Demenzerkrankung betroffen sind. Mit \u00e4therischen \u00d6len k\u00f6nnen ihr Wohlbefinden und ihre Lebensqualit\u00e4t positiv beeinflusst und gesteigert werden. Die Kombination von \u00e4therischen \u00d6len, Aromamassage und Elementen der basalen Stimulation helfen, typischen Problemstellungen auf spezifische Weise zu begegnen.<\/p>\n<p>In diesem Seminar werden wir uns mit folgenden Fragen besch\u00e4ftigen:<br \/>\n\u2022\tPflegeprobleme beim Umgang mit Menschen mit Demenz<br \/>\n\u2022\tGed\u00e4chtnisstimulation und sanfte Entspannung mit \u00e4therischen \u00d6len<br \/>\n\u2022\tDer Einfluss von Ber\u00fchrungsqualit\u00e4t und Aromapflege bei alten Menschen<br \/>\n\u2022\tAromamassagen und \u00d6lauflagen mit \u00e4therischen \u00d6len<br \/>\n\u2022\tVorstellung spezieller \u00e4therischer \u00d6le f\u00fcr die Altenpflege<\/p>\n<p>Die Teilnehmer*innen sollten \u00fcber Vorkenntnisse in der Aromatherapie verf\u00fcgen<\/p>\n","protected":false},"excerpt":{"rendered":"<p>Aromatherapie f\u00fcr Fortgeschrittene Alte Menschen ben\u00f6tigen eine ganzheitliche Begleitung und Pflege, vor allem dann, wenn sie von einer Demenzerkrankung betroffen sind. Mit \u00e4therischen \u00d6len k\u00f6nnen ihr Wohlbefinden und ihre Lebensqualit\u00e4t positiv beeinflusst und gesteigert werden. Die Kombination von \u00e4therischen \u00d6len, Aromamassage und Elementen der basalen Stimulation helfen, typischen Problemstellungen auf spezifische Weise zu begegnen. In [&hellip;]<\/p>\n","protected":false},"featured_media":0,"comment_status":"closed","ping_status":"closed","template":"","meta":{"_acf_changed":false,"inline_featured_image":false},"product_brand":[],"product_cat":[241],"product_tag":[237],"class_list":{"0":"post-4477","1":"product","2":"type-product","3":"status-publish","5":"product_cat-workshop-pro","6":"product_tag-soins-encadrement-therapie-pro","8":"first","9":"instock","10":"virtual","11":"purchasable","12":"product-type-simple"},"acf":[],"yoast_head":"<!-- This site is optimized with the Yoast SEO Premium plugin v27.4 (Yoast SEO v27.5) - https:\/\/yoast.com\/product\/yoast-seo-premium-wordpress\/ -->\n<title>\u00c4therische \u00d6le bei Demenz - GERO<\/title>\n<meta name=\"robots\" content=\"index, follow, max-snippet:-1, max-image-preview:large, max-video-preview:-1\" \/>\n<link rel=\"canonical\" href=\"https:\/\/www.gero.lu\/de\/produit\/atherische-ole-bei-demenz\" \/>\n<meta property=\"og:locale\" content=\"de_DE\" \/>\n<meta property=\"og:type\" content=\"article\" \/>\n<meta property=\"og:title\" content=\"\u00c4therische \u00d6le bei Demenz\" \/>\n<meta property=\"og:description\" content=\"Aromatherapie f\u00fcr Fortgeschrittene Alte Menschen ben\u00f6tigen eine ganzheitliche Begleitung und Pflege, vor allem dann, wenn sie von einer Demenzerkrankung betroffen sind. Mit \u00e4therischen \u00d6len k\u00f6nnen ihr Wohlbefinden und ihre Lebensqualit\u00e4t positiv beeinflusst und gesteigert werden. Die Kombination von \u00e4therischen \u00d6len, Aromamassage und Elementen der basalen Stimulation helfen, typischen Problemstellungen auf spezifische Weise zu begegnen. In [&hellip;]\" \/>\n<meta property=\"og:url\" content=\"https:\/\/www.gero.lu\/de\/produit\/atherische-ole-bei-demenz\" \/>\n<meta property=\"og:site_name\" content=\"GERO\" \/>\n<meta property=\"article:publisher\" content=\"https:\/\/www.facebook.com\/Kompetenzzenter\/\" \/>\n<meta property=\"article:modified_time\" content=\"2023-05-24T09:21:24+00:00\" \/>\n<meta property=\"og:image\" content=\"https:\/\/www.gero.lu\/wp-content\/uploads\/2021\/08\/gettyimages-1135289130-2048x2048_RET-1.jpg\" \/>\n\t<meta property=\"og:image:width\" content=\"1227\" \/>\n\t<meta property=\"og:image:height\" content=\"802\" \/>\n\t<meta property=\"og:image:type\" content=\"image\/jpeg\" \/>\n<meta name=\"twitter:card\" content=\"summary_large_image\" \/>\n<meta name=\"twitter:label1\" content=\"Gesch\u00e4tzte Lesezeit\" \/>\n\t<meta name=\"twitter:data1\" content=\"1\u00a0Minute\" \/>\n<script type=\"application\/ld+json\" class=\"yoast-schema-graph\">{\"@context\":\"https:\\\/\\\/schema.org\",\"@graph\":[{\"@type\":\"WebPage\",\"@id\":\"https:\\\/\\\/www.gero.lu\\\/de\\\/produit\\\/atherische-ole-bei-demenz\",\"url\":\"https:\\\/\\\/www.gero.lu\\\/de\\\/produit\\\/atherische-ole-bei-demenz\",\"name\":\"\u00c4therische \u00d6le bei Demenz - GERO\",\"isPartOf\":{\"@id\":\"https:\\\/\\\/www.gero.lu\\\/de\\\/#website\"},\"datePublished\":\"2022-10-13T09:21:33+00:00\",\"dateModified\":\"2023-05-24T09:21:24+00:00\",\"breadcrumb\":{\"@id\":\"https:\\\/\\\/www.gero.lu\\\/de\\\/produit\\\/atherische-ole-bei-demenz#breadcrumb\"},\"inLanguage\":\"de\",\"potentialAction\":[{\"@type\":\"ReadAction\",\"target\":[[\"https:\\\/\\\/www.gero.lu\\\/de\\\/produit\\\/atherische-ole-bei-demenz\"]]}]},{\"@type\":\"BreadcrumbList\",\"@id\":\"https:\\\/\\\/www.gero.lu\\\/de\\\/produit\\\/atherische-ole-bei-demenz#breadcrumb\",\"itemListElement\":[{\"@type\":\"ListItem\",\"position\":1,\"name\":\"Accueil\",\"item\":\"https:\\\/\\\/www.gero.lu\\\/de\\\/\"},{\"@type\":\"ListItem\",\"position\":2,\"name\":\"Shop\",\"item\":\"https:\\\/\\\/www.gero.lu\\\/de\\\/shop\"},{\"@type\":\"ListItem\",\"position\":3,\"name\":\"\u00c4therische \u00d6le bei Demenz\"}]},{\"@type\":\"WebSite\",\"@id\":\"https:\\\/\\\/www.gero.lu\\\/de\\\/#website\",\"url\":\"https:\\\/\\\/www.gero.lu\\\/de\\\/\",\"name\":\"Gero\",\"description\":\"Kompetenzzenter fir den Alter\",\"publisher\":{\"@id\":\"https:\\\/\\\/www.gero.lu\\\/de\\\/#organization\"},\"potentialAction\":[{\"@type\":\"SearchAction\",\"target\":{\"@type\":\"EntryPoint\",\"urlTemplate\":\"https:\\\/\\\/www.gero.lu\\\/de\\\/?s={search_term_string}\"},\"query-input\":{\"@type\":\"PropertyValueSpecification\",\"valueRequired\":true,\"valueName\":\"search_term_string\"}}],\"inLanguage\":\"de\"},{\"@type\":\"Organization\",\"@id\":\"https:\\\/\\\/www.gero.lu\\\/de\\\/#organization\",\"name\":\"Gero\",\"url\":\"https:\\\/\\\/www.gero.lu\\\/de\\\/\",\"logo\":{\"@type\":\"ImageObject\",\"inLanguage\":\"de\",\"@id\":\"https:\\\/\\\/www.gero.lu\\\/de\\\/#\\\/schema\\\/logo\\\/image\\\/\",\"url\":\"https:\\\/\\\/www.gero.lu\\\/wp-content\\\/uploads\\\/2024\\\/04\\\/logo.svg\",\"contentUrl\":\"https:\\\/\\\/www.gero.lu\\\/wp-content\\\/uploads\\\/2024\\\/04\\\/logo.svg\",\"width\":76,\"height\":30,\"caption\":\"Gero\"},\"image\":{\"@id\":\"https:\\\/\\\/www.gero.lu\\\/de\\\/#\\\/schema\\\/logo\\\/image\\\/\"},\"sameAs\":[\"https:\\\/\\\/www.facebook.com\\\/Kompetenzzenter\\\/\",\"https:\\\/\\\/www.instagram.com\\\/gero.kompetenzzenter\\\/\",\"https:\\\/\\\/linkedin.com\\\/company\\\/gero-kompetenzzenter-fir-den-alter\",\"https:\\\/\\\/www.youtube.com\\\/channel\\\/UCJvmJYSeHh3dYQsLHZupj-Q\"]}]}<\/script>\n<!-- \/ Yoast SEO Premium plugin. -->","yoast_head_json":{"title":"\u00c4therische \u00d6le bei Demenz - GERO","robots":{"index":"index","follow":"follow","max-snippet":"max-snippet:-1","max-image-preview":"max-image-preview:large","max-video-preview":"max-video-preview:-1"},"canonical":"https:\/\/www.gero.lu\/de\/produit\/atherische-ole-bei-demenz","og_locale":"de_DE","og_type":"article","og_title":"\u00c4therische \u00d6le bei Demenz","og_description":"Aromatherapie f\u00fcr Fortgeschrittene Alte Menschen ben\u00f6tigen eine ganzheitliche Begleitung und Pflege, vor allem dann, wenn sie von einer Demenzerkrankung betroffen sind. Mit \u00e4therischen \u00d6len k\u00f6nnen ihr Wohlbefinden und ihre Lebensqualit\u00e4t positiv beeinflusst und gesteigert werden. Die Kombination von \u00e4therischen \u00d6len, Aromamassage und Elementen der basalen Stimulation helfen, typischen Problemstellungen auf spezifische Weise zu begegnen. In [&hellip;]","og_url":"https:\/\/www.gero.lu\/de\/produit\/atherische-ole-bei-demenz","og_site_name":"GERO","article_publisher":"https:\/\/www.facebook.com\/Kompetenzzenter\/","article_modified_time":"2023-05-24T09:21:24+00:00","og_image":[{"width":1227,"height":802,"url":"https:\/\/www.gero.lu\/wp-content\/uploads\/2021\/08\/gettyimages-1135289130-2048x2048_RET-1.jpg","type":"image\/jpeg"}],"twitter_card":"summary_large_image","twitter_misc":{"Gesch\u00e4tzte Lesezeit":"1\u00a0Minute"},"schema":{"@context":"https:\/\/schema.org","@graph":[{"@type":"WebPage","@id":"https:\/\/www.gero.lu\/de\/produit\/atherische-ole-bei-demenz","url":"https:\/\/www.gero.lu\/de\/produit\/atherische-ole-bei-demenz","name":"\u00c4therische \u00d6le bei Demenz - GERO","isPartOf":{"@id":"https:\/\/www.gero.lu\/de\/#website"},"datePublished":"2022-10-13T09:21:33+00:00","dateModified":"2023-05-24T09:21:24+00:00","breadcrumb":{"@id":"https:\/\/www.gero.lu\/de\/produit\/atherische-ole-bei-demenz#breadcrumb"},"inLanguage":"de","potentialAction":[{"@type":"ReadAction","target":[["https:\/\/www.gero.lu\/de\/produit\/atherische-ole-bei-demenz"]]}]},{"@type":"BreadcrumbList","@id":"https:\/\/www.gero.lu\/de\/produit\/atherische-ole-bei-demenz#breadcrumb","itemListElement":[{"@type":"ListItem","position":1,"name":"Accueil","item":"https:\/\/www.gero.lu\/de\/"},{"@type":"ListItem","position":2,"name":"Shop","item":"https:\/\/www.gero.lu\/de\/shop"},{"@type":"ListItem","position":3,"name":"\u00c4therische \u00d6le bei Demenz"}]},{"@type":"WebSite","@id":"https:\/\/www.gero.lu\/de\/#website","url":"https:\/\/www.gero.lu\/de\/","name":"Gero","description":"Kompetenzzenter fir den Alter","publisher":{"@id":"https:\/\/www.gero.lu\/de\/#organization"},"potentialAction":[{"@type":"SearchAction","target":{"@type":"EntryPoint","urlTemplate":"https:\/\/www.gero.lu\/de\/?s={search_term_string}"},"query-input":{"@type":"PropertyValueSpecification","valueRequired":true,"valueName":"search_term_string"}}],"inLanguage":"de"},{"@type":"Organization","@id":"https:\/\/www.gero.lu\/de\/#organization","name":"Gero","url":"https:\/\/www.gero.lu\/de\/","logo":{"@type":"ImageObject","inLanguage":"de","@id":"https:\/\/www.gero.lu\/de\/#\/schema\/logo\/image\/","url":"https:\/\/www.gero.lu\/wp-content\/uploads\/2024\/04\/logo.svg","contentUrl":"https:\/\/www.gero.lu\/wp-content\/uploads\/2024\/04\/logo.svg","width":76,"height":30,"caption":"Gero"},"image":{"@id":"https:\/\/www.gero.lu\/de\/#\/schema\/logo\/image\/"},"sameAs":["https:\/\/www.facebook.com\/Kompetenzzenter\/","https:\/\/www.instagram.com\/gero.kompetenzzenter\/","https:\/\/linkedin.com\/company\/gero-kompetenzzenter-fir-den-alter","https:\/\/www.youtube.com\/channel\/UCJvmJYSeHh3dYQsLHZupj-Q"]}]}},"_links":{"self":[{"href":"https:\/\/www.gero.lu\/de\/wp-json\/wp\/v2\/product\/4477","targetHints":{"allow":["GET"]}}],"collection":[{"href":"https:\/\/www.gero.lu\/de\/wp-json\/wp\/v2\/product"}],"about":[{"href":"https:\/\/www.gero.lu\/de\/wp-json\/wp\/v2\/types\/product"}],"replies":[{"embeddable":true,"href":"https:\/\/www.gero.lu\/de\/wp-json\/wp\/v2\/comments?post=4477"}],"wp:attachment":[{"href":"https:\/\/www.gero.lu\/de\/wp-json\/wp\/v2\/media?parent=4477"}],"wp:term":[{"taxonomy":"product_brand","embeddable":true,"href":"https:\/\/www.gero.lu\/de\/wp-json\/wp\/v2\/product_brand?post=4477"},{"taxonomy":"product_cat","embeddable":true,"href":"https:\/\/www.gero.lu\/de\/wp-json\/wp\/v2\/product_cat?post=4477"},{"taxonomy":"product_tag","embeddable":true,"href":"https:\/\/www.gero.lu\/de\/wp-json\/wp\/v2\/product_tag?post=4477"}],"curies":[{"name":"wp","href":"https:\/\/api.w.org\/{rel}","templated":true}]}}