{"id":4476,"date":"2022-10-13T09:21:32","date_gmt":"2022-10-13T09:21:32","guid":{"rendered":"https:\/\/www.gero.lu\/fr\/produit\/zertifizierungskurs-mh-kinaesthetics"},"modified":"2023-04-05T13:28:01","modified_gmt":"2023-04-05T13:28:01","slug":"zertifizierungskurs-mh-kinaesthetics","status":"publish","type":"product","link":"https:\/\/www.gero.lu\/de\/produit\/zertifizierungskurs-mh-kinaesthetics","title":{"rendered":"MH Kinaesthetics &#8211; Zertifizierungskurs"},"content":{"rendered":"<p>in Kooperation mit Kinaesthetics L\u00ebtzebuerg asbl<\/p>\n<p>Sprache: LU (Dokumentation entweder DE oder FR)<\/p>\n<p>Modul 1: 6 Tage<\/p>\n<p>Basierend auf dem verhaltenskybernetischen Grundwissen von MH Kinaesthetics erarbeiten die Teilnehmenden ein tieferes Verst\u00e4ndnis von den Eigenschaften menschlichen Tuns \u00fcber Bewegung. Diese eigene Bewegungskompetenz wird um die Aspekte Lernen, Gesundheit und Effektivit\u00e4t bewusst erweitert. Die Teilnehmenden entwickeln M\u00f6glichkeiten und suchen Wege, um das Lernangebot Kinaesthetics gemeinsam mit Patient*innen \/ Bewohner*innen, Angeh\u00f6rigen und Kolleg*innen zu entfalten.<\/p>\n<p>Modul 2: 4 Tage (mit Informationsnachmittag f\u00fcr F\u00fchrungskr\u00e4fte)<\/p>\n<p>Sie erwerben F\u00e4higkeiten, um die Anwendung von MH Kinaesthetics und das gemeinsame Lernen im Team zu unterst\u00fctzen und weiterzuentwickeln mit Fachthemen und Schwerpunkten aus dem eigenen Bereich. Der Lernprozess erweitert sich in Richtung der Organisation, des Leitbilds und der internen Arbeitsstrukturen. Ziele und M\u00f6glichkeiten werden mit der F\u00fchrung erforscht, um das Team in seinem Tun zu begleiten.<br \/>\nEine Abschluss-Supervision vertieft die neu erworbenen Kompetenzen. Die Teilnehmenden erhalten das Diplom als \u201eZertifizierter Anwender MH Kinaesthetics\u201c.<\/p>\n<p>Inhalte und Methoden<br \/>\n\u2022\tLernprozess auf der Bildungsgrundlage von MH Kinaesthetics im Einklang mit den Erkenntnissen der Verhaltenskybernetik<br \/>\n\u2022\tSelbstorganisiertes und reflektiertes Lernen in real-time<br \/>\n\u2022\tLernunterst\u00fctzung f\u00fcr Patient*innen und deren Angeh\u00f6rige anbieten<br \/>\n\u2022\tPraxisbegleitungen f\u00fcr Kolleg*innen mit oder ohne Kinaesthetics-Schulungen gestalten<br \/>\n\u2022\tVerantwortung aufbauen und \u00fcbernehmen hinsichtlich der neuen Kompetenzen \u2013 gemeinsam mit den jeweiligen F\u00fchrungskr\u00e4ften<br \/>\n\u2022\tPraktische Instrumente zum gemeinsamen Lernen im Team bearbeiten<br \/>\n\u2022\tGesundheitsaspekte und Bewegungsssituationen aus dem eigenen Fachbereich am Beispiel eines Lernprojekts mit Patient*innen \/ Bewohner*innen bearbeiten und den Kursteilnehmer*innen pr\u00e4sentieren<\/p>\n<p>!!! ARBEITSBUCH ZUM KURS = 50\u20ac inkl. im Preis<\/p>\n","protected":false},"excerpt":{"rendered":"<p>in Kooperation mit Kinaesthetics L\u00ebtzebuerg asbl Sprache: LU (Dokumentation entweder DE oder FR) Modul 1: 6 Tage Basierend auf dem verhaltenskybernetischen Grundwissen von MH Kinaesthetics erarbeiten die Teilnehmenden ein tieferes Verst\u00e4ndnis von den Eigenschaften menschlichen Tuns \u00fcber Bewegung. Diese eigene Bewegungskompetenz wird um die Aspekte Lernen, Gesundheit und Effektivit\u00e4t bewusst erweitert. Die Teilnehmenden entwickeln M\u00f6glichkeiten [&hellip;]<\/p>\n","protected":false},"featured_media":0,"comment_status":"closed","ping_status":"closed","template":"","meta":{"_acf_changed":false,"inline_featured_image":false},"product_brand":[],"product_cat":[241],"product_tag":[237],"class_list":{"0":"post-4476","1":"product","2":"type-product","3":"status-publish","5":"product_cat-workshop-pro","6":"product_tag-soins-encadrement-therapie-pro","8":"first","9":"instock","10":"virtual","11":"purchasable","12":"product-type-simple"},"acf":[],"yoast_head":"<!-- This site is optimized with the Yoast SEO Premium plugin v26.5 (Yoast SEO v26.5) - https:\/\/yoast.com\/wordpress\/plugins\/seo\/ -->\n<title>MH Kinaesthetics - Zertifizierungskurs - GERO<\/title>\n<meta name=\"robots\" content=\"index, follow, max-snippet:-1, max-image-preview:large, max-video-preview:-1\" \/>\n<link rel=\"canonical\" href=\"https:\/\/www.gero.lu\/de\/produit\/zertifizierungskurs-mh-kinaesthetics\" \/>\n<meta property=\"og:locale\" content=\"de_DE\" \/>\n<meta property=\"og:type\" content=\"article\" \/>\n<meta property=\"og:title\" content=\"MH Kinaesthetics - Zertifizierungskurs\" \/>\n<meta property=\"og:description\" content=\"in Kooperation mit Kinaesthetics L\u00ebtzebuerg asbl Sprache: LU (Dokumentation entweder DE oder FR) Modul 1: 6 Tage Basierend auf dem verhaltenskybernetischen Grundwissen von MH Kinaesthetics erarbeiten die Teilnehmenden ein tieferes Verst\u00e4ndnis von den Eigenschaften menschlichen Tuns \u00fcber Bewegung. Diese eigene Bewegungskompetenz wird um die Aspekte Lernen, Gesundheit und Effektivit\u00e4t bewusst erweitert. Die Teilnehmenden entwickeln M\u00f6glichkeiten [&hellip;]\" \/>\n<meta property=\"og:url\" content=\"https:\/\/www.gero.lu\/de\/produit\/zertifizierungskurs-mh-kinaesthetics\" \/>\n<meta property=\"og:site_name\" content=\"GERO\" \/>\n<meta property=\"article:publisher\" content=\"https:\/\/www.facebook.com\/Kompetenzzenter\/\" \/>\n<meta property=\"article:modified_time\" content=\"2023-04-05T13:28:01+00:00\" \/>\n<meta property=\"og:image\" content=\"https:\/\/www.gero.lu\/wp-content\/uploads\/2021\/08\/gettyimages-1135289130-2048x2048_RET-1.jpg\" \/>\n\t<meta property=\"og:image:width\" content=\"1227\" \/>\n\t<meta property=\"og:image:height\" content=\"802\" \/>\n\t<meta property=\"og:image:type\" content=\"image\/jpeg\" \/>\n<meta name=\"twitter:card\" content=\"summary_large_image\" \/>\n<meta name=\"twitter:label1\" content=\"Gesch\u00e4tzte Lesezeit\" \/>\n\t<meta name=\"twitter:data1\" content=\"1\u00a0Minute\" \/>\n<script type=\"application\/ld+json\" class=\"yoast-schema-graph\">{\"@context\":\"https:\/\/schema.org\",\"@graph\":[{\"@type\":\"WebPage\",\"@id\":\"https:\/\/www.gero.lu\/de\/produit\/zertifizierungskurs-mh-kinaesthetics\",\"url\":\"https:\/\/www.gero.lu\/de\/produit\/zertifizierungskurs-mh-kinaesthetics\",\"name\":\"MH Kinaesthetics - Zertifizierungskurs - GERO\",\"isPartOf\":{\"@id\":\"https:\/\/www.gero.lu\/de\/#website\"},\"datePublished\":\"2022-10-13T09:21:32+00:00\",\"dateModified\":\"2023-04-05T13:28:01+00:00\",\"breadcrumb\":{\"@id\":\"https:\/\/www.gero.lu\/de\/produit\/zertifizierungskurs-mh-kinaesthetics#breadcrumb\"},\"inLanguage\":\"de\",\"potentialAction\":[{\"@type\":\"ReadAction\",\"target\":[[\"https:\/\/www.gero.lu\/de\/produit\/zertifizierungskurs-mh-kinaesthetics\"]]}]},{\"@type\":\"BreadcrumbList\",\"@id\":\"https:\/\/www.gero.lu\/de\/produit\/zertifizierungskurs-mh-kinaesthetics#breadcrumb\",\"itemListElement\":[{\"@type\":\"ListItem\",\"position\":1,\"name\":\"Accueil\",\"item\":\"https:\/\/www.gero.lu\/de\/\"},{\"@type\":\"ListItem\",\"position\":2,\"name\":\"Shop\",\"item\":\"https:\/\/www.gero.lu\/de\/shop\"},{\"@type\":\"ListItem\",\"position\":3,\"name\":\"MH Kinaesthetics &#8211; Zertifizierungskurs\"}]},{\"@type\":\"WebSite\",\"@id\":\"https:\/\/www.gero.lu\/de\/#website\",\"url\":\"https:\/\/www.gero.lu\/de\/\",\"name\":\"Gero\",\"description\":\"Kompetenzzenter fir den Alter\",\"publisher\":{\"@id\":\"https:\/\/www.gero.lu\/de\/#organization\"},\"potentialAction\":[{\"@type\":\"SearchAction\",\"target\":{\"@type\":\"EntryPoint\",\"urlTemplate\":\"https:\/\/www.gero.lu\/de\/?s={search_term_string}\"},\"query-input\":{\"@type\":\"PropertyValueSpecification\",\"valueRequired\":true,\"valueName\":\"search_term_string\"}}],\"inLanguage\":\"de\"},{\"@type\":\"Organization\",\"@id\":\"https:\/\/www.gero.lu\/de\/#organization\",\"name\":\"Gero\",\"url\":\"https:\/\/www.gero.lu\/de\/\",\"logo\":{\"@type\":\"ImageObject\",\"inLanguage\":\"de\",\"@id\":\"https:\/\/www.gero.lu\/de\/#\/schema\/logo\/image\/\",\"url\":\"https:\/\/www.gero.lu\/wp-content\/uploads\/2024\/04\/logo.svg\",\"contentUrl\":\"https:\/\/www.gero.lu\/wp-content\/uploads\/2024\/04\/logo.svg\",\"width\":76,\"height\":30,\"caption\":\"Gero\"},\"image\":{\"@id\":\"https:\/\/www.gero.lu\/de\/#\/schema\/logo\/image\/\"},\"sameAs\":[\"https:\/\/www.facebook.com\/Kompetenzzenter\/\",\"https:\/\/www.instagram.com\/gero.kompetenzzenter\/\",\"https:\/\/linkedin.com\/company\/gero-kompetenzzenter-fir-den-alter\",\"https:\/\/www.youtube.com\/channel\/UCJvmJYSeHh3dYQsLHZupj-Q\"]}]}<\/script>\n<!-- \/ Yoast SEO Premium plugin. -->","yoast_head_json":{"title":"MH Kinaesthetics - Zertifizierungskurs - GERO","robots":{"index":"index","follow":"follow","max-snippet":"max-snippet:-1","max-image-preview":"max-image-preview:large","max-video-preview":"max-video-preview:-1"},"canonical":"https:\/\/www.gero.lu\/de\/produit\/zertifizierungskurs-mh-kinaesthetics","og_locale":"de_DE","og_type":"article","og_title":"MH Kinaesthetics - Zertifizierungskurs","og_description":"in Kooperation mit Kinaesthetics L\u00ebtzebuerg asbl Sprache: LU (Dokumentation entweder DE oder FR) Modul 1: 6 Tage Basierend auf dem verhaltenskybernetischen Grundwissen von MH Kinaesthetics erarbeiten die Teilnehmenden ein tieferes Verst\u00e4ndnis von den Eigenschaften menschlichen Tuns \u00fcber Bewegung. Diese eigene Bewegungskompetenz wird um die Aspekte Lernen, Gesundheit und Effektivit\u00e4t bewusst erweitert. Die Teilnehmenden entwickeln M\u00f6glichkeiten [&hellip;]","og_url":"https:\/\/www.gero.lu\/de\/produit\/zertifizierungskurs-mh-kinaesthetics","og_site_name":"GERO","article_publisher":"https:\/\/www.facebook.com\/Kompetenzzenter\/","article_modified_time":"2023-04-05T13:28:01+00:00","og_image":[{"width":1227,"height":802,"url":"https:\/\/www.gero.lu\/wp-content\/uploads\/2021\/08\/gettyimages-1135289130-2048x2048_RET-1.jpg","type":"image\/jpeg"}],"twitter_card":"summary_large_image","twitter_misc":{"Gesch\u00e4tzte Lesezeit":"1\u00a0Minute"},"schema":{"@context":"https:\/\/schema.org","@graph":[{"@type":"WebPage","@id":"https:\/\/www.gero.lu\/de\/produit\/zertifizierungskurs-mh-kinaesthetics","url":"https:\/\/www.gero.lu\/de\/produit\/zertifizierungskurs-mh-kinaesthetics","name":"MH Kinaesthetics - Zertifizierungskurs - GERO","isPartOf":{"@id":"https:\/\/www.gero.lu\/de\/#website"},"datePublished":"2022-10-13T09:21:32+00:00","dateModified":"2023-04-05T13:28:01+00:00","breadcrumb":{"@id":"https:\/\/www.gero.lu\/de\/produit\/zertifizierungskurs-mh-kinaesthetics#breadcrumb"},"inLanguage":"de","potentialAction":[{"@type":"ReadAction","target":[["https:\/\/www.gero.lu\/de\/produit\/zertifizierungskurs-mh-kinaesthetics"]]}]},{"@type":"BreadcrumbList","@id":"https:\/\/www.gero.lu\/de\/produit\/zertifizierungskurs-mh-kinaesthetics#breadcrumb","itemListElement":[{"@type":"ListItem","position":1,"name":"Accueil","item":"https:\/\/www.gero.lu\/de\/"},{"@type":"ListItem","position":2,"name":"Shop","item":"https:\/\/www.gero.lu\/de\/shop"},{"@type":"ListItem","position":3,"name":"MH Kinaesthetics &#8211; Zertifizierungskurs"}]},{"@type":"WebSite","@id":"https:\/\/www.gero.lu\/de\/#website","url":"https:\/\/www.gero.lu\/de\/","name":"Gero","description":"Kompetenzzenter fir den Alter","publisher":{"@id":"https:\/\/www.gero.lu\/de\/#organization"},"potentialAction":[{"@type":"SearchAction","target":{"@type":"EntryPoint","urlTemplate":"https:\/\/www.gero.lu\/de\/?s={search_term_string}"},"query-input":{"@type":"PropertyValueSpecification","valueRequired":true,"valueName":"search_term_string"}}],"inLanguage":"de"},{"@type":"Organization","@id":"https:\/\/www.gero.lu\/de\/#organization","name":"Gero","url":"https:\/\/www.gero.lu\/de\/","logo":{"@type":"ImageObject","inLanguage":"de","@id":"https:\/\/www.gero.lu\/de\/#\/schema\/logo\/image\/","url":"https:\/\/www.gero.lu\/wp-content\/uploads\/2024\/04\/logo.svg","contentUrl":"https:\/\/www.gero.lu\/wp-content\/uploads\/2024\/04\/logo.svg","width":76,"height":30,"caption":"Gero"},"image":{"@id":"https:\/\/www.gero.lu\/de\/#\/schema\/logo\/image\/"},"sameAs":["https:\/\/www.facebook.com\/Kompetenzzenter\/","https:\/\/www.instagram.com\/gero.kompetenzzenter\/","https:\/\/linkedin.com\/company\/gero-kompetenzzenter-fir-den-alter","https:\/\/www.youtube.com\/channel\/UCJvmJYSeHh3dYQsLHZupj-Q"]}]}},"_links":{"self":[{"href":"https:\/\/www.gero.lu\/de\/wp-json\/wp\/v2\/product\/4476","targetHints":{"allow":["GET"]}}],"collection":[{"href":"https:\/\/www.gero.lu\/de\/wp-json\/wp\/v2\/product"}],"about":[{"href":"https:\/\/www.gero.lu\/de\/wp-json\/wp\/v2\/types\/product"}],"replies":[{"embeddable":true,"href":"https:\/\/www.gero.lu\/de\/wp-json\/wp\/v2\/comments?post=4476"}],"wp:attachment":[{"href":"https:\/\/www.gero.lu\/de\/wp-json\/wp\/v2\/media?parent=4476"}],"wp:term":[{"taxonomy":"product_brand","embeddable":true,"href":"https:\/\/www.gero.lu\/de\/wp-json\/wp\/v2\/product_brand?post=4476"},{"taxonomy":"product_cat","embeddable":true,"href":"https:\/\/www.gero.lu\/de\/wp-json\/wp\/v2\/product_cat?post=4476"},{"taxonomy":"product_tag","embeddable":true,"href":"https:\/\/www.gero.lu\/de\/wp-json\/wp\/v2\/product_tag?post=4476"}],"curies":[{"name":"wp","href":"https:\/\/api.w.org\/{rel}","templated":true}]}}