{"id":4432,"date":"2022-10-06T12:21:24","date_gmt":"2022-10-06T12:21:24","guid":{"rendered":"https:\/\/www.gero.lu\/fr\/produit\/herausforderndes-verhalten-3"},"modified":"2023-02-23T15:25:03","modified_gmt":"2023-02-23T15:25:03","slug":"herausforderndes-verhalten-3","status":"publish","type":"product","link":"https:\/\/www.gero.lu\/de\/produit\/herausforderndes-verhalten-3","title":{"rendered":"Herausforderndes Verhalten"},"content":{"rendered":"<p>Modul IV der \u201eWeiterbildung Psychogeriatrie\u201c <\/p>\n<p>Reaktionen und L\u00f6sungsstrategien<\/p>\n<p>In rund 10-min\u00fctigen Videofilmen werden beispielhaft vier verschiedene typische Situationen dargestellt, wie sie Mitarbeiter*innen im Alltag oft begegnen und von diesen als herausforderndes Verhalten erlebt werden: <\/p>\n<p>Klopfen, Bezichtigung des Diebstahls, Fortlaufen, mit Kot\/Exkrementen schmieren. Gemeinsam soll erarbeitet werden, wie man angemessen mit solch schwierigen Momenten umgehen kann. Zun\u00e4chst anhand eines pers\u00f6nlichen Feedbacks sowie einer anschlie\u00dfenden vertiefenden Analyse mit dem Dozenten und der Gruppe. In jeder Video-Sequenz werden abschlie\u00dfend Erkl\u00e4rungen und n\u00fctzliche Hinweise gegeben, um die eigenen Reflexionen sowie die der Gruppe zu erg\u00e4nzen und zu vervollst\u00e4ndigen.<\/p>\n<p>In diesem Seminar werden wir uns mit folgenden Fragen besch\u00e4ftigen:<\/p>\n<p>&#8211;\tWie f\u00fchle ich mich angesichts einer solchen Situation?<br \/>\n&#8211;\tWie erlebe ich sie?<br \/>\n&#8211;\tWie verh\u00e4lt sich die \u00e4ltere Person in der Videosequenz?<br \/>\n&#8211;\tGruppenarbeit: Gemeinsames Erarbeiten von L\u00f6sungsstrategien<\/p>\n","protected":false},"excerpt":{"rendered":"<p>Modul IV der \u201eWeiterbildung Psychogeriatrie\u201c Reaktionen und L\u00f6sungsstrategien In rund 10-min\u00fctigen Videofilmen werden beispielhaft vier verschiedene typische Situationen dargestellt, wie sie Mitarbeiter*innen im Alltag oft begegnen und von diesen als herausforderndes Verhalten erlebt werden: Klopfen, Bezichtigung des Diebstahls, Fortlaufen, mit Kot\/Exkrementen schmieren. Gemeinsam soll erarbeitet werden, wie man angemessen mit solch schwierigen Momenten umgehen kann. [&hellip;]<\/p>\n","protected":false},"featured_media":0,"comment_status":"closed","ping_status":"closed","template":"","meta":{"_acf_changed":false,"inline_featured_image":false},"product_brand":[],"product_cat":[239],"product_tag":[237],"class_list":{"0":"post-4432","1":"product","2":"type-product","3":"status-publish","5":"product_cat-cours-pro","6":"product_tag-soins-encadrement-therapie-pro","8":"first","9":"instock","10":"virtual","11":"purchasable","12":"product-type-simple"},"acf":[],"yoast_head":"<!-- This site is optimized with the Yoast SEO Premium plugin v27.4 (Yoast SEO v27.5) - https:\/\/yoast.com\/product\/yoast-seo-premium-wordpress\/ -->\n<title>Herausforderndes Verhalten - GERO<\/title>\n<meta name=\"robots\" content=\"index, follow, max-snippet:-1, max-image-preview:large, max-video-preview:-1\" \/>\n<link rel=\"canonical\" href=\"https:\/\/www.gero.lu\/de\/produit\/herausforderndes-verhalten-3\" \/>\n<meta property=\"og:locale\" content=\"de_DE\" \/>\n<meta property=\"og:type\" content=\"article\" \/>\n<meta property=\"og:title\" content=\"GEROpro\" \/>\n<meta property=\"og:description\" content=\"Modul IV der \u201eWeiterbildung Psychogeriatrie\u201c Reaktionen und L\u00f6sungsstrategien In rund 10-min\u00fctigen Videofilmen werden beispielhaft vier verschiedene typische Situationen dargestellt, wie sie Mitarbeiter*innen im Alltag oft begegnen und von diesen als herausforderndes Verhalten erlebt werden: Klopfen, Bezichtigung des Diebstahls, Fortlaufen, mit Kot\/Exkrementen schmieren. Gemeinsam soll erarbeitet werden, wie man angemessen mit solch schwierigen Momenten umgehen kann. [&hellip;]\" \/>\n<meta property=\"og:url\" content=\"https:\/\/www.gero.lu\/de\/produit\/herausforderndes-verhalten-3\" \/>\n<meta property=\"og:site_name\" content=\"GERO\" \/>\n<meta property=\"article:publisher\" content=\"https:\/\/www.facebook.com\/Kompetenzzenter\/\" \/>\n<meta property=\"article:modified_time\" content=\"2023-02-23T15:25:03+00:00\" \/>\n<meta property=\"og:image\" content=\"https:\/\/www.gero.lu\/wp-content\/uploads\/2022\/02\/gettyimages-965461846-2048x2048_RET-300x203-1.jpg\" \/>\n\t<meta property=\"og:image:width\" content=\"300\" \/>\n\t<meta property=\"og:image:height\" content=\"203\" \/>\n\t<meta property=\"og:image:type\" content=\"image\/jpeg\" \/>\n<meta name=\"twitter:card\" content=\"summary_large_image\" \/>\n<meta name=\"twitter:title\" content=\"Herausforderndes Verhalten\" \/>\n<meta name=\"twitter:image\" content=\"https:\/\/www.gero.lu\/wp-content\/uploads\/2022\/02\/gettyimages-965461846-2048x2048_RET-300x203-1.jpg\" \/>\n<meta name=\"twitter:label1\" content=\"Gesch\u00e4tzte Lesezeit\" \/>\n\t<meta name=\"twitter:data1\" content=\"1\u00a0Minute\" \/>\n<script type=\"application\/ld+json\" class=\"yoast-schema-graph\">{\"@context\":\"https:\\\/\\\/schema.org\",\"@graph\":[{\"@type\":\"WebPage\",\"@id\":\"https:\\\/\\\/www.gero.lu\\\/de\\\/produit\\\/herausforderndes-verhalten-3\",\"url\":\"https:\\\/\\\/www.gero.lu\\\/de\\\/produit\\\/herausforderndes-verhalten-3\",\"name\":\"Herausforderndes Verhalten - GERO\",\"isPartOf\":{\"@id\":\"https:\\\/\\\/www.gero.lu\\\/de\\\/#website\"},\"datePublished\":\"2022-10-06T12:21:24+00:00\",\"dateModified\":\"2023-02-23T15:25:03+00:00\",\"breadcrumb\":{\"@id\":\"https:\\\/\\\/www.gero.lu\\\/de\\\/produit\\\/herausforderndes-verhalten-3#breadcrumb\"},\"inLanguage\":\"de\",\"potentialAction\":[{\"@type\":\"ReadAction\",\"target\":[[\"https:\\\/\\\/www.gero.lu\\\/de\\\/produit\\\/herausforderndes-verhalten-3\"]]}]},{\"@type\":\"BreadcrumbList\",\"@id\":\"https:\\\/\\\/www.gero.lu\\\/de\\\/produit\\\/herausforderndes-verhalten-3#breadcrumb\",\"itemListElement\":[{\"@type\":\"ListItem\",\"position\":1,\"name\":\"Accueil\",\"item\":\"https:\\\/\\\/www.gero.lu\\\/de\\\/\"},{\"@type\":\"ListItem\",\"position\":2,\"name\":\"Shop\",\"item\":\"https:\\\/\\\/www.gero.lu\\\/de\\\/shop\"},{\"@type\":\"ListItem\",\"position\":3,\"name\":\"Herausforderndes Verhalten\"}]},{\"@type\":\"WebSite\",\"@id\":\"https:\\\/\\\/www.gero.lu\\\/de\\\/#website\",\"url\":\"https:\\\/\\\/www.gero.lu\\\/de\\\/\",\"name\":\"Gero\",\"description\":\"Kompetenzzenter fir den Alter\",\"publisher\":{\"@id\":\"https:\\\/\\\/www.gero.lu\\\/de\\\/#organization\"},\"potentialAction\":[{\"@type\":\"SearchAction\",\"target\":{\"@type\":\"EntryPoint\",\"urlTemplate\":\"https:\\\/\\\/www.gero.lu\\\/de\\\/?s={search_term_string}\"},\"query-input\":{\"@type\":\"PropertyValueSpecification\",\"valueRequired\":true,\"valueName\":\"search_term_string\"}}],\"inLanguage\":\"de\"},{\"@type\":\"Organization\",\"@id\":\"https:\\\/\\\/www.gero.lu\\\/de\\\/#organization\",\"name\":\"Gero\",\"url\":\"https:\\\/\\\/www.gero.lu\\\/de\\\/\",\"logo\":{\"@type\":\"ImageObject\",\"inLanguage\":\"de\",\"@id\":\"https:\\\/\\\/www.gero.lu\\\/de\\\/#\\\/schema\\\/logo\\\/image\\\/\",\"url\":\"https:\\\/\\\/www.gero.lu\\\/wp-content\\\/uploads\\\/2024\\\/04\\\/logo.svg\",\"contentUrl\":\"https:\\\/\\\/www.gero.lu\\\/wp-content\\\/uploads\\\/2024\\\/04\\\/logo.svg\",\"width\":76,\"height\":30,\"caption\":\"Gero\"},\"image\":{\"@id\":\"https:\\\/\\\/www.gero.lu\\\/de\\\/#\\\/schema\\\/logo\\\/image\\\/\"},\"sameAs\":[\"https:\\\/\\\/www.facebook.com\\\/Kompetenzzenter\\\/\",\"https:\\\/\\\/www.instagram.com\\\/gero.kompetenzzenter\\\/\",\"https:\\\/\\\/linkedin.com\\\/company\\\/gero-kompetenzzenter-fir-den-alter\",\"https:\\\/\\\/www.youtube.com\\\/channel\\\/UCJvmJYSeHh3dYQsLHZupj-Q\"]}]}<\/script>\n<!-- \/ Yoast SEO Premium plugin. -->","yoast_head_json":{"title":"Herausforderndes Verhalten - GERO","robots":{"index":"index","follow":"follow","max-snippet":"max-snippet:-1","max-image-preview":"max-image-preview:large","max-video-preview":"max-video-preview:-1"},"canonical":"https:\/\/www.gero.lu\/de\/produit\/herausforderndes-verhalten-3","og_locale":"de_DE","og_type":"article","og_title":"GEROpro","og_description":"Modul IV der \u201eWeiterbildung Psychogeriatrie\u201c Reaktionen und L\u00f6sungsstrategien In rund 10-min\u00fctigen Videofilmen werden beispielhaft vier verschiedene typische Situationen dargestellt, wie sie Mitarbeiter*innen im Alltag oft begegnen und von diesen als herausforderndes Verhalten erlebt werden: Klopfen, Bezichtigung des Diebstahls, Fortlaufen, mit Kot\/Exkrementen schmieren. Gemeinsam soll erarbeitet werden, wie man angemessen mit solch schwierigen Momenten umgehen kann. [&hellip;]","og_url":"https:\/\/www.gero.lu\/de\/produit\/herausforderndes-verhalten-3","og_site_name":"GERO","article_publisher":"https:\/\/www.facebook.com\/Kompetenzzenter\/","article_modified_time":"2023-02-23T15:25:03+00:00","og_image":[{"width":300,"height":203,"url":"https:\/\/www.gero.lu\/wp-content\/uploads\/2022\/02\/gettyimages-965461846-2048x2048_RET-300x203-1.jpg","type":"image\/jpeg"}],"twitter_card":"summary_large_image","twitter_title":"Herausforderndes Verhalten","twitter_image":"https:\/\/www.gero.lu\/wp-content\/uploads\/2022\/02\/gettyimages-965461846-2048x2048_RET-300x203-1.jpg","twitter_misc":{"Gesch\u00e4tzte Lesezeit":"1\u00a0Minute"},"schema":{"@context":"https:\/\/schema.org","@graph":[{"@type":"WebPage","@id":"https:\/\/www.gero.lu\/de\/produit\/herausforderndes-verhalten-3","url":"https:\/\/www.gero.lu\/de\/produit\/herausforderndes-verhalten-3","name":"Herausforderndes Verhalten - GERO","isPartOf":{"@id":"https:\/\/www.gero.lu\/de\/#website"},"datePublished":"2022-10-06T12:21:24+00:00","dateModified":"2023-02-23T15:25:03+00:00","breadcrumb":{"@id":"https:\/\/www.gero.lu\/de\/produit\/herausforderndes-verhalten-3#breadcrumb"},"inLanguage":"de","potentialAction":[{"@type":"ReadAction","target":[["https:\/\/www.gero.lu\/de\/produit\/herausforderndes-verhalten-3"]]}]},{"@type":"BreadcrumbList","@id":"https:\/\/www.gero.lu\/de\/produit\/herausforderndes-verhalten-3#breadcrumb","itemListElement":[{"@type":"ListItem","position":1,"name":"Accueil","item":"https:\/\/www.gero.lu\/de\/"},{"@type":"ListItem","position":2,"name":"Shop","item":"https:\/\/www.gero.lu\/de\/shop"},{"@type":"ListItem","position":3,"name":"Herausforderndes Verhalten"}]},{"@type":"WebSite","@id":"https:\/\/www.gero.lu\/de\/#website","url":"https:\/\/www.gero.lu\/de\/","name":"Gero","description":"Kompetenzzenter fir den Alter","publisher":{"@id":"https:\/\/www.gero.lu\/de\/#organization"},"potentialAction":[{"@type":"SearchAction","target":{"@type":"EntryPoint","urlTemplate":"https:\/\/www.gero.lu\/de\/?s={search_term_string}"},"query-input":{"@type":"PropertyValueSpecification","valueRequired":true,"valueName":"search_term_string"}}],"inLanguage":"de"},{"@type":"Organization","@id":"https:\/\/www.gero.lu\/de\/#organization","name":"Gero","url":"https:\/\/www.gero.lu\/de\/","logo":{"@type":"ImageObject","inLanguage":"de","@id":"https:\/\/www.gero.lu\/de\/#\/schema\/logo\/image\/","url":"https:\/\/www.gero.lu\/wp-content\/uploads\/2024\/04\/logo.svg","contentUrl":"https:\/\/www.gero.lu\/wp-content\/uploads\/2024\/04\/logo.svg","width":76,"height":30,"caption":"Gero"},"image":{"@id":"https:\/\/www.gero.lu\/de\/#\/schema\/logo\/image\/"},"sameAs":["https:\/\/www.facebook.com\/Kompetenzzenter\/","https:\/\/www.instagram.com\/gero.kompetenzzenter\/","https:\/\/linkedin.com\/company\/gero-kompetenzzenter-fir-den-alter","https:\/\/www.youtube.com\/channel\/UCJvmJYSeHh3dYQsLHZupj-Q"]}]}},"_links":{"self":[{"href":"https:\/\/www.gero.lu\/de\/wp-json\/wp\/v2\/product\/4432","targetHints":{"allow":["GET"]}}],"collection":[{"href":"https:\/\/www.gero.lu\/de\/wp-json\/wp\/v2\/product"}],"about":[{"href":"https:\/\/www.gero.lu\/de\/wp-json\/wp\/v2\/types\/product"}],"replies":[{"embeddable":true,"href":"https:\/\/www.gero.lu\/de\/wp-json\/wp\/v2\/comments?post=4432"}],"wp:attachment":[{"href":"https:\/\/www.gero.lu\/de\/wp-json\/wp\/v2\/media?parent=4432"}],"wp:term":[{"taxonomy":"product_brand","embeddable":true,"href":"https:\/\/www.gero.lu\/de\/wp-json\/wp\/v2\/product_brand?post=4432"},{"taxonomy":"product_cat","embeddable":true,"href":"https:\/\/www.gero.lu\/de\/wp-json\/wp\/v2\/product_cat?post=4432"},{"taxonomy":"product_tag","embeddable":true,"href":"https:\/\/www.gero.lu\/de\/wp-json\/wp\/v2\/product_tag?post=4432"}],"curies":[{"name":"wp","href":"https:\/\/api.w.org\/{rel}","templated":true}]}}