{"id":4431,"date":"2022-10-06T12:21:23","date_gmt":"2022-10-06T12:21:23","guid":{"rendered":"https:\/\/www.gero.lu\/fr\/produit\/snoezelen-vivre-avec-tous-ses-sens"},"modified":"2023-02-27T14:21:37","modified_gmt":"2023-02-27T14:21:37","slug":"snoezelen-vivre-avec-tous-ses-sens","status":"publish","type":"product","link":"https:\/\/www.gero.lu\/de\/produit\/snoezelen-vivre-avec-tous-ses-sens","title":{"rendered":"Snoezelen &#8211; Vivre avec tous ses sens"},"content":{"rendered":"<p>Module V de la formation psychog\u00e9riatrique<\/p>\n<p>Le terme &#8222;Snoezelen&#8220; se compose des mots n\u00e9erlandais &#8222;snuffelen&#8220; et &#8222;doezelen&#8220; : respirer et somnoler, percevoir et se sentir bien.<\/p>\n<p>Snoezelen tente d&#8217;apporter des pistes de r\u00e9flexion afin d&#8217;\u00e9tablir une relation diff\u00e9rente avec la personne \u00e2g\u00e9e. Cette relation se construit sur le bien-\u00eatre et une meilleure qualit\u00e9 de vie dans une atmosph\u00e8re s\u00fbre et d\u00e9tendue o\u00f9 les exp\u00e9riences sensorielles peuvent \u00eatre v\u00e9cues individuellement.<\/p>\n<p>Trois principes caract\u00e9risent ces exp\u00e9riences :<br \/>\n&#8211; Respect de la personne \u00e2g\u00e9e, de son rythme et de ses besoins.<br \/>\n&#8211; Priorit\u00e9 \u00e0 la perception et \u00e0 l&#8217;exp\u00e9rience sensorielle<br \/>\n&#8211; Poursuite du bien-\u00eatre, de la satisfaction, du calme, de la d\u00e9tente, de l&#8217;activit\u00e9&#8230;.<\/p>\n<p>Les participant-e-s au s\u00e9minaire seront sensibilis\u00e9-e-s \u00e0 des perceptions sensorielles simples et basiques, tant dans la vie quotidienne que dans &#8222;l&#8217;espace Snoezel&#8220;. En m\u00eame temps, leur cr\u00e9ativit\u00e9 sera \u00e9veill\u00e9e afin de rendre diff\u00e9rentes exp\u00e9riences accessibles \u00e0 la personne \u00e2g\u00e9e. Celles-ci peuvent \u00eatre stimul\u00e9es par un objet, un son, une activit\u00e9, etc.  Mais Snoezelen signifie aussi aller \u00e0 la rencontre de la personne \u00e2g\u00e9e de diverses mani\u00e8res, le participant utilisant de mani\u00e8re cr\u00e9ative l&#8217;environnement au sein de l&#8217;\u00e9tablissement comme point de d\u00e9part de la relation.<\/p>\n","protected":false},"excerpt":{"rendered":"<p>Module V de la formation psychog\u00e9riatrique Le terme &#8222;Snoezelen&#8220; se compose des mots n\u00e9erlandais &#8222;snuffelen&#8220; et &#8222;doezelen&#8220; : respirer et somnoler, percevoir et se sentir bien. Snoezelen tente d&#8217;apporter des pistes de r\u00e9flexion afin d&#8217;\u00e9tablir une relation diff\u00e9rente avec la personne \u00e2g\u00e9e. Cette relation se construit sur le bien-\u00eatre et une meilleure qualit\u00e9 de vie [&hellip;]<\/p>\n","protected":false},"featured_media":0,"comment_status":"closed","ping_status":"closed","template":"","meta":{"_acf_changed":false,"inline_featured_image":false},"product_brand":[],"product_cat":[241],"product_tag":[237],"class_list":{"0":"post-4431","1":"product","2":"type-product","3":"status-publish","5":"product_cat-workshop-pro","6":"product_tag-soins-encadrement-therapie-pro","8":"first","9":"instock","10":"virtual","11":"purchasable","12":"product-type-simple"},"acf":[],"yoast_head":"<!-- This site is optimized with the Yoast SEO Premium plugin v26.5 (Yoast SEO v26.5) - https:\/\/yoast.com\/wordpress\/plugins\/seo\/ -->\n<title>Snoezelen - Vivre avec tous ses sens - GERO<\/title>\n<meta name=\"robots\" content=\"index, follow, max-snippet:-1, max-image-preview:large, max-video-preview:-1\" \/>\n<link rel=\"canonical\" href=\"https:\/\/www.gero.lu\/de\/produit\/snoezelen-vivre-avec-tous-ses-sens\" \/>\n<meta property=\"og:locale\" content=\"de_DE\" \/>\n<meta property=\"og:type\" content=\"article\" \/>\n<meta property=\"og:title\" content=\"Snoezelen - Vivre avec tous ses sens\" \/>\n<meta property=\"og:description\" content=\"Module V de la formation psychog\u00e9riatrique Le terme &#8222;Snoezelen&#8220; se compose des mots n\u00e9erlandais &#8222;snuffelen&#8220; et &#8222;doezelen&#8220; : respirer et somnoler, percevoir et se sentir bien. Snoezelen tente d&#8217;apporter des pistes de r\u00e9flexion afin d&#8217;\u00e9tablir une relation diff\u00e9rente avec la personne \u00e2g\u00e9e. Cette relation se construit sur le bien-\u00eatre et une meilleure qualit\u00e9 de vie [&hellip;]\" \/>\n<meta property=\"og:url\" content=\"https:\/\/www.gero.lu\/de\/produit\/snoezelen-vivre-avec-tous-ses-sens\" \/>\n<meta property=\"og:site_name\" content=\"GERO\" \/>\n<meta property=\"article:publisher\" content=\"https:\/\/www.facebook.com\/Kompetenzzenter\/\" \/>\n<meta property=\"article:modified_time\" content=\"2023-02-27T14:21:37+00:00\" \/>\n<meta property=\"og:image\" content=\"https:\/\/www.gero.lu\/wp-content\/uploads\/2022\/10\/09860_RBS_ID_logoPro-blo-blo.png\" \/>\n\t<meta property=\"og:image:width\" content=\"1449\" \/>\n\t<meta property=\"og:image:height\" content=\"686\" \/>\n\t<meta property=\"og:image:type\" content=\"image\/png\" \/>\n<meta name=\"twitter:card\" content=\"summary_large_image\" \/>\n<meta name=\"twitter:label1\" content=\"Gesch\u00e4tzte Lesezeit\" \/>\n\t<meta name=\"twitter:data1\" content=\"1\u00a0Minute\" \/>\n<script type=\"application\/ld+json\" class=\"yoast-schema-graph\">{\"@context\":\"https:\/\/schema.org\",\"@graph\":[{\"@type\":\"WebPage\",\"@id\":\"https:\/\/www.gero.lu\/de\/produit\/snoezelen-vivre-avec-tous-ses-sens\",\"url\":\"https:\/\/www.gero.lu\/de\/produit\/snoezelen-vivre-avec-tous-ses-sens\",\"name\":\"Snoezelen - Vivre avec tous ses sens - GERO\",\"isPartOf\":{\"@id\":\"https:\/\/www.gero.lu\/de\/#website\"},\"datePublished\":\"2022-10-06T12:21:23+00:00\",\"dateModified\":\"2023-02-27T14:21:37+00:00\",\"breadcrumb\":{\"@id\":\"https:\/\/www.gero.lu\/de\/produit\/snoezelen-vivre-avec-tous-ses-sens#breadcrumb\"},\"inLanguage\":\"de\",\"potentialAction\":[{\"@type\":\"ReadAction\",\"target\":[[\"https:\/\/www.gero.lu\/de\/produit\/snoezelen-vivre-avec-tous-ses-sens\"]]}]},{\"@type\":\"BreadcrumbList\",\"@id\":\"https:\/\/www.gero.lu\/de\/produit\/snoezelen-vivre-avec-tous-ses-sens#breadcrumb\",\"itemListElement\":[{\"@type\":\"ListItem\",\"position\":1,\"name\":\"Accueil\",\"item\":\"https:\/\/www.gero.lu\/de\/\"},{\"@type\":\"ListItem\",\"position\":2,\"name\":\"Shop\",\"item\":\"https:\/\/www.gero.lu\/de\/shop\"},{\"@type\":\"ListItem\",\"position\":3,\"name\":\"Snoezelen &#8211; Vivre avec tous ses sens\"}]},{\"@type\":\"WebSite\",\"@id\":\"https:\/\/www.gero.lu\/de\/#website\",\"url\":\"https:\/\/www.gero.lu\/de\/\",\"name\":\"Gero\",\"description\":\"Kompetenzzenter fir den Alter\",\"publisher\":{\"@id\":\"https:\/\/www.gero.lu\/de\/#organization\"},\"potentialAction\":[{\"@type\":\"SearchAction\",\"target\":{\"@type\":\"EntryPoint\",\"urlTemplate\":\"https:\/\/www.gero.lu\/de\/?s={search_term_string}\"},\"query-input\":{\"@type\":\"PropertyValueSpecification\",\"valueRequired\":true,\"valueName\":\"search_term_string\"}}],\"inLanguage\":\"de\"},{\"@type\":\"Organization\",\"@id\":\"https:\/\/www.gero.lu\/de\/#organization\",\"name\":\"Gero\",\"url\":\"https:\/\/www.gero.lu\/de\/\",\"logo\":{\"@type\":\"ImageObject\",\"inLanguage\":\"de\",\"@id\":\"https:\/\/www.gero.lu\/de\/#\/schema\/logo\/image\/\",\"url\":\"https:\/\/www.gero.lu\/wp-content\/uploads\/2024\/04\/logo.svg\",\"contentUrl\":\"https:\/\/www.gero.lu\/wp-content\/uploads\/2024\/04\/logo.svg\",\"width\":76,\"height\":30,\"caption\":\"Gero\"},\"image\":{\"@id\":\"https:\/\/www.gero.lu\/de\/#\/schema\/logo\/image\/\"},\"sameAs\":[\"https:\/\/www.facebook.com\/Kompetenzzenter\/\",\"https:\/\/www.instagram.com\/gero.kompetenzzenter\/\",\"https:\/\/linkedin.com\/company\/gero-kompetenzzenter-fir-den-alter\",\"https:\/\/www.youtube.com\/channel\/UCJvmJYSeHh3dYQsLHZupj-Q\"]}]}<\/script>\n<!-- \/ Yoast SEO Premium plugin. -->","yoast_head_json":{"title":"Snoezelen - Vivre avec tous ses sens - GERO","robots":{"index":"index","follow":"follow","max-snippet":"max-snippet:-1","max-image-preview":"max-image-preview:large","max-video-preview":"max-video-preview:-1"},"canonical":"https:\/\/www.gero.lu\/de\/produit\/snoezelen-vivre-avec-tous-ses-sens","og_locale":"de_DE","og_type":"article","og_title":"Snoezelen - Vivre avec tous ses sens","og_description":"Module V de la formation psychog\u00e9riatrique Le terme &#8222;Snoezelen&#8220; se compose des mots n\u00e9erlandais &#8222;snuffelen&#8220; et &#8222;doezelen&#8220; : respirer et somnoler, percevoir et se sentir bien. Snoezelen tente d&#8217;apporter des pistes de r\u00e9flexion afin d&#8217;\u00e9tablir une relation diff\u00e9rente avec la personne \u00e2g\u00e9e. Cette relation se construit sur le bien-\u00eatre et une meilleure qualit\u00e9 de vie [&hellip;]","og_url":"https:\/\/www.gero.lu\/de\/produit\/snoezelen-vivre-avec-tous-ses-sens","og_site_name":"GERO","article_publisher":"https:\/\/www.facebook.com\/Kompetenzzenter\/","article_modified_time":"2023-02-27T14:21:37+00:00","og_image":[{"width":1449,"height":686,"url":"https:\/\/www.gero.lu\/wp-content\/uploads\/2022\/10\/09860_RBS_ID_logoPro-blo-blo.png","type":"image\/png"}],"twitter_card":"summary_large_image","twitter_misc":{"Gesch\u00e4tzte Lesezeit":"1\u00a0Minute"},"schema":{"@context":"https:\/\/schema.org","@graph":[{"@type":"WebPage","@id":"https:\/\/www.gero.lu\/de\/produit\/snoezelen-vivre-avec-tous-ses-sens","url":"https:\/\/www.gero.lu\/de\/produit\/snoezelen-vivre-avec-tous-ses-sens","name":"Snoezelen - Vivre avec tous ses sens - GERO","isPartOf":{"@id":"https:\/\/www.gero.lu\/de\/#website"},"datePublished":"2022-10-06T12:21:23+00:00","dateModified":"2023-02-27T14:21:37+00:00","breadcrumb":{"@id":"https:\/\/www.gero.lu\/de\/produit\/snoezelen-vivre-avec-tous-ses-sens#breadcrumb"},"inLanguage":"de","potentialAction":[{"@type":"ReadAction","target":[["https:\/\/www.gero.lu\/de\/produit\/snoezelen-vivre-avec-tous-ses-sens"]]}]},{"@type":"BreadcrumbList","@id":"https:\/\/www.gero.lu\/de\/produit\/snoezelen-vivre-avec-tous-ses-sens#breadcrumb","itemListElement":[{"@type":"ListItem","position":1,"name":"Accueil","item":"https:\/\/www.gero.lu\/de\/"},{"@type":"ListItem","position":2,"name":"Shop","item":"https:\/\/www.gero.lu\/de\/shop"},{"@type":"ListItem","position":3,"name":"Snoezelen &#8211; Vivre avec tous ses sens"}]},{"@type":"WebSite","@id":"https:\/\/www.gero.lu\/de\/#website","url":"https:\/\/www.gero.lu\/de\/","name":"Gero","description":"Kompetenzzenter fir den Alter","publisher":{"@id":"https:\/\/www.gero.lu\/de\/#organization"},"potentialAction":[{"@type":"SearchAction","target":{"@type":"EntryPoint","urlTemplate":"https:\/\/www.gero.lu\/de\/?s={search_term_string}"},"query-input":{"@type":"PropertyValueSpecification","valueRequired":true,"valueName":"search_term_string"}}],"inLanguage":"de"},{"@type":"Organization","@id":"https:\/\/www.gero.lu\/de\/#organization","name":"Gero","url":"https:\/\/www.gero.lu\/de\/","logo":{"@type":"ImageObject","inLanguage":"de","@id":"https:\/\/www.gero.lu\/de\/#\/schema\/logo\/image\/","url":"https:\/\/www.gero.lu\/wp-content\/uploads\/2024\/04\/logo.svg","contentUrl":"https:\/\/www.gero.lu\/wp-content\/uploads\/2024\/04\/logo.svg","width":76,"height":30,"caption":"Gero"},"image":{"@id":"https:\/\/www.gero.lu\/de\/#\/schema\/logo\/image\/"},"sameAs":["https:\/\/www.facebook.com\/Kompetenzzenter\/","https:\/\/www.instagram.com\/gero.kompetenzzenter\/","https:\/\/linkedin.com\/company\/gero-kompetenzzenter-fir-den-alter","https:\/\/www.youtube.com\/channel\/UCJvmJYSeHh3dYQsLHZupj-Q"]}]}},"_links":{"self":[{"href":"https:\/\/www.gero.lu\/de\/wp-json\/wp\/v2\/product\/4431","targetHints":{"allow":["GET"]}}],"collection":[{"href":"https:\/\/www.gero.lu\/de\/wp-json\/wp\/v2\/product"}],"about":[{"href":"https:\/\/www.gero.lu\/de\/wp-json\/wp\/v2\/types\/product"}],"replies":[{"embeddable":true,"href":"https:\/\/www.gero.lu\/de\/wp-json\/wp\/v2\/comments?post=4431"}],"wp:attachment":[{"href":"https:\/\/www.gero.lu\/de\/wp-json\/wp\/v2\/media?parent=4431"}],"wp:term":[{"taxonomy":"product_brand","embeddable":true,"href":"https:\/\/www.gero.lu\/de\/wp-json\/wp\/v2\/product_brand?post=4431"},{"taxonomy":"product_cat","embeddable":true,"href":"https:\/\/www.gero.lu\/de\/wp-json\/wp\/v2\/product_cat?post=4431"},{"taxonomy":"product_tag","embeddable":true,"href":"https:\/\/www.gero.lu\/de\/wp-json\/wp\/v2\/product_tag?post=4431"}],"curies":[{"name":"wp","href":"https:\/\/api.w.org\/{rel}","templated":true}]}}