{"id":4395,"date":"2022-10-03T15:21:37","date_gmt":"2022-10-03T15:21:37","guid":{"rendered":"https:\/\/www.gero.lu\/fr\/produit\/leadership-module-4-resoudre-les-conflits-avec-succes"},"modified":"2023-02-20T09:22:01","modified_gmt":"2023-02-20T09:22:01","slug":"leadership-module-4-resoudre-les-conflits-avec-succes","status":"publish","type":"product","link":"https:\/\/www.gero.lu\/de\/produit\/leadership-module-4-resoudre-les-conflits-avec-succes","title":{"rendered":"Leadership module 4 &#8211; R\u00e9soudre les conflits avec succ\u00e8s"},"content":{"rendered":"<p>R\u00e9soudre les conflits avec succ\u00e8s<br \/>\nLes conflits sont souvent assimil\u00e9s \u00e0 des controverses enflamm\u00e9es ou glaciales, ce qui r\u00e9duit la notion de conflit \u00e0 un comportement n\u00e9gatif, entra\u00eenant notamment la frustration, la peur ou la col\u00e8re.<\/p>\n<p>Les conflits sont toutefois \u00e9galement source de progression et d\u00e9veloppement positif. Il est donc d&#8217;autant plus important d&#8217;analyser les rapports sous-jacents et de trouver une approche constructive. Quels sont le r\u00f4le et la mission du-de la dirigeant-e ?<\/p>\n<p>Les diff\u00e9rents points abord\u00e9s dans cette formation sont :<br \/>\n\u2022\tAnalyse des diff\u00e9rentes sortes de conflits<br \/>\n\u2022\tJeux psychologiques et strat\u00e9gies<br \/>\n\u2022\tConna\u00eetre et appliquer des strat\u00e9gies de r\u00e9solution de conflits<br \/>\n\u2022\tS\u2019\u00e9loigner des probl\u00e8mes, trouver des solutions<br \/>\n\u2022\tMaitriser le langage et la bonne terminologie dans le conflit<br \/>\n\u2022\tCulture linguistique de l\u2019organisation et de l\u2019\u00e9quipe<br \/>\n\u2022\tPr\u00e9vention des conflits dans l\u2019organisation et dans les \u00e9quipes<\/p>\n","protected":false},"excerpt":{"rendered":"<p>R\u00e9soudre les conflits avec succ\u00e8s Les conflits sont souvent assimil\u00e9s \u00e0 des controverses enflamm\u00e9es ou glaciales, ce qui r\u00e9duit la notion de conflit \u00e0 un comportement n\u00e9gatif, entra\u00eenant notamment la frustration, la peur ou la col\u00e8re. Les conflits sont toutefois \u00e9galement source de progression et d\u00e9veloppement positif. Il est donc d&#8217;autant plus important d&#8217;analyser les [&hellip;]<\/p>\n","protected":false},"featured_media":0,"comment_status":"closed","ping_status":"closed","template":"","meta":{"_acf_changed":false,"inline_featured_image":false},"product_brand":[],"product_cat":[239],"product_tag":[233],"class_list":{"0":"post-4395","1":"product","2":"type-product","3":"status-publish","5":"product_cat-cours-pro","6":"product_tag-management-leadership-pro","8":"first","9":"outofstock","10":"virtual","11":"purchasable","12":"product-type-simple"},"acf":[],"yoast_head":"<!-- This site is optimized with the Yoast SEO Premium plugin v27.4 (Yoast SEO v27.5) - https:\/\/yoast.com\/product\/yoast-seo-premium-wordpress\/ -->\n<title>Leadership module 4 - R\u00e9soudre les conflits avec succ\u00e8s - GERO<\/title>\n<meta name=\"robots\" content=\"index, follow, max-snippet:-1, max-image-preview:large, max-video-preview:-1\" \/>\n<link rel=\"canonical\" href=\"https:\/\/www.gero.lu\/de\/produit\/leadership-module-4-resoudre-les-conflits-avec-succes\" \/>\n<meta property=\"og:locale\" content=\"de_DE\" \/>\n<meta property=\"og:type\" content=\"article\" \/>\n<meta property=\"og:title\" content=\"Leadership module 4 - R\u00e9soudre les conflits avec succ\u00e8s\" \/>\n<meta property=\"og:description\" content=\"R\u00e9soudre les conflits avec succ\u00e8s Les conflits sont souvent assimil\u00e9s \u00e0 des controverses enflamm\u00e9es ou glaciales, ce qui r\u00e9duit la notion de conflit \u00e0 un comportement n\u00e9gatif, entra\u00eenant notamment la frustration, la peur ou la col\u00e8re. Les conflits sont toutefois \u00e9galement source de progression et d\u00e9veloppement positif. Il est donc d&#8217;autant plus important d&#8217;analyser les [&hellip;]\" \/>\n<meta property=\"og:url\" content=\"https:\/\/www.gero.lu\/de\/produit\/leadership-module-4-resoudre-les-conflits-avec-succes\" \/>\n<meta property=\"og:site_name\" content=\"GERO\" \/>\n<meta property=\"article:publisher\" content=\"https:\/\/www.facebook.com\/Kompetenzzenter\/\" \/>\n<meta property=\"article:modified_time\" content=\"2023-02-20T09:22:01+00:00\" \/>\n<meta property=\"og:image\" content=\"https:\/\/www.gero.lu\/wp-content\/uploads\/2021\/08\/gettyimages-1135289130-2048x2048_RET-1.jpg\" \/>\n\t<meta property=\"og:image:width\" content=\"1227\" \/>\n\t<meta property=\"og:image:height\" content=\"802\" \/>\n\t<meta property=\"og:image:type\" content=\"image\/jpeg\" \/>\n<meta name=\"twitter:card\" content=\"summary_large_image\" \/>\n<meta name=\"twitter:label1\" content=\"Gesch\u00e4tzte Lesezeit\" \/>\n\t<meta name=\"twitter:data1\" content=\"1\u00a0Minute\" \/>\n<script type=\"application\/ld+json\" class=\"yoast-schema-graph\">{\"@context\":\"https:\\\/\\\/schema.org\",\"@graph\":[{\"@type\":\"WebPage\",\"@id\":\"https:\\\/\\\/www.gero.lu\\\/de\\\/produit\\\/leadership-module-4-resoudre-les-conflits-avec-succes\",\"url\":\"https:\\\/\\\/www.gero.lu\\\/de\\\/produit\\\/leadership-module-4-resoudre-les-conflits-avec-succes\",\"name\":\"Leadership module 4 - R\u00e9soudre les conflits avec succ\u00e8s - GERO\",\"isPartOf\":{\"@id\":\"https:\\\/\\\/www.gero.lu\\\/de\\\/#website\"},\"datePublished\":\"2022-10-03T15:21:37+00:00\",\"dateModified\":\"2023-02-20T09:22:01+00:00\",\"breadcrumb\":{\"@id\":\"https:\\\/\\\/www.gero.lu\\\/de\\\/produit\\\/leadership-module-4-resoudre-les-conflits-avec-succes#breadcrumb\"},\"inLanguage\":\"de\",\"potentialAction\":[{\"@type\":\"ReadAction\",\"target\":[[\"https:\\\/\\\/www.gero.lu\\\/de\\\/produit\\\/leadership-module-4-resoudre-les-conflits-avec-succes\"]]}]},{\"@type\":\"BreadcrumbList\",\"@id\":\"https:\\\/\\\/www.gero.lu\\\/de\\\/produit\\\/leadership-module-4-resoudre-les-conflits-avec-succes#breadcrumb\",\"itemListElement\":[{\"@type\":\"ListItem\",\"position\":1,\"name\":\"Accueil\",\"item\":\"https:\\\/\\\/www.gero.lu\\\/de\\\/\"},{\"@type\":\"ListItem\",\"position\":2,\"name\":\"Shop\",\"item\":\"https:\\\/\\\/www.gero.lu\\\/de\\\/shop\"},{\"@type\":\"ListItem\",\"position\":3,\"name\":\"Leadership module 4 &#8211; R\u00e9soudre les conflits avec succ\u00e8s\"}]},{\"@type\":\"WebSite\",\"@id\":\"https:\\\/\\\/www.gero.lu\\\/de\\\/#website\",\"url\":\"https:\\\/\\\/www.gero.lu\\\/de\\\/\",\"name\":\"Gero\",\"description\":\"Kompetenzzenter fir den Alter\",\"publisher\":{\"@id\":\"https:\\\/\\\/www.gero.lu\\\/de\\\/#organization\"},\"potentialAction\":[{\"@type\":\"SearchAction\",\"target\":{\"@type\":\"EntryPoint\",\"urlTemplate\":\"https:\\\/\\\/www.gero.lu\\\/de\\\/?s={search_term_string}\"},\"query-input\":{\"@type\":\"PropertyValueSpecification\",\"valueRequired\":true,\"valueName\":\"search_term_string\"}}],\"inLanguage\":\"de\"},{\"@type\":\"Organization\",\"@id\":\"https:\\\/\\\/www.gero.lu\\\/de\\\/#organization\",\"name\":\"Gero\",\"url\":\"https:\\\/\\\/www.gero.lu\\\/de\\\/\",\"logo\":{\"@type\":\"ImageObject\",\"inLanguage\":\"de\",\"@id\":\"https:\\\/\\\/www.gero.lu\\\/de\\\/#\\\/schema\\\/logo\\\/image\\\/\",\"url\":\"https:\\\/\\\/www.gero.lu\\\/wp-content\\\/uploads\\\/2024\\\/04\\\/logo.svg\",\"contentUrl\":\"https:\\\/\\\/www.gero.lu\\\/wp-content\\\/uploads\\\/2024\\\/04\\\/logo.svg\",\"width\":76,\"height\":30,\"caption\":\"Gero\"},\"image\":{\"@id\":\"https:\\\/\\\/www.gero.lu\\\/de\\\/#\\\/schema\\\/logo\\\/image\\\/\"},\"sameAs\":[\"https:\\\/\\\/www.facebook.com\\\/Kompetenzzenter\\\/\",\"https:\\\/\\\/www.instagram.com\\\/gero.kompetenzzenter\\\/\",\"https:\\\/\\\/linkedin.com\\\/company\\\/gero-kompetenzzenter-fir-den-alter\",\"https:\\\/\\\/www.youtube.com\\\/channel\\\/UCJvmJYSeHh3dYQsLHZupj-Q\"]}]}<\/script>\n<!-- \/ Yoast SEO Premium plugin. -->","yoast_head_json":{"title":"Leadership module 4 - R\u00e9soudre les conflits avec succ\u00e8s - GERO","robots":{"index":"index","follow":"follow","max-snippet":"max-snippet:-1","max-image-preview":"max-image-preview:large","max-video-preview":"max-video-preview:-1"},"canonical":"https:\/\/www.gero.lu\/de\/produit\/leadership-module-4-resoudre-les-conflits-avec-succes","og_locale":"de_DE","og_type":"article","og_title":"Leadership module 4 - R\u00e9soudre les conflits avec succ\u00e8s","og_description":"R\u00e9soudre les conflits avec succ\u00e8s Les conflits sont souvent assimil\u00e9s \u00e0 des controverses enflamm\u00e9es ou glaciales, ce qui r\u00e9duit la notion de conflit \u00e0 un comportement n\u00e9gatif, entra\u00eenant notamment la frustration, la peur ou la col\u00e8re. Les conflits sont toutefois \u00e9galement source de progression et d\u00e9veloppement positif. Il est donc d&#8217;autant plus important d&#8217;analyser les [&hellip;]","og_url":"https:\/\/www.gero.lu\/de\/produit\/leadership-module-4-resoudre-les-conflits-avec-succes","og_site_name":"GERO","article_publisher":"https:\/\/www.facebook.com\/Kompetenzzenter\/","article_modified_time":"2023-02-20T09:22:01+00:00","og_image":[{"width":1227,"height":802,"url":"https:\/\/www.gero.lu\/wp-content\/uploads\/2021\/08\/gettyimages-1135289130-2048x2048_RET-1.jpg","type":"image\/jpeg"}],"twitter_card":"summary_large_image","twitter_misc":{"Gesch\u00e4tzte Lesezeit":"1\u00a0Minute"},"schema":{"@context":"https:\/\/schema.org","@graph":[{"@type":"WebPage","@id":"https:\/\/www.gero.lu\/de\/produit\/leadership-module-4-resoudre-les-conflits-avec-succes","url":"https:\/\/www.gero.lu\/de\/produit\/leadership-module-4-resoudre-les-conflits-avec-succes","name":"Leadership module 4 - R\u00e9soudre les conflits avec succ\u00e8s - GERO","isPartOf":{"@id":"https:\/\/www.gero.lu\/de\/#website"},"datePublished":"2022-10-03T15:21:37+00:00","dateModified":"2023-02-20T09:22:01+00:00","breadcrumb":{"@id":"https:\/\/www.gero.lu\/de\/produit\/leadership-module-4-resoudre-les-conflits-avec-succes#breadcrumb"},"inLanguage":"de","potentialAction":[{"@type":"ReadAction","target":[["https:\/\/www.gero.lu\/de\/produit\/leadership-module-4-resoudre-les-conflits-avec-succes"]]}]},{"@type":"BreadcrumbList","@id":"https:\/\/www.gero.lu\/de\/produit\/leadership-module-4-resoudre-les-conflits-avec-succes#breadcrumb","itemListElement":[{"@type":"ListItem","position":1,"name":"Accueil","item":"https:\/\/www.gero.lu\/de\/"},{"@type":"ListItem","position":2,"name":"Shop","item":"https:\/\/www.gero.lu\/de\/shop"},{"@type":"ListItem","position":3,"name":"Leadership module 4 &#8211; R\u00e9soudre les conflits avec succ\u00e8s"}]},{"@type":"WebSite","@id":"https:\/\/www.gero.lu\/de\/#website","url":"https:\/\/www.gero.lu\/de\/","name":"Gero","description":"Kompetenzzenter fir den Alter","publisher":{"@id":"https:\/\/www.gero.lu\/de\/#organization"},"potentialAction":[{"@type":"SearchAction","target":{"@type":"EntryPoint","urlTemplate":"https:\/\/www.gero.lu\/de\/?s={search_term_string}"},"query-input":{"@type":"PropertyValueSpecification","valueRequired":true,"valueName":"search_term_string"}}],"inLanguage":"de"},{"@type":"Organization","@id":"https:\/\/www.gero.lu\/de\/#organization","name":"Gero","url":"https:\/\/www.gero.lu\/de\/","logo":{"@type":"ImageObject","inLanguage":"de","@id":"https:\/\/www.gero.lu\/de\/#\/schema\/logo\/image\/","url":"https:\/\/www.gero.lu\/wp-content\/uploads\/2024\/04\/logo.svg","contentUrl":"https:\/\/www.gero.lu\/wp-content\/uploads\/2024\/04\/logo.svg","width":76,"height":30,"caption":"Gero"},"image":{"@id":"https:\/\/www.gero.lu\/de\/#\/schema\/logo\/image\/"},"sameAs":["https:\/\/www.facebook.com\/Kompetenzzenter\/","https:\/\/www.instagram.com\/gero.kompetenzzenter\/","https:\/\/linkedin.com\/company\/gero-kompetenzzenter-fir-den-alter","https:\/\/www.youtube.com\/channel\/UCJvmJYSeHh3dYQsLHZupj-Q"]}]}},"_links":{"self":[{"href":"https:\/\/www.gero.lu\/de\/wp-json\/wp\/v2\/product\/4395","targetHints":{"allow":["GET"]}}],"collection":[{"href":"https:\/\/www.gero.lu\/de\/wp-json\/wp\/v2\/product"}],"about":[{"href":"https:\/\/www.gero.lu\/de\/wp-json\/wp\/v2\/types\/product"}],"replies":[{"embeddable":true,"href":"https:\/\/www.gero.lu\/de\/wp-json\/wp\/v2\/comments?post=4395"}],"wp:attachment":[{"href":"https:\/\/www.gero.lu\/de\/wp-json\/wp\/v2\/media?parent=4395"}],"wp:term":[{"taxonomy":"product_brand","embeddable":true,"href":"https:\/\/www.gero.lu\/de\/wp-json\/wp\/v2\/product_brand?post=4395"},{"taxonomy":"product_cat","embeddable":true,"href":"https:\/\/www.gero.lu\/de\/wp-json\/wp\/v2\/product_cat?post=4395"},{"taxonomy":"product_tag","embeddable":true,"href":"https:\/\/www.gero.lu\/de\/wp-json\/wp\/v2\/product_tag?post=4395"}],"curies":[{"name":"wp","href":"https:\/\/api.w.org\/{rel}","templated":true}]}}