{"id":4391,"date":"2022-10-03T15:21:36","date_gmt":"2022-10-03T15:21:36","guid":{"rendered":"https:\/\/www.gero.lu\/fr\/produit\/haccp-und-lebensmittelsicherheit-in-der-kuche"},"modified":"2023-05-02T09:21:46","modified_gmt":"2023-05-02T09:21:46","slug":"haccp-und-lebensmittelsicherheit-in-der-kuche","status":"publish","type":"product","link":"https:\/\/www.gero.lu\/de\/produit\/haccp-und-lebensmittelsicherheit-in-der-kuche","title":{"rendered":"HACCP und Lebensmittelsicherheit in der K\u00fcche"},"content":{"rendered":"<p>Diese Schulung schafft ein Bewusstsein f\u00fcr die Lebensmittelhygiene, erkl\u00e4rt die rechtlichen Grundlagen und geht detailliert auf die M\u00f6glichkeiten zur Vermeidung potenzieller Gefahren f\u00fcr die Verbraucher ein. <\/p>\n<p>Zielgruppe<br \/>\nMitarbeiter in therapeutischen K\u00fcchen <\/p>\n<p>Inhalt<br \/>\nLebensmittelsicherheit<br \/>\nGesetzliche Vorgaben<br \/>\nGefahren f\u00fcr den Verbraucher<br \/>\nK\u00fchlkette und Lebensmittelmikrobiologie<br \/>\nPersonalhygiene<br \/>\nGute-Hygiene-Praxis in der K\u00fcche <\/p>\n<p>P\u00e4dagogik<br \/>\nTheoretische Vortr\u00e4ge, \u00dcbungen, Diskussionen, Erfahrungsaustausch<\/p>\n","protected":false},"excerpt":{"rendered":"<p>Diese Schulung schafft ein Bewusstsein f\u00fcr die Lebensmittelhygiene, erkl\u00e4rt die rechtlichen Grundlagen und geht detailliert auf die M\u00f6glichkeiten zur Vermeidung potenzieller Gefahren f\u00fcr die Verbraucher ein. Zielgruppe Mitarbeiter in therapeutischen K\u00fcchen Inhalt Lebensmittelsicherheit Gesetzliche Vorgaben Gefahren f\u00fcr den Verbraucher K\u00fchlkette und Lebensmittelmikrobiologie Personalhygiene Gute-Hygiene-Praxis in der K\u00fcche P\u00e4dagogik Theoretische Vortr\u00e4ge, \u00dcbungen, Diskussionen, Erfahrungsaustausch<\/p>\n","protected":false},"featured_media":0,"comment_status":"closed","ping_status":"closed","template":"","meta":{"_acf_changed":false,"inline_featured_image":false},"product_brand":[],"product_cat":[239],"product_tag":[235],"class_list":{"0":"post-4391","1":"product","2":"type-product","3":"status-publish","5":"product_cat-cours-pro","6":"product_tag-economie-domestique-pro","8":"first","9":"instock","10":"virtual","11":"purchasable","12":"product-type-simple"},"acf":[],"yoast_head":"<!-- This site is optimized with the Yoast SEO Premium plugin v27.4 (Yoast SEO v27.5) - https:\/\/yoast.com\/product\/yoast-seo-premium-wordpress\/ -->\n<title>HACCP und Lebensmittelsicherheit in der K\u00fcche - GERO<\/title>\n<meta name=\"robots\" content=\"index, follow, max-snippet:-1, max-image-preview:large, max-video-preview:-1\" \/>\n<link rel=\"canonical\" href=\"https:\/\/www.gero.lu\/de\/produit\/haccp-und-lebensmittelsicherheit-in-der-kuche\" \/>\n<meta property=\"og:locale\" content=\"de_DE\" \/>\n<meta property=\"og:type\" content=\"article\" \/>\n<meta property=\"og:title\" content=\"HACCP und Lebensmittelsicherheit in der K\u00fcche\" \/>\n<meta property=\"og:description\" content=\"Diese Schulung schafft ein Bewusstsein f\u00fcr die Lebensmittelhygiene, erkl\u00e4rt die rechtlichen Grundlagen und geht detailliert auf die M\u00f6glichkeiten zur Vermeidung potenzieller Gefahren f\u00fcr die Verbraucher ein. Zielgruppe Mitarbeiter in therapeutischen K\u00fcchen Inhalt Lebensmittelsicherheit Gesetzliche Vorgaben Gefahren f\u00fcr den Verbraucher K\u00fchlkette und Lebensmittelmikrobiologie Personalhygiene Gute-Hygiene-Praxis in der K\u00fcche P\u00e4dagogik Theoretische Vortr\u00e4ge, \u00dcbungen, Diskussionen, Erfahrungsaustausch\" \/>\n<meta property=\"og:url\" content=\"https:\/\/www.gero.lu\/de\/produit\/haccp-und-lebensmittelsicherheit-in-der-kuche\" \/>\n<meta property=\"og:site_name\" content=\"GERO\" \/>\n<meta property=\"article:publisher\" content=\"https:\/\/www.facebook.com\/Kompetenzzenter\/\" \/>\n<meta property=\"article:modified_time\" content=\"2023-05-02T09:21:46+00:00\" \/>\n<meta property=\"og:image\" content=\"https:\/\/www.gero.lu\/wp-content\/uploads\/2021\/08\/gettyimages-1135289130-2048x2048_RET-1.jpg\" \/>\n\t<meta property=\"og:image:width\" content=\"1227\" \/>\n\t<meta property=\"og:image:height\" content=\"802\" \/>\n\t<meta property=\"og:image:type\" content=\"image\/jpeg\" \/>\n<meta name=\"twitter:card\" content=\"summary_large_image\" \/>\n<script type=\"application\/ld+json\" class=\"yoast-schema-graph\">{\"@context\":\"https:\\\/\\\/schema.org\",\"@graph\":[{\"@type\":\"WebPage\",\"@id\":\"https:\\\/\\\/www.gero.lu\\\/de\\\/produit\\\/haccp-und-lebensmittelsicherheit-in-der-kuche\",\"url\":\"https:\\\/\\\/www.gero.lu\\\/de\\\/produit\\\/haccp-und-lebensmittelsicherheit-in-der-kuche\",\"name\":\"HACCP und Lebensmittelsicherheit in der K\u00fcche - GERO\",\"isPartOf\":{\"@id\":\"https:\\\/\\\/www.gero.lu\\\/de\\\/#website\"},\"datePublished\":\"2022-10-03T15:21:36+00:00\",\"dateModified\":\"2023-05-02T09:21:46+00:00\",\"breadcrumb\":{\"@id\":\"https:\\\/\\\/www.gero.lu\\\/de\\\/produit\\\/haccp-und-lebensmittelsicherheit-in-der-kuche#breadcrumb\"},\"inLanguage\":\"de\",\"potentialAction\":[{\"@type\":\"ReadAction\",\"target\":[[\"https:\\\/\\\/www.gero.lu\\\/de\\\/produit\\\/haccp-und-lebensmittelsicherheit-in-der-kuche\"]]}]},{\"@type\":\"BreadcrumbList\",\"@id\":\"https:\\\/\\\/www.gero.lu\\\/de\\\/produit\\\/haccp-und-lebensmittelsicherheit-in-der-kuche#breadcrumb\",\"itemListElement\":[{\"@type\":\"ListItem\",\"position\":1,\"name\":\"Accueil\",\"item\":\"https:\\\/\\\/www.gero.lu\\\/de\\\/\"},{\"@type\":\"ListItem\",\"position\":2,\"name\":\"Shop\",\"item\":\"https:\\\/\\\/www.gero.lu\\\/de\\\/shop\"},{\"@type\":\"ListItem\",\"position\":3,\"name\":\"HACCP und Lebensmittelsicherheit in der K\u00fcche\"}]},{\"@type\":\"WebSite\",\"@id\":\"https:\\\/\\\/www.gero.lu\\\/de\\\/#website\",\"url\":\"https:\\\/\\\/www.gero.lu\\\/de\\\/\",\"name\":\"Gero\",\"description\":\"Kompetenzzenter fir den Alter\",\"publisher\":{\"@id\":\"https:\\\/\\\/www.gero.lu\\\/de\\\/#organization\"},\"potentialAction\":[{\"@type\":\"SearchAction\",\"target\":{\"@type\":\"EntryPoint\",\"urlTemplate\":\"https:\\\/\\\/www.gero.lu\\\/de\\\/?s={search_term_string}\"},\"query-input\":{\"@type\":\"PropertyValueSpecification\",\"valueRequired\":true,\"valueName\":\"search_term_string\"}}],\"inLanguage\":\"de\"},{\"@type\":\"Organization\",\"@id\":\"https:\\\/\\\/www.gero.lu\\\/de\\\/#organization\",\"name\":\"Gero\",\"url\":\"https:\\\/\\\/www.gero.lu\\\/de\\\/\",\"logo\":{\"@type\":\"ImageObject\",\"inLanguage\":\"de\",\"@id\":\"https:\\\/\\\/www.gero.lu\\\/de\\\/#\\\/schema\\\/logo\\\/image\\\/\",\"url\":\"https:\\\/\\\/www.gero.lu\\\/wp-content\\\/uploads\\\/2024\\\/04\\\/logo.svg\",\"contentUrl\":\"https:\\\/\\\/www.gero.lu\\\/wp-content\\\/uploads\\\/2024\\\/04\\\/logo.svg\",\"width\":76,\"height\":30,\"caption\":\"Gero\"},\"image\":{\"@id\":\"https:\\\/\\\/www.gero.lu\\\/de\\\/#\\\/schema\\\/logo\\\/image\\\/\"},\"sameAs\":[\"https:\\\/\\\/www.facebook.com\\\/Kompetenzzenter\\\/\",\"https:\\\/\\\/www.instagram.com\\\/gero.kompetenzzenter\\\/\",\"https:\\\/\\\/linkedin.com\\\/company\\\/gero-kompetenzzenter-fir-den-alter\",\"https:\\\/\\\/www.youtube.com\\\/channel\\\/UCJvmJYSeHh3dYQsLHZupj-Q\"]}]}<\/script>\n<!-- \/ Yoast SEO Premium plugin. -->","yoast_head_json":{"title":"HACCP und Lebensmittelsicherheit in der K\u00fcche - GERO","robots":{"index":"index","follow":"follow","max-snippet":"max-snippet:-1","max-image-preview":"max-image-preview:large","max-video-preview":"max-video-preview:-1"},"canonical":"https:\/\/www.gero.lu\/de\/produit\/haccp-und-lebensmittelsicherheit-in-der-kuche","og_locale":"de_DE","og_type":"article","og_title":"HACCP und Lebensmittelsicherheit in der K\u00fcche","og_description":"Diese Schulung schafft ein Bewusstsein f\u00fcr die Lebensmittelhygiene, erkl\u00e4rt die rechtlichen Grundlagen und geht detailliert auf die M\u00f6glichkeiten zur Vermeidung potenzieller Gefahren f\u00fcr die Verbraucher ein. Zielgruppe Mitarbeiter in therapeutischen K\u00fcchen Inhalt Lebensmittelsicherheit Gesetzliche Vorgaben Gefahren f\u00fcr den Verbraucher K\u00fchlkette und Lebensmittelmikrobiologie Personalhygiene Gute-Hygiene-Praxis in der K\u00fcche P\u00e4dagogik Theoretische Vortr\u00e4ge, \u00dcbungen, Diskussionen, Erfahrungsaustausch","og_url":"https:\/\/www.gero.lu\/de\/produit\/haccp-und-lebensmittelsicherheit-in-der-kuche","og_site_name":"GERO","article_publisher":"https:\/\/www.facebook.com\/Kompetenzzenter\/","article_modified_time":"2023-05-02T09:21:46+00:00","og_image":[{"width":1227,"height":802,"url":"https:\/\/www.gero.lu\/wp-content\/uploads\/2021\/08\/gettyimages-1135289130-2048x2048_RET-1.jpg","type":"image\/jpeg"}],"twitter_card":"summary_large_image","schema":{"@context":"https:\/\/schema.org","@graph":[{"@type":"WebPage","@id":"https:\/\/www.gero.lu\/de\/produit\/haccp-und-lebensmittelsicherheit-in-der-kuche","url":"https:\/\/www.gero.lu\/de\/produit\/haccp-und-lebensmittelsicherheit-in-der-kuche","name":"HACCP und Lebensmittelsicherheit in der K\u00fcche - GERO","isPartOf":{"@id":"https:\/\/www.gero.lu\/de\/#website"},"datePublished":"2022-10-03T15:21:36+00:00","dateModified":"2023-05-02T09:21:46+00:00","breadcrumb":{"@id":"https:\/\/www.gero.lu\/de\/produit\/haccp-und-lebensmittelsicherheit-in-der-kuche#breadcrumb"},"inLanguage":"de","potentialAction":[{"@type":"ReadAction","target":[["https:\/\/www.gero.lu\/de\/produit\/haccp-und-lebensmittelsicherheit-in-der-kuche"]]}]},{"@type":"BreadcrumbList","@id":"https:\/\/www.gero.lu\/de\/produit\/haccp-und-lebensmittelsicherheit-in-der-kuche#breadcrumb","itemListElement":[{"@type":"ListItem","position":1,"name":"Accueil","item":"https:\/\/www.gero.lu\/de\/"},{"@type":"ListItem","position":2,"name":"Shop","item":"https:\/\/www.gero.lu\/de\/shop"},{"@type":"ListItem","position":3,"name":"HACCP und Lebensmittelsicherheit in der K\u00fcche"}]},{"@type":"WebSite","@id":"https:\/\/www.gero.lu\/de\/#website","url":"https:\/\/www.gero.lu\/de\/","name":"Gero","description":"Kompetenzzenter fir den Alter","publisher":{"@id":"https:\/\/www.gero.lu\/de\/#organization"},"potentialAction":[{"@type":"SearchAction","target":{"@type":"EntryPoint","urlTemplate":"https:\/\/www.gero.lu\/de\/?s={search_term_string}"},"query-input":{"@type":"PropertyValueSpecification","valueRequired":true,"valueName":"search_term_string"}}],"inLanguage":"de"},{"@type":"Organization","@id":"https:\/\/www.gero.lu\/de\/#organization","name":"Gero","url":"https:\/\/www.gero.lu\/de\/","logo":{"@type":"ImageObject","inLanguage":"de","@id":"https:\/\/www.gero.lu\/de\/#\/schema\/logo\/image\/","url":"https:\/\/www.gero.lu\/wp-content\/uploads\/2024\/04\/logo.svg","contentUrl":"https:\/\/www.gero.lu\/wp-content\/uploads\/2024\/04\/logo.svg","width":76,"height":30,"caption":"Gero"},"image":{"@id":"https:\/\/www.gero.lu\/de\/#\/schema\/logo\/image\/"},"sameAs":["https:\/\/www.facebook.com\/Kompetenzzenter\/","https:\/\/www.instagram.com\/gero.kompetenzzenter\/","https:\/\/linkedin.com\/company\/gero-kompetenzzenter-fir-den-alter","https:\/\/www.youtube.com\/channel\/UCJvmJYSeHh3dYQsLHZupj-Q"]}]}},"_links":{"self":[{"href":"https:\/\/www.gero.lu\/de\/wp-json\/wp\/v2\/product\/4391","targetHints":{"allow":["GET"]}}],"collection":[{"href":"https:\/\/www.gero.lu\/de\/wp-json\/wp\/v2\/product"}],"about":[{"href":"https:\/\/www.gero.lu\/de\/wp-json\/wp\/v2\/types\/product"}],"replies":[{"embeddable":true,"href":"https:\/\/www.gero.lu\/de\/wp-json\/wp\/v2\/comments?post=4391"}],"wp:attachment":[{"href":"https:\/\/www.gero.lu\/de\/wp-json\/wp\/v2\/media?parent=4391"}],"wp:term":[{"taxonomy":"product_brand","embeddable":true,"href":"https:\/\/www.gero.lu\/de\/wp-json\/wp\/v2\/product_brand?post=4391"},{"taxonomy":"product_cat","embeddable":true,"href":"https:\/\/www.gero.lu\/de\/wp-json\/wp\/v2\/product_cat?post=4391"},{"taxonomy":"product_tag","embeddable":true,"href":"https:\/\/www.gero.lu\/de\/wp-json\/wp\/v2\/product_tag?post=4391"}],"curies":[{"name":"wp","href":"https:\/\/api.w.org\/{rel}","templated":true}]}}