{"id":4389,"date":"2022-10-03T15:21:35","date_gmt":"2022-10-03T15:21:35","guid":{"rendered":"https:\/\/www.gero.lu\/fr\/produit\/professionalisierung-der-eigenen-person-modul-1-3"},"modified":"2023-04-03T12:22:17","modified_gmt":"2023-04-03T12:22:17","slug":"professionalisierung-der-eigenen-person-modul-1-3","status":"publish","type":"product","link":"https:\/\/www.gero.lu\/de\/produit\/professionalisierung-der-eigenen-person-modul-1-3","title":{"rendered":"Professionalisierung der eigenen Person Modul 1 &#8211; 3"},"content":{"rendered":"<p>Stressmanagement und Selbstf\u00fcrsorge sind integrative Konzepte zum langfristigen Erhalt und Schutz der Mitarbeitergesundheit.<\/p>\n<p>Betriebliches Gesundheitsmanagement ist als fester Bestandteil der Unternehmensstrategie in vielen Organisationen angekommen, um Fach- und F\u00fchrungskr\u00e4ftemangel, demografischen Wandel und den steigenden Falldauern bei Krankheit entgegenzuwirken.<\/p>\n<p>Die besten Effekte werden dabei erzielt, wenn die Schnittstellen individueller Belastungsfaktoren im systemischen Stress-Geschehen erkannt werden, ohne inneren oder \u00e4u\u00dferen Kampf, sondern mit Bewusstsein, Akzeptanz, Geduld und Selbstzuwendung \u2013 dann erzielen wir eine Professionalisierung der eigenen Person, um langfristig und situationsflexibel sowohl berufliches und pers\u00f6nliches Leistungsverm\u00f6gen als auch Entlastung und Wohlbefinden zu erfahren.<\/p>\n<p>Die 3 Module dieses Fortbildungszyklus <\/p>\n<p>\u2022\tInnere und \u00e4u\u00dfere Belastungsfaktoren: erkennen, benennen, loslassen<br \/>\n\u2022\tSelbstf\u00fcrsorge im beruflichen Alltag: erkennen, planen, vorbereiten<br \/>\n\u2022\tTag der Selbstf\u00fcrsorge durch die Praxis der Achtsamkeit<\/p>\n<p>k\u00f6nnen k\u00f6nnen entweder einzeln oder zusammen gebucht werden.<\/p>\n<p>\u201eNicht Erfolg ist der Schl\u00fcssel zum Gl\u00fcck, sondern Gl\u00fcck der Schl\u00fcssel zum Erfolg. Wenn du gerne tust, was du tust, wirst du auch erfolgreich sein.\u201c Albert Schweizer<\/p>\n","protected":false},"excerpt":{"rendered":"<p>Stressmanagement und Selbstf\u00fcrsorge sind integrative Konzepte zum langfristigen Erhalt und Schutz der Mitarbeitergesundheit. Betriebliches Gesundheitsmanagement ist als fester Bestandteil der Unternehmensstrategie in vielen Organisationen angekommen, um Fach- und F\u00fchrungskr\u00e4ftemangel, demografischen Wandel und den steigenden Falldauern bei Krankheit entgegenzuwirken. Die besten Effekte werden dabei erzielt, wenn die Schnittstellen individueller Belastungsfaktoren im systemischen Stress-Geschehen erkannt werden, ohne [&hellip;]<\/p>\n","protected":false},"featured_media":0,"comment_status":"closed","ping_status":"closed","template":"","meta":{"_acf_changed":false,"inline_featured_image":false},"product_brand":[],"product_cat":[239],"product_tag":[234],"class_list":{"0":"post-4389","1":"product","2":"type-product","3":"status-publish","5":"product_cat-cours-pro","6":"product_tag-competence-personnelles-pro","8":"first","9":"instock","10":"virtual","11":"purchasable","12":"product-type-simple"},"acf":[],"yoast_head":"<!-- This site is optimized with the Yoast SEO Premium plugin v27.4 (Yoast SEO v27.4) - https:\/\/yoast.com\/product\/yoast-seo-premium-wordpress\/ -->\n<title>Professionalisierung der eigenen Person Modul 1 - 3 - GERO<\/title>\n<meta name=\"robots\" content=\"index, follow, max-snippet:-1, max-image-preview:large, max-video-preview:-1\" \/>\n<link rel=\"canonical\" href=\"https:\/\/www.gero.lu\/de\/produit\/professionalisierung-der-eigenen-person-modul-1-3\" \/>\n<meta property=\"og:locale\" content=\"de_DE\" \/>\n<meta property=\"og:type\" content=\"article\" \/>\n<meta property=\"og:title\" content=\"Professionalisierung der eigenen Person Modul 1 - 3\" \/>\n<meta property=\"og:description\" content=\"Stressmanagement und Selbstf\u00fcrsorge sind integrative Konzepte zum langfristigen Erhalt und Schutz der Mitarbeitergesundheit. Betriebliches Gesundheitsmanagement ist als fester Bestandteil der Unternehmensstrategie in vielen Organisationen angekommen, um Fach- und F\u00fchrungskr\u00e4ftemangel, demografischen Wandel und den steigenden Falldauern bei Krankheit entgegenzuwirken. Die besten Effekte werden dabei erzielt, wenn die Schnittstellen individueller Belastungsfaktoren im systemischen Stress-Geschehen erkannt werden, ohne [&hellip;]\" \/>\n<meta property=\"og:url\" content=\"https:\/\/www.gero.lu\/de\/produit\/professionalisierung-der-eigenen-person-modul-1-3\" \/>\n<meta property=\"og:site_name\" content=\"GERO\" \/>\n<meta property=\"article:publisher\" content=\"https:\/\/www.facebook.com\/Kompetenzzenter\/\" \/>\n<meta property=\"article:modified_time\" content=\"2023-04-03T12:22:17+00:00\" \/>\n<meta property=\"og:image\" content=\"https:\/\/www.gero.lu\/wp-content\/uploads\/2021\/08\/gettyimages-1135289130-2048x2048_RET-1.jpg\" \/>\n\t<meta property=\"og:image:width\" content=\"1227\" \/>\n\t<meta property=\"og:image:height\" content=\"802\" \/>\n\t<meta property=\"og:image:type\" content=\"image\/jpeg\" \/>\n<meta name=\"twitter:card\" content=\"summary_large_image\" \/>\n<meta name=\"twitter:label1\" content=\"Gesch\u00e4tzte Lesezeit\" \/>\n\t<meta name=\"twitter:data1\" content=\"1\u00a0Minute\" \/>\n<script type=\"application\/ld+json\" class=\"yoast-schema-graph\">{\"@context\":\"https:\\\/\\\/schema.org\",\"@graph\":[{\"@type\":\"WebPage\",\"@id\":\"https:\\\/\\\/www.gero.lu\\\/de\\\/produit\\\/professionalisierung-der-eigenen-person-modul-1-3\",\"url\":\"https:\\\/\\\/www.gero.lu\\\/de\\\/produit\\\/professionalisierung-der-eigenen-person-modul-1-3\",\"name\":\"Professionalisierung der eigenen Person Modul 1 - 3 - GERO\",\"isPartOf\":{\"@id\":\"https:\\\/\\\/www.gero.lu\\\/de\\\/#website\"},\"datePublished\":\"2022-10-03T15:21:35+00:00\",\"dateModified\":\"2023-04-03T12:22:17+00:00\",\"breadcrumb\":{\"@id\":\"https:\\\/\\\/www.gero.lu\\\/de\\\/produit\\\/professionalisierung-der-eigenen-person-modul-1-3#breadcrumb\"},\"inLanguage\":\"de\",\"potentialAction\":[{\"@type\":\"ReadAction\",\"target\":[[\"https:\\\/\\\/www.gero.lu\\\/de\\\/produit\\\/professionalisierung-der-eigenen-person-modul-1-3\"]]}]},{\"@type\":\"BreadcrumbList\",\"@id\":\"https:\\\/\\\/www.gero.lu\\\/de\\\/produit\\\/professionalisierung-der-eigenen-person-modul-1-3#breadcrumb\",\"itemListElement\":[{\"@type\":\"ListItem\",\"position\":1,\"name\":\"Accueil\",\"item\":\"https:\\\/\\\/www.gero.lu\\\/de\\\/\"},{\"@type\":\"ListItem\",\"position\":2,\"name\":\"Shop\",\"item\":\"https:\\\/\\\/www.gero.lu\\\/de\\\/shop\"},{\"@type\":\"ListItem\",\"position\":3,\"name\":\"Professionalisierung der eigenen Person Modul 1 &#8211; 3\"}]},{\"@type\":\"WebSite\",\"@id\":\"https:\\\/\\\/www.gero.lu\\\/de\\\/#website\",\"url\":\"https:\\\/\\\/www.gero.lu\\\/de\\\/\",\"name\":\"Gero\",\"description\":\"Kompetenzzenter fir den Alter\",\"publisher\":{\"@id\":\"https:\\\/\\\/www.gero.lu\\\/de\\\/#organization\"},\"potentialAction\":[{\"@type\":\"SearchAction\",\"target\":{\"@type\":\"EntryPoint\",\"urlTemplate\":\"https:\\\/\\\/www.gero.lu\\\/de\\\/?s={search_term_string}\"},\"query-input\":{\"@type\":\"PropertyValueSpecification\",\"valueRequired\":true,\"valueName\":\"search_term_string\"}}],\"inLanguage\":\"de\"},{\"@type\":\"Organization\",\"@id\":\"https:\\\/\\\/www.gero.lu\\\/de\\\/#organization\",\"name\":\"Gero\",\"url\":\"https:\\\/\\\/www.gero.lu\\\/de\\\/\",\"logo\":{\"@type\":\"ImageObject\",\"inLanguage\":\"de\",\"@id\":\"https:\\\/\\\/www.gero.lu\\\/de\\\/#\\\/schema\\\/logo\\\/image\\\/\",\"url\":\"https:\\\/\\\/www.gero.lu\\\/wp-content\\\/uploads\\\/2024\\\/04\\\/logo.svg\",\"contentUrl\":\"https:\\\/\\\/www.gero.lu\\\/wp-content\\\/uploads\\\/2024\\\/04\\\/logo.svg\",\"width\":76,\"height\":30,\"caption\":\"Gero\"},\"image\":{\"@id\":\"https:\\\/\\\/www.gero.lu\\\/de\\\/#\\\/schema\\\/logo\\\/image\\\/\"},\"sameAs\":[\"https:\\\/\\\/www.facebook.com\\\/Kompetenzzenter\\\/\",\"https:\\\/\\\/www.instagram.com\\\/gero.kompetenzzenter\\\/\",\"https:\\\/\\\/linkedin.com\\\/company\\\/gero-kompetenzzenter-fir-den-alter\",\"https:\\\/\\\/www.youtube.com\\\/channel\\\/UCJvmJYSeHh3dYQsLHZupj-Q\"]}]}<\/script>\n<!-- \/ Yoast SEO Premium plugin. -->","yoast_head_json":{"title":"Professionalisierung der eigenen Person Modul 1 - 3 - GERO","robots":{"index":"index","follow":"follow","max-snippet":"max-snippet:-1","max-image-preview":"max-image-preview:large","max-video-preview":"max-video-preview:-1"},"canonical":"https:\/\/www.gero.lu\/de\/produit\/professionalisierung-der-eigenen-person-modul-1-3","og_locale":"de_DE","og_type":"article","og_title":"Professionalisierung der eigenen Person Modul 1 - 3","og_description":"Stressmanagement und Selbstf\u00fcrsorge sind integrative Konzepte zum langfristigen Erhalt und Schutz der Mitarbeitergesundheit. Betriebliches Gesundheitsmanagement ist als fester Bestandteil der Unternehmensstrategie in vielen Organisationen angekommen, um Fach- und F\u00fchrungskr\u00e4ftemangel, demografischen Wandel und den steigenden Falldauern bei Krankheit entgegenzuwirken. Die besten Effekte werden dabei erzielt, wenn die Schnittstellen individueller Belastungsfaktoren im systemischen Stress-Geschehen erkannt werden, ohne [&hellip;]","og_url":"https:\/\/www.gero.lu\/de\/produit\/professionalisierung-der-eigenen-person-modul-1-3","og_site_name":"GERO","article_publisher":"https:\/\/www.facebook.com\/Kompetenzzenter\/","article_modified_time":"2023-04-03T12:22:17+00:00","og_image":[{"width":1227,"height":802,"url":"https:\/\/www.gero.lu\/wp-content\/uploads\/2021\/08\/gettyimages-1135289130-2048x2048_RET-1.jpg","type":"image\/jpeg"}],"twitter_card":"summary_large_image","twitter_misc":{"Gesch\u00e4tzte Lesezeit":"1\u00a0Minute"},"schema":{"@context":"https:\/\/schema.org","@graph":[{"@type":"WebPage","@id":"https:\/\/www.gero.lu\/de\/produit\/professionalisierung-der-eigenen-person-modul-1-3","url":"https:\/\/www.gero.lu\/de\/produit\/professionalisierung-der-eigenen-person-modul-1-3","name":"Professionalisierung der eigenen Person Modul 1 - 3 - GERO","isPartOf":{"@id":"https:\/\/www.gero.lu\/de\/#website"},"datePublished":"2022-10-03T15:21:35+00:00","dateModified":"2023-04-03T12:22:17+00:00","breadcrumb":{"@id":"https:\/\/www.gero.lu\/de\/produit\/professionalisierung-der-eigenen-person-modul-1-3#breadcrumb"},"inLanguage":"de","potentialAction":[{"@type":"ReadAction","target":[["https:\/\/www.gero.lu\/de\/produit\/professionalisierung-der-eigenen-person-modul-1-3"]]}]},{"@type":"BreadcrumbList","@id":"https:\/\/www.gero.lu\/de\/produit\/professionalisierung-der-eigenen-person-modul-1-3#breadcrumb","itemListElement":[{"@type":"ListItem","position":1,"name":"Accueil","item":"https:\/\/www.gero.lu\/de\/"},{"@type":"ListItem","position":2,"name":"Shop","item":"https:\/\/www.gero.lu\/de\/shop"},{"@type":"ListItem","position":3,"name":"Professionalisierung der eigenen Person Modul 1 &#8211; 3"}]},{"@type":"WebSite","@id":"https:\/\/www.gero.lu\/de\/#website","url":"https:\/\/www.gero.lu\/de\/","name":"Gero","description":"Kompetenzzenter fir den Alter","publisher":{"@id":"https:\/\/www.gero.lu\/de\/#organization"},"potentialAction":[{"@type":"SearchAction","target":{"@type":"EntryPoint","urlTemplate":"https:\/\/www.gero.lu\/de\/?s={search_term_string}"},"query-input":{"@type":"PropertyValueSpecification","valueRequired":true,"valueName":"search_term_string"}}],"inLanguage":"de"},{"@type":"Organization","@id":"https:\/\/www.gero.lu\/de\/#organization","name":"Gero","url":"https:\/\/www.gero.lu\/de\/","logo":{"@type":"ImageObject","inLanguage":"de","@id":"https:\/\/www.gero.lu\/de\/#\/schema\/logo\/image\/","url":"https:\/\/www.gero.lu\/wp-content\/uploads\/2024\/04\/logo.svg","contentUrl":"https:\/\/www.gero.lu\/wp-content\/uploads\/2024\/04\/logo.svg","width":76,"height":30,"caption":"Gero"},"image":{"@id":"https:\/\/www.gero.lu\/de\/#\/schema\/logo\/image\/"},"sameAs":["https:\/\/www.facebook.com\/Kompetenzzenter\/","https:\/\/www.instagram.com\/gero.kompetenzzenter\/","https:\/\/linkedin.com\/company\/gero-kompetenzzenter-fir-den-alter","https:\/\/www.youtube.com\/channel\/UCJvmJYSeHh3dYQsLHZupj-Q"]}]}},"_links":{"self":[{"href":"https:\/\/www.gero.lu\/de\/wp-json\/wp\/v2\/product\/4389","targetHints":{"allow":["GET"]}}],"collection":[{"href":"https:\/\/www.gero.lu\/de\/wp-json\/wp\/v2\/product"}],"about":[{"href":"https:\/\/www.gero.lu\/de\/wp-json\/wp\/v2\/types\/product"}],"replies":[{"embeddable":true,"href":"https:\/\/www.gero.lu\/de\/wp-json\/wp\/v2\/comments?post=4389"}],"wp:attachment":[{"href":"https:\/\/www.gero.lu\/de\/wp-json\/wp\/v2\/media?parent=4389"}],"wp:term":[{"taxonomy":"product_brand","embeddable":true,"href":"https:\/\/www.gero.lu\/de\/wp-json\/wp\/v2\/product_brand?post=4389"},{"taxonomy":"product_cat","embeddable":true,"href":"https:\/\/www.gero.lu\/de\/wp-json\/wp\/v2\/product_cat?post=4389"},{"taxonomy":"product_tag","embeddable":true,"href":"https:\/\/www.gero.lu\/de\/wp-json\/wp\/v2\/product_tag?post=4389"}],"curies":[{"name":"wp","href":"https:\/\/api.w.org\/{rel}","templated":true}]}}