{"id":4253,"date":"2022-09-01T09:07:26","date_gmt":"2022-09-01T09:07:26","guid":{"rendered":"https:\/\/www.gero.lu\/?post_type=product&#038;p=4253"},"modified":"2023-04-28T07:43:22","modified_gmt":"2023-04-28T07:43:22","slug":"dei-gefiller-sinn-net-ze-beschreiwen","status":"publish","type":"product","link":"https:\/\/www.gero.lu\/de\/produit\/dei-gefiller-sinn-net-ze-beschreiwen","title":{"rendered":"D\u00e9i Gefiller sinn net ze beschreiwen ! &#8211; zum Herunterladen"},"content":{"rendered":"","protected":false},"excerpt":{"rendered":"<p><strong>D\u00e9i Gefiller sinn net ze beschreiwen ! &#8211; Pfd-Format<\/strong><\/p>\n<p><em>Er\u00ebnnerungen un d\u2019Liberatioun 1944\/45\u00a0\u00a0\u00a0\u00a0\u00a0\u00a0\u00a0\u00a0\u00a0\u00a0\u00a0\u00a0\u00a0\u00a0\u00a0\u00a0\u00a0\u00a0\u00a0\u00a0\u00a0\u00a0\u00a0\u00a0\u00a0\u00a0\u00a0\u00a0\u00a0 <\/em><\/p>\n<p>D\u2019Evenementer ronder\u00ebm d\u2019Liberatioun ware besonnesch emotional. Mat Aussoe vun Z\u00e4itzeien, Fotoen aus Privatsammlungen a vill anerem Bildmaterial.<\/p>\n<p>Well d\u2018Print-Versioun vergraff ass, kann d\u00ebst Buch am GERO-Shop als pdf erofgeluede ginn. Dir k\u00ebnnt et dann um Ecran liesen an\/oder erausdr\u00e9cken, entweeder ganz oder s\u00e4iteweis. D\u2019Schr\u00ebftgr\u00e9isst kann um Ecran ugepasst ginn an och d\u2019Biller kann ee sch\u00e9i grouss kucken.<\/p>\n","protected":false},"featured_media":4254,"comment_status":"closed","ping_status":"closed","template":"","meta":{"_acf_changed":false,"inline_featured_image":false},"product_brand":[],"product_cat":[54,53],"product_tag":[],"class_list":{"0":"post-4253","1":"product","2":"type-product","3":"status-publish","4":"has-post-thumbnail","6":"product_cat-livres","7":"product_cat-produits","9":"first","10":"instock","11":"featured","12":"downloadable","13":"virtual","14":"purchasable","15":"product-type-simple"},"acf":[],"yoast_head":"<!-- This site is optimized with the Yoast SEO Premium plugin v27.4 (Yoast SEO v27.4) - https:\/\/yoast.com\/product\/yoast-seo-premium-wordpress\/ -->\n<title>D\u00e9i Gefiller sinn net ze beschreiwen ! - zum Herunterladen - GERO<\/title>\n<meta name=\"robots\" content=\"index, follow, max-snippet:-1, max-image-preview:large, max-video-preview:-1\" \/>\n<link rel=\"canonical\" href=\"https:\/\/www.gero.lu\/de\/produit\/dei-gefiller-sinn-net-ze-beschreiwen\" \/>\n<meta property=\"og:locale\" content=\"de_DE\" \/>\n<meta property=\"og:type\" content=\"article\" \/>\n<meta property=\"og:title\" content=\"D\u00e9i Gefiller sinn net ze beschreiwen ! - zum Herunterladen\" \/>\n<meta property=\"og:description\" content=\"D\u00e9i Gefiller sinn net ze beschreiwen ! - Pfd-Format  Er\u00ebnnerungen un d\u2019Liberatioun 1944\/45\u00a0\u00a0\u00a0\u00a0\u00a0\u00a0\u00a0\u00a0\u00a0\u00a0\u00a0\u00a0\u00a0\u00a0\u00a0\u00a0\u00a0\u00a0\u00a0\u00a0\u00a0\u00a0\u00a0\u00a0\u00a0\u00a0\u00a0\u00a0\u00a0   D\u2019Evenementer ronder\u00ebm d\u2019Liberatioun ware besonnesch emotional. Mat Aussoe vun Z\u00e4itzeien, Fotoen aus Privatsammlungen a vill anerem Bildmaterial.  Well d\u2018Print-Versioun vergraff ass, kann d\u00ebst Buch am GERO-Shop als pdf erofgeluede ginn. Dir k\u00ebnnt et dann um Ecran liesen an\/oder erausdr\u00e9cken, entweeder ganz oder s\u00e4iteweis. D\u2019Schr\u00ebftgr\u00e9isst kann um Ecran ugepasst ginn an och d\u2019Biller kann ee sch\u00e9i grouss kucken.\" \/>\n<meta property=\"og:url\" content=\"https:\/\/www.gero.lu\/de\/produit\/dei-gefiller-sinn-net-ze-beschreiwen\" \/>\n<meta property=\"og:site_name\" content=\"GERO\" \/>\n<meta property=\"article:publisher\" content=\"https:\/\/www.facebook.com\/Kompetenzzenter\/\" \/>\n<meta property=\"article:modified_time\" content=\"2023-04-28T07:43:22+00:00\" \/>\n<meta property=\"og:image\" content=\"https:\/\/www.gero.lu\/wp-content\/uploads\/2022\/09\/Gefiller-pdf_Page_001.jpg\" \/>\n\t<meta property=\"og:image:width\" content=\"678\" \/>\n\t<meta property=\"og:image:height\" content=\"865\" \/>\n\t<meta property=\"og:image:type\" content=\"image\/jpeg\" \/>\n<meta name=\"twitter:card\" content=\"summary_large_image\" \/>\n<script type=\"application\/ld+json\" class=\"yoast-schema-graph\">{\"@context\":\"https:\\\/\\\/schema.org\",\"@graph\":[{\"@type\":\"WebPage\",\"@id\":\"https:\\\/\\\/www.gero.lu\\\/de\\\/produit\\\/dei-gefiller-sinn-net-ze-beschreiwen\",\"url\":\"https:\\\/\\\/www.gero.lu\\\/de\\\/produit\\\/dei-gefiller-sinn-net-ze-beschreiwen\",\"name\":\"D\u00e9i Gefiller sinn net ze beschreiwen ! - zum Herunterladen - GERO\",\"isPartOf\":{\"@id\":\"https:\\\/\\\/www.gero.lu\\\/de\\\/#website\"},\"primaryImageOfPage\":{\"@id\":\"https:\\\/\\\/www.gero.lu\\\/de\\\/produit\\\/dei-gefiller-sinn-net-ze-beschreiwen#primaryimage\"},\"image\":{\"@id\":\"https:\\\/\\\/www.gero.lu\\\/produit\\\/dei-gefiller-sinn-net-ze-beschreiwen#primaryimage\"},\"thumbnailUrl\":\"https:\\\/\\\/www.gero.lu\\\/wp-content\\\/uploads\\\/2022\\\/09\\\/Gefiller-pdf_Page_001.jpg\",\"datePublished\":\"2022-09-01T09:07:26+00:00\",\"dateModified\":\"2023-04-28T07:43:22+00:00\",\"breadcrumb\":{\"@id\":\"https:\\\/\\\/www.gero.lu\\\/de\\\/produit\\\/dei-gefiller-sinn-net-ze-beschreiwen#breadcrumb\"},\"inLanguage\":\"de\",\"potentialAction\":[{\"@type\":\"ReadAction\",\"target\":[[\"https:\\\/\\\/www.gero.lu\\\/de\\\/produit\\\/dei-gefiller-sinn-net-ze-beschreiwen\"]]}]},{\"@type\":\"ImageObject\",\"inLanguage\":\"de\",\"@id\":\"https:\\\/\\\/www.gero.lu\\\/de\\\/produit\\\/dei-gefiller-sinn-net-ze-beschreiwen#primaryimage\",\"url\":\"https:\\\/\\\/www.gero.lu\\\/wp-content\\\/uploads\\\/2022\\\/09\\\/Gefiller-pdf_Page_001.jpg\",\"contentUrl\":\"https:\\\/\\\/www.gero.lu\\\/wp-content\\\/uploads\\\/2022\\\/09\\\/Gefiller-pdf_Page_001.jpg\",\"width\":678,\"height\":865},{\"@type\":\"BreadcrumbList\",\"@id\":\"https:\\\/\\\/www.gero.lu\\\/de\\\/produit\\\/dei-gefiller-sinn-net-ze-beschreiwen#breadcrumb\",\"itemListElement\":[{\"@type\":\"ListItem\",\"position\":1,\"name\":\"Accueil\",\"item\":\"https:\\\/\\\/www.gero.lu\\\/de\\\/\"},{\"@type\":\"ListItem\",\"position\":2,\"name\":\"Shop\",\"item\":\"https:\\\/\\\/www.gero.lu\\\/de\\\/shop\"},{\"@type\":\"ListItem\",\"position\":3,\"name\":\"D\u00e9i Gefiller sinn net ze beschreiwen ! &#8211; \u00e0 t\u00e9l\u00e9charger\"}]},{\"@type\":\"WebSite\",\"@id\":\"https:\\\/\\\/www.gero.lu\\\/de\\\/#website\",\"url\":\"https:\\\/\\\/www.gero.lu\\\/de\\\/\",\"name\":\"Gero\",\"description\":\"Kompetenzzenter fir den Alter\",\"publisher\":{\"@id\":\"https:\\\/\\\/www.gero.lu\\\/de\\\/#organization\"},\"potentialAction\":[{\"@type\":\"SearchAction\",\"target\":{\"@type\":\"EntryPoint\",\"urlTemplate\":\"https:\\\/\\\/www.gero.lu\\\/de\\\/?s={search_term_string}\"},\"query-input\":{\"@type\":\"PropertyValueSpecification\",\"valueRequired\":true,\"valueName\":\"search_term_string\"}}],\"inLanguage\":\"de\"},{\"@type\":\"Organization\",\"@id\":\"https:\\\/\\\/www.gero.lu\\\/de\\\/#organization\",\"name\":\"Gero\",\"url\":\"https:\\\/\\\/www.gero.lu\\\/de\\\/\",\"logo\":{\"@type\":\"ImageObject\",\"inLanguage\":\"de\",\"@id\":\"https:\\\/\\\/www.gero.lu\\\/de\\\/#\\\/schema\\\/logo\\\/image\\\/\",\"url\":\"https:\\\/\\\/www.gero.lu\\\/wp-content\\\/uploads\\\/2024\\\/04\\\/logo.svg\",\"contentUrl\":\"https:\\\/\\\/www.gero.lu\\\/wp-content\\\/uploads\\\/2024\\\/04\\\/logo.svg\",\"width\":76,\"height\":30,\"caption\":\"Gero\"},\"image\":{\"@id\":\"https:\\\/\\\/www.gero.lu\\\/de\\\/#\\\/schema\\\/logo\\\/image\\\/\"},\"sameAs\":[\"https:\\\/\\\/www.facebook.com\\\/Kompetenzzenter\\\/\",\"https:\\\/\\\/www.instagram.com\\\/gero.kompetenzzenter\\\/\",\"https:\\\/\\\/linkedin.com\\\/company\\\/gero-kompetenzzenter-fir-den-alter\",\"https:\\\/\\\/www.youtube.com\\\/channel\\\/UCJvmJYSeHh3dYQsLHZupj-Q\"]}]}<\/script>\n<!-- \/ Yoast SEO Premium plugin. -->","yoast_head_json":{"title":"D\u00e9i Gefiller sinn net ze beschreiwen ! - zum Herunterladen - GERO","robots":{"index":"index","follow":"follow","max-snippet":"max-snippet:-1","max-image-preview":"max-image-preview:large","max-video-preview":"max-video-preview:-1"},"canonical":"https:\/\/www.gero.lu\/de\/produit\/dei-gefiller-sinn-net-ze-beschreiwen","og_locale":"de_DE","og_type":"article","og_title":"D\u00e9i Gefiller sinn net ze beschreiwen ! - zum Herunterladen","og_description":"D\u00e9i Gefiller sinn net ze beschreiwen ! - Pfd-Format  Er\u00ebnnerungen un d\u2019Liberatioun 1944\/45\u00a0\u00a0\u00a0\u00a0\u00a0\u00a0\u00a0\u00a0\u00a0\u00a0\u00a0\u00a0\u00a0\u00a0\u00a0\u00a0\u00a0\u00a0\u00a0\u00a0\u00a0\u00a0\u00a0\u00a0\u00a0\u00a0\u00a0\u00a0\u00a0   D\u2019Evenementer ronder\u00ebm d\u2019Liberatioun ware besonnesch emotional. Mat Aussoe vun Z\u00e4itzeien, Fotoen aus Privatsammlungen a vill anerem Bildmaterial.  Well d\u2018Print-Versioun vergraff ass, kann d\u00ebst Buch am GERO-Shop als pdf erofgeluede ginn. Dir k\u00ebnnt et dann um Ecran liesen an\/oder erausdr\u00e9cken, entweeder ganz oder s\u00e4iteweis. D\u2019Schr\u00ebftgr\u00e9isst kann um Ecran ugepasst ginn an och d\u2019Biller kann ee sch\u00e9i grouss kucken.","og_url":"https:\/\/www.gero.lu\/de\/produit\/dei-gefiller-sinn-net-ze-beschreiwen","og_site_name":"GERO","article_publisher":"https:\/\/www.facebook.com\/Kompetenzzenter\/","article_modified_time":"2023-04-28T07:43:22+00:00","og_image":[{"width":678,"height":865,"url":"https:\/\/www.gero.lu\/wp-content\/uploads\/2022\/09\/Gefiller-pdf_Page_001.jpg","type":"image\/jpeg"}],"twitter_card":"summary_large_image","schema":{"@context":"https:\/\/schema.org","@graph":[{"@type":"WebPage","@id":"https:\/\/www.gero.lu\/de\/produit\/dei-gefiller-sinn-net-ze-beschreiwen","url":"https:\/\/www.gero.lu\/de\/produit\/dei-gefiller-sinn-net-ze-beschreiwen","name":"D\u00e9i Gefiller sinn net ze beschreiwen ! - zum Herunterladen - GERO","isPartOf":{"@id":"https:\/\/www.gero.lu\/de\/#website"},"primaryImageOfPage":{"@id":"https:\/\/www.gero.lu\/de\/produit\/dei-gefiller-sinn-net-ze-beschreiwen#primaryimage"},"image":{"@id":"https:\/\/www.gero.lu\/produit\/dei-gefiller-sinn-net-ze-beschreiwen#primaryimage"},"thumbnailUrl":"https:\/\/www.gero.lu\/wp-content\/uploads\/2022\/09\/Gefiller-pdf_Page_001.jpg","datePublished":"2022-09-01T09:07:26+00:00","dateModified":"2023-04-28T07:43:22+00:00","breadcrumb":{"@id":"https:\/\/www.gero.lu\/de\/produit\/dei-gefiller-sinn-net-ze-beschreiwen#breadcrumb"},"inLanguage":"de","potentialAction":[{"@type":"ReadAction","target":[["https:\/\/www.gero.lu\/de\/produit\/dei-gefiller-sinn-net-ze-beschreiwen"]]}]},{"@type":"ImageObject","inLanguage":"de","@id":"https:\/\/www.gero.lu\/de\/produit\/dei-gefiller-sinn-net-ze-beschreiwen#primaryimage","url":"https:\/\/www.gero.lu\/wp-content\/uploads\/2022\/09\/Gefiller-pdf_Page_001.jpg","contentUrl":"https:\/\/www.gero.lu\/wp-content\/uploads\/2022\/09\/Gefiller-pdf_Page_001.jpg","width":678,"height":865},{"@type":"BreadcrumbList","@id":"https:\/\/www.gero.lu\/de\/produit\/dei-gefiller-sinn-net-ze-beschreiwen#breadcrumb","itemListElement":[{"@type":"ListItem","position":1,"name":"Accueil","item":"https:\/\/www.gero.lu\/de\/"},{"@type":"ListItem","position":2,"name":"Shop","item":"https:\/\/www.gero.lu\/de\/shop"},{"@type":"ListItem","position":3,"name":"D\u00e9i Gefiller sinn net ze beschreiwen ! &#8211; \u00e0 t\u00e9l\u00e9charger"}]},{"@type":"WebSite","@id":"https:\/\/www.gero.lu\/de\/#website","url":"https:\/\/www.gero.lu\/de\/","name":"Gero","description":"Kompetenzzenter fir den Alter","publisher":{"@id":"https:\/\/www.gero.lu\/de\/#organization"},"potentialAction":[{"@type":"SearchAction","target":{"@type":"EntryPoint","urlTemplate":"https:\/\/www.gero.lu\/de\/?s={search_term_string}"},"query-input":{"@type":"PropertyValueSpecification","valueRequired":true,"valueName":"search_term_string"}}],"inLanguage":"de"},{"@type":"Organization","@id":"https:\/\/www.gero.lu\/de\/#organization","name":"Gero","url":"https:\/\/www.gero.lu\/de\/","logo":{"@type":"ImageObject","inLanguage":"de","@id":"https:\/\/www.gero.lu\/de\/#\/schema\/logo\/image\/","url":"https:\/\/www.gero.lu\/wp-content\/uploads\/2024\/04\/logo.svg","contentUrl":"https:\/\/www.gero.lu\/wp-content\/uploads\/2024\/04\/logo.svg","width":76,"height":30,"caption":"Gero"},"image":{"@id":"https:\/\/www.gero.lu\/de\/#\/schema\/logo\/image\/"},"sameAs":["https:\/\/www.facebook.com\/Kompetenzzenter\/","https:\/\/www.instagram.com\/gero.kompetenzzenter\/","https:\/\/linkedin.com\/company\/gero-kompetenzzenter-fir-den-alter","https:\/\/www.youtube.com\/channel\/UCJvmJYSeHh3dYQsLHZupj-Q"]}]}},"_links":{"self":[{"href":"https:\/\/www.gero.lu\/de\/wp-json\/wp\/v2\/product\/4253","targetHints":{"allow":["GET"]}}],"collection":[{"href":"https:\/\/www.gero.lu\/de\/wp-json\/wp\/v2\/product"}],"about":[{"href":"https:\/\/www.gero.lu\/de\/wp-json\/wp\/v2\/types\/product"}],"replies":[{"embeddable":true,"href":"https:\/\/www.gero.lu\/de\/wp-json\/wp\/v2\/comments?post=4253"}],"wp:featuredmedia":[{"embeddable":true,"href":"https:\/\/www.gero.lu\/de\/wp-json\/wp\/v2\/media\/4254"}],"wp:attachment":[{"href":"https:\/\/www.gero.lu\/de\/wp-json\/wp\/v2\/media?parent=4253"}],"wp:term":[{"taxonomy":"product_brand","embeddable":true,"href":"https:\/\/www.gero.lu\/de\/wp-json\/wp\/v2\/product_brand?post=4253"},{"taxonomy":"product_cat","embeddable":true,"href":"https:\/\/www.gero.lu\/de\/wp-json\/wp\/v2\/product_cat?post=4253"},{"taxonomy":"product_tag","embeddable":true,"href":"https:\/\/www.gero.lu\/de\/wp-json\/wp\/v2\/product_tag?post=4253"}],"curies":[{"name":"wp","href":"https:\/\/api.w.org\/{rel}","templated":true}]}}