{"id":4221,"date":"2022-09-29T08:00:07","date_gmt":"2022-09-29T08:00:07","guid":{"rendered":"https:\/\/www.gero.lu\/?post_type=product&#038;p=4221"},"modified":"2022-10-07T08:29:36","modified_gmt":"2022-10-07T08:29:36","slug":"geroresearch-journal-herunterladen","status":"publish","type":"product","link":"https:\/\/www.gero.lu\/de\/produit\/geroresearch-journal-herunterladen","title":{"rendered":"Diversit\u00e4t im und jenseits von Alter &#8211; zum Herunterladen"},"content":{"rendered":"","protected":false},"excerpt":{"rendered":"<p>Die neue Ausgabe des Journal geroRESEARCH (ehemals \u201eangewandte Forschung\u201c) widmet sich dem Ph\u00e4nomen des sozialen Zusammenlebens und \u00c4lterwerdens im Spannungsfeld von \u201eNormativit\u00e4t und Diversit\u00e4t\u201c.<\/p>\n<p>Angesiedelt an der Schnittstelle zwischen Alter, sexueller Orientierung, Geschlechtsidentit\u00e4t, Kultur, Weltanschauung und Zusammenh\u00e4ngen mit leiblicher und seelischer Gesundheit, liefert das Journal forschungsbasierte Erkenntnisse und konkrete \u201egood practice\u201c Ans\u00e4tze. Ferner werden Strategien und Modelle zur F\u00f6rderung eines diversit\u00e4tssensiblen Personen- und Altersverst\u00e4ndnisses und der dazu erforderlichen Rahmenbedingungen skizziert.<\/p>\n","protected":false},"featured_media":4161,"comment_status":"closed","ping_status":"closed","template":"","meta":{"_acf_changed":false,"inline_featured_image":false},"product_brand":[],"product_cat":[306,53],"product_tag":[],"class_list":{"0":"post-4221","1":"product","2":"type-product","3":"status-publish","4":"has-post-thumbnail","6":"product_cat-journal","7":"product_cat-produits","9":"first","10":"instock","11":"downloadable","12":"virtual","13":"purchasable","14":"product-type-simple"},"acf":[],"yoast_head":"<!-- This site is optimized with the Yoast SEO Premium plugin v27.4 (Yoast SEO v27.5) - https:\/\/yoast.com\/product\/yoast-seo-premium-wordpress\/ -->\n<title>Diversit\u00e4t im und jenseits von Alter - zum Herunterladen - GERO<\/title>\n<meta name=\"robots\" content=\"index, follow, max-snippet:-1, max-image-preview:large, max-video-preview:-1\" \/>\n<link rel=\"canonical\" href=\"https:\/\/www.gero.lu\/de\/produit\/geroresearch-journal-herunterladen\" \/>\n<meta property=\"og:locale\" content=\"de_DE\" \/>\n<meta property=\"og:type\" content=\"article\" \/>\n<meta property=\"og:title\" content=\"Diversit\u00e4t im und jenseits von Alter - zum Herunterladen\" \/>\n<meta property=\"og:description\" content=\"Die neue Ausgabe des Journal geroRESEARCH (ehemals \u201eangewandte Forschung\u201c) widmet sich dem Ph\u00e4nomen des sozialen Zusammenlebens und \u00c4lterwerdens im Spannungsfeld von \u201eNormativit\u00e4t und Diversit\u00e4t\u201c.  Angesiedelt an der Schnittstelle zwischen Alter, sexueller Orientierung, Geschlechtsidentit\u00e4t, Kultur, Weltanschauung und Zusammenh\u00e4ngen mit leiblicher und seelischer Gesundheit, liefert das Journal forschungsbasierte Erkenntnisse und konkrete \u201egood practice\u201c Ans\u00e4tze. Ferner werden Strategien und Modelle zur F\u00f6rderung eines diversit\u00e4tssensiblen Personen- und Altersverst\u00e4ndnisses und der dazu erforderlichen Rahmenbedingungen skizziert.\" \/>\n<meta property=\"og:url\" content=\"https:\/\/www.gero.lu\/de\/produit\/geroresearch-journal-herunterladen\" \/>\n<meta property=\"og:site_name\" content=\"GERO\" \/>\n<meta property=\"article:publisher\" content=\"https:\/\/www.facebook.com\/Kompetenzzenter\/\" \/>\n<meta property=\"article:modified_time\" content=\"2022-10-07T08:29:36+00:00\" \/>\n<meta property=\"og:image\" content=\"https:\/\/www.gero.lu\/wp-content\/uploads\/2022\/08\/Cover_3D-1.jpg\" \/>\n\t<meta property=\"og:image:width\" content=\"1731\" \/>\n\t<meta property=\"og:image:height\" content=\"1920\" \/>\n\t<meta property=\"og:image:type\" content=\"image\/jpeg\" \/>\n<meta name=\"twitter:card\" content=\"summary_large_image\" \/>\n<script type=\"application\/ld+json\" class=\"yoast-schema-graph\">{\"@context\":\"https:\\\/\\\/schema.org\",\"@graph\":[{\"@type\":\"WebPage\",\"@id\":\"https:\\\/\\\/www.gero.lu\\\/de\\\/produit\\\/geroresearch-journal-herunterladen\",\"url\":\"https:\\\/\\\/www.gero.lu\\\/de\\\/produit\\\/geroresearch-journal-herunterladen\",\"name\":\"Diversit\u00e4t im und jenseits von Alter - zum Herunterladen - GERO\",\"isPartOf\":{\"@id\":\"https:\\\/\\\/www.gero.lu\\\/de\\\/#website\"},\"primaryImageOfPage\":{\"@id\":\"https:\\\/\\\/www.gero.lu\\\/de\\\/produit\\\/geroresearch-journal-herunterladen#primaryimage\"},\"image\":{\"@id\":\"https:\\\/\\\/www.gero.lu\\\/produit\\\/geroresearch-journal-herunterladen#primaryimage\"},\"thumbnailUrl\":\"https:\\\/\\\/www.gero.lu\\\/wp-content\\\/uploads\\\/2022\\\/08\\\/Cover_3D.jpg\",\"datePublished\":\"2022-09-29T08:00:07+00:00\",\"dateModified\":\"2022-10-07T08:29:36+00:00\",\"breadcrumb\":{\"@id\":\"https:\\\/\\\/www.gero.lu\\\/de\\\/produit\\\/geroresearch-journal-herunterladen#breadcrumb\"},\"inLanguage\":\"de\",\"potentialAction\":[{\"@type\":\"ReadAction\",\"target\":[[\"https:\\\/\\\/www.gero.lu\\\/de\\\/produit\\\/geroresearch-journal-herunterladen\"]]}]},{\"@type\":\"ImageObject\",\"inLanguage\":\"de\",\"@id\":\"https:\\\/\\\/www.gero.lu\\\/de\\\/produit\\\/geroresearch-journal-herunterladen#primaryimage\",\"url\":\"https:\\\/\\\/www.gero.lu\\\/wp-content\\\/uploads\\\/2022\\\/08\\\/Cover_3D.jpg\",\"contentUrl\":\"https:\\\/\\\/www.gero.lu\\\/wp-content\\\/uploads\\\/2022\\\/08\\\/Cover_3D.jpg\",\"width\":1731,\"height\":1920},{\"@type\":\"BreadcrumbList\",\"@id\":\"https:\\\/\\\/www.gero.lu\\\/de\\\/produit\\\/geroresearch-journal-herunterladen#breadcrumb\",\"itemListElement\":[{\"@type\":\"ListItem\",\"position\":1,\"name\":\"Accueil\",\"item\":\"https:\\\/\\\/www.gero.lu\\\/de\\\/\"},{\"@type\":\"ListItem\",\"position\":2,\"name\":\"Shop\",\"item\":\"https:\\\/\\\/www.gero.lu\\\/de\\\/shop\"},{\"@type\":\"ListItem\",\"position\":3,\"name\":\"Pluralit\u00e9 autour et au-del\u00e0 de l\u2019\u00e2ge &#8211; \u00e0 t\u00e9l\u00e9charger\"}]},{\"@type\":\"WebSite\",\"@id\":\"https:\\\/\\\/www.gero.lu\\\/de\\\/#website\",\"url\":\"https:\\\/\\\/www.gero.lu\\\/de\\\/\",\"name\":\"Gero\",\"description\":\"Kompetenzzenter fir den Alter\",\"publisher\":{\"@id\":\"https:\\\/\\\/www.gero.lu\\\/de\\\/#organization\"},\"potentialAction\":[{\"@type\":\"SearchAction\",\"target\":{\"@type\":\"EntryPoint\",\"urlTemplate\":\"https:\\\/\\\/www.gero.lu\\\/de\\\/?s={search_term_string}\"},\"query-input\":{\"@type\":\"PropertyValueSpecification\",\"valueRequired\":true,\"valueName\":\"search_term_string\"}}],\"inLanguage\":\"de\"},{\"@type\":\"Organization\",\"@id\":\"https:\\\/\\\/www.gero.lu\\\/de\\\/#organization\",\"name\":\"Gero\",\"url\":\"https:\\\/\\\/www.gero.lu\\\/de\\\/\",\"logo\":{\"@type\":\"ImageObject\",\"inLanguage\":\"de\",\"@id\":\"https:\\\/\\\/www.gero.lu\\\/de\\\/#\\\/schema\\\/logo\\\/image\\\/\",\"url\":\"https:\\\/\\\/www.gero.lu\\\/wp-content\\\/uploads\\\/2024\\\/04\\\/logo.svg\",\"contentUrl\":\"https:\\\/\\\/www.gero.lu\\\/wp-content\\\/uploads\\\/2024\\\/04\\\/logo.svg\",\"width\":76,\"height\":30,\"caption\":\"Gero\"},\"image\":{\"@id\":\"https:\\\/\\\/www.gero.lu\\\/de\\\/#\\\/schema\\\/logo\\\/image\\\/\"},\"sameAs\":[\"https:\\\/\\\/www.facebook.com\\\/Kompetenzzenter\\\/\",\"https:\\\/\\\/www.instagram.com\\\/gero.kompetenzzenter\\\/\",\"https:\\\/\\\/linkedin.com\\\/company\\\/gero-kompetenzzenter-fir-den-alter\",\"https:\\\/\\\/www.youtube.com\\\/channel\\\/UCJvmJYSeHh3dYQsLHZupj-Q\"]}]}<\/script>\n<!-- \/ Yoast SEO Premium plugin. -->","yoast_head_json":{"title":"Diversit\u00e4t im und jenseits von Alter - zum Herunterladen - GERO","robots":{"index":"index","follow":"follow","max-snippet":"max-snippet:-1","max-image-preview":"max-image-preview:large","max-video-preview":"max-video-preview:-1"},"canonical":"https:\/\/www.gero.lu\/de\/produit\/geroresearch-journal-herunterladen","og_locale":"de_DE","og_type":"article","og_title":"Diversit\u00e4t im und jenseits von Alter - zum Herunterladen","og_description":"Die neue Ausgabe des Journal geroRESEARCH (ehemals \u201eangewandte Forschung\u201c) widmet sich dem Ph\u00e4nomen des sozialen Zusammenlebens und \u00c4lterwerdens im Spannungsfeld von \u201eNormativit\u00e4t und Diversit\u00e4t\u201c.  Angesiedelt an der Schnittstelle zwischen Alter, sexueller Orientierung, Geschlechtsidentit\u00e4t, Kultur, Weltanschauung und Zusammenh\u00e4ngen mit leiblicher und seelischer Gesundheit, liefert das Journal forschungsbasierte Erkenntnisse und konkrete \u201egood practice\u201c Ans\u00e4tze. Ferner werden Strategien und Modelle zur F\u00f6rderung eines diversit\u00e4tssensiblen Personen- und Altersverst\u00e4ndnisses und der dazu erforderlichen Rahmenbedingungen skizziert.","og_url":"https:\/\/www.gero.lu\/de\/produit\/geroresearch-journal-herunterladen","og_site_name":"GERO","article_publisher":"https:\/\/www.facebook.com\/Kompetenzzenter\/","article_modified_time":"2022-10-07T08:29:36+00:00","og_image":[{"width":1731,"height":1920,"url":"https:\/\/www.gero.lu\/wp-content\/uploads\/2022\/08\/Cover_3D-1.jpg","type":"image\/jpeg"}],"twitter_card":"summary_large_image","schema":{"@context":"https:\/\/schema.org","@graph":[{"@type":"WebPage","@id":"https:\/\/www.gero.lu\/de\/produit\/geroresearch-journal-herunterladen","url":"https:\/\/www.gero.lu\/de\/produit\/geroresearch-journal-herunterladen","name":"Diversit\u00e4t im und jenseits von Alter - zum Herunterladen - GERO","isPartOf":{"@id":"https:\/\/www.gero.lu\/de\/#website"},"primaryImageOfPage":{"@id":"https:\/\/www.gero.lu\/de\/produit\/geroresearch-journal-herunterladen#primaryimage"},"image":{"@id":"https:\/\/www.gero.lu\/produit\/geroresearch-journal-herunterladen#primaryimage"},"thumbnailUrl":"https:\/\/www.gero.lu\/wp-content\/uploads\/2022\/08\/Cover_3D.jpg","datePublished":"2022-09-29T08:00:07+00:00","dateModified":"2022-10-07T08:29:36+00:00","breadcrumb":{"@id":"https:\/\/www.gero.lu\/de\/produit\/geroresearch-journal-herunterladen#breadcrumb"},"inLanguage":"de","potentialAction":[{"@type":"ReadAction","target":[["https:\/\/www.gero.lu\/de\/produit\/geroresearch-journal-herunterladen"]]}]},{"@type":"ImageObject","inLanguage":"de","@id":"https:\/\/www.gero.lu\/de\/produit\/geroresearch-journal-herunterladen#primaryimage","url":"https:\/\/www.gero.lu\/wp-content\/uploads\/2022\/08\/Cover_3D.jpg","contentUrl":"https:\/\/www.gero.lu\/wp-content\/uploads\/2022\/08\/Cover_3D.jpg","width":1731,"height":1920},{"@type":"BreadcrumbList","@id":"https:\/\/www.gero.lu\/de\/produit\/geroresearch-journal-herunterladen#breadcrumb","itemListElement":[{"@type":"ListItem","position":1,"name":"Accueil","item":"https:\/\/www.gero.lu\/de\/"},{"@type":"ListItem","position":2,"name":"Shop","item":"https:\/\/www.gero.lu\/de\/shop"},{"@type":"ListItem","position":3,"name":"Pluralit\u00e9 autour et au-del\u00e0 de l\u2019\u00e2ge &#8211; \u00e0 t\u00e9l\u00e9charger"}]},{"@type":"WebSite","@id":"https:\/\/www.gero.lu\/de\/#website","url":"https:\/\/www.gero.lu\/de\/","name":"Gero","description":"Kompetenzzenter fir den Alter","publisher":{"@id":"https:\/\/www.gero.lu\/de\/#organization"},"potentialAction":[{"@type":"SearchAction","target":{"@type":"EntryPoint","urlTemplate":"https:\/\/www.gero.lu\/de\/?s={search_term_string}"},"query-input":{"@type":"PropertyValueSpecification","valueRequired":true,"valueName":"search_term_string"}}],"inLanguage":"de"},{"@type":"Organization","@id":"https:\/\/www.gero.lu\/de\/#organization","name":"Gero","url":"https:\/\/www.gero.lu\/de\/","logo":{"@type":"ImageObject","inLanguage":"de","@id":"https:\/\/www.gero.lu\/de\/#\/schema\/logo\/image\/","url":"https:\/\/www.gero.lu\/wp-content\/uploads\/2024\/04\/logo.svg","contentUrl":"https:\/\/www.gero.lu\/wp-content\/uploads\/2024\/04\/logo.svg","width":76,"height":30,"caption":"Gero"},"image":{"@id":"https:\/\/www.gero.lu\/de\/#\/schema\/logo\/image\/"},"sameAs":["https:\/\/www.facebook.com\/Kompetenzzenter\/","https:\/\/www.instagram.com\/gero.kompetenzzenter\/","https:\/\/linkedin.com\/company\/gero-kompetenzzenter-fir-den-alter","https:\/\/www.youtube.com\/channel\/UCJvmJYSeHh3dYQsLHZupj-Q"]}]}},"_links":{"self":[{"href":"https:\/\/www.gero.lu\/de\/wp-json\/wp\/v2\/product\/4221","targetHints":{"allow":["GET"]}}],"collection":[{"href":"https:\/\/www.gero.lu\/de\/wp-json\/wp\/v2\/product"}],"about":[{"href":"https:\/\/www.gero.lu\/de\/wp-json\/wp\/v2\/types\/product"}],"replies":[{"embeddable":true,"href":"https:\/\/www.gero.lu\/de\/wp-json\/wp\/v2\/comments?post=4221"}],"wp:featuredmedia":[{"embeddable":true,"href":"https:\/\/www.gero.lu\/de\/wp-json\/wp\/v2\/media\/4161"}],"wp:attachment":[{"href":"https:\/\/www.gero.lu\/de\/wp-json\/wp\/v2\/media?parent=4221"}],"wp:term":[{"taxonomy":"product_brand","embeddable":true,"href":"https:\/\/www.gero.lu\/de\/wp-json\/wp\/v2\/product_brand?post=4221"},{"taxonomy":"product_cat","embeddable":true,"href":"https:\/\/www.gero.lu\/de\/wp-json\/wp\/v2\/product_cat?post=4221"},{"taxonomy":"product_tag","embeddable":true,"href":"https:\/\/www.gero.lu\/de\/wp-json\/wp\/v2\/product_tag?post=4221"}],"curies":[{"name":"wp","href":"https:\/\/api.w.org\/{rel}","templated":true}]}}