{"id":4206,"date":"2022-08-18T09:21:53","date_gmt":"2022-08-18T09:21:53","guid":{"rendered":"https:\/\/www.gero.lu\/fr\/produit\/heilkrauter-immunsystem-starken"},"modified":"2022-10-19T09:21:37","modified_gmt":"2022-10-19T09:21:37","slug":"heilkrauter-immunsystem-starken","status":"publish","type":"product","link":"https:\/\/www.gero.lu\/de\/produit\/heilkrauter-immunsystem-starken","title":{"rendered":"Heilkr\u00e4uter: Immunsystem st\u00e4rken"},"content":{"rendered":"<p>Vivian Craig, ausgebildete medizinische Kr\u00e4uterheilkundlerin, erm\u00f6glicht interessante Einblicke in die Wirkung von Heilpflanzen.  In ihrem praxisnahen Vortrag wird sie u.a. Erkl\u00e4rungen zu den verschiedenen Ebenen und Funktionen des Immunsystems geben. Im Mittelpunkt steht, wie man es z. B. durch Ern\u00e4hrung, Bewegung, Stressreduzierung und Schlaf im Hinblick auf saisonale Krankheiten st\u00e4rken kann und welche Heilkr\u00e4uter am besten zum Einsatz kommen k\u00f6nnen.<\/p>\n","protected":false},"excerpt":{"rendered":"<p>Vivian Craig, ausgebildete medizinische Kr\u00e4uterheilkundlerin, erm\u00f6glicht interessante Einblicke in die Wirkung von Heilpflanzen. In ihrem praxisnahen Vortrag wird sie u.a. Erkl\u00e4rungen zu den verschiedenen Ebenen und Funktionen des Immunsystems geben. Im Mittelpunkt steht, wie man es z. B. durch Ern\u00e4hrung, Bewegung, Stressreduzierung und Schlaf im Hinblick auf saisonale Krankheiten st\u00e4rken kann und welche Heilkr\u00e4uter am [&hellip;]<\/p>\n","protected":false},"featured_media":0,"comment_status":"closed","ping_status":"closed","template":"","meta":{"_acf_changed":false,"inline_featured_image":false},"product_brand":[],"product_cat":[228],"product_tag":[200],"class_list":{"0":"post-4206","1":"product","2":"type-product","3":"status-publish","5":"product_cat-conference","6":"product_tag-sante-senior","8":"first","9":"outofstock","10":"virtual","11":"purchasable","12":"product-type-simple"},"acf":[],"yoast_head":"<!-- This site is optimized with the Yoast SEO Premium plugin v27.4 (Yoast SEO v27.5) - https:\/\/yoast.com\/product\/yoast-seo-premium-wordpress\/ -->\n<title>Heilkr\u00e4uter: Immunsystem st\u00e4rken - GERO<\/title>\n<meta name=\"robots\" content=\"index, follow, max-snippet:-1, max-image-preview:large, max-video-preview:-1\" \/>\n<link rel=\"canonical\" href=\"https:\/\/www.gero.lu\/de\/produit\/heilkrauter-immunsystem-starken\" \/>\n<meta property=\"og:locale\" content=\"de_DE\" \/>\n<meta property=\"og:type\" content=\"article\" \/>\n<meta property=\"og:title\" content=\"Heilkr\u00e4uter: Immunsystem st\u00e4rken\" \/>\n<meta property=\"og:description\" content=\"Vivian Craig, ausgebildete medizinische Kr\u00e4uterheilkundlerin, erm\u00f6glicht interessante Einblicke in die Wirkung von Heilpflanzen. In ihrem praxisnahen Vortrag wird sie u.a. Erkl\u00e4rungen zu den verschiedenen Ebenen und Funktionen des Immunsystems geben. Im Mittelpunkt steht, wie man es z. B. durch Ern\u00e4hrung, Bewegung, Stressreduzierung und Schlaf im Hinblick auf saisonale Krankheiten st\u00e4rken kann und welche Heilkr\u00e4uter am [&hellip;]\" \/>\n<meta property=\"og:url\" content=\"https:\/\/www.gero.lu\/de\/produit\/heilkrauter-immunsystem-starken\" \/>\n<meta property=\"og:site_name\" content=\"GERO\" \/>\n<meta property=\"article:publisher\" content=\"https:\/\/www.facebook.com\/Kompetenzzenter\/\" \/>\n<meta property=\"article:modified_time\" content=\"2022-10-19T09:21:37+00:00\" \/>\n<meta property=\"og:image\" content=\"https:\/\/www.gero.lu\/wp-content\/uploads\/2021\/08\/gettyimages-1135289130-2048x2048_RET-1.jpg\" \/>\n\t<meta property=\"og:image:width\" content=\"1227\" \/>\n\t<meta property=\"og:image:height\" content=\"802\" \/>\n\t<meta property=\"og:image:type\" content=\"image\/jpeg\" \/>\n<meta name=\"twitter:card\" content=\"summary_large_image\" \/>\n<script type=\"application\/ld+json\" class=\"yoast-schema-graph\">{\"@context\":\"https:\\\/\\\/schema.org\",\"@graph\":[{\"@type\":\"WebPage\",\"@id\":\"https:\\\/\\\/www.gero.lu\\\/de\\\/produit\\\/heilkrauter-immunsystem-starken\",\"url\":\"https:\\\/\\\/www.gero.lu\\\/de\\\/produit\\\/heilkrauter-immunsystem-starken\",\"name\":\"Heilkr\u00e4uter: Immunsystem st\u00e4rken - GERO\",\"isPartOf\":{\"@id\":\"https:\\\/\\\/www.gero.lu\\\/de\\\/#website\"},\"datePublished\":\"2022-08-18T09:21:53+00:00\",\"dateModified\":\"2022-10-19T09:21:37+00:00\",\"breadcrumb\":{\"@id\":\"https:\\\/\\\/www.gero.lu\\\/de\\\/produit\\\/heilkrauter-immunsystem-starken#breadcrumb\"},\"inLanguage\":\"de\",\"potentialAction\":[{\"@type\":\"ReadAction\",\"target\":[[\"https:\\\/\\\/www.gero.lu\\\/de\\\/produit\\\/heilkrauter-immunsystem-starken\"]]}]},{\"@type\":\"BreadcrumbList\",\"@id\":\"https:\\\/\\\/www.gero.lu\\\/de\\\/produit\\\/heilkrauter-immunsystem-starken#breadcrumb\",\"itemListElement\":[{\"@type\":\"ListItem\",\"position\":1,\"name\":\"Accueil\",\"item\":\"https:\\\/\\\/www.gero.lu\\\/de\\\/\"},{\"@type\":\"ListItem\",\"position\":2,\"name\":\"Shop\",\"item\":\"https:\\\/\\\/www.gero.lu\\\/de\\\/shop\"},{\"@type\":\"ListItem\",\"position\":3,\"name\":\"Heilkr\u00e4uter: Immunsystem st\u00e4rken\"}]},{\"@type\":\"WebSite\",\"@id\":\"https:\\\/\\\/www.gero.lu\\\/de\\\/#website\",\"url\":\"https:\\\/\\\/www.gero.lu\\\/de\\\/\",\"name\":\"Gero\",\"description\":\"Kompetenzzenter fir den Alter\",\"publisher\":{\"@id\":\"https:\\\/\\\/www.gero.lu\\\/de\\\/#organization\"},\"potentialAction\":[{\"@type\":\"SearchAction\",\"target\":{\"@type\":\"EntryPoint\",\"urlTemplate\":\"https:\\\/\\\/www.gero.lu\\\/de\\\/?s={search_term_string}\"},\"query-input\":{\"@type\":\"PropertyValueSpecification\",\"valueRequired\":true,\"valueName\":\"search_term_string\"}}],\"inLanguage\":\"de\"},{\"@type\":\"Organization\",\"@id\":\"https:\\\/\\\/www.gero.lu\\\/de\\\/#organization\",\"name\":\"Gero\",\"url\":\"https:\\\/\\\/www.gero.lu\\\/de\\\/\",\"logo\":{\"@type\":\"ImageObject\",\"inLanguage\":\"de\",\"@id\":\"https:\\\/\\\/www.gero.lu\\\/de\\\/#\\\/schema\\\/logo\\\/image\\\/\",\"url\":\"https:\\\/\\\/www.gero.lu\\\/wp-content\\\/uploads\\\/2024\\\/04\\\/logo.svg\",\"contentUrl\":\"https:\\\/\\\/www.gero.lu\\\/wp-content\\\/uploads\\\/2024\\\/04\\\/logo.svg\",\"width\":76,\"height\":30,\"caption\":\"Gero\"},\"image\":{\"@id\":\"https:\\\/\\\/www.gero.lu\\\/de\\\/#\\\/schema\\\/logo\\\/image\\\/\"},\"sameAs\":[\"https:\\\/\\\/www.facebook.com\\\/Kompetenzzenter\\\/\",\"https:\\\/\\\/www.instagram.com\\\/gero.kompetenzzenter\\\/\",\"https:\\\/\\\/linkedin.com\\\/company\\\/gero-kompetenzzenter-fir-den-alter\",\"https:\\\/\\\/www.youtube.com\\\/channel\\\/UCJvmJYSeHh3dYQsLHZupj-Q\"]}]}<\/script>\n<!-- \/ Yoast SEO Premium plugin. -->","yoast_head_json":{"title":"Heilkr\u00e4uter: Immunsystem st\u00e4rken - GERO","robots":{"index":"index","follow":"follow","max-snippet":"max-snippet:-1","max-image-preview":"max-image-preview:large","max-video-preview":"max-video-preview:-1"},"canonical":"https:\/\/www.gero.lu\/de\/produit\/heilkrauter-immunsystem-starken","og_locale":"de_DE","og_type":"article","og_title":"Heilkr\u00e4uter: Immunsystem st\u00e4rken","og_description":"Vivian Craig, ausgebildete medizinische Kr\u00e4uterheilkundlerin, erm\u00f6glicht interessante Einblicke in die Wirkung von Heilpflanzen. In ihrem praxisnahen Vortrag wird sie u.a. Erkl\u00e4rungen zu den verschiedenen Ebenen und Funktionen des Immunsystems geben. Im Mittelpunkt steht, wie man es z. B. durch Ern\u00e4hrung, Bewegung, Stressreduzierung und Schlaf im Hinblick auf saisonale Krankheiten st\u00e4rken kann und welche Heilkr\u00e4uter am [&hellip;]","og_url":"https:\/\/www.gero.lu\/de\/produit\/heilkrauter-immunsystem-starken","og_site_name":"GERO","article_publisher":"https:\/\/www.facebook.com\/Kompetenzzenter\/","article_modified_time":"2022-10-19T09:21:37+00:00","og_image":[{"width":1227,"height":802,"url":"https:\/\/www.gero.lu\/wp-content\/uploads\/2021\/08\/gettyimages-1135289130-2048x2048_RET-1.jpg","type":"image\/jpeg"}],"twitter_card":"summary_large_image","schema":{"@context":"https:\/\/schema.org","@graph":[{"@type":"WebPage","@id":"https:\/\/www.gero.lu\/de\/produit\/heilkrauter-immunsystem-starken","url":"https:\/\/www.gero.lu\/de\/produit\/heilkrauter-immunsystem-starken","name":"Heilkr\u00e4uter: Immunsystem st\u00e4rken - GERO","isPartOf":{"@id":"https:\/\/www.gero.lu\/de\/#website"},"datePublished":"2022-08-18T09:21:53+00:00","dateModified":"2022-10-19T09:21:37+00:00","breadcrumb":{"@id":"https:\/\/www.gero.lu\/de\/produit\/heilkrauter-immunsystem-starken#breadcrumb"},"inLanguage":"de","potentialAction":[{"@type":"ReadAction","target":[["https:\/\/www.gero.lu\/de\/produit\/heilkrauter-immunsystem-starken"]]}]},{"@type":"BreadcrumbList","@id":"https:\/\/www.gero.lu\/de\/produit\/heilkrauter-immunsystem-starken#breadcrumb","itemListElement":[{"@type":"ListItem","position":1,"name":"Accueil","item":"https:\/\/www.gero.lu\/de\/"},{"@type":"ListItem","position":2,"name":"Shop","item":"https:\/\/www.gero.lu\/de\/shop"},{"@type":"ListItem","position":3,"name":"Heilkr\u00e4uter: Immunsystem st\u00e4rken"}]},{"@type":"WebSite","@id":"https:\/\/www.gero.lu\/de\/#website","url":"https:\/\/www.gero.lu\/de\/","name":"Gero","description":"Kompetenzzenter fir den Alter","publisher":{"@id":"https:\/\/www.gero.lu\/de\/#organization"},"potentialAction":[{"@type":"SearchAction","target":{"@type":"EntryPoint","urlTemplate":"https:\/\/www.gero.lu\/de\/?s={search_term_string}"},"query-input":{"@type":"PropertyValueSpecification","valueRequired":true,"valueName":"search_term_string"}}],"inLanguage":"de"},{"@type":"Organization","@id":"https:\/\/www.gero.lu\/de\/#organization","name":"Gero","url":"https:\/\/www.gero.lu\/de\/","logo":{"@type":"ImageObject","inLanguage":"de","@id":"https:\/\/www.gero.lu\/de\/#\/schema\/logo\/image\/","url":"https:\/\/www.gero.lu\/wp-content\/uploads\/2024\/04\/logo.svg","contentUrl":"https:\/\/www.gero.lu\/wp-content\/uploads\/2024\/04\/logo.svg","width":76,"height":30,"caption":"Gero"},"image":{"@id":"https:\/\/www.gero.lu\/de\/#\/schema\/logo\/image\/"},"sameAs":["https:\/\/www.facebook.com\/Kompetenzzenter\/","https:\/\/www.instagram.com\/gero.kompetenzzenter\/","https:\/\/linkedin.com\/company\/gero-kompetenzzenter-fir-den-alter","https:\/\/www.youtube.com\/channel\/UCJvmJYSeHh3dYQsLHZupj-Q"]}]}},"_links":{"self":[{"href":"https:\/\/www.gero.lu\/de\/wp-json\/wp\/v2\/product\/4206","targetHints":{"allow":["GET"]}}],"collection":[{"href":"https:\/\/www.gero.lu\/de\/wp-json\/wp\/v2\/product"}],"about":[{"href":"https:\/\/www.gero.lu\/de\/wp-json\/wp\/v2\/types\/product"}],"replies":[{"embeddable":true,"href":"https:\/\/www.gero.lu\/de\/wp-json\/wp\/v2\/comments?post=4206"}],"wp:attachment":[{"href":"https:\/\/www.gero.lu\/de\/wp-json\/wp\/v2\/media?parent=4206"}],"wp:term":[{"taxonomy":"product_brand","embeddable":true,"href":"https:\/\/www.gero.lu\/de\/wp-json\/wp\/v2\/product_brand?post=4206"},{"taxonomy":"product_cat","embeddable":true,"href":"https:\/\/www.gero.lu\/de\/wp-json\/wp\/v2\/product_cat?post=4206"},{"taxonomy":"product_tag","embeddable":true,"href":"https:\/\/www.gero.lu\/de\/wp-json\/wp\/v2\/product_tag?post=4206"}],"curies":[{"name":"wp","href":"https:\/\/api.w.org\/{rel}","templated":true}]}}