{"id":4151,"date":"2022-07-29T16:21:27","date_gmt":"2022-07-29T16:21:27","guid":{"rendered":"https:\/\/www.gero.lu\/fr\/produit\/pour-que-vieillir-soit-gai"},"modified":"2022-10-03T09:21:27","modified_gmt":"2022-10-03T09:21:27","slug":"pour-que-vieillir-soit-gai","status":"publish","type":"product","link":"https:\/\/www.gero.lu\/de\/produit\/pour-que-vieillir-soit-gai","title":{"rendered":"&#8222;Pour que vieillir soit gai&#8220;"},"content":{"rendered":"<p>Cette conf\u00e9rence, dont le titre incite \u00e0 la l\u00e9g\u00e8ret\u00e9 et \u00e0 l\u2019enthousiasme, recouvre une r\u00e9alit\u00e9 souvent peu connue et encore taboue. Elle s\u2019adresse \u00e0 toutes et tous, et pr\u00e9sente une introduction sur les d\u00e9finitions de la diversit\u00e9 sexuelle ainsi qu\u2019un survol des exp\u00e9riences des personnes \u00e2g\u00e9es LGBTQ+, notamment \u00e0 travers leurs parcours de vie. Elle se termine par un t\u00e9moignage d\u2019une personne \u00e2g\u00e9e LGBTQ+ et une session de question-r\u00e9ponse.<\/p>\n<p>La conf\u00e9rence est anim\u00e9e par Julien Rougerie de la Fondation \u00e9mergence (Canada), une organisation qui d\u00e9fend entre autres les droits des personnes a\u00een\u00e9es LGBTQ+ et s\u2019engage \u00e0 rendre les milieux a\u00een\u00e9s plus inclusifs.<\/p>\n","protected":false},"excerpt":{"rendered":"<p>Cette conf\u00e9rence, dont le titre incite \u00e0 la l\u00e9g\u00e8ret\u00e9 et \u00e0 l\u2019enthousiasme, recouvre une r\u00e9alit\u00e9 souvent peu connue et encore taboue. Elle s\u2019adresse \u00e0 toutes et tous, et pr\u00e9sente une introduction sur les d\u00e9finitions de la diversit\u00e9 sexuelle ainsi qu\u2019un survol des exp\u00e9riences des personnes \u00e2g\u00e9es LGBTQ+, notamment \u00e0 travers leurs parcours de vie. Elle [&hellip;]<\/p>\n","protected":false},"featured_media":0,"comment_status":"closed","ping_status":"closed","template":"","meta":{"_acf_changed":false,"inline_featured_image":false},"product_brand":[],"product_cat":[228],"product_tag":[203],"class_list":{"0":"post-4151","1":"product","2":"type-product","3":"status-publish","5":"product_cat-conference","6":"product_tag-connaissance-de-vie-senior","8":"first","9":"instock","10":"virtual","11":"purchasable","12":"product-type-simple"},"acf":[],"yoast_head":"<!-- This site is optimized with the Yoast SEO Premium plugin v26.5 (Yoast SEO v26.5) - https:\/\/yoast.com\/wordpress\/plugins\/seo\/ -->\n<title>&quot;Pour que vieillir soit gai&quot; - GERO<\/title>\n<meta name=\"robots\" content=\"index, follow, max-snippet:-1, max-image-preview:large, max-video-preview:-1\" \/>\n<link rel=\"canonical\" href=\"https:\/\/www.gero.lu\/de\/produit\/pour-que-vieillir-soit-gai\" \/>\n<meta property=\"og:locale\" content=\"de_DE\" \/>\n<meta property=\"og:type\" content=\"article\" \/>\n<meta property=\"og:title\" content=\"&quot;Pour que vieillir soit gai&quot;\" \/>\n<meta property=\"og:description\" content=\"Cette conf\u00e9rence, dont le titre incite \u00e0 la l\u00e9g\u00e8ret\u00e9 et \u00e0 l\u2019enthousiasme, recouvre une r\u00e9alit\u00e9 souvent peu connue et encore taboue. Elle s\u2019adresse \u00e0 toutes et tous, et pr\u00e9sente une introduction sur les d\u00e9finitions de la diversit\u00e9 sexuelle ainsi qu\u2019un survol des exp\u00e9riences des personnes \u00e2g\u00e9es LGBTQ+, notamment \u00e0 travers leurs parcours de vie. Elle [&hellip;]\" \/>\n<meta property=\"og:url\" content=\"https:\/\/www.gero.lu\/de\/produit\/pour-que-vieillir-soit-gai\" \/>\n<meta property=\"og:site_name\" content=\"GERO\" \/>\n<meta property=\"article:publisher\" content=\"https:\/\/www.facebook.com\/Kompetenzzenter\/\" \/>\n<meta property=\"article:modified_time\" content=\"2022-10-03T09:21:27+00:00\" \/>\n<meta property=\"og:image\" content=\"https:\/\/www.gero.lu\/wp-content\/uploads\/2021\/08\/gettyimages-1135289130-2048x2048_RET-1.jpg\" \/>\n\t<meta property=\"og:image:width\" content=\"1227\" \/>\n\t<meta property=\"og:image:height\" content=\"802\" \/>\n\t<meta property=\"og:image:type\" content=\"image\/jpeg\" \/>\n<meta name=\"twitter:card\" content=\"summary_large_image\" \/>\n<meta name=\"twitter:label1\" content=\"Gesch\u00e4tzte Lesezeit\" \/>\n\t<meta name=\"twitter:data1\" content=\"1\u00a0Minute\" \/>\n<script type=\"application\/ld+json\" class=\"yoast-schema-graph\">{\"@context\":\"https:\/\/schema.org\",\"@graph\":[{\"@type\":\"WebPage\",\"@id\":\"https:\/\/www.gero.lu\/de\/produit\/pour-que-vieillir-soit-gai\",\"url\":\"https:\/\/www.gero.lu\/de\/produit\/pour-que-vieillir-soit-gai\",\"name\":\"\\\"Pour que vieillir soit gai\\\" - GERO\",\"isPartOf\":{\"@id\":\"https:\/\/www.gero.lu\/de\/#website\"},\"datePublished\":\"2022-07-29T16:21:27+00:00\",\"dateModified\":\"2022-10-03T09:21:27+00:00\",\"breadcrumb\":{\"@id\":\"https:\/\/www.gero.lu\/de\/produit\/pour-que-vieillir-soit-gai#breadcrumb\"},\"inLanguage\":\"de\",\"potentialAction\":[{\"@type\":\"ReadAction\",\"target\":[[\"https:\/\/www.gero.lu\/de\/produit\/pour-que-vieillir-soit-gai\"]]}]},{\"@type\":\"BreadcrumbList\",\"@id\":\"https:\/\/www.gero.lu\/de\/produit\/pour-que-vieillir-soit-gai#breadcrumb\",\"itemListElement\":[{\"@type\":\"ListItem\",\"position\":1,\"name\":\"Accueil\",\"item\":\"https:\/\/www.gero.lu\/de\/\"},{\"@type\":\"ListItem\",\"position\":2,\"name\":\"Shop\",\"item\":\"https:\/\/www.gero.lu\/de\/shop\"},{\"@type\":\"ListItem\",\"position\":3,\"name\":\"\u00ab\u00a0Pour que vieillir soit gai\u00a0\u00bb\"}]},{\"@type\":\"WebSite\",\"@id\":\"https:\/\/www.gero.lu\/de\/#website\",\"url\":\"https:\/\/www.gero.lu\/de\/\",\"name\":\"Gero\",\"description\":\"Kompetenzzenter fir den Alter\",\"publisher\":{\"@id\":\"https:\/\/www.gero.lu\/de\/#organization\"},\"potentialAction\":[{\"@type\":\"SearchAction\",\"target\":{\"@type\":\"EntryPoint\",\"urlTemplate\":\"https:\/\/www.gero.lu\/de\/?s={search_term_string}\"},\"query-input\":{\"@type\":\"PropertyValueSpecification\",\"valueRequired\":true,\"valueName\":\"search_term_string\"}}],\"inLanguage\":\"de\"},{\"@type\":\"Organization\",\"@id\":\"https:\/\/www.gero.lu\/de\/#organization\",\"name\":\"Gero\",\"url\":\"https:\/\/www.gero.lu\/de\/\",\"logo\":{\"@type\":\"ImageObject\",\"inLanguage\":\"de\",\"@id\":\"https:\/\/www.gero.lu\/de\/#\/schema\/logo\/image\/\",\"url\":\"https:\/\/www.gero.lu\/wp-content\/uploads\/2024\/04\/logo.svg\",\"contentUrl\":\"https:\/\/www.gero.lu\/wp-content\/uploads\/2024\/04\/logo.svg\",\"width\":76,\"height\":30,\"caption\":\"Gero\"},\"image\":{\"@id\":\"https:\/\/www.gero.lu\/de\/#\/schema\/logo\/image\/\"},\"sameAs\":[\"https:\/\/www.facebook.com\/Kompetenzzenter\/\",\"https:\/\/www.instagram.com\/gero.kompetenzzenter\/\",\"https:\/\/linkedin.com\/company\/gero-kompetenzzenter-fir-den-alter\",\"https:\/\/www.youtube.com\/channel\/UCJvmJYSeHh3dYQsLHZupj-Q\"]}]}<\/script>\n<!-- \/ Yoast SEO Premium plugin. -->","yoast_head_json":{"title":"\"Pour que vieillir soit gai\" - GERO","robots":{"index":"index","follow":"follow","max-snippet":"max-snippet:-1","max-image-preview":"max-image-preview:large","max-video-preview":"max-video-preview:-1"},"canonical":"https:\/\/www.gero.lu\/de\/produit\/pour-que-vieillir-soit-gai","og_locale":"de_DE","og_type":"article","og_title":"\"Pour que vieillir soit gai\"","og_description":"Cette conf\u00e9rence, dont le titre incite \u00e0 la l\u00e9g\u00e8ret\u00e9 et \u00e0 l\u2019enthousiasme, recouvre une r\u00e9alit\u00e9 souvent peu connue et encore taboue. Elle s\u2019adresse \u00e0 toutes et tous, et pr\u00e9sente une introduction sur les d\u00e9finitions de la diversit\u00e9 sexuelle ainsi qu\u2019un survol des exp\u00e9riences des personnes \u00e2g\u00e9es LGBTQ+, notamment \u00e0 travers leurs parcours de vie. Elle [&hellip;]","og_url":"https:\/\/www.gero.lu\/de\/produit\/pour-que-vieillir-soit-gai","og_site_name":"GERO","article_publisher":"https:\/\/www.facebook.com\/Kompetenzzenter\/","article_modified_time":"2022-10-03T09:21:27+00:00","og_image":[{"width":1227,"height":802,"url":"https:\/\/www.gero.lu\/wp-content\/uploads\/2021\/08\/gettyimages-1135289130-2048x2048_RET-1.jpg","type":"image\/jpeg"}],"twitter_card":"summary_large_image","twitter_misc":{"Gesch\u00e4tzte Lesezeit":"1\u00a0Minute"},"schema":{"@context":"https:\/\/schema.org","@graph":[{"@type":"WebPage","@id":"https:\/\/www.gero.lu\/de\/produit\/pour-que-vieillir-soit-gai","url":"https:\/\/www.gero.lu\/de\/produit\/pour-que-vieillir-soit-gai","name":"\"Pour que vieillir soit gai\" - GERO","isPartOf":{"@id":"https:\/\/www.gero.lu\/de\/#website"},"datePublished":"2022-07-29T16:21:27+00:00","dateModified":"2022-10-03T09:21:27+00:00","breadcrumb":{"@id":"https:\/\/www.gero.lu\/de\/produit\/pour-que-vieillir-soit-gai#breadcrumb"},"inLanguage":"de","potentialAction":[{"@type":"ReadAction","target":[["https:\/\/www.gero.lu\/de\/produit\/pour-que-vieillir-soit-gai"]]}]},{"@type":"BreadcrumbList","@id":"https:\/\/www.gero.lu\/de\/produit\/pour-que-vieillir-soit-gai#breadcrumb","itemListElement":[{"@type":"ListItem","position":1,"name":"Accueil","item":"https:\/\/www.gero.lu\/de\/"},{"@type":"ListItem","position":2,"name":"Shop","item":"https:\/\/www.gero.lu\/de\/shop"},{"@type":"ListItem","position":3,"name":"\u00ab\u00a0Pour que vieillir soit gai\u00a0\u00bb"}]},{"@type":"WebSite","@id":"https:\/\/www.gero.lu\/de\/#website","url":"https:\/\/www.gero.lu\/de\/","name":"Gero","description":"Kompetenzzenter fir den Alter","publisher":{"@id":"https:\/\/www.gero.lu\/de\/#organization"},"potentialAction":[{"@type":"SearchAction","target":{"@type":"EntryPoint","urlTemplate":"https:\/\/www.gero.lu\/de\/?s={search_term_string}"},"query-input":{"@type":"PropertyValueSpecification","valueRequired":true,"valueName":"search_term_string"}}],"inLanguage":"de"},{"@type":"Organization","@id":"https:\/\/www.gero.lu\/de\/#organization","name":"Gero","url":"https:\/\/www.gero.lu\/de\/","logo":{"@type":"ImageObject","inLanguage":"de","@id":"https:\/\/www.gero.lu\/de\/#\/schema\/logo\/image\/","url":"https:\/\/www.gero.lu\/wp-content\/uploads\/2024\/04\/logo.svg","contentUrl":"https:\/\/www.gero.lu\/wp-content\/uploads\/2024\/04\/logo.svg","width":76,"height":30,"caption":"Gero"},"image":{"@id":"https:\/\/www.gero.lu\/de\/#\/schema\/logo\/image\/"},"sameAs":["https:\/\/www.facebook.com\/Kompetenzzenter\/","https:\/\/www.instagram.com\/gero.kompetenzzenter\/","https:\/\/linkedin.com\/company\/gero-kompetenzzenter-fir-den-alter","https:\/\/www.youtube.com\/channel\/UCJvmJYSeHh3dYQsLHZupj-Q"]}]}},"_links":{"self":[{"href":"https:\/\/www.gero.lu\/de\/wp-json\/wp\/v2\/product\/4151","targetHints":{"allow":["GET"]}}],"collection":[{"href":"https:\/\/www.gero.lu\/de\/wp-json\/wp\/v2\/product"}],"about":[{"href":"https:\/\/www.gero.lu\/de\/wp-json\/wp\/v2\/types\/product"}],"replies":[{"embeddable":true,"href":"https:\/\/www.gero.lu\/de\/wp-json\/wp\/v2\/comments?post=4151"}],"wp:attachment":[{"href":"https:\/\/www.gero.lu\/de\/wp-json\/wp\/v2\/media?parent=4151"}],"wp:term":[{"taxonomy":"product_brand","embeddable":true,"href":"https:\/\/www.gero.lu\/de\/wp-json\/wp\/v2\/product_brand?post=4151"},{"taxonomy":"product_cat","embeddable":true,"href":"https:\/\/www.gero.lu\/de\/wp-json\/wp\/v2\/product_cat?post=4151"},{"taxonomy":"product_tag","embeddable":true,"href":"https:\/\/www.gero.lu\/de\/wp-json\/wp\/v2\/product_tag?post=4151"}],"curies":[{"name":"wp","href":"https:\/\/api.w.org\/{rel}","templated":true}]}}