{"id":4079,"date":"2022-07-12T14:21:54","date_gmt":"2022-07-12T14:21:54","guid":{"rendered":"https:\/\/www.gero.lu\/fr\/produit\/mediator-in-gesundheitsfragen-patientenrechte-kennen-konflikte-losen"},"modified":"2022-11-09T10:21:25","modified_gmt":"2022-11-09T10:21:25","slug":"mediator-in-gesundheitsfragen-patientenrechte-kennen-konflikte-losen","status":"publish","type":"product","link":"https:\/\/www.gero.lu\/de\/produit\/mediator-in-gesundheitsfragen-patientenrechte-kennen-konflikte-losen","title":{"rendered":"Mediator in Gesundheitsfragen: Patientenrechte kennen &#8211; Konflikte l\u00f6sen"},"content":{"rendered":"<p>Nur gut informiert kann man seine Rechte angemessen wahrnehmen und sich konstruktiv als Patient in die Behandlung einbringen.<br \/>\nLuxemburg verf\u00fcgt seit 2014 \u00fcber ein Gesetz \u00fcber die Rechte und Pflichten der Patienten. In diesem Rahmen wurde auch auch der Mediator in Gesundheitsfragen als Anlaufstelle f\u00fcr Patienten sowie Behandelnde (\u00c4rzte und alle anderen Gesundheitsberufe) geschaffen.<br \/>\nDer Vortrag erkl\u00e4rt die wichtigsten Patientenrechte und \u2013pflichten und informiert \u00fcber die Mediation im Gesundheitswesen sowie andere M\u00f6glichkeiten der Regelung eines Konflikts. Durch das Thema f\u00fchren die beiden Mediatoren und Juristen der Nationalen Informations- und Mediationsstelle im Gesundheitswesen Ma\u00eft\u00e9 Poos und Mike Schwebag.<\/p>\n","protected":false},"excerpt":{"rendered":"<p>Nur gut informiert kann man seine Rechte angemessen wahrnehmen und sich konstruktiv als Patient in die Behandlung einbringen. Luxemburg verf\u00fcgt seit 2014 \u00fcber ein Gesetz \u00fcber die Rechte und Pflichten der Patienten. In diesem Rahmen wurde auch auch der Mediator in Gesundheitsfragen als Anlaufstelle f\u00fcr Patienten sowie Behandelnde (\u00c4rzte und alle anderen Gesundheitsberufe) geschaffen. Der [&hellip;]<\/p>\n","protected":false},"featured_media":0,"comment_status":"closed","ping_status":"closed","template":"","meta":{"_acf_changed":false,"inline_featured_image":false},"product_brand":[],"product_cat":[228],"product_tag":[203],"class_list":{"0":"post-4079","1":"product","2":"type-product","3":"status-publish","5":"product_cat-conference","6":"product_tag-connaissance-de-vie-senior","8":"first","9":"instock","10":"virtual","11":"purchasable","12":"product-type-simple"},"acf":[],"yoast_head":"<!-- This site is optimized with the Yoast SEO Premium plugin v27.4 (Yoast SEO v27.4) - https:\/\/yoast.com\/product\/yoast-seo-premium-wordpress\/ -->\n<title>Mediator in Gesundheitsfragen: Patientenrechte kennen - Konflikte l\u00f6sen - GERO<\/title>\n<meta name=\"robots\" content=\"index, follow, max-snippet:-1, max-image-preview:large, max-video-preview:-1\" \/>\n<link rel=\"canonical\" href=\"https:\/\/www.gero.lu\/de\/produit\/mediator-in-gesundheitsfragen-patientenrechte-kennen-konflikte-losen\" \/>\n<meta property=\"og:locale\" content=\"de_DE\" \/>\n<meta property=\"og:type\" content=\"article\" \/>\n<meta property=\"og:title\" content=\"Mediator in Gesundheitsfragen: Patientenrechte kennen - Konflikte l\u00f6sen\" \/>\n<meta property=\"og:description\" content=\"Nur gut informiert kann man seine Rechte angemessen wahrnehmen und sich konstruktiv als Patient in die Behandlung einbringen. Luxemburg verf\u00fcgt seit 2014 \u00fcber ein Gesetz \u00fcber die Rechte und Pflichten der Patienten. In diesem Rahmen wurde auch auch der Mediator in Gesundheitsfragen als Anlaufstelle f\u00fcr Patienten sowie Behandelnde (\u00c4rzte und alle anderen Gesundheitsberufe) geschaffen. Der [&hellip;]\" \/>\n<meta property=\"og:url\" content=\"https:\/\/www.gero.lu\/de\/produit\/mediator-in-gesundheitsfragen-patientenrechte-kennen-konflikte-losen\" \/>\n<meta property=\"og:site_name\" content=\"GERO\" \/>\n<meta property=\"article:publisher\" content=\"https:\/\/www.facebook.com\/Kompetenzzenter\/\" \/>\n<meta property=\"article:modified_time\" content=\"2022-11-09T10:21:25+00:00\" \/>\n<meta property=\"og:image\" content=\"https:\/\/www.gero.lu\/wp-content\/uploads\/2021\/08\/gettyimages-1135289130-2048x2048_RET-1.jpg\" \/>\n\t<meta property=\"og:image:width\" content=\"1227\" \/>\n\t<meta property=\"og:image:height\" content=\"802\" \/>\n\t<meta property=\"og:image:type\" content=\"image\/jpeg\" \/>\n<meta name=\"twitter:card\" content=\"summary_large_image\" \/>\n<meta name=\"twitter:label1\" content=\"Gesch\u00e4tzte Lesezeit\" \/>\n\t<meta name=\"twitter:data1\" content=\"1\u00a0Minute\" \/>\n<script type=\"application\/ld+json\" class=\"yoast-schema-graph\">{\"@context\":\"https:\\\/\\\/schema.org\",\"@graph\":[{\"@type\":\"WebPage\",\"@id\":\"https:\\\/\\\/www.gero.lu\\\/de\\\/produit\\\/mediator-in-gesundheitsfragen-patientenrechte-kennen-konflikte-losen\",\"url\":\"https:\\\/\\\/www.gero.lu\\\/de\\\/produit\\\/mediator-in-gesundheitsfragen-patientenrechte-kennen-konflikte-losen\",\"name\":\"Mediator in Gesundheitsfragen: Patientenrechte kennen - Konflikte l\u00f6sen - GERO\",\"isPartOf\":{\"@id\":\"https:\\\/\\\/www.gero.lu\\\/de\\\/#website\"},\"datePublished\":\"2022-07-12T14:21:54+00:00\",\"dateModified\":\"2022-11-09T10:21:25+00:00\",\"breadcrumb\":{\"@id\":\"https:\\\/\\\/www.gero.lu\\\/de\\\/produit\\\/mediator-in-gesundheitsfragen-patientenrechte-kennen-konflikte-losen#breadcrumb\"},\"inLanguage\":\"de\",\"potentialAction\":[{\"@type\":\"ReadAction\",\"target\":[[\"https:\\\/\\\/www.gero.lu\\\/de\\\/produit\\\/mediator-in-gesundheitsfragen-patientenrechte-kennen-konflikte-losen\"]]}]},{\"@type\":\"BreadcrumbList\",\"@id\":\"https:\\\/\\\/www.gero.lu\\\/de\\\/produit\\\/mediator-in-gesundheitsfragen-patientenrechte-kennen-konflikte-losen#breadcrumb\",\"itemListElement\":[{\"@type\":\"ListItem\",\"position\":1,\"name\":\"Accueil\",\"item\":\"https:\\\/\\\/www.gero.lu\\\/de\\\/\"},{\"@type\":\"ListItem\",\"position\":2,\"name\":\"Shop\",\"item\":\"https:\\\/\\\/www.gero.lu\\\/de\\\/shop\"},{\"@type\":\"ListItem\",\"position\":3,\"name\":\"Mediator in Gesundheitsfragen: Patientenrechte kennen &#8211; Konflikte l\u00f6sen\"}]},{\"@type\":\"WebSite\",\"@id\":\"https:\\\/\\\/www.gero.lu\\\/de\\\/#website\",\"url\":\"https:\\\/\\\/www.gero.lu\\\/de\\\/\",\"name\":\"Gero\",\"description\":\"Kompetenzzenter fir den Alter\",\"publisher\":{\"@id\":\"https:\\\/\\\/www.gero.lu\\\/de\\\/#organization\"},\"potentialAction\":[{\"@type\":\"SearchAction\",\"target\":{\"@type\":\"EntryPoint\",\"urlTemplate\":\"https:\\\/\\\/www.gero.lu\\\/de\\\/?s={search_term_string}\"},\"query-input\":{\"@type\":\"PropertyValueSpecification\",\"valueRequired\":true,\"valueName\":\"search_term_string\"}}],\"inLanguage\":\"de\"},{\"@type\":\"Organization\",\"@id\":\"https:\\\/\\\/www.gero.lu\\\/de\\\/#organization\",\"name\":\"Gero\",\"url\":\"https:\\\/\\\/www.gero.lu\\\/de\\\/\",\"logo\":{\"@type\":\"ImageObject\",\"inLanguage\":\"de\",\"@id\":\"https:\\\/\\\/www.gero.lu\\\/de\\\/#\\\/schema\\\/logo\\\/image\\\/\",\"url\":\"https:\\\/\\\/www.gero.lu\\\/wp-content\\\/uploads\\\/2024\\\/04\\\/logo.svg\",\"contentUrl\":\"https:\\\/\\\/www.gero.lu\\\/wp-content\\\/uploads\\\/2024\\\/04\\\/logo.svg\",\"width\":76,\"height\":30,\"caption\":\"Gero\"},\"image\":{\"@id\":\"https:\\\/\\\/www.gero.lu\\\/de\\\/#\\\/schema\\\/logo\\\/image\\\/\"},\"sameAs\":[\"https:\\\/\\\/www.facebook.com\\\/Kompetenzzenter\\\/\",\"https:\\\/\\\/www.instagram.com\\\/gero.kompetenzzenter\\\/\",\"https:\\\/\\\/linkedin.com\\\/company\\\/gero-kompetenzzenter-fir-den-alter\",\"https:\\\/\\\/www.youtube.com\\\/channel\\\/UCJvmJYSeHh3dYQsLHZupj-Q\"]}]}<\/script>\n<!-- \/ Yoast SEO Premium plugin. -->","yoast_head_json":{"title":"Mediator in Gesundheitsfragen: Patientenrechte kennen - Konflikte l\u00f6sen - GERO","robots":{"index":"index","follow":"follow","max-snippet":"max-snippet:-1","max-image-preview":"max-image-preview:large","max-video-preview":"max-video-preview:-1"},"canonical":"https:\/\/www.gero.lu\/de\/produit\/mediator-in-gesundheitsfragen-patientenrechte-kennen-konflikte-losen","og_locale":"de_DE","og_type":"article","og_title":"Mediator in Gesundheitsfragen: Patientenrechte kennen - Konflikte l\u00f6sen","og_description":"Nur gut informiert kann man seine Rechte angemessen wahrnehmen und sich konstruktiv als Patient in die Behandlung einbringen. Luxemburg verf\u00fcgt seit 2014 \u00fcber ein Gesetz \u00fcber die Rechte und Pflichten der Patienten. In diesem Rahmen wurde auch auch der Mediator in Gesundheitsfragen als Anlaufstelle f\u00fcr Patienten sowie Behandelnde (\u00c4rzte und alle anderen Gesundheitsberufe) geschaffen. Der [&hellip;]","og_url":"https:\/\/www.gero.lu\/de\/produit\/mediator-in-gesundheitsfragen-patientenrechte-kennen-konflikte-losen","og_site_name":"GERO","article_publisher":"https:\/\/www.facebook.com\/Kompetenzzenter\/","article_modified_time":"2022-11-09T10:21:25+00:00","og_image":[{"width":1227,"height":802,"url":"https:\/\/www.gero.lu\/wp-content\/uploads\/2021\/08\/gettyimages-1135289130-2048x2048_RET-1.jpg","type":"image\/jpeg"}],"twitter_card":"summary_large_image","twitter_misc":{"Gesch\u00e4tzte Lesezeit":"1\u00a0Minute"},"schema":{"@context":"https:\/\/schema.org","@graph":[{"@type":"WebPage","@id":"https:\/\/www.gero.lu\/de\/produit\/mediator-in-gesundheitsfragen-patientenrechte-kennen-konflikte-losen","url":"https:\/\/www.gero.lu\/de\/produit\/mediator-in-gesundheitsfragen-patientenrechte-kennen-konflikte-losen","name":"Mediator in Gesundheitsfragen: Patientenrechte kennen - Konflikte l\u00f6sen - GERO","isPartOf":{"@id":"https:\/\/www.gero.lu\/de\/#website"},"datePublished":"2022-07-12T14:21:54+00:00","dateModified":"2022-11-09T10:21:25+00:00","breadcrumb":{"@id":"https:\/\/www.gero.lu\/de\/produit\/mediator-in-gesundheitsfragen-patientenrechte-kennen-konflikte-losen#breadcrumb"},"inLanguage":"de","potentialAction":[{"@type":"ReadAction","target":[["https:\/\/www.gero.lu\/de\/produit\/mediator-in-gesundheitsfragen-patientenrechte-kennen-konflikte-losen"]]}]},{"@type":"BreadcrumbList","@id":"https:\/\/www.gero.lu\/de\/produit\/mediator-in-gesundheitsfragen-patientenrechte-kennen-konflikte-losen#breadcrumb","itemListElement":[{"@type":"ListItem","position":1,"name":"Accueil","item":"https:\/\/www.gero.lu\/de\/"},{"@type":"ListItem","position":2,"name":"Shop","item":"https:\/\/www.gero.lu\/de\/shop"},{"@type":"ListItem","position":3,"name":"Mediator in Gesundheitsfragen: Patientenrechte kennen &#8211; Konflikte l\u00f6sen"}]},{"@type":"WebSite","@id":"https:\/\/www.gero.lu\/de\/#website","url":"https:\/\/www.gero.lu\/de\/","name":"Gero","description":"Kompetenzzenter fir den Alter","publisher":{"@id":"https:\/\/www.gero.lu\/de\/#organization"},"potentialAction":[{"@type":"SearchAction","target":{"@type":"EntryPoint","urlTemplate":"https:\/\/www.gero.lu\/de\/?s={search_term_string}"},"query-input":{"@type":"PropertyValueSpecification","valueRequired":true,"valueName":"search_term_string"}}],"inLanguage":"de"},{"@type":"Organization","@id":"https:\/\/www.gero.lu\/de\/#organization","name":"Gero","url":"https:\/\/www.gero.lu\/de\/","logo":{"@type":"ImageObject","inLanguage":"de","@id":"https:\/\/www.gero.lu\/de\/#\/schema\/logo\/image\/","url":"https:\/\/www.gero.lu\/wp-content\/uploads\/2024\/04\/logo.svg","contentUrl":"https:\/\/www.gero.lu\/wp-content\/uploads\/2024\/04\/logo.svg","width":76,"height":30,"caption":"Gero"},"image":{"@id":"https:\/\/www.gero.lu\/de\/#\/schema\/logo\/image\/"},"sameAs":["https:\/\/www.facebook.com\/Kompetenzzenter\/","https:\/\/www.instagram.com\/gero.kompetenzzenter\/","https:\/\/linkedin.com\/company\/gero-kompetenzzenter-fir-den-alter","https:\/\/www.youtube.com\/channel\/UCJvmJYSeHh3dYQsLHZupj-Q"]}]}},"_links":{"self":[{"href":"https:\/\/www.gero.lu\/de\/wp-json\/wp\/v2\/product\/4079","targetHints":{"allow":["GET"]}}],"collection":[{"href":"https:\/\/www.gero.lu\/de\/wp-json\/wp\/v2\/product"}],"about":[{"href":"https:\/\/www.gero.lu\/de\/wp-json\/wp\/v2\/types\/product"}],"replies":[{"embeddable":true,"href":"https:\/\/www.gero.lu\/de\/wp-json\/wp\/v2\/comments?post=4079"}],"wp:attachment":[{"href":"https:\/\/www.gero.lu\/de\/wp-json\/wp\/v2\/media?parent=4079"}],"wp:term":[{"taxonomy":"product_brand","embeddable":true,"href":"https:\/\/www.gero.lu\/de\/wp-json\/wp\/v2\/product_brand?post=4079"},{"taxonomy":"product_cat","embeddable":true,"href":"https:\/\/www.gero.lu\/de\/wp-json\/wp\/v2\/product_cat?post=4079"},{"taxonomy":"product_tag","embeddable":true,"href":"https:\/\/www.gero.lu\/de\/wp-json\/wp\/v2\/product_tag?post=4079"}],"curies":[{"name":"wp","href":"https:\/\/api.w.org\/{rel}","templated":true}]}}