{"id":3938,"date":"2022-05-31T09:21:25","date_gmt":"2022-05-31T09:21:25","guid":{"rendered":"https:\/\/www.gero.lu\/fr\/produit\/diskussiouns-grupp-iwwert-den-minimum-bedarf-vu-senioren-statec-gero-2"},"modified":"2022-06-07T14:25:27","modified_gmt":"2022-06-07T14:25:27","slug":"diskussiouns-grupp-iwwert-den-minimum-bedarf-vu-senioren-statec-gero-2","status":"publish","type":"product","link":"https:\/\/www.gero.lu\/de\/produit\/diskussiouns-grupp-iwwert-den-minimum-bedarf-vu-senioren-statec-gero-2","title":{"rendered":"Diskussiouns Grupp iwwert den Minimum Bedarf vu Senioren (STATEC-GERO)"},"content":{"rendered":"<p>De STATEC  a GERO-Kompetenzzenter fir den Alter sinn op der Sich no Participanten fir eng \u00c9tude zum Thema Grondbedierfnesser am Alter. D\u2019Zil vum Projet ass et e sougenannten \u201cMinimumbudget\u201d fir pension\u00e9iert Senioren iwwer 65 Joer ze entw\u00e9ckelen, deen et hinnen erlaabt, dezent ze liewen a net vun der Gesellschaft ausgeschloss ze sinn.<br \/>\nAm Kader vun d\u00ebsem Projet gi Gruppendiskussiounen organis\u00e9iert. Mir schw\u00e4tze engers\u00e4its iwwert d\u2019Fro wat dezent Alteren generell heescht an anerers\u00e4its diskut\u00e9iere mir verschidden Aspekter d\u00e9i sollen an de Minimumbudget opgeholl ginn. <\/p>\n<p>Le STATEC et GERO- Kompetezzenter fir den Alter sont \u00e0 la recherche de participants pour une \u00e9tude sur les besoins minimums des personnes \u00e2g\u00e9es. Le but du projet est d\u2019\u00e9tablir un \u00ab budget minimum \u00bb pour des personnes retrait\u00e9es \u00e2g\u00e9es de 65 et plus qui leur permet de vivre de mani\u00e8re d\u00e9cente et de ne pas \u00eatre exclu de la soci\u00e9t\u00e9.<br \/>\nDans le cadre du projet, nous organisons des groupes de discussion. Nous y aborderons d\u2019un c\u00f4t\u00e9 des questions que signifie vieillir d\u00e9cemment pour vous et de l\u2019autre c\u00f4t\u00e9 nous discuterons diff\u00e9rents aspects concrets qui doivent ou non \u00eatre inclus dans le budget minimum des seniors.<\/p>\n","protected":false},"excerpt":{"rendered":"<p>De STATEC a GERO-Kompetenzzenter fir den Alter sinn op der Sich no Participanten fir eng \u00c9tude zum Thema Grondbedierfnesser am Alter. D\u2019Zil vum Projet ass et e sougenannten \u201cMinimumbudget\u201d fir pension\u00e9iert Senioren iwwer 65 Joer ze entw\u00e9ckelen, deen et hinnen erlaabt, dezent ze liewen a net vun der Gesellschaft ausgeschloss ze sinn. Am Kader vun [&hellip;]<\/p>\n","protected":false},"featured_media":0,"comment_status":"closed","ping_status":"closed","template":"","meta":{"_acf_changed":false,"inline_featured_image":false},"product_brand":[],"product_cat":[232],"product_tag":[259],"class_list":{"0":"post-3938","1":"product","2":"type-product","3":"status-publish","5":"product_cat-divers","6":"product_tag-divers-senior","8":"first","9":"instock","10":"virtual","11":"purchasable","12":"product-type-simple"},"acf":[],"yoast_head":"<!-- This site is optimized with the Yoast SEO Premium plugin v27.4 (Yoast SEO v27.4) - https:\/\/yoast.com\/product\/yoast-seo-premium-wordpress\/ -->\n<title>Diskussiouns Grupp iwwert den Minimum Bedarf vu Senioren (STATEC-GERO) - GERO<\/title>\n<meta name=\"robots\" content=\"index, follow, max-snippet:-1, max-image-preview:large, max-video-preview:-1\" \/>\n<link rel=\"canonical\" href=\"https:\/\/www.gero.lu\/de\/produit\/diskussiouns-grupp-iwwert-den-minimum-bedarf-vu-senioren-statec-gero-2\" \/>\n<meta property=\"og:locale\" content=\"de_DE\" \/>\n<meta property=\"og:type\" content=\"article\" \/>\n<meta property=\"og:title\" content=\"Diskussiouns Grupp iwwert den Minimum Bedarf vu Senioren (STATEC-GERO)\" \/>\n<meta property=\"og:description\" content=\"De STATEC a GERO-Kompetenzzenter fir den Alter sinn op der Sich no Participanten fir eng \u00c9tude zum Thema Grondbedierfnesser am Alter. D\u2019Zil vum Projet ass et e sougenannten \u201cMinimumbudget\u201d fir pension\u00e9iert Senioren iwwer 65 Joer ze entw\u00e9ckelen, deen et hinnen erlaabt, dezent ze liewen a net vun der Gesellschaft ausgeschloss ze sinn. Am Kader vun [&hellip;]\" \/>\n<meta property=\"og:url\" content=\"https:\/\/www.gero.lu\/de\/produit\/diskussiouns-grupp-iwwert-den-minimum-bedarf-vu-senioren-statec-gero-2\" \/>\n<meta property=\"og:site_name\" content=\"GERO\" \/>\n<meta property=\"article:publisher\" content=\"https:\/\/www.facebook.com\/Kompetenzzenter\/\" \/>\n<meta property=\"article:modified_time\" content=\"2022-06-07T14:25:27+00:00\" \/>\n<meta property=\"og:image\" content=\"https:\/\/www.gero.lu\/wp-content\/uploads\/2021\/08\/gettyimages-1135289130-2048x2048_RET-1.jpg\" \/>\n\t<meta property=\"og:image:width\" content=\"1227\" \/>\n\t<meta property=\"og:image:height\" content=\"802\" \/>\n\t<meta property=\"og:image:type\" content=\"image\/jpeg\" \/>\n<meta name=\"twitter:card\" content=\"summary_large_image\" \/>\n<meta name=\"twitter:label1\" content=\"Gesch\u00e4tzte Lesezeit\" \/>\n\t<meta name=\"twitter:data1\" content=\"1\u00a0Minute\" \/>\n<script type=\"application\/ld+json\" class=\"yoast-schema-graph\">{\"@context\":\"https:\\\/\\\/schema.org\",\"@graph\":[{\"@type\":\"WebPage\",\"@id\":\"https:\\\/\\\/www.gero.lu\\\/de\\\/produit\\\/diskussiouns-grupp-iwwert-den-minimum-bedarf-vu-senioren-statec-gero-2\",\"url\":\"https:\\\/\\\/www.gero.lu\\\/de\\\/produit\\\/diskussiouns-grupp-iwwert-den-minimum-bedarf-vu-senioren-statec-gero-2\",\"name\":\"Diskussiouns Grupp iwwert den Minimum Bedarf vu Senioren (STATEC-GERO) - GERO\",\"isPartOf\":{\"@id\":\"https:\\\/\\\/www.gero.lu\\\/de\\\/#website\"},\"datePublished\":\"2022-05-31T09:21:25+00:00\",\"dateModified\":\"2022-06-07T14:25:27+00:00\",\"breadcrumb\":{\"@id\":\"https:\\\/\\\/www.gero.lu\\\/de\\\/produit\\\/diskussiouns-grupp-iwwert-den-minimum-bedarf-vu-senioren-statec-gero-2#breadcrumb\"},\"inLanguage\":\"de\",\"potentialAction\":[{\"@type\":\"ReadAction\",\"target\":[[\"https:\\\/\\\/www.gero.lu\\\/de\\\/produit\\\/diskussiouns-grupp-iwwert-den-minimum-bedarf-vu-senioren-statec-gero-2\"]]}]},{\"@type\":\"BreadcrumbList\",\"@id\":\"https:\\\/\\\/www.gero.lu\\\/de\\\/produit\\\/diskussiouns-grupp-iwwert-den-minimum-bedarf-vu-senioren-statec-gero-2#breadcrumb\",\"itemListElement\":[{\"@type\":\"ListItem\",\"position\":1,\"name\":\"Accueil\",\"item\":\"https:\\\/\\\/www.gero.lu\\\/de\\\/\"},{\"@type\":\"ListItem\",\"position\":2,\"name\":\"Shop\",\"item\":\"https:\\\/\\\/www.gero.lu\\\/de\\\/shop\"},{\"@type\":\"ListItem\",\"position\":3,\"name\":\"Diskussiouns Grupp iwwert den Minimum Bedarf vu Senioren (STATEC-GERO)\"}]},{\"@type\":\"WebSite\",\"@id\":\"https:\\\/\\\/www.gero.lu\\\/de\\\/#website\",\"url\":\"https:\\\/\\\/www.gero.lu\\\/de\\\/\",\"name\":\"Gero\",\"description\":\"Kompetenzzenter fir den Alter\",\"publisher\":{\"@id\":\"https:\\\/\\\/www.gero.lu\\\/de\\\/#organization\"},\"potentialAction\":[{\"@type\":\"SearchAction\",\"target\":{\"@type\":\"EntryPoint\",\"urlTemplate\":\"https:\\\/\\\/www.gero.lu\\\/de\\\/?s={search_term_string}\"},\"query-input\":{\"@type\":\"PropertyValueSpecification\",\"valueRequired\":true,\"valueName\":\"search_term_string\"}}],\"inLanguage\":\"de\"},{\"@type\":\"Organization\",\"@id\":\"https:\\\/\\\/www.gero.lu\\\/de\\\/#organization\",\"name\":\"Gero\",\"url\":\"https:\\\/\\\/www.gero.lu\\\/de\\\/\",\"logo\":{\"@type\":\"ImageObject\",\"inLanguage\":\"de\",\"@id\":\"https:\\\/\\\/www.gero.lu\\\/de\\\/#\\\/schema\\\/logo\\\/image\\\/\",\"url\":\"https:\\\/\\\/www.gero.lu\\\/wp-content\\\/uploads\\\/2024\\\/04\\\/logo.svg\",\"contentUrl\":\"https:\\\/\\\/www.gero.lu\\\/wp-content\\\/uploads\\\/2024\\\/04\\\/logo.svg\",\"width\":76,\"height\":30,\"caption\":\"Gero\"},\"image\":{\"@id\":\"https:\\\/\\\/www.gero.lu\\\/de\\\/#\\\/schema\\\/logo\\\/image\\\/\"},\"sameAs\":[\"https:\\\/\\\/www.facebook.com\\\/Kompetenzzenter\\\/\",\"https:\\\/\\\/www.instagram.com\\\/gero.kompetenzzenter\\\/\",\"https:\\\/\\\/linkedin.com\\\/company\\\/gero-kompetenzzenter-fir-den-alter\",\"https:\\\/\\\/www.youtube.com\\\/channel\\\/UCJvmJYSeHh3dYQsLHZupj-Q\"]}]}<\/script>\n<!-- \/ Yoast SEO Premium plugin. -->","yoast_head_json":{"title":"Diskussiouns Grupp iwwert den Minimum Bedarf vu Senioren (STATEC-GERO) - GERO","robots":{"index":"index","follow":"follow","max-snippet":"max-snippet:-1","max-image-preview":"max-image-preview:large","max-video-preview":"max-video-preview:-1"},"canonical":"https:\/\/www.gero.lu\/de\/produit\/diskussiouns-grupp-iwwert-den-minimum-bedarf-vu-senioren-statec-gero-2","og_locale":"de_DE","og_type":"article","og_title":"Diskussiouns Grupp iwwert den Minimum Bedarf vu Senioren (STATEC-GERO)","og_description":"De STATEC a GERO-Kompetenzzenter fir den Alter sinn op der Sich no Participanten fir eng \u00c9tude zum Thema Grondbedierfnesser am Alter. D\u2019Zil vum Projet ass et e sougenannten \u201cMinimumbudget\u201d fir pension\u00e9iert Senioren iwwer 65 Joer ze entw\u00e9ckelen, deen et hinnen erlaabt, dezent ze liewen a net vun der Gesellschaft ausgeschloss ze sinn. Am Kader vun [&hellip;]","og_url":"https:\/\/www.gero.lu\/de\/produit\/diskussiouns-grupp-iwwert-den-minimum-bedarf-vu-senioren-statec-gero-2","og_site_name":"GERO","article_publisher":"https:\/\/www.facebook.com\/Kompetenzzenter\/","article_modified_time":"2022-06-07T14:25:27+00:00","og_image":[{"width":1227,"height":802,"url":"https:\/\/www.gero.lu\/wp-content\/uploads\/2021\/08\/gettyimages-1135289130-2048x2048_RET-1.jpg","type":"image\/jpeg"}],"twitter_card":"summary_large_image","twitter_misc":{"Gesch\u00e4tzte Lesezeit":"1\u00a0Minute"},"schema":{"@context":"https:\/\/schema.org","@graph":[{"@type":"WebPage","@id":"https:\/\/www.gero.lu\/de\/produit\/diskussiouns-grupp-iwwert-den-minimum-bedarf-vu-senioren-statec-gero-2","url":"https:\/\/www.gero.lu\/de\/produit\/diskussiouns-grupp-iwwert-den-minimum-bedarf-vu-senioren-statec-gero-2","name":"Diskussiouns Grupp iwwert den Minimum Bedarf vu Senioren (STATEC-GERO) - GERO","isPartOf":{"@id":"https:\/\/www.gero.lu\/de\/#website"},"datePublished":"2022-05-31T09:21:25+00:00","dateModified":"2022-06-07T14:25:27+00:00","breadcrumb":{"@id":"https:\/\/www.gero.lu\/de\/produit\/diskussiouns-grupp-iwwert-den-minimum-bedarf-vu-senioren-statec-gero-2#breadcrumb"},"inLanguage":"de","potentialAction":[{"@type":"ReadAction","target":[["https:\/\/www.gero.lu\/de\/produit\/diskussiouns-grupp-iwwert-den-minimum-bedarf-vu-senioren-statec-gero-2"]]}]},{"@type":"BreadcrumbList","@id":"https:\/\/www.gero.lu\/de\/produit\/diskussiouns-grupp-iwwert-den-minimum-bedarf-vu-senioren-statec-gero-2#breadcrumb","itemListElement":[{"@type":"ListItem","position":1,"name":"Accueil","item":"https:\/\/www.gero.lu\/de\/"},{"@type":"ListItem","position":2,"name":"Shop","item":"https:\/\/www.gero.lu\/de\/shop"},{"@type":"ListItem","position":3,"name":"Diskussiouns Grupp iwwert den Minimum Bedarf vu Senioren (STATEC-GERO)"}]},{"@type":"WebSite","@id":"https:\/\/www.gero.lu\/de\/#website","url":"https:\/\/www.gero.lu\/de\/","name":"Gero","description":"Kompetenzzenter fir den Alter","publisher":{"@id":"https:\/\/www.gero.lu\/de\/#organization"},"potentialAction":[{"@type":"SearchAction","target":{"@type":"EntryPoint","urlTemplate":"https:\/\/www.gero.lu\/de\/?s={search_term_string}"},"query-input":{"@type":"PropertyValueSpecification","valueRequired":true,"valueName":"search_term_string"}}],"inLanguage":"de"},{"@type":"Organization","@id":"https:\/\/www.gero.lu\/de\/#organization","name":"Gero","url":"https:\/\/www.gero.lu\/de\/","logo":{"@type":"ImageObject","inLanguage":"de","@id":"https:\/\/www.gero.lu\/de\/#\/schema\/logo\/image\/","url":"https:\/\/www.gero.lu\/wp-content\/uploads\/2024\/04\/logo.svg","contentUrl":"https:\/\/www.gero.lu\/wp-content\/uploads\/2024\/04\/logo.svg","width":76,"height":30,"caption":"Gero"},"image":{"@id":"https:\/\/www.gero.lu\/de\/#\/schema\/logo\/image\/"},"sameAs":["https:\/\/www.facebook.com\/Kompetenzzenter\/","https:\/\/www.instagram.com\/gero.kompetenzzenter\/","https:\/\/linkedin.com\/company\/gero-kompetenzzenter-fir-den-alter","https:\/\/www.youtube.com\/channel\/UCJvmJYSeHh3dYQsLHZupj-Q"]}]}},"_links":{"self":[{"href":"https:\/\/www.gero.lu\/de\/wp-json\/wp\/v2\/product\/3938","targetHints":{"allow":["GET"]}}],"collection":[{"href":"https:\/\/www.gero.lu\/de\/wp-json\/wp\/v2\/product"}],"about":[{"href":"https:\/\/www.gero.lu\/de\/wp-json\/wp\/v2\/types\/product"}],"replies":[{"embeddable":true,"href":"https:\/\/www.gero.lu\/de\/wp-json\/wp\/v2\/comments?post=3938"}],"wp:attachment":[{"href":"https:\/\/www.gero.lu\/de\/wp-json\/wp\/v2\/media?parent=3938"}],"wp:term":[{"taxonomy":"product_brand","embeddable":true,"href":"https:\/\/www.gero.lu\/de\/wp-json\/wp\/v2\/product_brand?post=3938"},{"taxonomy":"product_cat","embeddable":true,"href":"https:\/\/www.gero.lu\/de\/wp-json\/wp\/v2\/product_cat?post=3938"},{"taxonomy":"product_tag","embeddable":true,"href":"https:\/\/www.gero.lu\/de\/wp-json\/wp\/v2\/product_tag?post=3938"}],"curies":[{"name":"wp","href":"https:\/\/api.w.org\/{rel}","templated":true}]}}