{"id":3885,"date":"2022-06-01T08:19:24","date_gmt":"2022-06-01T08:19:24","guid":{"rendered":"https:\/\/www.gero.lu\/?post_type=product&#038;p=3885"},"modified":"2022-09-01T13:52:51","modified_gmt":"2022-09-01T13:52:51","slug":"elo-och-fir-ze-lauschteren-eis-fofzeger-joren","status":"publish","type":"product","link":"https:\/\/www.gero.lu\/de\/produit\/elo-och-fir-ze-lauschteren-eis-fofzeger-joren","title":{"rendered":"Elo och fir ze lauschteren! EIS FOFZEGER JOREN"},"content":{"rendered":"","protected":false},"excerpt":{"rendered":"<p>Nom Succ\u00e8s vun eiser Buch-Serie iwwer d\u2019Fifties zu L\u00ebtzebuerg hu mir e groussen Deel vun den Texter als Audioversioun opgeholl, fir d\u00ebs flott Geschichten nach m\u00e9i Persounen zoug\u00e4nglech ze maachen. 84 Texter \u2013 op L\u00ebtzebuergesch oder D\u00e4itsch \u2013 mat ronn f\u00ebnnef Stonne Spilldauer. Weider Detailer fannt Dir hei hannendrun an do g\u00ebtt et och en Text fir ze lauschteren.<\/p>\n<p>CD Eis Fofzeger Joren (MP3-Format):<\/p>\n<ul>\n<li>mat enger Selektioun vu 84 Texter (op L\u00ebtzebuergesch oder D\u00e4itsch) aus deenen dr\u00e4i Bicher<\/li>\n<li>ronn f\u00ebnnef Stonne Spilldauer<\/li>\n<li>Extra-Konditiounen fir d\u2019Titulair\u00eb vun der Kaart 60+<\/li>\n<\/ul>\n","protected":false},"featured_media":3886,"comment_status":"closed","ping_status":"closed","template":"","meta":{"_acf_changed":false,"inline_featured_image":false},"product_brand":[],"product_cat":[53,54],"product_tag":[],"class_list":{"0":"post-3885","1":"product","2":"type-product","3":"status-publish","4":"has-post-thumbnail","6":"product_cat-produits","7":"product_cat-livres","9":"first","10":"instock","11":"shipping-taxable","12":"purchasable","13":"product-type-simple"},"acf":[],"yoast_head":"<!-- This site is optimized with the Yoast SEO Premium plugin v26.5 (Yoast SEO v26.5) - https:\/\/yoast.com\/wordpress\/plugins\/seo\/ -->\n<title>Elo och fir ze lauschteren! EIS FOFZEGER JOREN - GERO<\/title>\n<meta name=\"robots\" content=\"index, follow, max-snippet:-1, max-image-preview:large, max-video-preview:-1\" \/>\n<link rel=\"canonical\" href=\"https:\/\/www.gero.lu\/de\/produit\/elo-och-fir-ze-lauschteren-eis-fofzeger-joren\" \/>\n<meta property=\"og:locale\" content=\"de_DE\" \/>\n<meta property=\"og:type\" content=\"article\" \/>\n<meta property=\"og:title\" content=\"Elo och fir ze lauschteren! EIS FOFZEGER JOREN\" \/>\n<meta property=\"og:description\" content=\"Nom Succ\u00e8s vun eiser Buch-Serie iwwer d\u2019Fifties zu L\u00ebtzebuerg hu mir e groussen Deel vun den Texter als Audioversioun opgeholl, fir d\u00ebs flott Geschichten nach m\u00e9i Persounen zoug\u00e4nglech ze maachen. 84 Texter \u2013 op L\u00ebtzebuergesch oder D\u00e4itsch \u2013 mat ronn f\u00ebnnef Stonne Spilldauer. Weider Detailer fannt Dir hei hannendrun an do g\u00ebtt et och en Text fir ze lauschteren.  CD Eis Fofzeger Joren (MP3-Format):   mat enger Selektioun vu 84 Texter (op L\u00ebtzebuergesch oder D\u00e4itsch) aus deenen dr\u00e4i Bicher  ronn f\u00ebnnef Stonne Spilldauer  Extra-Konditiounen fir d\u2019Titulair\u00eb vun der Kaart 60+\" \/>\n<meta property=\"og:url\" content=\"https:\/\/www.gero.lu\/de\/produit\/elo-och-fir-ze-lauschteren-eis-fofzeger-joren\" \/>\n<meta property=\"og:site_name\" content=\"GERO\" \/>\n<meta property=\"article:publisher\" content=\"https:\/\/www.facebook.com\/Kompetenzzenter\/\" \/>\n<meta property=\"article:modified_time\" content=\"2022-09-01T13:52:51+00:00\" \/>\n<meta property=\"og:image\" content=\"https:\/\/www.gero.lu\/wp-content\/uploads\/2022\/05\/Digipack-eis-50s.png\" \/>\n\t<meta property=\"og:image:width\" content=\"1920\" \/>\n\t<meta property=\"og:image:height\" content=\"1365\" \/>\n\t<meta property=\"og:image:type\" content=\"image\/png\" \/>\n<meta name=\"twitter:card\" content=\"summary_large_image\" \/>\n<script type=\"application\/ld+json\" class=\"yoast-schema-graph\">{\"@context\":\"https:\/\/schema.org\",\"@graph\":[{\"@type\":\"WebPage\",\"@id\":\"https:\/\/www.gero.lu\/de\/produit\/elo-och-fir-ze-lauschteren-eis-fofzeger-joren\",\"url\":\"https:\/\/www.gero.lu\/de\/produit\/elo-och-fir-ze-lauschteren-eis-fofzeger-joren\",\"name\":\"Elo och fir ze lauschteren! EIS FOFZEGER JOREN - GERO\",\"isPartOf\":{\"@id\":\"https:\/\/www.gero.lu\/de\/#website\"},\"primaryImageOfPage\":{\"@id\":\"https:\/\/www.gero.lu\/de\/produit\/elo-och-fir-ze-lauschteren-eis-fofzeger-joren#primaryimage\"},\"image\":{\"@id\":\"https:\/\/www.gero.lu\/produit\/elo-och-fir-ze-lauschteren-eis-fofzeger-joren#primaryimage\"},\"thumbnailUrl\":\"https:\/\/www.gero.lu\/wp-content\/uploads\/2022\/05\/Digipack-eis-50s.png\",\"datePublished\":\"2022-06-01T08:19:24+00:00\",\"dateModified\":\"2022-09-01T13:52:51+00:00\",\"breadcrumb\":{\"@id\":\"https:\/\/www.gero.lu\/de\/produit\/elo-och-fir-ze-lauschteren-eis-fofzeger-joren#breadcrumb\"},\"inLanguage\":\"de\",\"potentialAction\":[{\"@type\":\"ReadAction\",\"target\":[[\"https:\/\/www.gero.lu\/de\/produit\/elo-och-fir-ze-lauschteren-eis-fofzeger-joren\"]]}]},{\"@type\":\"ImageObject\",\"inLanguage\":\"de\",\"@id\":\"https:\/\/www.gero.lu\/de\/produit\/elo-och-fir-ze-lauschteren-eis-fofzeger-joren#primaryimage\",\"url\":\"https:\/\/www.gero.lu\/wp-content\/uploads\/2022\/05\/Digipack-eis-50s.png\",\"contentUrl\":\"https:\/\/www.gero.lu\/wp-content\/uploads\/2022\/05\/Digipack-eis-50s.png\",\"width\":1920,\"height\":1365},{\"@type\":\"BreadcrumbList\",\"@id\":\"https:\/\/www.gero.lu\/de\/produit\/elo-och-fir-ze-lauschteren-eis-fofzeger-joren#breadcrumb\",\"itemListElement\":[{\"@type\":\"ListItem\",\"position\":1,\"name\":\"Accueil\",\"item\":\"https:\/\/www.gero.lu\/de\/\"},{\"@type\":\"ListItem\",\"position\":2,\"name\":\"Shop\",\"item\":\"https:\/\/www.gero.lu\/de\/shop\"},{\"@type\":\"ListItem\",\"position\":3,\"name\":\"Elo och fir ze lauschteren! EIS FOFZEGER JOREN\"}]},{\"@type\":\"WebSite\",\"@id\":\"https:\/\/www.gero.lu\/de\/#website\",\"url\":\"https:\/\/www.gero.lu\/de\/\",\"name\":\"Gero\",\"description\":\"Kompetenzzenter fir den Alter\",\"publisher\":{\"@id\":\"https:\/\/www.gero.lu\/de\/#organization\"},\"potentialAction\":[{\"@type\":\"SearchAction\",\"target\":{\"@type\":\"EntryPoint\",\"urlTemplate\":\"https:\/\/www.gero.lu\/de\/?s={search_term_string}\"},\"query-input\":{\"@type\":\"PropertyValueSpecification\",\"valueRequired\":true,\"valueName\":\"search_term_string\"}}],\"inLanguage\":\"de\"},{\"@type\":\"Organization\",\"@id\":\"https:\/\/www.gero.lu\/de\/#organization\",\"name\":\"Gero\",\"url\":\"https:\/\/www.gero.lu\/de\/\",\"logo\":{\"@type\":\"ImageObject\",\"inLanguage\":\"de\",\"@id\":\"https:\/\/www.gero.lu\/de\/#\/schema\/logo\/image\/\",\"url\":\"https:\/\/www.gero.lu\/wp-content\/uploads\/2024\/04\/logo.svg\",\"contentUrl\":\"https:\/\/www.gero.lu\/wp-content\/uploads\/2024\/04\/logo.svg\",\"width\":76,\"height\":30,\"caption\":\"Gero\"},\"image\":{\"@id\":\"https:\/\/www.gero.lu\/de\/#\/schema\/logo\/image\/\"},\"sameAs\":[\"https:\/\/www.facebook.com\/Kompetenzzenter\/\",\"https:\/\/www.instagram.com\/gero.kompetenzzenter\/\",\"https:\/\/linkedin.com\/company\/gero-kompetenzzenter-fir-den-alter\",\"https:\/\/www.youtube.com\/channel\/UCJvmJYSeHh3dYQsLHZupj-Q\"]}]}<\/script>\n<!-- \/ Yoast SEO Premium plugin. -->","yoast_head_json":{"title":"Elo och fir ze lauschteren! EIS FOFZEGER JOREN - GERO","robots":{"index":"index","follow":"follow","max-snippet":"max-snippet:-1","max-image-preview":"max-image-preview:large","max-video-preview":"max-video-preview:-1"},"canonical":"https:\/\/www.gero.lu\/de\/produit\/elo-och-fir-ze-lauschteren-eis-fofzeger-joren","og_locale":"de_DE","og_type":"article","og_title":"Elo och fir ze lauschteren! EIS FOFZEGER JOREN","og_description":"Nom Succ\u00e8s vun eiser Buch-Serie iwwer d\u2019Fifties zu L\u00ebtzebuerg hu mir e groussen Deel vun den Texter als Audioversioun opgeholl, fir d\u00ebs flott Geschichten nach m\u00e9i Persounen zoug\u00e4nglech ze maachen. 84 Texter \u2013 op L\u00ebtzebuergesch oder D\u00e4itsch \u2013 mat ronn f\u00ebnnef Stonne Spilldauer. Weider Detailer fannt Dir hei hannendrun an do g\u00ebtt et och en Text fir ze lauschteren.  CD Eis Fofzeger Joren (MP3-Format):   mat enger Selektioun vu 84 Texter (op L\u00ebtzebuergesch oder D\u00e4itsch) aus deenen dr\u00e4i Bicher  ronn f\u00ebnnef Stonne Spilldauer  Extra-Konditiounen fir d\u2019Titulair\u00eb vun der Kaart 60+","og_url":"https:\/\/www.gero.lu\/de\/produit\/elo-och-fir-ze-lauschteren-eis-fofzeger-joren","og_site_name":"GERO","article_publisher":"https:\/\/www.facebook.com\/Kompetenzzenter\/","article_modified_time":"2022-09-01T13:52:51+00:00","og_image":[{"width":1920,"height":1365,"url":"https:\/\/www.gero.lu\/wp-content\/uploads\/2022\/05\/Digipack-eis-50s.png","type":"image\/png"}],"twitter_card":"summary_large_image","schema":{"@context":"https:\/\/schema.org","@graph":[{"@type":"WebPage","@id":"https:\/\/www.gero.lu\/de\/produit\/elo-och-fir-ze-lauschteren-eis-fofzeger-joren","url":"https:\/\/www.gero.lu\/de\/produit\/elo-och-fir-ze-lauschteren-eis-fofzeger-joren","name":"Elo och fir ze lauschteren! EIS FOFZEGER JOREN - GERO","isPartOf":{"@id":"https:\/\/www.gero.lu\/de\/#website"},"primaryImageOfPage":{"@id":"https:\/\/www.gero.lu\/de\/produit\/elo-och-fir-ze-lauschteren-eis-fofzeger-joren#primaryimage"},"image":{"@id":"https:\/\/www.gero.lu\/produit\/elo-och-fir-ze-lauschteren-eis-fofzeger-joren#primaryimage"},"thumbnailUrl":"https:\/\/www.gero.lu\/wp-content\/uploads\/2022\/05\/Digipack-eis-50s.png","datePublished":"2022-06-01T08:19:24+00:00","dateModified":"2022-09-01T13:52:51+00:00","breadcrumb":{"@id":"https:\/\/www.gero.lu\/de\/produit\/elo-och-fir-ze-lauschteren-eis-fofzeger-joren#breadcrumb"},"inLanguage":"de","potentialAction":[{"@type":"ReadAction","target":[["https:\/\/www.gero.lu\/de\/produit\/elo-och-fir-ze-lauschteren-eis-fofzeger-joren"]]}]},{"@type":"ImageObject","inLanguage":"de","@id":"https:\/\/www.gero.lu\/de\/produit\/elo-och-fir-ze-lauschteren-eis-fofzeger-joren#primaryimage","url":"https:\/\/www.gero.lu\/wp-content\/uploads\/2022\/05\/Digipack-eis-50s.png","contentUrl":"https:\/\/www.gero.lu\/wp-content\/uploads\/2022\/05\/Digipack-eis-50s.png","width":1920,"height":1365},{"@type":"BreadcrumbList","@id":"https:\/\/www.gero.lu\/de\/produit\/elo-och-fir-ze-lauschteren-eis-fofzeger-joren#breadcrumb","itemListElement":[{"@type":"ListItem","position":1,"name":"Accueil","item":"https:\/\/www.gero.lu\/de\/"},{"@type":"ListItem","position":2,"name":"Shop","item":"https:\/\/www.gero.lu\/de\/shop"},{"@type":"ListItem","position":3,"name":"Elo och fir ze lauschteren! EIS FOFZEGER JOREN"}]},{"@type":"WebSite","@id":"https:\/\/www.gero.lu\/de\/#website","url":"https:\/\/www.gero.lu\/de\/","name":"Gero","description":"Kompetenzzenter fir den Alter","publisher":{"@id":"https:\/\/www.gero.lu\/de\/#organization"},"potentialAction":[{"@type":"SearchAction","target":{"@type":"EntryPoint","urlTemplate":"https:\/\/www.gero.lu\/de\/?s={search_term_string}"},"query-input":{"@type":"PropertyValueSpecification","valueRequired":true,"valueName":"search_term_string"}}],"inLanguage":"de"},{"@type":"Organization","@id":"https:\/\/www.gero.lu\/de\/#organization","name":"Gero","url":"https:\/\/www.gero.lu\/de\/","logo":{"@type":"ImageObject","inLanguage":"de","@id":"https:\/\/www.gero.lu\/de\/#\/schema\/logo\/image\/","url":"https:\/\/www.gero.lu\/wp-content\/uploads\/2024\/04\/logo.svg","contentUrl":"https:\/\/www.gero.lu\/wp-content\/uploads\/2024\/04\/logo.svg","width":76,"height":30,"caption":"Gero"},"image":{"@id":"https:\/\/www.gero.lu\/de\/#\/schema\/logo\/image\/"},"sameAs":["https:\/\/www.facebook.com\/Kompetenzzenter\/","https:\/\/www.instagram.com\/gero.kompetenzzenter\/","https:\/\/linkedin.com\/company\/gero-kompetenzzenter-fir-den-alter","https:\/\/www.youtube.com\/channel\/UCJvmJYSeHh3dYQsLHZupj-Q"]}]}},"_links":{"self":[{"href":"https:\/\/www.gero.lu\/de\/wp-json\/wp\/v2\/product\/3885","targetHints":{"allow":["GET"]}}],"collection":[{"href":"https:\/\/www.gero.lu\/de\/wp-json\/wp\/v2\/product"}],"about":[{"href":"https:\/\/www.gero.lu\/de\/wp-json\/wp\/v2\/types\/product"}],"replies":[{"embeddable":true,"href":"https:\/\/www.gero.lu\/de\/wp-json\/wp\/v2\/comments?post=3885"}],"wp:featuredmedia":[{"embeddable":true,"href":"https:\/\/www.gero.lu\/de\/wp-json\/wp\/v2\/media\/3886"}],"wp:attachment":[{"href":"https:\/\/www.gero.lu\/de\/wp-json\/wp\/v2\/media?parent=3885"}],"wp:term":[{"taxonomy":"product_brand","embeddable":true,"href":"https:\/\/www.gero.lu\/de\/wp-json\/wp\/v2\/product_brand?post=3885"},{"taxonomy":"product_cat","embeddable":true,"href":"https:\/\/www.gero.lu\/de\/wp-json\/wp\/v2\/product_cat?post=3885"},{"taxonomy":"product_tag","embeddable":true,"href":"https:\/\/www.gero.lu\/de\/wp-json\/wp\/v2\/product_tag?post=3885"}],"curies":[{"name":"wp","href":"https:\/\/api.w.org\/{rel}","templated":true}]}}