{"id":3738,"date":"2022-04-08T13:21:25","date_gmt":"2022-04-08T13:21:25","guid":{"rendered":"https:\/\/www.gero.lu\/fr\/produit\/testgruppe-fur-staatliche-internetseiten-gesucht-recherche-groupe-test-pour-diff-sites-internet-etatiques"},"modified":"2022-05-17T14:07:06","modified_gmt":"2022-05-17T14:07:06","slug":"testgruppe-fur-staatliche-internetseiten-gesucht-recherche-groupe-test-pour-diff-sites-internet-etatiques","status":"publish","type":"product","link":"https:\/\/www.gero.lu\/de\/produit\/testgruppe-fur-staatliche-internetseiten-gesucht-recherche-groupe-test-pour-diff-sites-internet-etatiques","title":{"rendered":"Testgruppe f\u00fcr staatliche Internetseiten gesucht \/ Recherche groupe test pour diff. sites internet \u00e9tatiques"},"content":{"rendered":"<p>(Workshop en langue luxembourgeoise et fran\u00e7aise) <\/p>\n<p>Den Digitalisatiounsministere brauch \u00e4r H\u00ebllef ! <\/p>\n<p>Den 17. Mee organis\u00e9iert den Digitalisatiounministere zesumme mam GERO eng Visitt vum Zenter fir Informatiounstechnologi\u00eb vum Staat. (Govtech Lab &#8211; Luxembourg (public.lu))<\/p>\n<p>Zesumme mat max. 12 Participanten, ginn staatlech Internets\u00e4iten getest. Et geet em d\u2019User Experience (d\u2019Experienz vun de Benotzer) vun d\u00ebsen Internet-Site.<\/p>\n<p>Et geet dr\u00ebms, fir d\u00ebs Internets\u00e4iten nach m\u00e9i zoug\u00e4nglech ze maachen. Dofir bieden Si \u00ebm R\u00e9cksprooch mat Leit vun verschiddenen Altersgruppen, d\u00e9i Si hei k\u00ebnnen beroden. <\/p>\n<p>Wann Dir w\u00ebllt un d\u00ebser Experienz deelhuelen, dann k\u00ebnnt Dir Iech direkt op eisem Site oder per E-Mail um umeldung@gero.lu umellen. Den Austausch g\u00ebtt organis\u00e9iert an den Raimlechkeeten vum CTIE. <\/p>\n<p>Mir soen Iech elo schonn Merci fir \u00e4r Z\u00e4it an H\u00ebllef.<\/p>\n<p>FR:<\/p>\n<p>Le Minist\u00e8re de la digitalisation a besoin de votre aide !<\/p>\n<p>Le 17. Mai, le Minist\u00e8re de la digitalisation et les membres du GERO organisent une visite du centre des technologies de l\u2019information de l\u2019Etat. (Govtech Lab &#8211; Luxembourg (public.lu))<\/p>\n<p>Le Minist\u00e8re cherche un groupe de max. 12 participants, pour \u00e9valuer les site internet de l\u2019\u00e9tat. Diff\u00e9rents groupes de personnes d\u2019\u00e2ge diff\u00e9rent agissent et donnent leur avis sur l\u2019exp\u00e9rience d\u2019usager de ces sites.<\/p>\n<p>Le but est d\u2019am\u00e9liorer l\u2019accessibilit\u00e9 de ces sites publics, ceci en comptant sur les critiques des participants. <\/p>\n<p>Si vous voulez participer \u00e0 cette exp\u00e9rience, dans les locaux de du CTIE, vous pouvez vous inscrire directement sur notre site ou par mail, au umeldung@gero.lu .<\/p>\n<p>En vous remerciant d\u2019avance pour votre investissement de temps.<\/p>\n","protected":false},"excerpt":{"rendered":"<p>(Workshop en langue luxembourgeoise et fran\u00e7aise) Den Digitalisatiounsministere brauch \u00e4r H\u00ebllef ! Den 17. Mee organis\u00e9iert den Digitalisatiounministere zesumme mam GERO eng Visitt vum Zenter fir Informatiounstechnologi\u00eb vum Staat. (Govtech Lab &#8211; Luxembourg (public.lu)) Zesumme mat max. 12 Participanten, ginn staatlech Internets\u00e4iten getest. Et geet em d\u2019User Experience (d\u2019Experienz vun de Benotzer) vun d\u00ebsen Internet-Site. [&hellip;]<\/p>\n","protected":false},"featured_media":0,"comment_status":"closed","ping_status":"closed","template":"","meta":{"_acf_changed":false,"inline_featured_image":false},"product_brand":[],"product_cat":[229],"product_tag":[202],"class_list":{"0":"post-3738","1":"product","2":"type-product","3":"status-publish","5":"product_cat-workshop","6":"product_tag-monde-digital-senior","8":"first","9":"outofstock","10":"virtual","11":"purchasable","12":"product-type-simple"},"acf":[],"yoast_head":"<!-- This site is optimized with the Yoast SEO Premium plugin v27.4 (Yoast SEO v27.4) - https:\/\/yoast.com\/product\/yoast-seo-premium-wordpress\/ -->\n<title>Testgruppe f\u00fcr staatliche Internetseiten gesucht \/ Recherche groupe test pour diff. sites internet \u00e9tatiques - GERO<\/title>\n<meta name=\"robots\" content=\"index, follow, max-snippet:-1, max-image-preview:large, max-video-preview:-1\" \/>\n<link rel=\"canonical\" href=\"https:\/\/www.gero.lu\/de\/produit\/testgruppe-fur-staatliche-internetseiten-gesucht-recherche-groupe-test-pour-diff-sites-internet-etatiques\" \/>\n<meta property=\"og:locale\" content=\"de_DE\" \/>\n<meta property=\"og:type\" content=\"article\" \/>\n<meta property=\"og:title\" content=\"Testgruppe f\u00fcr staatliche Internetseiten gesucht \/ Recherche groupe test pour diff. sites internet \u00e9tatiques\" \/>\n<meta property=\"og:description\" content=\"(Workshop en langue luxembourgeoise et fran\u00e7aise) Den Digitalisatiounsministere brauch \u00e4r H\u00ebllef ! Den 17. Mee organis\u00e9iert den Digitalisatiounministere zesumme mam GERO eng Visitt vum Zenter fir Informatiounstechnologi\u00eb vum Staat. (Govtech Lab &#8211; Luxembourg (public.lu)) Zesumme mat max. 12 Participanten, ginn staatlech Internets\u00e4iten getest. Et geet em d\u2019User Experience (d\u2019Experienz vun de Benotzer) vun d\u00ebsen Internet-Site. [&hellip;]\" \/>\n<meta property=\"og:url\" content=\"https:\/\/www.gero.lu\/de\/produit\/testgruppe-fur-staatliche-internetseiten-gesucht-recherche-groupe-test-pour-diff-sites-internet-etatiques\" \/>\n<meta property=\"og:site_name\" content=\"GERO\" \/>\n<meta property=\"article:publisher\" content=\"https:\/\/www.facebook.com\/Kompetenzzenter\/\" \/>\n<meta property=\"article:modified_time\" content=\"2022-05-17T14:07:06+00:00\" \/>\n<meta property=\"og:image\" content=\"https:\/\/www.gero.lu\/wp-content\/uploads\/2021\/08\/gettyimages-1135289130-2048x2048_RET-1.jpg\" \/>\n\t<meta property=\"og:image:width\" content=\"1227\" \/>\n\t<meta property=\"og:image:height\" content=\"802\" \/>\n\t<meta property=\"og:image:type\" content=\"image\/jpeg\" \/>\n<meta name=\"twitter:card\" content=\"summary_large_image\" \/>\n<meta name=\"twitter:label1\" content=\"Gesch\u00e4tzte Lesezeit\" \/>\n\t<meta name=\"twitter:data1\" content=\"1\u00a0Minute\" \/>\n<script type=\"application\/ld+json\" class=\"yoast-schema-graph\">{\"@context\":\"https:\\\/\\\/schema.org\",\"@graph\":[{\"@type\":\"WebPage\",\"@id\":\"https:\\\/\\\/www.gero.lu\\\/de\\\/produit\\\/testgruppe-fur-staatliche-internetseiten-gesucht-recherche-groupe-test-pour-diff-sites-internet-etatiques\",\"url\":\"https:\\\/\\\/www.gero.lu\\\/de\\\/produit\\\/testgruppe-fur-staatliche-internetseiten-gesucht-recherche-groupe-test-pour-diff-sites-internet-etatiques\",\"name\":\"Testgruppe f\u00fcr staatliche Internetseiten gesucht \\\/ Recherche groupe test pour diff. sites internet \u00e9tatiques - GERO\",\"isPartOf\":{\"@id\":\"https:\\\/\\\/www.gero.lu\\\/de\\\/#website\"},\"datePublished\":\"2022-04-08T13:21:25+00:00\",\"dateModified\":\"2022-05-17T14:07:06+00:00\",\"breadcrumb\":{\"@id\":\"https:\\\/\\\/www.gero.lu\\\/de\\\/produit\\\/testgruppe-fur-staatliche-internetseiten-gesucht-recherche-groupe-test-pour-diff-sites-internet-etatiques#breadcrumb\"},\"inLanguage\":\"de\",\"potentialAction\":[{\"@type\":\"ReadAction\",\"target\":[[\"https:\\\/\\\/www.gero.lu\\\/de\\\/produit\\\/testgruppe-fur-staatliche-internetseiten-gesucht-recherche-groupe-test-pour-diff-sites-internet-etatiques\"]]}]},{\"@type\":\"BreadcrumbList\",\"@id\":\"https:\\\/\\\/www.gero.lu\\\/de\\\/produit\\\/testgruppe-fur-staatliche-internetseiten-gesucht-recherche-groupe-test-pour-diff-sites-internet-etatiques#breadcrumb\",\"itemListElement\":[{\"@type\":\"ListItem\",\"position\":1,\"name\":\"Accueil\",\"item\":\"https:\\\/\\\/www.gero.lu\\\/de\\\/\"},{\"@type\":\"ListItem\",\"position\":2,\"name\":\"Shop\",\"item\":\"https:\\\/\\\/www.gero.lu\\\/de\\\/shop\"},{\"@type\":\"ListItem\",\"position\":3,\"name\":\"Testgruppe f\u00fcr staatliche Internetseiten gesucht \\\/ Recherche groupe test pour diff. sites internet \u00e9tatiques\"}]},{\"@type\":\"WebSite\",\"@id\":\"https:\\\/\\\/www.gero.lu\\\/de\\\/#website\",\"url\":\"https:\\\/\\\/www.gero.lu\\\/de\\\/\",\"name\":\"Gero\",\"description\":\"Kompetenzzenter fir den Alter\",\"publisher\":{\"@id\":\"https:\\\/\\\/www.gero.lu\\\/de\\\/#organization\"},\"potentialAction\":[{\"@type\":\"SearchAction\",\"target\":{\"@type\":\"EntryPoint\",\"urlTemplate\":\"https:\\\/\\\/www.gero.lu\\\/de\\\/?s={search_term_string}\"},\"query-input\":{\"@type\":\"PropertyValueSpecification\",\"valueRequired\":true,\"valueName\":\"search_term_string\"}}],\"inLanguage\":\"de\"},{\"@type\":\"Organization\",\"@id\":\"https:\\\/\\\/www.gero.lu\\\/de\\\/#organization\",\"name\":\"Gero\",\"url\":\"https:\\\/\\\/www.gero.lu\\\/de\\\/\",\"logo\":{\"@type\":\"ImageObject\",\"inLanguage\":\"de\",\"@id\":\"https:\\\/\\\/www.gero.lu\\\/de\\\/#\\\/schema\\\/logo\\\/image\\\/\",\"url\":\"https:\\\/\\\/www.gero.lu\\\/wp-content\\\/uploads\\\/2024\\\/04\\\/logo.svg\",\"contentUrl\":\"https:\\\/\\\/www.gero.lu\\\/wp-content\\\/uploads\\\/2024\\\/04\\\/logo.svg\",\"width\":76,\"height\":30,\"caption\":\"Gero\"},\"image\":{\"@id\":\"https:\\\/\\\/www.gero.lu\\\/de\\\/#\\\/schema\\\/logo\\\/image\\\/\"},\"sameAs\":[\"https:\\\/\\\/www.facebook.com\\\/Kompetenzzenter\\\/\",\"https:\\\/\\\/www.instagram.com\\\/gero.kompetenzzenter\\\/\",\"https:\\\/\\\/linkedin.com\\\/company\\\/gero-kompetenzzenter-fir-den-alter\",\"https:\\\/\\\/www.youtube.com\\\/channel\\\/UCJvmJYSeHh3dYQsLHZupj-Q\"]}]}<\/script>\n<!-- \/ Yoast SEO Premium plugin. -->","yoast_head_json":{"title":"Testgruppe f\u00fcr staatliche Internetseiten gesucht \/ Recherche groupe test pour diff. sites internet \u00e9tatiques - GERO","robots":{"index":"index","follow":"follow","max-snippet":"max-snippet:-1","max-image-preview":"max-image-preview:large","max-video-preview":"max-video-preview:-1"},"canonical":"https:\/\/www.gero.lu\/de\/produit\/testgruppe-fur-staatliche-internetseiten-gesucht-recherche-groupe-test-pour-diff-sites-internet-etatiques","og_locale":"de_DE","og_type":"article","og_title":"Testgruppe f\u00fcr staatliche Internetseiten gesucht \/ Recherche groupe test pour diff. sites internet \u00e9tatiques","og_description":"(Workshop en langue luxembourgeoise et fran\u00e7aise) Den Digitalisatiounsministere brauch \u00e4r H\u00ebllef ! Den 17. Mee organis\u00e9iert den Digitalisatiounministere zesumme mam GERO eng Visitt vum Zenter fir Informatiounstechnologi\u00eb vum Staat. (Govtech Lab &#8211; Luxembourg (public.lu)) Zesumme mat max. 12 Participanten, ginn staatlech Internets\u00e4iten getest. Et geet em d\u2019User Experience (d\u2019Experienz vun de Benotzer) vun d\u00ebsen Internet-Site. [&hellip;]","og_url":"https:\/\/www.gero.lu\/de\/produit\/testgruppe-fur-staatliche-internetseiten-gesucht-recherche-groupe-test-pour-diff-sites-internet-etatiques","og_site_name":"GERO","article_publisher":"https:\/\/www.facebook.com\/Kompetenzzenter\/","article_modified_time":"2022-05-17T14:07:06+00:00","og_image":[{"width":1227,"height":802,"url":"https:\/\/www.gero.lu\/wp-content\/uploads\/2021\/08\/gettyimages-1135289130-2048x2048_RET-1.jpg","type":"image\/jpeg"}],"twitter_card":"summary_large_image","twitter_misc":{"Gesch\u00e4tzte Lesezeit":"1\u00a0Minute"},"schema":{"@context":"https:\/\/schema.org","@graph":[{"@type":"WebPage","@id":"https:\/\/www.gero.lu\/de\/produit\/testgruppe-fur-staatliche-internetseiten-gesucht-recherche-groupe-test-pour-diff-sites-internet-etatiques","url":"https:\/\/www.gero.lu\/de\/produit\/testgruppe-fur-staatliche-internetseiten-gesucht-recherche-groupe-test-pour-diff-sites-internet-etatiques","name":"Testgruppe f\u00fcr staatliche Internetseiten gesucht \/ Recherche groupe test pour diff. sites internet \u00e9tatiques - GERO","isPartOf":{"@id":"https:\/\/www.gero.lu\/de\/#website"},"datePublished":"2022-04-08T13:21:25+00:00","dateModified":"2022-05-17T14:07:06+00:00","breadcrumb":{"@id":"https:\/\/www.gero.lu\/de\/produit\/testgruppe-fur-staatliche-internetseiten-gesucht-recherche-groupe-test-pour-diff-sites-internet-etatiques#breadcrumb"},"inLanguage":"de","potentialAction":[{"@type":"ReadAction","target":[["https:\/\/www.gero.lu\/de\/produit\/testgruppe-fur-staatliche-internetseiten-gesucht-recherche-groupe-test-pour-diff-sites-internet-etatiques"]]}]},{"@type":"BreadcrumbList","@id":"https:\/\/www.gero.lu\/de\/produit\/testgruppe-fur-staatliche-internetseiten-gesucht-recherche-groupe-test-pour-diff-sites-internet-etatiques#breadcrumb","itemListElement":[{"@type":"ListItem","position":1,"name":"Accueil","item":"https:\/\/www.gero.lu\/de\/"},{"@type":"ListItem","position":2,"name":"Shop","item":"https:\/\/www.gero.lu\/de\/shop"},{"@type":"ListItem","position":3,"name":"Testgruppe f\u00fcr staatliche Internetseiten gesucht \/ Recherche groupe test pour diff. sites internet \u00e9tatiques"}]},{"@type":"WebSite","@id":"https:\/\/www.gero.lu\/de\/#website","url":"https:\/\/www.gero.lu\/de\/","name":"Gero","description":"Kompetenzzenter fir den Alter","publisher":{"@id":"https:\/\/www.gero.lu\/de\/#organization"},"potentialAction":[{"@type":"SearchAction","target":{"@type":"EntryPoint","urlTemplate":"https:\/\/www.gero.lu\/de\/?s={search_term_string}"},"query-input":{"@type":"PropertyValueSpecification","valueRequired":true,"valueName":"search_term_string"}}],"inLanguage":"de"},{"@type":"Organization","@id":"https:\/\/www.gero.lu\/de\/#organization","name":"Gero","url":"https:\/\/www.gero.lu\/de\/","logo":{"@type":"ImageObject","inLanguage":"de","@id":"https:\/\/www.gero.lu\/de\/#\/schema\/logo\/image\/","url":"https:\/\/www.gero.lu\/wp-content\/uploads\/2024\/04\/logo.svg","contentUrl":"https:\/\/www.gero.lu\/wp-content\/uploads\/2024\/04\/logo.svg","width":76,"height":30,"caption":"Gero"},"image":{"@id":"https:\/\/www.gero.lu\/de\/#\/schema\/logo\/image\/"},"sameAs":["https:\/\/www.facebook.com\/Kompetenzzenter\/","https:\/\/www.instagram.com\/gero.kompetenzzenter\/","https:\/\/linkedin.com\/company\/gero-kompetenzzenter-fir-den-alter","https:\/\/www.youtube.com\/channel\/UCJvmJYSeHh3dYQsLHZupj-Q"]}]}},"_links":{"self":[{"href":"https:\/\/www.gero.lu\/de\/wp-json\/wp\/v2\/product\/3738","targetHints":{"allow":["GET"]}}],"collection":[{"href":"https:\/\/www.gero.lu\/de\/wp-json\/wp\/v2\/product"}],"about":[{"href":"https:\/\/www.gero.lu\/de\/wp-json\/wp\/v2\/types\/product"}],"replies":[{"embeddable":true,"href":"https:\/\/www.gero.lu\/de\/wp-json\/wp\/v2\/comments?post=3738"}],"wp:attachment":[{"href":"https:\/\/www.gero.lu\/de\/wp-json\/wp\/v2\/media?parent=3738"}],"wp:term":[{"taxonomy":"product_brand","embeddable":true,"href":"https:\/\/www.gero.lu\/de\/wp-json\/wp\/v2\/product_brand?post=3738"},{"taxonomy":"product_cat","embeddable":true,"href":"https:\/\/www.gero.lu\/de\/wp-json\/wp\/v2\/product_cat?post=3738"},{"taxonomy":"product_tag","embeddable":true,"href":"https:\/\/www.gero.lu\/de\/wp-json\/wp\/v2\/product_tag?post=3738"}],"curies":[{"name":"wp","href":"https:\/\/api.w.org\/{rel}","templated":true}]}}