{"id":3599,"date":"2022-03-10T16:25:19","date_gmt":"2022-03-10T16:25:19","guid":{"rendered":"https:\/\/www.gero.lu\/produit\/smoothfood-fingerfood"},"modified":"2022-10-27T14:23:44","modified_gmt":"2022-10-27T14:23:44","slug":"smoothfood-fingerfood","status":"publish","type":"product","link":"https:\/\/www.gero.lu\/de\/produit\/smoothfood-fingerfood","title":{"rendered":"Smoothfood &amp; Fingerfood"},"content":{"rendered":"<p>Dans la plupart des institutions pour personnes \u00e2g\u00e9es, nous sommes confront\u00e9s \u00e0 un grand nombre de r\u00e9sidents devenant toujours de plus en plus d\u00e9pendants. Les r\u00e9sidents atteints de dysphagies, de probl\u00e8mes de mastications, mais aussi ayant une apraxie ou une agnosie ont \u00e9galement le droit de se voir servir un repas \u00e0 texture adapt\u00e9 \u00e0 leurs besoins. <\/p>\n<p>Finger Food est un concept permettant aux personnes qui ne peuvent ou ne savent plus &#8211; pour des raisons psychiques et\/ou physiques &#8211; utiliser leurs couverts afin de se nourrir de fa\u00e7on autonome et digne tout en utilisant leurs mains. Il est une partie int\u00e9grante du concept Smooth Food et signifie se nourrir directement de la main \u00e0 la bouche. Ces deux approches permettent aux r\u00e9sidents de retrouver une partie de leur autonomie, de leur ind\u00e9pendance et surtout le plaisir de manger au cours du repas.<\/p>\n<p>Contenu :<br \/>\n\u2022\tProcessus de la mastication et la d\u00e9glutition<br \/>\n\u2022\tDysphagie, causes et danger des probl\u00e8mes de d\u00e9glutitions<br \/>\n\u2022\tAlimentation en fin de vie<br \/>\n\u2022\tComment implanter les concepts Smooth Food et Finger  Food dans une institution ?<br \/>\n\u2022\tComment informer les r\u00e9sidents, la famille, le personnel?<br \/>\n\u2022\tComment r\u00e9aliser une semaine de menu, collations incluses?<br \/>\n\u2022\tPrincipes \u00e9thiques<\/p>\n<p>La partie pratique sous forme de Workshop (demi-journ\u00e9e dans une institution, lieu reste \u00e0 pr\u00e9ciser) sera bas\u00e9e sur la d\u00e9clinaison du menu traditionnel, mais aussi sur toutes les textures modifi\u00e9es r\u00e9alisable en tant que Smooth Food et Finger Food.<\/p>\n","protected":false},"excerpt":{"rendered":"<p>Dans la plupart des institutions pour personnes \u00e2g\u00e9es, nous sommes confront\u00e9s \u00e0 un grand nombre de r\u00e9sidents devenant toujours de plus en plus d\u00e9pendants. Les r\u00e9sidents atteints de dysphagies, de probl\u00e8mes de mastications, mais aussi ayant une apraxie ou une agnosie ont \u00e9galement le droit de se voir servir un repas \u00e0 texture adapt\u00e9 \u00e0 [&hellip;]<\/p>\n","protected":false},"featured_media":0,"comment_status":"closed","ping_status":"closed","template":"","meta":{"_acf_changed":false,"inline_featured_image":false},"product_brand":[],"product_cat":[239],"product_tag":[235],"class_list":{"0":"post-3599","1":"product","2":"type-product","3":"status-publish","5":"product_cat-cours-pro","6":"product_tag-economie-domestique-pro","8":"first","9":"instock","10":"virtual","11":"purchasable","12":"product-type-simple"},"acf":[],"yoast_head":"<!-- This site is optimized with the Yoast SEO Premium plugin v27.4 (Yoast SEO v27.5) - https:\/\/yoast.com\/product\/yoast-seo-premium-wordpress\/ -->\n<title>Smoothfood &amp; Fingerfood - GERO<\/title>\n<meta name=\"robots\" content=\"index, follow, max-snippet:-1, max-image-preview:large, max-video-preview:-1\" \/>\n<link rel=\"canonical\" href=\"https:\/\/www.gero.lu\/de\/produit\/smoothfood-fingerfood\" \/>\n<meta property=\"og:locale\" content=\"de_DE\" \/>\n<meta property=\"og:type\" content=\"article\" \/>\n<meta property=\"og:title\" content=\"Smoothfood &amp; Fingerfood\" \/>\n<meta property=\"og:description\" content=\"Dans la plupart des institutions pour personnes \u00e2g\u00e9es, nous sommes confront\u00e9s \u00e0 un grand nombre de r\u00e9sidents devenant toujours de plus en plus d\u00e9pendants. Les r\u00e9sidents atteints de dysphagies, de probl\u00e8mes de mastications, mais aussi ayant une apraxie ou une agnosie ont \u00e9galement le droit de se voir servir un repas \u00e0 texture adapt\u00e9 \u00e0 [&hellip;]\" \/>\n<meta property=\"og:url\" content=\"https:\/\/www.gero.lu\/de\/produit\/smoothfood-fingerfood\" \/>\n<meta property=\"og:site_name\" content=\"GERO\" \/>\n<meta property=\"article:publisher\" content=\"https:\/\/www.facebook.com\/Kompetenzzenter\/\" \/>\n<meta property=\"article:modified_time\" content=\"2022-10-27T14:23:44+00:00\" \/>\n<meta property=\"og:image\" content=\"https:\/\/www.gero.lu\/wp-content\/uploads\/2021\/08\/gettyimages-1135289130-2048x2048_RET-1.jpg\" \/>\n\t<meta property=\"og:image:width\" content=\"1227\" \/>\n\t<meta property=\"og:image:height\" content=\"802\" \/>\n\t<meta property=\"og:image:type\" content=\"image\/jpeg\" \/>\n<meta name=\"twitter:card\" content=\"summary_large_image\" \/>\n<meta name=\"twitter:label1\" content=\"Gesch\u00e4tzte Lesezeit\" \/>\n\t<meta name=\"twitter:data1\" content=\"1\u00a0Minute\" \/>\n<script type=\"application\/ld+json\" class=\"yoast-schema-graph\">{\"@context\":\"https:\\\/\\\/schema.org\",\"@graph\":[{\"@type\":\"WebPage\",\"@id\":\"https:\\\/\\\/www.gero.lu\\\/de\\\/produit\\\/smoothfood-fingerfood\",\"url\":\"https:\\\/\\\/www.gero.lu\\\/de\\\/produit\\\/smoothfood-fingerfood\",\"name\":\"Smoothfood &amp; Fingerfood - GERO\",\"isPartOf\":{\"@id\":\"https:\\\/\\\/www.gero.lu\\\/de\\\/#website\"},\"datePublished\":\"2022-03-10T16:25:19+00:00\",\"dateModified\":\"2022-10-27T14:23:44+00:00\",\"breadcrumb\":{\"@id\":\"https:\\\/\\\/www.gero.lu\\\/de\\\/produit\\\/smoothfood-fingerfood#breadcrumb\"},\"inLanguage\":\"de\",\"potentialAction\":[{\"@type\":\"ReadAction\",\"target\":[[\"https:\\\/\\\/www.gero.lu\\\/de\\\/produit\\\/smoothfood-fingerfood\"]]}]},{\"@type\":\"BreadcrumbList\",\"@id\":\"https:\\\/\\\/www.gero.lu\\\/de\\\/produit\\\/smoothfood-fingerfood#breadcrumb\",\"itemListElement\":[{\"@type\":\"ListItem\",\"position\":1,\"name\":\"Accueil\",\"item\":\"https:\\\/\\\/www.gero.lu\\\/de\\\/\"},{\"@type\":\"ListItem\",\"position\":2,\"name\":\"Shop\",\"item\":\"https:\\\/\\\/www.gero.lu\\\/de\\\/shop\"},{\"@type\":\"ListItem\",\"position\":3,\"name\":\"Smoothfood &amp; Fingerfood\"}]},{\"@type\":\"WebSite\",\"@id\":\"https:\\\/\\\/www.gero.lu\\\/de\\\/#website\",\"url\":\"https:\\\/\\\/www.gero.lu\\\/de\\\/\",\"name\":\"Gero\",\"description\":\"Kompetenzzenter fir den Alter\",\"publisher\":{\"@id\":\"https:\\\/\\\/www.gero.lu\\\/de\\\/#organization\"},\"potentialAction\":[{\"@type\":\"SearchAction\",\"target\":{\"@type\":\"EntryPoint\",\"urlTemplate\":\"https:\\\/\\\/www.gero.lu\\\/de\\\/?s={search_term_string}\"},\"query-input\":{\"@type\":\"PropertyValueSpecification\",\"valueRequired\":true,\"valueName\":\"search_term_string\"}}],\"inLanguage\":\"de\"},{\"@type\":\"Organization\",\"@id\":\"https:\\\/\\\/www.gero.lu\\\/de\\\/#organization\",\"name\":\"Gero\",\"url\":\"https:\\\/\\\/www.gero.lu\\\/de\\\/\",\"logo\":{\"@type\":\"ImageObject\",\"inLanguage\":\"de\",\"@id\":\"https:\\\/\\\/www.gero.lu\\\/de\\\/#\\\/schema\\\/logo\\\/image\\\/\",\"url\":\"https:\\\/\\\/www.gero.lu\\\/wp-content\\\/uploads\\\/2024\\\/04\\\/logo.svg\",\"contentUrl\":\"https:\\\/\\\/www.gero.lu\\\/wp-content\\\/uploads\\\/2024\\\/04\\\/logo.svg\",\"width\":76,\"height\":30,\"caption\":\"Gero\"},\"image\":{\"@id\":\"https:\\\/\\\/www.gero.lu\\\/de\\\/#\\\/schema\\\/logo\\\/image\\\/\"},\"sameAs\":[\"https:\\\/\\\/www.facebook.com\\\/Kompetenzzenter\\\/\",\"https:\\\/\\\/www.instagram.com\\\/gero.kompetenzzenter\\\/\",\"https:\\\/\\\/linkedin.com\\\/company\\\/gero-kompetenzzenter-fir-den-alter\",\"https:\\\/\\\/www.youtube.com\\\/channel\\\/UCJvmJYSeHh3dYQsLHZupj-Q\"]}]}<\/script>\n<!-- \/ Yoast SEO Premium plugin. -->","yoast_head_json":{"title":"Smoothfood &amp; Fingerfood - GERO","robots":{"index":"index","follow":"follow","max-snippet":"max-snippet:-1","max-image-preview":"max-image-preview:large","max-video-preview":"max-video-preview:-1"},"canonical":"https:\/\/www.gero.lu\/de\/produit\/smoothfood-fingerfood","og_locale":"de_DE","og_type":"article","og_title":"Smoothfood &amp; Fingerfood","og_description":"Dans la plupart des institutions pour personnes \u00e2g\u00e9es, nous sommes confront\u00e9s \u00e0 un grand nombre de r\u00e9sidents devenant toujours de plus en plus d\u00e9pendants. Les r\u00e9sidents atteints de dysphagies, de probl\u00e8mes de mastications, mais aussi ayant une apraxie ou une agnosie ont \u00e9galement le droit de se voir servir un repas \u00e0 texture adapt\u00e9 \u00e0 [&hellip;]","og_url":"https:\/\/www.gero.lu\/de\/produit\/smoothfood-fingerfood","og_site_name":"GERO","article_publisher":"https:\/\/www.facebook.com\/Kompetenzzenter\/","article_modified_time":"2022-10-27T14:23:44+00:00","og_image":[{"width":1227,"height":802,"url":"https:\/\/www.gero.lu\/wp-content\/uploads\/2021\/08\/gettyimages-1135289130-2048x2048_RET-1.jpg","type":"image\/jpeg"}],"twitter_card":"summary_large_image","twitter_misc":{"Gesch\u00e4tzte Lesezeit":"1\u00a0Minute"},"schema":{"@context":"https:\/\/schema.org","@graph":[{"@type":"WebPage","@id":"https:\/\/www.gero.lu\/de\/produit\/smoothfood-fingerfood","url":"https:\/\/www.gero.lu\/de\/produit\/smoothfood-fingerfood","name":"Smoothfood &amp; Fingerfood - GERO","isPartOf":{"@id":"https:\/\/www.gero.lu\/de\/#website"},"datePublished":"2022-03-10T16:25:19+00:00","dateModified":"2022-10-27T14:23:44+00:00","breadcrumb":{"@id":"https:\/\/www.gero.lu\/de\/produit\/smoothfood-fingerfood#breadcrumb"},"inLanguage":"de","potentialAction":[{"@type":"ReadAction","target":[["https:\/\/www.gero.lu\/de\/produit\/smoothfood-fingerfood"]]}]},{"@type":"BreadcrumbList","@id":"https:\/\/www.gero.lu\/de\/produit\/smoothfood-fingerfood#breadcrumb","itemListElement":[{"@type":"ListItem","position":1,"name":"Accueil","item":"https:\/\/www.gero.lu\/de\/"},{"@type":"ListItem","position":2,"name":"Shop","item":"https:\/\/www.gero.lu\/de\/shop"},{"@type":"ListItem","position":3,"name":"Smoothfood &amp; Fingerfood"}]},{"@type":"WebSite","@id":"https:\/\/www.gero.lu\/de\/#website","url":"https:\/\/www.gero.lu\/de\/","name":"Gero","description":"Kompetenzzenter fir den Alter","publisher":{"@id":"https:\/\/www.gero.lu\/de\/#organization"},"potentialAction":[{"@type":"SearchAction","target":{"@type":"EntryPoint","urlTemplate":"https:\/\/www.gero.lu\/de\/?s={search_term_string}"},"query-input":{"@type":"PropertyValueSpecification","valueRequired":true,"valueName":"search_term_string"}}],"inLanguage":"de"},{"@type":"Organization","@id":"https:\/\/www.gero.lu\/de\/#organization","name":"Gero","url":"https:\/\/www.gero.lu\/de\/","logo":{"@type":"ImageObject","inLanguage":"de","@id":"https:\/\/www.gero.lu\/de\/#\/schema\/logo\/image\/","url":"https:\/\/www.gero.lu\/wp-content\/uploads\/2024\/04\/logo.svg","contentUrl":"https:\/\/www.gero.lu\/wp-content\/uploads\/2024\/04\/logo.svg","width":76,"height":30,"caption":"Gero"},"image":{"@id":"https:\/\/www.gero.lu\/de\/#\/schema\/logo\/image\/"},"sameAs":["https:\/\/www.facebook.com\/Kompetenzzenter\/","https:\/\/www.instagram.com\/gero.kompetenzzenter\/","https:\/\/linkedin.com\/company\/gero-kompetenzzenter-fir-den-alter","https:\/\/www.youtube.com\/channel\/UCJvmJYSeHh3dYQsLHZupj-Q"]}]}},"_links":{"self":[{"href":"https:\/\/www.gero.lu\/de\/wp-json\/wp\/v2\/product\/3599","targetHints":{"allow":["GET"]}}],"collection":[{"href":"https:\/\/www.gero.lu\/de\/wp-json\/wp\/v2\/product"}],"about":[{"href":"https:\/\/www.gero.lu\/de\/wp-json\/wp\/v2\/types\/product"}],"replies":[{"embeddable":true,"href":"https:\/\/www.gero.lu\/de\/wp-json\/wp\/v2\/comments?post=3599"}],"wp:attachment":[{"href":"https:\/\/www.gero.lu\/de\/wp-json\/wp\/v2\/media?parent=3599"}],"wp:term":[{"taxonomy":"product_brand","embeddable":true,"href":"https:\/\/www.gero.lu\/de\/wp-json\/wp\/v2\/product_brand?post=3599"},{"taxonomy":"product_cat","embeddable":true,"href":"https:\/\/www.gero.lu\/de\/wp-json\/wp\/v2\/product_cat?post=3599"},{"taxonomy":"product_tag","embeddable":true,"href":"https:\/\/www.gero.lu\/de\/wp-json\/wp\/v2\/product_tag?post=3599"}],"curies":[{"name":"wp","href":"https:\/\/api.w.org\/{rel}","templated":true}]}}