{"id":3577,"date":"2022-03-07T17:21:55","date_gmt":"2022-03-07T17:21:55","guid":{"rendered":"https:\/\/www.gero.lu\/produit\/leadership-modul-6-losungsorientierte-fuhrung"},"modified":"2022-10-11T10:21:28","modified_gmt":"2022-10-11T10:21:28","slug":"leadership-modul-6-losungsorientierte-fuhrung","status":"publish","type":"product","link":"https:\/\/www.gero.lu\/de\/produit\/leadership-modul-6-losungsorientierte-fuhrung","title":{"rendered":"Leadership Modul 6 &#8211; L\u00f6sungsorientierte F\u00fchrung"},"content":{"rendered":"<p>Grundlegende Techniken und Haltungen aus dem beruflichen Coaching bilden die Ausgangslage f\u00fcr eine neue \u00dcberlegung im Management und sind Teil eines ressourcenorientierten Handlungsmodells. Dieser er\u00f6ffnet k\u00fcnftig neue M\u00f6glichkeiten im beruflichen Alltag.<br \/>\nMit einer richtig gestellten Frage werden Diskussionen in eine neue, hilfreiche Richtung gelenkt.<br \/>\nDiversen Situationen werden im F\u00fchrungsalltag anders belichtet und das gewonnene Know-how kommt der F\u00fchrungskraft und seinen Teams zugute.<br \/>\nInhalte:<br \/>\n\u2022\tEigener F\u00fchrungsstil und Reifegrad der Mitarbeiter<br \/>\n\u2022\tZiele der l\u00f6sungsfokussierten F\u00fchrung<br \/>\n\u2022\tGrundlagen und Haltung in der l\u00f6sungsfokussierten F\u00fchrung<br \/>\n\u2022\tKonkretisierung des neuen F\u00fchrungsverst\u00e4ndnisses<br \/>\n\u2022\tWie wirkt der neue Ansatz auf die Mitarbeiterf\u00fchrung aus<br \/>\n\u2022\tWerkzeuge der F\u00fchrungskraft im Alltag.<\/p>\n<p>Methoden:<br \/>\nKurzvortr\u00e4ge, Praxisbeispiele, \u00dcbungen anhand von pers\u00f6nlichen Beispielen, Selbstreflexion. <\/p>\n<p>Ziele:<br \/>\n\u2022\tNeue Perspektive einnehmen: vom Problem zur L\u00f6sung<br \/>\n\u2022\tDie eigene Gespr\u00e4chsf\u00fchrung durch ein effektives Repertoire vertiefen und erweitern<br \/>\n\u2022\tNeue hilfreiche Tools f\u00fcr Interventionen in Organisationen erlernen.<\/p>\n","protected":false},"excerpt":{"rendered":"<p>Grundlegende Techniken und Haltungen aus dem beruflichen Coaching bilden die Ausgangslage f\u00fcr eine neue \u00dcberlegung im Management und sind Teil eines ressourcenorientierten Handlungsmodells. Dieser er\u00f6ffnet k\u00fcnftig neue M\u00f6glichkeiten im beruflichen Alltag. Mit einer richtig gestellten Frage werden Diskussionen in eine neue, hilfreiche Richtung gelenkt. Diversen Situationen werden im F\u00fchrungsalltag anders belichtet und das gewonnene Know-how [&hellip;]<\/p>\n","protected":false},"featured_media":0,"comment_status":"closed","ping_status":"closed","template":"","meta":{"_acf_changed":false,"inline_featured_image":false},"product_brand":[],"product_cat":[239],"product_tag":[233],"class_list":{"0":"post-3577","1":"product","2":"type-product","3":"status-publish","5":"product_cat-cours-pro","6":"product_tag-management-leadership-pro","8":"first","9":"instock","10":"virtual","11":"purchasable","12":"product-type-simple"},"acf":[],"yoast_head":"<!-- This site is optimized with the Yoast SEO Premium plugin v27.4 (Yoast SEO v27.5) - https:\/\/yoast.com\/product\/yoast-seo-premium-wordpress\/ -->\n<title>Leadership Modul 6 - L\u00f6sungsorientierte F\u00fchrung - GERO<\/title>\n<meta name=\"robots\" content=\"index, follow, max-snippet:-1, max-image-preview:large, max-video-preview:-1\" \/>\n<link rel=\"canonical\" href=\"https:\/\/www.gero.lu\/de\/produit\/leadership-modul-6-losungsorientierte-fuhrung\" \/>\n<meta property=\"og:locale\" content=\"de_DE\" \/>\n<meta property=\"og:type\" content=\"article\" \/>\n<meta property=\"og:title\" content=\"Leadership Modul 6 - L\u00f6sungsorientierte F\u00fchrung\" \/>\n<meta property=\"og:description\" content=\"Grundlegende Techniken und Haltungen aus dem beruflichen Coaching bilden die Ausgangslage f\u00fcr eine neue \u00dcberlegung im Management und sind Teil eines ressourcenorientierten Handlungsmodells. Dieser er\u00f6ffnet k\u00fcnftig neue M\u00f6glichkeiten im beruflichen Alltag. Mit einer richtig gestellten Frage werden Diskussionen in eine neue, hilfreiche Richtung gelenkt. Diversen Situationen werden im F\u00fchrungsalltag anders belichtet und das gewonnene Know-how [&hellip;]\" \/>\n<meta property=\"og:url\" content=\"https:\/\/www.gero.lu\/de\/produit\/leadership-modul-6-losungsorientierte-fuhrung\" \/>\n<meta property=\"og:site_name\" content=\"GERO\" \/>\n<meta property=\"article:publisher\" content=\"https:\/\/www.facebook.com\/Kompetenzzenter\/\" \/>\n<meta property=\"article:modified_time\" content=\"2022-10-11T10:21:28+00:00\" \/>\n<meta property=\"og:image\" content=\"https:\/\/www.gero.lu\/wp-content\/uploads\/2021\/08\/gettyimages-1135289130-2048x2048_RET-1.jpg\" \/>\n\t<meta property=\"og:image:width\" content=\"1227\" \/>\n\t<meta property=\"og:image:height\" content=\"802\" \/>\n\t<meta property=\"og:image:type\" content=\"image\/jpeg\" \/>\n<meta name=\"twitter:card\" content=\"summary_large_image\" \/>\n<meta name=\"twitter:label1\" content=\"Gesch\u00e4tzte Lesezeit\" \/>\n\t<meta name=\"twitter:data1\" content=\"1\u00a0Minute\" \/>\n<script type=\"application\/ld+json\" class=\"yoast-schema-graph\">{\"@context\":\"https:\\\/\\\/schema.org\",\"@graph\":[{\"@type\":\"WebPage\",\"@id\":\"https:\\\/\\\/www.gero.lu\\\/de\\\/produit\\\/leadership-modul-6-losungsorientierte-fuhrung\",\"url\":\"https:\\\/\\\/www.gero.lu\\\/de\\\/produit\\\/leadership-modul-6-losungsorientierte-fuhrung\",\"name\":\"Leadership Modul 6 - L\u00f6sungsorientierte F\u00fchrung - GERO\",\"isPartOf\":{\"@id\":\"https:\\\/\\\/www.gero.lu\\\/de\\\/#website\"},\"datePublished\":\"2022-03-07T17:21:55+00:00\",\"dateModified\":\"2022-10-11T10:21:28+00:00\",\"breadcrumb\":{\"@id\":\"https:\\\/\\\/www.gero.lu\\\/de\\\/produit\\\/leadership-modul-6-losungsorientierte-fuhrung#breadcrumb\"},\"inLanguage\":\"de\",\"potentialAction\":[{\"@type\":\"ReadAction\",\"target\":[[\"https:\\\/\\\/www.gero.lu\\\/de\\\/produit\\\/leadership-modul-6-losungsorientierte-fuhrung\"]]}]},{\"@type\":\"BreadcrumbList\",\"@id\":\"https:\\\/\\\/www.gero.lu\\\/de\\\/produit\\\/leadership-modul-6-losungsorientierte-fuhrung#breadcrumb\",\"itemListElement\":[{\"@type\":\"ListItem\",\"position\":1,\"name\":\"Accueil\",\"item\":\"https:\\\/\\\/www.gero.lu\\\/de\\\/\"},{\"@type\":\"ListItem\",\"position\":2,\"name\":\"Shop\",\"item\":\"https:\\\/\\\/www.gero.lu\\\/de\\\/shop\"},{\"@type\":\"ListItem\",\"position\":3,\"name\":\"Leadership Modul 6 &#8211; L\u00f6sungsorientierte F\u00fchrung\"}]},{\"@type\":\"WebSite\",\"@id\":\"https:\\\/\\\/www.gero.lu\\\/de\\\/#website\",\"url\":\"https:\\\/\\\/www.gero.lu\\\/de\\\/\",\"name\":\"Gero\",\"description\":\"Kompetenzzenter fir den Alter\",\"publisher\":{\"@id\":\"https:\\\/\\\/www.gero.lu\\\/de\\\/#organization\"},\"potentialAction\":[{\"@type\":\"SearchAction\",\"target\":{\"@type\":\"EntryPoint\",\"urlTemplate\":\"https:\\\/\\\/www.gero.lu\\\/de\\\/?s={search_term_string}\"},\"query-input\":{\"@type\":\"PropertyValueSpecification\",\"valueRequired\":true,\"valueName\":\"search_term_string\"}}],\"inLanguage\":\"de\"},{\"@type\":\"Organization\",\"@id\":\"https:\\\/\\\/www.gero.lu\\\/de\\\/#organization\",\"name\":\"Gero\",\"url\":\"https:\\\/\\\/www.gero.lu\\\/de\\\/\",\"logo\":{\"@type\":\"ImageObject\",\"inLanguage\":\"de\",\"@id\":\"https:\\\/\\\/www.gero.lu\\\/de\\\/#\\\/schema\\\/logo\\\/image\\\/\",\"url\":\"https:\\\/\\\/www.gero.lu\\\/wp-content\\\/uploads\\\/2024\\\/04\\\/logo.svg\",\"contentUrl\":\"https:\\\/\\\/www.gero.lu\\\/wp-content\\\/uploads\\\/2024\\\/04\\\/logo.svg\",\"width\":76,\"height\":30,\"caption\":\"Gero\"},\"image\":{\"@id\":\"https:\\\/\\\/www.gero.lu\\\/de\\\/#\\\/schema\\\/logo\\\/image\\\/\"},\"sameAs\":[\"https:\\\/\\\/www.facebook.com\\\/Kompetenzzenter\\\/\",\"https:\\\/\\\/www.instagram.com\\\/gero.kompetenzzenter\\\/\",\"https:\\\/\\\/linkedin.com\\\/company\\\/gero-kompetenzzenter-fir-den-alter\",\"https:\\\/\\\/www.youtube.com\\\/channel\\\/UCJvmJYSeHh3dYQsLHZupj-Q\"]}]}<\/script>\n<!-- \/ Yoast SEO Premium plugin. -->","yoast_head_json":{"title":"Leadership Modul 6 - L\u00f6sungsorientierte F\u00fchrung - GERO","robots":{"index":"index","follow":"follow","max-snippet":"max-snippet:-1","max-image-preview":"max-image-preview:large","max-video-preview":"max-video-preview:-1"},"canonical":"https:\/\/www.gero.lu\/de\/produit\/leadership-modul-6-losungsorientierte-fuhrung","og_locale":"de_DE","og_type":"article","og_title":"Leadership Modul 6 - L\u00f6sungsorientierte F\u00fchrung","og_description":"Grundlegende Techniken und Haltungen aus dem beruflichen Coaching bilden die Ausgangslage f\u00fcr eine neue \u00dcberlegung im Management und sind Teil eines ressourcenorientierten Handlungsmodells. Dieser er\u00f6ffnet k\u00fcnftig neue M\u00f6glichkeiten im beruflichen Alltag. Mit einer richtig gestellten Frage werden Diskussionen in eine neue, hilfreiche Richtung gelenkt. Diversen Situationen werden im F\u00fchrungsalltag anders belichtet und das gewonnene Know-how [&hellip;]","og_url":"https:\/\/www.gero.lu\/de\/produit\/leadership-modul-6-losungsorientierte-fuhrung","og_site_name":"GERO","article_publisher":"https:\/\/www.facebook.com\/Kompetenzzenter\/","article_modified_time":"2022-10-11T10:21:28+00:00","og_image":[{"width":1227,"height":802,"url":"https:\/\/www.gero.lu\/wp-content\/uploads\/2021\/08\/gettyimages-1135289130-2048x2048_RET-1.jpg","type":"image\/jpeg"}],"twitter_card":"summary_large_image","twitter_misc":{"Gesch\u00e4tzte Lesezeit":"1\u00a0Minute"},"schema":{"@context":"https:\/\/schema.org","@graph":[{"@type":"WebPage","@id":"https:\/\/www.gero.lu\/de\/produit\/leadership-modul-6-losungsorientierte-fuhrung","url":"https:\/\/www.gero.lu\/de\/produit\/leadership-modul-6-losungsorientierte-fuhrung","name":"Leadership Modul 6 - L\u00f6sungsorientierte F\u00fchrung - GERO","isPartOf":{"@id":"https:\/\/www.gero.lu\/de\/#website"},"datePublished":"2022-03-07T17:21:55+00:00","dateModified":"2022-10-11T10:21:28+00:00","breadcrumb":{"@id":"https:\/\/www.gero.lu\/de\/produit\/leadership-modul-6-losungsorientierte-fuhrung#breadcrumb"},"inLanguage":"de","potentialAction":[{"@type":"ReadAction","target":[["https:\/\/www.gero.lu\/de\/produit\/leadership-modul-6-losungsorientierte-fuhrung"]]}]},{"@type":"BreadcrumbList","@id":"https:\/\/www.gero.lu\/de\/produit\/leadership-modul-6-losungsorientierte-fuhrung#breadcrumb","itemListElement":[{"@type":"ListItem","position":1,"name":"Accueil","item":"https:\/\/www.gero.lu\/de\/"},{"@type":"ListItem","position":2,"name":"Shop","item":"https:\/\/www.gero.lu\/de\/shop"},{"@type":"ListItem","position":3,"name":"Leadership Modul 6 &#8211; L\u00f6sungsorientierte F\u00fchrung"}]},{"@type":"WebSite","@id":"https:\/\/www.gero.lu\/de\/#website","url":"https:\/\/www.gero.lu\/de\/","name":"Gero","description":"Kompetenzzenter fir den Alter","publisher":{"@id":"https:\/\/www.gero.lu\/de\/#organization"},"potentialAction":[{"@type":"SearchAction","target":{"@type":"EntryPoint","urlTemplate":"https:\/\/www.gero.lu\/de\/?s={search_term_string}"},"query-input":{"@type":"PropertyValueSpecification","valueRequired":true,"valueName":"search_term_string"}}],"inLanguage":"de"},{"@type":"Organization","@id":"https:\/\/www.gero.lu\/de\/#organization","name":"Gero","url":"https:\/\/www.gero.lu\/de\/","logo":{"@type":"ImageObject","inLanguage":"de","@id":"https:\/\/www.gero.lu\/de\/#\/schema\/logo\/image\/","url":"https:\/\/www.gero.lu\/wp-content\/uploads\/2024\/04\/logo.svg","contentUrl":"https:\/\/www.gero.lu\/wp-content\/uploads\/2024\/04\/logo.svg","width":76,"height":30,"caption":"Gero"},"image":{"@id":"https:\/\/www.gero.lu\/de\/#\/schema\/logo\/image\/"},"sameAs":["https:\/\/www.facebook.com\/Kompetenzzenter\/","https:\/\/www.instagram.com\/gero.kompetenzzenter\/","https:\/\/linkedin.com\/company\/gero-kompetenzzenter-fir-den-alter","https:\/\/www.youtube.com\/channel\/UCJvmJYSeHh3dYQsLHZupj-Q"]}]}},"_links":{"self":[{"href":"https:\/\/www.gero.lu\/de\/wp-json\/wp\/v2\/product\/3577","targetHints":{"allow":["GET"]}}],"collection":[{"href":"https:\/\/www.gero.lu\/de\/wp-json\/wp\/v2\/product"}],"about":[{"href":"https:\/\/www.gero.lu\/de\/wp-json\/wp\/v2\/types\/product"}],"replies":[{"embeddable":true,"href":"https:\/\/www.gero.lu\/de\/wp-json\/wp\/v2\/comments?post=3577"}],"wp:attachment":[{"href":"https:\/\/www.gero.lu\/de\/wp-json\/wp\/v2\/media?parent=3577"}],"wp:term":[{"taxonomy":"product_brand","embeddable":true,"href":"https:\/\/www.gero.lu\/de\/wp-json\/wp\/v2\/product_brand?post=3577"},{"taxonomy":"product_cat","embeddable":true,"href":"https:\/\/www.gero.lu\/de\/wp-json\/wp\/v2\/product_cat?post=3577"},{"taxonomy":"product_tag","embeddable":true,"href":"https:\/\/www.gero.lu\/de\/wp-json\/wp\/v2\/product_tag?post=3577"}],"curies":[{"name":"wp","href":"https:\/\/api.w.org\/{rel}","templated":true}]}}