{"id":3572,"date":"2022-03-04T10:33:29","date_gmt":"2022-03-04T10:33:29","guid":{"rendered":"https:\/\/www.gero.lu\/?post_type=product&#038;p=3572"},"modified":"2022-08-31T07:46:26","modified_gmt":"2022-08-31T07:46:26","slug":"le-mental-qui-compte","status":"publish","type":"product","link":"https:\/\/www.gero.lu\/de\/produit\/le-mental-qui-compte","title":{"rendered":"PSYCHE IM BLICK Wechselspiel von Geist, K\u00f6rper und Umwelt"},"content":{"rendered":"","protected":false},"excerpt":{"rendered":"<p><strong>Angewandte Forschung<\/strong><\/p>\n<p>Diese Ausgabe des Magazins angewandte Forschung nimmt die \u201ePsyche als Ganzes\u201c in den Blick. Dabei werden psychologisch relevante Ph\u00e4nomene aus unterschiedlichen Perspektiven und unter Ber\u00fccksichtigung individueller als auch kontextueller Einfl\u00fcsse beleuchtet. Es werden unter anderem forschungsbasierte Einblicke in spezifische Funktionsbereiche der Psyche aufgezeigt, praktische Erkl\u00e4rungsans\u00e4tze geliefert und Strategien zur F\u00f6rderung der Gesundheitskompetenz und der dazu erforderlichen Rahmenbedingungen skizziert.<\/p>\n","protected":false},"featured_media":3573,"comment_status":"closed","ping_status":"closed","template":"","meta":{"_acf_changed":false,"inline_featured_image":false},"product_brand":[],"product_cat":[306,53],"product_tag":[],"class_list":{"0":"post-3572","1":"product","2":"type-product","3":"status-publish","4":"has-post-thumbnail","6":"product_cat-journal","7":"product_cat-produits","9":"first","10":"instock","11":"shipping-taxable","12":"purchasable","13":"product-type-simple"},"acf":[],"yoast_head":"<!-- This site is optimized with the Yoast SEO Premium plugin v27.4 (Yoast SEO v27.5) - https:\/\/yoast.com\/product\/yoast-seo-premium-wordpress\/ -->\n<title>PSYCHE IM BLICK Wechselspiel von Geist, K\u00f6rper und Umwelt - GERO<\/title>\n<meta name=\"robots\" content=\"index, follow, max-snippet:-1, max-image-preview:large, max-video-preview:-1\" \/>\n<link rel=\"canonical\" href=\"https:\/\/www.gero.lu\/de\/produit\/le-mental-qui-compte\" \/>\n<meta property=\"og:locale\" content=\"de_DE\" \/>\n<meta property=\"og:type\" content=\"article\" \/>\n<meta property=\"og:title\" content=\"PSYCHE IM BLICK Wechselspiel von Geist, K\u00f6rper und Umwelt\" \/>\n<meta property=\"og:description\" content=\"Angewandte Forschung  Diese Ausgabe des Magazins angewandte Forschung nimmt die \u201ePsyche als Ganzes\u201c in den Blick. Dabei werden psychologisch relevante Ph\u00e4nomene aus unterschiedlichen Perspektiven und unter Ber\u00fccksichtigung individueller als auch kontextueller Einfl\u00fcsse beleuchtet. Es werden unter anderem forschungsbasierte Einblicke in spezifische Funktionsbereiche der Psyche aufgezeigt, praktische Erkl\u00e4rungsans\u00e4tze geliefert und Strategien zur F\u00f6rderung der Gesundheitskompetenz und der dazu erforderlichen Rahmenbedingungen skizziert.\" \/>\n<meta property=\"og:url\" content=\"https:\/\/www.gero.lu\/de\/produit\/le-mental-qui-compte\" \/>\n<meta property=\"og:site_name\" content=\"GERO\" \/>\n<meta property=\"article:publisher\" content=\"https:\/\/www.facebook.com\/Kompetenzzenter\/\" \/>\n<meta property=\"article:modified_time\" content=\"2022-08-31T07:46:26+00:00\" \/>\n<meta property=\"og:image\" content=\"https:\/\/www.gero.lu\/wp-content\/uploads\/2022\/03\/PSYCHE-IM-BLICK-Wechselspiel-von-Geist-Korper-und-Umwelt.jpg\" \/>\n\t<meta property=\"og:image:width\" content=\"690\" \/>\n\t<meta property=\"og:image:height\" content=\"932\" \/>\n\t<meta property=\"og:image:type\" content=\"image\/jpeg\" \/>\n<meta name=\"twitter:card\" content=\"summary_large_image\" \/>\n<script type=\"application\/ld+json\" class=\"yoast-schema-graph\">{\"@context\":\"https:\\\/\\\/schema.org\",\"@graph\":[{\"@type\":\"WebPage\",\"@id\":\"https:\\\/\\\/www.gero.lu\\\/de\\\/produit\\\/le-mental-qui-compte\",\"url\":\"https:\\\/\\\/www.gero.lu\\\/de\\\/produit\\\/le-mental-qui-compte\",\"name\":\"PSYCHE IM BLICK Wechselspiel von Geist, K\u00f6rper und Umwelt - GERO\",\"isPartOf\":{\"@id\":\"https:\\\/\\\/www.gero.lu\\\/de\\\/#website\"},\"primaryImageOfPage\":{\"@id\":\"https:\\\/\\\/www.gero.lu\\\/de\\\/produit\\\/le-mental-qui-compte#primaryimage\"},\"image\":{\"@id\":\"https:\\\/\\\/www.gero.lu\\\/produit\\\/le-mental-qui-compte#primaryimage\"},\"thumbnailUrl\":\"https:\\\/\\\/www.gero.lu\\\/wp-content\\\/uploads\\\/2022\\\/03\\\/PSYCHE-IM-BLICK-Wechselspiel-von-Geist-Korper-und-Umwelt.jpg\",\"datePublished\":\"2022-03-04T10:33:29+00:00\",\"dateModified\":\"2022-08-31T07:46:26+00:00\",\"breadcrumb\":{\"@id\":\"https:\\\/\\\/www.gero.lu\\\/de\\\/produit\\\/le-mental-qui-compte#breadcrumb\"},\"inLanguage\":\"de\",\"potentialAction\":[{\"@type\":\"ReadAction\",\"target\":[[\"https:\\\/\\\/www.gero.lu\\\/de\\\/produit\\\/le-mental-qui-compte\"]]}]},{\"@type\":\"ImageObject\",\"inLanguage\":\"de\",\"@id\":\"https:\\\/\\\/www.gero.lu\\\/de\\\/produit\\\/le-mental-qui-compte#primaryimage\",\"url\":\"https:\\\/\\\/www.gero.lu\\\/wp-content\\\/uploads\\\/2022\\\/03\\\/PSYCHE-IM-BLICK-Wechselspiel-von-Geist-Korper-und-Umwelt.jpg\",\"contentUrl\":\"https:\\\/\\\/www.gero.lu\\\/wp-content\\\/uploads\\\/2022\\\/03\\\/PSYCHE-IM-BLICK-Wechselspiel-von-Geist-Korper-und-Umwelt.jpg\",\"width\":690,\"height\":932},{\"@type\":\"BreadcrumbList\",\"@id\":\"https:\\\/\\\/www.gero.lu\\\/de\\\/produit\\\/le-mental-qui-compte#breadcrumb\",\"itemListElement\":[{\"@type\":\"ListItem\",\"position\":1,\"name\":\"Accueil\",\"item\":\"https:\\\/\\\/www.gero.lu\\\/de\\\/\"},{\"@type\":\"ListItem\",\"position\":2,\"name\":\"Shop\",\"item\":\"https:\\\/\\\/www.gero.lu\\\/de\\\/shop\"},{\"@type\":\"ListItem\",\"position\":3,\"name\":\"LE MENTAL QUI COMPTE Interaction entre l\u2019esprit, le corps et l\u2019environnement\"}]},{\"@type\":\"WebSite\",\"@id\":\"https:\\\/\\\/www.gero.lu\\\/de\\\/#website\",\"url\":\"https:\\\/\\\/www.gero.lu\\\/de\\\/\",\"name\":\"Gero\",\"description\":\"Kompetenzzenter fir den Alter\",\"publisher\":{\"@id\":\"https:\\\/\\\/www.gero.lu\\\/de\\\/#organization\"},\"potentialAction\":[{\"@type\":\"SearchAction\",\"target\":{\"@type\":\"EntryPoint\",\"urlTemplate\":\"https:\\\/\\\/www.gero.lu\\\/de\\\/?s={search_term_string}\"},\"query-input\":{\"@type\":\"PropertyValueSpecification\",\"valueRequired\":true,\"valueName\":\"search_term_string\"}}],\"inLanguage\":\"de\"},{\"@type\":\"Organization\",\"@id\":\"https:\\\/\\\/www.gero.lu\\\/de\\\/#organization\",\"name\":\"Gero\",\"url\":\"https:\\\/\\\/www.gero.lu\\\/de\\\/\",\"logo\":{\"@type\":\"ImageObject\",\"inLanguage\":\"de\",\"@id\":\"https:\\\/\\\/www.gero.lu\\\/de\\\/#\\\/schema\\\/logo\\\/image\\\/\",\"url\":\"https:\\\/\\\/www.gero.lu\\\/wp-content\\\/uploads\\\/2024\\\/04\\\/logo.svg\",\"contentUrl\":\"https:\\\/\\\/www.gero.lu\\\/wp-content\\\/uploads\\\/2024\\\/04\\\/logo.svg\",\"width\":76,\"height\":30,\"caption\":\"Gero\"},\"image\":{\"@id\":\"https:\\\/\\\/www.gero.lu\\\/de\\\/#\\\/schema\\\/logo\\\/image\\\/\"},\"sameAs\":[\"https:\\\/\\\/www.facebook.com\\\/Kompetenzzenter\\\/\",\"https:\\\/\\\/www.instagram.com\\\/gero.kompetenzzenter\\\/\",\"https:\\\/\\\/linkedin.com\\\/company\\\/gero-kompetenzzenter-fir-den-alter\",\"https:\\\/\\\/www.youtube.com\\\/channel\\\/UCJvmJYSeHh3dYQsLHZupj-Q\"]}]}<\/script>\n<!-- \/ Yoast SEO Premium plugin. -->","yoast_head_json":{"title":"PSYCHE IM BLICK Wechselspiel von Geist, K\u00f6rper und Umwelt - GERO","robots":{"index":"index","follow":"follow","max-snippet":"max-snippet:-1","max-image-preview":"max-image-preview:large","max-video-preview":"max-video-preview:-1"},"canonical":"https:\/\/www.gero.lu\/de\/produit\/le-mental-qui-compte","og_locale":"de_DE","og_type":"article","og_title":"PSYCHE IM BLICK Wechselspiel von Geist, K\u00f6rper und Umwelt","og_description":"Angewandte Forschung  Diese Ausgabe des Magazins angewandte Forschung nimmt die \u201ePsyche als Ganzes\u201c in den Blick. Dabei werden psychologisch relevante Ph\u00e4nomene aus unterschiedlichen Perspektiven und unter Ber\u00fccksichtigung individueller als auch kontextueller Einfl\u00fcsse beleuchtet. Es werden unter anderem forschungsbasierte Einblicke in spezifische Funktionsbereiche der Psyche aufgezeigt, praktische Erkl\u00e4rungsans\u00e4tze geliefert und Strategien zur F\u00f6rderung der Gesundheitskompetenz und der dazu erforderlichen Rahmenbedingungen skizziert.","og_url":"https:\/\/www.gero.lu\/de\/produit\/le-mental-qui-compte","og_site_name":"GERO","article_publisher":"https:\/\/www.facebook.com\/Kompetenzzenter\/","article_modified_time":"2022-08-31T07:46:26+00:00","og_image":[{"width":690,"height":932,"url":"https:\/\/www.gero.lu\/wp-content\/uploads\/2022\/03\/PSYCHE-IM-BLICK-Wechselspiel-von-Geist-Korper-und-Umwelt.jpg","type":"image\/jpeg"}],"twitter_card":"summary_large_image","schema":{"@context":"https:\/\/schema.org","@graph":[{"@type":"WebPage","@id":"https:\/\/www.gero.lu\/de\/produit\/le-mental-qui-compte","url":"https:\/\/www.gero.lu\/de\/produit\/le-mental-qui-compte","name":"PSYCHE IM BLICK Wechselspiel von Geist, K\u00f6rper und Umwelt - GERO","isPartOf":{"@id":"https:\/\/www.gero.lu\/de\/#website"},"primaryImageOfPage":{"@id":"https:\/\/www.gero.lu\/de\/produit\/le-mental-qui-compte#primaryimage"},"image":{"@id":"https:\/\/www.gero.lu\/produit\/le-mental-qui-compte#primaryimage"},"thumbnailUrl":"https:\/\/www.gero.lu\/wp-content\/uploads\/2022\/03\/PSYCHE-IM-BLICK-Wechselspiel-von-Geist-Korper-und-Umwelt.jpg","datePublished":"2022-03-04T10:33:29+00:00","dateModified":"2022-08-31T07:46:26+00:00","breadcrumb":{"@id":"https:\/\/www.gero.lu\/de\/produit\/le-mental-qui-compte#breadcrumb"},"inLanguage":"de","potentialAction":[{"@type":"ReadAction","target":[["https:\/\/www.gero.lu\/de\/produit\/le-mental-qui-compte"]]}]},{"@type":"ImageObject","inLanguage":"de","@id":"https:\/\/www.gero.lu\/de\/produit\/le-mental-qui-compte#primaryimage","url":"https:\/\/www.gero.lu\/wp-content\/uploads\/2022\/03\/PSYCHE-IM-BLICK-Wechselspiel-von-Geist-Korper-und-Umwelt.jpg","contentUrl":"https:\/\/www.gero.lu\/wp-content\/uploads\/2022\/03\/PSYCHE-IM-BLICK-Wechselspiel-von-Geist-Korper-und-Umwelt.jpg","width":690,"height":932},{"@type":"BreadcrumbList","@id":"https:\/\/www.gero.lu\/de\/produit\/le-mental-qui-compte#breadcrumb","itemListElement":[{"@type":"ListItem","position":1,"name":"Accueil","item":"https:\/\/www.gero.lu\/de\/"},{"@type":"ListItem","position":2,"name":"Shop","item":"https:\/\/www.gero.lu\/de\/shop"},{"@type":"ListItem","position":3,"name":"LE MENTAL QUI COMPTE Interaction entre l\u2019esprit, le corps et l\u2019environnement"}]},{"@type":"WebSite","@id":"https:\/\/www.gero.lu\/de\/#website","url":"https:\/\/www.gero.lu\/de\/","name":"Gero","description":"Kompetenzzenter fir den Alter","publisher":{"@id":"https:\/\/www.gero.lu\/de\/#organization"},"potentialAction":[{"@type":"SearchAction","target":{"@type":"EntryPoint","urlTemplate":"https:\/\/www.gero.lu\/de\/?s={search_term_string}"},"query-input":{"@type":"PropertyValueSpecification","valueRequired":true,"valueName":"search_term_string"}}],"inLanguage":"de"},{"@type":"Organization","@id":"https:\/\/www.gero.lu\/de\/#organization","name":"Gero","url":"https:\/\/www.gero.lu\/de\/","logo":{"@type":"ImageObject","inLanguage":"de","@id":"https:\/\/www.gero.lu\/de\/#\/schema\/logo\/image\/","url":"https:\/\/www.gero.lu\/wp-content\/uploads\/2024\/04\/logo.svg","contentUrl":"https:\/\/www.gero.lu\/wp-content\/uploads\/2024\/04\/logo.svg","width":76,"height":30,"caption":"Gero"},"image":{"@id":"https:\/\/www.gero.lu\/de\/#\/schema\/logo\/image\/"},"sameAs":["https:\/\/www.facebook.com\/Kompetenzzenter\/","https:\/\/www.instagram.com\/gero.kompetenzzenter\/","https:\/\/linkedin.com\/company\/gero-kompetenzzenter-fir-den-alter","https:\/\/www.youtube.com\/channel\/UCJvmJYSeHh3dYQsLHZupj-Q"]}]}},"_links":{"self":[{"href":"https:\/\/www.gero.lu\/de\/wp-json\/wp\/v2\/product\/3572","targetHints":{"allow":["GET"]}}],"collection":[{"href":"https:\/\/www.gero.lu\/de\/wp-json\/wp\/v2\/product"}],"about":[{"href":"https:\/\/www.gero.lu\/de\/wp-json\/wp\/v2\/types\/product"}],"replies":[{"embeddable":true,"href":"https:\/\/www.gero.lu\/de\/wp-json\/wp\/v2\/comments?post=3572"}],"wp:featuredmedia":[{"embeddable":true,"href":"https:\/\/www.gero.lu\/de\/wp-json\/wp\/v2\/media\/3573"}],"wp:attachment":[{"href":"https:\/\/www.gero.lu\/de\/wp-json\/wp\/v2\/media?parent=3572"}],"wp:term":[{"taxonomy":"product_brand","embeddable":true,"href":"https:\/\/www.gero.lu\/de\/wp-json\/wp\/v2\/product_brand?post=3572"},{"taxonomy":"product_cat","embeddable":true,"href":"https:\/\/www.gero.lu\/de\/wp-json\/wp\/v2\/product_cat?post=3572"},{"taxonomy":"product_tag","embeddable":true,"href":"https:\/\/www.gero.lu\/de\/wp-json\/wp\/v2\/product_tag?post=3572"}],"curies":[{"name":"wp","href":"https:\/\/api.w.org\/{rel}","templated":true}]}}