{"id":3503,"date":"2022-03-01T10:21:29","date_gmt":"2022-03-01T10:21:29","guid":{"rendered":"https:\/\/www.gero.lu\/produit\/luxemburger-folklore-tanz"},"modified":"2022-05-04T14:24:36","modified_gmt":"2022-05-04T14:24:36","slug":"luxemburger-folklore-tanz","status":"publish","type":"product","link":"https:\/\/www.gero.lu\/de\/produit\/luxemburger-folklore-tanz","title":{"rendered":"Luxemburger Folklore-Tanz"},"content":{"rendered":"<p>Die Luxemburger Folklore-Tanzwelt verbindet auf lebendige Weise Kulturerbe und Geselligkeit. Bei dem Workshop erfolgt zun\u00e4chst eine anschauliche Einf\u00fchrung sowie eine Pr\u00e4sentation einzelner T\u00e4nze und ihrer Symbolik und Gestik.<\/p>\n<p>Der praktische Teil umfasst eine Vorf\u00fchrung von traditionellen T\u00e4nzen in Folklorkost\u00fcmen zu Live-Musik. Die Teilnehmer*innen sind herzlich eingeladen mitzumachen. Sofern es die sanit\u00e4re Lage erlaubt, ist ein kleiner Umtrunk vorgesehen.<\/p>\n<p>Le monde de la danse folklorique luxembourgeoise allie de mani\u00e8re vivante patrimoine culturel et convivialit\u00e9. L\u2019atelier commence par une introduction et une pr\u00e9sentation de certaines danses.<\/p>\n<p>La partie pratique comprend une d\u00e9monstration<br \/>\nde danses traditionnelles en costumes folkloriques accompagn\u00e9e par de la musique en live. Le public est cordialement invit\u00e9 \u00e0 y participer. Si la situation sanitaire le permet, un verre d\u2019amiti\u00e9 est servi.<\/p>\n","protected":false},"excerpt":{"rendered":"<p>Die Luxemburger Folklore-Tanzwelt verbindet auf lebendige Weise Kulturerbe und Geselligkeit. Bei dem Workshop erfolgt zun\u00e4chst eine anschauliche Einf\u00fchrung sowie eine Pr\u00e4sentation einzelner T\u00e4nze und ihrer Symbolik und Gestik. Der praktische Teil umfasst eine Vorf\u00fchrung von traditionellen T\u00e4nzen in Folklorkost\u00fcmen zu Live-Musik. Die Teilnehmer*innen sind herzlich eingeladen mitzumachen. Sofern es die sanit\u00e4re Lage erlaubt, ist ein [&hellip;]<\/p>\n","protected":false},"featured_media":3789,"comment_status":"closed","ping_status":"closed","template":"","meta":{"_acf_changed":false,"inline_featured_image":false},"product_brand":[],"product_cat":[229],"product_tag":[199],"class_list":{"0":"post-3503","1":"product","2":"type-product","3":"status-publish","4":"has-post-thumbnail","6":"product_cat-workshop","7":"product_tag-culture-senior","9":"first","10":"instock","11":"virtual","12":"purchasable","13":"product-type-simple"},"acf":[],"yoast_head":"<!-- This site is optimized with the Yoast SEO Premium plugin v26.5 (Yoast SEO v26.5) - https:\/\/yoast.com\/wordpress\/plugins\/seo\/ -->\n<title>Luxemburger Folklore-Tanz - GERO<\/title>\n<meta name=\"robots\" content=\"index, follow, max-snippet:-1, max-image-preview:large, max-video-preview:-1\" \/>\n<link rel=\"canonical\" href=\"https:\/\/www.gero.lu\/de\/produit\/luxemburger-folklore-tanz\" \/>\n<meta property=\"og:locale\" content=\"de_DE\" \/>\n<meta property=\"og:type\" content=\"article\" \/>\n<meta property=\"og:title\" content=\"Luxemburger Folklore-Tanz\" \/>\n<meta property=\"og:description\" content=\"Die Luxemburger Folklore-Tanzwelt verbindet auf lebendige Weise Kulturerbe und Geselligkeit. Bei dem Workshop erfolgt zun\u00e4chst eine anschauliche Einf\u00fchrung sowie eine Pr\u00e4sentation einzelner T\u00e4nze und ihrer Symbolik und Gestik. Der praktische Teil umfasst eine Vorf\u00fchrung von traditionellen T\u00e4nzen in Folklorkost\u00fcmen zu Live-Musik. Die Teilnehmer*innen sind herzlich eingeladen mitzumachen. Sofern es die sanit\u00e4re Lage erlaubt, ist ein [&hellip;]\" \/>\n<meta property=\"og:url\" content=\"https:\/\/www.gero.lu\/de\/produit\/luxemburger-folklore-tanz\" \/>\n<meta property=\"og:site_name\" content=\"GERO\" \/>\n<meta property=\"article:publisher\" content=\"https:\/\/www.facebook.com\/Kompetenzzenter\/\" \/>\n<meta property=\"article:modified_time\" content=\"2022-05-04T14:24:36+00:00\" \/>\n<meta property=\"og:image\" content=\"https:\/\/www.gero.lu\/wp-content\/uploads\/2022\/03\/DSC_0142-Aufmacher.jpeg\" \/>\n\t<meta property=\"og:image:width\" content=\"1280\" \/>\n\t<meta property=\"og:image:height\" content=\"853\" \/>\n\t<meta property=\"og:image:type\" content=\"image\/jpeg\" \/>\n<meta name=\"twitter:card\" content=\"summary_large_image\" \/>\n<meta name=\"twitter:label1\" content=\"Gesch\u00e4tzte Lesezeit\" \/>\n\t<meta name=\"twitter:data1\" content=\"1\u00a0Minute\" \/>\n<script type=\"application\/ld+json\" class=\"yoast-schema-graph\">{\"@context\":\"https:\/\/schema.org\",\"@graph\":[{\"@type\":\"WebPage\",\"@id\":\"https:\/\/www.gero.lu\/de\/produit\/luxemburger-folklore-tanz\",\"url\":\"https:\/\/www.gero.lu\/de\/produit\/luxemburger-folklore-tanz\",\"name\":\"Luxemburger Folklore-Tanz - GERO\",\"isPartOf\":{\"@id\":\"https:\/\/www.gero.lu\/de\/#website\"},\"primaryImageOfPage\":{\"@id\":\"https:\/\/www.gero.lu\/de\/produit\/luxemburger-folklore-tanz#primaryimage\"},\"image\":{\"@id\":\"https:\/\/www.gero.lu\/produit\/luxemburger-folklore-tanz#primaryimage\"},\"thumbnailUrl\":\"https:\/\/www.gero.lu\/wp-content\/uploads\/2022\/03\/DSC_0142-Aufmacher.jpeg\",\"datePublished\":\"2022-03-01T10:21:29+00:00\",\"dateModified\":\"2022-05-04T14:24:36+00:00\",\"breadcrumb\":{\"@id\":\"https:\/\/www.gero.lu\/de\/produit\/luxemburger-folklore-tanz#breadcrumb\"},\"inLanguage\":\"de\",\"potentialAction\":[{\"@type\":\"ReadAction\",\"target\":[[\"https:\/\/www.gero.lu\/de\/produit\/luxemburger-folklore-tanz\"]]}]},{\"@type\":\"ImageObject\",\"inLanguage\":\"de\",\"@id\":\"https:\/\/www.gero.lu\/de\/produit\/luxemburger-folklore-tanz#primaryimage\",\"url\":\"https:\/\/www.gero.lu\/wp-content\/uploads\/2022\/03\/DSC_0142-Aufmacher.jpeg\",\"contentUrl\":\"https:\/\/www.gero.lu\/wp-content\/uploads\/2022\/03\/DSC_0142-Aufmacher.jpeg\",\"width\":1280,\"height\":853},{\"@type\":\"BreadcrumbList\",\"@id\":\"https:\/\/www.gero.lu\/de\/produit\/luxemburger-folklore-tanz#breadcrumb\",\"itemListElement\":[{\"@type\":\"ListItem\",\"position\":1,\"name\":\"Accueil\",\"item\":\"https:\/\/www.gero.lu\/de\/\"},{\"@type\":\"ListItem\",\"position\":2,\"name\":\"Shop\",\"item\":\"https:\/\/www.gero.lu\/de\/shop\"},{\"@type\":\"ListItem\",\"position\":3,\"name\":\"Luxemburger Folklore-Tanz\"}]},{\"@type\":\"WebSite\",\"@id\":\"https:\/\/www.gero.lu\/de\/#website\",\"url\":\"https:\/\/www.gero.lu\/de\/\",\"name\":\"Gero\",\"description\":\"Kompetenzzenter fir den Alter\",\"publisher\":{\"@id\":\"https:\/\/www.gero.lu\/de\/#organization\"},\"potentialAction\":[{\"@type\":\"SearchAction\",\"target\":{\"@type\":\"EntryPoint\",\"urlTemplate\":\"https:\/\/www.gero.lu\/de\/?s={search_term_string}\"},\"query-input\":{\"@type\":\"PropertyValueSpecification\",\"valueRequired\":true,\"valueName\":\"search_term_string\"}}],\"inLanguage\":\"de\"},{\"@type\":\"Organization\",\"@id\":\"https:\/\/www.gero.lu\/de\/#organization\",\"name\":\"Gero\",\"url\":\"https:\/\/www.gero.lu\/de\/\",\"logo\":{\"@type\":\"ImageObject\",\"inLanguage\":\"de\",\"@id\":\"https:\/\/www.gero.lu\/de\/#\/schema\/logo\/image\/\",\"url\":\"https:\/\/www.gero.lu\/wp-content\/uploads\/2024\/04\/logo.svg\",\"contentUrl\":\"https:\/\/www.gero.lu\/wp-content\/uploads\/2024\/04\/logo.svg\",\"width\":76,\"height\":30,\"caption\":\"Gero\"},\"image\":{\"@id\":\"https:\/\/www.gero.lu\/de\/#\/schema\/logo\/image\/\"},\"sameAs\":[\"https:\/\/www.facebook.com\/Kompetenzzenter\/\",\"https:\/\/www.instagram.com\/gero.kompetenzzenter\/\",\"https:\/\/linkedin.com\/company\/gero-kompetenzzenter-fir-den-alter\",\"https:\/\/www.youtube.com\/channel\/UCJvmJYSeHh3dYQsLHZupj-Q\"]}]}<\/script>\n<!-- \/ Yoast SEO Premium plugin. -->","yoast_head_json":{"title":"Luxemburger Folklore-Tanz - GERO","robots":{"index":"index","follow":"follow","max-snippet":"max-snippet:-1","max-image-preview":"max-image-preview:large","max-video-preview":"max-video-preview:-1"},"canonical":"https:\/\/www.gero.lu\/de\/produit\/luxemburger-folklore-tanz","og_locale":"de_DE","og_type":"article","og_title":"Luxemburger Folklore-Tanz","og_description":"Die Luxemburger Folklore-Tanzwelt verbindet auf lebendige Weise Kulturerbe und Geselligkeit. Bei dem Workshop erfolgt zun\u00e4chst eine anschauliche Einf\u00fchrung sowie eine Pr\u00e4sentation einzelner T\u00e4nze und ihrer Symbolik und Gestik. Der praktische Teil umfasst eine Vorf\u00fchrung von traditionellen T\u00e4nzen in Folklorkost\u00fcmen zu Live-Musik. Die Teilnehmer*innen sind herzlich eingeladen mitzumachen. Sofern es die sanit\u00e4re Lage erlaubt, ist ein [&hellip;]","og_url":"https:\/\/www.gero.lu\/de\/produit\/luxemburger-folklore-tanz","og_site_name":"GERO","article_publisher":"https:\/\/www.facebook.com\/Kompetenzzenter\/","article_modified_time":"2022-05-04T14:24:36+00:00","og_image":[{"width":1280,"height":853,"url":"https:\/\/www.gero.lu\/wp-content\/uploads\/2022\/03\/DSC_0142-Aufmacher.jpeg","type":"image\/jpeg"}],"twitter_card":"summary_large_image","twitter_misc":{"Gesch\u00e4tzte Lesezeit":"1\u00a0Minute"},"schema":{"@context":"https:\/\/schema.org","@graph":[{"@type":"WebPage","@id":"https:\/\/www.gero.lu\/de\/produit\/luxemburger-folklore-tanz","url":"https:\/\/www.gero.lu\/de\/produit\/luxemburger-folklore-tanz","name":"Luxemburger Folklore-Tanz - GERO","isPartOf":{"@id":"https:\/\/www.gero.lu\/de\/#website"},"primaryImageOfPage":{"@id":"https:\/\/www.gero.lu\/de\/produit\/luxemburger-folklore-tanz#primaryimage"},"image":{"@id":"https:\/\/www.gero.lu\/produit\/luxemburger-folklore-tanz#primaryimage"},"thumbnailUrl":"https:\/\/www.gero.lu\/wp-content\/uploads\/2022\/03\/DSC_0142-Aufmacher.jpeg","datePublished":"2022-03-01T10:21:29+00:00","dateModified":"2022-05-04T14:24:36+00:00","breadcrumb":{"@id":"https:\/\/www.gero.lu\/de\/produit\/luxemburger-folklore-tanz#breadcrumb"},"inLanguage":"de","potentialAction":[{"@type":"ReadAction","target":[["https:\/\/www.gero.lu\/de\/produit\/luxemburger-folklore-tanz"]]}]},{"@type":"ImageObject","inLanguage":"de","@id":"https:\/\/www.gero.lu\/de\/produit\/luxemburger-folklore-tanz#primaryimage","url":"https:\/\/www.gero.lu\/wp-content\/uploads\/2022\/03\/DSC_0142-Aufmacher.jpeg","contentUrl":"https:\/\/www.gero.lu\/wp-content\/uploads\/2022\/03\/DSC_0142-Aufmacher.jpeg","width":1280,"height":853},{"@type":"BreadcrumbList","@id":"https:\/\/www.gero.lu\/de\/produit\/luxemburger-folklore-tanz#breadcrumb","itemListElement":[{"@type":"ListItem","position":1,"name":"Accueil","item":"https:\/\/www.gero.lu\/de\/"},{"@type":"ListItem","position":2,"name":"Shop","item":"https:\/\/www.gero.lu\/de\/shop"},{"@type":"ListItem","position":3,"name":"Luxemburger Folklore-Tanz"}]},{"@type":"WebSite","@id":"https:\/\/www.gero.lu\/de\/#website","url":"https:\/\/www.gero.lu\/de\/","name":"Gero","description":"Kompetenzzenter fir den Alter","publisher":{"@id":"https:\/\/www.gero.lu\/de\/#organization"},"potentialAction":[{"@type":"SearchAction","target":{"@type":"EntryPoint","urlTemplate":"https:\/\/www.gero.lu\/de\/?s={search_term_string}"},"query-input":{"@type":"PropertyValueSpecification","valueRequired":true,"valueName":"search_term_string"}}],"inLanguage":"de"},{"@type":"Organization","@id":"https:\/\/www.gero.lu\/de\/#organization","name":"Gero","url":"https:\/\/www.gero.lu\/de\/","logo":{"@type":"ImageObject","inLanguage":"de","@id":"https:\/\/www.gero.lu\/de\/#\/schema\/logo\/image\/","url":"https:\/\/www.gero.lu\/wp-content\/uploads\/2024\/04\/logo.svg","contentUrl":"https:\/\/www.gero.lu\/wp-content\/uploads\/2024\/04\/logo.svg","width":76,"height":30,"caption":"Gero"},"image":{"@id":"https:\/\/www.gero.lu\/de\/#\/schema\/logo\/image\/"},"sameAs":["https:\/\/www.facebook.com\/Kompetenzzenter\/","https:\/\/www.instagram.com\/gero.kompetenzzenter\/","https:\/\/linkedin.com\/company\/gero-kompetenzzenter-fir-den-alter","https:\/\/www.youtube.com\/channel\/UCJvmJYSeHh3dYQsLHZupj-Q"]}]}},"_links":{"self":[{"href":"https:\/\/www.gero.lu\/de\/wp-json\/wp\/v2\/product\/3503","targetHints":{"allow":["GET"]}}],"collection":[{"href":"https:\/\/www.gero.lu\/de\/wp-json\/wp\/v2\/product"}],"about":[{"href":"https:\/\/www.gero.lu\/de\/wp-json\/wp\/v2\/types\/product"}],"replies":[{"embeddable":true,"href":"https:\/\/www.gero.lu\/de\/wp-json\/wp\/v2\/comments?post=3503"}],"wp:featuredmedia":[{"embeddable":true,"href":"https:\/\/www.gero.lu\/de\/wp-json\/wp\/v2\/media\/3789"}],"wp:attachment":[{"href":"https:\/\/www.gero.lu\/de\/wp-json\/wp\/v2\/media?parent=3503"}],"wp:term":[{"taxonomy":"product_brand","embeddable":true,"href":"https:\/\/www.gero.lu\/de\/wp-json\/wp\/v2\/product_brand?post=3503"},{"taxonomy":"product_cat","embeddable":true,"href":"https:\/\/www.gero.lu\/de\/wp-json\/wp\/v2\/product_cat?post=3503"},{"taxonomy":"product_tag","embeddable":true,"href":"https:\/\/www.gero.lu\/de\/wp-json\/wp\/v2\/product_tag?post=3503"}],"curies":[{"name":"wp","href":"https:\/\/api.w.org\/{rel}","templated":true}]}}