{"id":3482,"date":"2022-02-25T12:21:26","date_gmt":"2022-02-25T12:21:26","guid":{"rendered":"https:\/\/www.gero.lu\/produit\/testament-und-erbrecht"},"modified":"2022-05-02T11:22:30","modified_gmt":"2022-05-02T11:22:30","slug":"testament-und-erbrecht","status":"publish","type":"product","link":"https:\/\/www.gero.lu\/de\/produit\/testament-und-erbrecht","title":{"rendered":"Testament und Erbrecht"},"content":{"rendered":"<p>Ein Testament (lat. testamentum, von testari<br \/>\n\u201ebezeugen\u201c) ist eine Form der Verf\u00fcgung<br \/>\nvon Todes wegen, die eine Regelung f\u00fcr<br \/>\nden Erbfall vorsieht. Hierdurch kann eine<br \/>\nPerson ihren letzten Willen im Hinblick auf<br \/>\ndie Verteilung ihres Verm\u00f6gens (oder einem<br \/>\nTeil davon) nach ihrem Tod festlegen.<\/p>\n<p>Henri Beck erkl\u00e4rt in diesem Vortrag aus<br \/>\nseiner langj\u00e4hrigen Praxis als fr\u00fcherer<br \/>\nNotar, wann und warum es sinnvoll ist, ein<br \/>\nTestament aufzusetzen. Folgende Fragen<br \/>\nstehen dabei im Mittelpunkt:<\/p>\n<p>Wer kann ein Testament aufsetzen und<br \/>\nwelche Informationen m\u00fcssen darin<br \/>\nenthalten sein? Welche Arten von Testament<br \/>\ngibt es und wie unterscheiden sich diese?<br \/>\nMuss es registriert oder notariell hinterlegt<br \/>\nwerden und wann kann es ge\u00e4ndert oder<br \/>\nwiderrufen werden? Gekl\u00e4rt wird u.a. auch,<br \/>\nwie die gesetzliche Erbfolge geregelt ist,<br \/>\nwenn kein Testament vorliegt und wer<br \/>\nz. B. Anrecht auf einen Pflichtteil hat.<\/p>\n","protected":false},"excerpt":{"rendered":"<p>Ein Testament (lat. testamentum, von testari \u201ebezeugen\u201c) ist eine Form der Verf\u00fcgung von Todes wegen, die eine Regelung f\u00fcr den Erbfall vorsieht. Hierdurch kann eine Person ihren letzten Willen im Hinblick auf die Verteilung ihres Verm\u00f6gens (oder einem Teil davon) nach ihrem Tod festlegen. Henri Beck erkl\u00e4rt in diesem Vortrag aus seiner langj\u00e4hrigen Praxis als [&hellip;]<\/p>\n","protected":false},"featured_media":0,"comment_status":"closed","ping_status":"closed","template":"","meta":{"_acf_changed":false,"inline_featured_image":false},"product_brand":[],"product_cat":[228],"product_tag":[203],"class_list":{"0":"post-3482","1":"product","2":"type-product","3":"status-publish","5":"product_cat-conference","6":"product_tag-connaissance-de-vie-senior","8":"first","9":"outofstock","10":"virtual","11":"purchasable","12":"product-type-simple"},"acf":[],"yoast_head":"<!-- This site is optimized with the Yoast SEO Premium plugin v27.4 (Yoast SEO v27.5) - https:\/\/yoast.com\/product\/yoast-seo-premium-wordpress\/ -->\n<title>Testament und Erbrecht - GERO<\/title>\n<meta name=\"robots\" content=\"index, follow, max-snippet:-1, max-image-preview:large, max-video-preview:-1\" \/>\n<link rel=\"canonical\" href=\"https:\/\/www.gero.lu\/de\/produit\/testament-und-erbrecht\" \/>\n<meta property=\"og:locale\" content=\"de_DE\" \/>\n<meta property=\"og:type\" content=\"article\" \/>\n<meta property=\"og:title\" content=\"Testament und Erbrecht\" \/>\n<meta property=\"og:description\" content=\"Ein Testament (lat. testamentum, von testari \u201ebezeugen\u201c) ist eine Form der Verf\u00fcgung von Todes wegen, die eine Regelung f\u00fcr den Erbfall vorsieht. Hierdurch kann eine Person ihren letzten Willen im Hinblick auf die Verteilung ihres Verm\u00f6gens (oder einem Teil davon) nach ihrem Tod festlegen. Henri Beck erkl\u00e4rt in diesem Vortrag aus seiner langj\u00e4hrigen Praxis als [&hellip;]\" \/>\n<meta property=\"og:url\" content=\"https:\/\/www.gero.lu\/de\/produit\/testament-und-erbrecht\" \/>\n<meta property=\"og:site_name\" content=\"GERO\" \/>\n<meta property=\"article:publisher\" content=\"https:\/\/www.facebook.com\/Kompetenzzenter\/\" \/>\n<meta property=\"article:modified_time\" content=\"2022-05-02T11:22:30+00:00\" \/>\n<meta property=\"og:image\" content=\"https:\/\/www.gero.lu\/wp-content\/uploads\/2021\/08\/gettyimages-1135289130-2048x2048_RET-1.jpg\" \/>\n\t<meta property=\"og:image:width\" content=\"1227\" \/>\n\t<meta property=\"og:image:height\" content=\"802\" \/>\n\t<meta property=\"og:image:type\" content=\"image\/jpeg\" \/>\n<meta name=\"twitter:card\" content=\"summary_large_image\" \/>\n<meta name=\"twitter:label1\" content=\"Gesch\u00e4tzte Lesezeit\" \/>\n\t<meta name=\"twitter:data1\" content=\"1\u00a0Minute\" \/>\n<script type=\"application\/ld+json\" class=\"yoast-schema-graph\">{\"@context\":\"https:\\\/\\\/schema.org\",\"@graph\":[{\"@type\":\"WebPage\",\"@id\":\"https:\\\/\\\/www.gero.lu\\\/de\\\/produit\\\/testament-und-erbrecht\",\"url\":\"https:\\\/\\\/www.gero.lu\\\/de\\\/produit\\\/testament-und-erbrecht\",\"name\":\"Testament und Erbrecht - GERO\",\"isPartOf\":{\"@id\":\"https:\\\/\\\/www.gero.lu\\\/de\\\/#website\"},\"datePublished\":\"2022-02-25T12:21:26+00:00\",\"dateModified\":\"2022-05-02T11:22:30+00:00\",\"breadcrumb\":{\"@id\":\"https:\\\/\\\/www.gero.lu\\\/de\\\/produit\\\/testament-und-erbrecht#breadcrumb\"},\"inLanguage\":\"de\",\"potentialAction\":[{\"@type\":\"ReadAction\",\"target\":[[\"https:\\\/\\\/www.gero.lu\\\/de\\\/produit\\\/testament-und-erbrecht\"]]}]},{\"@type\":\"BreadcrumbList\",\"@id\":\"https:\\\/\\\/www.gero.lu\\\/de\\\/produit\\\/testament-und-erbrecht#breadcrumb\",\"itemListElement\":[{\"@type\":\"ListItem\",\"position\":1,\"name\":\"Accueil\",\"item\":\"https:\\\/\\\/www.gero.lu\\\/de\\\/\"},{\"@type\":\"ListItem\",\"position\":2,\"name\":\"Shop\",\"item\":\"https:\\\/\\\/www.gero.lu\\\/de\\\/shop\"},{\"@type\":\"ListItem\",\"position\":3,\"name\":\"Testament und Erbrecht\"}]},{\"@type\":\"WebSite\",\"@id\":\"https:\\\/\\\/www.gero.lu\\\/de\\\/#website\",\"url\":\"https:\\\/\\\/www.gero.lu\\\/de\\\/\",\"name\":\"Gero\",\"description\":\"Kompetenzzenter fir den Alter\",\"publisher\":{\"@id\":\"https:\\\/\\\/www.gero.lu\\\/de\\\/#organization\"},\"potentialAction\":[{\"@type\":\"SearchAction\",\"target\":{\"@type\":\"EntryPoint\",\"urlTemplate\":\"https:\\\/\\\/www.gero.lu\\\/de\\\/?s={search_term_string}\"},\"query-input\":{\"@type\":\"PropertyValueSpecification\",\"valueRequired\":true,\"valueName\":\"search_term_string\"}}],\"inLanguage\":\"de\"},{\"@type\":\"Organization\",\"@id\":\"https:\\\/\\\/www.gero.lu\\\/de\\\/#organization\",\"name\":\"Gero\",\"url\":\"https:\\\/\\\/www.gero.lu\\\/de\\\/\",\"logo\":{\"@type\":\"ImageObject\",\"inLanguage\":\"de\",\"@id\":\"https:\\\/\\\/www.gero.lu\\\/de\\\/#\\\/schema\\\/logo\\\/image\\\/\",\"url\":\"https:\\\/\\\/www.gero.lu\\\/wp-content\\\/uploads\\\/2024\\\/04\\\/logo.svg\",\"contentUrl\":\"https:\\\/\\\/www.gero.lu\\\/wp-content\\\/uploads\\\/2024\\\/04\\\/logo.svg\",\"width\":76,\"height\":30,\"caption\":\"Gero\"},\"image\":{\"@id\":\"https:\\\/\\\/www.gero.lu\\\/de\\\/#\\\/schema\\\/logo\\\/image\\\/\"},\"sameAs\":[\"https:\\\/\\\/www.facebook.com\\\/Kompetenzzenter\\\/\",\"https:\\\/\\\/www.instagram.com\\\/gero.kompetenzzenter\\\/\",\"https:\\\/\\\/linkedin.com\\\/company\\\/gero-kompetenzzenter-fir-den-alter\",\"https:\\\/\\\/www.youtube.com\\\/channel\\\/UCJvmJYSeHh3dYQsLHZupj-Q\"]}]}<\/script>\n<!-- \/ Yoast SEO Premium plugin. -->","yoast_head_json":{"title":"Testament und Erbrecht - GERO","robots":{"index":"index","follow":"follow","max-snippet":"max-snippet:-1","max-image-preview":"max-image-preview:large","max-video-preview":"max-video-preview:-1"},"canonical":"https:\/\/www.gero.lu\/de\/produit\/testament-und-erbrecht","og_locale":"de_DE","og_type":"article","og_title":"Testament und Erbrecht","og_description":"Ein Testament (lat. testamentum, von testari \u201ebezeugen\u201c) ist eine Form der Verf\u00fcgung von Todes wegen, die eine Regelung f\u00fcr den Erbfall vorsieht. Hierdurch kann eine Person ihren letzten Willen im Hinblick auf die Verteilung ihres Verm\u00f6gens (oder einem Teil davon) nach ihrem Tod festlegen. Henri Beck erkl\u00e4rt in diesem Vortrag aus seiner langj\u00e4hrigen Praxis als [&hellip;]","og_url":"https:\/\/www.gero.lu\/de\/produit\/testament-und-erbrecht","og_site_name":"GERO","article_publisher":"https:\/\/www.facebook.com\/Kompetenzzenter\/","article_modified_time":"2022-05-02T11:22:30+00:00","og_image":[{"width":1227,"height":802,"url":"https:\/\/www.gero.lu\/wp-content\/uploads\/2021\/08\/gettyimages-1135289130-2048x2048_RET-1.jpg","type":"image\/jpeg"}],"twitter_card":"summary_large_image","twitter_misc":{"Gesch\u00e4tzte Lesezeit":"1\u00a0Minute"},"schema":{"@context":"https:\/\/schema.org","@graph":[{"@type":"WebPage","@id":"https:\/\/www.gero.lu\/de\/produit\/testament-und-erbrecht","url":"https:\/\/www.gero.lu\/de\/produit\/testament-und-erbrecht","name":"Testament und Erbrecht - GERO","isPartOf":{"@id":"https:\/\/www.gero.lu\/de\/#website"},"datePublished":"2022-02-25T12:21:26+00:00","dateModified":"2022-05-02T11:22:30+00:00","breadcrumb":{"@id":"https:\/\/www.gero.lu\/de\/produit\/testament-und-erbrecht#breadcrumb"},"inLanguage":"de","potentialAction":[{"@type":"ReadAction","target":[["https:\/\/www.gero.lu\/de\/produit\/testament-und-erbrecht"]]}]},{"@type":"BreadcrumbList","@id":"https:\/\/www.gero.lu\/de\/produit\/testament-und-erbrecht#breadcrumb","itemListElement":[{"@type":"ListItem","position":1,"name":"Accueil","item":"https:\/\/www.gero.lu\/de\/"},{"@type":"ListItem","position":2,"name":"Shop","item":"https:\/\/www.gero.lu\/de\/shop"},{"@type":"ListItem","position":3,"name":"Testament und Erbrecht"}]},{"@type":"WebSite","@id":"https:\/\/www.gero.lu\/de\/#website","url":"https:\/\/www.gero.lu\/de\/","name":"Gero","description":"Kompetenzzenter fir den Alter","publisher":{"@id":"https:\/\/www.gero.lu\/de\/#organization"},"potentialAction":[{"@type":"SearchAction","target":{"@type":"EntryPoint","urlTemplate":"https:\/\/www.gero.lu\/de\/?s={search_term_string}"},"query-input":{"@type":"PropertyValueSpecification","valueRequired":true,"valueName":"search_term_string"}}],"inLanguage":"de"},{"@type":"Organization","@id":"https:\/\/www.gero.lu\/de\/#organization","name":"Gero","url":"https:\/\/www.gero.lu\/de\/","logo":{"@type":"ImageObject","inLanguage":"de","@id":"https:\/\/www.gero.lu\/de\/#\/schema\/logo\/image\/","url":"https:\/\/www.gero.lu\/wp-content\/uploads\/2024\/04\/logo.svg","contentUrl":"https:\/\/www.gero.lu\/wp-content\/uploads\/2024\/04\/logo.svg","width":76,"height":30,"caption":"Gero"},"image":{"@id":"https:\/\/www.gero.lu\/de\/#\/schema\/logo\/image\/"},"sameAs":["https:\/\/www.facebook.com\/Kompetenzzenter\/","https:\/\/www.instagram.com\/gero.kompetenzzenter\/","https:\/\/linkedin.com\/company\/gero-kompetenzzenter-fir-den-alter","https:\/\/www.youtube.com\/channel\/UCJvmJYSeHh3dYQsLHZupj-Q"]}]}},"_links":{"self":[{"href":"https:\/\/www.gero.lu\/de\/wp-json\/wp\/v2\/product\/3482","targetHints":{"allow":["GET"]}}],"collection":[{"href":"https:\/\/www.gero.lu\/de\/wp-json\/wp\/v2\/product"}],"about":[{"href":"https:\/\/www.gero.lu\/de\/wp-json\/wp\/v2\/types\/product"}],"replies":[{"embeddable":true,"href":"https:\/\/www.gero.lu\/de\/wp-json\/wp\/v2\/comments?post=3482"}],"wp:attachment":[{"href":"https:\/\/www.gero.lu\/de\/wp-json\/wp\/v2\/media?parent=3482"}],"wp:term":[{"taxonomy":"product_brand","embeddable":true,"href":"https:\/\/www.gero.lu\/de\/wp-json\/wp\/v2\/product_brand?post=3482"},{"taxonomy":"product_cat","embeddable":true,"href":"https:\/\/www.gero.lu\/de\/wp-json\/wp\/v2\/product_cat?post=3482"},{"taxonomy":"product_tag","embeddable":true,"href":"https:\/\/www.gero.lu\/de\/wp-json\/wp\/v2\/product_tag?post=3482"}],"curies":[{"name":"wp","href":"https:\/\/api.w.org\/{rel}","templated":true}]}}