{"id":3444,"date":"2022-02-23T14:40:07","date_gmt":"2022-02-23T14:40:07","guid":{"rendered":"https:\/\/www.gero.lu\/?post_type=product&#038;p=3444"},"modified":"2022-03-25T14:10:34","modified_gmt":"2022-03-25T14:10:34","slug":"kultura","status":"publish","type":"product","link":"https:\/\/www.gero.lu\/de\/produit\/kultura","title":{"rendered":"Kultura"},"content":{"rendered":"","protected":false},"excerpt":{"rendered":"<p>&#8222;Luxemburg und seine Einwohner in 7 Kategorien von Fragen&#8220;<\/p>\n<p>Dieses interkulturelle Spiel f\u00f6rdert des Austausch zwischen den Teilnehmern verschiedener Nationalit\u00e4ten.<\/p>\n<p>Das Spiel besteht aus 88 Spielkarten. Das Ziel des Spiels besteht darin, dass die Teilnehmer sich \u00fcber ihre Gewohnheiten und Traditionen ihres Heimatlandes austauschen.<\/p>\n<p>Weitere Informationen zur Entstehung des Spiels: <strong><a href=\"https:\/\/www.gero.lu\/fr\/infos\/kultura\">Kultura \u2013 Gero<\/a><\/strong><\/p>\n","protected":false},"featured_media":3445,"comment_status":"closed","ping_status":"closed","template":"","meta":{"_acf_changed":false,"inline_featured_image":false},"product_brand":[],"product_cat":[53,55],"product_tag":[],"class_list":{"0":"post-3444","1":"product","2":"type-product","3":"status-publish","4":"has-post-thumbnail","6":"product_cat-produits","7":"product_cat-jeux","9":"first","10":"instock","11":"shipping-taxable","12":"purchasable","13":"product-type-simple"},"acf":[],"yoast_head":"<!-- This site is optimized with the Yoast SEO Premium plugin v26.5 (Yoast SEO v26.5) - https:\/\/yoast.com\/wordpress\/plugins\/seo\/ -->\n<title>Kultura - GERO<\/title>\n<meta name=\"robots\" content=\"index, follow, max-snippet:-1, max-image-preview:large, max-video-preview:-1\" \/>\n<link rel=\"canonical\" href=\"https:\/\/www.gero.lu\/de\/produit\/kultura\" \/>\n<meta property=\"og:locale\" content=\"de_DE\" \/>\n<meta property=\"og:type\" content=\"article\" \/>\n<meta property=\"og:title\" content=\"Kultura\" \/>\n<meta property=\"og:description\" content=\"&quot;Luxemburg und seine Einwohner in 7 Kategorien von Fragen&quot;  Dieses interkulturelle Spiel f\u00f6rdert des Austausch zwischen den Teilnehmern verschiedener Nationalit\u00e4ten.  Das Spiel besteht aus 88 Spielkarten. Das Ziel des Spiels besteht darin, dass die Teilnehmer sich \u00fcber ihre Gewohnheiten und Traditionen ihres Heimatlandes austauschen.  Weitere Informationen zur Entstehung des Spiels: Kultura \u2013 Gero\" \/>\n<meta property=\"og:url\" content=\"https:\/\/www.gero.lu\/de\/produit\/kultura\" \/>\n<meta property=\"og:site_name\" content=\"GERO\" \/>\n<meta property=\"article:publisher\" content=\"https:\/\/www.facebook.com\/Kompetenzzenter\/\" \/>\n<meta property=\"article:modified_time\" content=\"2022-03-25T14:10:34+00:00\" \/>\n<meta property=\"og:image\" content=\"https:\/\/www.gero.lu\/wp-content\/uploads\/2022\/02\/Kultura-Kescht-Vue1-1.png\" \/>\n\t<meta property=\"og:image:width\" content=\"1357\" \/>\n\t<meta property=\"og:image:height\" content=\"1920\" \/>\n\t<meta property=\"og:image:type\" content=\"image\/png\" \/>\n<meta name=\"twitter:card\" content=\"summary_large_image\" \/>\n<script type=\"application\/ld+json\" class=\"yoast-schema-graph\">{\"@context\":\"https:\/\/schema.org\",\"@graph\":[{\"@type\":\"WebPage\",\"@id\":\"https:\/\/www.gero.lu\/de\/produit\/kultura\",\"url\":\"https:\/\/www.gero.lu\/de\/produit\/kultura\",\"name\":\"Kultura - GERO\",\"isPartOf\":{\"@id\":\"https:\/\/www.gero.lu\/de\/#website\"},\"primaryImageOfPage\":{\"@id\":\"https:\/\/www.gero.lu\/de\/produit\/kultura#primaryimage\"},\"image\":{\"@id\":\"https:\/\/www.gero.lu\/produit\/kultura#primaryimage\"},\"thumbnailUrl\":\"https:\/\/www.gero.lu\/wp-content\/uploads\/2022\/02\/Kultura-Kescht-Vue1-1.png\",\"datePublished\":\"2022-02-23T14:40:07+00:00\",\"dateModified\":\"2022-03-25T14:10:34+00:00\",\"breadcrumb\":{\"@id\":\"https:\/\/www.gero.lu\/de\/produit\/kultura#breadcrumb\"},\"inLanguage\":\"de\",\"potentialAction\":[{\"@type\":\"ReadAction\",\"target\":[[\"https:\/\/www.gero.lu\/de\/produit\/kultura\"]]}]},{\"@type\":\"ImageObject\",\"inLanguage\":\"de\",\"@id\":\"https:\/\/www.gero.lu\/de\/produit\/kultura#primaryimage\",\"url\":\"https:\/\/www.gero.lu\/wp-content\/uploads\/2022\/02\/Kultura-Kescht-Vue1-1.png\",\"contentUrl\":\"https:\/\/www.gero.lu\/wp-content\/uploads\/2022\/02\/Kultura-Kescht-Vue1-1.png\",\"width\":1357,\"height\":1920},{\"@type\":\"BreadcrumbList\",\"@id\":\"https:\/\/www.gero.lu\/de\/produit\/kultura#breadcrumb\",\"itemListElement\":[{\"@type\":\"ListItem\",\"position\":1,\"name\":\"Accueil\",\"item\":\"https:\/\/www.gero.lu\/de\/\"},{\"@type\":\"ListItem\",\"position\":2,\"name\":\"Shop\",\"item\":\"https:\/\/www.gero.lu\/de\/shop\"},{\"@type\":\"ListItem\",\"position\":3,\"name\":\"Kultura\"}]},{\"@type\":\"WebSite\",\"@id\":\"https:\/\/www.gero.lu\/de\/#website\",\"url\":\"https:\/\/www.gero.lu\/de\/\",\"name\":\"Gero\",\"description\":\"Kompetenzzenter fir den Alter\",\"publisher\":{\"@id\":\"https:\/\/www.gero.lu\/de\/#organization\"},\"potentialAction\":[{\"@type\":\"SearchAction\",\"target\":{\"@type\":\"EntryPoint\",\"urlTemplate\":\"https:\/\/www.gero.lu\/de\/?s={search_term_string}\"},\"query-input\":{\"@type\":\"PropertyValueSpecification\",\"valueRequired\":true,\"valueName\":\"search_term_string\"}}],\"inLanguage\":\"de\"},{\"@type\":\"Organization\",\"@id\":\"https:\/\/www.gero.lu\/de\/#organization\",\"name\":\"Gero\",\"url\":\"https:\/\/www.gero.lu\/de\/\",\"logo\":{\"@type\":\"ImageObject\",\"inLanguage\":\"de\",\"@id\":\"https:\/\/www.gero.lu\/de\/#\/schema\/logo\/image\/\",\"url\":\"https:\/\/www.gero.lu\/wp-content\/uploads\/2024\/04\/logo.svg\",\"contentUrl\":\"https:\/\/www.gero.lu\/wp-content\/uploads\/2024\/04\/logo.svg\",\"width\":76,\"height\":30,\"caption\":\"Gero\"},\"image\":{\"@id\":\"https:\/\/www.gero.lu\/de\/#\/schema\/logo\/image\/\"},\"sameAs\":[\"https:\/\/www.facebook.com\/Kompetenzzenter\/\",\"https:\/\/www.instagram.com\/gero.kompetenzzenter\/\",\"https:\/\/linkedin.com\/company\/gero-kompetenzzenter-fir-den-alter\",\"https:\/\/www.youtube.com\/channel\/UCJvmJYSeHh3dYQsLHZupj-Q\"]}]}<\/script>\n<!-- \/ Yoast SEO Premium plugin. -->","yoast_head_json":{"title":"Kultura - GERO","robots":{"index":"index","follow":"follow","max-snippet":"max-snippet:-1","max-image-preview":"max-image-preview:large","max-video-preview":"max-video-preview:-1"},"canonical":"https:\/\/www.gero.lu\/de\/produit\/kultura","og_locale":"de_DE","og_type":"article","og_title":"Kultura","og_description":"\"Luxemburg und seine Einwohner in 7 Kategorien von Fragen\"  Dieses interkulturelle Spiel f\u00f6rdert des Austausch zwischen den Teilnehmern verschiedener Nationalit\u00e4ten.  Das Spiel besteht aus 88 Spielkarten. Das Ziel des Spiels besteht darin, dass die Teilnehmer sich \u00fcber ihre Gewohnheiten und Traditionen ihres Heimatlandes austauschen.  Weitere Informationen zur Entstehung des Spiels: Kultura \u2013 Gero","og_url":"https:\/\/www.gero.lu\/de\/produit\/kultura","og_site_name":"GERO","article_publisher":"https:\/\/www.facebook.com\/Kompetenzzenter\/","article_modified_time":"2022-03-25T14:10:34+00:00","og_image":[{"width":1357,"height":1920,"url":"https:\/\/www.gero.lu\/wp-content\/uploads\/2022\/02\/Kultura-Kescht-Vue1-1.png","type":"image\/png"}],"twitter_card":"summary_large_image","schema":{"@context":"https:\/\/schema.org","@graph":[{"@type":"WebPage","@id":"https:\/\/www.gero.lu\/de\/produit\/kultura","url":"https:\/\/www.gero.lu\/de\/produit\/kultura","name":"Kultura - GERO","isPartOf":{"@id":"https:\/\/www.gero.lu\/de\/#website"},"primaryImageOfPage":{"@id":"https:\/\/www.gero.lu\/de\/produit\/kultura#primaryimage"},"image":{"@id":"https:\/\/www.gero.lu\/produit\/kultura#primaryimage"},"thumbnailUrl":"https:\/\/www.gero.lu\/wp-content\/uploads\/2022\/02\/Kultura-Kescht-Vue1-1.png","datePublished":"2022-02-23T14:40:07+00:00","dateModified":"2022-03-25T14:10:34+00:00","breadcrumb":{"@id":"https:\/\/www.gero.lu\/de\/produit\/kultura#breadcrumb"},"inLanguage":"de","potentialAction":[{"@type":"ReadAction","target":[["https:\/\/www.gero.lu\/de\/produit\/kultura"]]}]},{"@type":"ImageObject","inLanguage":"de","@id":"https:\/\/www.gero.lu\/de\/produit\/kultura#primaryimage","url":"https:\/\/www.gero.lu\/wp-content\/uploads\/2022\/02\/Kultura-Kescht-Vue1-1.png","contentUrl":"https:\/\/www.gero.lu\/wp-content\/uploads\/2022\/02\/Kultura-Kescht-Vue1-1.png","width":1357,"height":1920},{"@type":"BreadcrumbList","@id":"https:\/\/www.gero.lu\/de\/produit\/kultura#breadcrumb","itemListElement":[{"@type":"ListItem","position":1,"name":"Accueil","item":"https:\/\/www.gero.lu\/de\/"},{"@type":"ListItem","position":2,"name":"Shop","item":"https:\/\/www.gero.lu\/de\/shop"},{"@type":"ListItem","position":3,"name":"Kultura"}]},{"@type":"WebSite","@id":"https:\/\/www.gero.lu\/de\/#website","url":"https:\/\/www.gero.lu\/de\/","name":"Gero","description":"Kompetenzzenter fir den Alter","publisher":{"@id":"https:\/\/www.gero.lu\/de\/#organization"},"potentialAction":[{"@type":"SearchAction","target":{"@type":"EntryPoint","urlTemplate":"https:\/\/www.gero.lu\/de\/?s={search_term_string}"},"query-input":{"@type":"PropertyValueSpecification","valueRequired":true,"valueName":"search_term_string"}}],"inLanguage":"de"},{"@type":"Organization","@id":"https:\/\/www.gero.lu\/de\/#organization","name":"Gero","url":"https:\/\/www.gero.lu\/de\/","logo":{"@type":"ImageObject","inLanguage":"de","@id":"https:\/\/www.gero.lu\/de\/#\/schema\/logo\/image\/","url":"https:\/\/www.gero.lu\/wp-content\/uploads\/2024\/04\/logo.svg","contentUrl":"https:\/\/www.gero.lu\/wp-content\/uploads\/2024\/04\/logo.svg","width":76,"height":30,"caption":"Gero"},"image":{"@id":"https:\/\/www.gero.lu\/de\/#\/schema\/logo\/image\/"},"sameAs":["https:\/\/www.facebook.com\/Kompetenzzenter\/","https:\/\/www.instagram.com\/gero.kompetenzzenter\/","https:\/\/linkedin.com\/company\/gero-kompetenzzenter-fir-den-alter","https:\/\/www.youtube.com\/channel\/UCJvmJYSeHh3dYQsLHZupj-Q"]}]}},"_links":{"self":[{"href":"https:\/\/www.gero.lu\/de\/wp-json\/wp\/v2\/product\/3444","targetHints":{"allow":["GET"]}}],"collection":[{"href":"https:\/\/www.gero.lu\/de\/wp-json\/wp\/v2\/product"}],"about":[{"href":"https:\/\/www.gero.lu\/de\/wp-json\/wp\/v2\/types\/product"}],"replies":[{"embeddable":true,"href":"https:\/\/www.gero.lu\/de\/wp-json\/wp\/v2\/comments?post=3444"}],"wp:featuredmedia":[{"embeddable":true,"href":"https:\/\/www.gero.lu\/de\/wp-json\/wp\/v2\/media\/3445"}],"wp:attachment":[{"href":"https:\/\/www.gero.lu\/de\/wp-json\/wp\/v2\/media?parent=3444"}],"wp:term":[{"taxonomy":"product_brand","embeddable":true,"href":"https:\/\/www.gero.lu\/de\/wp-json\/wp\/v2\/product_brand?post=3444"},{"taxonomy":"product_cat","embeddable":true,"href":"https:\/\/www.gero.lu\/de\/wp-json\/wp\/v2\/product_cat?post=3444"},{"taxonomy":"product_tag","embeddable":true,"href":"https:\/\/www.gero.lu\/de\/wp-json\/wp\/v2\/product_tag?post=3444"}],"curies":[{"name":"wp","href":"https:\/\/api.w.org\/{rel}","templated":true}]}}