{"id":3381,"date":"2022-02-22T13:55:55","date_gmt":"2022-02-22T13:55:55","guid":{"rendered":"https:\/\/www.gero.lu\/produit\/atherische-ole-bei-demenzkranken"},"modified":"2022-06-03T07:22:05","modified_gmt":"2022-06-03T07:22:05","slug":"atherische-ole-bei-demenzkranken","status":"publish","type":"product","link":"https:\/\/www.gero.lu\/de\/produit\/atherische-ole-bei-demenzkranken","title":{"rendered":"\u00c4therische \u00d6le bei Demenzkranken"},"content":{"rendered":"<p>Aromatherapie f\u00fcr Fortgeschrittene<br \/>\nAlte Menschen ben\u00f6tigen eine ganzheitliche Begleitung und Pflege, vor allem dann, wenn sie von einer Demenzerkrankung betroffen sind. Mit \u00e4therischen \u00d6len k\u00f6nnen ihr Wohlbefinden und ihre Lebensqualit\u00e4t positiv beeinflusst und gesteigert werden. Die Kombination von \u00e4therischen \u00d6len, Aromamassage und Elementen der basalen Stimulation helfen, typischen Problemstellungen auf spezifische Weise zu begegnen.<\/p>\n<p>In diesem Seminar werden wir uns mit folgenden Fragen besch\u00e4ftigen:<br \/>\n\u2022\tPflegeprobleme beim Umgang mit Menschen mit Demenz<br \/>\n\u2022\tGed\u00e4chtnisstimulation und sanfte Entspannung mit \u00e4therischen \u00d6len<br \/>\n\u2022\tDer Einfluss von Ber\u00fchrungsqualit\u00e4t  und Aromapflege bei alten Menschen<br \/>\n\u2022\tAromamassagen und \u00d6lauflagen mit \u00e4therischen \u00d6len<br \/>\n\u2022\tVorstellung spezieller \u00e4therischer \u00d6le f\u00fcr die Altenpflege<\/p>\n","protected":false},"excerpt":{"rendered":"<p>Aromatherapie f\u00fcr Fortgeschrittene Alte Menschen ben\u00f6tigen eine ganzheitliche Begleitung und Pflege, vor allem dann, wenn sie von einer Demenzerkrankung betroffen sind. Mit \u00e4therischen \u00d6len k\u00f6nnen ihr Wohlbefinden und ihre Lebensqualit\u00e4t positiv beeinflusst und gesteigert werden. Die Kombination von \u00e4therischen \u00d6len, Aromamassage und Elementen der basalen Stimulation helfen, typischen Problemstellungen auf spezifische Weise zu begegnen. In [&hellip;]<\/p>\n","protected":false},"featured_media":3824,"comment_status":"closed","ping_status":"closed","template":"","meta":{"_acf_changed":false,"inline_featured_image":false},"product_brand":[],"product_cat":[241],"product_tag":[237],"class_list":{"0":"post-3381","1":"product","2":"type-product","3":"status-publish","4":"has-post-thumbnail","6":"product_cat-workshop-pro","7":"product_tag-soins-encadrement-therapie-pro","9":"first","10":"instock","11":"virtual","12":"purchasable","13":"product-type-simple"},"acf":[],"yoast_head":"<!-- This site is optimized with the Yoast SEO Premium plugin v27.4 (Yoast SEO v27.4) - https:\/\/yoast.com\/product\/yoast-seo-premium-wordpress\/ -->\n<title>\u00c4therische \u00d6le bei Demenzkranken - GERO<\/title>\n<meta name=\"robots\" content=\"index, follow, max-snippet:-1, max-image-preview:large, max-video-preview:-1\" \/>\n<link rel=\"canonical\" href=\"https:\/\/www.gero.lu\/de\/produit\/atherische-ole-bei-demenzkranken\" \/>\n<meta property=\"og:locale\" content=\"de_DE\" \/>\n<meta property=\"og:type\" content=\"article\" \/>\n<meta property=\"og:title\" content=\"\u00c4therische \u00d6le bei Demenzkranken\" \/>\n<meta property=\"og:description\" content=\"Aromatherapie f\u00fcr Fortgeschrittene Alte Menschen ben\u00f6tigen eine ganzheitliche Begleitung und Pflege, vor allem dann, wenn sie von einer Demenzerkrankung betroffen sind. Mit \u00e4therischen \u00d6len k\u00f6nnen ihr Wohlbefinden und ihre Lebensqualit\u00e4t positiv beeinflusst und gesteigert werden. Die Kombination von \u00e4therischen \u00d6len, Aromamassage und Elementen der basalen Stimulation helfen, typischen Problemstellungen auf spezifische Weise zu begegnen. In [&hellip;]\" \/>\n<meta property=\"og:url\" content=\"https:\/\/www.gero.lu\/de\/produit\/atherische-ole-bei-demenzkranken\" \/>\n<meta property=\"og:site_name\" content=\"GERO\" \/>\n<meta property=\"article:publisher\" content=\"https:\/\/www.facebook.com\/Kompetenzzenter\/\" \/>\n<meta property=\"article:modified_time\" content=\"2022-06-03T07:22:05+00:00\" \/>\n<meta property=\"og:image\" content=\"https:\/\/www.gero.lu\/wp-content\/uploads\/2022\/02\/Aromatherapie-Fotolia_85645515_M.jpg\" \/>\n\t<meta property=\"og:image:width\" content=\"1125\" \/>\n\t<meta property=\"og:image:height\" content=\"1688\" \/>\n\t<meta property=\"og:image:type\" content=\"image\/jpeg\" \/>\n<meta name=\"twitter:card\" content=\"summary_large_image\" \/>\n<meta name=\"twitter:label1\" content=\"Gesch\u00e4tzte Lesezeit\" \/>\n\t<meta name=\"twitter:data1\" content=\"1\u00a0Minute\" \/>\n<script type=\"application\/ld+json\" class=\"yoast-schema-graph\">{\"@context\":\"https:\\\/\\\/schema.org\",\"@graph\":[{\"@type\":\"WebPage\",\"@id\":\"https:\\\/\\\/www.gero.lu\\\/de\\\/produit\\\/atherische-ole-bei-demenzkranken\",\"url\":\"https:\\\/\\\/www.gero.lu\\\/de\\\/produit\\\/atherische-ole-bei-demenzkranken\",\"name\":\"\u00c4therische \u00d6le bei Demenzkranken - GERO\",\"isPartOf\":{\"@id\":\"https:\\\/\\\/www.gero.lu\\\/de\\\/#website\"},\"primaryImageOfPage\":{\"@id\":\"https:\\\/\\\/www.gero.lu\\\/de\\\/produit\\\/atherische-ole-bei-demenzkranken#primaryimage\"},\"image\":{\"@id\":\"https:\\\/\\\/www.gero.lu\\\/produit\\\/atherische-ole-bei-demenzkranken#primaryimage\"},\"thumbnailUrl\":\"https:\\\/\\\/www.gero.lu\\\/wp-content\\\/uploads\\\/2022\\\/02\\\/Aromatherapie-Fotolia_85645515_M.jpg\",\"datePublished\":\"2022-02-22T13:55:55+00:00\",\"dateModified\":\"2022-06-03T07:22:05+00:00\",\"breadcrumb\":{\"@id\":\"https:\\\/\\\/www.gero.lu\\\/de\\\/produit\\\/atherische-ole-bei-demenzkranken#breadcrumb\"},\"inLanguage\":\"de\",\"potentialAction\":[{\"@type\":\"ReadAction\",\"target\":[[\"https:\\\/\\\/www.gero.lu\\\/de\\\/produit\\\/atherische-ole-bei-demenzkranken\"]]}]},{\"@type\":\"ImageObject\",\"inLanguage\":\"de\",\"@id\":\"https:\\\/\\\/www.gero.lu\\\/de\\\/produit\\\/atherische-ole-bei-demenzkranken#primaryimage\",\"url\":\"https:\\\/\\\/www.gero.lu\\\/wp-content\\\/uploads\\\/2022\\\/02\\\/Aromatherapie-Fotolia_85645515_M.jpg\",\"contentUrl\":\"https:\\\/\\\/www.gero.lu\\\/wp-content\\\/uploads\\\/2022\\\/02\\\/Aromatherapie-Fotolia_85645515_M.jpg\",\"width\":1125,\"height\":1688,\"caption\":\"essential oils and medical flowers herbs\"},{\"@type\":\"BreadcrumbList\",\"@id\":\"https:\\\/\\\/www.gero.lu\\\/de\\\/produit\\\/atherische-ole-bei-demenzkranken#breadcrumb\",\"itemListElement\":[{\"@type\":\"ListItem\",\"position\":1,\"name\":\"Accueil\",\"item\":\"https:\\\/\\\/www.gero.lu\\\/de\\\/\"},{\"@type\":\"ListItem\",\"position\":2,\"name\":\"Shop\",\"item\":\"https:\\\/\\\/www.gero.lu\\\/de\\\/shop\"},{\"@type\":\"ListItem\",\"position\":3,\"name\":\"\u00c4therische \u00d6le bei Demenzkranken\"}]},{\"@type\":\"WebSite\",\"@id\":\"https:\\\/\\\/www.gero.lu\\\/de\\\/#website\",\"url\":\"https:\\\/\\\/www.gero.lu\\\/de\\\/\",\"name\":\"Gero\",\"description\":\"Kompetenzzenter fir den Alter\",\"publisher\":{\"@id\":\"https:\\\/\\\/www.gero.lu\\\/de\\\/#organization\"},\"potentialAction\":[{\"@type\":\"SearchAction\",\"target\":{\"@type\":\"EntryPoint\",\"urlTemplate\":\"https:\\\/\\\/www.gero.lu\\\/de\\\/?s={search_term_string}\"},\"query-input\":{\"@type\":\"PropertyValueSpecification\",\"valueRequired\":true,\"valueName\":\"search_term_string\"}}],\"inLanguage\":\"de\"},{\"@type\":\"Organization\",\"@id\":\"https:\\\/\\\/www.gero.lu\\\/de\\\/#organization\",\"name\":\"Gero\",\"url\":\"https:\\\/\\\/www.gero.lu\\\/de\\\/\",\"logo\":{\"@type\":\"ImageObject\",\"inLanguage\":\"de\",\"@id\":\"https:\\\/\\\/www.gero.lu\\\/de\\\/#\\\/schema\\\/logo\\\/image\\\/\",\"url\":\"https:\\\/\\\/www.gero.lu\\\/wp-content\\\/uploads\\\/2024\\\/04\\\/logo.svg\",\"contentUrl\":\"https:\\\/\\\/www.gero.lu\\\/wp-content\\\/uploads\\\/2024\\\/04\\\/logo.svg\",\"width\":76,\"height\":30,\"caption\":\"Gero\"},\"image\":{\"@id\":\"https:\\\/\\\/www.gero.lu\\\/de\\\/#\\\/schema\\\/logo\\\/image\\\/\"},\"sameAs\":[\"https:\\\/\\\/www.facebook.com\\\/Kompetenzzenter\\\/\",\"https:\\\/\\\/www.instagram.com\\\/gero.kompetenzzenter\\\/\",\"https:\\\/\\\/linkedin.com\\\/company\\\/gero-kompetenzzenter-fir-den-alter\",\"https:\\\/\\\/www.youtube.com\\\/channel\\\/UCJvmJYSeHh3dYQsLHZupj-Q\"]}]}<\/script>\n<!-- \/ Yoast SEO Premium plugin. -->","yoast_head_json":{"title":"\u00c4therische \u00d6le bei Demenzkranken - GERO","robots":{"index":"index","follow":"follow","max-snippet":"max-snippet:-1","max-image-preview":"max-image-preview:large","max-video-preview":"max-video-preview:-1"},"canonical":"https:\/\/www.gero.lu\/de\/produit\/atherische-ole-bei-demenzkranken","og_locale":"de_DE","og_type":"article","og_title":"\u00c4therische \u00d6le bei Demenzkranken","og_description":"Aromatherapie f\u00fcr Fortgeschrittene Alte Menschen ben\u00f6tigen eine ganzheitliche Begleitung und Pflege, vor allem dann, wenn sie von einer Demenzerkrankung betroffen sind. Mit \u00e4therischen \u00d6len k\u00f6nnen ihr Wohlbefinden und ihre Lebensqualit\u00e4t positiv beeinflusst und gesteigert werden. Die Kombination von \u00e4therischen \u00d6len, Aromamassage und Elementen der basalen Stimulation helfen, typischen Problemstellungen auf spezifische Weise zu begegnen. In [&hellip;]","og_url":"https:\/\/www.gero.lu\/de\/produit\/atherische-ole-bei-demenzkranken","og_site_name":"GERO","article_publisher":"https:\/\/www.facebook.com\/Kompetenzzenter\/","article_modified_time":"2022-06-03T07:22:05+00:00","og_image":[{"width":1125,"height":1688,"url":"https:\/\/www.gero.lu\/wp-content\/uploads\/2022\/02\/Aromatherapie-Fotolia_85645515_M.jpg","type":"image\/jpeg"}],"twitter_card":"summary_large_image","twitter_misc":{"Gesch\u00e4tzte Lesezeit":"1\u00a0Minute"},"schema":{"@context":"https:\/\/schema.org","@graph":[{"@type":"WebPage","@id":"https:\/\/www.gero.lu\/de\/produit\/atherische-ole-bei-demenzkranken","url":"https:\/\/www.gero.lu\/de\/produit\/atherische-ole-bei-demenzkranken","name":"\u00c4therische \u00d6le bei Demenzkranken - GERO","isPartOf":{"@id":"https:\/\/www.gero.lu\/de\/#website"},"primaryImageOfPage":{"@id":"https:\/\/www.gero.lu\/de\/produit\/atherische-ole-bei-demenzkranken#primaryimage"},"image":{"@id":"https:\/\/www.gero.lu\/produit\/atherische-ole-bei-demenzkranken#primaryimage"},"thumbnailUrl":"https:\/\/www.gero.lu\/wp-content\/uploads\/2022\/02\/Aromatherapie-Fotolia_85645515_M.jpg","datePublished":"2022-02-22T13:55:55+00:00","dateModified":"2022-06-03T07:22:05+00:00","breadcrumb":{"@id":"https:\/\/www.gero.lu\/de\/produit\/atherische-ole-bei-demenzkranken#breadcrumb"},"inLanguage":"de","potentialAction":[{"@type":"ReadAction","target":[["https:\/\/www.gero.lu\/de\/produit\/atherische-ole-bei-demenzkranken"]]}]},{"@type":"ImageObject","inLanguage":"de","@id":"https:\/\/www.gero.lu\/de\/produit\/atherische-ole-bei-demenzkranken#primaryimage","url":"https:\/\/www.gero.lu\/wp-content\/uploads\/2022\/02\/Aromatherapie-Fotolia_85645515_M.jpg","contentUrl":"https:\/\/www.gero.lu\/wp-content\/uploads\/2022\/02\/Aromatherapie-Fotolia_85645515_M.jpg","width":1125,"height":1688,"caption":"essential oils and medical flowers herbs"},{"@type":"BreadcrumbList","@id":"https:\/\/www.gero.lu\/de\/produit\/atherische-ole-bei-demenzkranken#breadcrumb","itemListElement":[{"@type":"ListItem","position":1,"name":"Accueil","item":"https:\/\/www.gero.lu\/de\/"},{"@type":"ListItem","position":2,"name":"Shop","item":"https:\/\/www.gero.lu\/de\/shop"},{"@type":"ListItem","position":3,"name":"\u00c4therische \u00d6le bei Demenzkranken"}]},{"@type":"WebSite","@id":"https:\/\/www.gero.lu\/de\/#website","url":"https:\/\/www.gero.lu\/de\/","name":"Gero","description":"Kompetenzzenter fir den Alter","publisher":{"@id":"https:\/\/www.gero.lu\/de\/#organization"},"potentialAction":[{"@type":"SearchAction","target":{"@type":"EntryPoint","urlTemplate":"https:\/\/www.gero.lu\/de\/?s={search_term_string}"},"query-input":{"@type":"PropertyValueSpecification","valueRequired":true,"valueName":"search_term_string"}}],"inLanguage":"de"},{"@type":"Organization","@id":"https:\/\/www.gero.lu\/de\/#organization","name":"Gero","url":"https:\/\/www.gero.lu\/de\/","logo":{"@type":"ImageObject","inLanguage":"de","@id":"https:\/\/www.gero.lu\/de\/#\/schema\/logo\/image\/","url":"https:\/\/www.gero.lu\/wp-content\/uploads\/2024\/04\/logo.svg","contentUrl":"https:\/\/www.gero.lu\/wp-content\/uploads\/2024\/04\/logo.svg","width":76,"height":30,"caption":"Gero"},"image":{"@id":"https:\/\/www.gero.lu\/de\/#\/schema\/logo\/image\/"},"sameAs":["https:\/\/www.facebook.com\/Kompetenzzenter\/","https:\/\/www.instagram.com\/gero.kompetenzzenter\/","https:\/\/linkedin.com\/company\/gero-kompetenzzenter-fir-den-alter","https:\/\/www.youtube.com\/channel\/UCJvmJYSeHh3dYQsLHZupj-Q"]}]}},"_links":{"self":[{"href":"https:\/\/www.gero.lu\/de\/wp-json\/wp\/v2\/product\/3381","targetHints":{"allow":["GET"]}}],"collection":[{"href":"https:\/\/www.gero.lu\/de\/wp-json\/wp\/v2\/product"}],"about":[{"href":"https:\/\/www.gero.lu\/de\/wp-json\/wp\/v2\/types\/product"}],"replies":[{"embeddable":true,"href":"https:\/\/www.gero.lu\/de\/wp-json\/wp\/v2\/comments?post=3381"}],"wp:featuredmedia":[{"embeddable":true,"href":"https:\/\/www.gero.lu\/de\/wp-json\/wp\/v2\/media\/3824"}],"wp:attachment":[{"href":"https:\/\/www.gero.lu\/de\/wp-json\/wp\/v2\/media?parent=3381"}],"wp:term":[{"taxonomy":"product_brand","embeddable":true,"href":"https:\/\/www.gero.lu\/de\/wp-json\/wp\/v2\/product_brand?post=3381"},{"taxonomy":"product_cat","embeddable":true,"href":"https:\/\/www.gero.lu\/de\/wp-json\/wp\/v2\/product_cat?post=3381"},{"taxonomy":"product_tag","embeddable":true,"href":"https:\/\/www.gero.lu\/de\/wp-json\/wp\/v2\/product_tag?post=3381"}],"curies":[{"name":"wp","href":"https:\/\/api.w.org\/{rel}","templated":true}]}}