{"id":3372,"date":"2022-02-22T13:55:53","date_gmt":"2022-02-22T13:55:53","guid":{"rendered":"https:\/\/www.gero.lu\/produit\/leadership-modul-3-wie-fuhre-ich-mein-team-erfolgreich"},"modified":"2022-05-11T14:21:29","modified_gmt":"2022-05-11T14:21:29","slug":"leadership-modul-3-wie-fuhre-ich-mein-team-erfolgreich","status":"publish","type":"product","link":"https:\/\/www.gero.lu\/de\/produit\/leadership-modul-3-wie-fuhre-ich-mein-team-erfolgreich","title":{"rendered":"Leadership Modul 3 &#8211; Wie f\u00fchre ich mein Team erfolgreich?"},"content":{"rendered":"<p>Erfolg in der t\u00e4glichen Teamarbeit h\u00e4ngt ma\u00dfgeblich von der F\u00fchrungsarbeit ab. Allerdings werden die Anforderungen immer komplexer und F\u00fchrung braucht heute innovative L\u00f6sungen. In diesem Seminar erarbeiten wir Erfolgsfaktoren und Wege damit das Team erfolgreich den gesetzten Zielen entgegenarbeiten kann.<\/p>\n<p>In diesem Seminar werden wir uns mit folgenden Fragen besch\u00e4ftigen:<\/p>\n<p>\u2022\tWelches Team f\u00fchre ich?<br \/>\n\u2022\tRahmenbedingungen f\u00fcr die Teamentwicklung<br \/>\n\u2022\tRollen im Team<br \/>\n\u2022\tIdentifikation der Schwachstellen<br \/>\n\u2022\tSt\u00e4rken meines Teams, F\u00e4higkeiten und Kompetenzen des Einzelnen<br \/>\n\u2022\tKommunikation durch Teamsitzungen usw.<br \/>\n\u2022\tUmgang mit schwierigen Pers\u00f6nlichkeiten<br \/>\n\u2022\tErfolgsfaktoren eines Teams<\/p>\n","protected":false},"excerpt":{"rendered":"<p>Erfolg in der t\u00e4glichen Teamarbeit h\u00e4ngt ma\u00dfgeblich von der F\u00fchrungsarbeit ab. Allerdings werden die Anforderungen immer komplexer und F\u00fchrung braucht heute innovative L\u00f6sungen. In diesem Seminar erarbeiten wir Erfolgsfaktoren und Wege damit das Team erfolgreich den gesetzten Zielen entgegenarbeiten kann. In diesem Seminar werden wir uns mit folgenden Fragen besch\u00e4ftigen: \u2022 Welches Team f\u00fchre ich? [&hellip;]<\/p>\n","protected":false},"featured_media":0,"comment_status":"closed","ping_status":"closed","template":"","meta":{"_acf_changed":false,"inline_featured_image":false},"product_brand":[],"product_cat":[239],"product_tag":[233],"class_list":{"0":"post-3372","1":"product","2":"type-product","3":"status-publish","5":"product_cat-cours-pro","6":"product_tag-management-leadership-pro","8":"first","9":"instock","10":"virtual","11":"purchasable","12":"product-type-simple"},"acf":[],"yoast_head":"<!-- This site is optimized with the Yoast SEO Premium plugin v27.4 (Yoast SEO v27.4) - https:\/\/yoast.com\/product\/yoast-seo-premium-wordpress\/ -->\n<title>Leadership Modul 3 - Wie f\u00fchre ich mein Team erfolgreich? - GERO<\/title>\n<meta name=\"robots\" content=\"index, follow, max-snippet:-1, max-image-preview:large, max-video-preview:-1\" \/>\n<link rel=\"canonical\" href=\"https:\/\/www.gero.lu\/de\/produit\/leadership-modul-3-wie-fuhre-ich-mein-team-erfolgreich\" \/>\n<meta property=\"og:locale\" content=\"de_DE\" \/>\n<meta property=\"og:type\" content=\"article\" \/>\n<meta property=\"og:title\" content=\"Leadership Modul 3 - Wie f\u00fchre ich mein Team erfolgreich?\" \/>\n<meta property=\"og:description\" content=\"Erfolg in der t\u00e4glichen Teamarbeit h\u00e4ngt ma\u00dfgeblich von der F\u00fchrungsarbeit ab. Allerdings werden die Anforderungen immer komplexer und F\u00fchrung braucht heute innovative L\u00f6sungen. In diesem Seminar erarbeiten wir Erfolgsfaktoren und Wege damit das Team erfolgreich den gesetzten Zielen entgegenarbeiten kann. In diesem Seminar werden wir uns mit folgenden Fragen besch\u00e4ftigen: \u2022 Welches Team f\u00fchre ich? [&hellip;]\" \/>\n<meta property=\"og:url\" content=\"https:\/\/www.gero.lu\/de\/produit\/leadership-modul-3-wie-fuhre-ich-mein-team-erfolgreich\" \/>\n<meta property=\"og:site_name\" content=\"GERO\" \/>\n<meta property=\"article:publisher\" content=\"https:\/\/www.facebook.com\/Kompetenzzenter\/\" \/>\n<meta property=\"article:modified_time\" content=\"2022-05-11T14:21:29+00:00\" \/>\n<meta property=\"og:image\" content=\"https:\/\/www.gero.lu\/wp-content\/uploads\/2021\/08\/gettyimages-1135289130-2048x2048_RET-1.jpg\" \/>\n\t<meta property=\"og:image:width\" content=\"1227\" \/>\n\t<meta property=\"og:image:height\" content=\"802\" \/>\n\t<meta property=\"og:image:type\" content=\"image\/jpeg\" \/>\n<meta name=\"twitter:card\" content=\"summary_large_image\" \/>\n<script type=\"application\/ld+json\" class=\"yoast-schema-graph\">{\"@context\":\"https:\\\/\\\/schema.org\",\"@graph\":[{\"@type\":\"WebPage\",\"@id\":\"https:\\\/\\\/www.gero.lu\\\/de\\\/produit\\\/leadership-modul-3-wie-fuhre-ich-mein-team-erfolgreich\",\"url\":\"https:\\\/\\\/www.gero.lu\\\/de\\\/produit\\\/leadership-modul-3-wie-fuhre-ich-mein-team-erfolgreich\",\"name\":\"Leadership Modul 3 - Wie f\u00fchre ich mein Team erfolgreich? - GERO\",\"isPartOf\":{\"@id\":\"https:\\\/\\\/www.gero.lu\\\/de\\\/#website\"},\"datePublished\":\"2022-02-22T13:55:53+00:00\",\"dateModified\":\"2022-05-11T14:21:29+00:00\",\"breadcrumb\":{\"@id\":\"https:\\\/\\\/www.gero.lu\\\/de\\\/produit\\\/leadership-modul-3-wie-fuhre-ich-mein-team-erfolgreich#breadcrumb\"},\"inLanguage\":\"de\",\"potentialAction\":[{\"@type\":\"ReadAction\",\"target\":[[\"https:\\\/\\\/www.gero.lu\\\/de\\\/produit\\\/leadership-modul-3-wie-fuhre-ich-mein-team-erfolgreich\"]]}]},{\"@type\":\"BreadcrumbList\",\"@id\":\"https:\\\/\\\/www.gero.lu\\\/de\\\/produit\\\/leadership-modul-3-wie-fuhre-ich-mein-team-erfolgreich#breadcrumb\",\"itemListElement\":[{\"@type\":\"ListItem\",\"position\":1,\"name\":\"Accueil\",\"item\":\"https:\\\/\\\/www.gero.lu\\\/de\\\/\"},{\"@type\":\"ListItem\",\"position\":2,\"name\":\"Shop\",\"item\":\"https:\\\/\\\/www.gero.lu\\\/de\\\/shop\"},{\"@type\":\"ListItem\",\"position\":3,\"name\":\"Leadership Modul 3 &#8211; Wie f\u00fchre ich mein Team erfolgreich?\"}]},{\"@type\":\"WebSite\",\"@id\":\"https:\\\/\\\/www.gero.lu\\\/de\\\/#website\",\"url\":\"https:\\\/\\\/www.gero.lu\\\/de\\\/\",\"name\":\"Gero\",\"description\":\"Kompetenzzenter fir den Alter\",\"publisher\":{\"@id\":\"https:\\\/\\\/www.gero.lu\\\/de\\\/#organization\"},\"potentialAction\":[{\"@type\":\"SearchAction\",\"target\":{\"@type\":\"EntryPoint\",\"urlTemplate\":\"https:\\\/\\\/www.gero.lu\\\/de\\\/?s={search_term_string}\"},\"query-input\":{\"@type\":\"PropertyValueSpecification\",\"valueRequired\":true,\"valueName\":\"search_term_string\"}}],\"inLanguage\":\"de\"},{\"@type\":\"Organization\",\"@id\":\"https:\\\/\\\/www.gero.lu\\\/de\\\/#organization\",\"name\":\"Gero\",\"url\":\"https:\\\/\\\/www.gero.lu\\\/de\\\/\",\"logo\":{\"@type\":\"ImageObject\",\"inLanguage\":\"de\",\"@id\":\"https:\\\/\\\/www.gero.lu\\\/de\\\/#\\\/schema\\\/logo\\\/image\\\/\",\"url\":\"https:\\\/\\\/www.gero.lu\\\/wp-content\\\/uploads\\\/2024\\\/04\\\/logo.svg\",\"contentUrl\":\"https:\\\/\\\/www.gero.lu\\\/wp-content\\\/uploads\\\/2024\\\/04\\\/logo.svg\",\"width\":76,\"height\":30,\"caption\":\"Gero\"},\"image\":{\"@id\":\"https:\\\/\\\/www.gero.lu\\\/de\\\/#\\\/schema\\\/logo\\\/image\\\/\"},\"sameAs\":[\"https:\\\/\\\/www.facebook.com\\\/Kompetenzzenter\\\/\",\"https:\\\/\\\/www.instagram.com\\\/gero.kompetenzzenter\\\/\",\"https:\\\/\\\/linkedin.com\\\/company\\\/gero-kompetenzzenter-fir-den-alter\",\"https:\\\/\\\/www.youtube.com\\\/channel\\\/UCJvmJYSeHh3dYQsLHZupj-Q\"]}]}<\/script>\n<!-- \/ Yoast SEO Premium plugin. -->","yoast_head_json":{"title":"Leadership Modul 3 - Wie f\u00fchre ich mein Team erfolgreich? - GERO","robots":{"index":"index","follow":"follow","max-snippet":"max-snippet:-1","max-image-preview":"max-image-preview:large","max-video-preview":"max-video-preview:-1"},"canonical":"https:\/\/www.gero.lu\/de\/produit\/leadership-modul-3-wie-fuhre-ich-mein-team-erfolgreich","og_locale":"de_DE","og_type":"article","og_title":"Leadership Modul 3 - Wie f\u00fchre ich mein Team erfolgreich?","og_description":"Erfolg in der t\u00e4glichen Teamarbeit h\u00e4ngt ma\u00dfgeblich von der F\u00fchrungsarbeit ab. Allerdings werden die Anforderungen immer komplexer und F\u00fchrung braucht heute innovative L\u00f6sungen. In diesem Seminar erarbeiten wir Erfolgsfaktoren und Wege damit das Team erfolgreich den gesetzten Zielen entgegenarbeiten kann. In diesem Seminar werden wir uns mit folgenden Fragen besch\u00e4ftigen: \u2022 Welches Team f\u00fchre ich? [&hellip;]","og_url":"https:\/\/www.gero.lu\/de\/produit\/leadership-modul-3-wie-fuhre-ich-mein-team-erfolgreich","og_site_name":"GERO","article_publisher":"https:\/\/www.facebook.com\/Kompetenzzenter\/","article_modified_time":"2022-05-11T14:21:29+00:00","og_image":[{"width":1227,"height":802,"url":"https:\/\/www.gero.lu\/wp-content\/uploads\/2021\/08\/gettyimages-1135289130-2048x2048_RET-1.jpg","type":"image\/jpeg"}],"twitter_card":"summary_large_image","schema":{"@context":"https:\/\/schema.org","@graph":[{"@type":"WebPage","@id":"https:\/\/www.gero.lu\/de\/produit\/leadership-modul-3-wie-fuhre-ich-mein-team-erfolgreich","url":"https:\/\/www.gero.lu\/de\/produit\/leadership-modul-3-wie-fuhre-ich-mein-team-erfolgreich","name":"Leadership Modul 3 - Wie f\u00fchre ich mein Team erfolgreich? - GERO","isPartOf":{"@id":"https:\/\/www.gero.lu\/de\/#website"},"datePublished":"2022-02-22T13:55:53+00:00","dateModified":"2022-05-11T14:21:29+00:00","breadcrumb":{"@id":"https:\/\/www.gero.lu\/de\/produit\/leadership-modul-3-wie-fuhre-ich-mein-team-erfolgreich#breadcrumb"},"inLanguage":"de","potentialAction":[{"@type":"ReadAction","target":[["https:\/\/www.gero.lu\/de\/produit\/leadership-modul-3-wie-fuhre-ich-mein-team-erfolgreich"]]}]},{"@type":"BreadcrumbList","@id":"https:\/\/www.gero.lu\/de\/produit\/leadership-modul-3-wie-fuhre-ich-mein-team-erfolgreich#breadcrumb","itemListElement":[{"@type":"ListItem","position":1,"name":"Accueil","item":"https:\/\/www.gero.lu\/de\/"},{"@type":"ListItem","position":2,"name":"Shop","item":"https:\/\/www.gero.lu\/de\/shop"},{"@type":"ListItem","position":3,"name":"Leadership Modul 3 &#8211; Wie f\u00fchre ich mein Team erfolgreich?"}]},{"@type":"WebSite","@id":"https:\/\/www.gero.lu\/de\/#website","url":"https:\/\/www.gero.lu\/de\/","name":"Gero","description":"Kompetenzzenter fir den Alter","publisher":{"@id":"https:\/\/www.gero.lu\/de\/#organization"},"potentialAction":[{"@type":"SearchAction","target":{"@type":"EntryPoint","urlTemplate":"https:\/\/www.gero.lu\/de\/?s={search_term_string}"},"query-input":{"@type":"PropertyValueSpecification","valueRequired":true,"valueName":"search_term_string"}}],"inLanguage":"de"},{"@type":"Organization","@id":"https:\/\/www.gero.lu\/de\/#organization","name":"Gero","url":"https:\/\/www.gero.lu\/de\/","logo":{"@type":"ImageObject","inLanguage":"de","@id":"https:\/\/www.gero.lu\/de\/#\/schema\/logo\/image\/","url":"https:\/\/www.gero.lu\/wp-content\/uploads\/2024\/04\/logo.svg","contentUrl":"https:\/\/www.gero.lu\/wp-content\/uploads\/2024\/04\/logo.svg","width":76,"height":30,"caption":"Gero"},"image":{"@id":"https:\/\/www.gero.lu\/de\/#\/schema\/logo\/image\/"},"sameAs":["https:\/\/www.facebook.com\/Kompetenzzenter\/","https:\/\/www.instagram.com\/gero.kompetenzzenter\/","https:\/\/linkedin.com\/company\/gero-kompetenzzenter-fir-den-alter","https:\/\/www.youtube.com\/channel\/UCJvmJYSeHh3dYQsLHZupj-Q"]}]}},"_links":{"self":[{"href":"https:\/\/www.gero.lu\/de\/wp-json\/wp\/v2\/product\/3372","targetHints":{"allow":["GET"]}}],"collection":[{"href":"https:\/\/www.gero.lu\/de\/wp-json\/wp\/v2\/product"}],"about":[{"href":"https:\/\/www.gero.lu\/de\/wp-json\/wp\/v2\/types\/product"}],"replies":[{"embeddable":true,"href":"https:\/\/www.gero.lu\/de\/wp-json\/wp\/v2\/comments?post=3372"}],"wp:attachment":[{"href":"https:\/\/www.gero.lu\/de\/wp-json\/wp\/v2\/media?parent=3372"}],"wp:term":[{"taxonomy":"product_brand","embeddable":true,"href":"https:\/\/www.gero.lu\/de\/wp-json\/wp\/v2\/product_brand?post=3372"},{"taxonomy":"product_cat","embeddable":true,"href":"https:\/\/www.gero.lu\/de\/wp-json\/wp\/v2\/product_cat?post=3372"},{"taxonomy":"product_tag","embeddable":true,"href":"https:\/\/www.gero.lu\/de\/wp-json\/wp\/v2\/product_tag?post=3372"}],"curies":[{"name":"wp","href":"https:\/\/api.w.org\/{rel}","templated":true}]}}