{"id":1613,"date":"2021-12-07T15:03:13","date_gmt":"2021-12-07T15:03:13","guid":{"rendered":"https:\/\/rbs.webdev.lu\/?post_type=product&#038;p=1613"},"modified":"2022-03-25T14:41:42","modified_gmt":"2022-03-25T14:41:42","slug":"zaitrees","status":"publish","type":"product","link":"https:\/\/www.gero.lu\/de\/produit\/zaitrees","title":{"rendered":"Z\u00c4ITREES \u2013 L\u00cbTZEBUERG FR\u00c9IER AN HAUT"},"content":{"rendered":"","protected":false},"excerpt":{"rendered":"<p><strong>Z\u00e4itrees \u2013 L\u00ebtzebuerg fr\u00e9ier an haut<\/strong><\/p>\n<p>Billerrees duerch L\u00ebtzebuerg mat Fotoe vu bekannte Plazen, w\u00e9i se fr\u00e9ier waren an haut ausgesinn.<\/p>\n<p>Mat 208 Kaarten an 52 Motiven. Verschidde Spillvariante si m\u00e9iglech: vum bekannte Memory-Spill bis Erkennungs- an Er\u00ebnnerungsspiller.<\/p>\n","protected":false},"featured_media":1614,"comment_status":"closed","ping_status":"closed","template":"","meta":{"_acf_changed":false,"inline_featured_image":false},"product_brand":[],"product_cat":[53,55],"product_tag":[],"class_list":{"0":"post-1613","1":"product","2":"type-product","3":"status-publish","4":"has-post-thumbnail","6":"product_cat-produits","7":"product_cat-jeux","9":"first","10":"instock","11":"featured","12":"shipping-taxable","13":"purchasable","14":"product-type-simple"},"acf":[],"yoast_head":"<!-- This site is optimized with the Yoast SEO Premium plugin v26.5 (Yoast SEO v26.5) - https:\/\/yoast.com\/wordpress\/plugins\/seo\/ -->\n<title>Z\u00c4ITREES \u2013 L\u00cbTZEBUERG FR\u00c9IER AN HAUT - GERO<\/title>\n<meta name=\"robots\" content=\"index, follow, max-snippet:-1, max-image-preview:large, max-video-preview:-1\" \/>\n<link rel=\"canonical\" href=\"https:\/\/www.gero.lu\/de\/produit\/zaitrees\" \/>\n<meta property=\"og:locale\" content=\"de_DE\" \/>\n<meta property=\"og:type\" content=\"article\" \/>\n<meta property=\"og:title\" content=\"Z\u00c4ITREES \u2013 L\u00cbTZEBUERG FR\u00c9IER AN HAUT\" \/>\n<meta property=\"og:description\" content=\"Z\u00e4itrees \u2013 L\u00ebtzebuerg fr\u00e9ier an haut  Billerrees duerch L\u00ebtzebuerg mat Fotoe vu bekannte Plazen, w\u00e9i se fr\u00e9ier waren an haut ausgesinn.  Mat 208 Kaarten an 52 Motiven. Verschidde Spillvariante si m\u00e9iglech: vum bekannte Memory-Spill bis Erkennungs- an Er\u00ebnnerungsspiller.\" \/>\n<meta property=\"og:url\" content=\"https:\/\/www.gero.lu\/de\/produit\/zaitrees\" \/>\n<meta property=\"og:site_name\" content=\"GERO\" \/>\n<meta property=\"article:publisher\" content=\"https:\/\/www.facebook.com\/Kompetenzzenter\/\" \/>\n<meta property=\"article:modified_time\" content=\"2022-03-25T14:41:42+00:00\" \/>\n<meta property=\"og:image\" content=\"https:\/\/www.gero.lu\/wp-content\/uploads\/2021\/12\/Zaitrees-scaled.jpg\" \/>\n\t<meta property=\"og:image:width\" content=\"1920\" \/>\n\t<meta property=\"og:image:height\" content=\"1266\" \/>\n\t<meta property=\"og:image:type\" content=\"image\/jpeg\" \/>\n<meta name=\"twitter:card\" content=\"summary_large_image\" \/>\n<script type=\"application\/ld+json\" class=\"yoast-schema-graph\">{\"@context\":\"https:\/\/schema.org\",\"@graph\":[{\"@type\":\"WebPage\",\"@id\":\"https:\/\/www.gero.lu\/de\/produit\/zaitrees\",\"url\":\"https:\/\/www.gero.lu\/de\/produit\/zaitrees\",\"name\":\"Z\u00c4ITREES \u2013 L\u00cbTZEBUERG FR\u00c9IER AN HAUT - GERO\",\"isPartOf\":{\"@id\":\"https:\/\/www.gero.lu\/de\/#website\"},\"primaryImageOfPage\":{\"@id\":\"https:\/\/www.gero.lu\/de\/produit\/zaitrees#primaryimage\"},\"image\":{\"@id\":\"https:\/\/www.gero.lu\/produit\/zaitrees#primaryimage\"},\"thumbnailUrl\":\"https:\/\/www.gero.lu\/wp-content\/uploads\/2021\/12\/Zaitrees-scaled.jpg\",\"datePublished\":\"2021-12-07T15:03:13+00:00\",\"dateModified\":\"2022-03-25T14:41:42+00:00\",\"breadcrumb\":{\"@id\":\"https:\/\/www.gero.lu\/de\/produit\/zaitrees#breadcrumb\"},\"inLanguage\":\"de\",\"potentialAction\":[{\"@type\":\"ReadAction\",\"target\":[[\"https:\/\/www.gero.lu\/de\/produit\/zaitrees\"]]}]},{\"@type\":\"ImageObject\",\"inLanguage\":\"de\",\"@id\":\"https:\/\/www.gero.lu\/de\/produit\/zaitrees#primaryimage\",\"url\":\"https:\/\/www.gero.lu\/wp-content\/uploads\/2021\/12\/Zaitrees-scaled.jpg\",\"contentUrl\":\"https:\/\/www.gero.lu\/wp-content\/uploads\/2021\/12\/Zaitrees-scaled.jpg\",\"width\":1920,\"height\":1266},{\"@type\":\"BreadcrumbList\",\"@id\":\"https:\/\/www.gero.lu\/de\/produit\/zaitrees#breadcrumb\",\"itemListElement\":[{\"@type\":\"ListItem\",\"position\":1,\"name\":\"Accueil\",\"item\":\"https:\/\/www.gero.lu\/de\/\"},{\"@type\":\"ListItem\",\"position\":2,\"name\":\"Shop\",\"item\":\"https:\/\/www.gero.lu\/de\/shop\"},{\"@type\":\"ListItem\",\"position\":3,\"name\":\"Z\u00c4ITREES \u2013 L\u00cbTZEBUERG FR\u00c9IER AN HAUT\"}]},{\"@type\":\"WebSite\",\"@id\":\"https:\/\/www.gero.lu\/de\/#website\",\"url\":\"https:\/\/www.gero.lu\/de\/\",\"name\":\"Gero\",\"description\":\"Kompetenzzenter fir den Alter\",\"publisher\":{\"@id\":\"https:\/\/www.gero.lu\/de\/#organization\"},\"potentialAction\":[{\"@type\":\"SearchAction\",\"target\":{\"@type\":\"EntryPoint\",\"urlTemplate\":\"https:\/\/www.gero.lu\/de\/?s={search_term_string}\"},\"query-input\":{\"@type\":\"PropertyValueSpecification\",\"valueRequired\":true,\"valueName\":\"search_term_string\"}}],\"inLanguage\":\"de\"},{\"@type\":\"Organization\",\"@id\":\"https:\/\/www.gero.lu\/de\/#organization\",\"name\":\"Gero\",\"url\":\"https:\/\/www.gero.lu\/de\/\",\"logo\":{\"@type\":\"ImageObject\",\"inLanguage\":\"de\",\"@id\":\"https:\/\/www.gero.lu\/de\/#\/schema\/logo\/image\/\",\"url\":\"https:\/\/www.gero.lu\/wp-content\/uploads\/2024\/04\/logo.svg\",\"contentUrl\":\"https:\/\/www.gero.lu\/wp-content\/uploads\/2024\/04\/logo.svg\",\"width\":76,\"height\":30,\"caption\":\"Gero\"},\"image\":{\"@id\":\"https:\/\/www.gero.lu\/de\/#\/schema\/logo\/image\/\"},\"sameAs\":[\"https:\/\/www.facebook.com\/Kompetenzzenter\/\",\"https:\/\/www.instagram.com\/gero.kompetenzzenter\/\",\"https:\/\/linkedin.com\/company\/gero-kompetenzzenter-fir-den-alter\",\"https:\/\/www.youtube.com\/channel\/UCJvmJYSeHh3dYQsLHZupj-Q\"]}]}<\/script>\n<!-- \/ Yoast SEO Premium plugin. -->","yoast_head_json":{"title":"Z\u00c4ITREES \u2013 L\u00cbTZEBUERG FR\u00c9IER AN HAUT - GERO","robots":{"index":"index","follow":"follow","max-snippet":"max-snippet:-1","max-image-preview":"max-image-preview:large","max-video-preview":"max-video-preview:-1"},"canonical":"https:\/\/www.gero.lu\/de\/produit\/zaitrees","og_locale":"de_DE","og_type":"article","og_title":"Z\u00c4ITREES \u2013 L\u00cbTZEBUERG FR\u00c9IER AN HAUT","og_description":"Z\u00e4itrees \u2013 L\u00ebtzebuerg fr\u00e9ier an haut  Billerrees duerch L\u00ebtzebuerg mat Fotoe vu bekannte Plazen, w\u00e9i se fr\u00e9ier waren an haut ausgesinn.  Mat 208 Kaarten an 52 Motiven. Verschidde Spillvariante si m\u00e9iglech: vum bekannte Memory-Spill bis Erkennungs- an Er\u00ebnnerungsspiller.","og_url":"https:\/\/www.gero.lu\/de\/produit\/zaitrees","og_site_name":"GERO","article_publisher":"https:\/\/www.facebook.com\/Kompetenzzenter\/","article_modified_time":"2022-03-25T14:41:42+00:00","og_image":[{"width":1920,"height":1266,"url":"https:\/\/www.gero.lu\/wp-content\/uploads\/2021\/12\/Zaitrees-scaled.jpg","type":"image\/jpeg"}],"twitter_card":"summary_large_image","schema":{"@context":"https:\/\/schema.org","@graph":[{"@type":"WebPage","@id":"https:\/\/www.gero.lu\/de\/produit\/zaitrees","url":"https:\/\/www.gero.lu\/de\/produit\/zaitrees","name":"Z\u00c4ITREES \u2013 L\u00cbTZEBUERG FR\u00c9IER AN HAUT - GERO","isPartOf":{"@id":"https:\/\/www.gero.lu\/de\/#website"},"primaryImageOfPage":{"@id":"https:\/\/www.gero.lu\/de\/produit\/zaitrees#primaryimage"},"image":{"@id":"https:\/\/www.gero.lu\/produit\/zaitrees#primaryimage"},"thumbnailUrl":"https:\/\/www.gero.lu\/wp-content\/uploads\/2021\/12\/Zaitrees-scaled.jpg","datePublished":"2021-12-07T15:03:13+00:00","dateModified":"2022-03-25T14:41:42+00:00","breadcrumb":{"@id":"https:\/\/www.gero.lu\/de\/produit\/zaitrees#breadcrumb"},"inLanguage":"de","potentialAction":[{"@type":"ReadAction","target":[["https:\/\/www.gero.lu\/de\/produit\/zaitrees"]]}]},{"@type":"ImageObject","inLanguage":"de","@id":"https:\/\/www.gero.lu\/de\/produit\/zaitrees#primaryimage","url":"https:\/\/www.gero.lu\/wp-content\/uploads\/2021\/12\/Zaitrees-scaled.jpg","contentUrl":"https:\/\/www.gero.lu\/wp-content\/uploads\/2021\/12\/Zaitrees-scaled.jpg","width":1920,"height":1266},{"@type":"BreadcrumbList","@id":"https:\/\/www.gero.lu\/de\/produit\/zaitrees#breadcrumb","itemListElement":[{"@type":"ListItem","position":1,"name":"Accueil","item":"https:\/\/www.gero.lu\/de\/"},{"@type":"ListItem","position":2,"name":"Shop","item":"https:\/\/www.gero.lu\/de\/shop"},{"@type":"ListItem","position":3,"name":"Z\u00c4ITREES \u2013 L\u00cbTZEBUERG FR\u00c9IER AN HAUT"}]},{"@type":"WebSite","@id":"https:\/\/www.gero.lu\/de\/#website","url":"https:\/\/www.gero.lu\/de\/","name":"Gero","description":"Kompetenzzenter fir den Alter","publisher":{"@id":"https:\/\/www.gero.lu\/de\/#organization"},"potentialAction":[{"@type":"SearchAction","target":{"@type":"EntryPoint","urlTemplate":"https:\/\/www.gero.lu\/de\/?s={search_term_string}"},"query-input":{"@type":"PropertyValueSpecification","valueRequired":true,"valueName":"search_term_string"}}],"inLanguage":"de"},{"@type":"Organization","@id":"https:\/\/www.gero.lu\/de\/#organization","name":"Gero","url":"https:\/\/www.gero.lu\/de\/","logo":{"@type":"ImageObject","inLanguage":"de","@id":"https:\/\/www.gero.lu\/de\/#\/schema\/logo\/image\/","url":"https:\/\/www.gero.lu\/wp-content\/uploads\/2024\/04\/logo.svg","contentUrl":"https:\/\/www.gero.lu\/wp-content\/uploads\/2024\/04\/logo.svg","width":76,"height":30,"caption":"Gero"},"image":{"@id":"https:\/\/www.gero.lu\/de\/#\/schema\/logo\/image\/"},"sameAs":["https:\/\/www.facebook.com\/Kompetenzzenter\/","https:\/\/www.instagram.com\/gero.kompetenzzenter\/","https:\/\/linkedin.com\/company\/gero-kompetenzzenter-fir-den-alter","https:\/\/www.youtube.com\/channel\/UCJvmJYSeHh3dYQsLHZupj-Q"]}]}},"_links":{"self":[{"href":"https:\/\/www.gero.lu\/de\/wp-json\/wp\/v2\/product\/1613","targetHints":{"allow":["GET"]}}],"collection":[{"href":"https:\/\/www.gero.lu\/de\/wp-json\/wp\/v2\/product"}],"about":[{"href":"https:\/\/www.gero.lu\/de\/wp-json\/wp\/v2\/types\/product"}],"replies":[{"embeddable":true,"href":"https:\/\/www.gero.lu\/de\/wp-json\/wp\/v2\/comments?post=1613"}],"wp:featuredmedia":[{"embeddable":true,"href":"https:\/\/www.gero.lu\/de\/wp-json\/wp\/v2\/media\/1614"}],"wp:attachment":[{"href":"https:\/\/www.gero.lu\/de\/wp-json\/wp\/v2\/media?parent=1613"}],"wp:term":[{"taxonomy":"product_brand","embeddable":true,"href":"https:\/\/www.gero.lu\/de\/wp-json\/wp\/v2\/product_brand?post=1613"},{"taxonomy":"product_cat","embeddable":true,"href":"https:\/\/www.gero.lu\/de\/wp-json\/wp\/v2\/product_cat?post=1613"},{"taxonomy":"product_tag","embeddable":true,"href":"https:\/\/www.gero.lu\/de\/wp-json\/wp\/v2\/product_tag?post=1613"}],"curies":[{"name":"wp","href":"https:\/\/api.w.org\/{rel}","templated":true}]}}