{"id":1602,"date":"2021-12-07T14:14:07","date_gmt":"2021-12-07T14:14:07","guid":{"rendered":"https:\/\/rbs.webdev.lu\/?post_type=product&#038;p=1602"},"modified":"2022-11-11T07:54:43","modified_gmt":"2022-11-11T07:54:43","slug":"eis-fofzeger-joren-band-i","status":"publish","type":"product","link":"https:\/\/www.gero.lu\/de\/produit\/eis-fofzeger-joren-band-i","title":{"rendered":"EIS FOFZEGER JOREN &#8211; BAND I"},"content":{"rendered":"","protected":false},"excerpt":{"rendered":"<p><strong>ENG NEI Z\u00c4IT: WUNNEN, IESSEN, MOUD<\/strong><\/p>\n<p>Iwwer d\u2018 Wunnsituatioun, d\u2019Ariichtungen an d\u00e9i vill nei Apparaten, iwwer d\u2018Iessen, dat nees m\u00e9i v\u00eblleg do war an iwwer d\u00e9i nei Moud, d\u00e9i Fra a Mann begeeschtert huet.<\/p>\n","protected":false},"featured_media":1609,"comment_status":"closed","ping_status":"closed","template":"","meta":{"_acf_changed":false,"inline_featured_image":false},"product_brand":[],"product_cat":[54,53],"product_tag":[],"class_list":{"0":"post-1602","1":"product","2":"type-product","3":"status-publish","4":"has-post-thumbnail","6":"product_cat-livres","7":"product_cat-produits","9":"first","10":"instock","11":"featured","12":"shipping-taxable","13":"purchasable","14":"product-type-simple"},"acf":[],"yoast_head":"<!-- This site is optimized with the Yoast SEO Premium plugin v27.4 (Yoast SEO v27.4) - https:\/\/yoast.com\/product\/yoast-seo-premium-wordpress\/ -->\n<title>EIS FOFZEGER JOREN - BAND I - GERO<\/title>\n<meta name=\"robots\" content=\"index, follow, max-snippet:-1, max-image-preview:large, max-video-preview:-1\" \/>\n<link rel=\"canonical\" href=\"https:\/\/www.gero.lu\/de\/produit\/eis-fofzeger-joren-band-i\" \/>\n<meta property=\"og:locale\" content=\"de_DE\" \/>\n<meta property=\"og:type\" content=\"article\" \/>\n<meta property=\"og:title\" content=\"EIS FOFZEGER JOREN - BAND I\" \/>\n<meta property=\"og:description\" content=\"ENG NEI Z\u00c4IT: WUNNEN, IESSEN, MOUD  Iwwer d\u2018 Wunnsituatioun, d\u2019Ariichtungen an d\u00e9i vill nei Apparaten, iwwer d\u2018Iessen, dat nees m\u00e9i v\u00eblleg do war an iwwer d\u00e9i nei Moud, d\u00e9i Fra a Mann begeeschtert huet.\" \/>\n<meta property=\"og:url\" content=\"https:\/\/www.gero.lu\/de\/produit\/eis-fofzeger-joren-band-i\" \/>\n<meta property=\"og:site_name\" content=\"GERO\" \/>\n<meta property=\"article:publisher\" content=\"https:\/\/www.facebook.com\/Kompetenzzenter\/\" \/>\n<meta property=\"article:modified_time\" content=\"2022-11-11T07:54:43+00:00\" \/>\n<meta property=\"og:image\" content=\"https:\/\/www.gero.lu\/wp-content\/uploads\/2021\/12\/Eis-Fofzeger-Joren-Band-1.jpg\" \/>\n\t<meta property=\"og:image:width\" content=\"1002\" \/>\n\t<meta property=\"og:image:height\" content=\"1062\" \/>\n\t<meta property=\"og:image:type\" content=\"image\/jpeg\" \/>\n<meta name=\"twitter:card\" content=\"summary_large_image\" \/>\n<script type=\"application\/ld+json\" class=\"yoast-schema-graph\">{\"@context\":\"https:\\\/\\\/schema.org\",\"@graph\":[{\"@type\":\"WebPage\",\"@id\":\"https:\\\/\\\/www.gero.lu\\\/de\\\/produit\\\/eis-fofzeger-joren-band-i\",\"url\":\"https:\\\/\\\/www.gero.lu\\\/de\\\/produit\\\/eis-fofzeger-joren-band-i\",\"name\":\"EIS FOFZEGER JOREN - BAND I - GERO\",\"isPartOf\":{\"@id\":\"https:\\\/\\\/www.gero.lu\\\/de\\\/#website\"},\"primaryImageOfPage\":{\"@id\":\"https:\\\/\\\/www.gero.lu\\\/de\\\/produit\\\/eis-fofzeger-joren-band-i#primaryimage\"},\"image\":{\"@id\":\"https:\\\/\\\/www.gero.lu\\\/produit\\\/eis-fofzeger-joren-band-i#primaryimage\"},\"thumbnailUrl\":\"https:\\\/\\\/www.gero.lu\\\/wp-content\\\/uploads\\\/2021\\\/12\\\/Eis-Fofzeger-Joren-Band-1.jpg\",\"datePublished\":\"2021-12-07T14:14:07+00:00\",\"dateModified\":\"2022-11-11T07:54:43+00:00\",\"breadcrumb\":{\"@id\":\"https:\\\/\\\/www.gero.lu\\\/de\\\/produit\\\/eis-fofzeger-joren-band-i#breadcrumb\"},\"inLanguage\":\"de\",\"potentialAction\":[{\"@type\":\"ReadAction\",\"target\":[[\"https:\\\/\\\/www.gero.lu\\\/de\\\/produit\\\/eis-fofzeger-joren-band-i\"]]}]},{\"@type\":\"ImageObject\",\"inLanguage\":\"de\",\"@id\":\"https:\\\/\\\/www.gero.lu\\\/de\\\/produit\\\/eis-fofzeger-joren-band-i#primaryimage\",\"url\":\"https:\\\/\\\/www.gero.lu\\\/wp-content\\\/uploads\\\/2021\\\/12\\\/Eis-Fofzeger-Joren-Band-1.jpg\",\"contentUrl\":\"https:\\\/\\\/www.gero.lu\\\/wp-content\\\/uploads\\\/2021\\\/12\\\/Eis-Fofzeger-Joren-Band-1.jpg\",\"width\":1002,\"height\":1062,\"caption\":\"Blank book cover template isolated on white background with shadows. Highly detailed illustration..\"},{\"@type\":\"BreadcrumbList\",\"@id\":\"https:\\\/\\\/www.gero.lu\\\/de\\\/produit\\\/eis-fofzeger-joren-band-i#breadcrumb\",\"itemListElement\":[{\"@type\":\"ListItem\",\"position\":1,\"name\":\"Accueil\",\"item\":\"https:\\\/\\\/www.gero.lu\\\/de\\\/\"},{\"@type\":\"ListItem\",\"position\":2,\"name\":\"Shop\",\"item\":\"https:\\\/\\\/www.gero.lu\\\/de\\\/shop\"},{\"@type\":\"ListItem\",\"position\":3,\"name\":\"EIS FOFZEGER JOREN &#8211; BAND I\"}]},{\"@type\":\"WebSite\",\"@id\":\"https:\\\/\\\/www.gero.lu\\\/de\\\/#website\",\"url\":\"https:\\\/\\\/www.gero.lu\\\/de\\\/\",\"name\":\"Gero\",\"description\":\"Kompetenzzenter fir den Alter\",\"publisher\":{\"@id\":\"https:\\\/\\\/www.gero.lu\\\/de\\\/#organization\"},\"potentialAction\":[{\"@type\":\"SearchAction\",\"target\":{\"@type\":\"EntryPoint\",\"urlTemplate\":\"https:\\\/\\\/www.gero.lu\\\/de\\\/?s={search_term_string}\"},\"query-input\":{\"@type\":\"PropertyValueSpecification\",\"valueRequired\":true,\"valueName\":\"search_term_string\"}}],\"inLanguage\":\"de\"},{\"@type\":\"Organization\",\"@id\":\"https:\\\/\\\/www.gero.lu\\\/de\\\/#organization\",\"name\":\"Gero\",\"url\":\"https:\\\/\\\/www.gero.lu\\\/de\\\/\",\"logo\":{\"@type\":\"ImageObject\",\"inLanguage\":\"de\",\"@id\":\"https:\\\/\\\/www.gero.lu\\\/de\\\/#\\\/schema\\\/logo\\\/image\\\/\",\"url\":\"https:\\\/\\\/www.gero.lu\\\/wp-content\\\/uploads\\\/2024\\\/04\\\/logo.svg\",\"contentUrl\":\"https:\\\/\\\/www.gero.lu\\\/wp-content\\\/uploads\\\/2024\\\/04\\\/logo.svg\",\"width\":76,\"height\":30,\"caption\":\"Gero\"},\"image\":{\"@id\":\"https:\\\/\\\/www.gero.lu\\\/de\\\/#\\\/schema\\\/logo\\\/image\\\/\"},\"sameAs\":[\"https:\\\/\\\/www.facebook.com\\\/Kompetenzzenter\\\/\",\"https:\\\/\\\/www.instagram.com\\\/gero.kompetenzzenter\\\/\",\"https:\\\/\\\/linkedin.com\\\/company\\\/gero-kompetenzzenter-fir-den-alter\",\"https:\\\/\\\/www.youtube.com\\\/channel\\\/UCJvmJYSeHh3dYQsLHZupj-Q\"]}]}<\/script>\n<!-- \/ Yoast SEO Premium plugin. -->","yoast_head_json":{"title":"EIS FOFZEGER JOREN - BAND I - GERO","robots":{"index":"index","follow":"follow","max-snippet":"max-snippet:-1","max-image-preview":"max-image-preview:large","max-video-preview":"max-video-preview:-1"},"canonical":"https:\/\/www.gero.lu\/de\/produit\/eis-fofzeger-joren-band-i","og_locale":"de_DE","og_type":"article","og_title":"EIS FOFZEGER JOREN - BAND I","og_description":"ENG NEI Z\u00c4IT: WUNNEN, IESSEN, MOUD  Iwwer d\u2018 Wunnsituatioun, d\u2019Ariichtungen an d\u00e9i vill nei Apparaten, iwwer d\u2018Iessen, dat nees m\u00e9i v\u00eblleg do war an iwwer d\u00e9i nei Moud, d\u00e9i Fra a Mann begeeschtert huet.","og_url":"https:\/\/www.gero.lu\/de\/produit\/eis-fofzeger-joren-band-i","og_site_name":"GERO","article_publisher":"https:\/\/www.facebook.com\/Kompetenzzenter\/","article_modified_time":"2022-11-11T07:54:43+00:00","og_image":[{"width":1002,"height":1062,"url":"https:\/\/www.gero.lu\/wp-content\/uploads\/2021\/12\/Eis-Fofzeger-Joren-Band-1.jpg","type":"image\/jpeg"}],"twitter_card":"summary_large_image","schema":{"@context":"https:\/\/schema.org","@graph":[{"@type":"WebPage","@id":"https:\/\/www.gero.lu\/de\/produit\/eis-fofzeger-joren-band-i","url":"https:\/\/www.gero.lu\/de\/produit\/eis-fofzeger-joren-band-i","name":"EIS FOFZEGER JOREN - BAND I - GERO","isPartOf":{"@id":"https:\/\/www.gero.lu\/de\/#website"},"primaryImageOfPage":{"@id":"https:\/\/www.gero.lu\/de\/produit\/eis-fofzeger-joren-band-i#primaryimage"},"image":{"@id":"https:\/\/www.gero.lu\/produit\/eis-fofzeger-joren-band-i#primaryimage"},"thumbnailUrl":"https:\/\/www.gero.lu\/wp-content\/uploads\/2021\/12\/Eis-Fofzeger-Joren-Band-1.jpg","datePublished":"2021-12-07T14:14:07+00:00","dateModified":"2022-11-11T07:54:43+00:00","breadcrumb":{"@id":"https:\/\/www.gero.lu\/de\/produit\/eis-fofzeger-joren-band-i#breadcrumb"},"inLanguage":"de","potentialAction":[{"@type":"ReadAction","target":[["https:\/\/www.gero.lu\/de\/produit\/eis-fofzeger-joren-band-i"]]}]},{"@type":"ImageObject","inLanguage":"de","@id":"https:\/\/www.gero.lu\/de\/produit\/eis-fofzeger-joren-band-i#primaryimage","url":"https:\/\/www.gero.lu\/wp-content\/uploads\/2021\/12\/Eis-Fofzeger-Joren-Band-1.jpg","contentUrl":"https:\/\/www.gero.lu\/wp-content\/uploads\/2021\/12\/Eis-Fofzeger-Joren-Band-1.jpg","width":1002,"height":1062,"caption":"Blank book cover template isolated on white background with shadows. Highly detailed illustration.."},{"@type":"BreadcrumbList","@id":"https:\/\/www.gero.lu\/de\/produit\/eis-fofzeger-joren-band-i#breadcrumb","itemListElement":[{"@type":"ListItem","position":1,"name":"Accueil","item":"https:\/\/www.gero.lu\/de\/"},{"@type":"ListItem","position":2,"name":"Shop","item":"https:\/\/www.gero.lu\/de\/shop"},{"@type":"ListItem","position":3,"name":"EIS FOFZEGER JOREN &#8211; BAND I"}]},{"@type":"WebSite","@id":"https:\/\/www.gero.lu\/de\/#website","url":"https:\/\/www.gero.lu\/de\/","name":"Gero","description":"Kompetenzzenter fir den Alter","publisher":{"@id":"https:\/\/www.gero.lu\/de\/#organization"},"potentialAction":[{"@type":"SearchAction","target":{"@type":"EntryPoint","urlTemplate":"https:\/\/www.gero.lu\/de\/?s={search_term_string}"},"query-input":{"@type":"PropertyValueSpecification","valueRequired":true,"valueName":"search_term_string"}}],"inLanguage":"de"},{"@type":"Organization","@id":"https:\/\/www.gero.lu\/de\/#organization","name":"Gero","url":"https:\/\/www.gero.lu\/de\/","logo":{"@type":"ImageObject","inLanguage":"de","@id":"https:\/\/www.gero.lu\/de\/#\/schema\/logo\/image\/","url":"https:\/\/www.gero.lu\/wp-content\/uploads\/2024\/04\/logo.svg","contentUrl":"https:\/\/www.gero.lu\/wp-content\/uploads\/2024\/04\/logo.svg","width":76,"height":30,"caption":"Gero"},"image":{"@id":"https:\/\/www.gero.lu\/de\/#\/schema\/logo\/image\/"},"sameAs":["https:\/\/www.facebook.com\/Kompetenzzenter\/","https:\/\/www.instagram.com\/gero.kompetenzzenter\/","https:\/\/linkedin.com\/company\/gero-kompetenzzenter-fir-den-alter","https:\/\/www.youtube.com\/channel\/UCJvmJYSeHh3dYQsLHZupj-Q"]}]}},"_links":{"self":[{"href":"https:\/\/www.gero.lu\/de\/wp-json\/wp\/v2\/product\/1602","targetHints":{"allow":["GET"]}}],"collection":[{"href":"https:\/\/www.gero.lu\/de\/wp-json\/wp\/v2\/product"}],"about":[{"href":"https:\/\/www.gero.lu\/de\/wp-json\/wp\/v2\/types\/product"}],"replies":[{"embeddable":true,"href":"https:\/\/www.gero.lu\/de\/wp-json\/wp\/v2\/comments?post=1602"}],"wp:featuredmedia":[{"embeddable":true,"href":"https:\/\/www.gero.lu\/de\/wp-json\/wp\/v2\/media\/1609"}],"wp:attachment":[{"href":"https:\/\/www.gero.lu\/de\/wp-json\/wp\/v2\/media?parent=1602"}],"wp:term":[{"taxonomy":"product_brand","embeddable":true,"href":"https:\/\/www.gero.lu\/de\/wp-json\/wp\/v2\/product_brand?post=1602"},{"taxonomy":"product_cat","embeddable":true,"href":"https:\/\/www.gero.lu\/de\/wp-json\/wp\/v2\/product_cat?post=1602"},{"taxonomy":"product_tag","embeddable":true,"href":"https:\/\/www.gero.lu\/de\/wp-json\/wp\/v2\/product_tag?post=1602"}],"curies":[{"name":"wp","href":"https:\/\/api.w.org\/{rel}","templated":true}]}}