{"id":11342,"date":"2026-05-07T12:00:11","date_gmt":"2026-05-07T12:00:11","guid":{"rendered":"https:\/\/www.gero.lu\/produit\/ganzheitliches-gedachtnistraining-6"},"modified":"2026-05-08T07:00:12","modified_gmt":"2026-05-08T07:00:12","slug":"ganzheitliches-gedachtnistraining-6","status":"publish","type":"product","link":"https:\/\/www.gero.lu\/de\/produit\/ganzheitliches-gedachtnistraining-6","title":{"rendered":"Ganzheitliches Ged\u00e4chtnistraining"},"content":{"rendered":"<p>In dem anregenden Kurs unter Leitung von Elisabeth Bastian, Pr\u00e4sidentin \u201eL\u00ebtzebuerger Verein fir Gediechtnistraining asbl\u201c, werden neben dem Ged\u00e4chtnistraining auch soziale und kommunikative Aspekte gef\u00f6rdert. Freuen Sie sich auf eine abwechslungsreiche Mischung aus wissenschaftlich gepr\u00fcften \u00dcbungen des Bundesverbandes f\u00fcr Ged\u00e4chtnistraining (BVGT) sowie auf eigens von ihr entwickelte Aufgaben, die gezielt auf die Teilnehmenden abgestimmt sind. Gemeinsam verbessern wir u.a die Merkf\u00e4higkeit, Wahrnehmung und Konzentration sowie das logische Denken und die Denkflexibilit\u00e4t. Mit viel Fantasie und Kreativit\u00e4t werden gewohnte Pfade verlassen, um L\u00f6sungen zu finden. Dar\u00fcber hinaus sind gesunde Ern\u00e4hrung und medizinische Vorsorge ein weiteres Thema.<\/p>\n","protected":false},"excerpt":{"rendered":"<p>In dem anregenden Kurs unter Leitung von Elisabeth Bastian, Pr\u00e4sidentin \u201eL\u00ebtzebuerger Verein fir Gediechtnistraining asbl\u201c, werden neben dem Ged\u00e4chtnistraining auch soziale und kommunikative Aspekte gef\u00f6rdert. Freuen Sie sich auf eine abwechslungsreiche Mischung aus wissenschaftlich gepr\u00fcften \u00dcbungen des Bundesverbandes f\u00fcr Ged\u00e4chtnistraining (BVGT) sowie auf eigens von ihr entwickelte Aufgaben, die gezielt auf die Teilnehmenden abgestimmt sind. [&hellip;]<\/p>\n","protected":false},"featured_media":0,"comment_status":"closed","ping_status":"closed","template":"","meta":{"_acf_changed":false,"inline_featured_image":false},"product_brand":[],"product_cat":[227],"product_tag":[200],"class_list":{"0":"post-11342","1":"product","2":"type-product","3":"status-publish","5":"product_cat-cours","6":"product_tag-sante-senior","8":"first","9":"instock","10":"virtual","11":"purchasable","12":"product-type-simple"},"acf":[],"yoast_head":"<!-- This site is optimized with the Yoast SEO Premium plugin v27.4 (Yoast SEO v27.5) - https:\/\/yoast.com\/product\/yoast-seo-premium-wordpress\/ -->\n<title>Ganzheitliches Ged\u00e4chtnistraining - GERO<\/title>\n<meta name=\"robots\" content=\"index, follow, max-snippet:-1, max-image-preview:large, max-video-preview:-1\" \/>\n<link rel=\"canonical\" href=\"https:\/\/www.gero.lu\/de\/produit\/ganzheitliches-gedachtnistraining-6\" \/>\n<meta property=\"og:locale\" content=\"de_DE\" \/>\n<meta property=\"og:type\" content=\"article\" \/>\n<meta property=\"og:title\" content=\"Ganzheitliches Ged\u00e4chtnistraining\" \/>\n<meta property=\"og:description\" content=\"In dem anregenden Kurs unter Leitung von Elisabeth Bastian, Pr\u00e4sidentin \u201eL\u00ebtzebuerger Verein fir Gediechtnistraining asbl\u201c, werden neben dem Ged\u00e4chtnistraining auch soziale und kommunikative Aspekte gef\u00f6rdert. Freuen Sie sich auf eine abwechslungsreiche Mischung aus wissenschaftlich gepr\u00fcften \u00dcbungen des Bundesverbandes f\u00fcr Ged\u00e4chtnistraining (BVGT) sowie auf eigens von ihr entwickelte Aufgaben, die gezielt auf die Teilnehmenden abgestimmt sind. [&hellip;]\" \/>\n<meta property=\"og:url\" content=\"https:\/\/www.gero.lu\/de\/produit\/ganzheitliches-gedachtnistraining-6\" \/>\n<meta property=\"og:site_name\" content=\"GERO\" \/>\n<meta property=\"article:publisher\" content=\"https:\/\/www.facebook.com\/Kompetenzzenter\/\" \/>\n<meta property=\"article:modified_time\" content=\"2026-05-08T07:00:12+00:00\" \/>\n<meta property=\"og:image\" content=\"https:\/\/www.gero.lu\/wp-content\/uploads\/2021\/08\/gettyimages-1135289130-2048x2048_RET-1.jpg\" \/>\n\t<meta property=\"og:image:width\" content=\"1227\" \/>\n\t<meta property=\"og:image:height\" content=\"802\" \/>\n\t<meta property=\"og:image:type\" content=\"image\/jpeg\" \/>\n<meta name=\"twitter:card\" content=\"summary_large_image\" \/>\n<meta name=\"twitter:label1\" content=\"Gesch\u00e4tzte Lesezeit\" \/>\n\t<meta name=\"twitter:data1\" content=\"1\u00a0Minute\" \/>\n<script type=\"application\/ld+json\" class=\"yoast-schema-graph\">{\"@context\":\"https:\\\/\\\/schema.org\",\"@graph\":[{\"@type\":\"WebPage\",\"@id\":\"https:\\\/\\\/www.gero.lu\\\/de\\\/produit\\\/ganzheitliches-gedachtnistraining-6\",\"url\":\"https:\\\/\\\/www.gero.lu\\\/de\\\/produit\\\/ganzheitliches-gedachtnistraining-6\",\"name\":\"Ganzheitliches Ged\u00e4chtnistraining - GERO\",\"isPartOf\":{\"@id\":\"https:\\\/\\\/www.gero.lu\\\/de\\\/#website\"},\"datePublished\":\"2026-05-07T12:00:11+00:00\",\"dateModified\":\"2026-05-08T07:00:12+00:00\",\"breadcrumb\":{\"@id\":\"https:\\\/\\\/www.gero.lu\\\/de\\\/produit\\\/ganzheitliches-gedachtnistraining-6#breadcrumb\"},\"inLanguage\":\"de\",\"potentialAction\":[{\"@type\":\"ReadAction\",\"target\":[[\"https:\\\/\\\/www.gero.lu\\\/de\\\/produit\\\/ganzheitliches-gedachtnistraining-6\"]]}]},{\"@type\":\"BreadcrumbList\",\"@id\":\"https:\\\/\\\/www.gero.lu\\\/de\\\/produit\\\/ganzheitliches-gedachtnistraining-6#breadcrumb\",\"itemListElement\":[{\"@type\":\"ListItem\",\"position\":1,\"name\":\"Accueil\",\"item\":\"https:\\\/\\\/www.gero.lu\\\/de\\\/\"},{\"@type\":\"ListItem\",\"position\":2,\"name\":\"Shop\",\"item\":\"https:\\\/\\\/www.gero.lu\\\/de\\\/shop\"},{\"@type\":\"ListItem\",\"position\":3,\"name\":\"Ganzheitliches Ged\u00e4chtnistraining\"}]},{\"@type\":\"WebSite\",\"@id\":\"https:\\\/\\\/www.gero.lu\\\/de\\\/#website\",\"url\":\"https:\\\/\\\/www.gero.lu\\\/de\\\/\",\"name\":\"Gero\",\"description\":\"Kompetenzzenter fir den Alter\",\"publisher\":{\"@id\":\"https:\\\/\\\/www.gero.lu\\\/de\\\/#organization\"},\"potentialAction\":[{\"@type\":\"SearchAction\",\"target\":{\"@type\":\"EntryPoint\",\"urlTemplate\":\"https:\\\/\\\/www.gero.lu\\\/de\\\/?s={search_term_string}\"},\"query-input\":{\"@type\":\"PropertyValueSpecification\",\"valueRequired\":true,\"valueName\":\"search_term_string\"}}],\"inLanguage\":\"de\"},{\"@type\":\"Organization\",\"@id\":\"https:\\\/\\\/www.gero.lu\\\/de\\\/#organization\",\"name\":\"Gero\",\"url\":\"https:\\\/\\\/www.gero.lu\\\/de\\\/\",\"logo\":{\"@type\":\"ImageObject\",\"inLanguage\":\"de\",\"@id\":\"https:\\\/\\\/www.gero.lu\\\/de\\\/#\\\/schema\\\/logo\\\/image\\\/\",\"url\":\"https:\\\/\\\/www.gero.lu\\\/wp-content\\\/uploads\\\/2024\\\/04\\\/logo.svg\",\"contentUrl\":\"https:\\\/\\\/www.gero.lu\\\/wp-content\\\/uploads\\\/2024\\\/04\\\/logo.svg\",\"width\":76,\"height\":30,\"caption\":\"Gero\"},\"image\":{\"@id\":\"https:\\\/\\\/www.gero.lu\\\/de\\\/#\\\/schema\\\/logo\\\/image\\\/\"},\"sameAs\":[\"https:\\\/\\\/www.facebook.com\\\/Kompetenzzenter\\\/\",\"https:\\\/\\\/www.instagram.com\\\/gero.kompetenzzenter\\\/\",\"https:\\\/\\\/linkedin.com\\\/company\\\/gero-kompetenzzenter-fir-den-alter\",\"https:\\\/\\\/www.youtube.com\\\/channel\\\/UCJvmJYSeHh3dYQsLHZupj-Q\"]}]}<\/script>\n<!-- \/ Yoast SEO Premium plugin. -->","yoast_head_json":{"title":"Ganzheitliches Ged\u00e4chtnistraining - GERO","robots":{"index":"index","follow":"follow","max-snippet":"max-snippet:-1","max-image-preview":"max-image-preview:large","max-video-preview":"max-video-preview:-1"},"canonical":"https:\/\/www.gero.lu\/de\/produit\/ganzheitliches-gedachtnistraining-6","og_locale":"de_DE","og_type":"article","og_title":"Ganzheitliches Ged\u00e4chtnistraining","og_description":"In dem anregenden Kurs unter Leitung von Elisabeth Bastian, Pr\u00e4sidentin \u201eL\u00ebtzebuerger Verein fir Gediechtnistraining asbl\u201c, werden neben dem Ged\u00e4chtnistraining auch soziale und kommunikative Aspekte gef\u00f6rdert. Freuen Sie sich auf eine abwechslungsreiche Mischung aus wissenschaftlich gepr\u00fcften \u00dcbungen des Bundesverbandes f\u00fcr Ged\u00e4chtnistraining (BVGT) sowie auf eigens von ihr entwickelte Aufgaben, die gezielt auf die Teilnehmenden abgestimmt sind. [&hellip;]","og_url":"https:\/\/www.gero.lu\/de\/produit\/ganzheitliches-gedachtnistraining-6","og_site_name":"GERO","article_publisher":"https:\/\/www.facebook.com\/Kompetenzzenter\/","article_modified_time":"2026-05-08T07:00:12+00:00","og_image":[{"width":1227,"height":802,"url":"https:\/\/www.gero.lu\/wp-content\/uploads\/2021\/08\/gettyimages-1135289130-2048x2048_RET-1.jpg","type":"image\/jpeg"}],"twitter_card":"summary_large_image","twitter_misc":{"Gesch\u00e4tzte Lesezeit":"1\u00a0Minute"},"schema":{"@context":"https:\/\/schema.org","@graph":[{"@type":"WebPage","@id":"https:\/\/www.gero.lu\/de\/produit\/ganzheitliches-gedachtnistraining-6","url":"https:\/\/www.gero.lu\/de\/produit\/ganzheitliches-gedachtnistraining-6","name":"Ganzheitliches Ged\u00e4chtnistraining - GERO","isPartOf":{"@id":"https:\/\/www.gero.lu\/de\/#website"},"datePublished":"2026-05-07T12:00:11+00:00","dateModified":"2026-05-08T07:00:12+00:00","breadcrumb":{"@id":"https:\/\/www.gero.lu\/de\/produit\/ganzheitliches-gedachtnistraining-6#breadcrumb"},"inLanguage":"de","potentialAction":[{"@type":"ReadAction","target":[["https:\/\/www.gero.lu\/de\/produit\/ganzheitliches-gedachtnistraining-6"]]}]},{"@type":"BreadcrumbList","@id":"https:\/\/www.gero.lu\/de\/produit\/ganzheitliches-gedachtnistraining-6#breadcrumb","itemListElement":[{"@type":"ListItem","position":1,"name":"Accueil","item":"https:\/\/www.gero.lu\/de\/"},{"@type":"ListItem","position":2,"name":"Shop","item":"https:\/\/www.gero.lu\/de\/shop"},{"@type":"ListItem","position":3,"name":"Ganzheitliches Ged\u00e4chtnistraining"}]},{"@type":"WebSite","@id":"https:\/\/www.gero.lu\/de\/#website","url":"https:\/\/www.gero.lu\/de\/","name":"Gero","description":"Kompetenzzenter fir den Alter","publisher":{"@id":"https:\/\/www.gero.lu\/de\/#organization"},"potentialAction":[{"@type":"SearchAction","target":{"@type":"EntryPoint","urlTemplate":"https:\/\/www.gero.lu\/de\/?s={search_term_string}"},"query-input":{"@type":"PropertyValueSpecification","valueRequired":true,"valueName":"search_term_string"}}],"inLanguage":"de"},{"@type":"Organization","@id":"https:\/\/www.gero.lu\/de\/#organization","name":"Gero","url":"https:\/\/www.gero.lu\/de\/","logo":{"@type":"ImageObject","inLanguage":"de","@id":"https:\/\/www.gero.lu\/de\/#\/schema\/logo\/image\/","url":"https:\/\/www.gero.lu\/wp-content\/uploads\/2024\/04\/logo.svg","contentUrl":"https:\/\/www.gero.lu\/wp-content\/uploads\/2024\/04\/logo.svg","width":76,"height":30,"caption":"Gero"},"image":{"@id":"https:\/\/www.gero.lu\/de\/#\/schema\/logo\/image\/"},"sameAs":["https:\/\/www.facebook.com\/Kompetenzzenter\/","https:\/\/www.instagram.com\/gero.kompetenzzenter\/","https:\/\/linkedin.com\/company\/gero-kompetenzzenter-fir-den-alter","https:\/\/www.youtube.com\/channel\/UCJvmJYSeHh3dYQsLHZupj-Q"]}]}},"_links":{"self":[{"href":"https:\/\/www.gero.lu\/de\/wp-json\/wp\/v2\/product\/11342","targetHints":{"allow":["GET"]}}],"collection":[{"href":"https:\/\/www.gero.lu\/de\/wp-json\/wp\/v2\/product"}],"about":[{"href":"https:\/\/www.gero.lu\/de\/wp-json\/wp\/v2\/types\/product"}],"replies":[{"embeddable":true,"href":"https:\/\/www.gero.lu\/de\/wp-json\/wp\/v2\/comments?post=11342"}],"wp:attachment":[{"href":"https:\/\/www.gero.lu\/de\/wp-json\/wp\/v2\/media?parent=11342"}],"wp:term":[{"taxonomy":"product_brand","embeddable":true,"href":"https:\/\/www.gero.lu\/de\/wp-json\/wp\/v2\/product_brand?post=11342"},{"taxonomy":"product_cat","embeddable":true,"href":"https:\/\/www.gero.lu\/de\/wp-json\/wp\/v2\/product_cat?post=11342"},{"taxonomy":"product_tag","embeddable":true,"href":"https:\/\/www.gero.lu\/de\/wp-json\/wp\/v2\/product_tag?post=11342"}],"curies":[{"name":"wp","href":"https:\/\/api.w.org\/{rel}","templated":true}]}}