{"id":11258,"date":"2026-04-23T11:30:05","date_gmt":"2026-04-23T11:30:05","guid":{"rendered":"https:\/\/www.gero.lu\/produit\/declaration-et-gestion-des-allergies-en-restauration"},"modified":"2026-04-23T11:30:05","modified_gmt":"2026-04-23T11:30:05","slug":"declaration-et-gestion-des-allergies-en-restauration","status":"publish","type":"product","link":"https:\/\/www.gero.lu\/de\/produit\/declaration-et-gestion-des-allergies-en-restauration","title":{"rendered":"D\u00e9claration et gestion des allergies en restauration"},"content":{"rendered":"<p>Cette formation vous aide \u00e0 mieux comprendre les enjeux li\u00e9s aux allerg\u00e8nes alimentaires et leur impact sur la sant\u00e9 publique. Elle vous donne les cl\u00e9s pour ma\u00eetriser les obligations l\u00e9gales en mati\u00e8re de d\u00e9claration, la notion de trace d\u2019allerg\u00e8ne, ainsi que les outils \u00e0 mettre en place pour une gestion efficace des risques. Gr\u00e2ce \u00e0 une approche p\u00e9dagogique dynamique et centr\u00e9e sur les personnes en formation, les connaissances sont transmises \u00e0 travers des expos\u00e9s clairs, des exemples concrets, des \u00e9changes d\u2019exp\u00e9riences, un diaporama de sensibilisation et un exercice de synth\u00e8se.<\/p>\n<p>Au programme :<br \/>\nLa notion d\u2019intol\u00e9rance et les diff\u00e9rences par rapport \u00e0 une allergie alimentaire<br \/>\nLe d\u00e9veloppement d&#8217;une allergie<br \/>\nLes diff\u00e9rentes formes d&#8217;allergies<br \/>\nLa d\u00e9claration des allerg\u00e8nes et la l\u00e9gislation<br \/>\nLes 14 allerg\u00e8nes \u00e0 d\u00e9claration obligatoire et leurs sources<br \/>\n\u00c9tiquetage des denr\u00e9es alimentaires<br \/>\nLes diff\u00e9rents outils \u00e0 mettre en place<br \/>\nL\u2019analyse des points d\u2019attention<br \/>\nRisques de contaminations crois\u00e9es<\/p>\n<p>Public cible :<br \/>\nPersonnel de cuisine en structures d\u2019h\u00e9bergement pour personnes \u00e2g\u00e9es ainsi que toute personne int\u00e9ress\u00e9e<\/p>\n","protected":false},"excerpt":{"rendered":"<p>Cette formation vous aide \u00e0 mieux comprendre les enjeux li\u00e9s aux allerg\u00e8nes alimentaires et leur impact sur la sant\u00e9 publique. Elle vous donne les cl\u00e9s pour ma\u00eetriser les obligations l\u00e9gales en mati\u00e8re de d\u00e9claration, la notion de trace d\u2019allerg\u00e8ne, ainsi que les outils \u00e0 mettre en place pour une gestion efficace des risques. Gr\u00e2ce \u00e0 [&hellip;]<\/p>\n","protected":false},"featured_media":0,"comment_status":"","ping_status":"closed","template":"","meta":{"_acf_changed":false,"inline_featured_image":false},"product_brand":[],"product_cat":[239],"product_tag":[235],"class_list":{"0":"post-11258","1":"product","2":"type-product","3":"status-publish","5":"product_cat-cours-pro","6":"product_tag-economie-domestique-pro","8":"first","9":"instock","10":"virtual","11":"purchasable","12":"product-type-simple"},"acf":[],"yoast_head":"<!-- This site is optimized with the Yoast SEO Premium plugin v27.4 (Yoast SEO v27.5) - https:\/\/yoast.com\/product\/yoast-seo-premium-wordpress\/ -->\n<title>D\u00e9claration et gestion des allergies en restauration - GERO<\/title>\n<meta name=\"robots\" content=\"index, follow, max-snippet:-1, max-image-preview:large, max-video-preview:-1\" \/>\n<link rel=\"canonical\" href=\"https:\/\/www.gero.lu\/de\/produit\/declaration-et-gestion-des-allergies-en-restauration\" \/>\n<meta property=\"og:locale\" content=\"de_DE\" \/>\n<meta property=\"og:type\" content=\"article\" \/>\n<meta property=\"og:title\" content=\"D\u00e9claration et gestion des allergies en restauration\" \/>\n<meta property=\"og:description\" content=\"Cette formation vous aide \u00e0 mieux comprendre les enjeux li\u00e9s aux allerg\u00e8nes alimentaires et leur impact sur la sant\u00e9 publique. Elle vous donne les cl\u00e9s pour ma\u00eetriser les obligations l\u00e9gales en mati\u00e8re de d\u00e9claration, la notion de trace d\u2019allerg\u00e8ne, ainsi que les outils \u00e0 mettre en place pour une gestion efficace des risques. Gr\u00e2ce \u00e0 [&hellip;]\" \/>\n<meta property=\"og:url\" content=\"https:\/\/www.gero.lu\/de\/produit\/declaration-et-gestion-des-allergies-en-restauration\" \/>\n<meta property=\"og:site_name\" content=\"GERO\" \/>\n<meta property=\"article:publisher\" content=\"https:\/\/www.facebook.com\/Kompetenzzenter\/\" \/>\n<meta property=\"og:image\" content=\"https:\/\/www.gero.lu\/wp-content\/uploads\/2021\/08\/gettyimages-1135289130-2048x2048_RET-1.jpg\" \/>\n\t<meta property=\"og:image:width\" content=\"1227\" \/>\n\t<meta property=\"og:image:height\" content=\"802\" \/>\n\t<meta property=\"og:image:type\" content=\"image\/jpeg\" \/>\n<meta name=\"twitter:card\" content=\"summary_large_image\" \/>\n<meta name=\"twitter:label1\" content=\"Gesch\u00e4tzte Lesezeit\" \/>\n\t<meta name=\"twitter:data1\" content=\"1\u00a0Minute\" \/>\n<script type=\"application\/ld+json\" class=\"yoast-schema-graph\">{\"@context\":\"https:\\\/\\\/schema.org\",\"@graph\":[{\"@type\":\"WebPage\",\"@id\":\"https:\\\/\\\/www.gero.lu\\\/de\\\/produit\\\/declaration-et-gestion-des-allergies-en-restauration\",\"url\":\"https:\\\/\\\/www.gero.lu\\\/de\\\/produit\\\/declaration-et-gestion-des-allergies-en-restauration\",\"name\":\"D\u00e9claration et gestion des allergies en restauration - GERO\",\"isPartOf\":{\"@id\":\"https:\\\/\\\/www.gero.lu\\\/de\\\/#website\"},\"datePublished\":\"2026-04-23T11:30:05+00:00\",\"breadcrumb\":{\"@id\":\"https:\\\/\\\/www.gero.lu\\\/de\\\/produit\\\/declaration-et-gestion-des-allergies-en-restauration#breadcrumb\"},\"inLanguage\":\"de\",\"potentialAction\":[{\"@type\":\"ReadAction\",\"target\":[[\"https:\\\/\\\/www.gero.lu\\\/de\\\/produit\\\/declaration-et-gestion-des-allergies-en-restauration\"]]}]},{\"@type\":\"BreadcrumbList\",\"@id\":\"https:\\\/\\\/www.gero.lu\\\/de\\\/produit\\\/declaration-et-gestion-des-allergies-en-restauration#breadcrumb\",\"itemListElement\":[{\"@type\":\"ListItem\",\"position\":1,\"name\":\"Accueil\",\"item\":\"https:\\\/\\\/www.gero.lu\\\/de\\\/\"},{\"@type\":\"ListItem\",\"position\":2,\"name\":\"Shop\",\"item\":\"https:\\\/\\\/www.gero.lu\\\/de\\\/shop\"},{\"@type\":\"ListItem\",\"position\":3,\"name\":\"D\u00e9claration et gestion des allergies en restauration\"}]},{\"@type\":\"WebSite\",\"@id\":\"https:\\\/\\\/www.gero.lu\\\/de\\\/#website\",\"url\":\"https:\\\/\\\/www.gero.lu\\\/de\\\/\",\"name\":\"Gero\",\"description\":\"Kompetenzzenter fir den Alter\",\"publisher\":{\"@id\":\"https:\\\/\\\/www.gero.lu\\\/de\\\/#organization\"},\"potentialAction\":[{\"@type\":\"SearchAction\",\"target\":{\"@type\":\"EntryPoint\",\"urlTemplate\":\"https:\\\/\\\/www.gero.lu\\\/de\\\/?s={search_term_string}\"},\"query-input\":{\"@type\":\"PropertyValueSpecification\",\"valueRequired\":true,\"valueName\":\"search_term_string\"}}],\"inLanguage\":\"de\"},{\"@type\":\"Organization\",\"@id\":\"https:\\\/\\\/www.gero.lu\\\/de\\\/#organization\",\"name\":\"Gero\",\"url\":\"https:\\\/\\\/www.gero.lu\\\/de\\\/\",\"logo\":{\"@type\":\"ImageObject\",\"inLanguage\":\"de\",\"@id\":\"https:\\\/\\\/www.gero.lu\\\/de\\\/#\\\/schema\\\/logo\\\/image\\\/\",\"url\":\"https:\\\/\\\/www.gero.lu\\\/wp-content\\\/uploads\\\/2024\\\/04\\\/logo.svg\",\"contentUrl\":\"https:\\\/\\\/www.gero.lu\\\/wp-content\\\/uploads\\\/2024\\\/04\\\/logo.svg\",\"width\":76,\"height\":30,\"caption\":\"Gero\"},\"image\":{\"@id\":\"https:\\\/\\\/www.gero.lu\\\/de\\\/#\\\/schema\\\/logo\\\/image\\\/\"},\"sameAs\":[\"https:\\\/\\\/www.facebook.com\\\/Kompetenzzenter\\\/\",\"https:\\\/\\\/www.instagram.com\\\/gero.kompetenzzenter\\\/\",\"https:\\\/\\\/linkedin.com\\\/company\\\/gero-kompetenzzenter-fir-den-alter\",\"https:\\\/\\\/www.youtube.com\\\/channel\\\/UCJvmJYSeHh3dYQsLHZupj-Q\"]}]}<\/script>\n<!-- \/ Yoast SEO Premium plugin. -->","yoast_head_json":{"title":"D\u00e9claration et gestion des allergies en restauration - GERO","robots":{"index":"index","follow":"follow","max-snippet":"max-snippet:-1","max-image-preview":"max-image-preview:large","max-video-preview":"max-video-preview:-1"},"canonical":"https:\/\/www.gero.lu\/de\/produit\/declaration-et-gestion-des-allergies-en-restauration","og_locale":"de_DE","og_type":"article","og_title":"D\u00e9claration et gestion des allergies en restauration","og_description":"Cette formation vous aide \u00e0 mieux comprendre les enjeux li\u00e9s aux allerg\u00e8nes alimentaires et leur impact sur la sant\u00e9 publique. Elle vous donne les cl\u00e9s pour ma\u00eetriser les obligations l\u00e9gales en mati\u00e8re de d\u00e9claration, la notion de trace d\u2019allerg\u00e8ne, ainsi que les outils \u00e0 mettre en place pour une gestion efficace des risques. Gr\u00e2ce \u00e0 [&hellip;]","og_url":"https:\/\/www.gero.lu\/de\/produit\/declaration-et-gestion-des-allergies-en-restauration","og_site_name":"GERO","article_publisher":"https:\/\/www.facebook.com\/Kompetenzzenter\/","og_image":[{"width":1227,"height":802,"url":"https:\/\/www.gero.lu\/wp-content\/uploads\/2021\/08\/gettyimages-1135289130-2048x2048_RET-1.jpg","type":"image\/jpeg"}],"twitter_card":"summary_large_image","twitter_misc":{"Gesch\u00e4tzte Lesezeit":"1\u00a0Minute"},"schema":{"@context":"https:\/\/schema.org","@graph":[{"@type":"WebPage","@id":"https:\/\/www.gero.lu\/de\/produit\/declaration-et-gestion-des-allergies-en-restauration","url":"https:\/\/www.gero.lu\/de\/produit\/declaration-et-gestion-des-allergies-en-restauration","name":"D\u00e9claration et gestion des allergies en restauration - GERO","isPartOf":{"@id":"https:\/\/www.gero.lu\/de\/#website"},"datePublished":"2026-04-23T11:30:05+00:00","breadcrumb":{"@id":"https:\/\/www.gero.lu\/de\/produit\/declaration-et-gestion-des-allergies-en-restauration#breadcrumb"},"inLanguage":"de","potentialAction":[{"@type":"ReadAction","target":[["https:\/\/www.gero.lu\/de\/produit\/declaration-et-gestion-des-allergies-en-restauration"]]}]},{"@type":"BreadcrumbList","@id":"https:\/\/www.gero.lu\/de\/produit\/declaration-et-gestion-des-allergies-en-restauration#breadcrumb","itemListElement":[{"@type":"ListItem","position":1,"name":"Accueil","item":"https:\/\/www.gero.lu\/de\/"},{"@type":"ListItem","position":2,"name":"Shop","item":"https:\/\/www.gero.lu\/de\/shop"},{"@type":"ListItem","position":3,"name":"D\u00e9claration et gestion des allergies en restauration"}]},{"@type":"WebSite","@id":"https:\/\/www.gero.lu\/de\/#website","url":"https:\/\/www.gero.lu\/de\/","name":"Gero","description":"Kompetenzzenter fir den Alter","publisher":{"@id":"https:\/\/www.gero.lu\/de\/#organization"},"potentialAction":[{"@type":"SearchAction","target":{"@type":"EntryPoint","urlTemplate":"https:\/\/www.gero.lu\/de\/?s={search_term_string}"},"query-input":{"@type":"PropertyValueSpecification","valueRequired":true,"valueName":"search_term_string"}}],"inLanguage":"de"},{"@type":"Organization","@id":"https:\/\/www.gero.lu\/de\/#organization","name":"Gero","url":"https:\/\/www.gero.lu\/de\/","logo":{"@type":"ImageObject","inLanguage":"de","@id":"https:\/\/www.gero.lu\/de\/#\/schema\/logo\/image\/","url":"https:\/\/www.gero.lu\/wp-content\/uploads\/2024\/04\/logo.svg","contentUrl":"https:\/\/www.gero.lu\/wp-content\/uploads\/2024\/04\/logo.svg","width":76,"height":30,"caption":"Gero"},"image":{"@id":"https:\/\/www.gero.lu\/de\/#\/schema\/logo\/image\/"},"sameAs":["https:\/\/www.facebook.com\/Kompetenzzenter\/","https:\/\/www.instagram.com\/gero.kompetenzzenter\/","https:\/\/linkedin.com\/company\/gero-kompetenzzenter-fir-den-alter","https:\/\/www.youtube.com\/channel\/UCJvmJYSeHh3dYQsLHZupj-Q"]}]}},"_links":{"self":[{"href":"https:\/\/www.gero.lu\/de\/wp-json\/wp\/v2\/product\/11258","targetHints":{"allow":["GET"]}}],"collection":[{"href":"https:\/\/www.gero.lu\/de\/wp-json\/wp\/v2\/product"}],"about":[{"href":"https:\/\/www.gero.lu\/de\/wp-json\/wp\/v2\/types\/product"}],"replies":[{"embeddable":true,"href":"https:\/\/www.gero.lu\/de\/wp-json\/wp\/v2\/comments?post=11258"}],"wp:attachment":[{"href":"https:\/\/www.gero.lu\/de\/wp-json\/wp\/v2\/media?parent=11258"}],"wp:term":[{"taxonomy":"product_brand","embeddable":true,"href":"https:\/\/www.gero.lu\/de\/wp-json\/wp\/v2\/product_brand?post=11258"},{"taxonomy":"product_cat","embeddable":true,"href":"https:\/\/www.gero.lu\/de\/wp-json\/wp\/v2\/product_cat?post=11258"},{"taxonomy":"product_tag","embeddable":true,"href":"https:\/\/www.gero.lu\/de\/wp-json\/wp\/v2\/product_tag?post=11258"}],"curies":[{"name":"wp","href":"https:\/\/api.w.org\/{rel}","templated":true}]}}