{"id":11251,"date":"2026-04-22T14:00:10","date_gmt":"2026-04-22T14:00:10","guid":{"rendered":"https:\/\/www.gero.lu\/produit\/haccp-lebensmittelhygienepraxis"},"modified":"2026-04-22T14:30:07","modified_gmt":"2026-04-22T14:30:07","slug":"haccp-lebensmittelhygienepraxis","status":"publish","type":"product","link":"https:\/\/www.gero.lu\/de\/produit\/haccp-lebensmittelhygienepraxis","title":{"rendered":"HACCP &#8211; Lebensmittelhygienepraxis"},"content":{"rendered":"<p>Diese Schulung hilft Ihnen dabei, die grundlegenden Prinzipien der Lebensmittelsicherheit zu verstehen und die gesetzlichen Anforderungen in Luxemburg zu erf\u00fcllen. Sie erhalten das n\u00f6tige Wissen, um Ihre T\u00e4tigkeit im Einklang mit den nationalen und europ\u00e4ischen Hygienestandards zu strukturieren und zu steuern, um sowohl die Lebensmittelsicherheit als auch die gesetzlichen Verpflichtungen zuverl\u00e4ssig zu erf\u00fcllen.<\/p>\n<p>Dank eines praxisnahen und teilnehmendenorientierten Ansatzes wird theoretisches Wissen in konkrete Kompetenzen verwandelt. Sie profitieren von einer klar aufgebauten theoretischen Grundlage, erg\u00e4nzt durch praktische \u00dcbungen, Erfahrungsaustausch und Gruppendiskussionen.<\/p>\n<p>Die Methodik der Schulung ist praxisnah und kombiniert theoretische Grundlagen mit praktischen \u00dcbungen zur Festigung des Wissens sowie Gruppenarbeiten und Erfahrungsaustausch zur F\u00f6rderung des gemeinsamen Lernens und der Reflexion.<\/p>\n<p>Inhalte:<br \/>\n&#8211;\tDie europ\u00e4ische und luxemburgische Gesetzgebung sowie die Anforderungen f\u00fcr Lebensmittelbetriebe in Luxemburg<br \/>\n&#8211;\tErkennung und Bewertung von Lebensmittelrisiken und deren Auswirkungen<br \/>\n&#8211;\tUmsetzung guter Hygienepraxis in Lebensmittelbetrieben nach dem HACCP-Ansatz<br \/>\n&#8211;\tDurchsicht von Dokumentationen und Eigenkontrollsystemen<\/p>\n<p>Zielgruppe:<br \/>\nK\u00fcchenpersonal in Wohnstrukturen f\u00fcr \u00e4ltere Menschen sowie alle, die interessiert sind<\/p>\n","protected":false},"excerpt":{"rendered":"<p>Diese Schulung hilft Ihnen dabei, die grundlegenden Prinzipien der Lebensmittelsicherheit zu verstehen und die gesetzlichen Anforderungen in Luxemburg zu erf\u00fcllen. Sie erhalten das n\u00f6tige Wissen, um Ihre T\u00e4tigkeit im Einklang mit den nationalen und europ\u00e4ischen Hygienestandards zu strukturieren und zu steuern, um sowohl die Lebensmittelsicherheit als auch die gesetzlichen Verpflichtungen zuverl\u00e4ssig zu erf\u00fcllen. Dank eines [&hellip;]<\/p>\n","protected":false},"featured_media":0,"comment_status":"closed","ping_status":"closed","template":"","meta":{"_acf_changed":false,"inline_featured_image":false},"product_brand":[],"product_cat":[239],"product_tag":[235],"class_list":{"0":"post-11251","1":"product","2":"type-product","3":"status-publish","5":"product_cat-cours-pro","6":"product_tag-economie-domestique-pro","8":"first","9":"instock","10":"virtual","11":"purchasable","12":"product-type-simple"},"acf":[],"yoast_head":"<!-- This site is optimized with the Yoast SEO Premium plugin v27.4 (Yoast SEO v27.5) - https:\/\/yoast.com\/product\/yoast-seo-premium-wordpress\/ -->\n<title>HACCP - Lebensmittelhygienepraxis - GERO<\/title>\n<meta name=\"robots\" content=\"index, follow, max-snippet:-1, max-image-preview:large, max-video-preview:-1\" \/>\n<link rel=\"canonical\" href=\"https:\/\/www.gero.lu\/de\/produit\/haccp-lebensmittelhygienepraxis\" \/>\n<meta property=\"og:locale\" content=\"de_DE\" \/>\n<meta property=\"og:type\" content=\"article\" \/>\n<meta property=\"og:title\" content=\"HACCP - Lebensmittelhygienepraxis\" \/>\n<meta property=\"og:description\" content=\"Diese Schulung hilft Ihnen dabei, die grundlegenden Prinzipien der Lebensmittelsicherheit zu verstehen und die gesetzlichen Anforderungen in Luxemburg zu erf\u00fcllen. Sie erhalten das n\u00f6tige Wissen, um Ihre T\u00e4tigkeit im Einklang mit den nationalen und europ\u00e4ischen Hygienestandards zu strukturieren und zu steuern, um sowohl die Lebensmittelsicherheit als auch die gesetzlichen Verpflichtungen zuverl\u00e4ssig zu erf\u00fcllen. Dank eines [&hellip;]\" \/>\n<meta property=\"og:url\" content=\"https:\/\/www.gero.lu\/de\/produit\/haccp-lebensmittelhygienepraxis\" \/>\n<meta property=\"og:site_name\" content=\"GERO\" \/>\n<meta property=\"article:publisher\" content=\"https:\/\/www.facebook.com\/Kompetenzzenter\/\" \/>\n<meta property=\"article:modified_time\" content=\"2026-04-22T14:30:07+00:00\" \/>\n<meta property=\"og:image\" content=\"https:\/\/www.gero.lu\/wp-content\/uploads\/2021\/08\/gettyimages-1135289130-2048x2048_RET-1.jpg\" \/>\n\t<meta property=\"og:image:width\" content=\"1227\" \/>\n\t<meta property=\"og:image:height\" content=\"802\" \/>\n\t<meta property=\"og:image:type\" content=\"image\/jpeg\" \/>\n<meta name=\"twitter:card\" content=\"summary_large_image\" \/>\n<meta name=\"twitter:label1\" content=\"Gesch\u00e4tzte Lesezeit\" \/>\n\t<meta name=\"twitter:data1\" content=\"1\u00a0Minute\" \/>\n<script type=\"application\/ld+json\" class=\"yoast-schema-graph\">{\"@context\":\"https:\\\/\\\/schema.org\",\"@graph\":[{\"@type\":\"WebPage\",\"@id\":\"https:\\\/\\\/www.gero.lu\\\/de\\\/produit\\\/haccp-lebensmittelhygienepraxis\",\"url\":\"https:\\\/\\\/www.gero.lu\\\/de\\\/produit\\\/haccp-lebensmittelhygienepraxis\",\"name\":\"HACCP - Lebensmittelhygienepraxis - GERO\",\"isPartOf\":{\"@id\":\"https:\\\/\\\/www.gero.lu\\\/de\\\/#website\"},\"datePublished\":\"2026-04-22T14:00:10+00:00\",\"dateModified\":\"2026-04-22T14:30:07+00:00\",\"breadcrumb\":{\"@id\":\"https:\\\/\\\/www.gero.lu\\\/de\\\/produit\\\/haccp-lebensmittelhygienepraxis#breadcrumb\"},\"inLanguage\":\"de\",\"potentialAction\":[{\"@type\":\"ReadAction\",\"target\":[[\"https:\\\/\\\/www.gero.lu\\\/de\\\/produit\\\/haccp-lebensmittelhygienepraxis\"]]}]},{\"@type\":\"BreadcrumbList\",\"@id\":\"https:\\\/\\\/www.gero.lu\\\/de\\\/produit\\\/haccp-lebensmittelhygienepraxis#breadcrumb\",\"itemListElement\":[{\"@type\":\"ListItem\",\"position\":1,\"name\":\"Accueil\",\"item\":\"https:\\\/\\\/www.gero.lu\\\/de\\\/\"},{\"@type\":\"ListItem\",\"position\":2,\"name\":\"Shop\",\"item\":\"https:\\\/\\\/www.gero.lu\\\/de\\\/shop\"},{\"@type\":\"ListItem\",\"position\":3,\"name\":\"HACCP &#8211; Lebensmittelhygienepraxis\"}]},{\"@type\":\"WebSite\",\"@id\":\"https:\\\/\\\/www.gero.lu\\\/de\\\/#website\",\"url\":\"https:\\\/\\\/www.gero.lu\\\/de\\\/\",\"name\":\"Gero\",\"description\":\"Kompetenzzenter fir den Alter\",\"publisher\":{\"@id\":\"https:\\\/\\\/www.gero.lu\\\/de\\\/#organization\"},\"potentialAction\":[{\"@type\":\"SearchAction\",\"target\":{\"@type\":\"EntryPoint\",\"urlTemplate\":\"https:\\\/\\\/www.gero.lu\\\/de\\\/?s={search_term_string}\"},\"query-input\":{\"@type\":\"PropertyValueSpecification\",\"valueRequired\":true,\"valueName\":\"search_term_string\"}}],\"inLanguage\":\"de\"},{\"@type\":\"Organization\",\"@id\":\"https:\\\/\\\/www.gero.lu\\\/de\\\/#organization\",\"name\":\"Gero\",\"url\":\"https:\\\/\\\/www.gero.lu\\\/de\\\/\",\"logo\":{\"@type\":\"ImageObject\",\"inLanguage\":\"de\",\"@id\":\"https:\\\/\\\/www.gero.lu\\\/de\\\/#\\\/schema\\\/logo\\\/image\\\/\",\"url\":\"https:\\\/\\\/www.gero.lu\\\/wp-content\\\/uploads\\\/2024\\\/04\\\/logo.svg\",\"contentUrl\":\"https:\\\/\\\/www.gero.lu\\\/wp-content\\\/uploads\\\/2024\\\/04\\\/logo.svg\",\"width\":76,\"height\":30,\"caption\":\"Gero\"},\"image\":{\"@id\":\"https:\\\/\\\/www.gero.lu\\\/de\\\/#\\\/schema\\\/logo\\\/image\\\/\"},\"sameAs\":[\"https:\\\/\\\/www.facebook.com\\\/Kompetenzzenter\\\/\",\"https:\\\/\\\/www.instagram.com\\\/gero.kompetenzzenter\\\/\",\"https:\\\/\\\/linkedin.com\\\/company\\\/gero-kompetenzzenter-fir-den-alter\",\"https:\\\/\\\/www.youtube.com\\\/channel\\\/UCJvmJYSeHh3dYQsLHZupj-Q\"]}]}<\/script>\n<!-- \/ Yoast SEO Premium plugin. -->","yoast_head_json":{"title":"HACCP - Lebensmittelhygienepraxis - GERO","robots":{"index":"index","follow":"follow","max-snippet":"max-snippet:-1","max-image-preview":"max-image-preview:large","max-video-preview":"max-video-preview:-1"},"canonical":"https:\/\/www.gero.lu\/de\/produit\/haccp-lebensmittelhygienepraxis","og_locale":"de_DE","og_type":"article","og_title":"HACCP - Lebensmittelhygienepraxis","og_description":"Diese Schulung hilft Ihnen dabei, die grundlegenden Prinzipien der Lebensmittelsicherheit zu verstehen und die gesetzlichen Anforderungen in Luxemburg zu erf\u00fcllen. Sie erhalten das n\u00f6tige Wissen, um Ihre T\u00e4tigkeit im Einklang mit den nationalen und europ\u00e4ischen Hygienestandards zu strukturieren und zu steuern, um sowohl die Lebensmittelsicherheit als auch die gesetzlichen Verpflichtungen zuverl\u00e4ssig zu erf\u00fcllen. Dank eines [&hellip;]","og_url":"https:\/\/www.gero.lu\/de\/produit\/haccp-lebensmittelhygienepraxis","og_site_name":"GERO","article_publisher":"https:\/\/www.facebook.com\/Kompetenzzenter\/","article_modified_time":"2026-04-22T14:30:07+00:00","og_image":[{"width":1227,"height":802,"url":"https:\/\/www.gero.lu\/wp-content\/uploads\/2021\/08\/gettyimages-1135289130-2048x2048_RET-1.jpg","type":"image\/jpeg"}],"twitter_card":"summary_large_image","twitter_misc":{"Gesch\u00e4tzte Lesezeit":"1\u00a0Minute"},"schema":{"@context":"https:\/\/schema.org","@graph":[{"@type":"WebPage","@id":"https:\/\/www.gero.lu\/de\/produit\/haccp-lebensmittelhygienepraxis","url":"https:\/\/www.gero.lu\/de\/produit\/haccp-lebensmittelhygienepraxis","name":"HACCP - Lebensmittelhygienepraxis - GERO","isPartOf":{"@id":"https:\/\/www.gero.lu\/de\/#website"},"datePublished":"2026-04-22T14:00:10+00:00","dateModified":"2026-04-22T14:30:07+00:00","breadcrumb":{"@id":"https:\/\/www.gero.lu\/de\/produit\/haccp-lebensmittelhygienepraxis#breadcrumb"},"inLanguage":"de","potentialAction":[{"@type":"ReadAction","target":[["https:\/\/www.gero.lu\/de\/produit\/haccp-lebensmittelhygienepraxis"]]}]},{"@type":"BreadcrumbList","@id":"https:\/\/www.gero.lu\/de\/produit\/haccp-lebensmittelhygienepraxis#breadcrumb","itemListElement":[{"@type":"ListItem","position":1,"name":"Accueil","item":"https:\/\/www.gero.lu\/de\/"},{"@type":"ListItem","position":2,"name":"Shop","item":"https:\/\/www.gero.lu\/de\/shop"},{"@type":"ListItem","position":3,"name":"HACCP &#8211; Lebensmittelhygienepraxis"}]},{"@type":"WebSite","@id":"https:\/\/www.gero.lu\/de\/#website","url":"https:\/\/www.gero.lu\/de\/","name":"Gero","description":"Kompetenzzenter fir den Alter","publisher":{"@id":"https:\/\/www.gero.lu\/de\/#organization"},"potentialAction":[{"@type":"SearchAction","target":{"@type":"EntryPoint","urlTemplate":"https:\/\/www.gero.lu\/de\/?s={search_term_string}"},"query-input":{"@type":"PropertyValueSpecification","valueRequired":true,"valueName":"search_term_string"}}],"inLanguage":"de"},{"@type":"Organization","@id":"https:\/\/www.gero.lu\/de\/#organization","name":"Gero","url":"https:\/\/www.gero.lu\/de\/","logo":{"@type":"ImageObject","inLanguage":"de","@id":"https:\/\/www.gero.lu\/de\/#\/schema\/logo\/image\/","url":"https:\/\/www.gero.lu\/wp-content\/uploads\/2024\/04\/logo.svg","contentUrl":"https:\/\/www.gero.lu\/wp-content\/uploads\/2024\/04\/logo.svg","width":76,"height":30,"caption":"Gero"},"image":{"@id":"https:\/\/www.gero.lu\/de\/#\/schema\/logo\/image\/"},"sameAs":["https:\/\/www.facebook.com\/Kompetenzzenter\/","https:\/\/www.instagram.com\/gero.kompetenzzenter\/","https:\/\/linkedin.com\/company\/gero-kompetenzzenter-fir-den-alter","https:\/\/www.youtube.com\/channel\/UCJvmJYSeHh3dYQsLHZupj-Q"]}]}},"_links":{"self":[{"href":"https:\/\/www.gero.lu\/de\/wp-json\/wp\/v2\/product\/11251","targetHints":{"allow":["GET"]}}],"collection":[{"href":"https:\/\/www.gero.lu\/de\/wp-json\/wp\/v2\/product"}],"about":[{"href":"https:\/\/www.gero.lu\/de\/wp-json\/wp\/v2\/types\/product"}],"replies":[{"embeddable":true,"href":"https:\/\/www.gero.lu\/de\/wp-json\/wp\/v2\/comments?post=11251"}],"wp:attachment":[{"href":"https:\/\/www.gero.lu\/de\/wp-json\/wp\/v2\/media?parent=11251"}],"wp:term":[{"taxonomy":"product_brand","embeddable":true,"href":"https:\/\/www.gero.lu\/de\/wp-json\/wp\/v2\/product_brand?post=11251"},{"taxonomy":"product_cat","embeddable":true,"href":"https:\/\/www.gero.lu\/de\/wp-json\/wp\/v2\/product_cat?post=11251"},{"taxonomy":"product_tag","embeddable":true,"href":"https:\/\/www.gero.lu\/de\/wp-json\/wp\/v2\/product_tag?post=11251"}],"curies":[{"name":"wp","href":"https:\/\/api.w.org\/{rel}","templated":true}]}}