{"id":11249,"date":"2026-04-22T13:30:10","date_gmt":"2026-04-22T13:30:10","guid":{"rendered":"https:\/\/www.gero.lu\/produit\/ageman-das-alter-verstehen-und-am-eigenen-leib-erfahren"},"modified":"2026-04-22T13:30:10","modified_gmt":"2026-04-22T13:30:10","slug":"ageman-das-alter-verstehen-und-am-eigenen-leib-erfahren","status":"publish","type":"product","link":"https:\/\/www.gero.lu\/de\/produit\/ageman-das-alter-verstehen-und-am-eigenen-leib-erfahren","title":{"rendered":"AgeMan\u00a9 Das Alter verstehen und am eigenen Leib erfahren"},"content":{"rendered":"<p>In diesem Workshop wird thematisiert, wer heutzutage die alten Menschen sind, wie sie sich selbst definieren und welche Werte sie repr\u00e4sentieren. So lernen die Teilnehmenden, die \u00e4lteren Menschen als Kund*innen, Bewohner*innen oder Patient*innen besser einzusch\u00e4tzen.<\/p>\n<p>Mit Hilfe eines Alterssimulationsanzuges, mit \u00fcber 20 Alterungseffekten, erhalten die Teilnehmenden die M\u00f6glichkeit, in die Erfahrungswelt \u00e4lterer Menschen einzutauchen. Durch die mit unterschiedlichen Hilfsmitteln simulierten Einschr\u00e4nkungen erleben sie am eigenen Leib, wie sich Altersver\u00e4nderungen auf die Beweglichkeit, die Kraft, die Wahrnehmung oder die Stimmung auswirken. Simuliert werden z. B. Gangunsicherheit und -einschr\u00e4nkungen, Knie- und R\u00fcckenschmerzen, Tremor, L\u00e4hmungen, Tinnitus und Augenerkrankungen. <\/p>\n<p>Ebenfalls werden Rollator und Rollstuhl in die Selbsterfahrung mit eingebunden. In Zweierteams k\u00f6nnen einfache Handlungen aus dem Alltag ausprobiert werden. Auf diese Weise kann j\u00fcngeren Personen ein eindrucksvolles Bild vom Altsein vermittelt werden.<\/p>\n<p>Inhalte:<br \/>\n\uf02d\tFormale und informelle Altersgrenzen<br \/>\n\uf02d\tAltern als \u201eProzess\u201c<br \/>\n\uf02d\tDemographische Trends und gerontologisches Wissen<br \/>\n\uf02d\tPsychologische und physiologische Ver\u00e4nderungen im Alter<\/p>\n<p>Zielgruppe: Aide Socio-Familiale, Auxiliaire de Vie, Ergotherapeut*in, Erzieher*in, Krankenpfleger*in, Krankenpflegerhelfer*in, Physiotherapeut*in, Psycholog*in und andere relevante Berufsgruppen<\/p>\n","protected":false},"excerpt":{"rendered":"<p>In diesem Workshop wird thematisiert, wer heutzutage die alten Menschen sind, wie sie sich selbst definieren und welche Werte sie repr\u00e4sentieren. So lernen die Teilnehmenden, die \u00e4lteren Menschen als Kund*innen, Bewohner*innen oder Patient*innen besser einzusch\u00e4tzen. Mit Hilfe eines Alterssimulationsanzuges, mit \u00fcber 20 Alterungseffekten, erhalten die Teilnehmenden die M\u00f6glichkeit, in die Erfahrungswelt \u00e4lterer Menschen einzutauchen. Durch [&hellip;]<\/p>\n","protected":false},"featured_media":0,"comment_status":"","ping_status":"closed","template":"","meta":{"_acf_changed":false,"inline_featured_image":false},"product_brand":[],"product_cat":[241],"product_tag":[237],"class_list":{"0":"post-11249","1":"product","2":"type-product","3":"status-publish","5":"product_cat-workshop-pro","6":"product_tag-soins-encadrement-therapie-pro","8":"first","9":"instock","10":"virtual","11":"purchasable","12":"product-type-simple"},"acf":[],"yoast_head":"<!-- This site is optimized with the Yoast SEO Premium plugin v27.4 (Yoast SEO v27.5) - https:\/\/yoast.com\/product\/yoast-seo-premium-wordpress\/ -->\n<title>AgeMan\u00a9 Das Alter verstehen und am eigenen Leib erfahren - GERO<\/title>\n<meta name=\"robots\" content=\"index, follow, max-snippet:-1, max-image-preview:large, max-video-preview:-1\" \/>\n<link rel=\"canonical\" href=\"https:\/\/www.gero.lu\/de\/produit\/ageman-das-alter-verstehen-und-am-eigenen-leib-erfahren\" \/>\n<meta property=\"og:locale\" content=\"de_DE\" \/>\n<meta property=\"og:type\" content=\"article\" \/>\n<meta property=\"og:title\" content=\"AgeMan\u00a9 Das Alter verstehen und am eigenen Leib erfahren\" \/>\n<meta property=\"og:description\" content=\"In diesem Workshop wird thematisiert, wer heutzutage die alten Menschen sind, wie sie sich selbst definieren und welche Werte sie repr\u00e4sentieren. So lernen die Teilnehmenden, die \u00e4lteren Menschen als Kund*innen, Bewohner*innen oder Patient*innen besser einzusch\u00e4tzen. Mit Hilfe eines Alterssimulationsanzuges, mit \u00fcber 20 Alterungseffekten, erhalten die Teilnehmenden die M\u00f6glichkeit, in die Erfahrungswelt \u00e4lterer Menschen einzutauchen. Durch [&hellip;]\" \/>\n<meta property=\"og:url\" content=\"https:\/\/www.gero.lu\/de\/produit\/ageman-das-alter-verstehen-und-am-eigenen-leib-erfahren\" \/>\n<meta property=\"og:site_name\" content=\"GERO\" \/>\n<meta property=\"article:publisher\" content=\"https:\/\/www.facebook.com\/Kompetenzzenter\/\" \/>\n<meta property=\"og:image\" content=\"https:\/\/www.gero.lu\/wp-content\/uploads\/2021\/08\/gettyimages-1135289130-2048x2048_RET-1.jpg\" \/>\n\t<meta property=\"og:image:width\" content=\"1227\" \/>\n\t<meta property=\"og:image:height\" content=\"802\" \/>\n\t<meta property=\"og:image:type\" content=\"image\/jpeg\" \/>\n<meta name=\"twitter:card\" content=\"summary_large_image\" \/>\n<meta name=\"twitter:label1\" content=\"Gesch\u00e4tzte Lesezeit\" \/>\n\t<meta name=\"twitter:data1\" content=\"1\u00a0Minute\" \/>\n<script type=\"application\/ld+json\" class=\"yoast-schema-graph\">{\"@context\":\"https:\\\/\\\/schema.org\",\"@graph\":[{\"@type\":\"WebPage\",\"@id\":\"https:\\\/\\\/www.gero.lu\\\/de\\\/produit\\\/ageman-das-alter-verstehen-und-am-eigenen-leib-erfahren\",\"url\":\"https:\\\/\\\/www.gero.lu\\\/de\\\/produit\\\/ageman-das-alter-verstehen-und-am-eigenen-leib-erfahren\",\"name\":\"AgeMan\u00a9 Das Alter verstehen und am eigenen Leib erfahren - GERO\",\"isPartOf\":{\"@id\":\"https:\\\/\\\/www.gero.lu\\\/de\\\/#website\"},\"datePublished\":\"2026-04-22T13:30:10+00:00\",\"breadcrumb\":{\"@id\":\"https:\\\/\\\/www.gero.lu\\\/de\\\/produit\\\/ageman-das-alter-verstehen-und-am-eigenen-leib-erfahren#breadcrumb\"},\"inLanguage\":\"de\",\"potentialAction\":[{\"@type\":\"ReadAction\",\"target\":[[\"https:\\\/\\\/www.gero.lu\\\/de\\\/produit\\\/ageman-das-alter-verstehen-und-am-eigenen-leib-erfahren\"]]}]},{\"@type\":\"BreadcrumbList\",\"@id\":\"https:\\\/\\\/www.gero.lu\\\/de\\\/produit\\\/ageman-das-alter-verstehen-und-am-eigenen-leib-erfahren#breadcrumb\",\"itemListElement\":[{\"@type\":\"ListItem\",\"position\":1,\"name\":\"Accueil\",\"item\":\"https:\\\/\\\/www.gero.lu\\\/de\\\/\"},{\"@type\":\"ListItem\",\"position\":2,\"name\":\"Shop\",\"item\":\"https:\\\/\\\/www.gero.lu\\\/de\\\/shop\"},{\"@type\":\"ListItem\",\"position\":3,\"name\":\"AgeMan\u00a9 Das Alter verstehen und am eigenen Leib erfahren\"}]},{\"@type\":\"WebSite\",\"@id\":\"https:\\\/\\\/www.gero.lu\\\/de\\\/#website\",\"url\":\"https:\\\/\\\/www.gero.lu\\\/de\\\/\",\"name\":\"Gero\",\"description\":\"Kompetenzzenter fir den Alter\",\"publisher\":{\"@id\":\"https:\\\/\\\/www.gero.lu\\\/de\\\/#organization\"},\"potentialAction\":[{\"@type\":\"SearchAction\",\"target\":{\"@type\":\"EntryPoint\",\"urlTemplate\":\"https:\\\/\\\/www.gero.lu\\\/de\\\/?s={search_term_string}\"},\"query-input\":{\"@type\":\"PropertyValueSpecification\",\"valueRequired\":true,\"valueName\":\"search_term_string\"}}],\"inLanguage\":\"de\"},{\"@type\":\"Organization\",\"@id\":\"https:\\\/\\\/www.gero.lu\\\/de\\\/#organization\",\"name\":\"Gero\",\"url\":\"https:\\\/\\\/www.gero.lu\\\/de\\\/\",\"logo\":{\"@type\":\"ImageObject\",\"inLanguage\":\"de\",\"@id\":\"https:\\\/\\\/www.gero.lu\\\/de\\\/#\\\/schema\\\/logo\\\/image\\\/\",\"url\":\"https:\\\/\\\/www.gero.lu\\\/wp-content\\\/uploads\\\/2024\\\/04\\\/logo.svg\",\"contentUrl\":\"https:\\\/\\\/www.gero.lu\\\/wp-content\\\/uploads\\\/2024\\\/04\\\/logo.svg\",\"width\":76,\"height\":30,\"caption\":\"Gero\"},\"image\":{\"@id\":\"https:\\\/\\\/www.gero.lu\\\/de\\\/#\\\/schema\\\/logo\\\/image\\\/\"},\"sameAs\":[\"https:\\\/\\\/www.facebook.com\\\/Kompetenzzenter\\\/\",\"https:\\\/\\\/www.instagram.com\\\/gero.kompetenzzenter\\\/\",\"https:\\\/\\\/linkedin.com\\\/company\\\/gero-kompetenzzenter-fir-den-alter\",\"https:\\\/\\\/www.youtube.com\\\/channel\\\/UCJvmJYSeHh3dYQsLHZupj-Q\"]}]}<\/script>\n<!-- \/ Yoast SEO Premium plugin. -->","yoast_head_json":{"title":"AgeMan\u00a9 Das Alter verstehen und am eigenen Leib erfahren - GERO","robots":{"index":"index","follow":"follow","max-snippet":"max-snippet:-1","max-image-preview":"max-image-preview:large","max-video-preview":"max-video-preview:-1"},"canonical":"https:\/\/www.gero.lu\/de\/produit\/ageman-das-alter-verstehen-und-am-eigenen-leib-erfahren","og_locale":"de_DE","og_type":"article","og_title":"AgeMan\u00a9 Das Alter verstehen und am eigenen Leib erfahren","og_description":"In diesem Workshop wird thematisiert, wer heutzutage die alten Menschen sind, wie sie sich selbst definieren und welche Werte sie repr\u00e4sentieren. So lernen die Teilnehmenden, die \u00e4lteren Menschen als Kund*innen, Bewohner*innen oder Patient*innen besser einzusch\u00e4tzen. Mit Hilfe eines Alterssimulationsanzuges, mit \u00fcber 20 Alterungseffekten, erhalten die Teilnehmenden die M\u00f6glichkeit, in die Erfahrungswelt \u00e4lterer Menschen einzutauchen. Durch [&hellip;]","og_url":"https:\/\/www.gero.lu\/de\/produit\/ageman-das-alter-verstehen-und-am-eigenen-leib-erfahren","og_site_name":"GERO","article_publisher":"https:\/\/www.facebook.com\/Kompetenzzenter\/","og_image":[{"width":1227,"height":802,"url":"https:\/\/www.gero.lu\/wp-content\/uploads\/2021\/08\/gettyimages-1135289130-2048x2048_RET-1.jpg","type":"image\/jpeg"}],"twitter_card":"summary_large_image","twitter_misc":{"Gesch\u00e4tzte Lesezeit":"1\u00a0Minute"},"schema":{"@context":"https:\/\/schema.org","@graph":[{"@type":"WebPage","@id":"https:\/\/www.gero.lu\/de\/produit\/ageman-das-alter-verstehen-und-am-eigenen-leib-erfahren","url":"https:\/\/www.gero.lu\/de\/produit\/ageman-das-alter-verstehen-und-am-eigenen-leib-erfahren","name":"AgeMan\u00a9 Das Alter verstehen und am eigenen Leib erfahren - GERO","isPartOf":{"@id":"https:\/\/www.gero.lu\/de\/#website"},"datePublished":"2026-04-22T13:30:10+00:00","breadcrumb":{"@id":"https:\/\/www.gero.lu\/de\/produit\/ageman-das-alter-verstehen-und-am-eigenen-leib-erfahren#breadcrumb"},"inLanguage":"de","potentialAction":[{"@type":"ReadAction","target":[["https:\/\/www.gero.lu\/de\/produit\/ageman-das-alter-verstehen-und-am-eigenen-leib-erfahren"]]}]},{"@type":"BreadcrumbList","@id":"https:\/\/www.gero.lu\/de\/produit\/ageman-das-alter-verstehen-und-am-eigenen-leib-erfahren#breadcrumb","itemListElement":[{"@type":"ListItem","position":1,"name":"Accueil","item":"https:\/\/www.gero.lu\/de\/"},{"@type":"ListItem","position":2,"name":"Shop","item":"https:\/\/www.gero.lu\/de\/shop"},{"@type":"ListItem","position":3,"name":"AgeMan\u00a9 Das Alter verstehen und am eigenen Leib erfahren"}]},{"@type":"WebSite","@id":"https:\/\/www.gero.lu\/de\/#website","url":"https:\/\/www.gero.lu\/de\/","name":"Gero","description":"Kompetenzzenter fir den Alter","publisher":{"@id":"https:\/\/www.gero.lu\/de\/#organization"},"potentialAction":[{"@type":"SearchAction","target":{"@type":"EntryPoint","urlTemplate":"https:\/\/www.gero.lu\/de\/?s={search_term_string}"},"query-input":{"@type":"PropertyValueSpecification","valueRequired":true,"valueName":"search_term_string"}}],"inLanguage":"de"},{"@type":"Organization","@id":"https:\/\/www.gero.lu\/de\/#organization","name":"Gero","url":"https:\/\/www.gero.lu\/de\/","logo":{"@type":"ImageObject","inLanguage":"de","@id":"https:\/\/www.gero.lu\/de\/#\/schema\/logo\/image\/","url":"https:\/\/www.gero.lu\/wp-content\/uploads\/2024\/04\/logo.svg","contentUrl":"https:\/\/www.gero.lu\/wp-content\/uploads\/2024\/04\/logo.svg","width":76,"height":30,"caption":"Gero"},"image":{"@id":"https:\/\/www.gero.lu\/de\/#\/schema\/logo\/image\/"},"sameAs":["https:\/\/www.facebook.com\/Kompetenzzenter\/","https:\/\/www.instagram.com\/gero.kompetenzzenter\/","https:\/\/linkedin.com\/company\/gero-kompetenzzenter-fir-den-alter","https:\/\/www.youtube.com\/channel\/UCJvmJYSeHh3dYQsLHZupj-Q"]}]}},"_links":{"self":[{"href":"https:\/\/www.gero.lu\/de\/wp-json\/wp\/v2\/product\/11249","targetHints":{"allow":["GET"]}}],"collection":[{"href":"https:\/\/www.gero.lu\/de\/wp-json\/wp\/v2\/product"}],"about":[{"href":"https:\/\/www.gero.lu\/de\/wp-json\/wp\/v2\/types\/product"}],"replies":[{"embeddable":true,"href":"https:\/\/www.gero.lu\/de\/wp-json\/wp\/v2\/comments?post=11249"}],"wp:attachment":[{"href":"https:\/\/www.gero.lu\/de\/wp-json\/wp\/v2\/media?parent=11249"}],"wp:term":[{"taxonomy":"product_brand","embeddable":true,"href":"https:\/\/www.gero.lu\/de\/wp-json\/wp\/v2\/product_brand?post=11249"},{"taxonomy":"product_cat","embeddable":true,"href":"https:\/\/www.gero.lu\/de\/wp-json\/wp\/v2\/product_cat?post=11249"},{"taxonomy":"product_tag","embeddable":true,"href":"https:\/\/www.gero.lu\/de\/wp-json\/wp\/v2\/product_tag?post=11249"}],"curies":[{"name":"wp","href":"https:\/\/api.w.org\/{rel}","templated":true}]}}