{"id":11248,"date":"2026-04-22T13:30:08","date_gmt":"2026-04-22T13:30:08","guid":{"rendered":"https:\/\/www.gero.lu\/produit\/ruckenschonendes-arbeiten-in-der-altenpflege"},"modified":"2026-04-22T13:30:08","modified_gmt":"2026-04-22T13:30:08","slug":"ruckenschonendes-arbeiten-in-der-altenpflege","status":"publish","type":"product","link":"https:\/\/www.gero.lu\/de\/produit\/ruckenschonendes-arbeiten-in-der-altenpflege","title":{"rendered":"R\u00fcckenschonendes arbeiten in der Altenpflege"},"content":{"rendered":"<p>Gesund bewegen \u2013 kraftsparend pflegen \u2013 langfristig gesund bleiben<\/p>\n<p>R\u00fcckenschonendes Arbeiten bedeutet, Ihre eigenen Ressourcen sowie technische Hilfsmittel bewusst einzusetzen, um k\u00f6rperliche Belastungen zu reduzieren und Ihre Gesundheit langfristig zu sch\u00fctzen.<\/p>\n<p>In diesem Kurs lernen Sie, eine ergonomische K\u00f6rperhaltung einzunehmen, Ihre Kraft effizient zu nutzen und im Team zu arbeiten, um belastende T\u00e4tigkeiten wie Umlagern oder Transfers sicher durchzuf\u00fchren. Der gezielte Einsatz von Hilfsmitteln wie Lifter, Rutschbretter oder h\u00f6henverstellbare Pflegebetten entlastet insbesondere den unteren R\u00fccken.<\/p>\n<p>Ein weiterer Schwerpunkt liegt auf der Kr\u00e4ftigung der stabilisierenden Rumpf- und R\u00fcckenmuskulatur. Durch praktische \u00dcbungen sowie eine achtsame Bewegungseinheit entwickeln Sie ein besseres K\u00f6rpergef\u00fchl und beugen Beschwerden vor. Zudem st\u00e4rken Sie Ihre Wahrnehmung f\u00fcr k\u00f6rperliche Grenzen, lernen Warnsignale fr\u00fchzeitig zu erkennen und Bewegungen bewusst anzupassen \u2013 f\u00fcr Ihre langfristige Arbeitsf\u00e4higkeit und eine sichere Pflege.<\/p>\n<p>Inhalte:<br \/>\n\uf02d\tGrundlagen des r\u00fcckenschonenden Arbeitens<br \/>\n\uf02d\tErgonomische Haltung und effiziente Kraftnutzung<br \/>\n\uf02d\tSicheres Umlagern und Arbeiten im Team<br \/>\n\uf02d\tEinsatz von Hilfsmitteln<br \/>\n\uf02d\tKr\u00e4ftigung von Rumpf und R\u00fccken<br \/>\n\uf02d\tPraktische \u00dcbungen und Achtsamkeit<br \/>\n\uf02d\tSelbstschutz im Pflegealltag<\/p>\n<p>Zielgruppe: Aide Socio-Familiale, Auxiliaire de Vie, Ergotherapeut*in, Erzieher*in, Krankenpfleger*in, Krankenpflegerhelfer*in, Physiotherapeut*in, Psycholog*in und andere relevante Berufsgruppen<\/p>\n","protected":false},"excerpt":{"rendered":"<p>Gesund bewegen \u2013 kraftsparend pflegen \u2013 langfristig gesund bleiben R\u00fcckenschonendes Arbeiten bedeutet, Ihre eigenen Ressourcen sowie technische Hilfsmittel bewusst einzusetzen, um k\u00f6rperliche Belastungen zu reduzieren und Ihre Gesundheit langfristig zu sch\u00fctzen. In diesem Kurs lernen Sie, eine ergonomische K\u00f6rperhaltung einzunehmen, Ihre Kraft effizient zu nutzen und im Team zu arbeiten, um belastende T\u00e4tigkeiten wie Umlagern [&hellip;]<\/p>\n","protected":false},"featured_media":0,"comment_status":"","ping_status":"closed","template":"","meta":{"_acf_changed":false,"inline_featured_image":false},"product_brand":[],"product_cat":[241],"product_tag":[237],"class_list":{"0":"post-11248","1":"product","2":"type-product","3":"status-publish","5":"product_cat-workshop-pro","6":"product_tag-soins-encadrement-therapie-pro","8":"first","9":"instock","10":"virtual","11":"purchasable","12":"product-type-simple"},"acf":[],"yoast_head":"<!-- This site is optimized with the Yoast SEO Premium plugin v27.4 (Yoast SEO v27.5) - https:\/\/yoast.com\/product\/yoast-seo-premium-wordpress\/ -->\n<title>R\u00fcckenschonendes arbeiten in der Altenpflege - GERO<\/title>\n<meta name=\"robots\" content=\"index, follow, max-snippet:-1, max-image-preview:large, max-video-preview:-1\" \/>\n<link rel=\"canonical\" href=\"https:\/\/www.gero.lu\/de\/produit\/ruckenschonendes-arbeiten-in-der-altenpflege\" \/>\n<meta property=\"og:locale\" content=\"de_DE\" \/>\n<meta property=\"og:type\" content=\"article\" \/>\n<meta property=\"og:title\" content=\"R\u00fcckenschonendes arbeiten in der Altenpflege\" \/>\n<meta property=\"og:description\" content=\"Gesund bewegen \u2013 kraftsparend pflegen \u2013 langfristig gesund bleiben R\u00fcckenschonendes Arbeiten bedeutet, Ihre eigenen Ressourcen sowie technische Hilfsmittel bewusst einzusetzen, um k\u00f6rperliche Belastungen zu reduzieren und Ihre Gesundheit langfristig zu sch\u00fctzen. In diesem Kurs lernen Sie, eine ergonomische K\u00f6rperhaltung einzunehmen, Ihre Kraft effizient zu nutzen und im Team zu arbeiten, um belastende T\u00e4tigkeiten wie Umlagern [&hellip;]\" \/>\n<meta property=\"og:url\" content=\"https:\/\/www.gero.lu\/de\/produit\/ruckenschonendes-arbeiten-in-der-altenpflege\" \/>\n<meta property=\"og:site_name\" content=\"GERO\" \/>\n<meta property=\"article:publisher\" content=\"https:\/\/www.facebook.com\/Kompetenzzenter\/\" \/>\n<meta property=\"og:image\" content=\"https:\/\/www.gero.lu\/wp-content\/uploads\/2021\/08\/gettyimages-1135289130-2048x2048_RET-1.jpg\" \/>\n\t<meta property=\"og:image:width\" content=\"1227\" \/>\n\t<meta property=\"og:image:height\" content=\"802\" \/>\n\t<meta property=\"og:image:type\" content=\"image\/jpeg\" \/>\n<meta name=\"twitter:card\" content=\"summary_large_image\" \/>\n<meta name=\"twitter:label1\" content=\"Gesch\u00e4tzte Lesezeit\" \/>\n\t<meta name=\"twitter:data1\" content=\"1\u00a0Minute\" \/>\n<script type=\"application\/ld+json\" class=\"yoast-schema-graph\">{\"@context\":\"https:\\\/\\\/schema.org\",\"@graph\":[{\"@type\":\"WebPage\",\"@id\":\"https:\\\/\\\/www.gero.lu\\\/de\\\/produit\\\/ruckenschonendes-arbeiten-in-der-altenpflege\",\"url\":\"https:\\\/\\\/www.gero.lu\\\/de\\\/produit\\\/ruckenschonendes-arbeiten-in-der-altenpflege\",\"name\":\"R\u00fcckenschonendes arbeiten in der Altenpflege - GERO\",\"isPartOf\":{\"@id\":\"https:\\\/\\\/www.gero.lu\\\/de\\\/#website\"},\"datePublished\":\"2026-04-22T13:30:08+00:00\",\"breadcrumb\":{\"@id\":\"https:\\\/\\\/www.gero.lu\\\/de\\\/produit\\\/ruckenschonendes-arbeiten-in-der-altenpflege#breadcrumb\"},\"inLanguage\":\"de\",\"potentialAction\":[{\"@type\":\"ReadAction\",\"target\":[[\"https:\\\/\\\/www.gero.lu\\\/de\\\/produit\\\/ruckenschonendes-arbeiten-in-der-altenpflege\"]]}]},{\"@type\":\"BreadcrumbList\",\"@id\":\"https:\\\/\\\/www.gero.lu\\\/de\\\/produit\\\/ruckenschonendes-arbeiten-in-der-altenpflege#breadcrumb\",\"itemListElement\":[{\"@type\":\"ListItem\",\"position\":1,\"name\":\"Accueil\",\"item\":\"https:\\\/\\\/www.gero.lu\\\/de\\\/\"},{\"@type\":\"ListItem\",\"position\":2,\"name\":\"Shop\",\"item\":\"https:\\\/\\\/www.gero.lu\\\/de\\\/shop\"},{\"@type\":\"ListItem\",\"position\":3,\"name\":\"R\u00fcckenschonendes arbeiten in der Altenpflege\"}]},{\"@type\":\"WebSite\",\"@id\":\"https:\\\/\\\/www.gero.lu\\\/de\\\/#website\",\"url\":\"https:\\\/\\\/www.gero.lu\\\/de\\\/\",\"name\":\"Gero\",\"description\":\"Kompetenzzenter fir den Alter\",\"publisher\":{\"@id\":\"https:\\\/\\\/www.gero.lu\\\/de\\\/#organization\"},\"potentialAction\":[{\"@type\":\"SearchAction\",\"target\":{\"@type\":\"EntryPoint\",\"urlTemplate\":\"https:\\\/\\\/www.gero.lu\\\/de\\\/?s={search_term_string}\"},\"query-input\":{\"@type\":\"PropertyValueSpecification\",\"valueRequired\":true,\"valueName\":\"search_term_string\"}}],\"inLanguage\":\"de\"},{\"@type\":\"Organization\",\"@id\":\"https:\\\/\\\/www.gero.lu\\\/de\\\/#organization\",\"name\":\"Gero\",\"url\":\"https:\\\/\\\/www.gero.lu\\\/de\\\/\",\"logo\":{\"@type\":\"ImageObject\",\"inLanguage\":\"de\",\"@id\":\"https:\\\/\\\/www.gero.lu\\\/de\\\/#\\\/schema\\\/logo\\\/image\\\/\",\"url\":\"https:\\\/\\\/www.gero.lu\\\/wp-content\\\/uploads\\\/2024\\\/04\\\/logo.svg\",\"contentUrl\":\"https:\\\/\\\/www.gero.lu\\\/wp-content\\\/uploads\\\/2024\\\/04\\\/logo.svg\",\"width\":76,\"height\":30,\"caption\":\"Gero\"},\"image\":{\"@id\":\"https:\\\/\\\/www.gero.lu\\\/de\\\/#\\\/schema\\\/logo\\\/image\\\/\"},\"sameAs\":[\"https:\\\/\\\/www.facebook.com\\\/Kompetenzzenter\\\/\",\"https:\\\/\\\/www.instagram.com\\\/gero.kompetenzzenter\\\/\",\"https:\\\/\\\/linkedin.com\\\/company\\\/gero-kompetenzzenter-fir-den-alter\",\"https:\\\/\\\/www.youtube.com\\\/channel\\\/UCJvmJYSeHh3dYQsLHZupj-Q\"]}]}<\/script>\n<!-- \/ Yoast SEO Premium plugin. -->","yoast_head_json":{"title":"R\u00fcckenschonendes arbeiten in der Altenpflege - GERO","robots":{"index":"index","follow":"follow","max-snippet":"max-snippet:-1","max-image-preview":"max-image-preview:large","max-video-preview":"max-video-preview:-1"},"canonical":"https:\/\/www.gero.lu\/de\/produit\/ruckenschonendes-arbeiten-in-der-altenpflege","og_locale":"de_DE","og_type":"article","og_title":"R\u00fcckenschonendes arbeiten in der Altenpflege","og_description":"Gesund bewegen \u2013 kraftsparend pflegen \u2013 langfristig gesund bleiben R\u00fcckenschonendes Arbeiten bedeutet, Ihre eigenen Ressourcen sowie technische Hilfsmittel bewusst einzusetzen, um k\u00f6rperliche Belastungen zu reduzieren und Ihre Gesundheit langfristig zu sch\u00fctzen. In diesem Kurs lernen Sie, eine ergonomische K\u00f6rperhaltung einzunehmen, Ihre Kraft effizient zu nutzen und im Team zu arbeiten, um belastende T\u00e4tigkeiten wie Umlagern [&hellip;]","og_url":"https:\/\/www.gero.lu\/de\/produit\/ruckenschonendes-arbeiten-in-der-altenpflege","og_site_name":"GERO","article_publisher":"https:\/\/www.facebook.com\/Kompetenzzenter\/","og_image":[{"width":1227,"height":802,"url":"https:\/\/www.gero.lu\/wp-content\/uploads\/2021\/08\/gettyimages-1135289130-2048x2048_RET-1.jpg","type":"image\/jpeg"}],"twitter_card":"summary_large_image","twitter_misc":{"Gesch\u00e4tzte Lesezeit":"1\u00a0Minute"},"schema":{"@context":"https:\/\/schema.org","@graph":[{"@type":"WebPage","@id":"https:\/\/www.gero.lu\/de\/produit\/ruckenschonendes-arbeiten-in-der-altenpflege","url":"https:\/\/www.gero.lu\/de\/produit\/ruckenschonendes-arbeiten-in-der-altenpflege","name":"R\u00fcckenschonendes arbeiten in der Altenpflege - GERO","isPartOf":{"@id":"https:\/\/www.gero.lu\/de\/#website"},"datePublished":"2026-04-22T13:30:08+00:00","breadcrumb":{"@id":"https:\/\/www.gero.lu\/de\/produit\/ruckenschonendes-arbeiten-in-der-altenpflege#breadcrumb"},"inLanguage":"de","potentialAction":[{"@type":"ReadAction","target":[["https:\/\/www.gero.lu\/de\/produit\/ruckenschonendes-arbeiten-in-der-altenpflege"]]}]},{"@type":"BreadcrumbList","@id":"https:\/\/www.gero.lu\/de\/produit\/ruckenschonendes-arbeiten-in-der-altenpflege#breadcrumb","itemListElement":[{"@type":"ListItem","position":1,"name":"Accueil","item":"https:\/\/www.gero.lu\/de\/"},{"@type":"ListItem","position":2,"name":"Shop","item":"https:\/\/www.gero.lu\/de\/shop"},{"@type":"ListItem","position":3,"name":"R\u00fcckenschonendes arbeiten in der Altenpflege"}]},{"@type":"WebSite","@id":"https:\/\/www.gero.lu\/de\/#website","url":"https:\/\/www.gero.lu\/de\/","name":"Gero","description":"Kompetenzzenter fir den Alter","publisher":{"@id":"https:\/\/www.gero.lu\/de\/#organization"},"potentialAction":[{"@type":"SearchAction","target":{"@type":"EntryPoint","urlTemplate":"https:\/\/www.gero.lu\/de\/?s={search_term_string}"},"query-input":{"@type":"PropertyValueSpecification","valueRequired":true,"valueName":"search_term_string"}}],"inLanguage":"de"},{"@type":"Organization","@id":"https:\/\/www.gero.lu\/de\/#organization","name":"Gero","url":"https:\/\/www.gero.lu\/de\/","logo":{"@type":"ImageObject","inLanguage":"de","@id":"https:\/\/www.gero.lu\/de\/#\/schema\/logo\/image\/","url":"https:\/\/www.gero.lu\/wp-content\/uploads\/2024\/04\/logo.svg","contentUrl":"https:\/\/www.gero.lu\/wp-content\/uploads\/2024\/04\/logo.svg","width":76,"height":30,"caption":"Gero"},"image":{"@id":"https:\/\/www.gero.lu\/de\/#\/schema\/logo\/image\/"},"sameAs":["https:\/\/www.facebook.com\/Kompetenzzenter\/","https:\/\/www.instagram.com\/gero.kompetenzzenter\/","https:\/\/linkedin.com\/company\/gero-kompetenzzenter-fir-den-alter","https:\/\/www.youtube.com\/channel\/UCJvmJYSeHh3dYQsLHZupj-Q"]}]}},"_links":{"self":[{"href":"https:\/\/www.gero.lu\/de\/wp-json\/wp\/v2\/product\/11248","targetHints":{"allow":["GET"]}}],"collection":[{"href":"https:\/\/www.gero.lu\/de\/wp-json\/wp\/v2\/product"}],"about":[{"href":"https:\/\/www.gero.lu\/de\/wp-json\/wp\/v2\/types\/product"}],"replies":[{"embeddable":true,"href":"https:\/\/www.gero.lu\/de\/wp-json\/wp\/v2\/comments?post=11248"}],"wp:attachment":[{"href":"https:\/\/www.gero.lu\/de\/wp-json\/wp\/v2\/media?parent=11248"}],"wp:term":[{"taxonomy":"product_brand","embeddable":true,"href":"https:\/\/www.gero.lu\/de\/wp-json\/wp\/v2\/product_brand?post=11248"},{"taxonomy":"product_cat","embeddable":true,"href":"https:\/\/www.gero.lu\/de\/wp-json\/wp\/v2\/product_cat?post=11248"},{"taxonomy":"product_tag","embeddable":true,"href":"https:\/\/www.gero.lu\/de\/wp-json\/wp\/v2\/product_tag?post=11248"}],"curies":[{"name":"wp","href":"https:\/\/api.w.org\/{rel}","templated":true}]}}